{"id":1065,"date":"2018-11-17T08:31:54","date_gmt":"2018-11-17T08:31:54","guid":{"rendered":"https:\/\/autobaak.nl\/?page_id=1065"},"modified":"2023-09-29T15:22:35","modified_gmt":"2023-09-29T13:22:35","slug":"alpha-romeo-lampen-ubersicht","status":"publish","type":"page","link":"https:\/\/autobaak.nl\/de\/alpha-romeo-lampen-ubersicht\/","title":{"rendered":"Alfa Romeo Gl\u00fchbirnen \u00dcbersicht"},"content":{"rendered":"<p class=\"entry-title main_title\">Sie suchen nach Gl\u00fchbirnen f\u00fcr Ihren Alfa Romeo? Sind Ihre Scheinwerfer oder R\u00fcckleuchten kaputt und m\u00fcssen ersetzt werden? In der<strong> Alfa Romeo-Gl\u00fchbirnen im \u00dcberblick<\/strong>\u00a0Nachstehend finden Sie die Gl\u00fchbirnen, die Sie f\u00fcr Abblendlicht, Fernlicht, Nebelscheinwerfer, Blinker, Standlicht usw. ben\u00f6tigen.<\/p>\n<p class=\"entry-title main_title\"><a href=\"https:\/\/autobaak.nl\/de\/produktkategorie\/fahrzeugleuchten\/\"><img loading=\"lazy\" decoding=\"async\" class=\"aligncenter wp-image-156730 size-full\" src=\"https:\/\/autobaak.nl\/wp-content\/uploads\/2023\/09\/Lampen-shop_Autobaak.nl_LargeLeaderboard_139-1.png\" alt=\"\" width=\"970\" height=\"90\" srcset=\"https:\/\/autobaak.nl\/wp-content\/uploads\/2023\/09\/Lampen-shop_Autobaak.nl_LargeLeaderboard_139-1.png 970w, https:\/\/autobaak.nl\/wp-content\/uploads\/2023\/09\/Lampen-shop_Autobaak.nl_LargeLeaderboard_139-1-480x45.png 480w\" sizes=\"(min-width: 0px) and (max-width: 480px) 480px, (min-width: 481px) 970px, 100vw\" \/><\/a><\/p>\n<h2 class=\"entry-title main_title\">Welche Autozwiebeln Alfa Romeo<\/h2>\n<p class=\"entry-title main_title\">Heutzutage werden am h\u00e4ufigsten H4- und H7-Gl\u00fchbirnen verwendet. Bei den neueren Modellen werden auch h\u00e4ufig LED-Leuchten verwendet. Hinter den Modellen ist in Klammern das Herstellungsjahr des Modells angegeben; dies ist das Jahr der Einf\u00fchrung dieses Modells. Nutzen Sie die Suchfunktion oben in der Alfa Romeo Autolampen-\u00dcbersicht, um Ihr Modell schnell zu finden.<\/p>\n<div id=\"tablepress-2-scroll-wrapper\" class=\"tablepress-scroll-wrapper\">\n\n<table id=\"tablepress-2\" class=\"tablepress tablepress-id-2 tablepress-responsive\">\n<thead>\n<tr class=\"row-1 odd\">\n\t<th class=\"column-1\">Modell<\/th><th class=\"column-2\">Abblendlicht<\/th><th class=\"column-3\">Fernlicht<\/th><th class=\"column-4\">Nebelscheinwerfer<\/th><th class=\"column-5\">Blinkendes Licht<\/th><th class=\"column-6\">Seitliche Blinkleuchte<\/th><th class=\"column-7\">Nebelschlussleuchte<\/th><th class=\"column-8\">Parklicht<\/th><th class=\"column-9\">Fahrlicht<\/th>\n<\/tr>\n<\/thead>\n<tbody class=\"row-hover\">\n<tr class=\"row-2 even\">\n\t<td class=\"column-1\">Alfa Romeo 147<\/td><td class=\"column-2\">H7<\/td><td class=\"column-3\">H7<\/td><td class=\"column-4\">H1<\/td><td class=\"column-5\">P21W \/ PY21W<\/td><td class=\"column-6\">W5W<\/td><td class=\"column-7\">P21W<\/td><td class=\"column-8\">P21W<\/td><td class=\"column-9\">W5W<\/td>\n<\/tr>\n<tr class=\"row-3 odd\">\n\t<td class=\"column-1\">Alfa Romeo 156<\/td><td class=\"column-2\">H7<\/td><td class=\"column-3\">H1<\/td><td class=\"column-4\">H1<\/td><td class=\"column-5\">P21W \/ PY21W<\/td><td class=\"column-6\">W5W<\/td><td class=\"column-7\">P21W<\/td><td class=\"column-8\">P21W<\/td><td class=\"column-9\">W5W<\/td>\n<\/tr>\n<tr class=\"row-4 even\">\n\t<td class=\"column-1\">Alfa Romeo 156 XENON<\/td><td class=\"column-2\">D2S<\/td><td class=\"column-3\">H1<\/td><td class=\"column-4\">H1<\/td><td class=\"column-5\">P21W \/ PY21W<\/td><td class=\"column-6\">W5W<\/td><td class=\"column-7\">P21W<\/td><td class=\"column-8\">P21W<\/td><td class=\"column-9\">W5W<\/td>\n<\/tr>\n<tr class=\"row-5 odd\">\n\t<td class=\"column-1\">Alfa Romeo 159<\/td><td class=\"column-2\">H7<\/td><td class=\"column-3\">H1<\/td><td class=\"column-4\">H1<\/td><td class=\"column-5\">P21W \/ PY21W<\/td><td class=\"column-6\">W5W<\/td><td class=\"column-7\">P21W<\/td><td class=\"column-8\">P21W<\/td><td class=\"column-9\">W5W<\/td>\n<\/tr>\n<tr class=\"row-6 even\">\n\t<td class=\"column-1\">Alfa Romeo 159 XENON<\/td><td class=\"column-2\">D2S<\/td><td class=\"column-3\">H1<\/td><td class=\"column-4\">H1<\/td><td class=\"column-5\">P21W \/ PY21W<\/td><td class=\"column-6\">W5W<\/td><td class=\"column-7\">P21W<\/td><td class=\"column-8\">P21W<\/td><td class=\"column-9\">W5W<\/td>\n<\/tr>\n<tr class=\"row-7 odd\">\n\t<td class=\"column-1\">Alfa Romeo 164 (94)<\/td><td class=\"column-2\">H1<\/td><td class=\"column-3\">H1<\/td><td class=\"column-4\">H3<\/td><td class=\"column-5\">PY21W \/ PY21W<\/td><td class=\"column-6\"><\/td><td class=\"column-7\">P21W<\/td><td class=\"column-8\">P21W<\/td><td class=\"column-9\">R10W<\/td>\n<\/tr>\n<tr class=\"row-8 even\">\n\t<td class=\"column-1\">Alfa Romeo 166<\/td><td class=\"column-2\">H7<\/td><td class=\"column-3\">HB3<\/td><td class=\"column-4\">H3<\/td><td class=\"column-5\">PY21W \/ PY21W<\/td><td class=\"column-6\">WY5W<\/td><td class=\"column-7\">P21W<\/td><td class=\"column-8\">P21W<\/td><td class=\"column-9\">W5W<\/td>\n<\/tr>\n<tr class=\"row-9 odd\">\n\t<td class=\"column-1\">Alfa Romeo 166 XENON<\/td><td class=\"column-2\">D2S<\/td><td class=\"column-3\">HB3<\/td><td class=\"column-4\">H3<\/td><td class=\"column-5\">PY21W \/ PY21W<\/td><td class=\"column-6\">WY5W<\/td><td class=\"column-7\">P21W<\/td><td class=\"column-8\">P21W<\/td><td class=\"column-9\">W5W<\/td>\n<\/tr>\n<tr class=\"row-10 even\">\n\t<td class=\"column-1\">Alfa Romeo Brera <\/td><td class=\"column-2\">H7<\/td><td class=\"column-3\">H1<\/td><td class=\"column-4\">H1<\/td><td class=\"column-5\">PY21W \/ PY21W<\/td><td class=\"column-6\">W5W<\/td><td class=\"column-7\">P21W<\/td><td class=\"column-8\">P21W<\/td><td class=\"column-9\">W5W<\/td>\n<\/tr>\n<tr class=\"row-11 odd\">\n\t<td class=\"column-1\">Alfa Romeo Brera XENON<\/td><td class=\"column-2\">D1S<\/td><td class=\"column-3\">D1S<\/td><td class=\"column-4\">H1<\/td><td class=\"column-5\">PY21W \/ PY21W<\/td><td class=\"column-6\">W5W<\/td><td class=\"column-7\">P21W<\/td><td class=\"column-8\">P21W<\/td><td class=\"column-9\">W5W<\/td>\n<\/tr>\n<tr class=\"row-12 even\">\n\t<td class=\"column-1\">Alfa Romeo CROSSWAGON Q4<\/td><td class=\"column-2\">H1<\/td><td class=\"column-3\">H1<\/td><td class=\"column-4\">H1<\/td><td class=\"column-5\">P21W \/ PY21W<\/td><td class=\"column-6\"><\/td><td class=\"column-7\">P21W<\/td><td class=\"column-8\">P21W<\/td><td class=\"column-9\">W5W<\/td>\n<\/tr>\n<tr class=\"row-13 odd\">\n\t<td class=\"column-1\">Alfa Romeo Giulietta<\/td><td class=\"column-2\">H7<\/td><td class=\"column-3\">H1<\/td><td class=\"column-4\">H3<\/td><td class=\"column-5\">R10W<\/td><td class=\"column-6\">LED<\/td><td class=\"column-7\">H21W<\/td><td class=\"column-8\">P21W<\/td><td class=\"column-9\">W5W<\/td>\n<\/tr>\n<tr class=\"row-14 even\">\n\t<td class=\"column-1\">Alfa Romeo GT<\/td><td class=\"column-2\">H7<\/td><td class=\"column-3\">H1<\/td><td class=\"column-4\"><\/td><td class=\"column-5\">H21W \/ H21W<\/td><td class=\"column-6\">LED<\/td><td class=\"column-7\">H21W<\/td><td class=\"column-8\">H21W<\/td><td class=\"column-9\">W5W<\/td>\n<\/tr>\n<tr class=\"row-15 odd\">\n\t<td class=\"column-1\">Alfa Romeo GT XENON<\/td><td class=\"column-2\">D2S<\/td><td class=\"column-3\">H1<\/td><td class=\"column-4\"><\/td><td class=\"column-5\">H21W \/ H21W<\/td><td class=\"column-6\">LED<\/td><td class=\"column-7\">H21W<\/td><td class=\"column-8\">H21W<\/td><td class=\"column-9\">W5W<\/td>\n<\/tr>\n<tr class=\"row-16 even\">\n\t<td class=\"column-1\">Alfa Romeo Mito<\/td><td class=\"column-2\">H7<\/td><td class=\"column-3\">H1<\/td><td class=\"column-4\">H1<\/td><td class=\"column-5\">WY21W \/ LED<\/td><td class=\"column-6\">LED<\/td><td class=\"column-7\">P21W<\/td><td class=\"column-8\">P21W<\/td><td class=\"column-9\">W5W<\/td>\n<\/tr>\n<tr class=\"row-17 odd\">\n\t<td class=\"column-1\">Alfa Romeo Mito XENON<\/td><td class=\"column-2\">D1S<\/td><td class=\"column-3\">D1S<\/td><td class=\"column-4\">H1<\/td><td class=\"column-5\">WY21W \/ LED<\/td><td class=\"column-6\">LED<\/td><td class=\"column-7\">P21W<\/td><td class=\"column-8\">P21W<\/td><td class=\"column-9\">W5W<\/td>\n<\/tr>\n<tr class=\"row-18 even\">\n\t<td class=\"column-1\">Alfa Romeo Spider (94)<\/td><td class=\"column-2\">HB3<\/td><td class=\"column-3\">HB3<\/td><td class=\"column-4\">H3<\/td><td class=\"column-5\">P21W \/ PY21W<\/td><td class=\"column-6\">WY5W<\/td><td class=\"column-7\">P21W<\/td><td class=\"column-8\">P21W<\/td><td class=\"column-9\">W5W<\/td>\n<\/tr>\n<tr class=\"row-19 odd\">\n\t<td class=\"column-1\">Alfa Romeo Spider (06) <\/td><td class=\"column-2\">H7<\/td><td class=\"column-3\">H1<\/td><td class=\"column-4\">H1<\/td><td class=\"column-5\">PY21W \/ WY5W<\/td><td class=\"column-6\"><\/td><td class=\"column-7\">P21W<\/td><td class=\"column-8\">P21W<\/td><td class=\"column-9\">W5W<\/td>\n<\/tr>\n<tr class=\"row-20 even\">\n\t<td class=\"column-1\">Alfa Romeo Spider (06) <\/td><td class=\"column-2\">D1S<\/td><td class=\"column-3\">D1S<\/td><td class=\"column-4\">H1<\/td><td class=\"column-5\">PY21W \/ WY5W<\/td><td class=\"column-6\"><\/td><td class=\"column-7\">P21W<\/td><td class=\"column-8\">P21W<\/td><td class=\"column-9\">W5W<\/td>\n<\/tr>\n<\/tbody>\n<\/table>\n\n<\/div><!-- #tablepress-2 from cache -->\n<p>M\u00f6chten Sie mehr \u00fcber Alfa Romeo und wartungsbezogene Themen wie Reifendruck, Zahnriemen-\/Kettenintervalle und Motor\u00f6l lesen? Dann lesen Sie mehr auf unserer <a href=\"https:\/\/autobaak.nl\/de\/alpha-romeo-home\/\">Alfa Romeo<\/a>\u00a0Seite. F\u00fcr weitere Informationen \u00fcber Autolampen und die Unterschiede, lesen Sie bitte weiter auf unserer allgemeinen\u00a0<a href=\"https:\/\/autobaak.nl\/de\/autogluhbirnen-prufen-sie-welche-gluhbirne-in-ihrem-auto-ist\/\">Fahrzeugleuchten<\/a>\u00a0Seite.<\/p>\n<p>&nbsp;<\/p>","protected":false},"excerpt":{"rendered":"<p>Sie suchen nach Gl\u00fchbirnen f\u00fcr Ihren Alfa Romeo? Sind Ihre Scheinwerfer oder R\u00fcckleuchten kaputt und m\u00fcssen ersetzt werden? In der untenstehenden \u00dcbersicht der Alfa Romeo Gl\u00fchbirnen finden Sie die Gl\u00fchbirnen, die Sie f\u00fcr Abblendlicht, Fernlicht, Nebelscheinwerfer, Blinker, Standlicht usw. ben\u00f6tigen. Welche Autogl\u00fchbirnen Alfa Romeo Heutzutage sind die am h\u00e4ufigsten verwendeten Lampen die H4 und H7<\/p>","protected":false},"author":1,"featured_media":0,"parent":0,"menu_order":0,"comment_status":"closed","ping_status":"closed","template":"","meta":{"_et_pb_use_builder":"","_et_pb_old_content":"","_et_gb_content_width":"","footnotes":""},"class_list":["post-1065","page","type-page","status-publish","hentry"],"yoast_head":"<!-- This site is optimized with the Yoast SEO plugin v27.4 - https:\/\/yoast.com\/product\/yoast-seo-wordpress\/ -->\n<title>Alfa Romeo Lampen overzicht - Bekijk welke lampen jouw auto nodig heeft<\/title>\n<meta name=\"description\" content=\"Alfa Romeo overzichtspagina. Alle lampen o.a. dimlicht, grootlicht, mistlicht, knipperlichten en parkeerlampen.o.a. 147, 159 Mito etc. (H4\/H7)\" \/>\n<meta name=\"robots\" content=\"index, follow, max-snippet:-1, max-image-preview:large, max-video-preview:-1\" \/>\n<link rel=\"canonical\" href=\"https:\/\/autobaak.nl\/de\/alpha-romeo-lampen-ubersicht\/\" \/>\n<meta property=\"og:locale\" content=\"de_DE\" \/>\n<meta property=\"og:type\" content=\"article\" \/>\n<meta property=\"og:title\" content=\"Alfa Romeo Lampen overzicht - Bekijk welke lampen jouw auto nodig heeft\" \/>\n<meta property=\"og:description\" content=\"Alfa Romeo overzichtspagina. Alle lampen o.a. dimlicht, grootlicht, mistlicht, knipperlichten en parkeerlampen.o.a. 147, 159 Mito etc. (H4\/H7)\" \/>\n<meta property=\"og:url\" content=\"https:\/\/autobaak.nl\/de\/alpha-romeo-lampen-ubersicht\/\" \/>\n<meta property=\"og:site_name\" content=\"Autobaak.nl\" \/>\n<meta property=\"article:modified_time\" content=\"2023-09-29T13:22:35+00:00\" \/>\n<meta property=\"og:image\" content=\"https:\/\/autobaak.nl\/wp-content\/uploads\/2023\/09\/Lampen-shop_Autobaak.nl_LargeLeaderboard_139-1.png\" \/>\n<meta name=\"twitter:card\" content=\"summary_large_image\" \/>\n<meta name=\"twitter:label1\" content=\"Gesch\u00e4tzte Lesezeit\" \/>\n\t<meta name=\"twitter:data1\" content=\"1\u00a0Minute\" \/>\n<script type=\"application\/ld+json\" class=\"yoast-schema-graph\">{\"@context\":\"https:\\\/\\\/schema.org\",\"@graph\":[{\"@type\":\"WebPage\",\"@id\":\"https:\\\/\\\/autobaak.nl\\\/alfa-romeo-lampen-overzicht\\\/\",\"url\":\"https:\\\/\\\/autobaak.nl\\\/alfa-romeo-lampen-overzicht\\\/\",\"name\":\"Alfa Romeo Lampen overzicht - Bekijk welke lampen jouw auto nodig heeft\",\"isPartOf\":{\"@id\":\"https:\\\/\\\/autobaak.nl\\\/#website\"},\"primaryImageOfPage\":{\"@id\":\"https:\\\/\\\/autobaak.nl\\\/alfa-romeo-lampen-overzicht\\\/#primaryimage\"},\"image\":{\"@id\":\"https:\\\/\\\/autobaak.nl\\\/alfa-romeo-lampen-overzicht\\\/#primaryimage\"},\"thumbnailUrl\":\"https:\\\/\\\/autobaak.nl\\\/wp-content\\\/uploads\\\/2023\\\/09\\\/Lampen-shop_Autobaak.nl_LargeLeaderboard_139-1.png\",\"datePublished\":\"2018-11-17T08:31:54+00:00\",\"dateModified\":\"2023-09-29T13:22:35+00:00\",\"description\":\"Alfa Romeo overzichtspagina. Alle lampen o.a. dimlicht, grootlicht, mistlicht, knipperlichten en parkeerlampen.o.a. 147, 159 Mito etc. (H4\\\/H7)\",\"breadcrumb\":{\"@id\":\"https:\\\/\\\/autobaak.nl\\\/alfa-romeo-lampen-overzicht\\\/#breadcrumb\"},\"inLanguage\":\"de\",\"potentialAction\":[{\"@type\":\"ReadAction\",\"target\":[\"https:\\\/\\\/autobaak.nl\\\/alfa-romeo-lampen-overzicht\\\/\"]}]},{\"@type\":\"ImageObject\",\"inLanguage\":\"de\",\"@id\":\"https:\\\/\\\/autobaak.nl\\\/alfa-romeo-lampen-overzicht\\\/#primaryimage\",\"url\":\"https:\\\/\\\/autobaak.nl\\\/wp-content\\\/uploads\\\/2023\\\/09\\\/Lampen-shop_Autobaak.nl_LargeLeaderboard_139-1.png\",\"contentUrl\":\"https:\\\/\\\/autobaak.nl\\\/wp-content\\\/uploads\\\/2023\\\/09\\\/Lampen-shop_Autobaak.nl_LargeLeaderboard_139-1.png\"},{\"@type\":\"BreadcrumbList\",\"@id\":\"https:\\\/\\\/autobaak.nl\\\/alfa-romeo-lampen-overzicht\\\/#breadcrumb\",\"itemListElement\":[{\"@type\":\"ListItem\",\"position\":1,\"name\":\"Home\",\"item\":\"https:\\\/\\\/autobaak.nl\\\/\"},{\"@type\":\"ListItem\",\"position\":2,\"name\":\"Alfa Romeo Lampen overzicht\"}]},{\"@type\":\"WebSite\",\"@id\":\"https:\\\/\\\/autobaak.nl\\\/#website\",\"url\":\"https:\\\/\\\/autobaak.nl\\\/\",\"name\":\"Autobaak.nl\",\"description\":\"Cars &amp; Racing\",\"potentialAction\":[{\"@type\":\"SearchAction\",\"target\":{\"@type\":\"EntryPoint\",\"urlTemplate\":\"https:\\\/\\\/autobaak.nl\\\/?s={search_term_string}\"},\"query-input\":{\"@type\":\"PropertyValueSpecification\",\"valueRequired\":true,\"valueName\":\"search_term_string\"}}],\"inLanguage\":\"de\"}]}<\/script>\n<!-- \/ Yoast SEO plugin. -->","yoast_head_json":{"title":"Alfa Romeo Gl\u00fchbirnen \u00dcbersicht - Pr\u00fcfen Sie, welche Gl\u00fchbirnen Ihr Auto braucht","description":"Alfa Romeo \u00dcbersichtsseite. Alle Gl\u00fchbirnen einschlie\u00dflich Abblendlicht, Fernlicht, Nebelscheinwerfer, Blinker und Standlicht. 147, 159 Mito etc. (H4\/H7)","robots":{"index":"index","follow":"follow","max-snippet":"max-snippet:-1","max-image-preview":"max-image-preview:large","max-video-preview":"max-video-preview:-1"},"canonical":"https:\/\/autobaak.nl\/de\/alpha-romeo-lampen-ubersicht\/","og_locale":"de_DE","og_type":"article","og_title":"Alfa Romeo Lampen overzicht - Bekijk welke lampen jouw auto nodig heeft","og_description":"Alfa Romeo overzichtspagina. Alle lampen o.a. dimlicht, grootlicht, mistlicht, knipperlichten en parkeerlampen.o.a. 147, 159 Mito etc. (H4\/H7)","og_url":"https:\/\/autobaak.nl\/de\/alpha-romeo-lampen-ubersicht\/","og_site_name":"Autobaak.nl","article_modified_time":"2023-09-29T13:22:35+00:00","og_image":[{"url":"https:\/\/autobaak.nl\/wp-content\/uploads\/2023\/09\/Lampen-shop_Autobaak.nl_LargeLeaderboard_139-1.png","type":"","width":"","height":""}],"twitter_card":"summary_large_image","twitter_misc":{"Gesch\u00e4tzte Lesezeit":"1\u00a0Minute"},"schema":{"@context":"https:\/\/schema.org","@graph":[{"@type":"WebPage","@id":"https:\/\/autobaak.nl\/alfa-romeo-lampen-overzicht\/","url":"https:\/\/autobaak.nl\/alfa-romeo-lampen-overzicht\/","name":"Alfa Romeo Gl\u00fchbirnen \u00dcbersicht - Pr\u00fcfen Sie, welche Gl\u00fchbirnen Ihr Auto braucht","isPartOf":{"@id":"https:\/\/autobaak.nl\/#website"},"primaryImageOfPage":{"@id":"https:\/\/autobaak.nl\/alfa-romeo-lampen-overzicht\/#primaryimage"},"image":{"@id":"https:\/\/autobaak.nl\/alfa-romeo-lampen-overzicht\/#primaryimage"},"thumbnailUrl":"https:\/\/autobaak.nl\/wp-content\/uploads\/2023\/09\/Lampen-shop_Autobaak.nl_LargeLeaderboard_139-1.png","datePublished":"2018-11-17T08:31:54+00:00","dateModified":"2023-09-29T13:22:35+00:00","description":"Alfa Romeo \u00dcbersichtsseite. Alle Gl\u00fchbirnen einschlie\u00dflich Abblendlicht, Fernlicht, Nebelscheinwerfer, Blinker und Standlicht. 147, 159 Mito etc. (H4\/H7)","breadcrumb":{"@id":"https:\/\/autobaak.nl\/alfa-romeo-lampen-overzicht\/#breadcrumb"},"inLanguage":"de","potentialAction":[{"@type":"ReadAction","target":["https:\/\/autobaak.nl\/alfa-romeo-lampen-overzicht\/"]}]},{"@type":"ImageObject","inLanguage":"de","@id":"https:\/\/autobaak.nl\/alfa-romeo-lampen-overzicht\/#primaryimage","url":"https:\/\/autobaak.nl\/wp-content\/uploads\/2023\/09\/Lampen-shop_Autobaak.nl_LargeLeaderboard_139-1.png","contentUrl":"https:\/\/autobaak.nl\/wp-content\/uploads\/2023\/09\/Lampen-shop_Autobaak.nl_LargeLeaderboard_139-1.png"},{"@type":"BreadcrumbList","@id":"https:\/\/autobaak.nl\/alfa-romeo-lampen-overzicht\/#breadcrumb","itemListElement":[{"@type":"ListItem","position":1,"name":"Home","item":"https:\/\/autobaak.nl\/"},{"@type":"ListItem","position":2,"name":"Alfa Romeo Lampen overzicht"}]},{"@type":"WebSite","@id":"https:\/\/autobaak.nl\/#website","url":"https:\/\/autobaak.nl\/","name":"Autobook.de","description":"Autos &amp; Rennsport","potentialAction":[{"@type":"SearchAction","target":{"@type":"EntryPoint","urlTemplate":"https:\/\/autobaak.nl\/?s={search_term_string}"},"query-input":{"@type":"PropertyValueSpecification","valueRequired":true,"valueName":"search_term_string"}}],"inLanguage":"de"}]}},"_links":{"self":[{"href":"https:\/\/autobaak.nl\/de\/wp-json\/wp\/v2\/pages\/1065","targetHints":{"allow":["GET"]}}],"collection":[{"href":"https:\/\/autobaak.nl\/de\/wp-json\/wp\/v2\/pages"}],"about":[{"href":"https:\/\/autobaak.nl\/de\/wp-json\/wp\/v2\/types\/page"}],"author":[{"embeddable":true,"href":"https:\/\/autobaak.nl\/de\/wp-json\/wp\/v2\/users\/1"}],"replies":[{"embeddable":true,"href":"https:\/\/autobaak.nl\/de\/wp-json\/wp\/v2\/comments?post=1065"}],"version-history":[{"count":3,"href":"https:\/\/autobaak.nl\/de\/wp-json\/wp\/v2\/pages\/1065\/revisions"}],"predecessor-version":[{"id":156771,"href":"https:\/\/autobaak.nl\/de\/wp-json\/wp\/v2\/pages\/1065\/revisions\/156771"}],"wp:attachment":[{"href":"https:\/\/autobaak.nl\/de\/wp-json\/wp\/v2\/media?parent=1065"}],"curies":[{"name":"wp","href":"https:\/\/api.w.org\/{rel}","templated":true}]}}