{"id":1127,"date":"2018-11-22T14:48:56","date_gmt":"2018-11-22T14:48:56","guid":{"rendered":"https:\/\/autobaak.nl\/?page_id=1127"},"modified":"2023-09-29T15:32:28","modified_gmt":"2023-09-29T13:32:28","slug":"nissan-lampen-ubersicht","status":"publish","type":"page","link":"https:\/\/autobaak.nl\/de\/nissan-lampen-ubersicht\/","title":{"rendered":"Nissan Gl\u00fchbirne \u00dcbersicht"},"content":{"rendered":"<p class=\"entry-title main_title\">Sie suchen nach Gl\u00fchbirnen f\u00fcr Ihren Nissan? Sind Ihre Scheinwerfer oder R\u00fccklichter kaputt und m\u00fcssen ersetzt werden? In der<strong> Autogl\u00fchbirnen Nissan \u00dcbersicht<\/strong>\u00a0Nachstehend finden Sie die Gl\u00fchbirnen, die Sie f\u00fcr Abblendlicht, Fernlicht, Nebelscheinwerfer, Blinker, Standlicht usw. ben\u00f6tigen.<\/p>\n<h2 class=\"entry-title main_title\">Welche Autozwiebeln Nissan<\/h2>\n<p class=\"entry-title main_title\">Heutzutage werden am h\u00e4ufigsten H4- und H7-Gl\u00fchbirnen verwendet. Bei den neueren Modellen werden auch h\u00e4ufig LED-Leuchten verwendet. Hinter den Modellen ist in Klammern das Herstellungsjahr des Modells angegeben; dies ist das Jahr der Einf\u00fchrung dieses Modells. Benutzen Sie die Suchfunktion oben auf der Seite f\u00fcr Autogl\u00fchbirnen Nissan, um Ihr Fahrzeugmodell schnell zu finden.<\/p>\n<p><a href=\"https:\/\/autobaak.nl\/de\/produktkategorie\/fahrzeugleuchten\/\"><img loading=\"lazy\" decoding=\"async\" class=\"aligncenter size-full wp-image-156730\" src=\"https:\/\/autobaak.nl\/wp-content\/uploads\/2023\/09\/Lampen-shop_Autobaak.nl_LargeLeaderboard_139-1.png\" alt=\"\" width=\"970\" height=\"90\" srcset=\"https:\/\/autobaak.nl\/wp-content\/uploads\/2023\/09\/Lampen-shop_Autobaak.nl_LargeLeaderboard_139-1.png 970w, https:\/\/autobaak.nl\/wp-content\/uploads\/2023\/09\/Lampen-shop_Autobaak.nl_LargeLeaderboard_139-1-480x45.png 480w\" sizes=\"(min-width: 0px) and (max-width: 480px) 480px, (min-width: 481px) 970px, 100vw\" \/><\/a><\/p>\n<div id=\"tablepress-8-scroll-wrapper\" class=\"tablepress-scroll-wrapper\">\n\n<table id=\"tablepress-8\" class=\"tablepress tablepress-id-8 tablepress-responsive\">\n<thead>\n<tr class=\"row-1 odd\">\n\t<th class=\"column-1\">Modell<\/th><th class=\"column-2\">Abblendlicht<\/th><th class=\"column-3\">Fernlicht<\/th><th class=\"column-4\">Nebelscheinwerfer<\/th><th class=\"column-5\">Blinkendes Licht<\/th><th class=\"column-6\">Bremslicht<\/th><th class=\"column-7\">R\u00fccklicht<\/th><th class=\"column-8\">Nebelschlussleuchte<\/th><th class=\"column-9\">Parklicht<\/th>\n<\/tr>\n<\/thead>\n<tbody class=\"row-hover\">\n<tr class=\"row-2 even\">\n\t<td class=\"column-1\">Nissan 350 Z (02)<\/td><td class=\"column-2\">D2R<\/td><td class=\"column-3\">H7<\/td><td class=\"column-4\"><\/td><td class=\"column-5\">PY21W \/ PY21W<\/td><td class=\"column-6\">P21 \/ 5W<\/td><td class=\"column-7\">P21 \/ 5W<\/td><td class=\"column-8\">P21W<\/td><td class=\"column-9\">P21W<\/td>\n<\/tr>\n<tr class=\"row-3 odd\">\n\t<td class=\"column-1\">Nissan 370 XENON<\/td><td class=\"column-2\">D2S<\/td><td class=\"column-3\">D2S<\/td><td class=\"column-4\"><\/td><td class=\"column-5\">WY21W \/ LED<\/td><td class=\"column-6\">LED<\/td><td class=\"column-7\">LED<\/td><td class=\"column-8\">W21W<\/td><td class=\"column-9\">W16W<\/td>\n<\/tr>\n<tr class=\"row-4 even\">\n\t<td class=\"column-1\">Nissan Almera (00)<\/td><td class=\"column-2\">H7<\/td><td class=\"column-3\">H1<\/td><td class=\"column-4\">H11<\/td><td class=\"column-5\">PY21W \/ P21W<\/td><td class=\"column-6\">P21 \/ 5W<\/td><td class=\"column-7\">P21 \/ 5W<\/td><td class=\"column-8\">P21W<\/td><td class=\"column-9\">P21W<\/td>\n<\/tr>\n<tr class=\"row-5 odd\">\n\t<td class=\"column-1\">Nissan Tino (00)<\/td><td class=\"column-2\">H7<\/td><td class=\"column-3\">H7<\/td><td class=\"column-4\">HB4<\/td><td class=\"column-5\">PY21W \/ W21W<\/td><td class=\"column-6\">P21 \/ 5W<\/td><td class=\"column-7\">P21 \/ 5W<\/td><td class=\"column-8\">P21W<\/td><td class=\"column-9\">P21W<\/td>\n<\/tr>\n<tr class=\"row-6 even\">\n\t<td class=\"column-1\">Nissan Cube (10)<\/td><td class=\"column-2\">H4<\/td><td class=\"column-3\">H4<\/td><td class=\"column-4\">H8<\/td><td class=\"column-5\">PY21W \/ PY21W<\/td><td class=\"column-6\">P21 \/ 5W<\/td><td class=\"column-7\">W21 \/ 5W<\/td><td class=\"column-8\">W21W<\/td><td class=\"column-9\">W16W<\/td>\n<\/tr>\n<tr class=\"row-7 odd\">\n\t<td class=\"column-1\">Nissan GT-R (08)<\/td><td class=\"column-2\">D2S<\/td><td class=\"column-3\">H9<\/td><td class=\"column-4\"><\/td><td class=\"column-5\">WY21W \/ WY21W<\/td><td class=\"column-6\">LED<\/td><td class=\"column-7\">LED<\/td><td class=\"column-8\">P21W<\/td><td class=\"column-9\">W16W<\/td>\n<\/tr>\n<tr class=\"row-8 even\">\n\t<td class=\"column-1\">Nissan Interstar (03)<\/td><td class=\"column-2\">H7<\/td><td class=\"column-3\">H1<\/td><td class=\"column-4\">H1<\/td><td class=\"column-5\">PY21W \/ P21W<\/td><td class=\"column-6\">P21 \/ 5W<\/td><td class=\"column-7\">P21 \/ 5W<\/td><td class=\"column-8\">P21W<\/td><td class=\"column-9\">P21W<\/td>\n<\/tr>\n<tr class=\"row-9 odd\">\n\t<td class=\"column-1\">Nissan Juke (10)<\/td><td class=\"column-2\">H4<\/td><td class=\"column-3\">H4<\/td><td class=\"column-4\">H8<\/td><td class=\"column-5\">PY21W \/ W21W<\/td><td class=\"column-6\">P21 \/ 5W<\/td><td class=\"column-7\">P21 \/ 5W<\/td><td class=\"column-8\">W16W<\/td><td class=\"column-9\">W16W<\/td>\n<\/tr>\n<tr class=\"row-10 even\">\n\t<td class=\"column-1\">Nissan Kubistar<\/td><td class=\"column-2\">H4<\/td><td class=\"column-3\">H4<\/td><td class=\"column-4\">H1<\/td><td class=\"column-5\">PY21W \/ W21W<\/td><td class=\"column-6\">P21 \/ 5W<\/td><td class=\"column-7\">P21 \/ 5W<\/td><td class=\"column-8\">P21W<\/td><td class=\"column-9\">P21W<\/td>\n<\/tr>\n<tr class=\"row-11 odd\">\n\t<td class=\"column-1\">Nissan Maxima (99)<\/td><td class=\"column-2\">HB4<\/td><td class=\"column-3\">HB3<\/td><td class=\"column-4\">H3<\/td><td class=\"column-5\">PY21W \/ PY21W<\/td><td class=\"column-6\">W21 \/ 5W<\/td><td class=\"column-7\">W21 \/ 5W<\/td><td class=\"column-8\">P21W<\/td><td class=\"column-9\">P21W<\/td>\n<\/tr>\n<tr class=\"row-12 even\">\n\t<td class=\"column-1\">Nissan Maxima (99) XENON<\/td><td class=\"column-2\">D2R<\/td><td class=\"column-3\">HB3<\/td><td class=\"column-4\">H3<\/td><td class=\"column-5\">PY21W \/ PY21W<\/td><td class=\"column-6\">W21 \/ 5W<\/td><td class=\"column-7\">W21 \/ 5W<\/td><td class=\"column-8\">P21W<\/td><td class=\"column-9\">P21W<\/td>\n<\/tr>\n<tr class=\"row-13 odd\">\n\t<td class=\"column-1\">Nissan Micra (03)<\/td><td class=\"column-2\">H4<\/td><td class=\"column-3\">H4<\/td><td class=\"column-4\">H3 \/ HB4<\/td><td class=\"column-5\">P21W \/ PY21W<\/td><td class=\"column-6\">P21 \/ 5W<\/td><td class=\"column-7\">P21 \/ 5W<\/td><td class=\"column-8\">P21W<\/td><td class=\"column-9\">P21W<\/td>\n<\/tr>\n<tr class=\"row-14 even\">\n\t<td class=\"column-1\">Nissan Micra (10)<\/td><td class=\"column-2\">H4<\/td><td class=\"column-3\">H4<\/td><td class=\"column-4\">H11<\/td><td class=\"column-5\">P21W \/ P21W<\/td><td class=\"column-6\">P21 \/ 5W<\/td><td class=\"column-7\">P21 \/ 5W<\/td><td class=\"column-8\">P21W<\/td><td class=\"column-9\">P21W<\/td>\n<\/tr>\n<tr class=\"row-15 odd\">\n\t<td class=\"column-1\">Nissan Murano (03) <\/td><td class=\"column-2\">D2R<\/td><td class=\"column-3\">D2R<\/td><td class=\"column-4\"><\/td><td class=\"column-5\">P21W \/ P21W<\/td><td class=\"column-6\">P21 \/ 5W <\/td><td class=\"column-7\">P21 \/ 5W <\/td><td class=\"column-8\">P21W<\/td><td class=\"column-9\">P21W<\/td>\n<\/tr>\n<tr class=\"row-16 even\">\n\t<td class=\"column-1\">Nissan Murano (07)<\/td><td class=\"column-2\">D2R<\/td><td class=\"column-3\">D2R<\/td><td class=\"column-4\">H8<\/td><td class=\"column-5\">WY21W \/ W21W<\/td><td class=\"column-6\"><\/td><td class=\"column-7\"><\/td><td class=\"column-8\">W21W<\/td><td class=\"column-9\">W16W<\/td>\n<\/tr>\n<tr class=\"row-17 odd\">\n\t<td class=\"column-1\">Nissan Navara<\/td><td class=\"column-2\">H4<\/td><td class=\"column-3\">H4<\/td><td class=\"column-4\">H11<\/td><td class=\"column-5\">PY21W \/ P21W<\/td><td class=\"column-6\">P21 \/ 5W<\/td><td class=\"column-7\">P21 \/ 5W<\/td><td class=\"column-8\">P21W<\/td><td class=\"column-9\">W16W<\/td>\n<\/tr>\n<tr class=\"row-18 even\">\n\t<td class=\"column-1\">Nissan Note (06)<\/td><td class=\"column-2\">H4<\/td><td class=\"column-3\">H4<\/td><td class=\"column-4\">H8<\/td><td class=\"column-5\">PY21W \/ W16W<\/td><td class=\"column-6\">P21 \/ 5W<\/td><td class=\"column-7\">P21 \/ 5W<\/td><td class=\"column-8\">P21W<\/td><td class=\"column-9\">W16W<\/td>\n<\/tr>\n<tr class=\"row-19 odd\">\n\t<td class=\"column-1\">Nissan NP300 (08) <\/td><td class=\"column-2\">H4<\/td><td class=\"column-3\">H4<\/td><td class=\"column-4\">H3<\/td><td class=\"column-5\">P21W \/ P21W<\/td><td class=\"column-6\">P21 \/ 5W<\/td><td class=\"column-7\">P21 \/ 5W<\/td><td class=\"column-8\">P21W<\/td><td class=\"column-9\">W16W<\/td>\n<\/tr>\n<tr class=\"row-20 even\">\n\t<td class=\"column-1\">Nissan NV200<\/td><td class=\"column-2\">H4<\/td><td class=\"column-3\">H4<\/td><td class=\"column-4\">H8<\/td><td class=\"column-5\">PY21W \/ PY21W<\/td><td class=\"column-6\">P21 \/ 5W<\/td><td class=\"column-7\">P21 \/ 5W<\/td><td class=\"column-8\">P21W<\/td><td class=\"column-9\">P21W<\/td>\n<\/tr>\n<tr class=\"row-21 odd\">\n\t<td class=\"column-1\">Nissan Pathfinder (05) <\/td><td class=\"column-2\">H4<\/td><td class=\"column-3\">H4<\/td><td class=\"column-4\">H11<\/td><td class=\"column-5\">P21W \/ P21W<\/td><td class=\"column-6\">P21 \/ 5W<\/td><td class=\"column-7\">P21 \/ 5W<\/td><td class=\"column-8\">P21W<\/td><td class=\"column-9\">P21W<\/td>\n<\/tr>\n<tr class=\"row-22 even\">\n\t<td class=\"column-1\">Nissan Pathfinder (05) XENON<\/td><td class=\"column-2\">D2R<\/td><td class=\"column-3\">D2R<\/td><td class=\"column-4\">H11<\/td><td class=\"column-5\">P21W \/ P21W<\/td><td class=\"column-6\">P21 \/ 5W<\/td><td class=\"column-7\">P21 \/ 5W<\/td><td class=\"column-8\">P21W<\/td><td class=\"column-9\">P21W<\/td>\n<\/tr>\n<tr class=\"row-23 odd\">\n\t<td class=\"column-1\">Nissan Patrol (10)<\/td><td class=\"column-2\">H11<\/td><td class=\"column-3\">H9<\/td><td class=\"column-4\">H8<\/td><td class=\"column-5\">WY21W \/ WY21W<\/td><td class=\"column-6\">LED<\/td><td class=\"column-7\">LED<\/td><td class=\"column-8\">W21W<\/td><td class=\"column-9\">W16W<\/td>\n<\/tr>\n<tr class=\"row-24 even\">\n\t<td class=\"column-1\">Nissan Patrol (10) XENON<\/td><td class=\"column-2\">D2S<\/td><td class=\"column-3\">H9<\/td><td class=\"column-4\">H8<\/td><td class=\"column-5\">WY21W \/ WY21W<\/td><td class=\"column-6\">LED<\/td><td class=\"column-7\">LED<\/td><td class=\"column-8\">W21W<\/td><td class=\"column-9\">W16W<\/td>\n<\/tr>\n<tr class=\"row-25 odd\">\n\t<td class=\"column-1\">Nissan Pixo (09)<\/td><td class=\"column-2\">H4<\/td><td class=\"column-3\">H4<\/td><td class=\"column-4\"><\/td><td class=\"column-5\">PY21W \/ PY21W<\/td><td class=\"column-6\">P21 \/ 5W<\/td><td class=\"column-7\">P21 \/ 5W<\/td><td class=\"column-8\">P21W<\/td><td class=\"column-9\">P21W<\/td>\n<\/tr>\n<tr class=\"row-26 even\">\n\t<td class=\"column-1\">Nissan Primera (99) <\/td><td class=\"column-2\">H7<\/td><td class=\"column-3\">H1<\/td><td class=\"column-4\">H1<\/td><td class=\"column-5\">PY21W \/ P21W<\/td><td class=\"column-6\">P21 \/ 5W<\/td><td class=\"column-7\">P21 \/ 5W<\/td><td class=\"column-8\">P21W<\/td><td class=\"column-9\">P21W<\/td>\n<\/tr>\n<tr class=\"row-27 odd\">\n\t<td class=\"column-1\">Nissan Primera (02)<\/td><td class=\"column-2\">H7<\/td><td class=\"column-3\">H7<\/td><td class=\"column-4\">H11<\/td><td class=\"column-5\">PY21W \/ P21W<\/td><td class=\"column-6\">P21 \/ 5W<\/td><td class=\"column-7\">P21 \/ 5W<\/td><td class=\"column-8\">P21W<\/td><td class=\"column-9\">P21W<\/td>\n<\/tr>\n<tr class=\"row-28 even\">\n\t<td class=\"column-1\">Nissan Primera (02) XENON<\/td><td class=\"column-2\">D2R<\/td><td class=\"column-3\">H7<\/td><td class=\"column-4\">H11<\/td><td class=\"column-5\">PY21W \/ P21W<\/td><td class=\"column-6\">P21 \/ 5W<\/td><td class=\"column-7\">P21 \/ 5W<\/td><td class=\"column-8\">P21W<\/td><td class=\"column-9\">P21W<\/td>\n<\/tr>\n<tr class=\"row-29 odd\">\n\t<td class=\"column-1\">Nissan QASHQAI (07)<\/td><td class=\"column-2\">H7<\/td><td class=\"column-3\">H7<\/td><td class=\"column-4\">H11<\/td><td class=\"column-5\">P21W \/ PY21W<\/td><td class=\"column-6\">P21 \/ 5W<\/td><td class=\"column-7\">P21 \/ 5W<\/td><td class=\"column-8\">P21W<\/td><td class=\"column-9\">P21W<\/td>\n<\/tr>\n<tr class=\"row-30 even\">\n\t<td class=\"column-1\">Nissan QASHQAI (07) XENON<\/td><td class=\"column-2\">D2R<\/td><td class=\"column-3\">H7<\/td><td class=\"column-4\">H11<\/td><td class=\"column-5\">P21W \/ PY21W<\/td><td class=\"column-6\">P21 \/ 5W<\/td><td class=\"column-7\">P21 \/ 5W<\/td><td class=\"column-8\">P21W<\/td><td class=\"column-9\">P21W<\/td>\n<\/tr>\n<tr class=\"row-31 odd\">\n\t<td class=\"column-1\">Nissan X-Trail (01)<\/td><td class=\"column-2\">H4<\/td><td class=\"column-3\">H4<\/td><td class=\"column-4\">H3<\/td><td class=\"column-5\">P21W \/ PY21W<\/td><td class=\"column-6\">P21 \/ 5W<\/td><td class=\"column-7\">P21 \/ 5W<\/td><td class=\"column-8\">P21W<\/td><td class=\"column-9\">P21W<\/td>\n<\/tr>\n<tr class=\"row-32 even\">\n\t<td class=\"column-1\">Nissan X-Trail (07)<\/td><td class=\"column-2\">H4<\/td><td class=\"column-3\">H$<\/td><td class=\"column-4\">H8<\/td><td class=\"column-5\">WY21W \/ W21W<\/td><td class=\"column-6\">W21 \/ 5W<\/td><td class=\"column-7\">W21 \/ 5W<\/td><td class=\"column-8\">W21W<\/td><td class=\"column-9\">W21W<\/td>\n<\/tr>\n<tr class=\"row-33 odd\">\n\t<td class=\"column-1\">Nissan X-Trail XENON (07)<\/td><td class=\"column-2\">D2S<\/td><td class=\"column-3\">HB3<\/td><td class=\"column-4\"><\/td><td class=\"column-5\">WY21W \/ W21W<\/td><td class=\"column-6\">W21 \/ 5W<\/td><td class=\"column-7\">W21 \/ 5W<\/td><td class=\"column-8\">W21W<\/td><td class=\"column-9\">W21W<\/td>\n<\/tr>\n<\/tbody>\n<\/table>\n\n<\/div><!-- #tablepress-8 from cache -->\n<p>M\u00f6chten Sie mehr \u00fcber Nissan und wartungsbezogene Themen wie Reifendruck, Zahnriemen-\/Kettenintervalle und Motor\u00f6l lesen? Dann lesen Sie mehr auf unserer <a href=\"https:\/\/autobaak.nl\/de\/nissan-startseite\/\">Nissan<\/a> Seite. F\u00fcr weitere Informationen \u00fcber Autolampen und die Unterschiede, lesen Sie bitte weiter auf unserer allgemeinen <a href=\"https:\/\/autobaak.nl\/de\/autogluhbirnen-prufen-sie-welche-gluhbirne-in-ihrem-auto-ist\/\">Fahrzeugleuchten<\/a>\u00a0Seite.<\/p>\n<p>&nbsp;<\/p>\n<p>&nbsp;<\/p>","protected":false},"excerpt":{"rendered":"<p>Sie suchen nach Gl\u00fchbirnen f\u00fcr Ihren Nissan? Sind Ihre Scheinwerfer oder R\u00fcckleuchten kaputt und m\u00fcssen ersetzt werden? In der nachstehenden \u00dcbersicht \u00fcber Nissan-Gl\u00fchbirnen finden Sie die Gl\u00fchbirnen, die Sie f\u00fcr Abblendlicht, Fernlicht, Nebelscheinwerfer, Blinker, Standlicht usw. ben\u00f6tigen. Welche Autolampen Nissan Heutzutage sind die am h\u00e4ufigsten verwendeten Lampen die H4- und H7-Lampen. In der<\/p>","protected":false},"author":1,"featured_media":0,"parent":0,"menu_order":0,"comment_status":"closed","ping_status":"closed","template":"","meta":{"_et_pb_use_builder":"","_et_pb_old_content":"","_et_gb_content_width":"","footnotes":""},"class_list":["post-1127","page","type-page","status-publish","hentry"],"yoast_head":"<!-- This site is optimized with the Yoast SEO plugin v27.5 - https:\/\/yoast.com\/product\/yoast-seo-wordpress\/ -->\n<title>Nissan Lampen overzicht - Bekijk welke lamp jouw auto nodig heeft<\/title>\n<meta name=\"description\" content=\"Nissan lampen overzichtspagina. Alle lampen o.a. dimlicht, grootlicht, mistlicht, knipperlichten en parkeerlampen.o.a. Micra, Primera, Qashqai, Tino, etc.\" \/>\n<meta name=\"robots\" content=\"index, follow, max-snippet:-1, max-image-preview:large, max-video-preview:-1\" \/>\n<link rel=\"canonical\" href=\"https:\/\/autobaak.nl\/de\/nissan-lampen-ubersicht\/\" \/>\n<meta property=\"og:locale\" content=\"de_DE\" \/>\n<meta property=\"og:type\" content=\"article\" \/>\n<meta property=\"og:title\" content=\"Nissan Lampen overzicht - Bekijk welke lamp jouw auto nodig heeft\" \/>\n<meta property=\"og:description\" content=\"Nissan lampen overzichtspagina. Alle lampen o.a. dimlicht, grootlicht, mistlicht, knipperlichten en parkeerlampen.o.a. Micra, Primera, Qashqai, Tino, etc.\" \/>\n<meta property=\"og:url\" content=\"https:\/\/autobaak.nl\/de\/nissan-lampen-ubersicht\/\" \/>\n<meta property=\"og:site_name\" content=\"Autobaak.nl\" \/>\n<meta property=\"article:modified_time\" content=\"2023-09-29T13:32:28+00:00\" \/>\n<meta property=\"og:image\" content=\"https:\/\/autobaak.nl\/wp-content\/uploads\/2023\/09\/Lampen-shop_Autobaak.nl_LargeLeaderboard_139-1.png\" \/>\n<meta name=\"twitter:card\" content=\"summary_large_image\" \/>\n<meta name=\"twitter:label1\" content=\"Gesch\u00e4tzte Lesezeit\" \/>\n\t<meta name=\"twitter:data1\" content=\"1\u00a0Minute\" \/>\n<script type=\"application\/ld+json\" class=\"yoast-schema-graph\">{\"@context\":\"https:\\\/\\\/schema.org\",\"@graph\":[{\"@type\":\"WebPage\",\"@id\":\"https:\\\/\\\/autobaak.nl\\\/nissan-lampen-overzicht\\\/\",\"url\":\"https:\\\/\\\/autobaak.nl\\\/nissan-lampen-overzicht\\\/\",\"name\":\"Nissan Lampen overzicht - Bekijk welke lamp jouw auto nodig heeft\",\"isPartOf\":{\"@id\":\"https:\\\/\\\/autobaak.nl\\\/#website\"},\"primaryImageOfPage\":{\"@id\":\"https:\\\/\\\/autobaak.nl\\\/nissan-lampen-overzicht\\\/#primaryimage\"},\"image\":{\"@id\":\"https:\\\/\\\/autobaak.nl\\\/nissan-lampen-overzicht\\\/#primaryimage\"},\"thumbnailUrl\":\"https:\\\/\\\/autobaak.nl\\\/wp-content\\\/uploads\\\/2023\\\/09\\\/Lampen-shop_Autobaak.nl_LargeLeaderboard_139-1.png\",\"datePublished\":\"2018-11-22T14:48:56+00:00\",\"dateModified\":\"2023-09-29T13:32:28+00:00\",\"description\":\"Nissan lampen overzichtspagina. Alle lampen o.a. dimlicht, grootlicht, mistlicht, knipperlichten en parkeerlampen.o.a. Micra, Primera, Qashqai, Tino, etc.\",\"breadcrumb\":{\"@id\":\"https:\\\/\\\/autobaak.nl\\\/nissan-lampen-overzicht\\\/#breadcrumb\"},\"inLanguage\":\"de\",\"potentialAction\":[{\"@type\":\"ReadAction\",\"target\":[\"https:\\\/\\\/autobaak.nl\\\/nissan-lampen-overzicht\\\/\"]}]},{\"@type\":\"ImageObject\",\"inLanguage\":\"de\",\"@id\":\"https:\\\/\\\/autobaak.nl\\\/nissan-lampen-overzicht\\\/#primaryimage\",\"url\":\"https:\\\/\\\/autobaak.nl\\\/wp-content\\\/uploads\\\/2023\\\/09\\\/Lampen-shop_Autobaak.nl_LargeLeaderboard_139-1.png\",\"contentUrl\":\"https:\\\/\\\/autobaak.nl\\\/wp-content\\\/uploads\\\/2023\\\/09\\\/Lampen-shop_Autobaak.nl_LargeLeaderboard_139-1.png\"},{\"@type\":\"BreadcrumbList\",\"@id\":\"https:\\\/\\\/autobaak.nl\\\/nissan-lampen-overzicht\\\/#breadcrumb\",\"itemListElement\":[{\"@type\":\"ListItem\",\"position\":1,\"name\":\"Home\",\"item\":\"https:\\\/\\\/autobaak.nl\\\/\"},{\"@type\":\"ListItem\",\"position\":2,\"name\":\"Nissan Lampen overzicht\"}]},{\"@type\":\"WebSite\",\"@id\":\"https:\\\/\\\/autobaak.nl\\\/#website\",\"url\":\"https:\\\/\\\/autobaak.nl\\\/\",\"name\":\"Autobaak.nl\",\"description\":\"Cars &amp; Racing\",\"potentialAction\":[{\"@type\":\"SearchAction\",\"target\":{\"@type\":\"EntryPoint\",\"urlTemplate\":\"https:\\\/\\\/autobaak.nl\\\/?s={search_term_string}\"},\"query-input\":{\"@type\":\"PropertyValueSpecification\",\"valueRequired\":true,\"valueName\":\"search_term_string\"}}],\"inLanguage\":\"de\"}]}<\/script>\n<!-- \/ Yoast SEO plugin. -->","yoast_head_json":{"title":"Nissan Gl\u00fchbirnen \u00dcbersicht - Sehen Sie, welche Gl\u00fchbirne Ihr Auto braucht","description":"Nissan Lampen \u00dcbersichtsseite. Alle Lampen, einschlie\u00dflich Abblendlicht, Fernlicht, Nebelscheinwerfer, Blinker und Standlicht.u.a. Micra, Primera, Qashqai, Tino, etc.","robots":{"index":"index","follow":"follow","max-snippet":"max-snippet:-1","max-image-preview":"max-image-preview:large","max-video-preview":"max-video-preview:-1"},"canonical":"https:\/\/autobaak.nl\/de\/nissan-lampen-ubersicht\/","og_locale":"de_DE","og_type":"article","og_title":"Nissan Lampen overzicht - Bekijk welke lamp jouw auto nodig heeft","og_description":"Nissan lampen overzichtspagina. Alle lampen o.a. dimlicht, grootlicht, mistlicht, knipperlichten en parkeerlampen.o.a. Micra, Primera, Qashqai, Tino, etc.","og_url":"https:\/\/autobaak.nl\/de\/nissan-lampen-ubersicht\/","og_site_name":"Autobaak.nl","article_modified_time":"2023-09-29T13:32:28+00:00","og_image":[{"url":"https:\/\/autobaak.nl\/wp-content\/uploads\/2023\/09\/Lampen-shop_Autobaak.nl_LargeLeaderboard_139-1.png","type":"","width":"","height":""}],"twitter_card":"summary_large_image","twitter_misc":{"Gesch\u00e4tzte Lesezeit":"1\u00a0Minute"},"schema":{"@context":"https:\/\/schema.org","@graph":[{"@type":"WebPage","@id":"https:\/\/autobaak.nl\/nissan-lampen-overzicht\/","url":"https:\/\/autobaak.nl\/nissan-lampen-overzicht\/","name":"Nissan Gl\u00fchbirnen \u00dcbersicht - Sehen Sie, welche Gl\u00fchbirne Ihr Auto braucht","isPartOf":{"@id":"https:\/\/autobaak.nl\/#website"},"primaryImageOfPage":{"@id":"https:\/\/autobaak.nl\/nissan-lampen-overzicht\/#primaryimage"},"image":{"@id":"https:\/\/autobaak.nl\/nissan-lampen-overzicht\/#primaryimage"},"thumbnailUrl":"https:\/\/autobaak.nl\/wp-content\/uploads\/2023\/09\/Lampen-shop_Autobaak.nl_LargeLeaderboard_139-1.png","datePublished":"2018-11-22T14:48:56+00:00","dateModified":"2023-09-29T13:32:28+00:00","description":"Nissan Lampen \u00dcbersichtsseite. Alle Lampen, einschlie\u00dflich Abblendlicht, Fernlicht, Nebelscheinwerfer, Blinker und Standlicht.u.a. Micra, Primera, Qashqai, Tino, etc.","breadcrumb":{"@id":"https:\/\/autobaak.nl\/nissan-lampen-overzicht\/#breadcrumb"},"inLanguage":"de","potentialAction":[{"@type":"ReadAction","target":["https:\/\/autobaak.nl\/nissan-lampen-overzicht\/"]}]},{"@type":"ImageObject","inLanguage":"de","@id":"https:\/\/autobaak.nl\/nissan-lampen-overzicht\/#primaryimage","url":"https:\/\/autobaak.nl\/wp-content\/uploads\/2023\/09\/Lampen-shop_Autobaak.nl_LargeLeaderboard_139-1.png","contentUrl":"https:\/\/autobaak.nl\/wp-content\/uploads\/2023\/09\/Lampen-shop_Autobaak.nl_LargeLeaderboard_139-1.png"},{"@type":"BreadcrumbList","@id":"https:\/\/autobaak.nl\/nissan-lampen-overzicht\/#breadcrumb","itemListElement":[{"@type":"ListItem","position":1,"name":"Home","item":"https:\/\/autobaak.nl\/"},{"@type":"ListItem","position":2,"name":"Nissan Lampen overzicht"}]},{"@type":"WebSite","@id":"https:\/\/autobaak.nl\/#website","url":"https:\/\/autobaak.nl\/","name":"Autobook.de","description":"Autos &amp; Rennsport","potentialAction":[{"@type":"SearchAction","target":{"@type":"EntryPoint","urlTemplate":"https:\/\/autobaak.nl\/?s={search_term_string}"},"query-input":{"@type":"PropertyValueSpecification","valueRequired":true,"valueName":"search_term_string"}}],"inLanguage":"de"}]}},"_links":{"self":[{"href":"https:\/\/autobaak.nl\/de\/wp-json\/wp\/v2\/pages\/1127","targetHints":{"allow":["GET"]}}],"collection":[{"href":"https:\/\/autobaak.nl\/de\/wp-json\/wp\/v2\/pages"}],"about":[{"href":"https:\/\/autobaak.nl\/de\/wp-json\/wp\/v2\/types\/page"}],"author":[{"embeddable":true,"href":"https:\/\/autobaak.nl\/de\/wp-json\/wp\/v2\/users\/1"}],"replies":[{"embeddable":true,"href":"https:\/\/autobaak.nl\/de\/wp-json\/wp\/v2\/comments?post=1127"}],"version-history":[{"count":1,"href":"https:\/\/autobaak.nl\/de\/wp-json\/wp\/v2\/pages\/1127\/revisions"}],"predecessor-version":[{"id":156805,"href":"https:\/\/autobaak.nl\/de\/wp-json\/wp\/v2\/pages\/1127\/revisions\/156805"}],"wp:attachment":[{"href":"https:\/\/autobaak.nl\/de\/wp-json\/wp\/v2\/media?parent=1127"}],"curies":[{"name":"wp","href":"https:\/\/api.w.org\/{rel}","templated":true}]}}