{"id":1173,"date":"2018-11-29T17:01:33","date_gmt":"2018-11-29T17:01:33","guid":{"rendered":"https:\/\/autobaak.nl\/?page_id=1173"},"modified":"2023-09-29T15:34:35","modified_gmt":"2023-09-29T13:34:35","slug":"skoda-lampe-ubersicht","status":"publish","type":"page","link":"https:\/\/autobaak.nl\/de\/skoda-lampe-ubersicht\/","title":{"rendered":"Skoda Gl\u00fchbirne \u00dcbersicht"},"content":{"rendered":"<p class=\"entry-title main_title\">Sie suchen nach Gl\u00fchbirnen f\u00fcr Ihren Skoda? Sind Ihre Scheinwerfer oder R\u00fcckleuchten kaputt und m\u00fcssen ersetzt werden? In der<strong> Autozwiebeln Skoda \u00dcbersicht<\/strong>\u00a0Nachstehend finden Sie die Gl\u00fchbirnen, die Sie f\u00fcr Abblendlicht, Fernlicht, Nebelscheinwerfer, Blinker, Standlicht usw. ben\u00f6tigen.<\/p>\n<h2 class=\"entry-title main_title\">Welche Autozwiebeln Skoda<\/h2>\n<p class=\"entry-title main_title\">Heutzutage werden am h\u00e4ufigsten H4- und H7-Gl\u00fchbirnen verwendet. Bei den neueren Modellen werden auch h\u00e4ufig LED-Leuchten verwendet. Hinter den Modellen ist in Klammern das Herstellungsjahr des Modells angegeben; dies ist das Jahr der Einf\u00fchrung dieses Modells. Nutzen Sie die Suchfunktion oben in der \u00dcbersicht der Autolampen Skoda, um schnell Ihr Modell zu finden.<\/p>\n<p><a href=\"https:\/\/autobaak.nl\/de\/produktkategorie\/fahrzeugleuchten\/\"><img loading=\"lazy\" decoding=\"async\" class=\"aligncenter size-full wp-image-156730\" src=\"https:\/\/autobaak.nl\/wp-content\/uploads\/2023\/09\/Lampen-shop_Autobaak.nl_LargeLeaderboard_139-1.png\" alt=\"\" width=\"970\" height=\"90\" srcset=\"https:\/\/autobaak.nl\/wp-content\/uploads\/2023\/09\/Lampen-shop_Autobaak.nl_LargeLeaderboard_139-1.png 970w, https:\/\/autobaak.nl\/wp-content\/uploads\/2023\/09\/Lampen-shop_Autobaak.nl_LargeLeaderboard_139-1-480x45.png 480w\" sizes=\"(min-width: 0px) and (max-width: 480px) 480px, (min-width: 481px) 970px, 100vw\" \/><\/a><\/p>\n<h3>Skoda-Lampentisch<\/h3>\n<div id=\"tablepress-13-scroll-wrapper\" class=\"tablepress-scroll-wrapper\">\n\n<table id=\"tablepress-13\" class=\"tablepress tablepress-id-13 tablepress-responsive\">\n<thead>\n<tr class=\"row-1 odd\">\n\t<th class=\"column-1\">Modell <\/th><th class=\"column-2\">Abblendlicht <\/th><th class=\"column-3\">Fernlicht <\/th><th class=\"column-4\">Nebelscheinwerfer<\/th><th class=\"column-5\">Blinkendes Licht<\/th><th class=\"column-6\">Bremslicht <\/th><th class=\"column-7\">R\u00fccklicht <\/th><th class=\"column-8\">Nebelschlussleuchte<\/th><th class=\"column-9\">Parklicht <\/th>\n<\/tr>\n<\/thead>\n<tbody class=\"row-hover\">\n<tr class=\"row-2 even\">\n\t<td class=\"column-1\">Skoda Citigo<\/td><td class=\"column-2\">H4<\/td><td class=\"column-3\">H4<\/td><td class=\"column-4\">HB4<\/td><td class=\"column-5\">PY21W \/ PY21W<\/td><td class=\"column-6\">P21 \/ 4W<\/td><td class=\"column-7\">P21 \/ 4W<\/td><td class=\"column-8\">P21 \/ 4W<\/td><td class=\"column-9\">R10W<\/td>\n<\/tr>\n<tr class=\"row-3 odd\">\n\t<td class=\"column-1\">Skoda Fabia (99)<\/td><td class=\"column-2\">H7<\/td><td class=\"column-3\">H3<\/td><td class=\"column-4\">H3<\/td><td class=\"column-5\">PY21W \/ PY21W<\/td><td class=\"column-6\">P21W<\/td><td class=\"column-7\">P21 \/ 4W<\/td><td class=\"column-8\">P21 \/ 4W<\/td><td class=\"column-9\">P21W<\/td>\n<\/tr>\n<tr class=\"row-4 even\">\n\t<td class=\"column-1\">Skoda Fabia (99) XENON<\/td><td class=\"column-2\">D2S<\/td><td class=\"column-3\">H7<\/td><td class=\"column-4\">H3<\/td><td class=\"column-5\">PY21W \/ PY21W<\/td><td class=\"column-6\">P21W<\/td><td class=\"column-7\">P21 \/ 4W<\/td><td class=\"column-8\">P21 \/ 4W<\/td><td class=\"column-9\">P21W<\/td>\n<\/tr>\n<tr class=\"row-5 odd\">\n\t<td class=\"column-1\">Skoda Fabia combi (07)<\/td><td class=\"column-2\">H7<\/td><td class=\"column-3\">H3<\/td><td class=\"column-4\">HB4<\/td><td class=\"column-5\">PY21W \/ PY21W<\/td><td class=\"column-6\">P21 \/ 4W<\/td><td class=\"column-7\">P21 \/ 4W<\/td><td class=\"column-8\">P21W<\/td><td class=\"column-9\">P21W<\/td>\n<\/tr>\n<tr class=\"row-6 even\">\n\t<td class=\"column-1\">Skoda Fabia Kombi (07) XENON<\/td><td class=\"column-2\">D2S<\/td><td class=\"column-3\">H7<\/td><td class=\"column-4\">HB4<\/td><td class=\"column-5\">PY21W \/ PY21W<\/td><td class=\"column-6\">P21 \/ 4W<\/td><td class=\"column-7\">P21 \/ 4W<\/td><td class=\"column-8\">P21W<\/td><td class=\"column-9\">P21W<\/td>\n<\/tr>\n<tr class=\"row-7 odd\">\n\t<td class=\"column-1\">Skoda Fabia Flie\u00dfheck (07) <\/td><td class=\"column-2\">H7<\/td><td class=\"column-3\">H3<\/td><td class=\"column-4\">H3<\/td><td class=\"column-5\">PY21W \/ PY21W<\/td><td class=\"column-6\">P21 \/ 4W<\/td><td class=\"column-7\">P21 \/ 4W<\/td><td class=\"column-8\">P21W<\/td><td class=\"column-9\">P21W<\/td>\n<\/tr>\n<tr class=\"row-8 even\">\n\t<td class=\"column-1\">Skoda Fabia Flie\u00dfheck (07) XENON<\/td><td class=\"column-2\">D2S<\/td><td class=\"column-3\">H7<\/td><td class=\"column-4\">H3<\/td><td class=\"column-5\">PY21W \/ PY21W<\/td><td class=\"column-6\">P21 \/ 4W<\/td><td class=\"column-7\">P21 \/ 4W<\/td><td class=\"column-8\">P21W<\/td><td class=\"column-9\">P21W<\/td>\n<\/tr>\n<tr class=\"row-9 odd\">\n\t<td class=\"column-1\">Skoda Octavia (96)<\/td><td class=\"column-2\">H4<\/td><td class=\"column-3\">H4<\/td><td class=\"column-4\">H3<\/td><td class=\"column-5\">PY21W \/ PY21W<\/td><td class=\"column-6\">P21W<\/td><td class=\"column-7\">P21 \/ 4W<\/td><td class=\"column-8\">P21 \/ 4W<\/td><td class=\"column-9\">P21W<\/td>\n<\/tr>\n<tr class=\"row-10 even\">\n\t<td class=\"column-1\">Skoda Octavia (96) XENON<\/td><td class=\"column-2\">D2S<\/td><td class=\"column-3\">H1<\/td><td class=\"column-4\">H3<\/td><td class=\"column-5\">PY21W \/ PY21W<\/td><td class=\"column-6\">P21W<\/td><td class=\"column-7\">P21 \/ 4W<\/td><td class=\"column-8\">P21 \/ 4W<\/td><td class=\"column-9\">P21W<\/td>\n<\/tr>\n<tr class=\"row-11 odd\">\n\t<td class=\"column-1\">Skoda Octavia (04) <\/td><td class=\"column-2\">H7<\/td><td class=\"column-3\">H1<\/td><td class=\"column-4\">H8<\/td><td class=\"column-5\">PY21W \/ PY21W<\/td><td class=\"column-6\">P21W<\/td><td class=\"column-7\">P21 \/ 4W<\/td><td class=\"column-8\">P21 \/ 4W<\/td><td class=\"column-9\">P21W<\/td>\n<\/tr>\n<tr class=\"row-12 even\">\n\t<td class=\"column-1\">Skoda Octavia (04)<br \/>\nXENON <\/td><td class=\"column-2\">D1S<\/td><td class=\"column-3\">H1<\/td><td class=\"column-4\">H8<\/td><td class=\"column-5\">PY21W \/ PY21W<\/td><td class=\"column-6\">P21W<\/td><td class=\"column-7\">P21 \/ 4W<\/td><td class=\"column-8\">P21 \/ 4W<\/td><td class=\"column-9\">P21W<\/td>\n<\/tr>\n<tr class=\"row-13 odd\">\n\t<td class=\"column-1\">Skoda Roomster<\/td><td class=\"column-2\">H4<\/td><td class=\"column-3\">H4<\/td><td class=\"column-4\">H8<\/td><td class=\"column-5\">PY21W \/ PY21W<\/td><td class=\"column-6\">P21W<\/td><td class=\"column-7\">W5W<\/td><td class=\"column-8\">P21W<\/td><td class=\"column-9\">P21W<\/td>\n<\/tr>\n<tr class=\"row-14 even\">\n\t<td class=\"column-1\">Skoda Superb (02)<\/td><td class=\"column-2\">H7<\/td><td class=\"column-3\">H3<\/td><td class=\"column-4\">H3<\/td><td class=\"column-5\">PY21W \/ PY21W<\/td><td class=\"column-6\">P21W<\/td><td class=\"column-7\">P21 \/ 4W<\/td><td class=\"column-8\">P21 \/ 4W<\/td><td class=\"column-9\">P21W<\/td>\n<\/tr>\n<tr class=\"row-15 odd\">\n\t<td class=\"column-1\">Skoda Superb (02)<br \/>\nXENON<\/td><td class=\"column-2\">D2S<\/td><td class=\"column-3\">H3<\/td><td class=\"column-4\">H3<\/td><td class=\"column-5\">PY21W \/ PY21W<\/td><td class=\"column-6\">P21W<\/td><td class=\"column-7\">P21 \/ 4W<\/td><td class=\"column-8\">P21 \/ 4W<\/td><td class=\"column-9\">P21W<\/td>\n<\/tr>\n<tr class=\"row-16 even\">\n\t<td class=\"column-1\">Skoda Superb (08)<br \/>\n<\/td><td class=\"column-2\">H7<\/td><td class=\"column-3\">H3<\/td><td class=\"column-4\">H8<\/td><td class=\"column-5\">PY21W \/ PY21W<\/td><td class=\"column-6\">W16W<\/td><td class=\"column-7\">W5W<\/td><td class=\"column-8\">P21W<\/td><td class=\"column-9\">W16W<\/td>\n<\/tr>\n<tr class=\"row-17 odd\">\n\t<td class=\"column-1\">Skoda Superb (08)<br \/>\nXENON<br \/>\n<\/td><td class=\"column-2\">D1S<\/td><td class=\"column-3\">H3<\/td><td class=\"column-4\">H8<\/td><td class=\"column-5\">PY21W \/ PY21W<\/td><td class=\"column-6\">W16W<\/td><td class=\"column-7\">W5W<\/td><td class=\"column-8\">P21W<\/td><td class=\"column-9\">W16W<\/td>\n<\/tr>\n<tr class=\"row-18 even\">\n\t<td class=\"column-1\">Skoda Superb Kombi (09)<br \/>\n<\/td><td class=\"column-2\">H7<\/td><td class=\"column-3\">H3<\/td><td class=\"column-4\">H8<\/td><td class=\"column-5\">RY10W \/ WY10W<\/td><td class=\"column-6\">W16W<\/td><td class=\"column-7\">W5W<\/td><td class=\"column-8\">P21W<\/td><td class=\"column-9\">W16W<\/td>\n<\/tr>\n<tr class=\"row-19 odd\">\n\t<td class=\"column-1\">Skoda Superb Kombi (09) XENON<br \/>\n<\/td><td class=\"column-2\">D1S<\/td><td class=\"column-3\">H3<\/td><td class=\"column-4\">H8<\/td><td class=\"column-5\">RY10W \/ WY10W<\/td><td class=\"column-6\">W16W<\/td><td class=\"column-7\">W5W<\/td><td class=\"column-8\">P21W<\/td><td class=\"column-9\">W16W<\/td>\n<\/tr>\n<tr class=\"row-20 even\">\n\t<td class=\"column-1\">Skoda Yeti (09)<\/td><td class=\"column-2\">H4<\/td><td class=\"column-3\">H4<\/td><td class=\"column-4\">H7<\/td><td class=\"column-5\">PY21W \/ PY21W<\/td><td class=\"column-6\">P21W<\/td><td class=\"column-7\">W5W<\/td><td class=\"column-8\">P21W<\/td><td class=\"column-9\">P21W<\/td>\n<\/tr>\n<tr class=\"row-21 odd\">\n\t<td class=\"column-1\">Skoda Yeti (09) XENON<\/td><td class=\"column-2\">D1S<\/td><td class=\"column-3\">D1S<\/td><td class=\"column-4\">H7<\/td><td class=\"column-5\">PY21W \/ PY21W<\/td><td class=\"column-6\">P21W<\/td><td class=\"column-7\">W5W<\/td><td class=\"column-8\">P21W<\/td><td class=\"column-9\">P21W<\/td>\n<\/tr>\n<\/tbody>\n<\/table>\n\n<\/div><!-- #tablepress-13 from cache -->\n<p>M\u00f6chten Sie mehr \u00fcber Skoda und wartungsbezogene Themen wie Reifendruck, Zahnriemen-\/Kettenintervalle und Motor\u00f6l lesen? Dann lesen Sie mehr auf unserer <a href=\"https:\/\/autobaak.nl\/de\/skoda-startseite\/\">Skoda<\/a> Seite. F\u00fcr weitere Informationen \u00fcber Autolampen und die Unterschiede, lesen Sie bitte weiter auf unserer allgemeinen\u00a0<a href=\"https:\/\/autobaak.nl\/de\/autogluhbirnen-prufen-sie-welche-gluhbirne-in-ihrem-auto-ist\/\">Fahrzeugleuchten<\/a>\u00a0Seite.<\/p>\n<p>&nbsp;<\/p>","protected":false},"excerpt":{"rendered":"<p>Sie suchen nach Gl\u00fchbirnen f\u00fcr Ihren Skoda? Sind Ihre Scheinwerfer oder R\u00fcckleuchten kaputt und m\u00fcssen ersetzt werden? In der untenstehenden \u00dcbersicht der Skoda-Gl\u00fchbirnen finden Sie die Gl\u00fchbirnen, die Sie f\u00fcr Abblendlicht, Fernlicht, Nebelscheinwerfer, Blinker, Standlicht usw. ben\u00f6tigen. Welche Gl\u00fchbirnen Skoda Heutzutage sind die am h\u00e4ufigsten verwendeten Lampen die H4- und H7-Gl\u00fchbirnen. Unter<\/p>","protected":false},"author":1,"featured_media":0,"parent":0,"menu_order":0,"comment_status":"closed","ping_status":"closed","template":"","meta":{"_et_pb_use_builder":"","_et_pb_old_content":"","_et_gb_content_width":"","footnotes":""},"class_list":["post-1173","page","type-page","status-publish","hentry"],"yoast_head":"<!-- This site is optimized with the Yoast SEO plugin v27.4 - https:\/\/yoast.com\/product\/yoast-seo-wordpress\/ -->\n<title>Skoda lampenoverzicht - Bekijk welke lampen jouw auto nodig heeft<\/title>\n<meta name=\"description\" content=\"Skoda lampen overzichtspagina. Alle lampen o.a. dimlicht, grootlicht, mistlicht, knipperlichten en parkeerlampen.o.a. Fabia, Octavia, Superb etc.\" \/>\n<meta name=\"robots\" content=\"index, follow, max-snippet:-1, max-image-preview:large, max-video-preview:-1\" \/>\n<link rel=\"canonical\" href=\"https:\/\/autobaak.nl\/de\/skoda-lampe-ubersicht\/\" \/>\n<meta property=\"og:locale\" content=\"de_DE\" \/>\n<meta property=\"og:type\" content=\"article\" \/>\n<meta property=\"og:title\" content=\"Skoda lampenoverzicht - Bekijk welke lampen jouw auto nodig heeft\" \/>\n<meta property=\"og:description\" content=\"Skoda lampen overzichtspagina. Alle lampen o.a. dimlicht, grootlicht, mistlicht, knipperlichten en parkeerlampen.o.a. Fabia, Octavia, Superb etc.\" \/>\n<meta property=\"og:url\" content=\"https:\/\/autobaak.nl\/de\/skoda-lampe-ubersicht\/\" \/>\n<meta property=\"og:site_name\" content=\"Autobaak.nl\" \/>\n<meta property=\"article:modified_time\" content=\"2023-09-29T13:34:35+00:00\" \/>\n<meta property=\"og:image\" content=\"https:\/\/autobaak.nl\/wp-content\/uploads\/2023\/09\/Lampen-shop_Autobaak.nl_LargeLeaderboard_139-1.png\" \/>\n<meta name=\"twitter:card\" content=\"summary_large_image\" \/>\n<meta name=\"twitter:label1\" content=\"Gesch\u00e4tzte Lesezeit\" \/>\n\t<meta name=\"twitter:data1\" content=\"1\u00a0Minute\" \/>\n<script type=\"application\/ld+json\" class=\"yoast-schema-graph\">{\"@context\":\"https:\\\/\\\/schema.org\",\"@graph\":[{\"@type\":\"WebPage\",\"@id\":\"https:\\\/\\\/autobaak.nl\\\/skoda-lampenoverzicht\\\/\",\"url\":\"https:\\\/\\\/autobaak.nl\\\/skoda-lampenoverzicht\\\/\",\"name\":\"Skoda lampenoverzicht - Bekijk welke lampen jouw auto nodig heeft\",\"isPartOf\":{\"@id\":\"https:\\\/\\\/autobaak.nl\\\/#website\"},\"primaryImageOfPage\":{\"@id\":\"https:\\\/\\\/autobaak.nl\\\/skoda-lampenoverzicht\\\/#primaryimage\"},\"image\":{\"@id\":\"https:\\\/\\\/autobaak.nl\\\/skoda-lampenoverzicht\\\/#primaryimage\"},\"thumbnailUrl\":\"https:\\\/\\\/autobaak.nl\\\/wp-content\\\/uploads\\\/2023\\\/09\\\/Lampen-shop_Autobaak.nl_LargeLeaderboard_139-1.png\",\"datePublished\":\"2018-11-29T17:01:33+00:00\",\"dateModified\":\"2023-09-29T13:34:35+00:00\",\"description\":\"Skoda lampen overzichtspagina. Alle lampen o.a. dimlicht, grootlicht, mistlicht, knipperlichten en parkeerlampen.o.a. Fabia, Octavia, Superb etc.\",\"breadcrumb\":{\"@id\":\"https:\\\/\\\/autobaak.nl\\\/skoda-lampenoverzicht\\\/#breadcrumb\"},\"inLanguage\":\"de\",\"potentialAction\":[{\"@type\":\"ReadAction\",\"target\":[\"https:\\\/\\\/autobaak.nl\\\/skoda-lampenoverzicht\\\/\"]}]},{\"@type\":\"ImageObject\",\"inLanguage\":\"de\",\"@id\":\"https:\\\/\\\/autobaak.nl\\\/skoda-lampenoverzicht\\\/#primaryimage\",\"url\":\"https:\\\/\\\/autobaak.nl\\\/wp-content\\\/uploads\\\/2023\\\/09\\\/Lampen-shop_Autobaak.nl_LargeLeaderboard_139-1.png\",\"contentUrl\":\"https:\\\/\\\/autobaak.nl\\\/wp-content\\\/uploads\\\/2023\\\/09\\\/Lampen-shop_Autobaak.nl_LargeLeaderboard_139-1.png\"},{\"@type\":\"BreadcrumbList\",\"@id\":\"https:\\\/\\\/autobaak.nl\\\/skoda-lampenoverzicht\\\/#breadcrumb\",\"itemListElement\":[{\"@type\":\"ListItem\",\"position\":1,\"name\":\"Home\",\"item\":\"https:\\\/\\\/autobaak.nl\\\/\"},{\"@type\":\"ListItem\",\"position\":2,\"name\":\"Skoda lampenoverzicht\"}]},{\"@type\":\"WebSite\",\"@id\":\"https:\\\/\\\/autobaak.nl\\\/#website\",\"url\":\"https:\\\/\\\/autobaak.nl\\\/\",\"name\":\"Autobaak.nl\",\"description\":\"Cars &amp; Racing\",\"potentialAction\":[{\"@type\":\"SearchAction\",\"target\":{\"@type\":\"EntryPoint\",\"urlTemplate\":\"https:\\\/\\\/autobaak.nl\\\/?s={search_term_string}\"},\"query-input\":{\"@type\":\"PropertyValueSpecification\",\"valueRequired\":true,\"valueName\":\"search_term_string\"}}],\"inLanguage\":\"de\"}]}<\/script>\n<!-- \/ Yoast SEO plugin. -->","yoast_head_json":{"title":"Skoda Gl\u00fchbirnen \u00dcbersicht - Sehen Sie, welche Gl\u00fchbirnen Ihr Auto braucht","description":"Skoda Gl\u00fchbirnen \u00dcbersichtsseite. Alle Gl\u00fchbirnen, einschlie\u00dflich Abblendlicht, Fernlicht, Nebelscheinwerfer, Blinker und Standlicht.a. Fabia, Octavia, Superb usw.","robots":{"index":"index","follow":"follow","max-snippet":"max-snippet:-1","max-image-preview":"max-image-preview:large","max-video-preview":"max-video-preview:-1"},"canonical":"https:\/\/autobaak.nl\/de\/skoda-lampe-ubersicht\/","og_locale":"de_DE","og_type":"article","og_title":"Skoda lampenoverzicht - Bekijk welke lampen jouw auto nodig heeft","og_description":"Skoda lampen overzichtspagina. Alle lampen o.a. dimlicht, grootlicht, mistlicht, knipperlichten en parkeerlampen.o.a. Fabia, Octavia, Superb etc.","og_url":"https:\/\/autobaak.nl\/de\/skoda-lampe-ubersicht\/","og_site_name":"Autobaak.nl","article_modified_time":"2023-09-29T13:34:35+00:00","og_image":[{"url":"https:\/\/autobaak.nl\/wp-content\/uploads\/2023\/09\/Lampen-shop_Autobaak.nl_LargeLeaderboard_139-1.png","type":"","width":"","height":""}],"twitter_card":"summary_large_image","twitter_misc":{"Gesch\u00e4tzte Lesezeit":"1\u00a0Minute"},"schema":{"@context":"https:\/\/schema.org","@graph":[{"@type":"WebPage","@id":"https:\/\/autobaak.nl\/skoda-lampenoverzicht\/","url":"https:\/\/autobaak.nl\/skoda-lampenoverzicht\/","name":"Skoda Gl\u00fchbirnen \u00dcbersicht - Sehen Sie, welche Gl\u00fchbirnen Ihr Auto braucht","isPartOf":{"@id":"https:\/\/autobaak.nl\/#website"},"primaryImageOfPage":{"@id":"https:\/\/autobaak.nl\/skoda-lampenoverzicht\/#primaryimage"},"image":{"@id":"https:\/\/autobaak.nl\/skoda-lampenoverzicht\/#primaryimage"},"thumbnailUrl":"https:\/\/autobaak.nl\/wp-content\/uploads\/2023\/09\/Lampen-shop_Autobaak.nl_LargeLeaderboard_139-1.png","datePublished":"2018-11-29T17:01:33+00:00","dateModified":"2023-09-29T13:34:35+00:00","description":"Skoda Gl\u00fchbirnen \u00dcbersichtsseite. Alle Gl\u00fchbirnen, einschlie\u00dflich Abblendlicht, Fernlicht, Nebelscheinwerfer, Blinker und Standlicht.a. Fabia, Octavia, Superb usw.","breadcrumb":{"@id":"https:\/\/autobaak.nl\/skoda-lampenoverzicht\/#breadcrumb"},"inLanguage":"de","potentialAction":[{"@type":"ReadAction","target":["https:\/\/autobaak.nl\/skoda-lampenoverzicht\/"]}]},{"@type":"ImageObject","inLanguage":"de","@id":"https:\/\/autobaak.nl\/skoda-lampenoverzicht\/#primaryimage","url":"https:\/\/autobaak.nl\/wp-content\/uploads\/2023\/09\/Lampen-shop_Autobaak.nl_LargeLeaderboard_139-1.png","contentUrl":"https:\/\/autobaak.nl\/wp-content\/uploads\/2023\/09\/Lampen-shop_Autobaak.nl_LargeLeaderboard_139-1.png"},{"@type":"BreadcrumbList","@id":"https:\/\/autobaak.nl\/skoda-lampenoverzicht\/#breadcrumb","itemListElement":[{"@type":"ListItem","position":1,"name":"Home","item":"https:\/\/autobaak.nl\/"},{"@type":"ListItem","position":2,"name":"Skoda lampenoverzicht"}]},{"@type":"WebSite","@id":"https:\/\/autobaak.nl\/#website","url":"https:\/\/autobaak.nl\/","name":"Autobook.de","description":"Autos &amp; Rennsport","potentialAction":[{"@type":"SearchAction","target":{"@type":"EntryPoint","urlTemplate":"https:\/\/autobaak.nl\/?s={search_term_string}"},"query-input":{"@type":"PropertyValueSpecification","valueRequired":true,"valueName":"search_term_string"}}],"inLanguage":"de"}]}},"_links":{"self":[{"href":"https:\/\/autobaak.nl\/de\/wp-json\/wp\/v2\/pages\/1173","targetHints":{"allow":["GET"]}}],"collection":[{"href":"https:\/\/autobaak.nl\/de\/wp-json\/wp\/v2\/pages"}],"about":[{"href":"https:\/\/autobaak.nl\/de\/wp-json\/wp\/v2\/types\/page"}],"author":[{"embeddable":true,"href":"https:\/\/autobaak.nl\/de\/wp-json\/wp\/v2\/users\/1"}],"replies":[{"embeddable":true,"href":"https:\/\/autobaak.nl\/de\/wp-json\/wp\/v2\/comments?post=1173"}],"version-history":[{"count":1,"href":"https:\/\/autobaak.nl\/de\/wp-json\/wp\/v2\/pages\/1173\/revisions"}],"predecessor-version":[{"id":156816,"href":"https:\/\/autobaak.nl\/de\/wp-json\/wp\/v2\/pages\/1173\/revisions\/156816"}],"wp:attachment":[{"href":"https:\/\/autobaak.nl\/de\/wp-json\/wp\/v2\/media?parent=1173"}],"curies":[{"name":"wp","href":"https:\/\/api.w.org\/{rel}","templated":true}]}}