{"id":121488,"date":"2021-12-02T22:07:06","date_gmt":"2021-12-02T22:07:06","guid":{"rendered":"https:\/\/autobaak.nl\/?page_id=121488"},"modified":"2021-12-02T22:07:06","modified_gmt":"2021-12-02T22:07:06","slug":"erklarung-zum-datenschutz","status":"publish","type":"page","link":"https:\/\/autobaak.nl\/de\/erklarung-zum-datenschutz\/","title":{"rendered":"Erkl\u00e4rung zum Datenschutz"},"content":{"rendered":"<p><span style=\"font-weight: 400;\">New Road Digital, Eigent\u00fcmer von autobaak.nl, mit Sitz in der topaaslaan 34-3 3523AW Utrecht, ist verantwortlich f\u00fcr die Verarbeitung personenbezogener Daten, wie in dieser Datenschutzerkl\u00e4rung dargelegt.<\/span><\/p>\n<p><span style=\"font-weight: 400;\">Kontaktinformationen:<\/span><\/p>\n<p><span style=\"font-weight: 400;\">Info@stijnvanveelen.nl<\/span><\/p>\n<p><span style=\"font-weight: 400;\">Topazlaan 34-3 3523AW Utrecht<\/span><\/p>\n<p><span style=\"font-weight: 400;\">0620747245<\/span><\/p>\n<p><span style=\"font-weight: 400;\">Stijn van Veelen ist der Datenschutzbeauftragte von New Road Digital. Sie k\u00f6nnen ihn unter info@stijnvanveelen.nl erreichen.<\/span><\/p>\n<h2><b>Personenbezogene Daten, die wir verarbeiten<\/b><\/h2>\n<p><span style=\"font-weight: 400;\">New Road Digital verarbeitet Ihre pers\u00f6nlichen Daten, weil Sie unsere Dienste in Anspruch nehmen und\/oder weil Sie uns diese Daten selbst zur Verf\u00fcgung stellen. Nachstehend finden Sie einen \u00dcberblick \u00fcber die von uns verarbeiteten personenbezogenen Daten:<\/span><\/p>\n<p><span style=\"font-weight: 400;\">- Vorname und Nachname<\/span><\/p>\n<p><span style=\"font-weight: 400;\">- E-Mail Adresse<\/span><\/p>\n<p><span style=\"font-weight: 400;\">- Andere personenbezogene Daten, die Sie aktiv zur Verf\u00fcgung stellen, z. B. durch die Erstellung eines Profils auf<\/span><\/p>\n<p><span style=\"font-weight: 400;\">diese Website zu erstellen, im Schriftverkehr und per Telefon<\/span><\/p>\n<p><span style=\"font-weight: 400;\">- Daten \u00fcber Ihre Aktivit\u00e4ten auf unserer Website<\/span><\/p>\n<p><span style=\"font-weight: 400;\">- Daten \u00fcber Ihr Surfverhalten auf verschiedenen Websites (z. B. weil dieses Unternehmen Teil eines Werbenetzwerks ist)<\/span><\/p>\n<p><span style=\"font-weight: 400;\">- Internet-Browser und Ger\u00e4tetyp<\/span><\/p>\n<h2><b>Besondere und\/oder sensible personenbezogene Daten, die wir verarbeiten<\/b><\/h2>\n<p><span style=\"font-weight: 400;\">Unsere Website und\/oder unser Dienst hat nicht die Absicht, Daten von Website-Besuchern zu sammeln, die unter 16 Jahre alt sind. Es sei denn, sie haben die Erlaubnis ihrer Eltern oder ihres Vormunds. Wir k\u00f6nnen jedoch nicht \u00fcberpr\u00fcfen, ob ein Besucher \u00fcber 16 Jahre alt ist. Wir empfehlen daher, die Eltern in die Online-Aktivit\u00e4ten ihrer Kinder einzubeziehen, um zu verhindern, dass Daten \u00fcber Kinder ohne elterliche Zustimmung gesammelt werden. Wenn Sie davon \u00fcberzeugt sind, dass wir personenbezogene Daten \u00fcber einen Minderj\u00e4hrigen ohne eine solche Zustimmung gesammelt haben, wenden Sie sich bitte an info@stijnvanveelen.nl, und wir werden diese Informationen l\u00f6schen.<\/span><\/p>\n<h2><b>Zu welchem Zweck und auf welcher Grundlage verarbeiten wir personenbezogene Daten?<\/b><\/h2>\n<p><span style=\"font-weight: 400;\">New Road Digital verarbeitet Ihre pers\u00f6nlichen Daten f\u00fcr die folgenden Zwecke:<\/span><\/p>\n<p><span style=\"font-weight: 400;\">- Abwicklung Ihrer Zahlung<\/span><\/p>\n<p><span style=\"font-weight: 400;\">- Zusendung unseres Newsletters und\/oder unserer Werbebrosch\u00fcre<\/span><\/p>\n<p><span style=\"font-weight: 400;\">- Sie \u00fcber \u00c4nderungen an unseren Dienstleistungen und Produkten zu informieren<\/span><\/p>\n<p><span style=\"font-weight: 400;\">- Sie haben die M\u00f6glichkeit, ein Konto zu erstellen<\/span><\/p>\n<p><span style=\"font-weight: 400;\">- New Road Digital analysiert Ihr Verhalten auf der Website, um die Website zu verbessern und das Angebot an Produkten und Dienstleistungen auf Ihre Pr\u00e4ferenzen abzustimmen.<\/span><\/p>\n<p><span style=\"font-weight: 400;\">- New Road Digital verfolgt Ihr Surfverhalten auf verschiedenen Websites, was es uns erm\u00f6glicht, unsere Produkte und Dienstleistungen auf Ihre Bed\u00fcrfnisse abzustimmen.<\/span><\/p>\n<h2><b>Automatisierte Entscheidungsfindung<\/b><\/h2>\n<p><span style=\"font-weight: 400;\">New Road Digital trifft Entscheidungen auf der Grundlage einer automatisierten Verarbeitung, die (erhebliche) Folgen f\u00fcr Personen haben kann. Diese Entscheidungen werden von Computerprogrammen oder -systemen getroffen, ohne dass ein Mensch (z. B. ein Mitarbeiter von New Road Digital) daran beteiligt ist. New Road Digital verwendet die folgenden Computerprogramme oder Systeme: #use_explanation<\/span><\/p>\n<h2><b>Wie lange wir personenbezogene Daten aufbewahren<\/b><\/h2>\n<p><span style=\"font-weight: 400;\">New Road Digital wird Ihre personenbezogenen Daten nicht l\u00e4nger aufbewahren, als es unbedingt notwendig ist, um die Zwecke zu erf\u00fcllen, f\u00fcr die Ihre Daten erhoben wurden. Wir verwenden die folgenden Aufbewahrungsfristen f\u00fcr die folgenden (Kategorien von) personenbezogenen Daten: 1TP5Aufbewahrungszeit_period<\/span><\/p>\n<h2><b>Weitergabe von personenbezogenen Daten an Dritte<\/b><\/h2>\n<p><span style=\"font-weight: 400;\">New Road Digital verkauft Ihre Daten nicht an Dritte und stellt sie nur dann zur Verf\u00fcgung, wenn dies f\u00fcr die Ausf\u00fchrung unserer Vereinbarung mit Ihnen oder zur Erf\u00fcllung einer gesetzlichen Verpflichtung erforderlich ist. Mit Unternehmen, die Ihre Daten in unserem Auftrag verarbeiten, schlie\u00dfen wir einen Auftragsverarbeitungsvertrag ab, um das gleiche Ma\u00df an Sicherheit und Vertraulichkeit Ihrer Daten zu gew\u00e4hrleisten. New Road Digital bleibt f\u00fcr diese Verarbeitung verantwortlich.<\/span><\/p>\n<h2><b>Cookies oder \u00e4hnliche Technologien, die wir verwenden<\/b><\/h2>\n<p><span style=\"font-weight: 400;\">New Road Digital verwendet funktionale, analytische und Tracking-Cookies. Ein Cookie ist eine kleine Textdatei, die im Browser Ihres Computers, Tablets oder Smartphones gespeichert wird, wenn Sie diese Website zum ersten Mal besuchen. New Road Digital verwendet Cookies mit einer rein technischen Funktion. Diese stellen sicher, dass die Website ordnungsgem\u00e4\u00df funktioniert und dass z. B. Ihre Pr\u00e4ferenzen gespeichert werden. Diese Cookies werden auch verwendet, um das Funktionieren der Website zu gew\u00e4hrleisten und sie zu optimieren. Au\u00dferdem platzieren wir Cookies, die Ihr Surfverhalten verfolgen, damit wir Ihnen ma\u00dfgeschneiderte Inhalte und Werbung anbieten k\u00f6nnen. Bei Ihrem ersten Besuch auf unserer Website haben wir Sie bereits \u00fcber diese Cookies informiert und um Ihr Einverst\u00e4ndnis gebeten, sie zu setzen. Sie k\u00f6nnen die Verwendung von Cookies ablehnen, indem Sie Ihren Internet-Browser so einstellen, dass keine Cookies mehr gespeichert werden. Sie k\u00f6nnen auch alle zuvor gespeicherten Informationen \u00fcber Ihre Browsereinstellungen l\u00f6schen. F\u00fcr eine Erkl\u00e4rung siehe: https:\/\/veiliginternetten.nl\/themes\/situatie\/cookies-wat-zijn-het-en-wat-doe-ik-ermee\/<\/span><\/p>\n<h2><b>Einsehen, \u00c4ndern oder L\u00f6schen von Daten<\/b><\/h2>\n<p><span style=\"font-weight: 400;\">Sie haben das Recht, Ihre personenbezogenen Daten einzusehen, zu berichtigen oder zu l\u00f6schen. Dar\u00fcber hinaus haben Sie das Recht, Ihre eventuelle Zustimmung zur Datenverarbeitung zu widerrufen oder der Verarbeitung Ihrer personenbezogenen Daten durch New Road Digital zu widersprechen, und Sie haben das Recht auf Daten\u00fcbertragbarkeit. Das bedeutet, dass Sie uns auffordern k\u00f6nnen, die personenbezogenen Daten, die wir \u00fcber Sie in einer Computerdatei gespeichert haben, an Sie oder eine andere von Ihnen benannte Organisation zu \u00fcbermitteln. Sie k\u00f6nnen einen Antrag auf Einsichtnahme, Berichtigung, L\u00f6schung, \u00c4nderung der Daten oder einen Antrag auf Widerruf Ihrer Einwilligung oder Widerspruch gegen die Verarbeitung Ihrer personenbezogenen Daten an info@stijnvanveelen.nl senden. Um sicherzugehen, dass der Antrag auf Einsichtnahme von Ihnen gestellt wurde, bitten wir Sie, dem Antrag eine Kopie Ihres Personalausweises beizuf\u00fcgen. Bitte achten Sie darauf, dass Ihr Passfoto, die MRZ (maschinenlesbare Zone), die Passnummer und die B\u00fcrgerservicenummer (BSN) in dieser Kopie geschw\u00e4rzt sind. Dies dient dem Schutz Ihrer Privatsph\u00e4re. Wir werden Ihre Anfrage so schnell wie m\u00f6glich, jedoch innerhalb von vier Wochen beantworten. New Road Digital weist au\u00dferdem darauf hin, dass Sie die M\u00f6glichkeit haben, eine Beschwerde bei der nationalen Aufsichtsbeh\u00f6rde, der Autoriteit Persoonsgegevens, einzureichen. Sie k\u00f6nnen dies \u00fcber den folgenden Link tun: https:\/\/autoriteitpersoonsgegevens.nl\/nl\/contact-met-de-autoriteit-persoonsgegevens\/tip-ons<\/span><\/p>\n<h2><b>Wie wir personenbezogene Daten sch\u00fctzen<\/b><\/h2>\n<p><span style=\"font-weight: 400;\">New Road Digital nimmt den Schutz Ihrer Daten ernst und ergreift geeignete Ma\u00dfnahmen, um Missbrauch, Verlust, unbefugten Zugriff, unerw\u00fcnschte Offenlegung und unbefugte \u00c4nderungen zu verhindern. Wenn Sie den Eindruck haben, dass Ihre Daten nicht ordnungsgem\u00e4\u00df gesichert sind oder es Hinweise auf einen Missbrauch gibt, wenden Sie sich bitte an unseren Kundendienst oder an info@stijnvanveelen.nl.<\/span><\/p>","protected":false},"excerpt":{"rendered":"<p>New Road Digital, Eigent\u00fcmer von autobaak.nl, mit Sitz in der topaaslaan 34-3 3523AW Utrecht, ist verantwortlich f\u00fcr die Verarbeitung personenbezogener Daten, wie in dieser Datenschutzerkl\u00e4rung dargelegt. Kontaktinformationen: Info@stijnvanveelen.nl Topaaslaan 34-3 3523AW Utrecht 0620747245 Stijn van Veelen ist der Datenschutzbeauftragte von New Road Digital Er\/Sie ist erreichbar unter info@stijnvanveelen.nl Pers\u00f6nliche Daten, die wir verarbeiten New Road Digital [...]<\/p>","protected":false},"author":1,"featured_media":0,"parent":0,"menu_order":0,"comment_status":"closed","ping_status":"closed","template":"","meta":{"_et_pb_use_builder":"","_et_pb_old_content":"","_et_gb_content_width":"","footnotes":""},"class_list":["post-121488","page","type-page","status-publish","hentry"],"yoast_head":"<!-- This site is optimized with the Yoast SEO plugin v27.4 - https:\/\/yoast.com\/product\/yoast-seo-wordpress\/ -->\n<title>privacyverklaring - Autobaak.nl<\/title>\n<meta name=\"robots\" content=\"index, follow, max-snippet:-1, max-image-preview:large, max-video-preview:-1\" \/>\n<link rel=\"canonical\" href=\"https:\/\/autobaak.nl\/de\/erklarung-zum-datenschutz\/\" \/>\n<meta property=\"og:locale\" content=\"de_DE\" \/>\n<meta property=\"og:type\" content=\"article\" \/>\n<meta property=\"og:title\" content=\"privacyverklaring - Autobaak.nl\" \/>\n<meta property=\"og:description\" content=\"New Road Digital eigenaar van autobaak.nl, gevestigd aan topaaslaan 34-3 3523AW Utrecht, is verantwoordelijk voor de verwerking van persoonsgegevens zoals weergegeven in deze privacyverklaring. Contactgegevens: Info@stijnvanveelen.nl Topaaslaan 34-3 3523AW Utrecht 0620747245 Stijn van Veelen is de Functionaris Gegevensbescherming van New Road Digital Hij\/zij is te bereiken via info@stijnvanveelen.nl Persoonsgegevens die wij verwerken New Road Digital [&hellip;]\" \/>\n<meta property=\"og:url\" content=\"https:\/\/autobaak.nl\/de\/erklarung-zum-datenschutz\/\" \/>\n<meta property=\"og:site_name\" content=\"Autobaak.nl\" \/>\n<meta name=\"twitter:card\" content=\"summary_large_image\" \/>\n<meta name=\"twitter:label1\" content=\"Gesch\u00e4tzte Lesezeit\" \/>\n\t<meta name=\"twitter:data1\" content=\"5\u00a0Minuten\" \/>\n<script type=\"application\/ld+json\" class=\"yoast-schema-graph\">{\"@context\":\"https:\\\/\\\/schema.org\",\"@graph\":[{\"@type\":\"WebPage\",\"@id\":\"https:\\\/\\\/autobaak.nl\\\/privacyverklaring\\\/\",\"url\":\"https:\\\/\\\/autobaak.nl\\\/privacyverklaring\\\/\",\"name\":\"privacyverklaring - Autobaak.nl\",\"isPartOf\":{\"@id\":\"https:\\\/\\\/autobaak.nl\\\/#website\"},\"datePublished\":\"2021-12-02T22:07:06+00:00\",\"breadcrumb\":{\"@id\":\"https:\\\/\\\/autobaak.nl\\\/privacyverklaring\\\/#breadcrumb\"},\"inLanguage\":\"de\",\"potentialAction\":[{\"@type\":\"ReadAction\",\"target\":[\"https:\\\/\\\/autobaak.nl\\\/privacyverklaring\\\/\"]}]},{\"@type\":\"BreadcrumbList\",\"@id\":\"https:\\\/\\\/autobaak.nl\\\/privacyverklaring\\\/#breadcrumb\",\"itemListElement\":[{\"@type\":\"ListItem\",\"position\":1,\"name\":\"Home\",\"item\":\"https:\\\/\\\/autobaak.nl\\\/\"},{\"@type\":\"ListItem\",\"position\":2,\"name\":\"privacyverklaring\"}]},{\"@type\":\"WebSite\",\"@id\":\"https:\\\/\\\/autobaak.nl\\\/#website\",\"url\":\"https:\\\/\\\/autobaak.nl\\\/\",\"name\":\"Autobaak.nl\",\"description\":\"Cars &amp; Racing\",\"potentialAction\":[{\"@type\":\"SearchAction\",\"target\":{\"@type\":\"EntryPoint\",\"urlTemplate\":\"https:\\\/\\\/autobaak.nl\\\/?s={search_term_string}\"},\"query-input\":{\"@type\":\"PropertyValueSpecification\",\"valueRequired\":true,\"valueName\":\"search_term_string\"}}],\"inLanguage\":\"de\"}]}<\/script>\n<!-- \/ Yoast SEO plugin. -->","yoast_head_json":{"title":"Datenschutzerkl\u00e4rung - Autobaak.de","robots":{"index":"index","follow":"follow","max-snippet":"max-snippet:-1","max-image-preview":"max-image-preview:large","max-video-preview":"max-video-preview:-1"},"canonical":"https:\/\/autobaak.nl\/de\/erklarung-zum-datenschutz\/","og_locale":"de_DE","og_type":"article","og_title":"privacyverklaring - Autobaak.nl","og_description":"New Road Digital eigenaar van autobaak.nl, gevestigd aan topaaslaan 34-3 3523AW Utrecht, is verantwoordelijk voor de verwerking van persoonsgegevens zoals weergegeven in deze privacyverklaring. Contactgegevens: Info@stijnvanveelen.nl Topaaslaan 34-3 3523AW Utrecht 0620747245 Stijn van Veelen is de Functionaris Gegevensbescherming van New Road Digital Hij\/zij is te bereiken via info@stijnvanveelen.nl Persoonsgegevens die wij verwerken New Road Digital [&hellip;]","og_url":"https:\/\/autobaak.nl\/de\/erklarung-zum-datenschutz\/","og_site_name":"Autobaak.nl","twitter_card":"summary_large_image","twitter_misc":{"Gesch\u00e4tzte Lesezeit":"5\u00a0Minuten"},"schema":{"@context":"https:\/\/schema.org","@graph":[{"@type":"WebPage","@id":"https:\/\/autobaak.nl\/privacyverklaring\/","url":"https:\/\/autobaak.nl\/privacyverklaring\/","name":"Datenschutzerkl\u00e4rung - Autobaak.de","isPartOf":{"@id":"https:\/\/autobaak.nl\/#website"},"datePublished":"2021-12-02T22:07:06+00:00","breadcrumb":{"@id":"https:\/\/autobaak.nl\/privacyverklaring\/#breadcrumb"},"inLanguage":"de","potentialAction":[{"@type":"ReadAction","target":["https:\/\/autobaak.nl\/privacyverklaring\/"]}]},{"@type":"BreadcrumbList","@id":"https:\/\/autobaak.nl\/privacyverklaring\/#breadcrumb","itemListElement":[{"@type":"ListItem","position":1,"name":"Home","item":"https:\/\/autobaak.nl\/"},{"@type":"ListItem","position":2,"name":"privacyverklaring"}]},{"@type":"WebSite","@id":"https:\/\/autobaak.nl\/#website","url":"https:\/\/autobaak.nl\/","name":"Autobook.de","description":"Autos &amp; Rennsport","potentialAction":[{"@type":"SearchAction","target":{"@type":"EntryPoint","urlTemplate":"https:\/\/autobaak.nl\/?s={search_term_string}"},"query-input":{"@type":"PropertyValueSpecification","valueRequired":true,"valueName":"search_term_string"}}],"inLanguage":"de"}]}},"_links":{"self":[{"href":"https:\/\/autobaak.nl\/de\/wp-json\/wp\/v2\/pages\/121488","targetHints":{"allow":["GET"]}}],"collection":[{"href":"https:\/\/autobaak.nl\/de\/wp-json\/wp\/v2\/pages"}],"about":[{"href":"https:\/\/autobaak.nl\/de\/wp-json\/wp\/v2\/types\/page"}],"author":[{"embeddable":true,"href":"https:\/\/autobaak.nl\/de\/wp-json\/wp\/v2\/users\/1"}],"replies":[{"embeddable":true,"href":"https:\/\/autobaak.nl\/de\/wp-json\/wp\/v2\/comments?post=121488"}],"version-history":[{"count":0,"href":"https:\/\/autobaak.nl\/de\/wp-json\/wp\/v2\/pages\/121488\/revisions"}],"wp:attachment":[{"href":"https:\/\/autobaak.nl\/de\/wp-json\/wp\/v2\/media?parent=121488"}],"curies":[{"name":"wp","href":"https:\/\/api.w.org\/{rel}","templated":true}]}}