{"id":121594,"date":"2022-03-01T07:39:03","date_gmt":"2022-03-01T07:39:03","guid":{"rendered":"https:\/\/autobaak.nl\/?page_id=121594"},"modified":"2022-03-02T07:53:41","modified_gmt":"2022-03-02T07:53:41","slug":"motorol-alfa-romeo-147","status":"publish","type":"page","link":"https:\/\/autobaak.nl\/de\/motorol-alfa-romeo-147\/","title":{"rendered":"motor-\u00f6l-alpha-romeo-147"},"content":{"rendered":"<p>[et_pb_section fb_built=\"1\u2033 custom_padding_last_edited=\"on|desktop\" admin_label=\"Section\" _builder_version=\"3.22\u2033 background_colour=\"#0c71c3\u2033 custom_padding_tablet=\"50px|0|50px|0\u2033 custom_padding_phone=\"50px|0|50px|0\u2033 transparent_background=\"off\" padding_mobile=\"off\" make_fullwidth=\"off\" use_custom_width=\"off\" width_unit=\"on\" global_colors_info=\"{}\"][et_pb_row admin_label=\"Row\" _builder_version=\"3.25\u2033 background_size=\"initial\" background_position=\"top_left\" background_repeat=\"repeat\" global_colors_info=\"{}\"][et_pb_column type=\"4_4\u2033 _builder_version=\"3.25\u2033 custom_padding=\"|||\" global_colors_info=\"{}\" custom_padding__hover=\"|||\"][et_pb_text admin_label=\"Text\" _builder_version=\"4.14.8\u2033 background_size=\"initial\" background_position=\"top_left\" background_repeat=\"repeat\" text_orientation=\"centre\" background_layout=\"dark\" module_alignment=\"centre\" use_border_color=\"off\" border_color=\"#ffffff\" border_style=\"solid\" global_colors_info=\"{}\"][et_pb_text admin_label=\"text<\/p>\n<h1 style=\"text-align: center;\">Welches Alfa Romeo 147 Motor\u00f6l<\/h1>\n<p>[\/et_pb_text][\/et_pb_column][\/et_pb_row][\/et_pb_section][et_pb_section fb_built=\"1\u2033 admin_label=\"Section\" _builder_version=\"3.22\u2033 global_colors_info=\"{}\"][et_pb_row column_structure=\"3_4,1_4\u2033 admin_label=\"Row\" _builder_version=\"3.25\u2033 background_size=\"initial\" background_position=\"top_left\" background_repeat=\"repeat\" global_colors_info=\"{}\"][et_pb_column type=\"3_4\u2033 _builder_version=\"3.25\u2033 custom_padding=\"|||\" global_colors_info=\"{}\" custom_padding__hover=\"|||\"][et_pb_text admin_label=\"Text\" _builder_version=\"4.14.8\u2033 background_size=\"initial\" background_position=\"top_left\" background_repeat=\"repeat\" use_border_color=\"off\" border_color=\"#ffffff\" border_style=\"solid\" global_colors_info=\"{}\"]<\/p>\n<p>Der Alfa Romeo 147 ist ein kompaktes Modell italienischer Herkunft. Der rechtzeitige Wechsel des Motor\u00f6ls ist wichtig, um Motorverschlei\u00df zu vermeiden und einen reibungslosen Betrieb des Motors zu gew\u00e4hrleisten. Der rechtzeitige Wechsel des Motor\u00f6ls sorgt au\u00dferdem f\u00fcr einen geringeren Verbrauch und weniger Emissionen. Sehen Sie unten, welches Motor\u00f6l Ihr Alfa Romeo 147 ben\u00f6tigt:<\/p>\n<p>[\/et_pb_text][et_pb_text admin_label=\"Text\" _builder_version=\"4.14.8\u2033 background_size=\"initial\" background_position=\"top_left\" background_repeat=\"repeat\" use_border_color=\"off\" border_color=\"#ffffff\" border_style=\"solid\" global_colors_info=\"{}\"]<\/p>\n<h2>Motor\u00f6l Alfa 147 Benzinmodelle, die zwischen 2000 und 2010 hergestellt wurden<strong><br \/><\/strong><\/h2>\n<ul>\n<li>Alfa Romeo 147 1.6 16v T.Spark 77 und 88 kW =<br \/>Motor\u00f6l:\u00a0<strong>SAE<\/strong> <strong>10w40 <\/strong><strong><br \/><\/strong>Intervall: <strong>20.000 km oder nach maximal 12 Monaten<br \/><\/strong>Menge<strong>: 4,4 Liter + 0,4 Liter im \u00d6lfilter<\/strong><strong><\/strong><\/li>\n<li>Alfa Romeo 147 2.0 16v T.Spark 110 kW =<br \/>Motor\u00f6l:\u00a0<strong>SAE<\/strong> <strong>10w40 <\/strong><strong><br \/><\/strong>Intervall: <strong>20.000 km oder nach maximal 12 Monaten<br \/><\/strong>Menge<strong>: 4,4 Liter + 0,4 Liter im \u00d6lfilter<\/strong><\/li>\n<li>Alfa Romeo 147 3.2 GTA V6 =<br \/>Motor\u00f6l:\u00a0<strong>SAE<\/strong> <strong>10w60 <\/strong><strong><br \/><\/strong>Intervall: <strong>20.000 km oder nach maximal 12 Monaten<br \/><\/strong>Menge<strong>4,4 Liter + 0,4 Liter im \u00d6lfilter<\/strong><strong>r<\/strong><\/li>\n<\/ul>\n<h2>Diesel-Varianten, hergestellt zwischen 2000 und 2010<strong><br \/><\/strong><\/h2>\n<ul>\n<li>Alfa Romeo 147 1.9 JTD =<br \/>Motor\u00f6l:\u00a0<strong>SAE<\/strong> <strong>10w40 <\/strong><strong><br \/><\/strong>Intervall: <strong>10.000 km oder nach maximal 18 Monaten<br \/><\/strong>Menge<strong>: 4,4 Liter + 0,4 Liter im \u00d6lfilter<\/strong><\/li>\n<li>Alfa Romeo 147 1.9 JTDM =<br \/>Motor\u00f6l:\u00a0<strong>SAE<\/strong> <strong>10w40 <\/strong><strong><br \/><\/strong>Intervall: <strong>20.000 km oder nach maximal 12 Monaten<br \/><\/strong>Menge<strong>: 4,4 Liter + 0,4 Liter im \u00d6lfilter<\/strong><\/li>\n<\/ul>\n<p>[\/et_pb_text][\/et_pb_column][et_pb_column type=\"1_4\u2033 _builder_version=\"3.25\u2033 custom_padding=\"|||\" global_colors_info=\"{}\" custom_padding__hover=\"|||\"][et_pb_code _builder_version=\"4.14.8\u2033 _module_preset=\"default\" global_module=\"121601\u2033 saved_tabs=\"all\" global_colors_info=\"{}\"]bloom test[\/et_pb_code][\/et_pb_column][\/et_pb_row][et_pb_row _builder_version=\"4.14.8\u2033 _module_preset=\"default\" hover_enabled=\"0\u2033 sticky_enabled=\"0\u2033][et_pb_column _builder_version=\"4.14.8\u2033 _module_preset=\"default\" type=\"4_4\u2033][et_pb_code _builder_version=\"4.14.8\u2033 _module_preset=\"default\" hover_enabled=\"0\u2033 sticky_enabled=\"0\u2033 global_module=\"121632\u2033 saved_tabs=\"all\"]products[\/et_pb_code][\/et_pb_column][\/et_pb_row][\/et_pb_section]<\/p>","protected":false},"excerpt":{"rendered":"<p>Der Alfa Romeo 147 ist ein kompaktes Modell italienischer Herkunft. Der rechtzeitige Wechsel des Motor\u00f6ls ist wichtig, um Motorverschlei\u00df zu vermeiden und einen reibungslosen Betrieb des Motors zu gew\u00e4hrleisten. Der rechtzeitige Wechsel des Motor\u00f6ls sorgt au\u00dferdem f\u00fcr einen geringeren Verbrauch und weniger Emissionen. Sehen Sie unten, welches Motor\u00f6l Ihr Alfa Romeo 147 ben\u00f6tigt:<\/p>","protected":false},"author":1,"featured_media":0,"parent":0,"menu_order":0,"comment_status":"closed","ping_status":"closed","template":"","meta":{"_et_pb_use_builder":"on","_et_pb_old_content":"","_et_gb_content_width":"","footnotes":""},"class_list":["post-121594","page","type-page","status-publish","hentry"],"yoast_head":"<!-- This site is optimized with the Yoast SEO plugin v27.5 - https:\/\/yoast.com\/product\/yoast-seo-wordpress\/ -->\n<title>Motorolie Alfa Romeo 147 nodig? Bekijk welke olie jouw auto nodig heeft<\/title>\n<meta name=\"description\" content=\"Motorolie vervangen van Alfa Romeo 147? Bekijk welke en hoeveel olie jouw auto nodig heeft - 10w40 of toch 10w60? Benzine en Diesel\" \/>\n<meta name=\"robots\" content=\"index, follow, max-snippet:-1, max-image-preview:large, max-video-preview:-1\" \/>\n<link rel=\"canonical\" href=\"https:\/\/autobaak.nl\/de\/motorol-alfa-romeo-147\/\" \/>\n<meta property=\"og:locale\" content=\"de_DE\" \/>\n<meta property=\"og:type\" content=\"article\" \/>\n<meta property=\"og:title\" content=\"Motorolie Alfa Romeo 147 nodig? Bekijk welke olie jouw auto nodig heeft\" \/>\n<meta property=\"og:description\" content=\"Motorolie vervangen van Alfa Romeo 147? Bekijk welke en hoeveel olie jouw auto nodig heeft - 10w40 of toch 10w60? Benzine en Diesel\" \/>\n<meta property=\"og:url\" content=\"https:\/\/autobaak.nl\/de\/motorol-alfa-romeo-147\/\" \/>\n<meta property=\"og:site_name\" content=\"Autobaak.nl\" \/>\n<meta property=\"article:modified_time\" content=\"2022-03-02T07:53:41+00:00\" \/>\n<meta name=\"twitter:card\" content=\"summary_large_image\" \/>\n<meta name=\"twitter:label1\" content=\"Gesch\u00e4tzte Lesezeit\" \/>\n\t<meta name=\"twitter:data1\" content=\"3\u00a0Minuten\" \/>\n<script type=\"application\/ld+json\" class=\"yoast-schema-graph\">{\"@context\":\"https:\\\/\\\/schema.org\",\"@graph\":[{\"@type\":\"WebPage\",\"@id\":\"https:\\\/\\\/autobaak.nl\\\/motorolie-alfa-romeo-147\\\/\",\"url\":\"https:\\\/\\\/autobaak.nl\\\/motorolie-alfa-romeo-147\\\/\",\"name\":\"Motorolie Alfa Romeo 147 nodig? Bekijk welke olie jouw auto nodig heeft\",\"isPartOf\":{\"@id\":\"https:\\\/\\\/autobaak.nl\\\/#website\"},\"datePublished\":\"2022-03-01T07:39:03+00:00\",\"dateModified\":\"2022-03-02T07:53:41+00:00\",\"description\":\"Motorolie vervangen van Alfa Romeo 147? Bekijk welke en hoeveel olie jouw auto nodig heeft - 10w40 of toch 10w60? Benzine en Diesel\",\"breadcrumb\":{\"@id\":\"https:\\\/\\\/autobaak.nl\\\/motorolie-alfa-romeo-147\\\/#breadcrumb\"},\"inLanguage\":\"de\",\"potentialAction\":[{\"@type\":\"ReadAction\",\"target\":[\"https:\\\/\\\/autobaak.nl\\\/motorolie-alfa-romeo-147\\\/\"]}]},{\"@type\":\"BreadcrumbList\",\"@id\":\"https:\\\/\\\/autobaak.nl\\\/motorolie-alfa-romeo-147\\\/#breadcrumb\",\"itemListElement\":[{\"@type\":\"ListItem\",\"position\":1,\"name\":\"Home\",\"item\":\"https:\\\/\\\/autobaak.nl\\\/\"},{\"@type\":\"ListItem\",\"position\":2,\"name\":\"motorolie-alfa-romeo-147\"}]},{\"@type\":\"WebSite\",\"@id\":\"https:\\\/\\\/autobaak.nl\\\/#website\",\"url\":\"https:\\\/\\\/autobaak.nl\\\/\",\"name\":\"Autobaak.nl\",\"description\":\"Cars &amp; Racing\",\"potentialAction\":[{\"@type\":\"SearchAction\",\"target\":{\"@type\":\"EntryPoint\",\"urlTemplate\":\"https:\\\/\\\/autobaak.nl\\\/?s={search_term_string}\"},\"query-input\":{\"@type\":\"PropertyValueSpecification\",\"valueRequired\":true,\"valueName\":\"search_term_string\"}}],\"inLanguage\":\"de\"}]}<\/script>\n<!-- \/ Yoast SEO plugin. -->","yoast_head_json":{"title":"Brauchen Sie Motor\u00f6l f\u00fcr den Alfa Romeo 147? Finden Sie heraus, welches \u00d6l Ihr Auto braucht","description":"Motor\u00f6l wechseln Alfa Romeo 147? Finden Sie heraus, welches und wie viel \u00d6l Ihr Auto braucht - 10w40 oder 10w60? Benzin und Diesel","robots":{"index":"index","follow":"follow","max-snippet":"max-snippet:-1","max-image-preview":"max-image-preview:large","max-video-preview":"max-video-preview:-1"},"canonical":"https:\/\/autobaak.nl\/de\/motorol-alfa-romeo-147\/","og_locale":"de_DE","og_type":"article","og_title":"Motorolie Alfa Romeo 147 nodig? Bekijk welke olie jouw auto nodig heeft","og_description":"Motorolie vervangen van Alfa Romeo 147? Bekijk welke en hoeveel olie jouw auto nodig heeft - 10w40 of toch 10w60? Benzine en Diesel","og_url":"https:\/\/autobaak.nl\/de\/motorol-alfa-romeo-147\/","og_site_name":"Autobaak.nl","article_modified_time":"2022-03-02T07:53:41+00:00","twitter_card":"summary_large_image","twitter_misc":{"Gesch\u00e4tzte Lesezeit":"3\u00a0Minuten"},"schema":{"@context":"https:\/\/schema.org","@graph":[{"@type":"WebPage","@id":"https:\/\/autobaak.nl\/motorolie-alfa-romeo-147\/","url":"https:\/\/autobaak.nl\/motorolie-alfa-romeo-147\/","name":"Brauchen Sie Motor\u00f6l f\u00fcr den Alfa Romeo 147? Finden Sie heraus, welches \u00d6l Ihr Auto braucht","isPartOf":{"@id":"https:\/\/autobaak.nl\/#website"},"datePublished":"2022-03-01T07:39:03+00:00","dateModified":"2022-03-02T07:53:41+00:00","description":"Motor\u00f6l wechseln Alfa Romeo 147? Finden Sie heraus, welches und wie viel \u00d6l Ihr Auto braucht - 10w40 oder 10w60? Benzin und Diesel","breadcrumb":{"@id":"https:\/\/autobaak.nl\/motorolie-alfa-romeo-147\/#breadcrumb"},"inLanguage":"de","potentialAction":[{"@type":"ReadAction","target":["https:\/\/autobaak.nl\/motorolie-alfa-romeo-147\/"]}]},{"@type":"BreadcrumbList","@id":"https:\/\/autobaak.nl\/motorolie-alfa-romeo-147\/#breadcrumb","itemListElement":[{"@type":"ListItem","position":1,"name":"Home","item":"https:\/\/autobaak.nl\/"},{"@type":"ListItem","position":2,"name":"motorolie-alfa-romeo-147"}]},{"@type":"WebSite","@id":"https:\/\/autobaak.nl\/#website","url":"https:\/\/autobaak.nl\/","name":"Autobook.de","description":"Autos &amp; Rennsport","potentialAction":[{"@type":"SearchAction","target":{"@type":"EntryPoint","urlTemplate":"https:\/\/autobaak.nl\/?s={search_term_string}"},"query-input":{"@type":"PropertyValueSpecification","valueRequired":true,"valueName":"search_term_string"}}],"inLanguage":"de"}]}},"_links":{"self":[{"href":"https:\/\/autobaak.nl\/de\/wp-json\/wp\/v2\/pages\/121594","targetHints":{"allow":["GET"]}}],"collection":[{"href":"https:\/\/autobaak.nl\/de\/wp-json\/wp\/v2\/pages"}],"about":[{"href":"https:\/\/autobaak.nl\/de\/wp-json\/wp\/v2\/types\/page"}],"author":[{"embeddable":true,"href":"https:\/\/autobaak.nl\/de\/wp-json\/wp\/v2\/users\/1"}],"replies":[{"embeddable":true,"href":"https:\/\/autobaak.nl\/de\/wp-json\/wp\/v2\/comments?post=121594"}],"version-history":[{"count":0,"href":"https:\/\/autobaak.nl\/de\/wp-json\/wp\/v2\/pages\/121594\/revisions"}],"wp:attachment":[{"href":"https:\/\/autobaak.nl\/de\/wp-json\/wp\/v2\/media?parent=121594"}],"curies":[{"name":"wp","href":"https:\/\/api.w.org\/{rel}","templated":true}]}}