{"id":121607,"date":"2022-03-01T14:49:52","date_gmt":"2022-03-01T14:49:52","guid":{"rendered":"https:\/\/autobaak.nl\/?page_id=121607"},"modified":"2022-04-08T07:56:34","modified_gmt":"2022-04-08T07:56:34","slug":"polierwagen","status":"publish","type":"page","link":"https:\/\/autobaak.nl\/de\/polierwagen\/","title":{"rendered":"Autopolitur"},"content":{"rendered":"<p>[et_pb_section fb_built=\"1\u2033 custom_padding_last_edited=\"on|desktop\" admin_label=\"section\" _builder_version=\"4.16\u2033 custom_padding=\"4px|0px|52.1094px|0px\" custom_padding_tablet=\"50px|0|50px|0\u2033 custom_padding_phone=\"\" transparent_background=\"off\" padding_mobile=\"off\" make_fullwidth=\"off\" use_custom_width=\"off\" width_unit=\"off\" custom_width_px=\"1080px\" custom_width_percent=\"80%\" global_colors_info=\"{}\"][et_pb_row column_structure=\"1_2,1_2\u2033 padding_mobile=\"off\" column_padding_mobile=\"on\" admin_label=\"row\" _builder_version=\"4.16\u2033 background_size=\"initial\" background_position=\"top_left\" background_repeat=\"repeat\" custom_padding=\"26.0469px|0px|0px|0px\" make_fullwidth=\"off\" use_custom_width=\"off\" width_unit=\"off\" custom_width_px=\"1080px\" custom_width_percent=\"80%\" global_colors_info=\"{}\"][et_pb_column type=\"1_2\u2033 _builder_version=\"4.16\u2033 custom_padding=\"|||\" global_colors_info=\"{}\" custom_padding__hover=\"|||\"][et_pb_text _builder_version=\"4.16\u2033 header_text_colour=\"#505050\u2033 header_font_size=\"25px\" background_size=\"initial\" background_position=\"top_left\" background_repeat=\"repeat\" text_orientation=\"centre\" module_alignment=\"centre\" custom_margin=\"30px||58px|||\" use_border_color=\"off\" border_color=\"#ffffff\" border_style=\"solid\" global_colors_info=\"{}\"]<\/p>\n<h1 style=\"text-align: center;\">Welche Poliermaschine ben\u00f6tige ich?<\/h1>\n<p style=\"text-align: center;\">Eine Polier- oder Schwabbelmaschine zum Polieren des Autolacks ist eine gute Investition. Haben Sie Ihr Auto schon einmal von Hand poliert? Dann wissen Sie, dass dies eine harte Arbeit ist, die garantiert Muskelschmerzen verursacht und oft entt\u00e4uschende Ergebnisse liefert. Wenn Sie sich diese Arbeit erleichtern und bessere Ergebnisse erzielen wollen, sollten Sie eine Poliermaschine verwenden. Die ideale Autopolitur sorgt nicht nur f\u00fcr eine gl\u00e4nzende Oberfl\u00e4che, sondern auch daf\u00fcr, dass (leichte) Kratzer entfernt werden und die Klarheit und Gl\u00e4tte des Lacks verbessert wird, damit Sie ein brillantes Ergebnis erzielen. Bei Autobaak finden Sie die richtige Poliermaschine f\u00fcr Ihre gew\u00fcnschte Anwendung.<\/p>\n<p>[\/et_pb_text][et_pb_button button_url=\"https:\/\/autobaak.nl\/product-categorie\/poetsmiddelen\/poetsmachines\/\" button_text=\"Alle Polierer anzeigen\" button_alignment=\"centre\" _builder_version=\"4.16.1\u2033 custom_button=\"on\" button_text_colour=\"#ffffff\" button_bg_colour=\"rgba(255,91,12,0.84)\" hover_enabled=\"0\u2033 global_colors_info=\"{}\" button_text_size__hover_enabled=\"off\" button_text_size__hover=\"null\" button_one_text_size__hover_enabled=\"off\" button_one_text_size__hover=\"null\" button_two_text_size__hover_enabled=\"off\" button_two_text_size__hover=\"null\" button_text_color__hover_enabled=\"off\" button_text_color__hover=\"null\" button_one_text_color__hover_enabled=\"off\" button_one_text_color__hover=\"null\" button_two_text_color__hover_enabled=\"off\" button_two_text_color__hover=\"null\" button_border_width__hover_enabled=\"off\" button_border_width__hover=\"null\" button_one_border_width__hover_enabled=\"off\" button_one_border_width__hover=\"null\" button_two_border_width__hover_enabled=\"off\" button_two_border_width__hover=\"null\" button_border_color__hover_enabled=\"off\" button_border_color__hover=\"null\" button_one_border_color__hover_enabled=\"off\" button_one_border_color__hover=\"null\" button_two_border_color__hover_enabled=\"off\" button_two_border_color__hover=\"null\" button_border_radius__hover_enabled=\"off\" button_border_radius__hover=\"null\" button_one_border_radius__hover_enabled=\"off\" button_one_border_radius__hover=\"null\" button_two_border_radius__hover_enabled=\"off\" button_two_border_radius__hover=\"null\" button_letter_spacing__hover_enabled=\"on\" button_letter_spacing__hover=\"0\u2033. button_one_letter_spacing__hover_enabled=\"off\" button_one_letter_spacing__hover=\"null\" button_two_letter_spacing__hover_enabled=\"off\" button_two_letter_spacing__hover=\"null\" button_bg_colour__hover_enabled=\"off\" button_bg_color__hover=\"null\" button_one_bg_color__hover_enabled=\"off\" button_one_bg_color__hover=\"null\" button_two_bg_color__hover_enabled=\"off\" button_two_bg_color__hover=\"null\" sticky_enabled=\"0\u2033]&nbsp;<br \/>\n[\/et_pb_button][\/et_pb_column][et_pb_column type=\"1_2\u2033 _builder_version=\"4.16\u2033 custom_padding=\"|||\" global_colors_info=\"{}\" custom_padding__hover=\"|||\"][et_pb_image src=\"https:\/\/autobaak.nl\/wp-content\/uploads\/2022\/03\/Polijstmachine-auto-1.jpg\" alt=\"Polierer auto\" title_text=\"Polierer auto\" align_tablet=\"centre\" align_phone=\"\" align_last_edited=\"on|desktop\" _builder_version=\"4.16\u2033 animation_style=\"slide\" animation_direction=\"left\" animation_duration=\"500ms\" animation_intensity_slide=\"10%\" use_border_color=\"off\" border_color=\"#ffffff\" border_width=\"1px\" border_style=\"solid\" sticky=\"off\" always_center_on_mobile=\"on\" global_colors_info=\"{}\"]&nbsp;<br \/>\n[\/et_pb_image][\/et_pb_column][\/et_pb_row][\/et_pb_section][et_pb_section fb_built=\"1\u2033 custom_padding_last_edited=\"on|desktop\" _builder_version=\"4.16\u2033 custom_padding=\"1px|0px|0px|0px\" custom_padding_tablet=\"50px|0|50px|0\u2033 custom_padding_phone=\"\" transparent_background=\"off\" padding_mobile=\"off\" make_fullwidth=\"off\" use_custom_width=\"off\" width_unit=\"off\" custom_width_px=\"1080px\" custom_width_percent=\"80%\" global_colors_info=\"{}\"][et_pb_row padding_mobile=\"off\" column_padding_mobile=\"on\" _builder_version=\"4.16\u2033 background_size=\"initial\" background_position=\"top_left\" background_repeat=\"repeat\" make_fullwidth=\"off\" use_custom_width=\"off\" width_unit=\"off\" custom_width_px=\"1080px\" custom_width_percent=\"80%\" global_colors_info=\"{}\"][et_pb_column type=\"4_4\u2033 _builder_version=\"4.16\u2033 custom_padding=\"|||\" global_colors_info=\"{}\" custom_padding__hover=\"|||\"][et_pb_text _builder_version=\"4.16\u2033 background_size=\"initial\" background_position=\"top_left\" background_repeat=\"repeat\" text_orientation=\"centre\" module_alignment=\"centre\" use_border_colour=\"off\" border_style=\"solid\" global_colors_info=\"{}\"]<\/p>\n<h2 style=\"text-align: left;\"><strong>Anwendungen f\u00fcr Polierer<\/strong><\/h2>\n<div style=\"text-align: left;\">\n<p>Beim Polieren wird der Lack gegl\u00e4ttet, Unebenheiten k\u00f6nnen ausgeglichen und Lacksch\u00e4den ausgebessert werden. Leichte Kratzer k\u00f6nnen durch Polieren des Lacks ausgebessert werden, egal ob es sich um den Lack Ihres Autos, Wohnwagens, Wohnmobils oder Bootes handelt. Alle Arten von Lacken k\u00f6nnen mit einer Poliermaschine behandelt werden. <span style=\"font-size: 16px;\">Der Hauptunterschied bei der Wahl einer Autopoliermaschine ist die Art der Bewegung des Kopfes. Wir unterscheiden zwischen exzentrischen und rotierenden Bewegungen. Die Exzenterbewegung l\u00e4uft sternf\u00f6rmig ab, w\u00e4hrend die Rotationsmaschine nur den Belag dreht und sich somit im Kreis dreht. Im Folgenden werden die Unterschiede, Vor- und Nachteile der beiden Versionen erl\u00e4utert.<\/span><\/p>\n<\/div>\n<h3 style=\"text-align: left;\"><strong>Exzenterpolierer<\/strong><\/h3>\n<div style=\"text-align: left;\">\n<p>Ein Exzenterpolierer (auch bekannt als DAP oder Dual Action Polisher) ist die ideale Wahl sowohl f\u00fcr Polieranf\u00e4nger als auch f\u00fcr erfahrene Polierer. Die Exzentermaschine macht nicht nur Drehbewegungen, sondern dreht sich auch um ihre eigene Achse. So hinterlassen Sie keine runden Abdr\u00fccke auf dem Lack, die Oberfl\u00e4che wird nicht zu hei\u00df und Sie vermeiden ein Verbrennen des Lacks. Mit diesem Maschinentyp verringern Sie das Risiko von Besch\u00e4digungen beim Polieren. Da sich ein Exzenterpolierer leichter \u00fcber die Lackoberfl\u00e4che f\u00fchren l\u00e4sst und das Risiko von Besch\u00e4digungen minimiert, ist er f\u00fcr Anf\u00e4nger oft die beste Wahl. Denn so k\u00f6nnen Sie das mechanische Polieren ohne Probleme beherrschen. Da die Exzenterpoliermaschine etwas weniger Leistung hat als eine Rotationsmaschine, kann es l\u00e4nger dauern, bis das gew\u00fcnschte Ergebnis erzielt wird, aber in diesem Fall ist Eile selten von Vorteil.<\/p>\n<\/div>\n<div style=\"text-align: left;\">\n<p>Vorteile und Nachteile der exzentrischen Maschine<\/p>\n<\/div>\n<ul style=\"text-align: left;\">\n<li>Einfach zu bedienen, die beste Wahl f\u00fcr den Hausgebrauch und au\u00dferdem billiger als die rotierende Version.<\/li>\n<li>Die exzentrische Bewegung sorgt daf\u00fcr, dass die Oberfl\u00e4che nicht zu hei\u00df wird und die Lackierung nicht verbrennt.<\/li>\n<li>Es ist sicher in der Anwendung und die Gefahr von Lacksch\u00e4den ist sehr gering.<\/li>\n<li>Arbeitet etwas langsamer (aber auch sicherer) als die Rotationsmaschine, was bedeutet, dass man l\u00e4nger polieren muss.<\/li>\n<\/ul>\n<h3 style=\"text-align: left;\"><strong>Rotierende Poliermaschine<\/strong><\/h3>\n<div style=\"text-align: left;\">\n<p>Rotierende Poliermaschinen sind leistungsstark und besonders f\u00fcr starke Kratzer geeignet. Die Maschine verf\u00fcgt \u00fcber eine Scheibe, die sich nur w\u00e4hrend des Polierens dreht und daher keine exzentrischen Bewegungen ausf\u00fchrt. Durch diese rotierenden Bewegungen wird beim Polieren viel W\u00e4rme freigesetzt, wodurch die tieferen Sch\u00e4den und Kratzer aus dem Lack herauspoliert werden k\u00f6nnen. Aufgrund der Leistung der Rotationsmaschine und der von ihr freigesetzten W\u00e4rme ist die Rotationspoliermaschine vor allem f\u00fcr erfahrene Polierer und nicht f\u00fcr Anf\u00e4nger geeignet. Wenn Sie die Maschine nicht richtig benutzen, kann der Lack schnell besch\u00e4digt werden, und das wollen Sie nat\u00fcrlich nicht, wenn Sie Ihr Auto polieren. Wir empfehlen den Rotationspolierer daher nur erfahrenen Polierern.<\/p>\n<\/div>\n<div style=\"text-align: left;\">\n<p>Vorteile und Nachteile der Rotationsmaschine<\/p>\n<\/div>\n<ul style=\"text-align: left;\">\n<li>Die Rotationsmaschine arbeitet schneller als eine Exzentermaschine, weil die Drehbewegungen eine h\u00f6here Geschwindigkeit haben.<\/li>\n<li>Tiefe Kratzer und Sch\u00e4den k\u00f6nnen besser behandelt werden.<\/li>\n<li>Die Oberfl\u00e4che wird hei\u00df, was bei unsachgem\u00e4\u00dfer Anwendung zu Sch\u00e4den am Lack f\u00fchren kann.<\/li>\n<li>Aufgrund der sich wiederholenden Drehbewegungen besteht die M\u00f6glichkeit, dass Sie Hologramme in der Lackierung sehen. Wenn dies der Fall ist, m\u00fcssen Sie diese Hologramme noch mit einer Exzentermaschine nachbearbeiten.<\/li>\n<li>Besonders geeignet f\u00fcr den erfahrenen Autopolierer.<\/li>\n<\/ul>\n<h3 style=\"text-align: left;\"><strong>Starter-Kit mit Pads<\/strong><\/h3>\n<div style=\"text-align: left;\">\n<p>Wenn Sie mit dem maschinellen Polieren beginnen m\u00f6chten, empfehlen wir Ihnen den Kauf eines Einsteigersets, bestehend aus einem Exzenterpolierer und mehreren handels\u00fcblichen Polierpads. Auf diese Weise k\u00f6nnen Sie gleich mit dem Polieren Ihres Autos beginnen!<\/p>\n<\/div>\n<div style=\"text-align: left;\">\n<p>Mehr Informationen \u00fcber die Pads und wie das Polieren funktioniert? Dann klicken Sie auf die untenstehenden Links f\u00fcr weitere Informationen!<\/p>\n<\/div>\n<div style=\"text-align: left;\">\n<ul>\n<li>Wie funktioniert das Polieren? Unter <a href=\"https:\/\/autobaak.nl\/de\/autopolitur-schritt-fur-schritt-plan\/\">diese Seite<\/a> ein Fahrplan f\u00fcr <a href=\"https:\/\/autobaak.nl\/de\/autopolitur-schritt-fur-schritt-plan\/\">Autopolitur.<\/a><\/li>\n<li>Welche Pads gibt es und was ben\u00f6tige ich? Abgerufen von <a href=\"https:\/\/autobaak.nl\/de\/polierpads\/\">diese Seite<\/a> Erl\u00e4uterung der verschiedenen <a href=\"https:\/\/autobaak.nl\/de\/polierpads\/\">Polierpads<\/a>.<\/li>\n<\/ul>\n<\/div>\n<p>[\/et_pb_text][\/et_pb_column][\/et_pb_row][\/et_pb_section].<\/p>","protected":false},"excerpt":{"rendered":"<p>Welche Poliermaschine brauche ich? Eine Poliermaschine oder Schwabbelmaschine zum Polieren von Autolack ist eine gute Investition. Haben Sie Ihr Auto schon einmal von Hand poliert? Dann wissen Sie, dass dies eine m\u00fchsame Arbeit ist, die garantiert Muskelschmerzen verursacht und oft entt\u00e4uschende Ergebnisse liefert. Wenn Sie sich diese Arbeit erleichtern und bessere Ergebnisse erzielen m\u00f6chten, [...]<\/p>","protected":false},"author":1,"featured_media":0,"parent":0,"menu_order":0,"comment_status":"closed","ping_status":"closed","template":"","meta":{"_et_pb_use_builder":"on","_et_pb_old_content":"","_et_gb_content_width":"","footnotes":""},"class_list":["post-121607","page","type-page","status-publish","hentry"],"yoast_head":"<!-- This site is optimized with the Yoast SEO plugin v27.5 - https:\/\/yoast.com\/product\/yoast-seo-wordpress\/ -->\n<title>Polijstmachine auto - Autobaak.nl<\/title>\n<meta name=\"description\" content=\"Een polijstmachine voor het polijsten van je auto. Welke machines zijn er en welke poetsmachine is het meest geschikt? Hier een overzicht.\" \/>\n<meta name=\"robots\" content=\"index, follow, max-snippet:-1, max-image-preview:large, max-video-preview:-1\" \/>\n<link rel=\"canonical\" href=\"https:\/\/autobaak.nl\/de\/polierwagen\/\" \/>\n<meta property=\"og:locale\" content=\"de_DE\" \/>\n<meta property=\"og:type\" content=\"article\" \/>\n<meta property=\"og:title\" content=\"Polijstmachine auto - Autobaak.nl\" \/>\n<meta property=\"og:description\" content=\"Een polijstmachine voor het polijsten van je auto. Welke machines zijn er en welke poetsmachine is het meest geschikt? Hier een overzicht.\" \/>\n<meta property=\"og:url\" content=\"https:\/\/autobaak.nl\/de\/polierwagen\/\" \/>\n<meta property=\"og:site_name\" content=\"Autobaak.nl\" \/>\n<meta property=\"article:modified_time\" content=\"2022-04-08T07:56:34+00:00\" \/>\n<meta name=\"twitter:card\" content=\"summary_large_image\" \/>\n<meta name=\"twitter:label1\" content=\"Gesch\u00e4tzte Lesezeit\" \/>\n\t<meta name=\"twitter:data1\" content=\"7\u00a0Minuten\" \/>\n<script type=\"application\/ld+json\" class=\"yoast-schema-graph\">{\"@context\":\"https:\\\/\\\/schema.org\",\"@graph\":[{\"@type\":\"WebPage\",\"@id\":\"https:\\\/\\\/autobaak.nl\\\/polijstmachine-auto\\\/\",\"url\":\"https:\\\/\\\/autobaak.nl\\\/polijstmachine-auto\\\/\",\"name\":\"Polijstmachine auto - Autobaak.nl\",\"isPartOf\":{\"@id\":\"https:\\\/\\\/autobaak.nl\\\/#website\"},\"datePublished\":\"2022-03-01T14:49:52+00:00\",\"dateModified\":\"2022-04-08T07:56:34+00:00\",\"description\":\"Een polijstmachine voor het polijsten van je auto. Welke machines zijn er en welke poetsmachine is het meest geschikt? Hier een overzicht.\",\"breadcrumb\":{\"@id\":\"https:\\\/\\\/autobaak.nl\\\/polijstmachine-auto\\\/#breadcrumb\"},\"inLanguage\":\"de\",\"potentialAction\":[{\"@type\":\"ReadAction\",\"target\":[\"https:\\\/\\\/autobaak.nl\\\/polijstmachine-auto\\\/\"]}]},{\"@type\":\"BreadcrumbList\",\"@id\":\"https:\\\/\\\/autobaak.nl\\\/polijstmachine-auto\\\/#breadcrumb\",\"itemListElement\":[{\"@type\":\"ListItem\",\"position\":1,\"name\":\"Home\",\"item\":\"https:\\\/\\\/autobaak.nl\\\/\"},{\"@type\":\"ListItem\",\"position\":2,\"name\":\"Polijstmachine auto\"}]},{\"@type\":\"WebSite\",\"@id\":\"https:\\\/\\\/autobaak.nl\\\/#website\",\"url\":\"https:\\\/\\\/autobaak.nl\\\/\",\"name\":\"Autobaak.nl\",\"description\":\"Cars &amp; Racing\",\"potentialAction\":[{\"@type\":\"SearchAction\",\"target\":{\"@type\":\"EntryPoint\",\"urlTemplate\":\"https:\\\/\\\/autobaak.nl\\\/?s={search_term_string}\"},\"query-input\":{\"@type\":\"PropertyValueSpecification\",\"valueRequired\":true,\"valueName\":\"search_term_string\"}}],\"inLanguage\":\"de\"}]}<\/script>\n<!-- \/ Yoast SEO plugin. -->","yoast_head_json":{"title":"Poliermaschine Auto - Autobaak.de","description":"Eine Poliermaschine zum Polieren Ihres Autos. Welche Maschinen gibt es und welche Poliermaschine ist am besten geeignet? Hier ist ein \u00dcberblick.","robots":{"index":"index","follow":"follow","max-snippet":"max-snippet:-1","max-image-preview":"max-image-preview:large","max-video-preview":"max-video-preview:-1"},"canonical":"https:\/\/autobaak.nl\/de\/polierwagen\/","og_locale":"de_DE","og_type":"article","og_title":"Polijstmachine auto - Autobaak.nl","og_description":"Een polijstmachine voor het polijsten van je auto. Welke machines zijn er en welke poetsmachine is het meest geschikt? Hier een overzicht.","og_url":"https:\/\/autobaak.nl\/de\/polierwagen\/","og_site_name":"Autobaak.nl","article_modified_time":"2022-04-08T07:56:34+00:00","twitter_card":"summary_large_image","twitter_misc":{"Gesch\u00e4tzte Lesezeit":"7\u00a0Minuten"},"schema":{"@context":"https:\/\/schema.org","@graph":[{"@type":"WebPage","@id":"https:\/\/autobaak.nl\/polijstmachine-auto\/","url":"https:\/\/autobaak.nl\/polijstmachine-auto\/","name":"Poliermaschine Auto - Autobaak.de","isPartOf":{"@id":"https:\/\/autobaak.nl\/#website"},"datePublished":"2022-03-01T14:49:52+00:00","dateModified":"2022-04-08T07:56:34+00:00","description":"Eine Poliermaschine zum Polieren Ihres Autos. Welche Maschinen gibt es und welche Poliermaschine ist am besten geeignet? Hier ist ein \u00dcberblick.","breadcrumb":{"@id":"https:\/\/autobaak.nl\/polijstmachine-auto\/#breadcrumb"},"inLanguage":"de","potentialAction":[{"@type":"ReadAction","target":["https:\/\/autobaak.nl\/polijstmachine-auto\/"]}]},{"@type":"BreadcrumbList","@id":"https:\/\/autobaak.nl\/polijstmachine-auto\/#breadcrumb","itemListElement":[{"@type":"ListItem","position":1,"name":"Home","item":"https:\/\/autobaak.nl\/"},{"@type":"ListItem","position":2,"name":"Polijstmachine auto"}]},{"@type":"WebSite","@id":"https:\/\/autobaak.nl\/#website","url":"https:\/\/autobaak.nl\/","name":"Autobook.de","description":"Autos &amp; Rennsport","potentialAction":[{"@type":"SearchAction","target":{"@type":"EntryPoint","urlTemplate":"https:\/\/autobaak.nl\/?s={search_term_string}"},"query-input":{"@type":"PropertyValueSpecification","valueRequired":true,"valueName":"search_term_string"}}],"inLanguage":"de"}]}},"_links":{"self":[{"href":"https:\/\/autobaak.nl\/de\/wp-json\/wp\/v2\/pages\/121607","targetHints":{"allow":["GET"]}}],"collection":[{"href":"https:\/\/autobaak.nl\/de\/wp-json\/wp\/v2\/pages"}],"about":[{"href":"https:\/\/autobaak.nl\/de\/wp-json\/wp\/v2\/types\/page"}],"author":[{"embeddable":true,"href":"https:\/\/autobaak.nl\/de\/wp-json\/wp\/v2\/users\/1"}],"replies":[{"embeddable":true,"href":"https:\/\/autobaak.nl\/de\/wp-json\/wp\/v2\/comments?post=121607"}],"version-history":[{"count":0,"href":"https:\/\/autobaak.nl\/de\/wp-json\/wp\/v2\/pages\/121607\/revisions"}],"wp:attachment":[{"href":"https:\/\/autobaak.nl\/de\/wp-json\/wp\/v2\/media?parent=121607"}],"curies":[{"name":"wp","href":"https:\/\/api.w.org\/{rel}","templated":true}]}}