{"id":121635,"date":"2022-03-02T08:38:05","date_gmt":"2022-03-02T08:38:05","guid":{"rendered":"https:\/\/autobaak.nl\/?page_id=121635"},"modified":"2022-03-02T08:39:44","modified_gmt":"2022-03-02T08:39:44","slug":"motorol-alfa-romeo-156","status":"publish","type":"page","link":"https:\/\/autobaak.nl\/de\/motorol-alfa-romeo-156\/","title":{"rendered":"Motor\u00f6l Alfa Romeo 156"},"content":{"rendered":"<p>[et_pb_section fb_built=\"1\u2033 custom_padding_last_edited=\"on|desktop\" admin_label=\"Section\" _builder_version=\"3.22\u2033 background_colour=\"#0c71c3\u2033 custom_padding_tablet=\"50px|0|50px|0\u2033 custom_padding_phone=\"50px|0|50px|0\u2033 transparent_background=\"off\" padding_mobile=\"off\" make_fullwidth=\"off\" use_custom_width=\"off\" width_unit=\"on\" global_colors_info=\"{}\"][et_pb_row admin_label=\"Row\" _builder_version=\"3.25\u2033 background_size=\"initial\" background_position=\"top_left\" background_repeat=\"repeat\" global_colors_info=\"{}\"][et_pb_column type=\"4_4\u2033 _builder_version=\"3.25\u2033 custom_padding=\"|||\" global_colors_info=\"{}\" custom_padding__hover=\"|||\"][et_pb_text admin_label=\"Text\" _builder_version=\"4.14.8\u2033 background_size=\"initial\" background_position=\"top_left\" background_repeat=\"repeat\" text_orientation=\"centre\" background_layout=\"dark\" module_alignment=\"centre\" hover_enabled=\"0\u2033 use_border_color=\"off\" border_color=\"#ffffff\" border_style=\"solid\" global_colors_info=\"{}\" sticky_enabled=\"0\u2033]<\/p>\n<h1 style=\"text-align: center;\">Welches Alfa Romeo 156 Motor\u00f6l<\/h1>\n<p>[\/et_pb_text][\/et_pb_column][\/et_pb_row][\/et_pb_section][et_pb_section fb_built=\"1\u2033 admin_label=\"Section\" _builder_version=\"3.22\u2033 global_colors_info=\"{}\"][et_pb_row column_structure=\"3_4,1_4\u2033 admin_label=\"Row\" _builder_version=\"3.25\u2033 background_size=\"initial\" background_position=\"top_left\" background_repeat=\"repeat\" global_colors_info=\"{}\"][et_pb_column type=\"3_4\u2033 _builder_version=\"3.25\u2033 custom_padding=\"|||\" global_colors_info=\"{}\" custom_padding__hover=\"|||\"][et_pb_text admin_label=\"Text\" _builder_version=\"4.14.8\u2033 background_size=\"initial\" background_position=\"top_left\" background_repeat=\"repeat\" hover_enabled=\"0\u2033 use_border_color=\"off\" border_color=\"#ffffff\" border_style=\"solid\" global_colors_info=\"{}\" sticky_enabled=\"0\u2033][et_pb_text admin_label=\"text\"][et_pb_text admin_label=\"text\" _builder_version=\"4.14.<\/p>\n<p>Der Alfa Romeo 156 ist ein Kultmodell und wurde 1998 zum Auto des Jahres gew\u00e4hlt. Der rechtzeitige Wechsel des Motor\u00f6ls ist wichtig, um Motorverschlei\u00df zu vermeiden und einen reibungslosen Betrieb des Motors zu gew\u00e4hrleisten. Au\u00dferdem sorgt der rechtzeitige Wechsel des Motor\u00f6ls f\u00fcr einen geringeren Verbrauch und weniger Emissionen. Sehen Sie unten, welches Motor\u00f6l Ihr Alfa Romeo 156 ben\u00f6tigt:<\/p>\n<p>[\/et_pb_text][et_pb_text admin_label=\"Text\" _builder_version=\"4.14.8\u2033 background_size=\"initial\" background_position=\"top_left\" background_repeat=\"repeat\" use_border_color=\"off\" border_color=\"#ffffff\" border_style=\"solid\" global_colors_info=\"{}\"]<\/p>\n<h2>Motor\u00f6l Alfa 156 Benzin BJ 97 bis 2005<strong><br \/><\/strong><\/h2>\n<ul>\n<li>Alfa Romeo 156 1.6 16v T.Spark 77 und 82 kW =<br \/>Motor\u00f6l:\u00a0<strong>SAE<\/strong> <strong>10w40 <\/strong><strong><br \/><\/strong>Intervall: <strong>20.000 km oder nach maximal 12 Monaten<br \/><\/strong>Menge<strong>: 4,4 Liter + 0,4 Liter im \u00d6lfilter<\/strong><strong><\/strong><\/li>\n<li>Alfa Romeo 156 1.8 16v T.Spark 103 kW =<br \/>Motor\u00f6l:\u00a0<strong>SAE<\/strong> <strong>10w40 <\/strong><strong><br \/><\/strong>Intervall: <strong>20.000 km oder nach maximal 12 Monaten<br \/><\/strong>Menge<strong>: 4,4 Liter + 0,4 Liter im \u00d6lfilter<\/strong><\/li>\n<li>Alfa Romeo 156 2.0 T.Spark =<br \/>Motor\u00f6l:\u00a0<strong>SAE<\/strong> <strong>10w40<\/strong><strong><br \/><\/strong>Intervall: <strong>20.000 km oder nach maximal 12 Monaten<br \/><\/strong>Menge<strong>4,4 Liter + 0,4 Liter im \u00d6lfilter<\/strong><strong>r<\/strong><\/li>\n<li>Alfa Romeo 156 2.5 V6 =<br \/>Motor\u00f6l:\u00a0<strong>SAE<\/strong> <strong>10w40<\/strong><strong><br \/><\/strong>Intervall: <strong>20.000 km oder nach maximal 12 Monaten<br \/><\/strong>Menge<strong>6,4 Liter + 0,4 Liter im \u00d6lfilter<\/strong><strong>r<\/strong><strong><\/strong><\/li>\n<li>Alfa Romeo 156 3.2 V6 =<br \/>Motor\u00f6l:\u00a0<strong>SAE<\/strong> <strong>10w60<\/strong><strong><br \/><\/strong>Intervall: <strong>20.000 km oder nach maximal 12 Monaten<br \/><\/strong>Menge<strong>5,9 Liter + 0,4 Liter im \u00d6lfilter<\/strong><strong>r<\/strong><strong><\/strong><\/li>\n<\/ul>\n<h2>Motor\u00f6l Alfa 156 Diesel BJ 97 - 2005 <strong><br \/><\/strong><\/h2>\n<ul>\n<li>Alfa Romeo 156 1.9 JTD =<br \/>Motor\u00f6l:\u00a0<strong>SAE<\/strong> <strong>10w40 <\/strong><strong><br \/><\/strong>Intervall: 20<strong>.000 km oder nach maximal 12 Monaten<br \/><\/strong>Menge<strong>: 4,2 Liter + 0,4 Liter im \u00d6lfilter<\/strong><\/li>\n<li>Alfa Romeo 156 1.9 JTDM =<br \/>Motor\u00f6l:\u00a0<strong>SAE<\/strong> 5<strong>w40 <\/strong><strong><br \/><\/strong>Intervall: <strong>20.000 km oder nach maximal 12 Monaten<br \/><\/strong>Menge<strong>: 4,2 Liter + 0,4 Liter im \u00d6lfilter<\/strong><\/li>\n<li>Alfa Romeo 156 1.9 JTDM =<br \/>Motor\u00f6l:\u00a0<strong>SAE<\/strong> 5<strong>w40 <\/strong><strong><br \/><\/strong>Intervall: <strong>20.000 km oder nach maximal 12 Monaten<br \/><\/strong>Menge<strong>: 4,2 Liter + 0,4 Liter im \u00d6lfilter<\/strong><\/li>\n<li>Alfa Romeo 156 2.4 JTD =<br \/>Motor\u00f6l:\u00a0<strong>SAE<\/strong> 5<strong>w40 <\/strong><strong><br \/><\/strong>Intervall: <strong>20.000 km oder nach maximal 12 Monaten<br \/><\/strong>Menge<strong>: 5 Liter + 0,4 Liter im \u00d6lfilter<\/strong><strong><\/strong><strong><\/strong><\/li>\n<\/ul>\n<p>[\/et_pb_text][\/et_pb_column][et_pb_column type=\"1_4\u2033 _builder_version=\"3.25\u2033 custom_padding=\"|||\" global_colors_info=\"{}\" custom_padding__hover=\"|||\"][et_pb_code _builder_version=\"4.14.8\u2033 _module_preset=\"default\" global_module=\"121601\u2033 saved_tabs=\"all\" global_colors_info=\"{}\"]bloom test[\/et_pb_code][\/et_pb_column][\/et_pb_row][et_pb_row _builder_version=\"4.14.8\u2033 _module_preset=\"default\" global_colors_info=\"{}\"][et_pb_column type=\"4_4\u2033 _builder_version=\"4.14.8\u2033 _module_preset=\"default\" global_colors_info=\"{}\"][et_pb_code _builder_version=\"4.14.8\u2033 _module_preset=\"default\" global_module=\"121632\u2033 saved_tabs=\"all\" global_colors_info=\"{}\"]products[\/et_pb_code][\/et_pb_column][\/et_pb_row][\/et_pb_section]<\/p>","protected":false},"excerpt":{"rendered":"<p>Welches Motor\u00f6l Alfa Romeo 156Der Alfa Romeo 156 ist ein Kultmodell und war 1998 das Auto des Jahres. Ein rechtzeitiger Wechsel des Motor\u00f6ls ist wichtig, um Motorverschlei\u00df zu vermeiden und einen reibungslosen Betrieb des Motors zu gew\u00e4hrleisten. Au\u00dferdem wird durch einen rechtzeitigen Motor\u00f6lwechsel der Verbrauch gesenkt und [...]<\/p>","protected":false},"author":1,"featured_media":0,"parent":0,"menu_order":0,"comment_status":"closed","ping_status":"closed","template":"","meta":{"_et_pb_use_builder":"on","_et_pb_old_content":"","_et_gb_content_width":"","footnotes":""},"class_list":["post-121635","page","type-page","status-publish","hentry"],"yoast_head":"<!-- This site is optimized with the Yoast SEO plugin v27.5 - https:\/\/yoast.com\/product\/yoast-seo-wordpress\/ -->\n<title>Motorolie Alfa Romeo 156 nodig? wat gaat er in 5w30, 5w40 of toch10w40<\/title>\n<meta name=\"description\" content=\"Welke motorolie gebruiken voor een Alfa Romeo 156? Op deze pagina het overzicht per merk en model T.spark en JTD\" \/>\n<meta name=\"robots\" content=\"index, follow, max-snippet:-1, max-image-preview:large, max-video-preview:-1\" \/>\n<link rel=\"canonical\" href=\"https:\/\/autobaak.nl\/de\/motorol-alfa-romeo-156\/\" \/>\n<meta property=\"og:locale\" content=\"de_DE\" \/>\n<meta property=\"og:type\" content=\"article\" \/>\n<meta property=\"og:title\" content=\"Motorolie Alfa Romeo 156 nodig? wat gaat er in 5w30, 5w40 of toch10w40\" \/>\n<meta property=\"og:description\" content=\"Welke motorolie gebruiken voor een Alfa Romeo 156? Op deze pagina het overzicht per merk en model T.spark en JTD\" \/>\n<meta property=\"og:url\" content=\"https:\/\/autobaak.nl\/de\/motorol-alfa-romeo-156\/\" \/>\n<meta property=\"og:site_name\" content=\"Autobaak.nl\" \/>\n<meta property=\"article:modified_time\" content=\"2022-03-02T08:39:44+00:00\" \/>\n<meta name=\"twitter:card\" content=\"summary_large_image\" \/>\n<meta name=\"twitter:label1\" content=\"Gesch\u00e4tzte Lesezeit\" \/>\n\t<meta name=\"twitter:data1\" content=\"3\u00a0Minuten\" \/>\n<script type=\"application\/ld+json\" class=\"yoast-schema-graph\">{\"@context\":\"https:\\\/\\\/schema.org\",\"@graph\":[{\"@type\":\"WebPage\",\"@id\":\"https:\\\/\\\/autobaak.nl\\\/motorolie-alfa-romeo-156\\\/\",\"url\":\"https:\\\/\\\/autobaak.nl\\\/motorolie-alfa-romeo-156\\\/\",\"name\":\"Motorolie Alfa Romeo 156 nodig? wat gaat er in 5w30, 5w40 of toch10w40\",\"isPartOf\":{\"@id\":\"https:\\\/\\\/autobaak.nl\\\/#website\"},\"datePublished\":\"2022-03-02T08:38:05+00:00\",\"dateModified\":\"2022-03-02T08:39:44+00:00\",\"description\":\"Welke motorolie gebruiken voor een Alfa Romeo 156? Op deze pagina het overzicht per merk en model T.spark en JTD\",\"breadcrumb\":{\"@id\":\"https:\\\/\\\/autobaak.nl\\\/motorolie-alfa-romeo-156\\\/#breadcrumb\"},\"inLanguage\":\"de\",\"potentialAction\":[{\"@type\":\"ReadAction\",\"target\":[\"https:\\\/\\\/autobaak.nl\\\/motorolie-alfa-romeo-156\\\/\"]}]},{\"@type\":\"BreadcrumbList\",\"@id\":\"https:\\\/\\\/autobaak.nl\\\/motorolie-alfa-romeo-156\\\/#breadcrumb\",\"itemListElement\":[{\"@type\":\"ListItem\",\"position\":1,\"name\":\"Home\",\"item\":\"https:\\\/\\\/autobaak.nl\\\/\"},{\"@type\":\"ListItem\",\"position\":2,\"name\":\"Motorolie Alfa Romeo 156\"}]},{\"@type\":\"WebSite\",\"@id\":\"https:\\\/\\\/autobaak.nl\\\/#website\",\"url\":\"https:\\\/\\\/autobaak.nl\\\/\",\"name\":\"Autobaak.nl\",\"description\":\"Cars &amp; Racing\",\"potentialAction\":[{\"@type\":\"SearchAction\",\"target\":{\"@type\":\"EntryPoint\",\"urlTemplate\":\"https:\\\/\\\/autobaak.nl\\\/?s={search_term_string}\"},\"query-input\":{\"@type\":\"PropertyValueSpecification\",\"valueRequired\":true,\"valueName\":\"search_term_string\"}}],\"inLanguage\":\"de\"}]}<\/script>\n<!-- \/ Yoast SEO plugin. -->","yoast_head_json":{"title":"Brauchen Motor\u00f6l Alfa Romeo 156? was geht in ihm 5w30, 5w40 oder 10w40?","description":"Welches Motor\u00f6l sollte f\u00fcr einen Alfa Romeo 156 verwendet werden? Auf dieser Seite die \u00dcbersicht nach Marke und Modell T.spark und JTD","robots":{"index":"index","follow":"follow","max-snippet":"max-snippet:-1","max-image-preview":"max-image-preview:large","max-video-preview":"max-video-preview:-1"},"canonical":"https:\/\/autobaak.nl\/de\/motorol-alfa-romeo-156\/","og_locale":"de_DE","og_type":"article","og_title":"Motorolie Alfa Romeo 156 nodig? wat gaat er in 5w30, 5w40 of toch10w40","og_description":"Welke motorolie gebruiken voor een Alfa Romeo 156? Op deze pagina het overzicht per merk en model T.spark en JTD","og_url":"https:\/\/autobaak.nl\/de\/motorol-alfa-romeo-156\/","og_site_name":"Autobaak.nl","article_modified_time":"2022-03-02T08:39:44+00:00","twitter_card":"summary_large_image","twitter_misc":{"Gesch\u00e4tzte Lesezeit":"3\u00a0Minuten"},"schema":{"@context":"https:\/\/schema.org","@graph":[{"@type":"WebPage","@id":"https:\/\/autobaak.nl\/motorolie-alfa-romeo-156\/","url":"https:\/\/autobaak.nl\/motorolie-alfa-romeo-156\/","name":"Brauchen Motor\u00f6l Alfa Romeo 156? was geht in ihm 5w30, 5w40 oder 10w40?","isPartOf":{"@id":"https:\/\/autobaak.nl\/#website"},"datePublished":"2022-03-02T08:38:05+00:00","dateModified":"2022-03-02T08:39:44+00:00","description":"Welches Motor\u00f6l sollte f\u00fcr einen Alfa Romeo 156 verwendet werden? Auf dieser Seite die \u00dcbersicht nach Marke und Modell T.spark und JTD","breadcrumb":{"@id":"https:\/\/autobaak.nl\/motorolie-alfa-romeo-156\/#breadcrumb"},"inLanguage":"de","potentialAction":[{"@type":"ReadAction","target":["https:\/\/autobaak.nl\/motorolie-alfa-romeo-156\/"]}]},{"@type":"BreadcrumbList","@id":"https:\/\/autobaak.nl\/motorolie-alfa-romeo-156\/#breadcrumb","itemListElement":[{"@type":"ListItem","position":1,"name":"Home","item":"https:\/\/autobaak.nl\/"},{"@type":"ListItem","position":2,"name":"Motorolie Alfa Romeo 156"}]},{"@type":"WebSite","@id":"https:\/\/autobaak.nl\/#website","url":"https:\/\/autobaak.nl\/","name":"Autobook.de","description":"Autos &amp; Rennsport","potentialAction":[{"@type":"SearchAction","target":{"@type":"EntryPoint","urlTemplate":"https:\/\/autobaak.nl\/?s={search_term_string}"},"query-input":{"@type":"PropertyValueSpecification","valueRequired":true,"valueName":"search_term_string"}}],"inLanguage":"de"}]}},"_links":{"self":[{"href":"https:\/\/autobaak.nl\/de\/wp-json\/wp\/v2\/pages\/121635","targetHints":{"allow":["GET"]}}],"collection":[{"href":"https:\/\/autobaak.nl\/de\/wp-json\/wp\/v2\/pages"}],"about":[{"href":"https:\/\/autobaak.nl\/de\/wp-json\/wp\/v2\/types\/page"}],"author":[{"embeddable":true,"href":"https:\/\/autobaak.nl\/de\/wp-json\/wp\/v2\/users\/1"}],"replies":[{"embeddable":true,"href":"https:\/\/autobaak.nl\/de\/wp-json\/wp\/v2\/comments?post=121635"}],"version-history":[{"count":0,"href":"https:\/\/autobaak.nl\/de\/wp-json\/wp\/v2\/pages\/121635\/revisions"}],"wp:attachment":[{"href":"https:\/\/autobaak.nl\/de\/wp-json\/wp\/v2\/media?parent=121635"}],"curies":[{"name":"wp","href":"https:\/\/api.w.org\/{rel}","templated":true}]}}