{"id":121662,"date":"2022-03-02T17:10:17","date_gmt":"2022-03-02T17:10:17","guid":{"rendered":"https:\/\/autobaak.nl\/?page_id=121662"},"modified":"2022-03-02T17:10:22","modified_gmt":"2022-03-02T17:10:22","slug":"motorol-alfa-romeo-mito","status":"publish","type":"page","link":"https:\/\/autobaak.nl\/de\/motorol-alfa-romeo-mito\/","title":{"rendered":"Motor\u00f6l Alfa Romeo Mito"},"content":{"rendered":"<p>[et_pb_section fb_built=\"1\u2033 custom_padding_last_edited=\"on|desktop\" admin_label=\"Section\" _builder_version=\"3.22\u2033 background_colour=\"#0c71c3\u2033 custom_padding_tablet=\"50px|0|50px|0\u2033 custom_padding_phone=\"50px|0|50px|0\u2033 transparent_background=\"off\" padding_mobile=\"off\" make_fullwidth=\"off\" use_custom_width=\"off\" width_unit=\"on\" global_colors_info=\"{}\"][et_pb_row admin_label=\"Row\" _builder_version=\"3.25\u2033 background_size=\"initial\" background_position=\"top_left\" background_repeat=\"repeat\" global_colors_info=\"{}\"][et_pb_column type=\"4_4\u2033 _builder_version=\"3.25\u2033 custom_padding=\"|||\" global_colors_info=\"{}\" custom_padding__hover=\"|||\"][et_pb_text admin_label=\"Text\" _builder_version=\"4.14.8\u2033 background_size=\"initial\" background_position=\"top_left\" background_repeat=\"repeat\" text_orientation=\"centre\" background_layout=\"dark\" module_alignment=\"centre\" hover_enabled=\"0\u2033 use_border_color=\"off\" border_color=\"#ffffff\" border_style=\"solid\" global_colors_info=\"{}\" sticky_enabled=\"0\u2033]<\/p>\n<h1 style=\"text-align: center;\">Welches Motor\u00f6l Alfa Romeo Mito<\/h1>\n<p>[\/et_pb_text][\/et_pb_column][\/et_pb_row][\/et_pb_section][et_pb_section fb_built=\"1\u2033 admin_label=\"Section\" _builder_version=\"3.22\u2033 global_colors_info=\"{}\"][et_pb_row column_structure=\"3_4,1_4\u2033 admin_label=\"Row\" _builder_version=\"3.25\u2033 background_size=\"initial\" background_position=\"top_left\" background_repeat=\"repeat\" global_colors_info=\"{}\"][et_pb_column type=\"3_4\u2033 _builder_version=\"3.25\u2033 custom_padding=\"|||\" global_colors_info=\"{}\" custom_padding__hover=\"|||\"][et_pb_text admin_label=\"Text\" _builder_version=\"4.14.8\u2033 background_size=\"initial\" background_position=\"top_left\" background_repeat=\"repeat\" hover_enabled=\"0\u2033 use_border_color=\"off\" border_color=\"#ffffff\" border_style=\"solid\" global_colors_info=\"{}\" sticky_enabled=\"0\u2033][et_pb_text admin_label=\"text\"][et_pb_text admin_label=\"text\" _builder_version=\"4.14.<\/p>\n<p>Der Alfa Romeo Mito ist ein kompaktes Modell und die<span class=\"ILfuVd\"><span class=\"hgKElc\">Das Fahrzeug wurde am 19. Juni 2008 offiziell vorgestellt.<\/span><\/span>. Der rechtzeitige Wechsel des Motor\u00f6ls ist wichtig, um Motorverschlei\u00df zu vermeiden und einen reibungslosen Betrieb des Motors zu gew\u00e4hrleisten. Der rechtzeitige Wechsel des Motor\u00f6ls senkt auch den Verbrauch und die Emissionen. Sehen Sie unten, welches Motor\u00f6l Ihr Alfa Romeo Mito ben\u00f6tigt:<\/p>\n<p>[\/et_pb_text][et_pb_text admin_label=\"Text\" _builder_version=\"4.14.8\u2033 background_size=\"initial\" background_position=\"top_left\" background_repeat=\"repeat\" hover_enabled=\"0\u2033 use_border_color=\"off\" border_color=\"#ffffff\" border_style=\"solid\" global_colors_info=\"{}\" sticky_enabled=\"0\u2033]<\/p>\n<h2>\u00a0<\/h2>\n<h2>Motor\u00f6l Alfa Mito Benzin BJ 13 bis 2020<strong><br \/><\/strong><\/h2>\n<ul>\n<li>Alfa Romeo Mito 0.9 (77kw) =<br \/>Motor\u00f6l:\u00a0<strong>SAE<\/strong> <strong>0w30<br \/><\/strong>Intervall: <strong>30.000 km oder nach maximal 24 Monaten<br \/><\/strong>Menge<strong>: 3,5 Liter + 0,5 Liter im \u00d6lfilter<\/strong><\/li>\n<li>Alfa Romeo Mito 1.4 16v =<br \/>Motor\u00f6l:\u00a0<strong>SAE<\/strong> <strong>5w40<br \/><\/strong>Intervall: <strong>30.000 km oder nach maximal 24 Monaten<br \/><\/strong>Menge<strong>: 2,9 Liter + 0,2 Liter im \u00d6lfilter<\/strong><\/li>\n<li>Alfa Romeo Mito 1.4 16v Turbo (120kw) =<br \/>Motor\u00f6l:\u00a0<strong>SAE<\/strong> <strong>0w30<br \/><\/strong>Intervall: <strong>10.000 km oder nach maximal 12 Monaten<br \/><\/strong>Menge<strong>: 3,5 Liter + 0,5 Liter im \u00d6lfilter<\/strong><\/li>\n<\/ul>\n<h2>Motor\u00f6l Alfa Mito Diesel BJ 08 bis 2020 <strong><br \/><\/strong><\/h2>\n<ul>\n<li>Alfa Romeo Mito 1.3 JTDM =<br \/>Motor\u00f6l:\u00a0<strong>SAE<\/strong> <strong>0w30<br \/><\/strong>Intervall: <strong>20.000 km oder nach maximal 12 Monaten<br \/><\/strong>Menge<strong>: 3,9 Liter + 0,2 Liter im \u00d6lfilter<\/strong><\/li>\n<li>Alfa Romeo Mito 1.6 JTDM =<br \/>Motor\u00f6l:\u00a0<strong>SAE<\/strong> <strong>0w30<br \/><\/strong>Intervall: <strong>20.000 km oder nach maximal 12 Monaten<br \/><\/strong>Menge<strong>: 4,6 Liter + 0,3 Liter im \u00d6lfilter<\/strong><\/li>\n<\/ul>\n<p>[\/et_pb_text][\/et_pb_column][et_pb_column type=\"1_4\u2033 _builder_version=\"3.25\u2033 custom_padding=\"|||\" global_colors_info=\"{}\" custom_padding__hover=\"|||\"][et_pb_code _builder_version=\"4.14.8\u2033 _module_preset=\"default\" global_module=\"121601\u2033 saved_tabs=\"all\" global_colors_info=\"{}\"]bloom test[\/et_pb_code][\/et_pb_column][\/et_pb_row][et_pb_row _builder_version=\"4.14.8\u2033 _module_preset=\"default\" global_colors_info=\"{}\"][et_pb_column type=\"4_4\u2033 _builder_version=\"4.14.8\u2033 _module_preset=\"default\" global_colors_info=\"{}\"][et_pb_code _builder_version=\"4.14.8\u2033 _module_preset=\"default\" global_module=\"121632\u2033 saved_tabs=\"all\" global_colors_info=\"{}\"]products[\/et_pb_code][\/et_pb_column][\/et_pb_row][\/et_pb_section]<\/p>","protected":false},"excerpt":{"rendered":"<p>Welches Motor\u00f6l Alfa Romeo MitoDer Alfa Romeo Mito ist ein Kompaktmodell und wurde am 19. Juni 2008 offiziell vorgestellt. Der rechtzeitige Wechsel des Motor\u00f6ls ist wichtig, um den Motorverschlei\u00df zu vermeiden und einen reibungslosen Betrieb des Motors zu gew\u00e4hrleisten. Dar\u00fcber hinaus verringert ein rechtzeitiger Motor\u00f6lwechsel die [...]<\/p>","protected":false},"author":1,"featured_media":0,"parent":0,"menu_order":0,"comment_status":"closed","ping_status":"closed","template":"","meta":{"_et_pb_use_builder":"on","_et_pb_old_content":"","_et_gb_content_width":"","footnotes":""},"class_list":["post-121662","page","type-page","status-publish","hentry"],"yoast_head":"<!-- This site is optimized with the Yoast SEO plugin v27.5 - https:\/\/yoast.com\/product\/yoast-seo-wordpress\/ -->\n<title>Motorolie Alfa Romeo Mito nodig? wat gaat er in 5w30, 5w40 of toch10w40<\/title>\n<meta name=\"description\" content=\"Welke motorolie gebruiken voor een Alfa Romeo Mito? Op deze pagina het overzicht per merk en model Twin air en JTDM\" \/>\n<meta name=\"robots\" content=\"index, follow, max-snippet:-1, max-image-preview:large, max-video-preview:-1\" \/>\n<link rel=\"canonical\" href=\"https:\/\/autobaak.nl\/de\/motorol-alfa-romeo-mito\/\" \/>\n<meta property=\"og:locale\" content=\"de_DE\" \/>\n<meta property=\"og:type\" content=\"article\" \/>\n<meta property=\"og:title\" content=\"Motorolie Alfa Romeo Mito nodig? wat gaat er in 5w30, 5w40 of toch10w40\" \/>\n<meta property=\"og:description\" content=\"Welke motorolie gebruiken voor een Alfa Romeo Mito? Op deze pagina het overzicht per merk en model Twin air en JTDM\" \/>\n<meta property=\"og:url\" content=\"https:\/\/autobaak.nl\/de\/motorol-alfa-romeo-mito\/\" \/>\n<meta property=\"og:site_name\" content=\"Autobaak.nl\" \/>\n<meta property=\"article:modified_time\" content=\"2022-03-02T17:10:22+00:00\" \/>\n<meta name=\"twitter:card\" content=\"summary_large_image\" \/>\n<meta name=\"twitter:label1\" content=\"Gesch\u00e4tzte Lesezeit\" \/>\n\t<meta name=\"twitter:data1\" content=\"3\u00a0Minuten\" \/>\n<script type=\"application\/ld+json\" class=\"yoast-schema-graph\">{\"@context\":\"https:\\\/\\\/schema.org\",\"@graph\":[{\"@type\":\"WebPage\",\"@id\":\"https:\\\/\\\/autobaak.nl\\\/motorolie-alfa-romeo-mito\\\/\",\"url\":\"https:\\\/\\\/autobaak.nl\\\/motorolie-alfa-romeo-mito\\\/\",\"name\":\"Motorolie Alfa Romeo Mito nodig? wat gaat er in 5w30, 5w40 of toch10w40\",\"isPartOf\":{\"@id\":\"https:\\\/\\\/autobaak.nl\\\/#website\"},\"datePublished\":\"2022-03-02T17:10:17+00:00\",\"dateModified\":\"2022-03-02T17:10:22+00:00\",\"description\":\"Welke motorolie gebruiken voor een Alfa Romeo Mito? Op deze pagina het overzicht per merk en model Twin air en JTDM\",\"breadcrumb\":{\"@id\":\"https:\\\/\\\/autobaak.nl\\\/motorolie-alfa-romeo-mito\\\/#breadcrumb\"},\"inLanguage\":\"de\",\"potentialAction\":[{\"@type\":\"ReadAction\",\"target\":[\"https:\\\/\\\/autobaak.nl\\\/motorolie-alfa-romeo-mito\\\/\"]}]},{\"@type\":\"BreadcrumbList\",\"@id\":\"https:\\\/\\\/autobaak.nl\\\/motorolie-alfa-romeo-mito\\\/#breadcrumb\",\"itemListElement\":[{\"@type\":\"ListItem\",\"position\":1,\"name\":\"Home\",\"item\":\"https:\\\/\\\/autobaak.nl\\\/\"},{\"@type\":\"ListItem\",\"position\":2,\"name\":\"Motorolie Alfa Romeo Mito\"}]},{\"@type\":\"WebSite\",\"@id\":\"https:\\\/\\\/autobaak.nl\\\/#website\",\"url\":\"https:\\\/\\\/autobaak.nl\\\/\",\"name\":\"Autobaak.nl\",\"description\":\"Cars &amp; Racing\",\"potentialAction\":[{\"@type\":\"SearchAction\",\"target\":{\"@type\":\"EntryPoint\",\"urlTemplate\":\"https:\\\/\\\/autobaak.nl\\\/?s={search_term_string}\"},\"query-input\":{\"@type\":\"PropertyValueSpecification\",\"valueRequired\":true,\"valueName\":\"search_term_string\"}}],\"inLanguage\":\"de\"}]}<\/script>\n<!-- \/ Yoast SEO plugin. -->","yoast_head_json":{"title":"Ben\u00f6tigen Sie Motor\u00f6l f\u00fcr den Alfa Romeo Mito? 5w30, 5w40 oder 10w40 - was brauchen Sie?","description":"Welches Motor\u00f6l sollte f\u00fcr einen Alfa Romeo Mito verwendet werden? Auf dieser Seite die Liste pro Marke und Modell Twin air und JTDM","robots":{"index":"index","follow":"follow","max-snippet":"max-snippet:-1","max-image-preview":"max-image-preview:large","max-video-preview":"max-video-preview:-1"},"canonical":"https:\/\/autobaak.nl\/de\/motorol-alfa-romeo-mito\/","og_locale":"de_DE","og_type":"article","og_title":"Motorolie Alfa Romeo Mito nodig? wat gaat er in 5w30, 5w40 of toch10w40","og_description":"Welke motorolie gebruiken voor een Alfa Romeo Mito? Op deze pagina het overzicht per merk en model Twin air en JTDM","og_url":"https:\/\/autobaak.nl\/de\/motorol-alfa-romeo-mito\/","og_site_name":"Autobaak.nl","article_modified_time":"2022-03-02T17:10:22+00:00","twitter_card":"summary_large_image","twitter_misc":{"Gesch\u00e4tzte Lesezeit":"3\u00a0Minuten"},"schema":{"@context":"https:\/\/schema.org","@graph":[{"@type":"WebPage","@id":"https:\/\/autobaak.nl\/motorolie-alfa-romeo-mito\/","url":"https:\/\/autobaak.nl\/motorolie-alfa-romeo-mito\/","name":"Ben\u00f6tigen Sie Motor\u00f6l f\u00fcr den Alfa Romeo Mito? 5w30, 5w40 oder 10w40 - was brauchen Sie?","isPartOf":{"@id":"https:\/\/autobaak.nl\/#website"},"datePublished":"2022-03-02T17:10:17+00:00","dateModified":"2022-03-02T17:10:22+00:00","description":"Welches Motor\u00f6l sollte f\u00fcr einen Alfa Romeo Mito verwendet werden? Auf dieser Seite die Liste pro Marke und Modell Twin air und JTDM","breadcrumb":{"@id":"https:\/\/autobaak.nl\/motorolie-alfa-romeo-mito\/#breadcrumb"},"inLanguage":"de","potentialAction":[{"@type":"ReadAction","target":["https:\/\/autobaak.nl\/motorolie-alfa-romeo-mito\/"]}]},{"@type":"BreadcrumbList","@id":"https:\/\/autobaak.nl\/motorolie-alfa-romeo-mito\/#breadcrumb","itemListElement":[{"@type":"ListItem","position":1,"name":"Home","item":"https:\/\/autobaak.nl\/"},{"@type":"ListItem","position":2,"name":"Motorolie Alfa Romeo Mito"}]},{"@type":"WebSite","@id":"https:\/\/autobaak.nl\/#website","url":"https:\/\/autobaak.nl\/","name":"Autobook.de","description":"Autos &amp; Rennsport","potentialAction":[{"@type":"SearchAction","target":{"@type":"EntryPoint","urlTemplate":"https:\/\/autobaak.nl\/?s={search_term_string}"},"query-input":{"@type":"PropertyValueSpecification","valueRequired":true,"valueName":"search_term_string"}}],"inLanguage":"de"}]}},"_links":{"self":[{"href":"https:\/\/autobaak.nl\/de\/wp-json\/wp\/v2\/pages\/121662","targetHints":{"allow":["GET"]}}],"collection":[{"href":"https:\/\/autobaak.nl\/de\/wp-json\/wp\/v2\/pages"}],"about":[{"href":"https:\/\/autobaak.nl\/de\/wp-json\/wp\/v2\/types\/page"}],"author":[{"embeddable":true,"href":"https:\/\/autobaak.nl\/de\/wp-json\/wp\/v2\/users\/1"}],"replies":[{"embeddable":true,"href":"https:\/\/autobaak.nl\/de\/wp-json\/wp\/v2\/comments?post=121662"}],"version-history":[{"count":0,"href":"https:\/\/autobaak.nl\/de\/wp-json\/wp\/v2\/pages\/121662\/revisions"}],"wp:attachment":[{"href":"https:\/\/autobaak.nl\/de\/wp-json\/wp\/v2\/media?parent=121662"}],"curies":[{"name":"wp","href":"https:\/\/api.w.org\/{rel}","templated":true}]}}