{"id":121674,"date":"2022-03-03T08:51:08","date_gmt":"2022-03-03T08:51:08","guid":{"rendered":"https:\/\/autobaak.nl\/?page_id=121674"},"modified":"2022-03-03T09:01:07","modified_gmt":"2022-03-03T09:01:07","slug":"motorol-audi-a1","status":"publish","type":"page","link":"https:\/\/autobaak.nl\/de\/motorol-audi-a1\/","title":{"rendered":"Motor\u00f6l Audi A1"},"content":{"rendered":"<p>[et_pb_section fb_built=\"1\u2033 custom_padding_last_edited=\"on|desktop\" admin_label=\"Section\" _builder_version=\"3.22\u2033 background_colour=\"#0c71c3\u2033 custom_padding_tablet=\"50px|0|50px|0\u2033 custom_padding_phone=\"50px|0|50px|0\u2033 transparent_background=\"off\" padding_mobile=\"off\" make_fullwidth=\"off\" use_custom_width=\"off\" width_unit=\"on\" global_colors_info=\"{}\"][et_pb_row admin_label=\"Row\" _builder_version=\"3.25\u2033 background_size=\"initial\" background_position=\"top_left\" background_repeat=\"repeat\" global_colors_info=\"{}\"][et_pb_column type=\"4_4\u2033 _builder_version=\"3.25\u2033 custom_padding=\"|||\" global_colors_info=\"{}\" custom_padding__hover=\"|||\"][et_pb_text admin_label=\"Text\" _builder_version=\"4.14.8\u2033 background_size=\"initial\" background_position=\"top_left\" background_repeat=\"repeat\" text_orientation=\"centre\" background_layout=\"dark\" module_alignment=\"centre\" use_border_color=\"off\" border_color=\"#ffffff\" border_style=\"solid\" global_colors_info=\"{}\"][et_pb_text admin_label=\"text<\/p>\n<h1 style=\"text-align: center;\">Welches Motor\u00f6l Audi A1<\/h1>\n<p>[\/et_pb_text][\/et_pb_column][\/et_pb_row][\/et_pb_section][et_pb_section fb_built=\"1\u2033 admin_label=\"Section\" _builder_version=\"3.22\u2033 global_colors_info=\"{}\"][et_pb_row column_structure=\"3_4,1_4\u2033 admin_label=\"Row\" _builder_version=\"3.25\u2033 background_size=\"initial\" background_position=\"top_left\" background_repeat=\"repeat\" global_colors_info=\"{}\"][et_pb_column type=\"3_4\u2033 _builder_version=\"3.25\u2033 custom_padding=\"|||\" global_colors_info=\"{}\" custom_padding__hover=\"|||\"][et_pb_text admin_label=\"Text\" _builder_version=\"4.14.8\u2033 background_size=\"initial\" background_position=\"top_left\" background_repeat=\"repeat\" use_border_color=\"off\" border_color=\"#ffffff\" border_style=\"solid\" global_colors_info=\"{}\"]<\/p>\n<p>Der Audi A1 (Typ 8X) ist ein kompaktes Luxusfahrzeug. Das Auto wird von Audi in Deutschland hergestellt. Er wird 2010 auf dem Genfer Automobilsalon vorgestellt werden. Der Verkauf des 3-t\u00fcrigen Basismodells wird im August desselben Jahres in Deutschland beginnen. Das Vereinigte K\u00f6nigreich wird im November 2010 folgen. Eine 5-t\u00fcrige Variante, der Audi A1 Sportback, wird im November 2011 auf den Markt kommen. Der Verkauf auf den Exportm\u00e4rkten wird im Fr\u00fchjahr 2012 beginnen. Der A1 befindet sich noch in der ersten Generation und hat noch keine Revisionen oder Facelifts erfahren. Pr\u00fcfen Sie unten, welches Motor\u00f6l Ihr Audi A1 ben\u00f6tigt:<\/p>\n<p>[\/et_pb_text][et_pb_text admin_label=\"Text\" _builder_version=\"4.14.8\u2033 background_size=\"initial\" background_position=\"top_left\" background_repeat=\"repeat\" hover_enabled=\"0\u2033 use_border_color=\"off\" border_color=\"#ffffff\" border_style=\"solid\" global_colors_info=\"{}\" sticky_enabled=\"0\u2033]<\/p>\n<h2>Motor\u00f6l Audi A1 \u00dcbersicht<\/h2>\n<p>Audi (EU) A1 25 TFSI (70 kW) (ab 2018): 0W-20, 4 Liter Inhalt<br \/>Audi (EU) A1 30 TFSI (81 kW) (ab 2020): 0W-20, 4 Liter Inhalt<br \/>Audi (EU) A1 30 TFSI (85 kW) (ab 2018): 0W-20, 4 Liter Inhalt<br \/>Audi (EU) A1 35 TFSI (110 kW) (ab 2018): 0W-20, Inhalt 4,3 Liter<br \/>Audi (EU) A1 40 TFSI (147 kW) (2018-2021): 0W-20, Inhalt 5,7 Liter<br \/>Audi (EU) A1 40 TFSI (152 kW) (ab 2021): 0W-20, 5,7 Liter Hubraum<br \/>Audi (EU) A1 1.0 TFSI (60 kW) (2015-2018): 5W-30, 4 Liter Inhalt, Wechsel alle 30.000 km\/ 24 Monate<br \/>Audi (EU) A1 1.0 TFSI (70 kW) (2015-2018): 5W-30, Inhalt 4,7 Liter, Wechsel alle 30000 km\/ 24 Monate<br \/>Audi (EU) A1 1.2 TDI (2010-2015): 5W-30, Inhalt 4 Liter, Wechsel alle 30000 km\/ 24 Monate<br \/>Audi (EU) A1 1.2 TFSI (63 kW) (2010-2015): 5W-30, 4 Liter Inhalt, Wechsel alle 30.000 km\/ 24 Monate<br \/>Audi (EU) A1 1.4 TDI (2014-2018): 5W-30, Inhalt 3,7 Liter, Wechsel alle 30000 km\/ 24 Monate<br \/>Audi (EU) A1 1.4 TFSI (103 kW) (2013-2015): 5W-30, Inhalt 4,5 Liter, Wechsel alle 30000 km\/ 24 Monate<br \/>Audi (EU) A1 1.4 TFSI (110 kW) (2014-2017): 5W-30, Inhalt 4 Liter, Wechsel alle 30.000 km\/ 24 Monate<br \/>Audi (EU) A1 1.4 TFSI (110 kW) (2017-2018): 0W-20, 4 Liter Inhalt, Wechsel alle 30.000 km\/ 24 Monate<br \/>Audi (EU) A1 1.4 TFSI (136 kW) (2011-2015): 5W-30, Inhalt 3,6 Liter, Wechsel alle 30000 km\/ 24 Monate<br \/>Audi (EU) A1 1.4 TFSI (90 kW) (2010-2015): 5W-30, Inhalt 3,6 Liter, Wechsel alle 30000 km\/ 24 Monate<br \/>Audi (EU) A1 1.4 TFSI (92 kW) (2014-2017): 5W-30, Inhalt 4-4,5 Liter, Wechsel alle 30000 km\/ 24 Monate<br \/>Audi (EU) A1 1.4 TFSI (92 kW) (2017-2018): 0W-20, Inhalt 4-4,5 Liter, Wechsel alle 30000 km\/ 24 Monate<br \/>Audi (EU) A1 1.6 TDI (66 kW) (2010-2015): 5W-30, Inhalt 4,3 Liter, Wechsel alle 30000 km\/ 24 Monate<br \/>Audi (EU) A1 1.6 TDI (77 kW) (2010-2015): 5W-30, Inhalt 4,3 Liter, Wechsel alle 30.000 km\/ 24 Monate<br \/>Audi (EU) A1 1.6 TDI (85 kW) (2014-2018): 5W-30, Inhalt 4,9 Liter, Wechsel alle 30.000 km\/ 24 Monate<br \/>Audi (EU) A1 1.8 TFSI (141 kW) (2015-2018): 5W-30, Inhalt 5,2 Liter, Wechsel alle 30000 km\/ 24 Monate<br \/>Audi (EU) A1 2.0 TDI (100 kW) (2011-2015): 5W-30, Inhalt 4-4,3 Liter, Wechsel alle 30000 km\/ 24 Monate<br \/>Audi (EU) A1 2.0 TDI (105 kW) (2011-2015): 5W-30, Inhalt 4-4,3 Liter, Wechsel alle 30000 km\/ 24 Monate<br \/>Audi (EU) A1 2.0 TFSI quattro (188 kW) (2012-2013): 5W-30 Inhalt, 4 Liter, alle 30.000 km\/ 24 Monate wechseln<br \/>Audi (EU) S1 2.0 TFSI quattro (170 kW) (2014-2018): 5W-30 Inhalt, 5,8 Liter, Wechsel alle 30.000 km\/ 24 Monate<\/p>\n<p>[\/et_pb_text][\/et_pb_column][et_pb_column type=\"1_4\u2033 _builder_version=\"3.25\u2033 custom_padding=\"|||\" global_colors_info=\"{}\" custom_padding__hover=\"|||\"][et_pb_code _builder_version=\"4.14.8\u2033 _module_preset=\"default\" global_module=\"121601\u2033 saved_tabs=\"all\" global_colors_info=\"{}\"]bloom test[\/et_pb_code][\/et_pb_column][\/et_pb_row][et_pb_row _builder_version=\"4.14.8\u2033 _module_preset=\"default\" global_colors_info=\"{}\"][et_pb_column type=\"4_4\u2033 _builder_version=\"4.14.8\u2033 _module_preset=\"default\" global_colors_info=\"{}\"][et_pb_code _builder_version=\"4.14.8\u2033 _module_preset=\"default\" global_module=\"121632\u2033 saved_tabs=\"all\" global_colors_info=\"{}\"]products[\/et_pb_code][\/et_pb_column][\/et_pb_row][\/et_pb_section]<\/p>","protected":false},"excerpt":{"rendered":"<p>Welches Motor\u00f6l Audi A1Der Audi A1 (Typ 8X) ist ein kompaktes Luxusfahrzeug. Das Auto wird von der deutschen Firma Audi hergestellt. Er wird 2010 auf dem Genfer Autosalon vorgestellt. Der Verkauf des 3-t\u00fcrigen Basismodells beginnt im August desselben Jahres in Deutschland. Das Vereinigte K\u00f6nigreich wird im November 2010 folgen. Eine Variante [...]<\/p>","protected":false},"author":1,"featured_media":0,"parent":0,"menu_order":0,"comment_status":"closed","ping_status":"closed","template":"","meta":{"_et_pb_use_builder":"on","_et_pb_old_content":"","_et_gb_content_width":"","footnotes":""},"class_list":["post-121674","page","type-page","status-publish","hentry"],"yoast_head":"<!-- This site is optimized with the Yoast SEO plugin v27.3 - https:\/\/yoast.com\/product\/yoast-seo-wordpress\/ -->\n<title>Motorolie Audi A1 nodig? wat gaat er in 5w30 of toch 0W20?<\/title>\n<meta name=\"description\" content=\"Welke motorolie gebruiken voor een Audi A1? Op deze pagina het overzicht van iedere A1 en de bijbehorende olie.\" \/>\n<meta name=\"robots\" content=\"index, follow, max-snippet:-1, max-image-preview:large, max-video-preview:-1\" \/>\n<link rel=\"canonical\" href=\"https:\/\/autobaak.nl\/de\/motorol-audi-a1\/\" \/>\n<meta property=\"og:locale\" content=\"de_DE\" \/>\n<meta property=\"og:type\" content=\"article\" \/>\n<meta property=\"og:title\" content=\"Motorolie Audi A1 nodig? wat gaat er in 5w30 of toch 0W20?\" \/>\n<meta property=\"og:description\" content=\"Welke motorolie gebruiken voor een Audi A1? Op deze pagina het overzicht van iedere A1 en de bijbehorende olie.\" \/>\n<meta property=\"og:url\" content=\"https:\/\/autobaak.nl\/de\/motorol-audi-a1\/\" \/>\n<meta property=\"og:site_name\" content=\"Autobaak.nl\" \/>\n<meta property=\"article:modified_time\" content=\"2022-03-03T09:01:07+00:00\" \/>\n<meta name=\"twitter:card\" content=\"summary_large_image\" \/>\n<meta name=\"twitter:label1\" content=\"Gesch\u00e4tzte Lesezeit\" \/>\n\t<meta name=\"twitter:data1\" content=\"4\u00a0Minuten\" \/>\n<script type=\"application\/ld+json\" class=\"yoast-schema-graph\">{\"@context\":\"https:\\\/\\\/schema.org\",\"@graph\":[{\"@type\":\"WebPage\",\"@id\":\"https:\\\/\\\/autobaak.nl\\\/motorolie-audi-a1\\\/\",\"url\":\"https:\\\/\\\/autobaak.nl\\\/motorolie-audi-a1\\\/\",\"name\":\"Motorolie Audi A1 nodig? wat gaat er in 5w30 of toch 0W20?\",\"isPartOf\":{\"@id\":\"https:\\\/\\\/autobaak.nl\\\/#website\"},\"datePublished\":\"2022-03-03T08:51:08+00:00\",\"dateModified\":\"2022-03-03T09:01:07+00:00\",\"description\":\"Welke motorolie gebruiken voor een Audi A1? Op deze pagina het overzicht van iedere A1 en de bijbehorende olie.\",\"breadcrumb\":{\"@id\":\"https:\\\/\\\/autobaak.nl\\\/motorolie-audi-a1\\\/#breadcrumb\"},\"inLanguage\":\"de\",\"potentialAction\":[{\"@type\":\"ReadAction\",\"target\":[\"https:\\\/\\\/autobaak.nl\\\/motorolie-audi-a1\\\/\"]}]},{\"@type\":\"BreadcrumbList\",\"@id\":\"https:\\\/\\\/autobaak.nl\\\/motorolie-audi-a1\\\/#breadcrumb\",\"itemListElement\":[{\"@type\":\"ListItem\",\"position\":1,\"name\":\"Home\",\"item\":\"https:\\\/\\\/autobaak.nl\\\/\"},{\"@type\":\"ListItem\",\"position\":2,\"name\":\"Motorolie Audi A1\"}]},{\"@type\":\"WebSite\",\"@id\":\"https:\\\/\\\/autobaak.nl\\\/#website\",\"url\":\"https:\\\/\\\/autobaak.nl\\\/\",\"name\":\"Autobaak.nl\",\"description\":\"Cars &amp; Racing\",\"potentialAction\":[{\"@type\":\"SearchAction\",\"target\":{\"@type\":\"EntryPoint\",\"urlTemplate\":\"https:\\\/\\\/autobaak.nl\\\/?s={search_term_string}\"},\"query-input\":{\"@type\":\"PropertyValueSpecification\",\"valueRequired\":true,\"valueName\":\"search_term_string\"}}],\"inLanguage\":\"de\"}]}<\/script>\n<!-- \/ Yoast SEO plugin. -->","yoast_head_json":{"title":"Ben\u00f6tigen Sie ein Audi A1 Motor\u00f6l? Was ist drin, 5W30 oder 0W20?","description":"Welches Motor\u00f6l sollte f\u00fcr einen Audi A1 verwendet werden? Auf dieser Seite finden Sie eine \u00dcbersicht \u00fcber jedes A1 und das entsprechende \u00d6l.","robots":{"index":"index","follow":"follow","max-snippet":"max-snippet:-1","max-image-preview":"max-image-preview:large","max-video-preview":"max-video-preview:-1"},"canonical":"https:\/\/autobaak.nl\/de\/motorol-audi-a1\/","og_locale":"de_DE","og_type":"article","og_title":"Motorolie Audi A1 nodig? wat gaat er in 5w30 of toch 0W20?","og_description":"Welke motorolie gebruiken voor een Audi A1? Op deze pagina het overzicht van iedere A1 en de bijbehorende olie.","og_url":"https:\/\/autobaak.nl\/de\/motorol-audi-a1\/","og_site_name":"Autobaak.nl","article_modified_time":"2022-03-03T09:01:07+00:00","twitter_card":"summary_large_image","twitter_misc":{"Gesch\u00e4tzte Lesezeit":"4\u00a0Minuten"},"schema":{"@context":"https:\/\/schema.org","@graph":[{"@type":"WebPage","@id":"https:\/\/autobaak.nl\/motorolie-audi-a1\/","url":"https:\/\/autobaak.nl\/motorolie-audi-a1\/","name":"Ben\u00f6tigen Sie ein Audi A1 Motor\u00f6l? Was ist drin, 5W30 oder 0W20?","isPartOf":{"@id":"https:\/\/autobaak.nl\/#website"},"datePublished":"2022-03-03T08:51:08+00:00","dateModified":"2022-03-03T09:01:07+00:00","description":"Welches Motor\u00f6l sollte f\u00fcr einen Audi A1 verwendet werden? Auf dieser Seite finden Sie eine \u00dcbersicht \u00fcber jedes A1 und das entsprechende \u00d6l.","breadcrumb":{"@id":"https:\/\/autobaak.nl\/motorolie-audi-a1\/#breadcrumb"},"inLanguage":"de","potentialAction":[{"@type":"ReadAction","target":["https:\/\/autobaak.nl\/motorolie-audi-a1\/"]}]},{"@type":"BreadcrumbList","@id":"https:\/\/autobaak.nl\/motorolie-audi-a1\/#breadcrumb","itemListElement":[{"@type":"ListItem","position":1,"name":"Home","item":"https:\/\/autobaak.nl\/"},{"@type":"ListItem","position":2,"name":"Motorolie Audi A1"}]},{"@type":"WebSite","@id":"https:\/\/autobaak.nl\/#website","url":"https:\/\/autobaak.nl\/","name":"Autobook.de","description":"Autos &amp; Rennsport","potentialAction":[{"@type":"SearchAction","target":{"@type":"EntryPoint","urlTemplate":"https:\/\/autobaak.nl\/?s={search_term_string}"},"query-input":{"@type":"PropertyValueSpecification","valueRequired":true,"valueName":"search_term_string"}}],"inLanguage":"de"}]}},"_links":{"self":[{"href":"https:\/\/autobaak.nl\/de\/wp-json\/wp\/v2\/pages\/121674","targetHints":{"allow":["GET"]}}],"collection":[{"href":"https:\/\/autobaak.nl\/de\/wp-json\/wp\/v2\/pages"}],"about":[{"href":"https:\/\/autobaak.nl\/de\/wp-json\/wp\/v2\/types\/page"}],"author":[{"embeddable":true,"href":"https:\/\/autobaak.nl\/de\/wp-json\/wp\/v2\/users\/1"}],"replies":[{"embeddable":true,"href":"https:\/\/autobaak.nl\/de\/wp-json\/wp\/v2\/comments?post=121674"}],"version-history":[{"count":0,"href":"https:\/\/autobaak.nl\/de\/wp-json\/wp\/v2\/pages\/121674\/revisions"}],"wp:attachment":[{"href":"https:\/\/autobaak.nl\/de\/wp-json\/wp\/v2\/media?parent=121674"}],"curies":[{"name":"wp","href":"https:\/\/api.w.org\/{rel}","templated":true}]}}