{"id":121680,"date":"2022-03-03T09:00:24","date_gmt":"2022-03-03T09:00:24","guid":{"rendered":"https:\/\/autobaak.nl\/?page_id=121680"},"modified":"2022-03-07T12:11:58","modified_gmt":"2022-03-07T12:11:58","slug":"motorol-audi-a2","status":"publish","type":"page","link":"https:\/\/autobaak.nl\/de\/motorol-audi-a2\/","title":{"rendered":"Motor\u00f6l Audi A2"},"content":{"rendered":"<p>[et_pb_section fb_built=\"1\u2033 custom_padding_last_edited=\"on|desktop\" admin_label=\"Section\" _builder_version=\"3.22\u2033 background_colour=\"#0c71c3\u2033 custom_padding_tablet=\"50px|0|50px|0\u2033 custom_padding_phone=\"50px|0|50px|0\u2033 transparent_background=\"off\" padding_mobile=\"off\" make_fullwidth=\"off\" use_custom_width=\"off\" width_unit=\"on\" global_colors_info=\"{}\"][et_pb_row admin_label=\"Row\" _builder_version=\"3.25\u2033 background_size=\"initial\" background_position=\"top_left\" background_repeat=\"repeat\" global_colors_info=\"{}\"][et_pb_column type=\"4_4\u2033 _builder_version=\"3.25\u2033 custom_padding=\"|||\" global_colors_info=\"{}\" custom_padding__hover=\"|||\"][et_pb_text admin_label=\"Text\" _builder_version=\"4.14.8\u2033 background_size=\"initial\" background_position=\"top_left\" background_repeat=\"repeat\" text_orientation=\"centre\" background_layout=\"dark\" module_alignment=\"centre\" use_border_color=\"off\" border_color=\"#ffffff\" border_style=\"solid\" global_colors_info=\"{}\"][et_pb_text admin_label=\"text<\/p>\n<h1 style=\"text-align: center;\">Welches Motor\u00f6l Audi A2<\/h1>\n<p>[\/et_pb_text][\/et_pb_column][\/et_pb_row][\/et_pb_section][et_pb_section fb_built=\"1\u2033 admin_label=\"Section\" _builder_version=\"3.22\u2033 global_colors_info=\"{}\"][et_pb_row column_structure=\"3_4,1_4\u2033 admin_label=\"Row\" _builder_version=\"3.25\u2033 background_size=\"initial\" background_position=\"top_left\" background_repeat=\"repeat\" global_colors_info=\"{}\"][et_pb_column type=\"3_4\u2033 _builder_version=\"3.25\u2033 custom_padding=\"|||\" global_colors_info=\"{}\" custom_padding__hover=\"|||\"][et_pb_text admin_label=\"Text\" _builder_version=\"4.14.8\u2033 background_size=\"initial\" background_position=\"top_left\" background_repeat=\"repeat\" hover_enabled=\"0\u2033 use_border_color=\"off\" border_color=\"#ffffff\" border_style=\"solid\" global_colors_info=\"{}\" sticky_enabled=\"0\u2033][et_pb_text admin_label=\"text\"][et_pb_text admin_label=\"text\" _builder_version=\"4.14.<\/p>\n<p>Sie suchen Motor\u00f6l f\u00fcr Ihren Audi A2? Auf dieser Seite finden Sie alle Modelle, das entsprechende Motor\u00f6l und dessen Inhaltsstoffe. Der Audi A2 wurde von 1999 bis 2005 als erster Kompaktwagen mit einer Aluminiumkarosserie produziert. Bei seiner Konstruktion und Produktion wurde besonders auf die Reduzierung des Kraftstoffverbrauchs geachtet und somit das Gewicht sehr niedrig gehalten. Auch die Form wurde optimiert, um den Luftwiderstand zu minimieren. Bei seiner Markteinf\u00fchrung war der Audi A2 das Auto mit dem bis dahin niedrigsten Luftwiderstandsbeiwert von 0,25.Auf dieser Seite finden Sie eine \u00dcbersicht aller Audi A2-Modelle und das passende Motor\u00f6l.<\/p>\n<p>[\/et_pb_text][et_pb_text admin_label=\"Text\" _builder_version=\"4.14.8\u2033 background_size=\"initial\" background_position=\"top_left\" background_repeat=\"repeat\" use_border_color=\"off\" border_color=\"#ffffff\" border_style=\"solid\" global_colors_info=\"{}\"]<\/p>\n<h2>Motor\u00f6l Audi A2<\/h2>\n<p>Audi (EU) A2 1.2 TDI (2000-2005), 0W-30 oder 5W30, Inhalt: 4,3 Liter, Wechsel alle 50000 km\/ 24 Monate<br \/>Audi (EU) A2 1.4 (2000-2005), 0W-30 oder 5W30, Inhalt: 3,5 Liter, Wechsel alle 30000 km\/ 24 Monate<br \/>Audi (EU) A2 1.4 TDi (55 kW) (2000-2005), 0W-30 oder 5W30, Inhalt: 4,3 Liter, Wechsel alle 50000 km\/ 24 Monate<br \/>Audi (EU) A2 1.4 TDi (66 kW) (2004-2005), 0W-30 oder 5W30, Inhalt: 4,3 Liter, Wechsel alle 50000 km\/ 24 Monate<br \/>Audi (EU) A2 1.6 FSI (2002-2005), 0W-30 oder 5W30, Inhalt: 3,4 Liter, Wechsel alle 30000 km\/ 24 Monate<\/p>\n<p>[\/et_pb_text][\/et_pb_column][et_pb_column type=\"1_4\u2033 _builder_version=\"3.25\u2033 custom_padding=\"|||\" global_colors_info=\"{}\" custom_padding__hover=\"|||\"][et_pb_code _builder_version=\"4.14.8\u2033 _module_preset=\"default\" global_module=\"121601\u2033 saved_tabs=\"all\" global_colors_info=\"{}\"]bloom test[\/et_pb_code][\/et_pb_column][\/et_pb_row][et_pb_row _builder_version=\"4.14.8\u2033 _module_preset=\"default\" global_colors_info=\"{}\"][et_pb_column type=\"4_4\u2033 _builder_version=\"4.14.8\u2033 _module_preset=\"default\" global_colors_info=\"{}\"][et_pb_code _builder_version=\"4.14.8\u2033 _module_preset=\"default\" global_module=\"121632\u2033 saved_tabs=\"all\" global_colors_info=\"{}\"]products[\/et_pb_code][\/et_pb_column][\/et_pb_row][\/et_pb_section]<\/p>","protected":false},"excerpt":{"rendered":"<p>Welches Motor\u00f6l Audi A2Suchen Sie ein Motor\u00f6l f\u00fcr den Audi A2? Auf dieser Seite finden Sie alle Modelle, das entsprechende Motor\u00f6l und dessen Inhaltsstoffe. Der Audi A2 wurde von 1999 bis 2005 als erster Kompaktwagen mit einer Aluminiumkarosserie produziert. Bei seiner Konstruktion und Produktion wurde besonders darauf geachtet, die [...]<\/p>","protected":false},"author":1,"featured_media":0,"parent":0,"menu_order":0,"comment_status":"closed","ping_status":"closed","template":"","meta":{"_et_pb_use_builder":"on","_et_pb_old_content":"","_et_gb_content_width":"","footnotes":""},"class_list":["post-121680","page","type-page","status-publish","hentry"],"yoast_head":"<!-- This site is optimized with the Yoast SEO plugin v27.6 - https:\/\/yoast.com\/product\/yoast-seo-wordpress\/ -->\n<title>Motorolie Audi A2 nodig? Overzicht motorolie Audi A2<\/title>\n<meta name=\"description\" content=\"Welke motorolie gebruiken voor een Audi A2? Op deze pagina het overzicht van iedere A2 en de bijbehorende olie.\" \/>\n<meta name=\"robots\" content=\"index, follow, max-snippet:-1, max-image-preview:large, max-video-preview:-1\" \/>\n<link rel=\"canonical\" href=\"https:\/\/autobaak.nl\/de\/motorol-audi-a2\/\" \/>\n<meta property=\"og:locale\" content=\"de_DE\" \/>\n<meta property=\"og:type\" content=\"article\" \/>\n<meta property=\"og:title\" content=\"Motorolie Audi A2 nodig? Overzicht motorolie Audi A2\" \/>\n<meta property=\"og:description\" content=\"Welke motorolie gebruiken voor een Audi A2? Op deze pagina het overzicht van iedere A2 en de bijbehorende olie.\" \/>\n<meta property=\"og:url\" content=\"https:\/\/autobaak.nl\/de\/motorol-audi-a2\/\" \/>\n<meta property=\"og:site_name\" content=\"Autobaak.nl\" \/>\n<meta property=\"article:modified_time\" content=\"2022-03-07T12:11:58+00:00\" \/>\n<meta name=\"twitter:card\" content=\"summary_large_image\" \/>\n<meta name=\"twitter:label1\" content=\"Gesch\u00e4tzte Lesezeit\" \/>\n\t<meta name=\"twitter:data1\" content=\"3\u00a0Minuten\" \/>\n<script type=\"application\/ld+json\" class=\"yoast-schema-graph\">{\"@context\":\"https:\\\/\\\/schema.org\",\"@graph\":[{\"@type\":\"WebPage\",\"@id\":\"https:\\\/\\\/autobaak.nl\\\/motorolie-audi-a2\\\/\",\"url\":\"https:\\\/\\\/autobaak.nl\\\/motorolie-audi-a2\\\/\",\"name\":\"Motorolie Audi A2 nodig? Overzicht motorolie Audi A2\",\"isPartOf\":{\"@id\":\"https:\\\/\\\/autobaak.nl\\\/#website\"},\"datePublished\":\"2022-03-03T09:00:24+00:00\",\"dateModified\":\"2022-03-07T12:11:58+00:00\",\"description\":\"Welke motorolie gebruiken voor een Audi A2? Op deze pagina het overzicht van iedere A2 en de bijbehorende olie.\",\"breadcrumb\":{\"@id\":\"https:\\\/\\\/autobaak.nl\\\/motorolie-audi-a2\\\/#breadcrumb\"},\"inLanguage\":\"de\",\"potentialAction\":[{\"@type\":\"ReadAction\",\"target\":[\"https:\\\/\\\/autobaak.nl\\\/motorolie-audi-a2\\\/\"]}]},{\"@type\":\"BreadcrumbList\",\"@id\":\"https:\\\/\\\/autobaak.nl\\\/motorolie-audi-a2\\\/#breadcrumb\",\"itemListElement\":[{\"@type\":\"ListItem\",\"position\":1,\"name\":\"Home\",\"item\":\"https:\\\/\\\/autobaak.nl\\\/\"},{\"@type\":\"ListItem\",\"position\":2,\"name\":\"Motorolie Audi A2\"}]},{\"@type\":\"WebSite\",\"@id\":\"https:\\\/\\\/autobaak.nl\\\/#website\",\"url\":\"https:\\\/\\\/autobaak.nl\\\/\",\"name\":\"Autobaak.nl\",\"description\":\"Cars &amp; Racing\",\"potentialAction\":[{\"@type\":\"SearchAction\",\"target\":{\"@type\":\"EntryPoint\",\"urlTemplate\":\"https:\\\/\\\/autobaak.nl\\\/?s={search_term_string}\"},\"query-input\":{\"@type\":\"PropertyValueSpecification\",\"valueRequired\":true,\"valueName\":\"search_term_string\"}}],\"inLanguage\":\"de\"}]}<\/script>\n<!-- \/ Yoast SEO plugin. -->","yoast_head_json":{"title":"Brauchen Sie Motor\u00f6l Audi A2? \u00dcbersicht Motor\u00f6l Audi A2","description":"Welches Motor\u00f6l sollte f\u00fcr einen Audi A2 verwendet werden? Auf dieser Seite finden Sie eine \u00dcbersicht \u00fcber jedes A2 und das entsprechende \u00d6l.","robots":{"index":"index","follow":"follow","max-snippet":"max-snippet:-1","max-image-preview":"max-image-preview:large","max-video-preview":"max-video-preview:-1"},"canonical":"https:\/\/autobaak.nl\/de\/motorol-audi-a2\/","og_locale":"de_DE","og_type":"article","og_title":"Motorolie Audi A2 nodig? Overzicht motorolie Audi A2","og_description":"Welke motorolie gebruiken voor een Audi A2? Op deze pagina het overzicht van iedere A2 en de bijbehorende olie.","og_url":"https:\/\/autobaak.nl\/de\/motorol-audi-a2\/","og_site_name":"Autobaak.nl","article_modified_time":"2022-03-07T12:11:58+00:00","twitter_card":"summary_large_image","twitter_misc":{"Gesch\u00e4tzte Lesezeit":"3\u00a0Minuten"},"schema":{"@context":"https:\/\/schema.org","@graph":[{"@type":"WebPage","@id":"https:\/\/autobaak.nl\/motorolie-audi-a2\/","url":"https:\/\/autobaak.nl\/motorolie-audi-a2\/","name":"Brauchen Sie Motor\u00f6l Audi A2? \u00dcbersicht Motor\u00f6l Audi A2","isPartOf":{"@id":"https:\/\/autobaak.nl\/#website"},"datePublished":"2022-03-03T09:00:24+00:00","dateModified":"2022-03-07T12:11:58+00:00","description":"Welches Motor\u00f6l sollte f\u00fcr einen Audi A2 verwendet werden? Auf dieser Seite finden Sie eine \u00dcbersicht \u00fcber jedes A2 und das entsprechende \u00d6l.","breadcrumb":{"@id":"https:\/\/autobaak.nl\/motorolie-audi-a2\/#breadcrumb"},"inLanguage":"de","potentialAction":[{"@type":"ReadAction","target":["https:\/\/autobaak.nl\/motorolie-audi-a2\/"]}]},{"@type":"BreadcrumbList","@id":"https:\/\/autobaak.nl\/motorolie-audi-a2\/#breadcrumb","itemListElement":[{"@type":"ListItem","position":1,"name":"Home","item":"https:\/\/autobaak.nl\/"},{"@type":"ListItem","position":2,"name":"Motorolie Audi A2"}]},{"@type":"WebSite","@id":"https:\/\/autobaak.nl\/#website","url":"https:\/\/autobaak.nl\/","name":"Autobook.de","description":"Autos &amp; Rennsport","potentialAction":[{"@type":"SearchAction","target":{"@type":"EntryPoint","urlTemplate":"https:\/\/autobaak.nl\/?s={search_term_string}"},"query-input":{"@type":"PropertyValueSpecification","valueRequired":true,"valueName":"search_term_string"}}],"inLanguage":"de"}]}},"_links":{"self":[{"href":"https:\/\/autobaak.nl\/de\/wp-json\/wp\/v2\/pages\/121680","targetHints":{"allow":["GET"]}}],"collection":[{"href":"https:\/\/autobaak.nl\/de\/wp-json\/wp\/v2\/pages"}],"about":[{"href":"https:\/\/autobaak.nl\/de\/wp-json\/wp\/v2\/types\/page"}],"author":[{"embeddable":true,"href":"https:\/\/autobaak.nl\/de\/wp-json\/wp\/v2\/users\/1"}],"replies":[{"embeddable":true,"href":"https:\/\/autobaak.nl\/de\/wp-json\/wp\/v2\/comments?post=121680"}],"version-history":[{"count":0,"href":"https:\/\/autobaak.nl\/de\/wp-json\/wp\/v2\/pages\/121680\/revisions"}],"wp:attachment":[{"href":"https:\/\/autobaak.nl\/de\/wp-json\/wp\/v2\/media?parent=121680"}],"curies":[{"name":"wp","href":"https:\/\/api.w.org\/{rel}","templated":true}]}}