{"id":121686,"date":"2022-03-03T09:37:20","date_gmt":"2022-03-03T09:37:20","guid":{"rendered":"https:\/\/autobaak.nl\/?page_id=121686"},"modified":"2022-03-07T12:14:13","modified_gmt":"2022-03-07T12:14:13","slug":"motorol-audi-a3","status":"publish","type":"page","link":"https:\/\/autobaak.nl\/de\/motorol-audi-a3\/","title":{"rendered":"Motor\u00f6l Audi A3"},"content":{"rendered":"<p>[et_pb_section fb_built=\"1\u2033 custom_padding_last_edited=\"on|desktop\" admin_label=\"Section\" _builder_version=\"3.22\u2033 background_colour=\"#0c71c3\u2033 custom_padding_tablet=\"50px|0|50px|0\u2033 custom_padding_phone=\"50px|0|50px|0\u2033 transparent_background=\"off\" padding_mobile=\"off\" make_fullwidth=\"off\" use_custom_width=\"off\" width_unit=\"on\" global_colors_info=\"{}\"][et_pb_row admin_label=\"Row\" _builder_version=\"3.25\u2033 background_size=\"initial\" background_position=\"top_left\" background_repeat=\"repeat\" global_colors_info=\"{}\"][et_pb_column type=\"4_4\u2033 _builder_version=\"3.25\u2033 custom_padding=\"|||\" global_colors_info=\"{}\" custom_padding__hover=\"|||\"][et_pb_text admin_label=\"Text\" _builder_version=\"4.14.8\u2033 background_size=\"initial\" background_position=\"top_left\" background_repeat=\"repeat\" text_orientation=\"centre\" background_layout=\"dark\" module_alignment=\"centre\" hover_enabled=\"0\u2033 use_border_color=\"off\" border_color=\"#ffffff\" border_style=\"solid\" global_colors_info=\"{}\" sticky_enabled=\"0\u2033]<\/p>\n<h1 style=\"text-align: center;\">Welches Motor\u00f6l Audi A3<\/h1>\n<p>[\/et_pb_text][\/et_pb_column][\/et_pb_row][\/et_pb_section][et_pb_section fb_built=\"1\u2033 admin_label=\"Section\" _builder_version=\"3.22\u2033 global_colors_info=\"{}\"][et_pb_row column_structure=\"3_4,1_4\u2033 admin_label=\"Row\" _builder_version=\"3.25\u2033 background_size=\"initial\" background_position=\"top_left\" background_repeat=\"repeat\" global_colors_info=\"{}\"][et_pb_column type=\"3_4\u2033 _builder_version=\"3.25\u2033 custom_padding=\"|||\" global_colors_info=\"{}\" custom_padding__hover=\"|||\"][et_pb_text admin_label=\"Text\" _builder_version=\"4.14.8\u2033 background_size=\"initial\" background_position=\"top_left\" background_repeat=\"repeat\" hover_enabled=\"0\u2033 use_border_color=\"off\" border_color=\"#ffffff\" border_style=\"solid\" global_colors_info=\"{}\" sticky_enabled=\"0\u2033][et_pb_text admin_label=\"text\"][et_pb_text admin_label=\"text\" _builder_version=\"4.14.<\/p>\n<p>Brauchen Sie Motor\u00f6l Audi A3? Auf dieser Seite finden Sie eine \u00dcbersicht \u00fcber alle Modelle, deren Motor\u00f6l und Inhaltsstoffe. Der Audi A3 ist ein Premiummodell im C-Segment. Seine wichtigsten Konkurrenten sind der BMW 1er und die Mercedes A-Klasse. Die technische Basis des Audi A3 ist die modulare MQB-Plattform des Volkswagen Konzerns. Auch der Volkswagen Golf, der Seat Leon und der Skoda Octavia basieren auf dieser Plattform. Die aktuelle (vierte) Generation des Audi A3 ist als f\u00fcnft\u00fcriger Sportback und als viert\u00fcrige Limousine erh\u00e4ltlich. Der Audi A3 ist auch als Gebrauchtwagen beliebt. Auf dieser Seite finden Sie eine \u00dcbersicht \u00fcber die Modelle und das passende Motor\u00f6l.<\/p>\n<p>[\/et_pb_text][et_pb_text admin_label=\"Text\" _builder_version=\"4.14.8\u2033 background_size=\"initial\" background_position=\"top_left\" background_repeat=\"repeat\" hover_enabled=\"0\u2033 use_border_color=\"off\" border_color=\"#ffffff\" border_style=\"solid\" global_colors_info=\"{}\" sticky_enabled=\"0\u2033]<\/p>\n<h2>Motor\u00f6l Audi A3<\/h2>\n<p><strong>AUDI A3 CABRIOLET 8P7 Motor\u00f6l<\/strong><br \/>Audi (EU) A3 Cabriolet 1.2 TFSI (2010-2013), 5W30, Inhalt 3,7 Liter, Wechsel alle 30000 km\/ 24 Monate<br \/>Audi (EU) A3 Cabriolet 1.4 TFSI (2010-2013), 5W30, Inhalt 3,6 Liter, Wechsel alle 30000 km\/ 24 Monate<br \/>Audi (EU) A3 Cabriolet 1.6 (2008-2010), 5W30, 4,6 Liter Inhalt, Wechsel alle 30.000 km\/ 24 Monate<br \/>Audi (EU) A3 Cabriolet 1,6 TDI (77 kW) (2009-2013), 5W30, 4,3 Liter Hubraum, Wechsel alle 30.000 km\/ 24 Monate<br \/>Audi (EU) A3 Cabriolet 1.8 TFSI (118 kW) (2008-2013), 5W30, 4,6 Liter Hubraum, Wechsel alle 30.000 km\/ 24 Monate<br \/>Audi (EU) A3 Cabriolet 1,9 TDI (77 kW) (2008-2010), 5W30, 4,3 Liter Hubraum, Wechsel alle 30.000 km\/ 24 Monate<br \/>Audi (EU) A3 Cabriolet 2.0 TDI (100 kW) (2008-2013), 5W30, 4,3 Liter Hubraum, Wechsel alle 30.000 km\/ 24 Monate<br \/>Audi (EU) A3 Cabriolet 2.0 TDI (103 kW) (2008-2013), 5W30, 4 Liter Inhalt, Wechsel alle 15000 km\/12 Monate<br \/>Audi (EU) A3 Cabriolet 2.0 TFSI (147 kW) (2008-2013), 5W30, 4,6 Liter Hubraum, Wechsel alle 30.000 km\/ 24 Monate<\/p>\n<p><strong>AUDI A3, S3 Motor\u00f6l 8L<\/strong><br \/>Audi (EU) A3 1.6 (74 kW) (1996-2000), 5W30, 0W40 oder 5W40, Inhalt: 4,5 Liter, Filterinhalt: 0,5 Liter, Wechsel alle 15000 km\/ 12 Monate<br \/>Audi (EU) A3 1.6 (74 kW) (2000-2003), 0W30 oder 5W30, Inhalt: 4,5 Liter, Filterinhalt: 0,5 Liter, Wechsel alle 30000 km\/ 24 Monate<br \/>Audi (EU) A3 1.6 (75 kW) (1998-2000), 5W30, 0W40 oder 5W40, Inhalt: 4,5 Liter, Filterinhalt: 0,5 Liter, Wechsel alle 15000 km\/ 12 Monate<br \/>Audi (EU) A3 1.6 (75 kW) (2000-2003), 0W30 oder 5W30, Inhalt: 4,5 Liter, Filterinhalt: 0,5 Liter, Wechsel alle 30000 km\/ 24 Monate<br \/>Audi (EU) A3 1.8 20V (1996-2000), 5W30, 0W40 oder 5W40, Inhalt: 4,5 Liter, Filterinhalt: 0,5 Liter, Wechsel alle 15000 km\/ 12 Monate<br \/>Audi (EU) A3 1.8 20V (2000-2003), 0W30 oder 5W30, Inhalt: 4,5 Liter, Filterinhalt: 0,5 Liter, Wechsel alle 30000 km\/ 24 Monate<br \/>Audi (EU) A3 1.8 20V Turbo (110 kW) (1996-2000), 5W30, 0W40 oder 5W40, Inhalt: 4,5 Liter, Filterinhalt: 0,5 Liter, Wechsel alle 15000 km\/ 12 Monate<br \/>Audi (EU) A3 1.8 20V Turbo (110 kW) (2000-2003), 0W30 oder 5W30, Inhalt: 4,5 Liter, Filterinhalt: 0,5 Liter, Wechsel alle 30.000 km\/ 24 Monate<br \/>Audi (EU) A3 1.8 20V Turbo (132 kW) (1999-2000), 5W30, 0W40 oder 5W40, Inhalt: 4,5 Liter, Filterinhalt: 0,5 Liter, Wechsel alle 15000 km\/ 12 Monate<br \/>Audi (EU) A3 1.8 20V Turbo (132 kW) (2000-2003), 0W30 oder 5W30, Inhalt: 4,5 Liter, Filterinhalt: 0,5 Liter, Wechsel alle 30.000 km\/ 24 Monate<br \/>Audi (EU) A3 1.8 20V Turbo quattro (110 kW) (1996-2000), 5W30, 0W40 oder 5W40, Volumen: 4,5 Liter, Filtervolumen: 0,5 Liter, Wechsel alle 15000 km\/ 12 Monate<br \/>Audi (EU) A3 1.8 20V Turbo quattro (110 kW) (2000-2003), 0W30 oder 5W30, Inhalt: 4,5 Liter, Filterinhalt: 0,5 Liter, Wechsel alle 30000 km\/ 24 Monate<br \/>Audi (EU) A3 1.8 20V Turbo quattro (132 kW) (1999-2000), 5W30, 0W40 oder 5W40, Volumen: 4,5 Liter, Filtervolumen: 0,5 Liter, Wechsel alle 15000 km\/ 12 Monate<br \/>Audi (EU) A3 1.8 20V Turbo quattro (132 kW) (2000-2003), 0W30 oder 5W30, Inhalt: 4,5 Liter, Filterinhalt: 0,5 Liter, Wechsel alle 30000 km\/ 24 Monate<br \/>Audi (EU) A3 1.9 TDi (66 kW) (1996-2000), 5W30 oder 5W40, Inhalt: 4,5 Liter, Filterinhalt: 0,5 Liter, Wechsel alle 15000 km\/ 12 Monate<br \/>Audi (EU) A3 1.9 TDi (66 kW) (2000-2003), 0W30 oder 5W30, Inhalt: 4.5 Liter, Filterinhalt: 0.5 Liter, Wechsel alle 50000 km\/ 24 Monate<br \/>Audi (EU) A3 1.9 TDi (74 kW) (2001-2003), 0W30 oder 5W30, Inhalt: 4,5 Liter, Filterinhalt: 0,5 Liter, Wechsel alle 50000 km\/ 24 Monate<br \/>Audi (EU) A3 1.9 TDi (81 kW) (1996-2000), 5W30 oder 5W40, Inhalt: 4,5 Liter, Filterinhalt: 0,5 Liter, Wechsel alle 15000 km\/ 12 Monate<br \/>Audi (EU) A3 1.9 TDi (81 kW) (2000-2003), 0W30 oder 5W30, Inhalt: 4,5 Liter, Filterinhalt: 0,5 Liter, Wechsel alle 50000 km\/ 24 Monate<br \/>Audi (EU) A3 1.9 TDi (96 kW) (2000-2003), 0W30 oder 5W30, Inhalt: 4,5 Liter, Filterinhalt: 0,5 Liter, Wechsel alle 50000 km\/ 24 Monate<br \/>Audi (EU) A3 1.9 TDI quattro (96 kW) (2000-2003), 0W30 oder 5W30, Inhalt: 4,5 Liter, Filterinhalt: 0,5 Liter, Wechsel alle 50000 km\/ 24 Monate<br \/>Audi (EU) S3 1.8 20V Turbo quattro (154 kW) (1999-2000), 0W40, 5W40 oder 5W30, Inhalt: 4,5 Liter, Filterinhalt: 0,5 Liter, Wechsel alle 15000 km\/12 Monate<br \/>Audi (EU) S3 1.8 20V Turbo quattro (154 kW) (2000-2003), 5W30, Inhalt: 4,5 Liter, Filterinhalt: 0,5 Liter, Wechsel alle 30000 km\/ 24 Monate<br \/>Audi (EU) S3 1.8 20V Turbo quattro (165 kW) (2000-2003), 5W30, Inhalt: 4,5 Liter, Filterinhalt: 0,5 Liter, Wechsel alle 30.000 km\/ 24 Monate<\/p>\n<p><strong>AUDI A3, S3 8Y Motor\u00f6l<\/strong><br \/>Audi (EU) A3 30 TDI (85 kW) (ab 2020), 0W20, Inhalt: 5,5 Liter<br \/>Audi (EU) A3 30 TFSI (81 kW) (ab 2020), 0W20, Inhalt: 4 Liter<br \/>Audi (EU) A3 30 TGI g-tron (96 kW) (ab 2020), 0W20, Inhalt: 4,3 Liter<br \/>Audi (EU) A3 35 TDI (110 kW) DSRB (ab 2020), 0W20, Hubraum: 5,5 Liter<br \/>Audi (EU) A3 35 TDI (110 kW) DTSA, DTSB (2020 und sp\u00e4ter), 5W30, Inhalt: 5,5 Liter<br \/>Audi (EU) A3 35 TFSI (110 kW) (ab 2020), 0W20, Inhalt: 4,3 Liter<br \/>Audi (EU) A3 40 TDI quattro (147 kW) (ab 2021), 5W30, Inhalt: 5,5 Liter<br \/>Audi (EU) A3 40 TFSI e (150 kW) (ab 2020), 0W20, Inhalt: 4 Liter<br \/>Audi (EU) A3 40 TFSI quattro (140 kW) (ab 2021), 0W20, Hubraum: 5,7 Liter<br \/>Audi (EU) A3 45 TFSI e (180 kW) (ab 2020), 0W20, Inhalt: 4 Liter<br \/>Audi (EU) S3 2.0 TFSI quattro (228 kW) (ab 2020), 5W30, Inhalt: 5,7-6,6 Liter, Wechsel alle 15000 km\/12 Monate<\/p>\n<p><strong>AUDI (EU) A3, S3 CABRIOLET 8V7<\/strong><br \/>Audi (EU) A3 Cabriolet 1.4 TFSI (103 kW) (2013-2014), 5W30, 4 Liter Inhalt, Wechsel alle 30.000 km\/ 24 Monate<br \/>Audi (EU) A3 Cabriolet 1.4 TFSI (110 kW) (2013-2017), 5W30, 4 Liter Inhalt, Wechsel alle 30.000 km\/ 24 Monate<br \/>Audi (EU) A3 Cabriolet 1.4 TFSI (110 kW) (2017-2020), 0W20, 4 Liter Inhalt, Wechsel alle 30.000 km\/ 24 Monate<br \/>Audi (EU) A3 Cabriolet 1.4 TFSI (85 kW) (2016-2018), 5W30, 4 Liter Inhalt, Wechsel alle 30.000 km\/ 24 Monate<br \/>Audi (EU) A3 Cabriolet 1.4 TFSI (92 kW) (2014-2016), 5W30, 4 Liter Inhalt, Wechsel alle 30.000 km\/ 24 Monate<br \/>Audi (EU) A3 Cabriolet 1.5 TFSI (110 kW) (2017-2018), 0W20, 4,3 Liter Hubraum, Wechsel alle 30.000 km\/ 24 Monate<br \/>Audi (EU) A3 Cabriolet 1,6 TDI (81 kW) (2014-2018), 5W30, 4,7 Liter Hubraum, Wechsel alle 30.000 km\/ 24 Monate<br \/>Audi (EU) A3 Cabriolet 1.6 TDI (85 kW) (2017-2018), 5W30, 4,7 Liter Hubraum, Wechsel alle 15000 km\/ 12 Monate<br \/>Audi (EU) A3 Cabriolet 1.8 TFSI (125 kW) (2014-2016), 5W30, Wechsel alle 30.000 km\/ 24 Monate<br \/>Audi (EU) A3 Cabriolet 1.8 TFSI (132 kW) (2013-2016), 5W30, Inhalt 5,2 Liter, Wechsel alle 30.000 km\/ 24 Monate<br \/>Audi (EU) A3 Cabriolet 1.8 TFSI quattro (132 kW) (2014-2016), 5W30, Inhalt 5,2 Liter, Wechsel alle 30.000 km\/ 24 Monate<br \/>Audi (EU) A3 Cabriolet 2.0 TDI (100 kW) (2013-2016), 5W30, 4,7 Liter Hubraum, Wechsel alle 30.000 km\/ 24 Monate<br \/>Audi (EU) A3 Cabriolet 2.0 TDI (110 kW) (2013-2018), 5W30, 4,7 Liter Hubraum, Wechsel alle 30.000 km\/ 24 Monate<br \/>Audi (EU) A3 Cabriolet 2.0 TDI (135 kW) (2014-2018), 5W30, 4,7 Liter Hubraum, Wechsel alle 30.000 km\/ 24 Monate<br \/>Audi (EU) A3 Cabriolet 2.0 TDI quattro (110 kW) (2014-2018), 5W30, 4,7 Liter Hubraum, Wechsel alle 30.000 km\/ 24 Monate<br \/>Audi (EU) A3 Cabriolet 2.0 TDI quattro (135 kW) (2014-2018), 5W30, 4,7 Liter Hubraum, Wechsel alle 30.000 km\/ 24 Monate<br \/>Audi (EU) A3 Cabriolet 2.0 TFSI (140 kW) (2016-2019), 0W20, Hubraum 5,7 Liter<br \/>Audi (EU) A3 Cabriolet 2.0 TFSI quattro (140 kW) (2016-2019), 0W20, Hubraum 5,7 Liter<br \/>Audi (EU) A3 Cabriolet 2.0 TFSI quattro (162 kW) (2014-2018), 5W30, Wechsel alle 30.000 km\/ 24 Monate<br \/>Audi (EU) A3 Cabriolet 35 TFSI (2018-2020), 0W20, 4,3 Liter Hubraum<br \/>Audi (EU) A3 Cabriolet 40 TFSI (140 kW) (2019-2020), 0W20, 5,7 Liter Hubraum<br \/>Audi (EU) A3 Cabriolet 40 TFSI quattro (140 kW) (2019-2020), 0W20, 5,7 Liter Hubraum<br \/>Audi (EU) S3 Cabriolet 2.0 TFSI quattro (210 kW) (2014-2016), 5W30, Inhalt 5,7 Liter, Wechsel alle 30.000 km\/ 24 Monate<br \/>Audi (EU) S3 Cabriolet 2.0 TFSI quattro (213 kW) (2016-2019), 5W30, Inhalt 5,7 Liter, Wechsel alle 30000 km\/ 24 Monate<br \/>Audi (EU) S3 Cabriolet 2.0 TFSI quattro (221 kW) (2014-2016), 5W30, Inhalt 5,7 Liter, Wechsel alle 30.000 km\/ 24 Monate<br \/>Audi (EU) S3 Cabriolet 2.0 TFSI quattro (221 kW) (2018-2020), 5W30, Hubraum 5,7 Liter<br \/>Audi (EU) S3 Cabriolet 2.0 TFSI quattro (228 kW) (2016-2019), 5W30, Inhalt 5,7 Liter, Wechsel alle 30000 km\/ 24 Monate<\/p>\n<p><strong>AUDI (EU) A3, S3, RS 3 8P<\/strong><br \/>Audi (EU) A3 1.2 TFSI (2010-2013), 5W30, Inhalt 3,7 Liter, Wechsel alle 30.000 km\/ 24 Monate<br \/>Audi (EU) A3 1.4 TFSI (2007-2013), 5W30, Inhalt 3,6 Liter, Wechsel alle 30.000 km\/ 24 Monate<br \/>Audi (EU) A3 1.6 (2003-2008), 0W30 oder 5W30, 4,6 Liter Hubraum, Wechsel alle 30.000 km\/ 24 Monate<br \/>Audi (EU) A3 1.6 (2008-2013), 5W30, 4,6 Liter Inhalt, Wechsel alle 30.000 km\/ 24 Monate<br \/>Audi (EU) A3 1.6 E-Power (2008-2013), 5W30, 4,6 Liter Hubraum, Wechsel alle 30.000 km\/ 24 Monate<br \/>Audi (EU) A3 1.6 FSI (2003-2007), 0W30 oder 5W30, Inhalt 3,2-3,5 Liter, Wechsel alle 30000 km\/ 24 Monate<br \/>Audi (EU) A3 1.6 TDI (66 kW) (2009-2013), 5W30, Inhalt 4,3 Liter, Wechsel alle 30.000 km\/ 24 Monate<br \/>Audi (EU) A3 1.6 TDI (77 kW) (2008-2013), 5W30, 4,3 Liter Hubraum, Wechsel alle 30.000 km\/ 24 Monate<br \/>Audi (EU) A3 1.8 TFSI (118 kW) (2006-2008), 5W30, 4,6 Liter Hubraum, Wechsel alle 30.000 km\/ 24 Monate<br \/>Audi (EU) A3 1.8 TFSI (118 kW) (2008-2013), 5W30, 4,6 Liter Hubraum, Wechsel alle 30.000 km\/ 24 Monate<br \/>Audi (EU) A3 1.8 TFSI quattro (118 kW) (2008-2013), 5W30, 4,6 Liter Hubraum, Wechsel alle 30.000 km\/ 24 Monate<br \/>Audi (EU) A3 1.9 TDI (2003-2006), 0W30 oder 5W30, Inhalt 3,8 Liter, Wechsel alle 50000 km\/ 24 Monate<br \/>Audi (EU) A3 1.9 TDI DPF (2006-2010), 5W30, Inhalt 4,3 Liter, Wechsel alle 30.000 km\/ 24 Monate<br \/>Audi (EU) A3 2.0 FSI (2003-2006), 0W30 oder 5W30, 4,6 Liter Hubraum, Wechsel alle 30.000 km\/ 24 Monate<br \/>Audi (EU) A3 2.0 TDI (100 kW) (2003-2008), 0W30 oder 5W30, Inhalt 3,8 Liter, Wechsel alle 50000 km\/ 24 Monate<br \/>Audi (EU) A3 2.0 TDI (100 kW) DPF (2008-2013), 5W30, 4 Liter Inhalt, Wechsel alle 30.000 km\/ 24 Monate<br \/>Audi (EU) A3 2.0 TDi (103 kW) (2003-2006), 0W30 oder 5W30, Inhalt 3,8 Liter, Wechsel alle 50000 km\/ 24 Monate<br \/>Audi (EU) A3 2.0 TDI (103 kW) DPF (2006-2008), 5W30, Inhalt 3,8 Liter, Wechsel alle 15000 km\/ 12 Monate<br \/>Audi (EU) A3 2.0 TDI (103 kW) DPF (2008-2013), 5W30, 4 Liter Inhalt, Wechsel alle 15000 km\/12 Monate<br \/>Audi (EU) A3 2.0 TDI (120 kW) DPF (2006-2008), 5W30, 4,5 Liter Inhalt, Wechsel alle 15000 km\/12 Monate<br \/>Audi (EU) A3 2.0 TDI (125 kW) DPF (2006-2008), 5W30, 4,3 Liter Inhalt, Wechsel alle 15000 km\/12 Monate<br \/>Audi (EU) A3 2.0 TDI (125 kW) DPF (2008-2013), 5W30, 4 Liter Inhalt, Wechsel alle 15000 km\/12 Monate<br \/>Audi (EU) A3 2.0 TDI quattro (103 kW) DPF (2006-2008), 5W30, Inhalt 3,8 Liter, Wechsel alle 15000 km\/ 12 Monate<br \/>Audi (EU) A3 2.0 TDI quattro (103 kW) DPF (2008-2013), 5W30, 4 Liter Inhalt, Wechsel alle 15000 km\/12 Monate<br \/>Audi (EU) A3 2.0 TDI quattro (120 kW) DPF (2006-2008), 5W30, 4,5 Liter Inhalt, Wechsel alle 15000 km\/ 12 Monate<br \/>Audi (EU) A3 2.0 TDI quattro (125 kW) DPF (2006-2008), 5W30, Inhalt 4,3 Liter, Wechsel alle 15000 km\/ 12 Monate<br \/>Audi (EU) A3 2.0 TDI quattro (125 kW) DPF (2008-2013), 5W30, 4 Liter Inhalt, Wechsel alle 15000 km\/12 Monate<br \/>Audi (EU) A3 2.0 TFSI (147 kW) (2004-2008), 0W30 oder 5W30, 4,6 Liter Hubraum, Wechsel alle 30.000 km\/ 24 Monate<br \/>Audi (EU) A3 2.0 TFSI (147 kW) (2008-2013), 5W30, 4,6 Liter Hubraum, Wechsel alle 30.000 km\/ 24 Monate<br \/>Audi (EU) A3 2.0 TFSI quattro (147 kW) (2004-2008), 0W30 oder 5W30, 4,6 Liter Hubraum, Wechsel alle 30.000 km\/ 24 Monate<\/p>\n<p>[\/et_pb_text][\/et_pb_column][et_pb_column type=\"1_4\u2033 _builder_version=\"3.25\u2033 custom_padding=\"|||\" global_colors_info=\"{}\" custom_padding__hover=\"|||\"][et_pb_code _builder_version=\"4.14.8\u2033 _module_preset=\"default\" global_module=\"121601\u2033 saved_tabs=\"all\" global_colors_info=\"{}\"]bloom test[\/et_pb_code][\/et_pb_column][\/et_pb_row][et_pb_row _builder_version=\"4.14.8\u2033 _module_preset=\"default\" global_colors_info=\"{}\"][et_pb_column type=\"4_4\u2033 _builder_version=\"4.14.8\u2033 _module_preset=\"default\" global_colors_info=\"{}\"][et_pb_code _builder_version=\"4.14.8\u2033 _module_preset=\"default\" global_module=\"121632\u2033 saved_tabs=\"all\" global_colors_info=\"{}\"]products[\/et_pb_code][\/et_pb_column][\/et_pb_row][\/et_pb_section]<\/p>","protected":false},"excerpt":{"rendered":"<p>Welches Motor\u00f6l Audi A3Brauchen Sie Motor\u00f6l Audi A3? Auf dieser Seite finden Sie eine \u00dcbersicht \u00fcber alle Modelle, das entsprechende Motor\u00f6l und dessen Inhalt. Der Audi A3 ist ein Premiummodell im C-Segment. Die Hauptkonkurrenten des A3 sind der BMW 1er und die Mercedes A-Klasse. Die technische Basis des Audi A3 bilden die [...]<\/p>","protected":false},"author":1,"featured_media":0,"parent":0,"menu_order":0,"comment_status":"closed","ping_status":"closed","template":"","meta":{"_et_pb_use_builder":"on","_et_pb_old_content":"","_et_gb_content_width":"","footnotes":""},"class_list":["post-121686","page","type-page","status-publish","hentry"],"yoast_head":"<!-- This site is optimized with the Yoast SEO plugin v27.4 - https:\/\/yoast.com\/product\/yoast-seo-wordpress\/ -->\n<title>Motorolie Audi A3 nodig? Overzicht motorolie Audi A3<\/title>\n<meta name=\"description\" content=\"Welke motorolie gebruiken voor een Audi A3? Op deze pagina het overzicht van iedere Audi A3 en de bijbehorende motorolie.\" \/>\n<meta name=\"robots\" content=\"index, follow, max-snippet:-1, max-image-preview:large, max-video-preview:-1\" \/>\n<link rel=\"canonical\" href=\"https:\/\/autobaak.nl\/de\/motorol-audi-a3\/\" \/>\n<meta property=\"og:locale\" content=\"de_DE\" \/>\n<meta property=\"og:type\" content=\"article\" \/>\n<meta property=\"og:title\" content=\"Motorolie Audi A3 nodig? Overzicht motorolie Audi A3\" \/>\n<meta property=\"og:description\" content=\"Welke motorolie gebruiken voor een Audi A3? Op deze pagina het overzicht van iedere Audi A3 en de bijbehorende motorolie.\" \/>\n<meta property=\"og:url\" content=\"https:\/\/autobaak.nl\/de\/motorol-audi-a3\/\" \/>\n<meta property=\"og:site_name\" content=\"Autobaak.nl\" \/>\n<meta property=\"article:modified_time\" content=\"2022-03-07T12:14:13+00:00\" \/>\n<meta name=\"twitter:card\" content=\"summary_large_image\" \/>\n<meta name=\"twitter:label1\" content=\"Gesch\u00e4tzte Lesezeit\" \/>\n\t<meta name=\"twitter:data1\" content=\"9\u00a0Minuten\" \/>\n<script type=\"application\/ld+json\" class=\"yoast-schema-graph\">{\"@context\":\"https:\\\/\\\/schema.org\",\"@graph\":[{\"@type\":\"WebPage\",\"@id\":\"https:\\\/\\\/autobaak.nl\\\/motorolie-audi-a3\\\/\",\"url\":\"https:\\\/\\\/autobaak.nl\\\/motorolie-audi-a3\\\/\",\"name\":\"Motorolie Audi A3 nodig? Overzicht motorolie Audi A3\",\"isPartOf\":{\"@id\":\"https:\\\/\\\/autobaak.nl\\\/#website\"},\"datePublished\":\"2022-03-03T09:37:20+00:00\",\"dateModified\":\"2022-03-07T12:14:13+00:00\",\"description\":\"Welke motorolie gebruiken voor een Audi A3? Op deze pagina het overzicht van iedere Audi A3 en de bijbehorende motorolie.\",\"breadcrumb\":{\"@id\":\"https:\\\/\\\/autobaak.nl\\\/motorolie-audi-a3\\\/#breadcrumb\"},\"inLanguage\":\"de\",\"potentialAction\":[{\"@type\":\"ReadAction\",\"target\":[\"https:\\\/\\\/autobaak.nl\\\/motorolie-audi-a3\\\/\"]}]},{\"@type\":\"BreadcrumbList\",\"@id\":\"https:\\\/\\\/autobaak.nl\\\/motorolie-audi-a3\\\/#breadcrumb\",\"itemListElement\":[{\"@type\":\"ListItem\",\"position\":1,\"name\":\"Home\",\"item\":\"https:\\\/\\\/autobaak.nl\\\/\"},{\"@type\":\"ListItem\",\"position\":2,\"name\":\"Motorolie Audi A3\"}]},{\"@type\":\"WebSite\",\"@id\":\"https:\\\/\\\/autobaak.nl\\\/#website\",\"url\":\"https:\\\/\\\/autobaak.nl\\\/\",\"name\":\"Autobaak.nl\",\"description\":\"Cars &amp; Racing\",\"potentialAction\":[{\"@type\":\"SearchAction\",\"target\":{\"@type\":\"EntryPoint\",\"urlTemplate\":\"https:\\\/\\\/autobaak.nl\\\/?s={search_term_string}\"},\"query-input\":{\"@type\":\"PropertyValueSpecification\",\"valueRequired\":true,\"valueName\":\"search_term_string\"}}],\"inLanguage\":\"de\"}]}<\/script>\n<!-- \/ Yoast SEO plugin. -->","yoast_head_json":{"title":"Brauchen Sie ein Audi A3-Motor\u00f6l? \u00dcbersicht Audi A3 Motor\u00f6l","description":"Welches Motor\u00f6l sollte man f\u00fcr einen Audi A3 verwenden? Auf dieser Seite finden Sie eine \u00dcbersicht \u00fcber jeden Audi A3 und das entsprechende Motor\u00f6l.","robots":{"index":"index","follow":"follow","max-snippet":"max-snippet:-1","max-image-preview":"max-image-preview:large","max-video-preview":"max-video-preview:-1"},"canonical":"https:\/\/autobaak.nl\/de\/motorol-audi-a3\/","og_locale":"de_DE","og_type":"article","og_title":"Motorolie Audi A3 nodig? Overzicht motorolie Audi A3","og_description":"Welke motorolie gebruiken voor een Audi A3? Op deze pagina het overzicht van iedere Audi A3 en de bijbehorende motorolie.","og_url":"https:\/\/autobaak.nl\/de\/motorol-audi-a3\/","og_site_name":"Autobaak.nl","article_modified_time":"2022-03-07T12:14:13+00:00","twitter_card":"summary_large_image","twitter_misc":{"Gesch\u00e4tzte Lesezeit":"9\u00a0Minuten"},"schema":{"@context":"https:\/\/schema.org","@graph":[{"@type":"WebPage","@id":"https:\/\/autobaak.nl\/motorolie-audi-a3\/","url":"https:\/\/autobaak.nl\/motorolie-audi-a3\/","name":"Brauchen Sie ein Audi A3-Motor\u00f6l? \u00dcbersicht Audi A3 Motor\u00f6l","isPartOf":{"@id":"https:\/\/autobaak.nl\/#website"},"datePublished":"2022-03-03T09:37:20+00:00","dateModified":"2022-03-07T12:14:13+00:00","description":"Welches Motor\u00f6l sollte man f\u00fcr einen Audi A3 verwenden? Auf dieser Seite finden Sie eine \u00dcbersicht \u00fcber jeden Audi A3 und das entsprechende Motor\u00f6l.","breadcrumb":{"@id":"https:\/\/autobaak.nl\/motorolie-audi-a3\/#breadcrumb"},"inLanguage":"de","potentialAction":[{"@type":"ReadAction","target":["https:\/\/autobaak.nl\/motorolie-audi-a3\/"]}]},{"@type":"BreadcrumbList","@id":"https:\/\/autobaak.nl\/motorolie-audi-a3\/#breadcrumb","itemListElement":[{"@type":"ListItem","position":1,"name":"Home","item":"https:\/\/autobaak.nl\/"},{"@type":"ListItem","position":2,"name":"Motorolie Audi A3"}]},{"@type":"WebSite","@id":"https:\/\/autobaak.nl\/#website","url":"https:\/\/autobaak.nl\/","name":"Autobook.de","description":"Autos &amp; Rennsport","potentialAction":[{"@type":"SearchAction","target":{"@type":"EntryPoint","urlTemplate":"https:\/\/autobaak.nl\/?s={search_term_string}"},"query-input":{"@type":"PropertyValueSpecification","valueRequired":true,"valueName":"search_term_string"}}],"inLanguage":"de"}]}},"_links":{"self":[{"href":"https:\/\/autobaak.nl\/de\/wp-json\/wp\/v2\/pages\/121686","targetHints":{"allow":["GET"]}}],"collection":[{"href":"https:\/\/autobaak.nl\/de\/wp-json\/wp\/v2\/pages"}],"about":[{"href":"https:\/\/autobaak.nl\/de\/wp-json\/wp\/v2\/types\/page"}],"author":[{"embeddable":true,"href":"https:\/\/autobaak.nl\/de\/wp-json\/wp\/v2\/users\/1"}],"replies":[{"embeddable":true,"href":"https:\/\/autobaak.nl\/de\/wp-json\/wp\/v2\/comments?post=121686"}],"version-history":[{"count":0,"href":"https:\/\/autobaak.nl\/de\/wp-json\/wp\/v2\/pages\/121686\/revisions"}],"wp:attachment":[{"href":"https:\/\/autobaak.nl\/de\/wp-json\/wp\/v2\/media?parent=121686"}],"curies":[{"name":"wp","href":"https:\/\/api.w.org\/{rel}","templated":true}]}}