{"id":121691,"date":"2022-03-03T14:09:04","date_gmt":"2022-03-03T14:09:04","guid":{"rendered":"https:\/\/autobaak.nl\/?page_id=121691"},"modified":"2022-03-03T14:09:09","modified_gmt":"2022-03-03T14:09:09","slug":"motorol-audi-a4","status":"publish","type":"page","link":"https:\/\/autobaak.nl\/de\/motorol-audi-a4\/","title":{"rendered":"Motor\u00f6l Audi A4"},"content":{"rendered":"<p>[et_pb_section fb_built=\"1\u2033 custom_padding_last_edited=\"on|desktop\" admin_label=\"Section\" _builder_version=\"3.22\u2033 background_colour=\"#0c71c3\u2033 custom_padding_tablet=\"50px|0|50px|0\u2033 custom_padding_phone=\"50px|0|50px|0\u2033 transparent_background=\"off\" padding_mobile=\"off\" make_fullwidth=\"off\" use_custom_width=\"off\" width_unit=\"on\" global_colors_info=\"{}\"][et_pb_row admin_label=\"Row\" _builder_version=\"3.25\u2033 background_size=\"initial\" background_position=\"top_left\" background_repeat=\"repeat\" global_colors_info=\"{}\"][et_pb_column type=\"4_4\u2033 _builder_version=\"3.25\u2033 custom_padding=\"|||\" global_colors_info=\"{}\" custom_padding__hover=\"|||\"][et_pb_text admin_label=\"Text\" _builder_version=\"4.14.8\u2033 background_size=\"initial\" background_position=\"top_left\" background_repeat=\"repeat\" text_orientation=\"centre\" background_layout=\"dark\" module_alignment=\"centre\" hover_enabled=\"0\u2033 use_border_color=\"off\" border_color=\"#ffffff\" border_style=\"solid\" global_colors_info=\"{}\" sticky_enabled=\"0\u2033]<\/p>\n<h1 style=\"text-align: center;\">Welches Motor\u00f6l Audi A4<\/h1>\n<p>[\/et_pb_text][\/et_pb_column][\/et_pb_row][\/et_pb_section][et_pb_section fb_built=\"1\u2033 admin_label=\"Section\" _builder_version=\"3.22\u2033 global_colors_info=\"{}\"][et_pb_row column_structure=\"3_4,1_4\u2033 admin_label=\"Row\" _builder_version=\"3.25\u2033 background_size=\"initial\" background_position=\"top_left\" background_repeat=\"repeat\" global_colors_info=\"{}\"][et_pb_column type=\"3_4\u2033 _builder_version=\"3.25\u2033 custom_padding=\"|||\" global_colors_info=\"{}\" custom_padding__hover=\"|||\"][et_pb_text admin_label=\"Text\" _builder_version=\"4.14.8\u2033 background_size=\"initial\" background_position=\"top_left\" background_repeat=\"repeat\" hover_enabled=\"0\u2033 use_border_color=\"off\" border_color=\"#ffffff\" border_style=\"solid\" global_colors_info=\"{}\" sticky_enabled=\"0\u2033][et_pb_text admin_label=\"text\"][et_pb_text admin_label=\"text\" _builder_version=\"4.14.<\/p>\n<p>Suchen Sie Motor\u00f6l f\u00fcr Ihren Audi A4? Auf dieser Seite finden Sie eine \u00dcbersicht \u00fcber alle Modelle, das entsprechende Motor\u00f6l und dessen Inhaltsstoffe. Mit einem Audi A4 kann man \u00fcberall gut auftauchen. Dieses elegante, gesch\u00e4ftsm\u00e4\u00dfige Auto von Audi ist eines der meistverkauften Modelle der Marke. Dieses Auto hat alles, was man sich w\u00fcnschen kann: kraftvolle TFSI- und TDI-Motoren mit viel PS, gutes Aussehen, tolles Fahrverhalten und einen modernen Innenraum von h\u00f6chster Qualit\u00e4t. Dieses Fahrzeug wird aus gutem Grund von vielen Gesch\u00e4ftsleuten genutzt. Aber auch als Familienauto ist der A4 gro\u00dfartig. Nicht umsonst ist er eines der beliebtesten Modelle von Audi. Nachfolgend finden Sie eine \u00dcbersicht \u00fcber Audi A4 Motor\u00f6l:<\/p>\n<p>[\/et_pb_text][et_pb_text admin_label=\"Text\" _builder_version=\"4.14.8\u2033 background_size=\"initial\" background_position=\"top_left\" background_repeat=\"repeat\" hover_enabled=\"0\u2033 use_border_color=\"off\" border_color=\"#ffffff\" border_style=\"solid\" global_colors_info=\"{}\" sticky_enabled=\"0\u2033]<\/p>\n<h2>Motor\u00f6l Audi A4<\/h2>\n<p><strong>AUDI A4 (EU) ALLROAD 8KH Motor\u00f6l<\/strong><br \/>Audi (EU) A4 Allroad 2.0 TDI (100 kW) (2009-2012), 5W30, Inhalt: 5 Liter, Wechsel alle 30.000 km\/ 24 Monate<br \/>Audi (EU) A4 Allroad 2.0 TDI (100 kW) (2012-2014), 5W30, Inhalt: 5 Liter, Wechsel alle 30.000 km\/ 24 Monate<br \/>Audi (EU) A4 Allroad 2.0 TDI (100 kW) (2014-2016), 5W30, Inhalt: 4,7 Liter, Wechsel alle 30.000 km\/ 24 Monate<br \/>Audi (EU) A4 Allroad 2.0 TDI (105 kW) (2009-2012), 5W30, Inhalt: 5 Liter, Wechsel alle 30.000 km\/ 24 Monate<br \/>Audi (EU) A4 Allroad 2.0 TDI (105 kW) (2012-2013), 5W30, Inhalt: 5 Liter, Wechsel alle 30.000 km\/ 24 Monate<br \/>Audi (EU) A4 Allroad 2.0 TDI (110 kW) (2013-2016), 5W30, Inhalt: 4,7-5 Liter, Wechsel alle 30.000 km\/ 24 Monate<br \/>Audi (EU) A4 Allroad 2.0 TDI (120 kW) (2009-2012), 5W30, Inhalt: 5 Liter, Wechsel alle 30.000 km\/ 24 Monate<br \/>Audi (EU) A4 Allroad 2.0 TDI (120 kW) (2012-2016), 5W30, Inhalt: 4,7-5 Liter, Wechsel alle 30.000 km\/ 24 Monate<br \/>Audi (EU) A4 Allroad 2.0 TDI (125 kW) (2009-2012), 5W30, Inhalt: 5 Liter, Wechsel alle 30.000 km\/ 24 Monate<br \/>Audi (EU) A4 Allroad 2.0 TDI (130 kW) (2012-2016), 5W30, Inhalt: 5 Liter, Wechsel alle 30.000 km\/ 24 Monate<br \/>Audi (EU) A4 Allroad 2.0 TDI (140 kW) (2013-2016), 5W30, Inhalt: 4,7 Liter, Wechsel alle 30.000 km\/ 24 Monate<br \/>Audi (EU) A4 Allroad 2.0 TFSI (155 kW) (2009-2010), 5W30, Inhalt: 4,6 Liter, Wechsel alle 30.000 km\/ 24 Monate<br \/>Audi (EU) A4 Allroad 2.0 TFSI (155 kW) (2010-2013), 5W30, Inhalt: 4,6 Liter, Wechsel alle 30.000 km\/ 24 Monate<br \/>Audi (EU) A4 Allroad 2.0 TFSI (162 kW) (2013-2016), 5W30, Inhalt: 4,6 Liter, Wechsel alle 30.000 km\/ 24 Monate<br \/>Audi (EU) A4 Allroad 2.0 TFSI (165 kW) (2013-2016), 5W30, Inhalt: 4,6 Liter, Wechsel alle 30.000 km\/ 24 Monate<br \/>Audi (EU) A4 Allroad 3.0 TDI (176 kW) (2009-2010), 5W30, Inhalt: 6,9 Liter, Wechsel alle 30.000 km\/ 24 Monate<br \/>Audi (EU) A4 Allroad 3.0 TDI (176 kW) (2010-2012), 5W30, Inhalt: 6,9 Liter, Wechsel alle 30.000 km\/ 24 Monate<br \/>Audi (EU) A4 Allroad 3.0 TDI (180 kW) (2012-2016), 5W30, Inhalt: 6,4 Liter, Wechsel alle 30.000 km\/ 24 Monate<\/p>\n<p><strong>AUDI A4 (EU) ALLROAD 8W Motor\u00f6l<\/strong><br \/>Audi (EU) A4 Allroad 2.0 TDI quattro (100 kW) (2016-2019), 5W30, Inhalt: 4,7 Liter, Wechsel alle 30.000 km\/ 24 Monate<br \/>Audi (EU) A4 Allroad 2.0 TDI quattro (110 kW) (2016-2019), 5W30, Inhalt: 4,7 Liter, Wechsel alle 30.000 km\/ 24 Monate<br \/>Audi (EU) A4 Allroad 2.0 TDI quattro (120 kW) (2016-2019), 5W30, Inhalt: 4,7 Liter, Wechsel alle 30.000 km\/ 24 Monate<br \/>Audi (EU) A4 Allroad 2.0 TDI quattro (140 kW) (2016-2019), 5W30, Inhalt: 4,7 Liter, Wechsel alle 30.000 km\/ 24 Monate<br \/>Audi (EU) A4 Allroad 2.0 TFSI MHEV quattro (185 kW) (2017-2020), 0W20, Inhalt: 5,2 Liter<br \/>Audi (EU) A4 Allroad 2.0 TFSI quattro (183 kW) (2016-2019), 5W30, Inhalt: 5,2 Liter, Wechsel alle 30000 km\/ 24 Monate<br \/>Audi (EU) A4 Allroad 2.0 TFSI quattro (185 kW) (2016-2019), 5W30, Inhalt: 5,2 Liter, Wechsel alle 30000 km\/ 24 Monate<br \/>Audi (EU) A4 Allroad 3.0 TDI quattro (160 kW) (2016-2019), 0W20, Inhalt: 6,1 Liter, Wechsel alle 30000 km\/ 24 Monate<br \/>Audi (EU) A4 Allroad 3.0 TDI quattro (200 kW) (2016-2019), 5W30, Inhalt: 6,1 Liter, Wechsel alle 30000 km\/ 24 Monate<br \/>Audi (EU) A4 Allroad 40 TDI quattro (140 kW) (2019-2020), 5W30, Inhalt: 4,7 Liter<br \/>Audi (EU) A4 Allroad 40 TDI quattro (150 kW) (ab 2020), 5W30, Inhalt: 5,5 Liter<br \/>Audi (EU) A4 Allroad 45 TDI quattro (170 kW) (2019-2020), 5W30, Inhalt: 6,1 Liter<br \/>Audi (EU) A4 Allroad 45 TFSI quattro (180 kW) (2019-2020), 0W20, Inhalt: 5,2 Liter<br \/>Audi (EU) A4 Allroad 45 TFSI quattro (195 kW) (ab 2020), 0W20, Inhalt: 5,2 Liter<br \/>Audi (EU) A4 Allroad 50 TDI quattro (210 kW) (2019-2020), 5W30, Inhalt: 6,1 Liter<br \/>Audi (EU) A4 Allroad 50 TDI quattro (210 kW) (ab 2020), 5W30, Inhalt: 6,1 Liter<\/p>\n<p><strong>AUDI A4 (EU) Motor\u00f6l, S4, RS 4 8D<\/strong><br \/>Audi (EU) A4 1.6 (74 kW) (1994-2001), 5W30, 0W-40 oder 5w-40, Inhalt: 3,5 Liter, Wechsel alle 15000 km\/ 12 Monate<br \/>Audi (EU) A4 1.6 (75 kW) (2000-2001), 5W30 oder 0W-30, Inhalt: 3,5 Liter, Wechsel alle 30000 km\/ 24 Monate<br \/>Audi (EU) A4 1.8 (92 kW) (1994-2001), 5W30, 0W-40 oder 5w-40, Inhalt: 3,5 Liter, Wechsel alle 15000 km\/ 12 Monate<br \/>Audi (EU) A4 1.8 quattro (92 kW) (1994-2001), 5W30, 0W-40 oder 5w-40, Inhalt: 3,5 Liter, Wechsel alle 15000 km\/12 Monate<br \/>Audi (EU) A4 1.8 Turbo (110 kW) (1994-2001), 5W30, 0W-40 oder 5w-40, Inhalt: 3,5 Liter, Wechsel alle 15000 km\/ 12 Monate<br \/>Audi (EU) A4 1.8 Turbo (132 kW) (1997-2001), 5W30, 0W-40 oder 5w-40, Inhalt: 3,5 Liter, Wechsel alle 15000 km\/ 12 Monate<br \/>Audi (EU) A4 1.8 Turbo quattro (110 kW) (1994-2001), 5W30, 0W-40 oder 5w-40, Inhalt: 3,5 Liter, Wechsel alle 15000 km\/12 Monate<br \/>Audi (EU) A4 1.8 Turbo quattro (132 kW) (1997-2001), 5W30, 0W-40 oder 5w-40, Inhalt: 3,5 Liter, Wechsel alle 15000 km\/12 Monate<br \/>Audi (EU) A4 1.9 DI (55 kW) (1996-2000), 5W-30 oder 5w-40, Inhalt: 3,5 Liter, Wechsel alle 15000 km\/ 12 Monate<br \/>Audi (EU) A4 1.9 TDI (66 kW) (1994-2001), 5W-30 oder 5w-40, Inhalt: 3,5 Liter, Wechsel alle 15000 km\/ 12 Monate<br \/>Audi (EU) A4 1.9 TDI (81 kW) (1996-2000), 5W-30 oder 5w-40, Inhalt: 3,8 Liter, Wechsel alle 15000 km\/ 12 Monate<br \/>Audi (EU) A4 1.9 TDI (85 kW) (1999-2001), 5W-30 oder 5w-40, Inhalt: 3,8 Liter, Wechsel alle 15000 km\/12 Monate<br \/>Audi (EU) A4 1.9 TDI quattro (81 kW) (1996-2000), 5W-30 oder 5w-40, Inhalt: 3,8 Liter, Wechsel alle 15000 km\/12 Monate<br \/>Audi (EU) A4 1.9 TDI quattro (85 kW) (1999-2001), 5W-30 oder 5w-40, Inhalt: 3,8 Liter, Wechsel alle 15000 km\/12 Monate<br \/>Audi (EU) A4 2.4 V6 (120 kW) (1997-2001), 5W-30, 0W-40 oder 5w-40, Inhalt: 6 Liter, Wechsel alle 15000 km\/ 12 Monate<br \/>Audi (EU) A4 2.4 V6 (121 kW) (1997-2001), 5W-30, 0W-40 oder 5w-40, Inhalt: 6 Liter, Wechsel alle 15000 km\/ 12 Monate<br \/>Audi (EU) A4 2.4 V6 quattro (120 kW) (1997-2001), 5W-30, 0W-40 oder 5w-40, Inhalt: 6 Liter, Wechsel alle 15000 km\/ 12 Monate<br \/>Audi (EU) A4 2.4 V6 quattro (121 kW) (1997-2001), 5W-30, 0W-40 oder 5w-40, Inhalt: 6 Liter, Wechsel alle 15000 km\/ 12 Monate<br \/>Audi (EU) A4 2.5 TDI V6 (110 kW) (1998-2001), 5W-30 oder 0W-30, Inhalt: 5,5 Liter, Wechsel alle 15000 km\/ 12 Monate<br \/>Audi (EU) A4 2.5 TDI V6 quattro (110 kW) (1998-2001), 5W-30 oder 5W-40, Inhalt: 5,5 Liter, Wechsel alle 15000 km\/12 Monate<br \/>Audi (EU) A4 2.6 V6 (110 kW) (1994-1997), 5W-30, 0W-40 oder 5W-40, Inhalt: 5 Liter, Wechsel alle 15000 km\/ 12 Monate<br \/>Audi (EU) A4 2.6 V6 quattro (110 kW) (1994-1997), 5W-30, 0W-40 oder 5W-40, Inhalt: 5 Liter, Wechsel alle 15000 km\/ 12 Monate<br \/>Audi (EU) A4 2.8 V6 (128 kW) (1994-1997), 5W-30, 0W-40 oder 5W-40, Inhalt: 5 Liter, Wechsel alle 15000 km\/ 12 Monate<br \/>Audi (EU) A4 2.8 V6 (140 kW) (1999-2001), 5W-30, 0W-40 oder 5W-40, Inhalt: 6 Liter, Wechsel alle 15000 km\/ 12 Monate<br \/>Audi (EU) A4 2.8 V6 (142 kW) (1997-2001), 5W-30, 0W-40 oder 5W-40, Inhalt: 6 Liter, Wechsel alle 15000 km\/ 12 Monate<br \/>Audi (EU) A4 2.8 V6 quattro (128 kW) (1994-1997), 5W-30, 0W-40 oder 5W-40, Inhalt: 5 Liter, Wechsel alle 15000 km\/ 12 Monate<br \/>Audi (EU) A4 2.8 V6 quattro (140 kW) (1999-2001), 5W-30, 0W-40 oder 5W-40, Inhalt: 6 Liter, Wechsel alle 15000 km\/ 12 Monate<br \/>Audi (EU) A4 2.8 V6 quattro (142 kW) (1997-2001), 5W-30, 0W-40 oder 5W-40, Inhalt: 6 Liter, Wechsel alle 15000 km\/ 12 Monate<br \/>Audi (EU) RS 4 2.7 V6 Biturbo quattro (2000-2001), 5W-30, Inhalt: 6 Liter, Wechsel alle 30000 km\/ 24 Monate<br \/>Audi (EU) S4 2.7 V6 Biturbo quattro (1997-2001), 5W-30 oder 0W-30, Inhalt: 6 Liter, Wechsel alle 30000 km\/ 24 Monate<\/p>\n<p><strong>AUDI (EU) A4, S4, RS 4 8E<\/strong><br \/>Audi (EU) A4 1.6 (75 kW) (2001-2004), 0W-30 oder 5W-30, Inhalt: 3,5 Liter, Wechsel alle 30000 km\/ 24 Monate<br \/>Audi (EU) A4 1.6 (75 kW) (2004-2008), 0W-30 oder 5W-30, Inhalt: 3,5 Liter, Wechsel alle 30000 km\/ 24 Monate<br \/>Audi (EU) A4 1.8 Turbo (110 kW) (2001-2002), 0W-30 oder 5W-30, Inhalt: 3,5 Liter, Wechsel alle 30000 km\/ 24 Monate<br \/>Audi (EU) A4 1.8 Turbo (120 kW) (2002-2008), 0W-30 oder 5W-30, Inhalt: 4,1 Liter, Wechsel alle 30.000 km\/ 24 Monate<br \/>Audi (EU) A4 1.8 Turbo (125 kW) (2001-2003), 0W-30 oder 5W-30, Inhalt: 3,9 Liter, Wechsel alle 30.000 km\/ 24 Monate<br \/>Audi (EU) A4 1.8 Turbo (140 kW) (2002-2005), 0W-30 oder 5W-30, Inhalt: 4,1 Liter, Wechsel alle 30000 km\/ 24 Monate<br \/>Audi (EU) A4 1.8 Turbo quattro (110 kW) (2001-2002), 0W-30 oder 5W-30, Inhalt: 3,5 Liter, Wechsel alle 30000 km\/ 24 Monate<br \/>Audi (EU) A4 1.8 Turbo quattro (120 kW) (2002-2008), 0W-30 oder 5W-30, Inhalt: 4,1 Liter, Wechsel alle 30.000 km\/ 24 Monate<br \/>Audi (EU) A4 1.8 Turbo quattro (125 kW) (2001-2005), 0W-30 oder 5W-30, Inhalt: 3,9 Liter, Wechsel alle 30000 km\/ 24 Monate<br \/>Audi (EU) A4 1.8 Turbo quattro (140 kW) (2002-2005), 0W-30 oder 5W-30, Inhalt: 4,1 Liter, Wechsel alle 30000 km\/ 24 Monate<br \/>Audi (EU) A4 1.9 TDI (74 kW) (2001-2004), 0W-30 oder 5W-30, Inhalt: 4,5 Liter und Filterinhalt 0,5 Liter, Wechsel alle 50000 km\/ 24 Monate<br \/>Audi (EU) A4 1.9 TDI (85 kW) (2004-2006), 0W-30 oder 5W-30, Inhalt: 3,8 Liter, Wechsel alle 30.000 km\/ 24 Monate<br \/>Audi (EU) A4 1.9 TDI (85 kW) DPF (2006-2008), 5W-30, Inhalt: 3,8 Liter, Wechsel alle 30.000 km\/ 24 Monate<br \/>Audi (EU) A4 1.9 TDI (96 kW) (2001-2005), 0W-30 oder 5W-30, Inhalt: 3,7 Liter und Filter 0,5 Liter, Wechsel alle 50000 km\/ 24 Monate<br \/>Audi (EU) A4 1.9 TDI quattro (96 kW) (2001-2005), 0W-30 oder 5W-30, Inhalt: 3,7 Liter und Filter 0,5 Liter, Wechsel alle 50000 km\/ 24 Monate<br \/>Audi (EU) A4 2.0 (110 kW) (2002-2005), 0W-30 oder 5W-30, Inhalt: 4,2 Liter, Wechsel alle 30.000 km\/ 24 Monate<br \/>Audi (EU) A4 2.0 (96 kW) (2001-2004), 0W-30 oder 5W-30, Inhalt: 4,2 Liter, Wechsel alle 30000 km\/ 24 Monate<br \/>Audi (EU) A4 2.0 (96 kW) (2004-2008), 0W-30 oder 5W-30, Inhalt: 4,2 Liter, Wechsel alle 30.000 km\/ 24 Monate<br \/>Audi (EU) A4 2.0 TDI (120 kW) DPF (2006-2008), 5W-30, Inhalt: 3,8 Liter, Wechsel alle 30.000 km\/ 24 Monate<br \/>Audi (EU) A4 2.0 TDI (125 kW) DPF (2006-2008), 5W-30, Inhalt: 3,8 Liter, Wechsel alle 30.000 km\/ 24 Monate<br \/>Audi (EU) A4 2.0 TDI 16V (100 kW) (2004-2006), 0W-30 oder 5W-30, Inhalt: 3,8 Liter, Wechsel alle 30000 km\/ 24 Monate<br \/>Audi (EU) A4 2.0 TDI 16V (100 kW) DPF (2005-2008), 5W-30, Inhalt: 3,8 Liter, Wechsel alle 30.000 km\/ 24 Monate<br \/>Audi (EU) A4 2.0 TDI 16V (103 kW) (2004-2006), 0W-30 oder 5W-30, Inhalt: 3,8 Liter, Wechsel alle 30000 km\/ 24 Monate<br \/>Audi (EU) A4 2.0 TDI 16V (103 kW) DPF (2005-2008), 5W-30, Inhalt: 3,8 Liter, Wechsel alle 30.000 km\/ 24 Monate<br \/>Audi (EU) A4 2.0 TDI 16V (89 kW) (2006-2007), 0W-30 oder 5W-30, Inhalt: 3,8 Liter und Filter 0,5 Liter, Wechsel alle 50000 km\/ 24 Monate<br \/>Audi (EU) A4 2.0 TDI 16V (89 kW) DPF (2006-2007), 5W-30, Inhalt: 3,8 Liter und Filter 0,5 Liter, Wechsel alle 50000 km\/ 24 Monate<br \/>Audi (EU) A4 2.0 TDI 16V (93 kW) (2005-2007), 0W-30 oder 5W-30, Inhalt: 3,8 Liter und Filter 0,5 Liter, Wechsel alle 50000 km\/ 24 Monate<br \/>Audi (EU) A4 2.0 TDI 16V (93 kW) DPF (2005-2007), 5W-30, Inhalt: 3,8 Liter und Filter 0,5 Liter, Wechsel alle 50000 km\/ 24 Monate<br \/>Audi (EU) A4 2.0 TDI 8V (103 kW) DPF (2004-2008), 5W-30, Inhalt: 3,8 Liter, Wechsel alle 30.000 km\/ 24 Monate<br \/>Audi (EU) A4 2.0 TDI 8V quattro (103 kW) DPF (2006-2008), 5W-30, Inhalt: 3,8 Liter, Wechsel alle 30.000 km\/ 24 Monate<br \/>Audi (EU) A4 2.0 TDI quattro (120 kW) DPF (2006-2008), 5W-30, Inhalt: 3,8 Liter, Wechsel alle 30.000 km\/ 24 Monate<br \/>Audi (EU) A4 2.0 TDI quattro (125 kW) DPF (2006-2008), 5W-30, Inhalt: 3,8 Liter, Wechsel alle 30.000 km\/ 24 Monate<br \/>Audi (EU) A4 2.0 TFSI (125 kW) (2006-2008), 5W-30 oder 0W-30, Inhalt: 4,5 Liter, Wechsel alle 30.000 km\/ 24 Monate<br \/>Audi (EU) A4 2.0 TFSI (147 kW) (2004-2008), 5W-30 oder 0W-30, Inhalt: 4,5 Liter, Wechsel alle 30000 km\/ 24 Monate<br \/>Audi (EU) A4 2.0 TFSI (162 kW) (2005-2008), 5W-30 oder 0W-30, Inhalt: 4,5 Liter, Wechsel alle 30000 km\/ 24 Monate<br \/>Audi (EU) A4 2.0 TFSI quattro (147 kW) (2004-2008), 5W-30 oder 0W-30, Inhalt: 4,5 Liter, Wechsel alle 30000 km\/ 24 Monate<br \/>Audi (EU) A4 2.0 TFSI quattro (162 kW) (2005-2008), 0W-30 oder 5W-30, Inhalt: 4,5 Liter, Wechsel alle 30000 km\/ 24 Monate<\/p>\n<p>[\/et_pb_text][\/et_pb_column][et_pb_column type=\"1_4\u2033 _builder_version=\"3.25\u2033 custom_padding=\"|||\" global_colors_info=\"{}\" custom_padding__hover=\"|||\"][et_pb_code _builder_version=\"4.14.8\u2033 _module_preset=\"default\" global_module=\"121601\u2033 saved_tabs=\"all\" global_colors_info=\"{}\"]bloom test[\/et_pb_code][\/et_pb_column][\/et_pb_row][et_pb_row _builder_version=\"4.14.8\u2033 _module_preset=\"default\" global_colors_info=\"{}\"][et_pb_column type=\"4_4\u2033 _builder_version=\"4.14.8\u2033 _module_preset=\"default\" global_colors_info=\"{}\"][et_pb_code _builder_version=\"4.14.8\u2033 _module_preset=\"default\" global_module=\"121632\u2033 saved_tabs=\"all\" global_colors_info=\"{}\"]products[\/et_pb_code][\/et_pb_column][\/et_pb_row][\/et_pb_section]<\/p>","protected":false},"excerpt":{"rendered":"<p>Welches Motor\u00f6l Audi A4Suchen Sie ein Motor\u00f6l f\u00fcr Ihren Audi A4? Auf dieser Seite finden Sie eine \u00dcbersicht \u00fcber alle Modelle, das entsprechende Motor\u00f6l und dessen Inhalt. Mit einem Audi A4 k\u00f6nnen Sie \u00fcberall gut ankommen. Dieses elegante Auto im Business-Look von Audi ist eines der meistverkauften Modelle der Marke. Dieses Auto hat alles [...]<\/p>","protected":false},"author":1,"featured_media":0,"parent":0,"menu_order":0,"comment_status":"closed","ping_status":"closed","template":"","meta":{"_et_pb_use_builder":"on","_et_pb_old_content":"","_et_gb_content_width":"","footnotes":""},"class_list":["post-121691","page","type-page","status-publish","hentry"],"yoast_head":"<!-- This site is optimized with the Yoast SEO plugin v27.4 - https:\/\/yoast.com\/product\/yoast-seo-wordpress\/ -->\n<title>Motorolie Audi A4 nodig? wat gaat er in 5w30 of toch 0W30?<\/title>\n<meta name=\"description\" content=\"Motorolie Audi A4 overzicht. Welke motorolie gebruiken voor een Audi A4? Op deze pagina het overzicht van iedere A4 en de geschikte motorolie.\" \/>\n<meta name=\"robots\" content=\"index, follow, max-snippet:-1, max-image-preview:large, max-video-preview:-1\" \/>\n<link rel=\"canonical\" href=\"https:\/\/autobaak.nl\/de\/motorol-audi-a4\/\" \/>\n<meta property=\"og:locale\" content=\"de_DE\" \/>\n<meta property=\"og:type\" content=\"article\" \/>\n<meta property=\"og:title\" content=\"Motorolie Audi A4 nodig? wat gaat er in 5w30 of toch 0W30?\" \/>\n<meta property=\"og:description\" content=\"Motorolie Audi A4 overzicht. Welke motorolie gebruiken voor een Audi A4? Op deze pagina het overzicht van iedere A4 en de geschikte motorolie.\" \/>\n<meta property=\"og:url\" content=\"https:\/\/autobaak.nl\/de\/motorol-audi-a4\/\" \/>\n<meta property=\"og:site_name\" content=\"Autobaak.nl\" \/>\n<meta property=\"article:modified_time\" content=\"2022-03-03T14:09:09+00:00\" \/>\n<meta name=\"twitter:card\" content=\"summary_large_image\" \/>\n<meta name=\"twitter:label1\" content=\"Gesch\u00e4tzte Lesezeit\" \/>\n\t<meta name=\"twitter:data1\" content=\"10\u00a0Minuten\" \/>\n<script type=\"application\/ld+json\" class=\"yoast-schema-graph\">{\"@context\":\"https:\\\/\\\/schema.org\",\"@graph\":[{\"@type\":\"WebPage\",\"@id\":\"https:\\\/\\\/autobaak.nl\\\/motorolie-audi-a4\\\/\",\"url\":\"https:\\\/\\\/autobaak.nl\\\/motorolie-audi-a4\\\/\",\"name\":\"Motorolie Audi A4 nodig? wat gaat er in 5w30 of toch 0W30?\",\"isPartOf\":{\"@id\":\"https:\\\/\\\/autobaak.nl\\\/#website\"},\"datePublished\":\"2022-03-03T14:09:04+00:00\",\"dateModified\":\"2022-03-03T14:09:09+00:00\",\"description\":\"Motorolie Audi A4 overzicht. Welke motorolie gebruiken voor een Audi A4? Op deze pagina het overzicht van iedere A4 en de geschikte motorolie.\",\"breadcrumb\":{\"@id\":\"https:\\\/\\\/autobaak.nl\\\/motorolie-audi-a4\\\/#breadcrumb\"},\"inLanguage\":\"de\",\"potentialAction\":[{\"@type\":\"ReadAction\",\"target\":[\"https:\\\/\\\/autobaak.nl\\\/motorolie-audi-a4\\\/\"]}]},{\"@type\":\"BreadcrumbList\",\"@id\":\"https:\\\/\\\/autobaak.nl\\\/motorolie-audi-a4\\\/#breadcrumb\",\"itemListElement\":[{\"@type\":\"ListItem\",\"position\":1,\"name\":\"Home\",\"item\":\"https:\\\/\\\/autobaak.nl\\\/\"},{\"@type\":\"ListItem\",\"position\":2,\"name\":\"Motorolie Audi A4\"}]},{\"@type\":\"WebSite\",\"@id\":\"https:\\\/\\\/autobaak.nl\\\/#website\",\"url\":\"https:\\\/\\\/autobaak.nl\\\/\",\"name\":\"Autobaak.nl\",\"description\":\"Cars &amp; Racing\",\"potentialAction\":[{\"@type\":\"SearchAction\",\"target\":{\"@type\":\"EntryPoint\",\"urlTemplate\":\"https:\\\/\\\/autobaak.nl\\\/?s={search_term_string}\"},\"query-input\":{\"@type\":\"PropertyValueSpecification\",\"valueRequired\":true,\"valueName\":\"search_term_string\"}}],\"inLanguage\":\"de\"}]}<\/script>\n<!-- \/ Yoast SEO plugin. -->","yoast_head_json":{"title":"Ben\u00f6tigen Sie Motor\u00f6l Audi A4? Was geht in ihm 5w30 oder 0W30?","description":"Motor\u00f6l Audi A4 \u00dcbersicht. Welches Motor\u00f6l sollte f\u00fcr einen Audi A4 verwendet werden? Auf dieser Seite die \u00dcbersicht \u00fcber jeden A4 und das passende Motor\u00f6l.","robots":{"index":"index","follow":"follow","max-snippet":"max-snippet:-1","max-image-preview":"max-image-preview:large","max-video-preview":"max-video-preview:-1"},"canonical":"https:\/\/autobaak.nl\/de\/motorol-audi-a4\/","og_locale":"de_DE","og_type":"article","og_title":"Motorolie Audi A4 nodig? wat gaat er in 5w30 of toch 0W30?","og_description":"Motorolie Audi A4 overzicht. Welke motorolie gebruiken voor een Audi A4? Op deze pagina het overzicht van iedere A4 en de geschikte motorolie.","og_url":"https:\/\/autobaak.nl\/de\/motorol-audi-a4\/","og_site_name":"Autobaak.nl","article_modified_time":"2022-03-03T14:09:09+00:00","twitter_card":"summary_large_image","twitter_misc":{"Gesch\u00e4tzte Lesezeit":"10\u00a0Minuten"},"schema":{"@context":"https:\/\/schema.org","@graph":[{"@type":"WebPage","@id":"https:\/\/autobaak.nl\/motorolie-audi-a4\/","url":"https:\/\/autobaak.nl\/motorolie-audi-a4\/","name":"Ben\u00f6tigen Sie Motor\u00f6l Audi A4? Was geht in ihm 5w30 oder 0W30?","isPartOf":{"@id":"https:\/\/autobaak.nl\/#website"},"datePublished":"2022-03-03T14:09:04+00:00","dateModified":"2022-03-03T14:09:09+00:00","description":"Motor\u00f6l Audi A4 \u00dcbersicht. Welches Motor\u00f6l sollte f\u00fcr einen Audi A4 verwendet werden? Auf dieser Seite die \u00dcbersicht \u00fcber jeden A4 und das passende Motor\u00f6l.","breadcrumb":{"@id":"https:\/\/autobaak.nl\/motorolie-audi-a4\/#breadcrumb"},"inLanguage":"de","potentialAction":[{"@type":"ReadAction","target":["https:\/\/autobaak.nl\/motorolie-audi-a4\/"]}]},{"@type":"BreadcrumbList","@id":"https:\/\/autobaak.nl\/motorolie-audi-a4\/#breadcrumb","itemListElement":[{"@type":"ListItem","position":1,"name":"Home","item":"https:\/\/autobaak.nl\/"},{"@type":"ListItem","position":2,"name":"Motorolie Audi A4"}]},{"@type":"WebSite","@id":"https:\/\/autobaak.nl\/#website","url":"https:\/\/autobaak.nl\/","name":"Autobook.de","description":"Autos &amp; Rennsport","potentialAction":[{"@type":"SearchAction","target":{"@type":"EntryPoint","urlTemplate":"https:\/\/autobaak.nl\/?s={search_term_string}"},"query-input":{"@type":"PropertyValueSpecification","valueRequired":true,"valueName":"search_term_string"}}],"inLanguage":"de"}]}},"_links":{"self":[{"href":"https:\/\/autobaak.nl\/de\/wp-json\/wp\/v2\/pages\/121691","targetHints":{"allow":["GET"]}}],"collection":[{"href":"https:\/\/autobaak.nl\/de\/wp-json\/wp\/v2\/pages"}],"about":[{"href":"https:\/\/autobaak.nl\/de\/wp-json\/wp\/v2\/types\/page"}],"author":[{"embeddable":true,"href":"https:\/\/autobaak.nl\/de\/wp-json\/wp\/v2\/users\/1"}],"replies":[{"embeddable":true,"href":"https:\/\/autobaak.nl\/de\/wp-json\/wp\/v2\/comments?post=121691"}],"version-history":[{"count":0,"href":"https:\/\/autobaak.nl\/de\/wp-json\/wp\/v2\/pages\/121691\/revisions"}],"wp:attachment":[{"href":"https:\/\/autobaak.nl\/de\/wp-json\/wp\/v2\/media?parent=121691"}],"curies":[{"name":"wp","href":"https:\/\/api.w.org\/{rel}","templated":true}]}}