{"id":121696,"date":"2022-03-03T16:47:04","date_gmt":"2022-03-03T16:47:04","guid":{"rendered":"https:\/\/autobaak.nl\/?page_id=121696"},"modified":"2022-03-03T16:47:09","modified_gmt":"2022-03-03T16:47:09","slug":"motorol-alfa-romeo-159","status":"publish","type":"page","link":"https:\/\/autobaak.nl\/de\/motorol-alfa-romeo-159\/","title":{"rendered":"Welches Alfa Romeo 159 Motor\u00f6l"},"content":{"rendered":"<p>[et_pb_section fb_built=\"1\u2033 custom_padding_last_edited=\"on|desktop\" admin_label=\"Section\" _builder_version=\"3.22\u2033 background_colour=\"#0c71c3\u2033 custom_padding_tablet=\"50px|0|50px|0\u2033 custom_padding_phone=\"50px|0|50px|0\u2033 transparent_background=\"off\" padding_mobile=\"off\" make_fullwidth=\"off\" use_custom_width=\"off\" width_unit=\"on\" global_colors_info=\"{}\"][et_pb_row admin_label=\"Row\" _builder_version=\"3.25\u2033 background_size=\"initial\" background_position=\"top_left\" background_repeat=\"repeat\" global_colors_info=\"{}\"][et_pb_column type=\"4_4\u2033 _builder_version=\"3.25\u2033 custom_padding=\"|||\" global_colors_info=\"{}\" custom_padding__hover=\"|||\"][et_pb_text admin_label=\"Text\" _builder_version=\"4.14.8\u2033 background_size=\"initial\" background_position=\"top_left\" background_repeat=\"repeat\" text_orientation=\"centre\" background_layout=\"dark\" module_alignment=\"centre\" use_border_color=\"off\" border_color=\"#ffffff\" border_style=\"solid\" global_colors_info=\"{}\"][et_pb_text admin_label=\"text<\/p>\n<h1 style=\"text-align: center;\">Welches Alfa Romeo 159 Motor\u00f6l<\/h1>\n<p>[\/et_pb_text][\/et_pb_column][\/et_pb_row][\/et_pb_section][et_pb_section fb_built=\"1\u2033 admin_label=\"Section\" _builder_version=\"3.22\u2033 global_colors_info=\"{}\"][et_pb_row column_structure=\"3_4,1_4\u2033 admin_label=\"Row\" _builder_version=\"3.25\u2033 background_size=\"initial\" background_position=\"top_left\" background_repeat=\"repeat\" global_colors_info=\"{}\"][et_pb_column type=\"3_4\u2033 _builder_version=\"3.25\u2033 custom_padding=\"|||\" global_colors_info=\"{}\" custom_padding__hover=\"|||\"][et_pb_text admin_label=\"Text\" _builder_version=\"4.14.8\u2033 background_size=\"initial\" background_position=\"top_left\" background_repeat=\"repeat\" use_border_color=\"off\" border_color=\"#ffffff\" border_style=\"solid\" global_colors_info=\"{}\"]<\/p>\n<p>Der Alfa Romeo 159 ist der Nachfolger des sehr beliebten <a href=\"https:\/\/autobaak.nl\/de\/motorol-alfa-romeo-156\/\">Alfa 156<\/a> Modell wurde das Auto 2005 eingef\u00fchrt. Der rechtzeitige Wechsel des Motor\u00f6ls ist wichtig, um den Motorverschlei\u00df zu verringern und einen reibungslosen Betrieb des Motors zu gew\u00e4hrleisten. Ein rechtzeitiger Wechsel des Motor\u00f6ls senkt au\u00dferdem den Kraftstoffverbrauch und die Emissionen. Pr\u00fcfen Sie unten, welches Motor\u00f6l Ihr Alfa Romeo 159 ben\u00f6tigt:<\/p>\n<p>[\/et_pb_text][et_pb_text admin_label=\"Text\" _builder_version=\"4.14.8\u2033 background_size=\"initial\" background_position=\"top_left\" background_repeat=\"repeat\" use_border_color=\"off\" border_color=\"#ffffff\" border_style=\"solid\" global_colors_info=\"{}\"]<\/p>\n<h2>Motor\u00f6l Alfa 159 Benzin BJ 2005 bis 2011<strong><br \/><\/strong><\/h2>\n<ul>\n<li>Alfa Romeo 159 1.8 MPI =<br \/>Motor\u00f6l:\u00a0<strong>SAE<\/strong> <strong>5w40 <\/strong><strong><br \/><\/strong>Intervall:<strong> 30.000 km oder nach maximal 24 Monaten<br \/><\/strong>Menge<strong>: 4,5 Liter + 0,4 Liter im \u00d6lfilter<\/strong><\/li>\n<li>Alfa Romeo 159 1.9 JTS =<br \/>Motor\u00f6l:\u00a0<strong>SAE<\/strong> <strong>5w40 <\/strong><strong><br \/><\/strong>Intervall:<strong> 30.000 km oder nach maximal 24 Monaten<br \/><\/strong>Menge<strong>: 5,4 Liter + 0,4 Liter im \u00d6lfilter<\/strong><\/li>\n<li>Alfa Romeo 159 1.75 TBI =<br \/>Motor\u00f6l:\u00a0<strong>SAE<\/strong> <strong>5w40 <\/strong><strong><br \/><\/strong>Intervall:<strong> 30.000 km oder nach maximal 24 Monaten<br \/><\/strong>Menge<strong>: 4,25 Liter + 0,4 Liter im \u00d6lfilter<\/strong><\/li>\n<li>Alfa Romeo 159 2.2 JTS =<br \/>Motor\u00f6l:\u00a0<strong>SAE<\/strong> <strong>5w40 <\/strong><strong><br \/><\/strong>Intervall:<strong> 30.000 km oder nach maximal 24 Monaten<br \/><\/strong>Menge<strong>: 5,4 Liter + 0,4 Liter im \u00d6lfilter<\/strong><\/li>\n<li>Alfa Romeo 159 3.2 JTS =<br \/>Motor\u00f6l:\u00a0<strong>SAE<\/strong> <strong>5w40 <\/strong><strong><br \/><\/strong>Intervall:<strong> 30.000 km oder nach maximal 24 Monaten<br \/><\/strong>Menge<strong>: 5,4 Liter + 0,4 Liter im \u00d6lfilter<\/strong><\/li>\n<\/ul>\n<h2>Motor\u00f6l Alfa 159 Diesel BJ 05 - 2011 <strong><br \/><\/strong><\/h2>\n<ul>\n<li>Alfa Romeo 159 1.9 JTDM =<br \/>Motor\u00f6l:\u00a0<strong>SAE<\/strong> <strong>10w40 <\/strong><strong><br \/><\/strong>Intervall: <strong>30.000 km oder nach maximal 24 Monaten<br \/><\/strong>Menge<strong>: 4,6 Liter + 0,4 Liter im \u00d6lfilter<\/strong><\/li>\n<li>Alfa Romeo 159 2.0 JTDM =<br \/>Motor\u00f6l:\u00a0<strong>SAE<\/strong> <strong>0w30 <\/strong><strong><br \/><\/strong>Intervall: <strong>30.000 km oder nach maximal 24 Monaten<br \/><\/strong>Menge<strong>: 4,9 Liter + 0,4 Liter im \u00d6lfilter<\/strong><\/li>\n<li>Alfa Romeo 159 2.4 JTDM =<br \/>Motor\u00f6l:\u00a0<strong>SAE<\/strong> <strong>0w40 <\/strong><strong><br \/><\/strong>Intervall: <strong>30.000 km oder nach maximal 24 Monaten<br \/><\/strong>Menge<strong>: 6,4 Liter + 0,4 Liter im \u00d6lfilter<\/strong><\/li>\n<\/ul>\n<p>[\/et_pb_text][\/et_pb_column][et_pb_column type=\"1_4\u2033 _builder_version=\"3.25\u2033 custom_padding=\"|||\" global_colors_info=\"{}\" custom_padding__hover=\"|||\"][et_pb_code _builder_version=\"4.14.8\u2033 _module_preset=\"default\" global_module=\"121601\u2033 saved_tabs=\"all\" global_colors_info=\"{}\"]bloom test[\/et_pb_code][\/et_pb_column][\/et_pb_row][et_pb_row _builder_version=\"4.14.8\u2033 _module_preset=\"default\" global_colors_info=\"{}\"][et_pb_column type=\"4_4\u2033 _builder_version=\"4.14.8\u2033 _module_preset=\"default\" global_colors_info=\"{}\"][et_pb_code _builder_version=\"4.14.8\u2033 _module_preset=\"default\" global_module=\"121632\u2033 saved_tabs=\"all\" global_colors_info=\"{}\"]products[\/et_pb_code][\/et_pb_column][\/et_pb_row][\/et_pb_section]<\/p>","protected":false},"excerpt":{"rendered":"<p>Welches Motor\u00f6l Alfa Romeo 159Der Alfa Romeo 159 ist der Nachfolger des sehr beliebten Modells Alfa 156, das 2005 eingef\u00fchrt wurde. Ein rechtzeitiger Motor\u00f6lwechsel ist wichtig, um Motorverschlei\u00df vorzubeugen und sicherzustellen, dass der Motor reibungslos l\u00e4uft. Au\u00dferdem sorgt ein rechtzeitiger Motor\u00f6lwechsel f\u00fcr [...]<\/p>","protected":false},"author":1,"featured_media":0,"parent":0,"menu_order":0,"comment_status":"closed","ping_status":"closed","template":"","meta":{"_et_pb_use_builder":"on","_et_pb_old_content":"","_et_gb_content_width":"","footnotes":""},"class_list":["post-121696","page","type-page","status-publish","hentry"],"yoast_head":"<!-- This site is optimized with the Yoast SEO plugin v27.4 - https:\/\/yoast.com\/product\/yoast-seo-wordpress\/ -->\n<title>Welke motorolie Alfa Romeo 159 MPI, JTS en de MJTD 1.9 en 2.4<\/title>\n<meta name=\"description\" content=\"Motorolie voor een Alfa 159 nodig? Bekijk welke olie jij nodig hebt. o.a. TBI, JTS, MJTD en MPI. Tevens de oliewissel intervallen\/hoeveelheden\" \/>\n<meta name=\"robots\" content=\"index, follow, max-snippet:-1, max-image-preview:large, max-video-preview:-1\" \/>\n<link rel=\"canonical\" href=\"https:\/\/autobaak.nl\/de\/motorol-alfa-romeo-159\/\" \/>\n<meta property=\"og:locale\" content=\"de_DE\" \/>\n<meta property=\"og:type\" content=\"article\" \/>\n<meta property=\"og:title\" content=\"Welke motorolie Alfa Romeo 159 MPI, JTS en de MJTD 1.9 en 2.4\" \/>\n<meta property=\"og:description\" content=\"Motorolie voor een Alfa 159 nodig? Bekijk welke olie jij nodig hebt. o.a. TBI, JTS, MJTD en MPI. Tevens de oliewissel intervallen\/hoeveelheden\" \/>\n<meta property=\"og:url\" content=\"https:\/\/autobaak.nl\/de\/motorol-alfa-romeo-159\/\" \/>\n<meta property=\"og:site_name\" content=\"Autobaak.nl\" \/>\n<meta property=\"article:modified_time\" content=\"2022-03-03T16:47:09+00:00\" \/>\n<meta name=\"twitter:card\" content=\"summary_large_image\" \/>\n<meta name=\"twitter:label1\" content=\"Gesch\u00e4tzte Lesezeit\" \/>\n\t<meta name=\"twitter:data1\" content=\"3\u00a0Minuten\" \/>\n<script type=\"application\/ld+json\" class=\"yoast-schema-graph\">{\"@context\":\"https:\\\/\\\/schema.org\",\"@graph\":[{\"@type\":\"WebPage\",\"@id\":\"https:\\\/\\\/autobaak.nl\\\/motorolie-alfa-romeo-159\\\/\",\"url\":\"https:\\\/\\\/autobaak.nl\\\/motorolie-alfa-romeo-159\\\/\",\"name\":\"Welke motorolie Alfa Romeo 159 MPI, JTS en de MJTD 1.9 en 2.4\",\"isPartOf\":{\"@id\":\"https:\\\/\\\/autobaak.nl\\\/#website\"},\"datePublished\":\"2022-03-03T16:47:04+00:00\",\"dateModified\":\"2022-03-03T16:47:09+00:00\",\"description\":\"Motorolie voor een Alfa 159 nodig? Bekijk welke olie jij nodig hebt. o.a. TBI, JTS, MJTD en MPI. Tevens de oliewissel intervallen\\\/hoeveelheden\",\"breadcrumb\":{\"@id\":\"https:\\\/\\\/autobaak.nl\\\/motorolie-alfa-romeo-159\\\/#breadcrumb\"},\"inLanguage\":\"de\",\"potentialAction\":[{\"@type\":\"ReadAction\",\"target\":[\"https:\\\/\\\/autobaak.nl\\\/motorolie-alfa-romeo-159\\\/\"]}]},{\"@type\":\"BreadcrumbList\",\"@id\":\"https:\\\/\\\/autobaak.nl\\\/motorolie-alfa-romeo-159\\\/#breadcrumb\",\"itemListElement\":[{\"@type\":\"ListItem\",\"position\":1,\"name\":\"Home\",\"item\":\"https:\\\/\\\/autobaak.nl\\\/\"},{\"@type\":\"ListItem\",\"position\":2,\"name\":\"Welke motorolie Alfa Romeo 159\"}]},{\"@type\":\"WebSite\",\"@id\":\"https:\\\/\\\/autobaak.nl\\\/#website\",\"url\":\"https:\\\/\\\/autobaak.nl\\\/\",\"name\":\"Autobaak.nl\",\"description\":\"Cars &amp; Racing\",\"potentialAction\":[{\"@type\":\"SearchAction\",\"target\":{\"@type\":\"EntryPoint\",\"urlTemplate\":\"https:\\\/\\\/autobaak.nl\\\/?s={search_term_string}\"},\"query-input\":{\"@type\":\"PropertyValueSpecification\",\"valueRequired\":true,\"valueName\":\"search_term_string\"}}],\"inLanguage\":\"de\"}]}<\/script>\n<!-- \/ Yoast SEO plugin. -->","yoast_head_json":{"title":"Welches Motor\u00f6l Alfa Romeo 159 MPI, JTS und die MJTD 1.9 und 2.4","description":"Sie ben\u00f6tigen Motor\u00f6l f\u00fcr einen Alfa 159? Finden Sie heraus, welches \u00d6l Sie ben\u00f6tigen, einschlie\u00dflich TBI, JTS, MJTD und MPI. Auch die \u00d6lwechselintervalle\/Quantit\u00e4ten.","robots":{"index":"index","follow":"follow","max-snippet":"max-snippet:-1","max-image-preview":"max-image-preview:large","max-video-preview":"max-video-preview:-1"},"canonical":"https:\/\/autobaak.nl\/de\/motorol-alfa-romeo-159\/","og_locale":"de_DE","og_type":"article","og_title":"Welke motorolie Alfa Romeo 159 MPI, JTS en de MJTD 1.9 en 2.4","og_description":"Motorolie voor een Alfa 159 nodig? Bekijk welke olie jij nodig hebt. o.a. TBI, JTS, MJTD en MPI. Tevens de oliewissel intervallen\/hoeveelheden","og_url":"https:\/\/autobaak.nl\/de\/motorol-alfa-romeo-159\/","og_site_name":"Autobaak.nl","article_modified_time":"2022-03-03T16:47:09+00:00","twitter_card":"summary_large_image","twitter_misc":{"Gesch\u00e4tzte Lesezeit":"3\u00a0Minuten"},"schema":{"@context":"https:\/\/schema.org","@graph":[{"@type":"WebPage","@id":"https:\/\/autobaak.nl\/motorolie-alfa-romeo-159\/","url":"https:\/\/autobaak.nl\/motorolie-alfa-romeo-159\/","name":"Welches Motor\u00f6l Alfa Romeo 159 MPI, JTS und die MJTD 1.9 und 2.4","isPartOf":{"@id":"https:\/\/autobaak.nl\/#website"},"datePublished":"2022-03-03T16:47:04+00:00","dateModified":"2022-03-03T16:47:09+00:00","description":"Sie ben\u00f6tigen Motor\u00f6l f\u00fcr einen Alfa 159? Finden Sie heraus, welches \u00d6l Sie ben\u00f6tigen, einschlie\u00dflich TBI, JTS, MJTD und MPI. Auch die \u00d6lwechselintervalle\/Quantit\u00e4ten.","breadcrumb":{"@id":"https:\/\/autobaak.nl\/motorolie-alfa-romeo-159\/#breadcrumb"},"inLanguage":"de","potentialAction":[{"@type":"ReadAction","target":["https:\/\/autobaak.nl\/motorolie-alfa-romeo-159\/"]}]},{"@type":"BreadcrumbList","@id":"https:\/\/autobaak.nl\/motorolie-alfa-romeo-159\/#breadcrumb","itemListElement":[{"@type":"ListItem","position":1,"name":"Home","item":"https:\/\/autobaak.nl\/"},{"@type":"ListItem","position":2,"name":"Welke motorolie Alfa Romeo 159"}]},{"@type":"WebSite","@id":"https:\/\/autobaak.nl\/#website","url":"https:\/\/autobaak.nl\/","name":"Autobook.de","description":"Autos &amp; Rennsport","potentialAction":[{"@type":"SearchAction","target":{"@type":"EntryPoint","urlTemplate":"https:\/\/autobaak.nl\/?s={search_term_string}"},"query-input":{"@type":"PropertyValueSpecification","valueRequired":true,"valueName":"search_term_string"}}],"inLanguage":"de"}]}},"_links":{"self":[{"href":"https:\/\/autobaak.nl\/de\/wp-json\/wp\/v2\/pages\/121696","targetHints":{"allow":["GET"]}}],"collection":[{"href":"https:\/\/autobaak.nl\/de\/wp-json\/wp\/v2\/pages"}],"about":[{"href":"https:\/\/autobaak.nl\/de\/wp-json\/wp\/v2\/types\/page"}],"author":[{"embeddable":true,"href":"https:\/\/autobaak.nl\/de\/wp-json\/wp\/v2\/users\/1"}],"replies":[{"embeddable":true,"href":"https:\/\/autobaak.nl\/de\/wp-json\/wp\/v2\/comments?post=121696"}],"version-history":[{"count":0,"href":"https:\/\/autobaak.nl\/de\/wp-json\/wp\/v2\/pages\/121696\/revisions"}],"wp:attachment":[{"href":"https:\/\/autobaak.nl\/de\/wp-json\/wp\/v2\/media?parent=121696"}],"curies":[{"name":"wp","href":"https:\/\/api.w.org\/{rel}","templated":true}]}}