{"id":121709,"date":"2022-03-04T14:07:37","date_gmt":"2022-03-04T14:07:37","guid":{"rendered":"https:\/\/autobaak.nl\/?page_id=121709"},"modified":"2022-03-04T14:07:42","modified_gmt":"2022-03-04T14:07:42","slug":"motorol-audi-a5","status":"publish","type":"page","link":"https:\/\/autobaak.nl\/de\/motorol-audi-a5\/","title":{"rendered":"Motor\u00f6l Audi A5"},"content":{"rendered":"<p>[et_pb_section fb_built=\"1\u2033 custom_padding_last_edited=\"on|desktop\" admin_label=\"Section\" _builder_version=\"3.22\u2033 background_colour=\"#0c71c3\u2033 custom_padding_tablet=\"50px|0|50px|0\u2033 custom_padding_phone=\"50px|0|50px|0\u2033 transparent_background=\"off\" padding_mobile=\"off\" make_fullwidth=\"off\" use_custom_width=\"off\" width_unit=\"on\" global_colors_info=\"{}\"][et_pb_row admin_label=\"Row\" _builder_version=\"3.25\u2033 background_size=\"initial\" background_position=\"top_left\" background_repeat=\"repeat\" global_colors_info=\"{}\"][et_pb_column type=\"4_4\u2033 _builder_version=\"3.25\u2033 custom_padding=\"|||\" global_colors_info=\"{}\" custom_padding__hover=\"|||\"][et_pb_text admin_label=\"Text\" _builder_version=\"4.14.8\u2033 background_size=\"initial\" background_position=\"top_left\" background_repeat=\"repeat\" text_orientation=\"centre\" background_layout=\"dark\" module_alignment=\"centre\" hover_enabled=\"0\u2033 use_border_color=\"off\" border_color=\"#ffffff\" border_style=\"solid\" global_colors_info=\"{}\" sticky_enabled=\"0\u2033]<\/p>\n<h1 style=\"text-align: center;\">Welches Motor\u00f6l Audi A5<\/h1>\n<p>[\/et_pb_text][\/et_pb_column][\/et_pb_row][\/et_pb_section][et_pb_section fb_built=\"1\u2033 admin_label=\"Section\" _builder_version=\"3.22\u2033 global_colors_info=\"{}\"][et_pb_row column_structure=\"3_4,1_4\u2033 admin_label=\"Row\" _builder_version=\"3.25\u2033 background_size=\"initial\" background_position=\"top_left\" background_repeat=\"repeat\" global_colors_info=\"{}\"][et_pb_column type=\"3_4\u2033 _builder_version=\"3.25\u2033 custom_padding=\"|||\" global_colors_info=\"{}\" custom_padding__hover=\"|||\"][et_pb_text admin_label=\"Text\" _builder_version=\"4.14.8\u2033 background_size=\"initial\" background_position=\"top_left\" background_repeat=\"repeat\" hover_enabled=\"0\u2033 use_border_color=\"off\" border_color=\"#ffffff\" border_style=\"solid\" global_colors_info=\"{}\" sticky_enabled=\"0\u2033][et_pb_text admin_label=\"text\"][et_pb_text admin_label=\"text\" _builder_version=\"4.14.<\/p>\n<p>Sie suchen Motor\u00f6l f\u00fcr den Audi A5? Auf dieser Seite sind alle Modelle, das entsprechende Motor\u00f6l und dessen Inhalt aufgef\u00fchrt. Der Audi A5 ist ein Luxus-Coup\u00e9 und seit M\u00e4rz 2007 auf dem Markt. Neben dem normalen A5 geh\u00f6ren auch das A5 Cabriolet und der A5 Sportback zum Angebot. Innerhalb der Audi-Marke ist der A5 ein Mitglied der Fahrzeugfamilie, die auf der B-Plattform basiert, die er sich mit der A4 Limousine und dem Avant teilt. Nachfolgend finden Sie eine \u00dcbersicht \u00fcber das Audi A5-Motor\u00f6l.<\/p>\n<p>[\/et_pb_text][et_pb_text admin_label=\"Text\" _builder_version=\"4.14.8\u2033 background_size=\"initial\" background_position=\"top_left\" background_repeat=\"repeat\" hover_enabled=\"0\u2033 use_border_color=\"off\" border_color=\"#ffffff\" border_style=\"solid\" global_colors_info=\"{}\" sticky_enabled=\"0\u2033]<\/p>\n<h2>Motor\u00f6l Audi A5<\/h2>\n<p><strong>AUDI A5 (EU), S5 CABRIOLET F57 Motor\u00f6l<\/strong><br \/>Audi (EU) A5 Cabriolet 2.0 TDI (110 kW) (2017-2019), 5W-30, Inhalt 4,7 Liter<br \/>Audi (EU) A5 Cabriolet 2.0 TDI (140 kW) (2017-2019), 5W-30, Inhalt 4,7 Liter<br \/>Audi (EU) A5 Cabriolet 2.0 TDI quattro (140 kW) (2017-2019), 5W-30, 4,7 Liter Inhalt<br \/>Audi (EU) A5 Cabriolet 2.0 TFSI (140 kW) (2017-2019), 0W-20, 5,2 Liter Hubraum<br \/>Audi (EU) A5 Cabriolet 2.0 TFSI (183 kW) (2017-2019), 5W-30, Inhalt 5,2 Liter, Wechsel alle 30.000 km\/ 24 Monate<br \/>Audi (EU) A5 Cabriolet 2.0 TFSI (185 kW) (2017-2019), 5W-30, Inhalt 5,2 Liter, Wechsel alle 30.000 km\/ 24 Monate<br \/>Audi (EU) A5 Cabriolet 2.0 TFSI MHEV (185 kW) (2017-2019), 0W-20, 5,2 Liter Hubraum<br \/>Audi (EU) A5 Cabriolet 2.0 TFSI MHEV quattro (185 kW) (2017-2019), 0W-20, 5,2 Liter Hubraum<br \/>Audi (EU) A5 Cabriolet 2.0 TFSI quattro (183 kW) (2017-2019), 5W-30, Inhalt 5,2 Liter, Wechsel alle 30.000 km\/ 24 Monate<br \/>Audi (EU) A5 Cabriolet 2.0 TFSI quattro (185 kW) (2017-2019), 5W-30, Inhalt 5,2 Liter, Wechsel alle 30.000 km\/ 24 Monate<br \/>Audi (EU) A5 Cabriolet 3.0 TDI (160 kW) (2017-2019), 0W-20, Hubraum 6,1 Liter<br \/>Audi (EU) A5 Cabriolet 3.0 TDI quattro (160 kW) (2017-2019), 0W-20, Hubraum 6,1 Liter<br \/>Audi (EU) A5 Cabriolet 3.0 TDI quattro (210 kW) (2017-2019), 5W-30, Inhalt 6,1 Liter<br \/>Audi (EU) A5 Cabriolet 30 TDI (100 kW) (ab 2019), 0W-20, 5,5 Liter Hubraum<br \/>Audi (EU) A5 Cabriolet 35 TDI (120 kW) (ab 2019), 0W-20, 4,7 Liter Hubraum<br \/>Audi (EU) A5 Cabriolet 35 TFSI (110 kW) (ab 2020), 0W-20, 5,2 Liter Hubraum<br \/>Audi (EU) A5 Cabriolet 40 TDI (140 kW) (2019-2020), 5W-30, 4,7 Liter Hubraum<br \/>Audi (EU) A5 Cabriolet 40 TDI (150 kW) (ab 2020), 5W-30, 5,5 Liter Hubraum<br \/>Audi (EU) A5 Cabriolet 40 TDI quattro (140 kW) (2019-2020), 5W-30, Inhalt 4,7 Liter<br \/>Audi (EU) A5 Cabriolet 40 TDI quattro (150 kW) (ab 2020), 0W-20, 5,2 Liter Hubraum<br \/>Audi (EU) A5 Cabriolet 40 TFSI (140 kW) (2019-2020), 0W-20, 5,2 Liter Hubraum<br \/>Audi (EU) A5 Cabriolet 40 TFSI (150 kW) (ab 2020), 0W-20, 5,2 Liter Hubraum<br \/>Audi (EU) A5 Cabriolet 40 TFSI quattro (150 kW) (ab 2020), 0W-20, 5,2 Liter Hubraum<br \/>Audi (EU) A5 Cabriolet 45 TFSI quattro (180 kW) (2019-2020), 0W-20, 5,2 Liter Hubraum<br \/>Audi (EU) A5 Cabriolet 45 TFSI quattro (195 kW) (ab 2020), 0W-20, 5,2 Liter Hubraum<br \/>Audi (EU) A5 Cabriolet 50 TDI quattro (210 kW) (2019-2020), 5W-30, Inhalt 6,1 Liter<br \/>Audi (EU) S5 Cabriolet 3.0 TFSI quattro (260 kW) (ab 2017), 0W-20, 7,25 Liter Hubraum<\/p>\n<p><strong>AUDI A5 (EU), S5, RS 5 8T Motor\u00f6l<\/strong><br \/>Audi (EU) A5 1.8 TFSI (106 kW) (2014-2016), 5W-30, Tankinhalt 4,6 Liter, Wechsel alle 30.000 km\/ 24 Monate<br \/>Audi (EU) A5 1.8 TFSI (118 kW) (2009-2012), 5W-30, Tankinhalt 4,6 Liter, Wechsel alle 30.000 km\/ 24 Monate<br \/>Audi (EU) A5 1.8 TFSI (125 kW) (2008-2010), 5W-30, Tankinhalt 4,6 Liter, Wechsel alle 30.000 km\/ 24 Monate<br \/>Audi (EU) A5 1.8 TFSI (125 kW) (2011-2015), 5W-30, Tankinhalt 4,6 Liter, Wechsel alle 30.000 km\/ 24 Monate<br \/>Audi (EU) A5 1.8 TFSI (130 kW) (2015-2016), 5W-30, Tankinhalt 4,6 Liter, Wechsel alle 30.000 km\/ 24 Monate<br \/>Audi (EU) A5 2.0 TDI (105 kW) (2009-2011), 5W-30, Tankinhalt 5 Liter, Wechsel alle 30.000 km\/ 24 Monate<br \/>Audi (EU) A5 2.0 TDI (105 kW) (2011-2013), 5W-30, Tankinhalt 5 Liter, Wechsel alle 30.000 km\/ 24 Monate<br \/>Audi (EU) A5 2.0 TDI (110 kW) (2013-2014), 5W-30, Tankinhalt 5 Liter, Wechsel alle 30.000 km\/ 24 Monate<br \/>Audi (EU) A5 2.0 TDI (110 kW) (2014-2016), 5W-30, Tankinhalt 4,7 Liter, Wechsel alle 30.000 km\/ 24 Monate<br \/>Audi (EU) A5 2.0 TDI (120 kW) (2008-2011), 5W-30, Tankinhalt 5 Liter, Wechsel alle 30.000 km\/ 24 Monate<br \/>Audi (EU) A5 2.0 TDI (120 kW) (2011-2016), 5W-30, Inhalt 4,7-5 Liter, Wechsel alle 30.000 km\/ 24 Monate<br \/>Audi (EU) A5 2.0 TDI (125 kW) (2008-2011), 5W-30, Tankinhalt 5 Liter, Wechsel alle 30.000 km\/ 24 Monate<br \/>Audi (EU) A5 2.0 TDI (130 kW) (2011-2014), 5W-30, Tankinhalt 5 Liter, Wechsel alle 30.000 km\/ 24 Monate<br \/>Audi (EU) A5 2.0 TDI (140 kW) (2013-2016), 5W-30, Tankinhalt 4,7 Liter, Wechsel alle 30.000 km\/ 24 Monate<br \/>Audi (EU) A5 2.0 TDI quattro (120 kW) (2008-2011), 5W-30, Tankinhalt 5 Liter, Wechsel alle 30.000 km\/ 24 Monate<br \/>Audi (EU) A5 2.0 TDI quattro (125 kW) (2008-2011), 5W-30, Tankinhalt 5 Liter, Wechsel alle 30.000 km\/ 24 Monate<br \/>Audi (EU) A5 2.0 TDI quattro (130 kW) (2011-2014), 5W-30, Inhalt 5 Liter, Wechsel alle 30.000 km\/ 24 Monate<br \/>Audi (EU) A5 2.0 TDI quattro (140 kW) (2013-2016), 5W-30, Tankinhalt 4,7 Liter, Wechsel alle 30.000 km\/ 24 Monate<br \/>Audi (EU) A5 2.0 TDI Ultra (100 kW) (2014-2016), 5W-30, Tankinhalt 4,7 Liter, Wechsel alle 30.000 km\/ 24 Monate<br \/>Audi (EU) A5 2.0 TDIe (100 kW) (2009-2011), 5W-30, Tankinhalt 5 Liter, Wechsel alle 30.000 km\/ 24 Monate<br \/>Audi (EU) A5 2.0 TDIe (100 kW) (2011-2014), 5W-30, Tankinhalt 5 Liter, Wechsel alle 30.000 km\/ 24 Monate<br \/>Audi (EU) A5 2.0 TFSI (132 kW) (2008-2012), 5W-30, Tankinhalt 4,6 Liter, Wechsel alle 30.000 km\/ 24 Monate<br \/>Audi (EU) A5 2.0 TFSI (132 kW) (2011-2014), 5W-30, Tankinhalt 4,6 Liter, Wechsel alle 30.000 km\/ 24 Monate<br \/>Audi (EU) A5 2.0 TFSI (155 kW) CDNC (2008-2012), 5W-30, Tankinhalt 4,6 Liter, Wechsel alle 30.000 km\/ 24 Monate<br \/>Audi (EU) A5 2.0 TFSI (155 kW) CDNC (2012-2013), 5W-30, Tankinhalt 4,6 Liter, Wechsel alle 30.000 km\/ 24 Monate<br \/>Audi (EU) A5 2.0 TFSI (162 kW) (2012-2016), 5W-30, Tankinhalt 4,6 Liter, Wechsel alle 30.000 km\/ 24 Monate<br \/>Audi (EU) A5 2.0 TFSI (165 kW) (2013-2016), 5W-30, Tankinhalt 4,6 Liter, Wechsel alle 30.000 km\/ 24 Monate<br \/>Audi (EU) A5 2.0 TFSI (169 kW) (2015-2016), 5W-30, Tankinhalt 4,6 Liter, Wechsel alle 30.000 km\/ 24 Monate<br \/>Audi (EU) A5 2.0 TFSI quattro (132 kW) (2008-2010), 5W-30, Tankinhalt 4,6 Liter, Wechsel alle 30.000 km\/ 24 Monate<br \/>Audi (EU) A5 2.0 TFSI quattro (155 kW) CAEB (2008-2010), 5W-30, Inhalt 4,6 Liter, Wechsel alle 30.000 km\/ 24 Monate<br \/>Audi (EU) A5 2.0 TFSI quattro (155 kW) CAEB, CPMA (2010-2013), 5W-30, Tankinhalt 4,6 Liter, Wechsel alle 30.000 km\/ 24 Monate<br \/>Audi (EU) A5 2.0 TFSI quattro (155 kW) CDNC (2008-2012), 5W-30, Inhalt 4,6 Liter, Wechsel alle 30.000 km\/ 24 Monate<br \/>Audi (EU) A5 2.0 TFSI quattro (155 kW) CDNC (2012-2013), 5W-30, Inhalt 4,6 Liter, Wechsel alle 30.000 km\/ 24 Monate<br \/>Audi (EU) A5 2.0 TFSI quattro (162 kW) (2012-2016), 5W-30, Tankinhalt 4,6 Liter, Wechsel alle 30.000 km\/ 24 Monate<br \/>Audi (EU) A5 2.0 TFSI quattro (165 kW) (2013-2016), 5W-30, Tankinhalt 4,6 Liter, Wechsel alle 30.000 km\/ 24 Monate<br \/>Audi (EU) A5 2.0 TFSI quattro (169 kW) (2015-2016), 5W-30, Tankinhalt 4,6 Liter, Wechsel alle 30.000 km\/ 24 Monate<br \/>Audi (EU) A5 2.7 TDI (120 kW) (2007-2012), 5W-30, Inhalt 6,9 Liter, Wechsel alle 30.000 km\/ 24 Monate<br \/>Audi (EU) A5 2.7 TDI (140 kW) (2007-2012), 5W-30, Inhalt 6,9 Liter, Wechsel alle 30.000 km\/ 24 Monate<br \/>Audi (EU) A5 3.0 TDI (150 kW) (2011-2016), 5W-30, Inhalt 6,4 Liter, Wechsel alle 30.000 km\/ 24 Monate<br \/>Audi (EU) A5 3.0 TDI quattro (155 kW) (2008-2009), 5W-30, Inhalt 6,9 Liter, Wechsel alle 30.000 km\/ 24 Monate<br \/>Audi (EU) A5 3.0 TDI quattro (155 kW) (2009-2010), 5W-30, Inhalt 6,9 Liter, Wechsel alle 30.000 km\/ 24 Monate<br \/>Audi (EU) A5 3.0 TDI quattro (160 kW) (2015-2016), 0W-20, Inhalt 6,4 Liter, Wechsel alle 30.000 km\/ 24 Monate<br \/>Audi (EU) A5 3.0 TDI quattro (176 kW) (2007-2008), 5W-30, Inhalt 6,9 Liter, Wechsel alle 30.000 km\/ 24 Monate<br \/>Audi (EU) A5 3.0 TDI quattro (176 kW) (2008-2009), 5W-30, Inhalt 6,9 Liter, Wechsel alle 30.000 km\/ 24 Monate<br \/>Audi (EU) A5 3.0 TDI quattro (176 kW) (2009-2011), 5W-30, Inhalt 6,9 Liter, Wechsel alle 30.000 km\/ 24 Monate<br \/>Audi (EU) A5 3.0 TDI quattro (180 kW) (2011-2016), 5W-30, Inhalt 6,4 Liter, Wechsel alle 30.000 km\/ 24 Monate<br \/>Audi (EU) A5 3.0 TFSI quattro (200 kW) (2011-2016), 5W-30, Inhalt 6,4 Liter, Wechsel alle 30.000 km\/ 24 Monate<br \/>Audi (EU) A5 3.2 FSI (2007-2012), 5W-30, Inhalt 6,2 Liter, Wechsel alle 30.000 km\/ 24 Monate<br \/>Audi (EU) A5 3.2 FSI quattro (2007-2012), 5W-30, Inhalt 6,2 Liter, Wechsel alle 30.000 km\/ 24 Monate<br \/>Audi (EU) RS 5 4.2 FSI quattro (2010-2011), 5W-30, Inhalt 9,7 Liter, Wechsel alle 30.000 km\/ 24 Monate<br \/>Audi (EU) RS 5 4.2 FSI quattro (2012-2016), 5W-30, Inhalt 9,7 Liter, Wechsel alle 30000 km\/ 24 Monate<br \/>Audi (EU) S5 3.0 TFSI quattro (2010-2011), 5W-30, Inhalt 6,2 Liter, Wechsel alle 30.000 km\/ 24 Monate<br \/>Audi (EU) S5 3.0 TFSI quattro (2012-2016), 5W-30, Inhalt 6,8 Liter, Wechsel alle 30000 km\/ 24 Monate<br \/>Audi (EU) S5 4.2 FSI quattro (2007-2012), 5W-30, Inhalt 8,8 Liter, Wechsel alle 30000 km\/ 24 Monate<\/p>\n<p><strong>AUDI (EU) A5, S5, RS 5 CABRIOLET 8F7<\/strong><br \/>Audi (EU) A5 Cabriolet 1.8 TFSI (118 kW) (2009-2012), 5W-30, Tankinhalt 4,6 Liter, Wechsel alle 30.000 km\/ 24 Monate<br \/>Audi (EU) A5 Cabriolet 1.8 TFSI (125 kW) (2011-2015), 5W-30, Tankinhalt 4,6 Liter, Wechsel alle 30.000 km\/ 24 Monate<br \/>Audi (EU) A5 Cabriolet 1.8 TFSI (130 kW) (2015-2017), 5W-30, Tankinhalt 4,6 Liter, Wechsel alle 30.000 km\/ 24 Monate<br \/>Audi (EU) A5 Cabriolet 2.0 TDI (105 kW) (2011-2017), 5W-30, Tankinhalt 5 Liter, Wechsel alle 30.000 km\/ 24 Monate<br \/>Audi (EU) A5 Cabriolet 2.0 TDI (110 kW) (2011-2017), 5W-30, Tankinhalt 4,7-5 Liter, Wechsel alle 30.000 km\/ 24 Monate<br \/>Audi (EU) A5 Cabriolet 2.0 TDI (120 kW) (2009-2011), 5W-30, Tankinhalt 5 Liter, Wechsel alle 30.000 km\/ 24 Monate<br \/>Audi (EU) A5 Cabriolet 2.0 TDI (120 kW) (2011-2017), 5W-30, Tankinhalt 4,7-5 Liter, Wechsel alle 30.000 km\/ 24 Monate<br \/>Audi (EU) A5 Cabriolet 2.0 TDI (125 kW) (2009-2011), 5W-30, Tankinhalt 5 Liter, Wechsel alle 30.000 km\/ 24 Monate<br \/>Audi (EU) A5 Cabriolet 2.0 TDI (130 kW) (2011-2017), 5W-30, Tankinhalt 5 Liter, Wechsel alle 30.000 km\/ 24 Monate<br \/>Audi (EU) A5 Cabriolet 2.0 TDI (140 kW) (2014-2017), 5W-30, Tankinhalt 4,7 Liter, Wechsel alle 30.000 km\/ 24 Monate<br \/>Audi (EU) A5 Cabriolet 2.0 TDI quattro (130 kW) (2011-2017), 5W-30, Inhalt 5 Liter, Wechsel alle 30.000 km\/ 24 Monate<br \/>Audi (EU) A5 Cabriolet 2.0 TDI quattro (140 kW) (2014-2017), 5W-30, Tankinhalt 4,7 Liter, Wechsel alle 30.000 km\/ 24 Monate<br \/>Audi (EU) A5 Cabriolet 2.0 TFSI (132 kW) (2009-2012), 5W-30, Tankinhalt 4,6 Liter, Wechsel alle 30.000 km\/ 24 Monate<br \/>Audi (EU) A5 Cabriolet 2.0 TFSI (155 kW) (2009-2012), 5W-30, Tankinhalt 4,6 Liter, Wechsel alle 30.000 km\/ 24 Monate<br \/>Audi (EU) A5 Cabriolet 2.0 TFSI (155 kW) (2012-2014), 5W-30, Tankinhalt 4,6 Liter, Wechsel alle 30.000 km\/ 24 Monate<br \/>Audi (EU) A5 Cabriolet 2.0 TFSI (162 kW) (2012-2017), 5W-30, Tankinhalt 4,6 Liter, Wechsel alle 30.000 km\/ 24 Monate<br \/>Audi (EU) A5 Cabriolet 2.0 TFSI (165 kW) (2013-2016), 5W-30, Tankinhalt 4,6 Liter, Wechsel alle 30.000 km\/ 24 Monate<br \/>Audi (EU) A5 Cabriolet 2.0 TFSI (169 kW) (2015-2017), 5W-30, Tankinhalt 4,6 Liter, Wechsel alle 30.000 km\/ 24 Monate<br \/>Audi (EU) A5 Cabriolet 2.0 TFSI quattro (155 kW) CAEB (2009-2010), 5W-30, Tankinhalt 4,6 Liter, Wechsel alle 30.000 km\/ 24 Monate<br \/>Audi (EU) A5 Cabriolet 2.0 TFSI quattro (155 kW) CAEB, CPMA (2010-2017), 5W-30, Tankinhalt 4,6 Liter, Wechsel alle 30.000 km\/ 24 Monate<\/p>\n<p>[\/et_pb_text][\/et_pb_column][et_pb_column type=\"1_4\u2033 _builder_version=\"3.25\u2033 custom_padding=\"|||\" global_colors_info=\"{}\" custom_padding__hover=\"|||\"][et_pb_code _builder_version=\"4.14.8\u2033 _module_preset=\"default\" global_module=\"121601\u2033 saved_tabs=\"all\" global_colors_info=\"{}\"]bloom test[\/et_pb_code][\/et_pb_column][\/et_pb_row][et_pb_row _builder_version=\"4.14.8\u2033 _module_preset=\"default\" global_colors_info=\"{}\"][et_pb_column type=\"4_4\u2033 _builder_version=\"4.14.8\u2033 _module_preset=\"default\" global_colors_info=\"{}\"][et_pb_code _builder_version=\"4.14.8\u2033 _module_preset=\"default\" global_module=\"121632\u2033 saved_tabs=\"all\" global_colors_info=\"{}\"]products[\/et_pb_code][\/et_pb_column][\/et_pb_row][\/et_pb_section]<\/p>","protected":false},"excerpt":{"rendered":"<p>Welches Motor\u00f6l Audi A5Sind Sie auf der Suche nach Motor\u00f6l f\u00fcr den Audi A5? Auf dieser Seite finden Sie eine \u00dcbersicht \u00fcber alle Modelle, das entsprechende Motor\u00f6l und dessen Inhaltsstoffe. Der Audi A5 ist ein Luxus-Coup\u00e9 und seit M\u00e4rz 2007 auf dem Markt. Neben dem normalen A5 geh\u00f6ren auch das A5 Cabriolet und der A5 Sportback zu den [...]<\/p>","protected":false},"author":1,"featured_media":0,"parent":0,"menu_order":0,"comment_status":"closed","ping_status":"closed","template":"","meta":{"_et_pb_use_builder":"on","_et_pb_old_content":"","_et_gb_content_width":"","footnotes":""},"class_list":["post-121709","page","type-page","status-publish","hentry"],"yoast_head":"<!-- This site is optimized with the Yoast SEO plugin v27.3 - https:\/\/yoast.com\/product\/yoast-seo-wordpress\/ -->\n<title>Motorolie Audi A5 nodig? wat gaat er in 5w30 of toch 0W30?<\/title>\n<meta name=\"description\" content=\"Motorolie Audi A5 overzicht. Welke motorolie gebruiken voor een Audi A5? Op deze pagina het overzicht van iedere A4 en de geschikte motorolie.\" \/>\n<meta name=\"robots\" content=\"index, follow, max-snippet:-1, max-image-preview:large, max-video-preview:-1\" \/>\n<link rel=\"canonical\" href=\"https:\/\/autobaak.nl\/de\/motorol-audi-a5\/\" \/>\n<meta property=\"og:locale\" content=\"de_DE\" \/>\n<meta property=\"og:type\" content=\"article\" \/>\n<meta property=\"og:title\" content=\"Motorolie Audi A5 nodig? wat gaat er in 5w30 of toch 0W30?\" \/>\n<meta property=\"og:description\" content=\"Motorolie Audi A5 overzicht. Welke motorolie gebruiken voor een Audi A5? Op deze pagina het overzicht van iedere A4 en de geschikte motorolie.\" \/>\n<meta property=\"og:url\" content=\"https:\/\/autobaak.nl\/de\/motorol-audi-a5\/\" \/>\n<meta property=\"og:site_name\" content=\"Autobaak.nl\" \/>\n<meta property=\"article:modified_time\" content=\"2022-03-04T14:07:42+00:00\" \/>\n<meta name=\"twitter:card\" content=\"summary_large_image\" \/>\n<meta name=\"twitter:label1\" content=\"Gesch\u00e4tzte Lesezeit\" \/>\n\t<meta name=\"twitter:data1\" content=\"9\u00a0Minuten\" \/>\n<script type=\"application\/ld+json\" class=\"yoast-schema-graph\">{\"@context\":\"https:\\\/\\\/schema.org\",\"@graph\":[{\"@type\":\"WebPage\",\"@id\":\"https:\\\/\\\/autobaak.nl\\\/motorolie-audi-a5\\\/\",\"url\":\"https:\\\/\\\/autobaak.nl\\\/motorolie-audi-a5\\\/\",\"name\":\"Motorolie Audi A5 nodig? wat gaat er in 5w30 of toch 0W30?\",\"isPartOf\":{\"@id\":\"https:\\\/\\\/autobaak.nl\\\/#website\"},\"datePublished\":\"2022-03-04T14:07:37+00:00\",\"dateModified\":\"2022-03-04T14:07:42+00:00\",\"description\":\"Motorolie Audi A5 overzicht. Welke motorolie gebruiken voor een Audi A5? Op deze pagina het overzicht van iedere A4 en de geschikte motorolie.\",\"breadcrumb\":{\"@id\":\"https:\\\/\\\/autobaak.nl\\\/motorolie-audi-a5\\\/#breadcrumb\"},\"inLanguage\":\"de\",\"potentialAction\":[{\"@type\":\"ReadAction\",\"target\":[\"https:\\\/\\\/autobaak.nl\\\/motorolie-audi-a5\\\/\"]}]},{\"@type\":\"BreadcrumbList\",\"@id\":\"https:\\\/\\\/autobaak.nl\\\/motorolie-audi-a5\\\/#breadcrumb\",\"itemListElement\":[{\"@type\":\"ListItem\",\"position\":1,\"name\":\"Home\",\"item\":\"https:\\\/\\\/autobaak.nl\\\/\"},{\"@type\":\"ListItem\",\"position\":2,\"name\":\"Motorolie Audi A5\"}]},{\"@type\":\"WebSite\",\"@id\":\"https:\\\/\\\/autobaak.nl\\\/#website\",\"url\":\"https:\\\/\\\/autobaak.nl\\\/\",\"name\":\"Autobaak.nl\",\"description\":\"Cars &amp; Racing\",\"potentialAction\":[{\"@type\":\"SearchAction\",\"target\":{\"@type\":\"EntryPoint\",\"urlTemplate\":\"https:\\\/\\\/autobaak.nl\\\/?s={search_term_string}\"},\"query-input\":{\"@type\":\"PropertyValueSpecification\",\"valueRequired\":true,\"valueName\":\"search_term_string\"}}],\"inLanguage\":\"de\"}]}<\/script>\n<!-- \/ Yoast SEO plugin. -->","yoast_head_json":{"title":"Ben\u00f6tigen Sie Motor\u00f6l Audi A5? Was geht in 5W30 oder 0W30?","description":"Audi A5 Motor\u00f6l \u00dcbersicht. Welches Motor\u00f6l sollte f\u00fcr einen Audi A5 verwendet werden? Auf dieser Seite finden Sie eine \u00dcbersicht \u00fcber jeden A4 und das passende Motor\u00f6l.","robots":{"index":"index","follow":"follow","max-snippet":"max-snippet:-1","max-image-preview":"max-image-preview:large","max-video-preview":"max-video-preview:-1"},"canonical":"https:\/\/autobaak.nl\/de\/motorol-audi-a5\/","og_locale":"de_DE","og_type":"article","og_title":"Motorolie Audi A5 nodig? wat gaat er in 5w30 of toch 0W30?","og_description":"Motorolie Audi A5 overzicht. Welke motorolie gebruiken voor een Audi A5? Op deze pagina het overzicht van iedere A4 en de geschikte motorolie.","og_url":"https:\/\/autobaak.nl\/de\/motorol-audi-a5\/","og_site_name":"Autobaak.nl","article_modified_time":"2022-03-04T14:07:42+00:00","twitter_card":"summary_large_image","twitter_misc":{"Gesch\u00e4tzte Lesezeit":"9\u00a0Minuten"},"schema":{"@context":"https:\/\/schema.org","@graph":[{"@type":"WebPage","@id":"https:\/\/autobaak.nl\/motorolie-audi-a5\/","url":"https:\/\/autobaak.nl\/motorolie-audi-a5\/","name":"Ben\u00f6tigen Sie Motor\u00f6l Audi A5? Was geht in 5W30 oder 0W30?","isPartOf":{"@id":"https:\/\/autobaak.nl\/#website"},"datePublished":"2022-03-04T14:07:37+00:00","dateModified":"2022-03-04T14:07:42+00:00","description":"Audi A5 Motor\u00f6l \u00dcbersicht. Welches Motor\u00f6l sollte f\u00fcr einen Audi A5 verwendet werden? Auf dieser Seite finden Sie eine \u00dcbersicht \u00fcber jeden A4 und das passende Motor\u00f6l.","breadcrumb":{"@id":"https:\/\/autobaak.nl\/motorolie-audi-a5\/#breadcrumb"},"inLanguage":"de","potentialAction":[{"@type":"ReadAction","target":["https:\/\/autobaak.nl\/motorolie-audi-a5\/"]}]},{"@type":"BreadcrumbList","@id":"https:\/\/autobaak.nl\/motorolie-audi-a5\/#breadcrumb","itemListElement":[{"@type":"ListItem","position":1,"name":"Home","item":"https:\/\/autobaak.nl\/"},{"@type":"ListItem","position":2,"name":"Motorolie Audi A5"}]},{"@type":"WebSite","@id":"https:\/\/autobaak.nl\/#website","url":"https:\/\/autobaak.nl\/","name":"Autobook.de","description":"Autos &amp; Rennsport","potentialAction":[{"@type":"SearchAction","target":{"@type":"EntryPoint","urlTemplate":"https:\/\/autobaak.nl\/?s={search_term_string}"},"query-input":{"@type":"PropertyValueSpecification","valueRequired":true,"valueName":"search_term_string"}}],"inLanguage":"de"}]}},"_links":{"self":[{"href":"https:\/\/autobaak.nl\/de\/wp-json\/wp\/v2\/pages\/121709","targetHints":{"allow":["GET"]}}],"collection":[{"href":"https:\/\/autobaak.nl\/de\/wp-json\/wp\/v2\/pages"}],"about":[{"href":"https:\/\/autobaak.nl\/de\/wp-json\/wp\/v2\/types\/page"}],"author":[{"embeddable":true,"href":"https:\/\/autobaak.nl\/de\/wp-json\/wp\/v2\/users\/1"}],"replies":[{"embeddable":true,"href":"https:\/\/autobaak.nl\/de\/wp-json\/wp\/v2\/comments?post=121709"}],"version-history":[{"count":0,"href":"https:\/\/autobaak.nl\/de\/wp-json\/wp\/v2\/pages\/121709\/revisions"}],"wp:attachment":[{"href":"https:\/\/autobaak.nl\/de\/wp-json\/wp\/v2\/media?parent=121709"}],"curies":[{"name":"wp","href":"https:\/\/api.w.org\/{rel}","templated":true}]}}