{"id":121715,"date":"2022-03-04T14:10:44","date_gmt":"2022-03-04T14:10:44","guid":{"rendered":"https:\/\/autobaak.nl\/?page_id=121715"},"modified":"2022-03-04T14:33:49","modified_gmt":"2022-03-04T14:33:49","slug":"motorol-audi-a6","status":"publish","type":"page","link":"https:\/\/autobaak.nl\/de\/motorol-audi-a6\/","title":{"rendered":"Motor\u00f6l Audi A6"},"content":{"rendered":"<p>[et_pb_section fb_built=\"1\u2033 custom_padding_last_edited=\"on|desktop\" admin_label=\"Section\" _builder_version=\"3.22\u2033 background_colour=\"#0c71c3\u2033 custom_padding_tablet=\"50px|0|50px|0\u2033 custom_padding_phone=\"50px|0|50px|0\u2033 transparent_background=\"off\" padding_mobile=\"off\" make_fullwidth=\"off\" use_custom_width=\"off\" width_unit=\"on\" global_colors_info=\"{}\"][et_pb_row admin_label=\"Row\" _builder_version=\"3.25\u2033 background_size=\"initial\" background_position=\"top_left\" background_repeat=\"repeat\" global_colors_info=\"{}\"][et_pb_column type=\"4_4\u2033 _builder_version=\"3.25\u2033 custom_padding=\"|||\" global_colors_info=\"{}\" custom_padding__hover=\"|||\"][et_pb_text admin_label=\"Text\" _builder_version=\"4.14.8\u2033 background_size=\"initial\" background_position=\"top_left\" background_repeat=\"repeat\" text_orientation=\"centre\" background_layout=\"dark\" module_alignment=\"centre\" use_border_color=\"off\" border_color=\"#ffffff\" border_style=\"solid\" global_colors_info=\"{}\"][et_pb_text admin_label=\"text<\/p>\n<h1 style=\"text-align: center;\">Welches Motor\u00f6l Audi A6<\/h1>\n<p>[\/et_pb_text][\/et_pb_column][\/et_pb_row][\/et_pb_section][et_pb_section fb_built=\"1\u2033 admin_label=\"Section\" _builder_version=\"3.22\u2033 global_colors_info=\"{}\"][et_pb_row column_structure=\"3_4,1_4\u2033 admin_label=\"Row\" _builder_version=\"3.25\u2033 background_size=\"initial\" background_position=\"top_left\" background_repeat=\"repeat\" global_colors_info=\"{}\"][et_pb_column type=\"3_4\u2033 _builder_version=\"3.25\u2033 custom_padding=\"|||\" global_colors_info=\"{}\" custom_padding__hover=\"|||\"][et_pb_text admin_label=\"Text\" _builder_version=\"4.14.8\u2033 background_size=\"initial\" background_position=\"top_left\" background_repeat=\"repeat\" use_border_color=\"off\" border_color=\"#ffffff\" border_style=\"solid\" global_colors_info=\"{}\"]<\/p>\n<p>Sie suchen Motor\u00f6l f\u00fcr den Audi A6? Auf dieser Seite finden Sie eine \u00dcbersicht \u00fcber alle Modelle, das entsprechende Motor\u00f6l und dessen Inhaltsstoffe. Der Audi A6 ist ein sch\u00f6nes Auto und kann zu Recht als Luxuswagen bezeichnet werden. Der A6 ist der Nachfolger des Audi 100 und erscheint als Limousine und als Kombi. In der Audi-Namensgebung wird der A6 auch buchst\u00e4blich als Fortsetzung der Audi 100er- oder C-Serie gesehen. In der Tat wird jeder A6 einfach innerhalb dieser Serie weiterentwickelt. Da die 100 bei der Generation C3 aufh\u00f6rt, ist die erste Generation A6 also C4, die zweite C5 und so weiter. Kombis werden im Rahmen dieses Namensschemas als Avant bezeichnet. Nachfolgend finden Sie eine \u00dcbersicht der Audi A6-Motor\u00f6le.<\/p>\n<p>[\/et_pb_text][et_pb_text admin_label=\"Text\" _builder_version=\"4.14.8\u2033 background_size=\"initial\" background_position=\"top_left\" background_repeat=\"repeat\" hover_enabled=\"0\u2033 use_border_color=\"off\" border_color=\"#ffffff\" border_style=\"solid\" global_colors_info=\"{}\" sticky_enabled=\"0\u2033]<\/p>\n<h2>Motor\u00f6l Audi A6<\/h2>\n<p><strong>Motor\u00f6l AUDI A6 (EU) ALLROAD 4A<\/strong><br \/>Audi (EU) A6 Allroad 40 TDI quattro (150 kW) (2020 und sp\u00e4ter), 5W-30, Inhalt 5,5 Liter<br \/>Audi (EU) A6 Allroad 45 TDI quattro (170 kW) (2019-2021), 5W-30, Inhalt 6,1 Liter<br \/>Audi (EU) A6 Allroad 45 TDI quattro (180 kW) (2021 und sp\u00e4ter), 5W-30, Inhalt 6,1 Liter<br \/>Audi (EU) A6 Allroad 50 TDI quattro (210 kW) (2019-2020), 5W-30, Inhalt 6,1 Liter<br \/>Audi (EU) A6 Allroad 50 TDI quattro (210 kW) (2020 und sp\u00e4ter), 5W-30, Inhalt 6,1 Liter<br \/>Audi (EU) A6 Allroad 55 TDI quattro (253 kW) (2020 und sp\u00e4ter), 5W-30, Inhalt 6,1 Liter<br \/>Audi (EU) A6 Allroad 55 TDI quattro (257 kW) (2019-2020), 5W-30, Inhalt 6,1 Liter<br \/>Audi (EU) A6 Allroad 55 TFSI quattro (250 kW) (2019 und sp\u00e4ter), 0W-20, Inhalt 7,6 Liter<\/p>\n<p><strong>Motor\u00f6l AUDI A6 (EU) ALLROAD 4B<\/strong><br \/>Audi (EU) A6 Allroad 2.5 TDI (120 kW) (2003-2005), 0W-30 oder 5W-30, Inhalt 5,5 Liter, Wechsel alle 35000 km\/ 24 Monate<br \/>Audi (EU) A6 Allroad 2.5 TDI (132 kW) (2000-2005), 0W-30 oder 5W-30, Inhalt 5,5 Liter, Wechsel alle 35000 km\/ 24 Monate<br \/>Audi (EU) A6 Allroad 2.7 V6 (2000-2005), 0W-30 oder 5W-30, Inhalt 6 Liter, Wechsel alle 35000 km\/ 24 Monate<br \/>Audi (EU) A6 Allroad 4.2 V8 (2003-2005), 0W-30 oder 5W-30, Inhalt 8,5 Liter, Wechsel alle 30000 km\/ 24 Monate<\/p>\n<p><strong>AUDI (EU) A6 ALLROAD 4F<\/strong><br \/>Audi (EU) A6 Allroad 2.7 TDI (120 kW) (2006-2008), 0W-30 oder 5W-30, Inhalt 8,2 Liter, Wechsel alle 30000 km\/ 24 Monate<br \/>Audi (EU) A6 Allroad 2.7 TDI (120 kW) (2008-2011), 5W-30, Inhalt 8,2 Liter, Wechsel alle 30000 km\/ 24 Monate<br \/>Audi (EU) A6 Allroad 2.7 TDI (132 kW) (2006-2008), 0W-30 oder 5W-30, Inhalt 8,2 Liter, Wechsel alle 30000 km\/ 24 Monate<br \/>Audi (EU) A6 Allroad 2.7 TDI (140 kW) (2008-2011), 5W-30, Inhalt 8,2 Liter, Wechsel alle 30000 km\/ 24 Monate<br \/>Audi (EU) A6 Allroad 3.0 TDI (120 kW) (2006-2008), 5W-30, Inhalt 8,2 Liter, Wechsel alle 30000 km\/ 24 Monate<br \/>Audi (EU) A6 Allroad 3.0 TDI (155 kW) (2008-2011), 5W-30, Inhalt 8,2 Liter, Wechsel alle 30000 km\/ 24 Monate<br \/>Audi (EU) A6 Allroad 3.0 TDI (171 kW) (2006-2008), 5W-30, Inhalt 8,2 Liter, Wechsel alle 30000 km\/ 24 Monate<br \/>Audi (EU) A6 Allroad 3.0 TDI (176 kW) (2008-2011), 5W-30, Inhalt 8,2 Liter, Wechsel alle 30000 km\/ 24 Monate<br \/>Audi (EU) A6 Allroad 3.0 TFSI (2008-2011), 0W-30 oder 5W-30, Inhalt 6,5 Liter, Wechsel alle 30000 km\/ 24 Monate<br \/>Audi (EU) A6 Allroad 3.2 FSI (2006-2008), 0W-30 oder 5W-30, Inhalt 6,5 Liter, Wechsel alle 30000 km\/ 24 Monate<br \/>Audi (EU) A6 Allroad 4.2 FSI (2006-2010), 0W-30 oder 5W-30, Inhalt 8,5 Liter, Wechsel alle 30000 km\/ 24 Monate<\/p>\n<p><strong>AUDI (EU) A6 ALLROAD 4G<\/strong><br \/>Audi (EU) A6 Allroad 3.0 TDI quattro (140 kW) (2016-2018), 5W-30, Inhalt 6,1 Liter, Wechsel alle 30000 km\/ 24 Monate<br \/>Audi (EU) A6 Allroad 3.0 TDI quattro (150 kW) (2012-2015), 5W-30, Inhalt 6,4 Liter, Wechsel alle 30000 km\/ 24 Monate<br \/>Audi (EU) A6 Allroad 3.0 TDI quattro (155 kW) (2014-2016), 5W-30, Inhalt 6,1 Liter, Wechsel alle 30000 km\/ 24 Monate<br \/>Audi (EU) A6 Allroad 3.0 TDI quattro (160 kW) (2014-2016), 5W-30, Inhalt 6,1 Liter, Wechsel alle 30000 km\/ 24 Monate<br \/>Audi (EU) A6 Allroad 3.0 TDI quattro (160 kW) (2016-2018), 0W-20, Inhalt 6,1 Liter, Wechsel alle 30000 km\/ 24 Monate<br \/>Audi (EU) A6 Allroad 3.0 TDI quattro (180 kW) (2012-2016), 5W-30, Inhalt 6,4 Liter, Wechsel alle 30000 km\/ 24 Monate<br \/>Audi (EU) A6 Allroad 3.0 TDI quattro (200 kW) (2014-2018), 5W-30, Inhalt 6,1 Liter, Wechsel alle 30000 km\/ 24 Monate<br \/>Audi (EU) A6 Allroad 3.0 TDI quattro (230 kW) (2012-2015), 5W-30, Inhalt 6,4 Liter, Wechsel alle 30000 km\/ 24 Monate<br \/>Audi (EU) A6 Allroad 3.0 TDI quattro (235 kW) (2014-2018), 5W-30, Inhalt 6,4 Liter, Wechsel alle 30000 km\/ 24 Monate<br \/>Audi (EU) A6 Allroad 3.0 TFSI quattro (228 kW) (2012-2015), 5W-30, Inhalt 6,8 Liter, Wechsel alle 15000 km\/ 12 Monate<br \/>Audi (EU) A6 Allroad 3.0 TFSI quattro (245 kW) (2014-2018), 5W-30, Inhalt 6,8 Liter, Wechsel alle 30000 km\/ 24 Monate<\/p>\n<p><strong>AUDI (EU) A6, S6 4A<\/strong><br \/>Audi (EU) A6 1.9 TDi (66 kW) (1994-1997), 5W-30 oder 5W-40, Inhalt 3,5 Liter, Wechsel alle 15000 km\/12 Monate<br \/>Audi (EU) A6 2.0 (1994-1995), 5W-30, 0W-40 oder 5W-40, Inhalt 3 Liter und Filter 0,5 Liter, Wechsel alle 15000 km\/ 12 Monate<br \/>Audi (EU) A6 2.0 16V (1994-1995), 5W-30, 0W-40 oder 5W-40, Inhalt 3 Liter und Filter 0,5 Liter, Wechsel alle 15000 km\/ 12 Monate<br \/>Audi (EU) A6 2.3 (1994-1995), 5W-30, 0W-40 oder 5W-40, Inhalt 4,5 Liter, Wechsel alle 15000 km\/ 12 Monate<br \/>Audi (EU) A6 2.5 TDi (103 kW) (1994-1997), 5W-30 oder 5W-40, Inhalt 5 Liter, Wechsel alle 15000 km\/ 12 Monate<br \/>Audi (EU) A6 2.5 TDi (85 kW) (1994-1997), 5W-30 oder 5W-40, Inhalt 5 Liter, Wechsel alle 15000 km\/ 12 Monate<br \/>Audi (EU) A6 2.5 TDI quattro (103 kW) (1995-1997), 5W-30 oder 5W-40, Inhalt 5 Liter, Wechsel alle 15000 km\/ 12 Monate<br \/>Audi (EU) A6 2.6 V6 (1994-1997), 5W-30, 0W-40 oder 5W-40, Inhalt 5 Liter, Wechsel alle 15000 km\/ 12 Monate<br \/>Audi (EU) A6 2.6 V6 quattro (1994-1997), 5W-30, 0W-40 oder 5W-40, Inhalt 5 Liter, Wechsel alle 15000 km\/12 Monate<br \/>Audi (EU) A6 2.8 V6 (1994-1997), 5W-30, 0W-40 oder 5W-40, Inhalt 5 Liter, Wechsel alle 15000 km\/ 12 Monate<br \/>Audi (EU) A6 2.8 V6 quattro (1994-1997), 5W-30, 0W-40 oder 5W-40, Inhalt 5 Liter, Wechsel alle 15000 km\/ 12 Monate<br \/>Audi (EU) S6 2.2 20V Turbo quattro (1994-1997), 5W-30, 0W-40 oder 5W-40, Inhalt 4,5 Liter, Wechsel alle 15000 km\/ 12 Monate<br \/>Audi (EU) S6 4.2 V8 32V quattro (213 kW) (1994-1997), 5W-30, 0W-40 oder 5W-40, Inhalt 7,5 Liter, Wechsel alle 15000 km\/ 12 Monate<br \/>Audi (EU) S6 4.2 V8 32V quattro (240 kW) (1996-1997), 5W-30, 0W-40 oder 5W-40, Inhalt 7,5 Liter, Wechsel alle 15000 km\/ 12 Monate<\/p>\n<p><strong>AUDI (EU) A6, S6, RS 6 4B<\/strong><br \/>Audi (EU) A6 1.8 20V (1997-2000), 5W-30, 0W-40 oder 5W-40, Inhalt 4 Liter, Wechsel alle 15000 km\/ 12 Monate<br \/>Audi (EU) A6 1.8 20V (2000-2001), 0W-30 oder 5W-30, Inhalt 4 Liter, Wechsel alle 30000 km\/ 24 Monate<br \/>Audi (EU) A6 1.8 20V (85 kW) (1997-2000), 5W-40, 0W-40 oder 5W-30, Inhalt 4 Liter, Wechsel alle 15000 km\/ 12 Monate<br \/>Audi (EU) A6 1.8 20V Turbo (1997-2000), 5W-30, 0W-40 oder 5W-40, Inhalt 3,5 Liter, Wechsel alle 15000 km\/ 12 Monate<br \/>Audi (EU) A6 1.8 20V Turbo (2000-2002), 0W-30 oder 5W-30, Inhalt 3,5 Liter, Wechsel alle 30000 km\/ 24 Monate<br \/>Audi (EU) A6 1.8 20V Turbo (AWT) (2001-2005), 0W-30 oder 5W-30, Inhalt 3,5 Liter, Wechsel alle 30.000 km\/ 24 Monate<br \/>Audi (EU) A6 1.8 20V Turbo quattro (1997-2000), 5W-40, 0W-40 oder 5W-30, Inhalt 3,5 Liter, Wechsel alle 15000 km\/ 12 Monate<br \/>Audi (EU) A6 1.8 20V Turbo quattro (2000-2005), 0W-30 oder 5W-30, Inhalt 3,5 Liter, Wechsel alle 30000 km\/ 24 Monate<br \/>Audi (EU) A6 1.9 TDi (81 kW) (1997-2000), 5W-40 oder 5W-30, Inhalt 3,8 Liter, Wechsel alle 15000 km\/ 12 Monate<br \/>Audi (EU) A6 1.9 TDi (81 kW) (2000-2001), 0W-30 oder 5W-30, Inhalt 3.8 Liter, Wechsel alle 50000 km\/ 24 Monate<br \/>Audi (EU) A6 1.9 TDi (96 kW) (2001-2005), 0W-30 oder 5W-30, Inhalt 3,7 Liter, Wechsel alle 50000 km\/ 24 Monate<br \/>Audi (EU) A6 2.0 20V (2001-2005), 0W-30 oder 5W-30, Inhalt 4,2 Liter, Wechsel alle 30000 km\/ 24 Monate<br \/>Audi (EU) A6 2.4 V6 30V (1997-2001), 5W-40, 0W-40 oder 5W-30, Inhalt 6 Liter, Wechsel alle 15000 km\/ 12 Monate<br \/>Audi (EU) A6 2.4 V6 30V (2000-2005), 0W-30 oder 5W-30, Inhalt 6 Liter, Wechsel alle 30000 km\/ 24 Monate<br \/>Audi (EU) A6 2.4 V6 30V quattro (1997-2000), 5W-40, 0W-40 oder 5W-30, Inhalt 6 Liter, Wechsel alle 15000 km\/ 12 Monate<br \/>Audi (EU) A6 2.4 V6 30V quattro (2000-2005), 0W-30 oder 5W-30, Inhalt 6 Liter, Wechsel alle 30000 km\/ 24 Monate<br \/>Audi (EU) A6 2.5 TDi V6 (110 kW) (1997-2000), 5W-40, 0W-40 oder 5W-30, Inhalt 5,5 Liter, Wechsel alle 15000 km\/ 12 Monate<br \/>Audi (EU) A6 2.5 TDi V6 (110 kW) (2000-2005), 0W-30 oder 5W-30, Inhalt 5,5 Liter, Wechsel alle 35000 km\/ 24 Monate<br \/>Audi (EU) A6 2.5 TDI V6 (114 kW) (2001-2003), 0W-30 oder 5W-30, Inhalt 5,5 Liter, Wechsel alle 35000 km\/ 24 Monate<br \/>Audi (EU) A6 2.5 TDi V6 (120 kW) (2000-2005), 0W-30 oder 5W-30, Inhalt 5,5 Liter, Wechsel alle 35000 km\/ 24 Monate<br \/>Audi (EU) A6 2.5 TDi V6 (132 kW) (2000-2005), 0W-30 oder 5W-30, Inhalt 5,5 Liter, Wechsel alle 35000 km\/ 24 Monate<br \/>Audi (EU) A6 2.5 TDI V6 quattro (110 kW) (1997-2000), 5W-40 oder 5W-30, Inhalt 5,5 Liter, Wechsel alle 15000 km\/ 12 Monate<br \/>Audi (EU) A6 2.5 TDI V6 quattro (110 kW) (2000-2005), 0W-30 oder 5W-30, Inhalt 5,5 Liter, Wechsel alle 35000 km\/ 24 Monate<br \/>Audi (EU) A6 2.5 TDI V6 quattro (132 kW) (2000-2005), 0W-30 oder 5W-30, Inhalt 5,5 Liter, Wechsel alle 35000 km\/ 24 Monate<br \/>Audi (EU) A6 2.7 V6 30V BiTurbo quattro (1999-2000), 5W-40, 0W-40 oder 5W-30, Inhalt 6 Liter, Wechsel alle 15000 km\/ 12 Monate<\/p>\n<p>[\/et_pb_text][\/et_pb_column][et_pb_column type=\"1_4\u2033 _builder_version=\"3.25\u2033 custom_padding=\"|||\" global_colors_info=\"{}\" custom_padding__hover=\"|||\"][et_pb_code _builder_version=\"4.14.8\u2033 _module_preset=\"default\" global_module=\"121601\u2033 saved_tabs=\"all\" global_colors_info=\"{}\"]bloom test[\/et_pb_code][\/et_pb_column][\/et_pb_row][et_pb_row _builder_version=\"4.14.8\u2033 _module_preset=\"default\" global_colors_info=\"{}\"][et_pb_column type=\"4_4\u2033 _builder_version=\"4.14.8\u2033 _module_preset=\"default\" global_colors_info=\"{}\"][et_pb_code _builder_version=\"4.14.8\u2033 _module_preset=\"default\" global_module=\"121632\u2033 saved_tabs=\"all\" global_colors_info=\"{}\"]products[\/et_pb_code][\/et_pb_column][\/et_pb_row][\/et_pb_section]<\/p>","protected":false},"excerpt":{"rendered":"<p>Welches Motor\u00f6l Audi A6Suchen Sie ein Motor\u00f6l f\u00fcr den Audi A6? Auf dieser Seite finden Sie eine \u00dcbersicht \u00fcber alle Modelle, das entsprechende Motor\u00f6l und dessen Inhalt. Der Audi A6 ist ein sch\u00f6nes Auto und kann zu Recht als Luxusauto bezeichnet werden. Der A6 ist der Nachfolger des Audi 100 und erscheint als Limousine und [...]<\/p>","protected":false},"author":1,"featured_media":0,"parent":0,"menu_order":0,"comment_status":"closed","ping_status":"closed","template":"","meta":{"_et_pb_use_builder":"on","_et_pb_old_content":"","_et_gb_content_width":"","footnotes":""},"class_list":["post-121715","page","type-page","status-publish","hentry"],"yoast_head":"<!-- This site is optimized with the Yoast SEO plugin v27.3 - https:\/\/yoast.com\/product\/yoast-seo-wordpress\/ -->\n<title>Motorolie Audi A6 nodig? wat gaat er in 5w30 of toch 0W30?<\/title>\n<meta name=\"description\" content=\"Motorolie Audi A6 overzicht. Welke motorolie gebruiken voor een Audi A6? Op deze pagina het overzicht van iedere A4 en de geschikte motorolie.\" \/>\n<meta name=\"robots\" content=\"index, follow, max-snippet:-1, max-image-preview:large, max-video-preview:-1\" \/>\n<link rel=\"canonical\" href=\"https:\/\/autobaak.nl\/de\/motorol-audi-a6\/\" \/>\n<meta property=\"og:locale\" content=\"de_DE\" \/>\n<meta property=\"og:type\" content=\"article\" \/>\n<meta property=\"og:title\" content=\"Motorolie Audi A6 nodig? wat gaat er in 5w30 of toch 0W30?\" \/>\n<meta property=\"og:description\" content=\"Motorolie Audi A6 overzicht. Welke motorolie gebruiken voor een Audi A6? Op deze pagina het overzicht van iedere A4 en de geschikte motorolie.\" \/>\n<meta property=\"og:url\" content=\"https:\/\/autobaak.nl\/de\/motorol-audi-a6\/\" \/>\n<meta property=\"og:site_name\" content=\"Autobaak.nl\" \/>\n<meta property=\"article:modified_time\" content=\"2022-03-04T14:33:49+00:00\" \/>\n<meta name=\"twitter:card\" content=\"summary_large_image\" \/>\n<meta name=\"twitter:label1\" content=\"Gesch\u00e4tzte Lesezeit\" \/>\n\t<meta name=\"twitter:data1\" content=\"8\u00a0Minuten\" \/>\n<script type=\"application\/ld+json\" class=\"yoast-schema-graph\">{\"@context\":\"https:\\\/\\\/schema.org\",\"@graph\":[{\"@type\":\"WebPage\",\"@id\":\"https:\\\/\\\/autobaak.nl\\\/motorolie-audi-a6\\\/\",\"url\":\"https:\\\/\\\/autobaak.nl\\\/motorolie-audi-a6\\\/\",\"name\":\"Motorolie Audi A6 nodig? wat gaat er in 5w30 of toch 0W30?\",\"isPartOf\":{\"@id\":\"https:\\\/\\\/autobaak.nl\\\/#website\"},\"datePublished\":\"2022-03-04T14:10:44+00:00\",\"dateModified\":\"2022-03-04T14:33:49+00:00\",\"description\":\"Motorolie Audi A6 overzicht. Welke motorolie gebruiken voor een Audi A6? Op deze pagina het overzicht van iedere A4 en de geschikte motorolie.\",\"breadcrumb\":{\"@id\":\"https:\\\/\\\/autobaak.nl\\\/motorolie-audi-a6\\\/#breadcrumb\"},\"inLanguage\":\"de\",\"potentialAction\":[{\"@type\":\"ReadAction\",\"target\":[\"https:\\\/\\\/autobaak.nl\\\/motorolie-audi-a6\\\/\"]}]},{\"@type\":\"BreadcrumbList\",\"@id\":\"https:\\\/\\\/autobaak.nl\\\/motorolie-audi-a6\\\/#breadcrumb\",\"itemListElement\":[{\"@type\":\"ListItem\",\"position\":1,\"name\":\"Home\",\"item\":\"https:\\\/\\\/autobaak.nl\\\/\"},{\"@type\":\"ListItem\",\"position\":2,\"name\":\"Motorolie Audi A6\"}]},{\"@type\":\"WebSite\",\"@id\":\"https:\\\/\\\/autobaak.nl\\\/#website\",\"url\":\"https:\\\/\\\/autobaak.nl\\\/\",\"name\":\"Autobaak.nl\",\"description\":\"Cars &amp; Racing\",\"potentialAction\":[{\"@type\":\"SearchAction\",\"target\":{\"@type\":\"EntryPoint\",\"urlTemplate\":\"https:\\\/\\\/autobaak.nl\\\/?s={search_term_string}\"},\"query-input\":{\"@type\":\"PropertyValueSpecification\",\"valueRequired\":true,\"valueName\":\"search_term_string\"}}],\"inLanguage\":\"de\"}]}<\/script>\n<!-- \/ Yoast SEO plugin. -->","yoast_head_json":{"title":"Brauchen Sie Motor\u00f6l Audi A6? Was geht in 5w30 oder noch 0W30?","description":"Motor\u00f6l Audi A6 im \u00dcberblick. Welches Motor\u00f6l sollte f\u00fcr einen Audi A6 verwendet werden? Auf dieser Seite die \u00dcbersicht \u00fcber jeden A4 und das passende Motor\u00f6l.","robots":{"index":"index","follow":"follow","max-snippet":"max-snippet:-1","max-image-preview":"max-image-preview:large","max-video-preview":"max-video-preview:-1"},"canonical":"https:\/\/autobaak.nl\/de\/motorol-audi-a6\/","og_locale":"de_DE","og_type":"article","og_title":"Motorolie Audi A6 nodig? wat gaat er in 5w30 of toch 0W30?","og_description":"Motorolie Audi A6 overzicht. Welke motorolie gebruiken voor een Audi A6? Op deze pagina het overzicht van iedere A4 en de geschikte motorolie.","og_url":"https:\/\/autobaak.nl\/de\/motorol-audi-a6\/","og_site_name":"Autobaak.nl","article_modified_time":"2022-03-04T14:33:49+00:00","twitter_card":"summary_large_image","twitter_misc":{"Gesch\u00e4tzte Lesezeit":"8\u00a0Minuten"},"schema":{"@context":"https:\/\/schema.org","@graph":[{"@type":"WebPage","@id":"https:\/\/autobaak.nl\/motorolie-audi-a6\/","url":"https:\/\/autobaak.nl\/motorolie-audi-a6\/","name":"Brauchen Sie Motor\u00f6l Audi A6? Was geht in 5w30 oder noch 0W30?","isPartOf":{"@id":"https:\/\/autobaak.nl\/#website"},"datePublished":"2022-03-04T14:10:44+00:00","dateModified":"2022-03-04T14:33:49+00:00","description":"Motor\u00f6l Audi A6 im \u00dcberblick. Welches Motor\u00f6l sollte f\u00fcr einen Audi A6 verwendet werden? Auf dieser Seite die \u00dcbersicht \u00fcber jeden A4 und das passende Motor\u00f6l.","breadcrumb":{"@id":"https:\/\/autobaak.nl\/motorolie-audi-a6\/#breadcrumb"},"inLanguage":"de","potentialAction":[{"@type":"ReadAction","target":["https:\/\/autobaak.nl\/motorolie-audi-a6\/"]}]},{"@type":"BreadcrumbList","@id":"https:\/\/autobaak.nl\/motorolie-audi-a6\/#breadcrumb","itemListElement":[{"@type":"ListItem","position":1,"name":"Home","item":"https:\/\/autobaak.nl\/"},{"@type":"ListItem","position":2,"name":"Motorolie Audi A6"}]},{"@type":"WebSite","@id":"https:\/\/autobaak.nl\/#website","url":"https:\/\/autobaak.nl\/","name":"Autobook.de","description":"Autos &amp; Rennsport","potentialAction":[{"@type":"SearchAction","target":{"@type":"EntryPoint","urlTemplate":"https:\/\/autobaak.nl\/?s={search_term_string}"},"query-input":{"@type":"PropertyValueSpecification","valueRequired":true,"valueName":"search_term_string"}}],"inLanguage":"de"}]}},"_links":{"self":[{"href":"https:\/\/autobaak.nl\/de\/wp-json\/wp\/v2\/pages\/121715","targetHints":{"allow":["GET"]}}],"collection":[{"href":"https:\/\/autobaak.nl\/de\/wp-json\/wp\/v2\/pages"}],"about":[{"href":"https:\/\/autobaak.nl\/de\/wp-json\/wp\/v2\/types\/page"}],"author":[{"embeddable":true,"href":"https:\/\/autobaak.nl\/de\/wp-json\/wp\/v2\/users\/1"}],"replies":[{"embeddable":true,"href":"https:\/\/autobaak.nl\/de\/wp-json\/wp\/v2\/comments?post=121715"}],"version-history":[{"count":0,"href":"https:\/\/autobaak.nl\/de\/wp-json\/wp\/v2\/pages\/121715\/revisions"}],"wp:attachment":[{"href":"https:\/\/autobaak.nl\/de\/wp-json\/wp\/v2\/media?parent=121715"}],"curies":[{"name":"wp","href":"https:\/\/api.w.org\/{rel}","templated":true}]}}