{"id":121733,"date":"2022-03-05T07:28:08","date_gmt":"2022-03-05T07:28:08","guid":{"rendered":"https:\/\/autobaak.nl\/?page_id=121733"},"modified":"2022-03-05T07:28:14","modified_gmt":"2022-03-05T07:28:14","slug":"motorol-audi-q3","status":"publish","type":"page","link":"https:\/\/autobaak.nl\/de\/motorol-audi-q3\/","title":{"rendered":"Audi Q3 Motor\u00f6l"},"content":{"rendered":"<p>[et_pb_section fb_built=\"1\u2033 custom_padding_last_edited=\"on|desktop\" admin_label=\"Section\" _builder_version=\"3.22\u2033 background_colour=\"#0c71c3\u2033 custom_padding_tablet=\"50px|0|50px|0\u2033 custom_padding_phone=\"50px|0|50px|0\u2033 transparent_background=\"off\" padding_mobile=\"off\" make_fullwidth=\"off\" use_custom_width=\"off\" width_unit=\"on\" global_colors_info=\"{}\"][et_pb_row admin_label=\"Row\" _builder_version=\"3.25\u2033 background_size=\"initial\" background_position=\"top_left\" background_repeat=\"repeat\" global_colors_info=\"{}\"][et_pb_column type=\"4_4\u2033 _builder_version=\"3.25\u2033 custom_padding=\"|||\" global_colors_info=\"{}\" custom_padding__hover=\"|||\"][et_pb_text admin_label=\"Text\" _builder_version=\"4.14.8\u2033 background_size=\"initial\" background_position=\"top_left\" background_repeat=\"repeat\" text_orientation=\"centre\" background_layout=\"dark\" module_alignment=\"centre\" hover_enabled=\"0\u2033 use_border_color=\"off\" border_color=\"#ffffff\" border_style=\"solid\" global_colors_info=\"{}\" sticky_enabled=\"0\u2033]<\/p>\n<h1 style=\"text-align: center;\">Welches Motor\u00f6l Audi Q3<\/h1>\n<p>[\/et_pb_text][\/et_pb_column][\/et_pb_row][\/et_pb_section][et_pb_section fb_built=\"1\u2033 admin_label=\"Section\" _builder_version=\"3.22\u2033 global_colors_info=\"{}\"][et_pb_row column_structure=\"3_4,1_4\u2033 admin_label=\"Row\" _builder_version=\"3.25\u2033 background_size=\"initial\" background_position=\"top_left\" background_repeat=\"repeat\" global_colors_info=\"{}\"][et_pb_column type=\"3_4\u2033 _builder_version=\"3.25\u2033 custom_padding=\"|||\" global_colors_info=\"{}\" custom_padding__hover=\"|||\"][et_pb_text admin_label=\"Text\" _builder_version=\"4.14.8\u2033 background_size=\"initial\" background_position=\"top_left\" background_repeat=\"repeat\" hover_enabled=\"0\u2033 use_border_color=\"off\" border_color=\"#ffffff\" border_style=\"solid\" global_colors_info=\"{}\" sticky_enabled=\"0\u2033][et_pb_text admin_label=\"text\"][et_pb_text admin_label=\"text\" _builder_version=\"4.14.<\/p>\n<p>Sie suchen Motor\u00f6l f\u00fcr den Audi Q3? Auf dieser Seite sind alle Modelle, das entsprechende Motor\u00f6l und dessen Inhalt aufgef\u00fchrt. Der Audi Q3 ist ein kleines, luxuri\u00f6ses Crossover Sport Utility Vehicle (SUV). Das Auto wird von der deutschen Audi AG, einer Abteilung des Volkswagen-Konzerns (VW-Konzern), verkauft. Er wurde auf der Shanghai Motor Show im April 2007 vorgestellt und befindet sich noch in seiner ersten Generation. In den Jahren 2014 und 2015 werden Aktualisierungen vorgenommen. Nachfolgend finden Sie eine \u00dcbersicht \u00fcber die Anforderungen an das Motor\u00f6l des Audi Q3.<\/p>\n<p>[\/et_pb_text][et_pb_text admin_label=\"Text\" _builder_version=\"4.14.8\u2033 background_size=\"initial\" background_position=\"top_left\" background_repeat=\"repeat\" hover_enabled=\"0\u2033 use_border_color=\"off\" border_color=\"#ffffff\" border_style=\"solid\" global_colors_info=\"{}\" sticky_enabled=\"0\u2033]<\/p>\n<h2>Audi Q3 Motor\u00f6l<\/h2>\n<p><strong>AUDI Q3 (EU) RS Q3 8U Motor\u00f6l<\/strong><br \/>Audi (EU) Q3 1.4 TFSI (110 kW) (2013-2015), 0W-40, 5W-40 oder 5W-30, Volumen: 4 Liter, Wechsel alle 15000 km\/12 Monate<br \/>Audi (EU) Q3 1.4 TFSI (110 kW) (2015-2017), 5W-30, Inhalt: 4 Liter<br \/>Audi (EU) Q3 1.4 TFSI (110 kW) (2017-2019), 0W-20, Inhalt: 4 Liter<br \/>Audi (EU) Q3 1.4 TFSI (92 kW) (2015-2017), 0W-40, 5W-40 oder 5W-30, Volumen: 4 Liter, Wechsel alle 15000 km\/12 Monate<br \/>Audi (EU) Q3 1.4 TFSI (92 kW) (2017-2019), 0W-20, Inhalt: 4 Liter<br \/>Audi (EU) Q3 2.0 TDI (100 kW) (2011-2015), 5W-30, Inhalt: 4,6 Liter, Wechsel alle 30000 km\/ 24 Monate<br \/>Audi (EU) Q3 2.0 TDI (100 kW) (2015-2019), 5W-30, Inhalt: 4,6 Liter, Wechsel alle 15000 km\/ 12 Monate<br \/>Audi (EU) Q3 2.0 TDI (103 kW) (2011-2015), 5W-30, Inhalt: 4,6 Liter, Wechsel alle 15000 km\/ 12 Monate<br \/>Audi (EU) Q3 2.0 TDI (110 kW) (2014-2019), 5W-30, Inhalt: 4,6 Liter, Wechsel alle 15000 km\/ 12 Monate<br \/>Audi (EU) Q3 2.0 TDI (130 kW) (2013-2015), 5W-30, Inhalt: 4,6 Liter, Wechsel alle 15000 km\/ 12 Monate<br \/>Audi (EU) Q3 2.0 TDI (135 kW) (2015-2019), 5W-30, Inhalt: 4,6 Liter, Wechsel alle 15000 km\/ 12 Monate<br \/>Audi (EU) Q3 2.0 TDI (88 kW) (2015-2019), 5W-30, Inhalt: 4,6 Liter, Wechsel alle 15000 km\/ 12 Monate<br \/>Audi (EU) Q3 2.0 TDI quattro (103 kW) (2011-2015), 5W-30, Inhalt: 4,6 Liter, Wechsel alle 15000 km\/ 12 Monate<br \/>Audi (EU) Q3 2.0 TDI quattro (110 kW) (2014-2019), 5W-30, Inhalt: 4,6 Liter, Wechsel alle 15000 km\/ 12 Monate<br \/>Audi (EU) Q3 2.0 TDI quattro (120 kW) (2011-2015), 5W-30, Inhalt: 4,6 Liter, Wechsel alle 15000 km\/ 12 Monate<br \/>Audi (EU) Q3 2.0 TDI quattro (130 kW) (2011-2015), 5W-30, Inhalt: 4,6 Liter, Wechsel alle 15000 km\/ 12 Monate<br \/>Audi (EU) Q3 2.0 TDI quattro (135 kW) (2015-2019), 5W-30, Inhalt: 4,6 Liter, Wechsel alle 15000 km\/ 12 Monate<br \/>Audi (EU) Q3 2.0 TFSI (132 kW) (2015-2019), 0W-40, 5W-40 oder 5W-30, Inhalt: 5,7 Liter, Wechsel alle 15000 km\/12 Monate<br \/>Audi (EU) Q3 2.0 TFSI quattro (125 kW) (2011-2015), 0W-40, 5W-40 oder 5W-30, Inhalt: 4,6 Liter, Wechsel alle 15000 km\/12 Monate<br \/>Audi (EU) Q3 2.0 TFSI quattro (132 kW) (2015-2019), 0W-40, 5W-40 oder 5W-30, Inhalt: 5,7 Liter, Wechsel alle 15000 km\/12 Monate<br \/>Audi (EU) Q3 2.0 TFSI quattro (147 kW) (2014-2015), 0W-40, 5W-40 oder 5W-30, Volumen: 4,5 Liter, Wechsel alle 15000 km\/12 Monate<br \/>Audi (EU) Q3 2.0 TFSI quattro (155 kW) (2011-2015), 0W-40, 5W-40 oder 5W-30, Inhalt: 4,6 Liter, Wechsel alle 15000 km\/12 Monate<br \/>Audi (EU) Q3 2.0 TFSI quattro (162 kW) (2015-2019), 0W-40, 5W-40 oder 5W-30, Inhalt: 5,7 Liter, Wechsel alle 15000 km\/12 Monate<br \/>Audi (EU) RS Q3 2.5 TFSI quattro (228 kW) (2013-2015), 5W-30, Inhalt: 6,5-6,8 Liter<br \/>Audi (EU) RS Q3 2.5 TFSI quattro (250 kW) (2015-2018), 5W-30, Inhalt: 6,8 Liter<br \/>Audi (EU) RS Q3 2.5 TFSI quattro (270 kW) (2016-2018), 5W-30, Inhalt: 6,8 Liter<\/p>\n<p><strong>AUDI Q3 (EU) RS Q3 F3 Motor\u00f6l<\/strong><br \/>Audi (EU) Q3 1.4 TFSI (110 kW) (2018-2020), 0W-20, Inhalt: 4 Liter<br \/>Audi (EU) Q3 35 TDI (110 kW) (2018-2020), 5W-30, Inhalt: 4,7 Liter<br \/>Audi (EU) Q3 35 TDI (110 kW) (ab 2020), 5W-30, Inhalt: 4,7 Liter<br \/>Audi (EU) Q3 35 TDI quattro (110 kW) (2018-2020), 5W-30, Inhalt: 4,7 Liter<br \/>Audi (EU) Q3 35 TDI quattro (110 kW) (ab 2020), 5W-30, Inhalt: 4,7 Liter<br \/>Audi (EU) Q3 35 TFSI (110 kW) (2018-2020), 0W-20, Inhalt: 4,3 Liter<br \/>Audi (EU) Q3 35 TFSI (110 kW) (ab 2020), 0W-20, Inhalt: 4,3 Liter<br \/>Audi (EU) Q3 40 TDI quattro (140 kW) (2018-2020), 5W-30, Inhalt: 4,7 Liter<br \/>Audi (EU) Q3 40 TDI quattro (147 kW) (ab 2020), 5W-30, Inhalt: 5,5 Liter<br \/>Audi (EU) Q3 40 TFSI quattro (140 kW) (2018-2021), 0W-20, Inhalt: 5,7 Liter<br \/>Audi (EU) Q3 40 TFSI quattro (140 kW) (ab 2021), 0W-20, Inhalt: 5,7 Liter<br \/>Audi (EU) Q3 45 TFSI e (180 kW) (ab 2020), 0W-20, Inhalt: 4 Liter<br \/>Audi (EU) Q3 45 TFSI quattro (169 kW) (2018-2020), 0W-20, Inhalt: 5,7 Liter<br \/>Audi (EU) Q3 45 TFSI quattro (180 kW) (ab 2021), 0W-20, Inhalt: 5,7 Liter<br \/>Audi (EU) RS Q3 2.5 TFSI quattro (294 kW) (ab 2019), 5W-30, Inhalt: 7,1 Liter<\/p>\n<p>[\/et_pb_text][\/et_pb_column][et_pb_column type=\"1_4\u2033 _builder_version=\"3.25\u2033 custom_padding=\"|||\" global_colors_info=\"{}\" custom_padding__hover=\"|||\"][et_pb_code _builder_version=\"4.14.8\u2033 _module_preset=\"default\" global_module=\"121601\u2033 saved_tabs=\"all\" global_colors_info=\"{}\"]bloom test[\/et_pb_code][\/et_pb_column][\/et_pb_row][et_pb_row _builder_version=\"4.14.8\u2033 _module_preset=\"default\" global_colors_info=\"{}\"][et_pb_column type=\"4_4\u2033 _builder_version=\"4.14.8\u2033 _module_preset=\"default\" global_colors_info=\"{}\"][et_pb_code _builder_version=\"4.14.8\u2033 _module_preset=\"default\" global_module=\"121632\u2033 saved_tabs=\"all\" global_colors_info=\"{}\"]products[\/et_pb_code][\/et_pb_column][\/et_pb_row][\/et_pb_section]<\/p>","protected":false},"excerpt":{"rendered":"<p>Welches Motor\u00f6l Audi Q3Suchen Sie ein Motor\u00f6l f\u00fcr den Audi Q3? Auf dieser Seite finden Sie alle Modelle, das entsprechende Motor\u00f6l und dessen Inhaltsstoffe. Der Audi Q3 ist ein kleiner, luxuri\u00f6ser Crossover Sport Utility Vehicle (SUV). Das Auto wird von der deutschen Audi AG verkauft, die zum Volkswagen-Konzern (VW-Konzern) geh\u00f6rt. Es [...]<\/p>","protected":false},"author":1,"featured_media":0,"parent":0,"menu_order":0,"comment_status":"closed","ping_status":"closed","template":"","meta":{"_et_pb_use_builder":"on","_et_pb_old_content":"","_et_gb_content_width":"","footnotes":""},"class_list":["post-121733","page","type-page","status-publish","hentry"],"yoast_head":"<!-- This site is optimized with the Yoast SEO plugin v27.3 - https:\/\/yoast.com\/product\/yoast-seo-wordpress\/ -->\n<title>Motorolie Audi Q3 nodig? wat gaat er in 5w30 of toch 0W30?<\/title>\n<meta name=\"description\" content=\"Motorolie Audi Q3 overzicht. Welke motorolie gebruiken voor een Audi Q3? Op deze pagina het overzicht van iedere Q3 en de geschikte motorolie.\" \/>\n<meta name=\"robots\" content=\"index, follow, max-snippet:-1, max-image-preview:large, max-video-preview:-1\" \/>\n<link rel=\"canonical\" href=\"https:\/\/autobaak.nl\/de\/motorol-audi-q3\/\" \/>\n<meta property=\"og:locale\" content=\"de_DE\" \/>\n<meta property=\"og:type\" content=\"article\" \/>\n<meta property=\"og:title\" content=\"Motorolie Audi Q3 nodig? wat gaat er in 5w30 of toch 0W30?\" \/>\n<meta property=\"og:description\" content=\"Motorolie Audi Q3 overzicht. Welke motorolie gebruiken voor een Audi Q3? Op deze pagina het overzicht van iedere Q3 en de geschikte motorolie.\" \/>\n<meta property=\"og:url\" content=\"https:\/\/autobaak.nl\/de\/motorol-audi-q3\/\" \/>\n<meta property=\"og:site_name\" content=\"Autobaak.nl\" \/>\n<meta property=\"article:modified_time\" content=\"2022-03-05T07:28:14+00:00\" \/>\n<meta name=\"twitter:card\" content=\"summary_large_image\" \/>\n<meta name=\"twitter:label1\" content=\"Gesch\u00e4tzte Lesezeit\" \/>\n\t<meta name=\"twitter:data1\" content=\"5\u00a0Minuten\" \/>\n<script type=\"application\/ld+json\" class=\"yoast-schema-graph\">{\"@context\":\"https:\\\/\\\/schema.org\",\"@graph\":[{\"@type\":\"WebPage\",\"@id\":\"https:\\\/\\\/autobaak.nl\\\/motorolie-audi-q3\\\/\",\"url\":\"https:\\\/\\\/autobaak.nl\\\/motorolie-audi-q3\\\/\",\"name\":\"Motorolie Audi Q3 nodig? wat gaat er in 5w30 of toch 0W30?\",\"isPartOf\":{\"@id\":\"https:\\\/\\\/autobaak.nl\\\/#website\"},\"datePublished\":\"2022-03-05T07:28:08+00:00\",\"dateModified\":\"2022-03-05T07:28:14+00:00\",\"description\":\"Motorolie Audi Q3 overzicht. Welke motorolie gebruiken voor een Audi Q3? Op deze pagina het overzicht van iedere Q3 en de geschikte motorolie.\",\"breadcrumb\":{\"@id\":\"https:\\\/\\\/autobaak.nl\\\/motorolie-audi-q3\\\/#breadcrumb\"},\"inLanguage\":\"de\",\"potentialAction\":[{\"@type\":\"ReadAction\",\"target\":[\"https:\\\/\\\/autobaak.nl\\\/motorolie-audi-q3\\\/\"]}]},{\"@type\":\"BreadcrumbList\",\"@id\":\"https:\\\/\\\/autobaak.nl\\\/motorolie-audi-q3\\\/#breadcrumb\",\"itemListElement\":[{\"@type\":\"ListItem\",\"position\":1,\"name\":\"Home\",\"item\":\"https:\\\/\\\/autobaak.nl\\\/\"},{\"@type\":\"ListItem\",\"position\":2,\"name\":\"Motorolie Audi Q3\"}]},{\"@type\":\"WebSite\",\"@id\":\"https:\\\/\\\/autobaak.nl\\\/#website\",\"url\":\"https:\\\/\\\/autobaak.nl\\\/\",\"name\":\"Autobaak.nl\",\"description\":\"Cars &amp; Racing\",\"potentialAction\":[{\"@type\":\"SearchAction\",\"target\":{\"@type\":\"EntryPoint\",\"urlTemplate\":\"https:\\\/\\\/autobaak.nl\\\/?s={search_term_string}\"},\"query-input\":{\"@type\":\"PropertyValueSpecification\",\"valueRequired\":true,\"valueName\":\"search_term_string\"}}],\"inLanguage\":\"de\"}]}<\/script>\n<!-- \/ Yoast SEO plugin. -->","yoast_head_json":{"title":"Brauchen Sie Motor\u00f6l Audi Q3? Was geht in ihm 5w30 oder 0W30?","description":"Audi Q3 Motor\u00f6l \u00dcbersicht. Welches Motor\u00f6l sollte man f\u00fcr einen Audi Q3 verwenden? Auf dieser Seite die \u00dcbersicht \u00fcber jedes Q3 und das passende Motor\u00f6l.","robots":{"index":"index","follow":"follow","max-snippet":"max-snippet:-1","max-image-preview":"max-image-preview:large","max-video-preview":"max-video-preview:-1"},"canonical":"https:\/\/autobaak.nl\/de\/motorol-audi-q3\/","og_locale":"de_DE","og_type":"article","og_title":"Motorolie Audi Q3 nodig? wat gaat er in 5w30 of toch 0W30?","og_description":"Motorolie Audi Q3 overzicht. Welke motorolie gebruiken voor een Audi Q3? Op deze pagina het overzicht van iedere Q3 en de geschikte motorolie.","og_url":"https:\/\/autobaak.nl\/de\/motorol-audi-q3\/","og_site_name":"Autobaak.nl","article_modified_time":"2022-03-05T07:28:14+00:00","twitter_card":"summary_large_image","twitter_misc":{"Gesch\u00e4tzte Lesezeit":"5\u00a0Minuten"},"schema":{"@context":"https:\/\/schema.org","@graph":[{"@type":"WebPage","@id":"https:\/\/autobaak.nl\/motorolie-audi-q3\/","url":"https:\/\/autobaak.nl\/motorolie-audi-q3\/","name":"Brauchen Sie Motor\u00f6l Audi Q3? Was geht in ihm 5w30 oder 0W30?","isPartOf":{"@id":"https:\/\/autobaak.nl\/#website"},"datePublished":"2022-03-05T07:28:08+00:00","dateModified":"2022-03-05T07:28:14+00:00","description":"Audi Q3 Motor\u00f6l \u00dcbersicht. Welches Motor\u00f6l sollte man f\u00fcr einen Audi Q3 verwenden? Auf dieser Seite die \u00dcbersicht \u00fcber jedes Q3 und das passende Motor\u00f6l.","breadcrumb":{"@id":"https:\/\/autobaak.nl\/motorolie-audi-q3\/#breadcrumb"},"inLanguage":"de","potentialAction":[{"@type":"ReadAction","target":["https:\/\/autobaak.nl\/motorolie-audi-q3\/"]}]},{"@type":"BreadcrumbList","@id":"https:\/\/autobaak.nl\/motorolie-audi-q3\/#breadcrumb","itemListElement":[{"@type":"ListItem","position":1,"name":"Home","item":"https:\/\/autobaak.nl\/"},{"@type":"ListItem","position":2,"name":"Motorolie Audi Q3"}]},{"@type":"WebSite","@id":"https:\/\/autobaak.nl\/#website","url":"https:\/\/autobaak.nl\/","name":"Autobook.de","description":"Autos &amp; Rennsport","potentialAction":[{"@type":"SearchAction","target":{"@type":"EntryPoint","urlTemplate":"https:\/\/autobaak.nl\/?s={search_term_string}"},"query-input":{"@type":"PropertyValueSpecification","valueRequired":true,"valueName":"search_term_string"}}],"inLanguage":"de"}]}},"_links":{"self":[{"href":"https:\/\/autobaak.nl\/de\/wp-json\/wp\/v2\/pages\/121733","targetHints":{"allow":["GET"]}}],"collection":[{"href":"https:\/\/autobaak.nl\/de\/wp-json\/wp\/v2\/pages"}],"about":[{"href":"https:\/\/autobaak.nl\/de\/wp-json\/wp\/v2\/types\/page"}],"author":[{"embeddable":true,"href":"https:\/\/autobaak.nl\/de\/wp-json\/wp\/v2\/users\/1"}],"replies":[{"embeddable":true,"href":"https:\/\/autobaak.nl\/de\/wp-json\/wp\/v2\/comments?post=121733"}],"version-history":[{"count":0,"href":"https:\/\/autobaak.nl\/de\/wp-json\/wp\/v2\/pages\/121733\/revisions"}],"wp:attachment":[{"href":"https:\/\/autobaak.nl\/de\/wp-json\/wp\/v2\/media?parent=121733"}],"curies":[{"name":"wp","href":"https:\/\/api.w.org\/{rel}","templated":true}]}}