{"id":121741,"date":"2022-03-05T07:45:11","date_gmt":"2022-03-05T07:45:11","guid":{"rendered":"https:\/\/autobaak.nl\/?page_id=121741"},"modified":"2022-03-05T07:45:16","modified_gmt":"2022-03-05T07:45:16","slug":"motorol-audi-q5","status":"publish","type":"page","link":"https:\/\/autobaak.nl\/de\/motorol-audi-q5\/","title":{"rendered":"Audi Q5 Motor\u00f6l"},"content":{"rendered":"<p>[et_pb_section fb_built=\"1\u2033 custom_padding_last_edited=\"on|desktop\" admin_label=\"Section\" _builder_version=\"3.22\u2033 background_colour=\"#0c71c3\u2033 custom_padding_tablet=\"50px|0|50px|0\u2033 custom_padding_phone=\"50px|0|50px|0\u2033 transparent_background=\"off\" padding_mobile=\"off\" make_fullwidth=\"off\" use_custom_width=\"off\" width_unit=\"on\" global_colors_info=\"{}\"][et_pb_row admin_label=\"Row\" _builder_version=\"3.25\u2033 background_size=\"initial\" background_position=\"top_left\" background_repeat=\"repeat\" global_colors_info=\"{}\"][et_pb_column type=\"4_4\u2033 _builder_version=\"3.25\u2033 custom_padding=\"|||\" global_colors_info=\"{}\" custom_padding__hover=\"|||\"][et_pb_text admin_label=\"Text\" _builder_version=\"4.14.8\u2033 background_size=\"initial\" background_position=\"top_left\" background_repeat=\"repeat\" text_orientation=\"centre\" background_layout=\"dark\" module_alignment=\"centre\" hover_enabled=\"0\u2033 use_border_color=\"off\" border_color=\"#ffffff\" border_style=\"solid\" global_colors_info=\"{}\" sticky_enabled=\"0\u2033]<\/p>\n<h1 style=\"text-align: center;\">Welches Motor\u00f6l Audi Q5<\/h1>\n<p>[\/et_pb_text][\/et_pb_column][\/et_pb_row][\/et_pb_section][et_pb_section fb_built=\"1\u2033 admin_label=\"Section\" _builder_version=\"3.22\u2033 global_colors_info=\"{}\"][et_pb_row column_structure=\"3_4,1_4\u2033 admin_label=\"Row\" _builder_version=\"3.25\u2033 background_size=\"initial\" background_position=\"top_left\" background_repeat=\"repeat\" global_colors_info=\"{}\"][et_pb_column type=\"3_4\u2033 _builder_version=\"3.25\u2033 custom_padding=\"|||\" global_colors_info=\"{}\" custom_padding__hover=\"|||\"][et_pb_text admin_label=\"Text\" _builder_version=\"4.14.8\u2033 background_size=\"initial\" background_position=\"top_left\" background_repeat=\"repeat\" hover_enabled=\"0\u2033 use_border_color=\"off\" border_color=\"#ffffff\" border_style=\"solid\" global_colors_info=\"{}\" sticky_enabled=\"0\u2033][et_pb_text admin_label=\"text\"][et_pb_text admin_label=\"text\" _builder_version=\"4.14.<\/p>\n<p>Sie suchen Motor\u00f6l f\u00fcr den Audi Q5? Auf dieser Seite finden Sie eine \u00dcbersicht \u00fcber alle Modelle, das entsprechende Motor\u00f6l und dessen Inhaltsstoffe. Der Audi Q5 ist nun schon seit einiger Zeit auf dem Markt. Audi hat diesen mittelgro\u00dfen SUV mit 5 Sitzen bereits 2008 eingef\u00fchrt. Das Modell sollte mit dem BMW X3 und der Mercedes-Benz GLC-Klasse konkurrieren. Nachfolgend finden Sie eine \u00dcbersicht \u00fcber die Anforderungen an das Motor\u00f6l des Audi Q5.<\/p>\n<p>[\/et_pb_text][et_pb_text admin_label=\"Text\" _builder_version=\"4.14.8\u2033 background_size=\"initial\" background_position=\"top_left\" background_repeat=\"repeat\" hover_enabled=\"0\u2033 use_border_color=\"off\" border_color=\"#ffffff\" border_style=\"solid\" global_colors_info=\"{}\" sticky_enabled=\"0\u2033]<\/p>\n<h2>Audi Q5 Motor\u00f6l<\/h2>\n<p><strong>AUDI Q5 (EU) SQ5 8R Motor\u00f6l<\/strong><br \/>Audi (EU) Q5 2.0 TDI (100 kW) (2010-2012), 5W-30, Inhalt: 5 Liter, Wechsel alle 30.000 km\/ 24 Monate<br \/>Audi (EU) Q5 2.0 TDI (100 kW) (2012-2014), 5W-30, Inhalt: 5 Liter, Wechsel alle 30.000 km\/ 24 Monate<br \/>Audi (EU) Q5 2.0 TDI (100 kW) (2014-2017), 5W-30, Inhalt: 4,7 Liter, Wechsel alle 30.000 km\/ 24 Monate<br \/>Audi (EU) Q5 2.0 TDI (105 kW) (2010-2012), 5W-30, Inhalt: 5 Liter, Wechsel alle 30.000 km\/ 24 Monate<br \/>Audi (EU) Q5 2.0 TDI (105 kW) (2012-2013), 5W-30, Inhalt: 5 Liter, Wechsel alle 30.000 km\/ 24 Monate<br \/>Audi (EU) Q5 2.0 TDI (110 kW) (2013-2014), 5W-30, Inhalt: 4,7-5 Liter, Wechsel alle 30000 km\/ 24 Monate<br \/>Audi (EU) Q5 2.0 TDI (110 kW) (2014-2017), 5W-30, Inhalt: 4,7 Liter, Wechsel alle 30.000 km\/ 24 Monate<br \/>Audi (EU) Q5 2.0 TDI (140 kW) (2015-2017), 5W-30, Inhalt: 4,7 Liter, Wechsel alle 30000 km\/ 24 Monate<br \/>Audi (EU) Q5 2.0 TDI quattro (100 kW) (2008-2010), 5W-30, Inhalt: 5 Liter, Wechsel alle 30.000 km\/ 24 Monate<br \/>Audi (EU) Q5 2.0 TDI quattro (100 kW) (2010-2012), 5W-30, Inhalt: 5 Liter, Wechsel alle 30.000 km\/ 24 Monate<br \/>Audi (EU) Q5 2.0 TDI quattro (100 kW) (2012-2014), 5W-30, Inhalt: 5 Liter, Wechsel alle 30.000 km\/ 24 Monate<br \/>Audi (EU) Q5 2.0 TDI quattro (100 kW) (2014-2017), 5W-30, Inhalt: 4,7 Liter, Wechsel alle 30.000 km\/ 24 Monate<br \/>Audi (EU) Q5 2.0 TDI quattro (105 kW) (2008-2010), 5W-30, Inhalt: 5 Liter, Wechsel alle 30.000 km\/ 24 Monate<br \/>Audi (EU) Q5 2.0 TDI quattro (105 kW) (2010-2012), 5W-30, Inhalt: 5 Liter, Wechsel alle 30.000 km\/ 24 Monate<br \/>Audi (EU) Q5 2.0 TDI quattro (105 kW) (2012-2013), 5W-30, Inhalt: 5 Liter, Wechsel alle 30.000 km\/ 24 Monate<br \/>Audi (EU) Q5 2.0 TDI quattro (110 kW) (2013-2014), 5W-30, Inhalt: 4,7-5 Liter, Wechsel alle 30000 km\/ 24 Monate<br \/>Audi (EU) Q5 2.0 TDI quattro (110 kW) (2014-2017), 5W-30, Inhalt: 4,7 Liter, Wechsel alle 30.000 km\/ 24 Monate<br \/>Audi (EU) Q5 2.0 TDI quattro (120 kW) (2008-2010), 5W-30, Inhalt: 5 Liter, Wechsel alle 30.000 km\/ 24 Monate<br \/>Audi (EU) Q5 2.0 TDI quattro (120 kW) (2010-2012), 5W-30, Inhalt: 5 Liter, Wechsel alle 30.000 km\/ 24 Monate<br \/>Audi (EU) Q5 2.0 TDI quattro (120 kW) (2012-2017), 5W-30, Inhalt: 5 Liter, Wechsel alle 30.000 km\/ 24 Monate<br \/>Audi (EU) Q5 2.0 TDI quattro (125 kW) (2008-2010), 5W-30, Inhalt: 5 Liter, Wechsel alle 30.000 km\/ 24 Monate<br \/>Audi (EU) Q5 2.0 TDI quattro (125 kW) (2010-2012), 5W-30, Inhalt: 5 Liter, Wechsel alle 30.000 km\/ 24 Monate<br \/>Audi (EU) Q5 2.0 TDI quattro (130 kW) (2012-2017), 5W-30, Inhalt: 5 Liter, Wechsel alle 30.000 km\/ 24 Monate<br \/>Audi (EU) Q5 2.0 TDI quattro (140 kW) (2014-2017), 5W-30, Inhalt: 4,7 Liter, Wechsel alle 30.000 km\/ 24 Monate<br \/>Audi (EU) Q5 2.0 TFSI Hybrid quattro (180 kW) (2011-2012), 5W-30, Inhalt: 4,6 Liter, Wechsel alle 30.000 km\/ 24 Monate<br \/>Audi (EU) Q5 2.0 TFSI Hybrid quattro (180 kW) (2012-2017), 5W-30, Inhalt: 4,6 Liter, Wechsel alle 30000 km\/ 24 Monate<br \/>Audi (EU) Q5 2.0 TFSI quattro (132 kW) (2009-2012), 5W-30, Inhalt: 4,6 Liter, Wechsel alle 30.000 km\/ 24 Monate<br \/>Audi (EU) Q5 2.0 TFSI quattro (132 kW) (2012-2017), 5W-30, Inhalt: 4,6 Liter, Wechsel alle 30000 km\/ 24 Monate<br \/>Audi (EU) Q5 2.0 TFSI quattro (155 kW) (2012-2013), 5W-30, Wechsel alle 30.000 km\/ 24 Monate<br \/>Audi (EU) Q5 2.0 TFSI quattro (155 kW) CAEB (2010-2012), 5W-30, Inhalt: 4,6 Liter, Wechsel alle 30000 km\/ 24 Monate<br \/>Audi (EU) Q5 2.0 TFSI quattro (155 kW) CDNC (2008-2012), 5W-30, Inhalt: 4,6 Liter, Wechsel alle 30000 km\/ 24 Monate<br \/>Audi (EU) Q5 2.0 TFSI quattro (162 kW) (2012-2015), 5W-30, Wechsel alle 30.000 km\/ 24 <br \/>Audi (EU) Q5 2.0 TFSI quattro (165 kW) (2012-2016), 5W-30, Inhalt: 4,6 Liter, Wechsel alle 30.000 km\/ 24 Monate<br \/>Audi (EU) Q5 2.0 TFSI quattro (169 kW) (2015-2017), 5W-30, Inhalt: 4,6 Liter, Wechsel alle 30000 km\/ 24 Monate<br \/>Audi (EU) Q5 3.0 TDI quattro (155 kW) (2008-2012), 5W-30, Inhalt: 6,9 Liter, Wechsel alle 30.000 km\/ 24 Monate<br \/>Audi (EU) Q5 3.0 TDI quattro (176 kW) (2008-2012), 5W-30, Inhalt: 6,9 Liter, Wechsel alle 30.000 km\/ 24 Monate<br \/>Audi (EU) Q5 3.0 TDI quattro (176 kW) (2013-2017), 5W-30, Wechsel alle 30.000 km\/ 24 Monate<br \/>Audi (EU) Q5 3.0 TDI quattro (180 kW) (2012-2013), 5W-30, Inhalt: 6,4 Liter, Wechsel alle 30000 km\/ 24 Monate<br \/>Audi (EU) Q5 3.0 TDI quattro (184 kW) (2014-2017), 5W-30, Inhalt: 6,4 Liter, Wechsel alle 30.000 km\/ 24 Monate<br \/>Audi (EU) Q5 3.0 TDI quattro (190 kW) (2013-2017), 5W-30, Inhalt: 6,4 Liter, Wechsel alle 30.000 km\/ 24 Monate<br \/>Audi (EU) Q5 3.0 TFSI quattro (200 kW) (2012-2017), 5W-30, Inhalt: 6,8 Liter, Wechsel alle 30000 km\/ 24 Monate<br \/>Audi (EU) Q5 3.2 FSI quattro (195 kW) (2008-2012), 5W-30, Inhalt: 6,2 Liter, Wechsel alle 30.000 km\/ 24 Monate<br \/>Audi (EU) Q5 3.2 FSI quattro (199 kW) (2008-2012), 5W-30, Inhalt: 6,2 Liter, Wechsel alle 30000 km\/ 24 Monate<br \/>Audi (EU) SQ5 3.0 TDI quattro (230 kW) (2012-2015), 5W-30, Inhalt: 6,4 Liter, Wechsel alle 30.000 km\/ 24 Monate<br \/>Audi (EU) SQ5 3.0 TDI quattro (240 kW) (2015-2017), 5W-30, Inhalt: 6,4 Liter, Wechsel alle 30000 km\/ 24 Monate<br \/>Audi (EU) SQ5 3.0 TDI quattro (250 kW) (2015-2017), 5W-30, Inhalt: 6,4 Liter, Wechsel alle 30000 km\/ 24 Monate<br \/>Audi (EU) SQ5 3.0 TFSI quattro (260 kW) (2013-2017), 5W-30, Inhalt: 6,8 Liter, Wechsel alle 30000 km\/ 24 Monate<\/p>\n<p><strong>AUDI Q5 (EU) SQ5 FY Motor\u00f6l<\/strong><br \/>Audi (EU) Q5 2.0 TDI (100 kW) (2017-2018), 5W-30, Inhalt: 4,7 Liter<br \/>Audi (EU) Q5 2.0 TDI (110 kW) (2017-2018), 5W-30, Inhalt: 4,7 Liter<br \/>Audi (EU) Q5 2.0 TDI (120 kW) (2017-2019), 5W-30, Inhalt: 4,7 Liter<br \/>Audi (EU) Q5 2.0 TDI quattro (110 kW) (2017-2018), 5W-30, Inhalt: 4,7 Liter<br \/>Audi (EU) Q5 2.0 TDI quattro (120 kW) (2017-2019), 5W-30, Inhalt: 4,7 Liter<br \/>Audi (EU) Q5 2.0 TDI quattro (140 kW) (2017-2018), 5W-30, Inhalt: 4,7 Liter<br \/>Audi (EU) Q5 2.0 TFSI quattro (183 kW) (2017-2019), 0W-40, 5W-40 oder 5W-30, Inhalt: 5,2 Liter, Wechsel alle 15000 km\/12 Monate<br \/>Audi (EU) Q5 2.0 TFSI quattro (185 kW) (2017-2019), 5W-30, Inhalt: 5,2 Liter<br \/>Audi (EU) Q5 3.0 TDI quattro (210 kW) (2017-2018), 5W-30, Inhalt: 6,1 Liter<br \/>Audi (EU) Q5 30 TDI (100 kW) (ab 2019), 0W-20, Inhalt: 5,5 Liter<br \/>Audi (EU) Q5 35 TDI (120 kW) (ab 2019), 0W-20, Inhalt: 5,5 Liter<br \/>Audi (EU) Q5 40 TDI quattro (140 kW) (2018-2020), 5W-30, Inhalt: 4,7 Liter<br \/>Audi (EU) Q5 40 TDI quattro (150 kW) (2019-2020), 0W-20, Inhalt: 5,5 Liter<br \/>Audi (EU) Q5 40 TDI quattro (150 kW) (ab 2020), 5W-30, Inhalt: 5,5 Liter<br \/>Audi (EU) Q5 45 TDI quattro (170 kW) (2018-2020), 5W-30, Inhalt: 6,1 Liter<br \/>Audi (EU) Q5 45 TFSI quattro (180 kW) (2018-2020), 0W-20, Inhalt: 5,2 Liter, Wechsel alle 30.000 km\/ 24 Monate<br \/>Audi (EU) Q5 45 TFSI quattro (195 kW) (ab 2020), 0W-20, Inhalt: 5,2 Liter, Wechsel alle 30.000 km\/ 24 Monate<br \/>Audi (EU) Q5 50 TDI quattro (210 kW) (2018-2020), 5W-30, Inhalt: 6,1 Liter<br \/>Audi (EU) Q5 50 TDI quattro (210 kW) (ab 2020), 5W-30, Inhalt: 6,1 Liter<br \/>Audi (EU) Q5 50 TFSI e quattro (220 kW) (2019-2021), 0W-20, Inhalt: 5,2 Liter<br \/>Audi (EU) Q5 50 TFSI e quattro (220 kW) (ab 2021), 0W-20, Inhalt: 5,2 Liter<br \/>Audi (EU) Q5 55 TFSI e quattro (270 kW) (2019-2021), 0W-20, Inhalt: 5,2 Liter<br \/>Audi (EU) Q5 55 TFSI e quattro (270 kW) (ab 2021), 0W-20, Inhalt: 5,2 Liter<br \/>Audi (EU) SQ5 3.0 TFSI quattro (260 kW) (2017-2020), 0W-20, Inhalt: 7,25 Liter<br \/>Audi (EU) SQ5 TDI quattro (251 kW) (ab 2021), 5W-30, Inhalt: 6,1 Liter<br \/>Audi (EU) SQ5 TDI quattro (255 kW) (2018-2020), 5W-30, Inhalt: 6,1 Liter<\/p>\n<p>[\/et_pb_text][\/et_pb_column][et_pb_column type=\"1_4\u2033 _builder_version=\"3.25\u2033 custom_padding=\"|||\" global_colors_info=\"{}\" custom_padding__hover=\"|||\"][et_pb_code _builder_version=\"4.14.8\u2033 _module_preset=\"default\" global_module=\"121601\u2033 saved_tabs=\"all\" global_colors_info=\"{}\"]bloom test[\/et_pb_code][\/et_pb_column][\/et_pb_row][et_pb_row _builder_version=\"4.14.8\u2033 _module_preset=\"default\" global_colors_info=\"{}\"][et_pb_column type=\"4_4\u2033 _builder_version=\"4.14.8\u2033 _module_preset=\"default\" global_colors_info=\"{}\"][et_pb_code _builder_version=\"4.14.8\u2033 _module_preset=\"default\" global_module=\"121632\u2033 saved_tabs=\"all\" global_colors_info=\"{}\"]products[\/et_pb_code][\/et_pb_column][\/et_pb_row][\/et_pb_section]<\/p>","protected":false},"excerpt":{"rendered":"<p>Welches Motor\u00f6l Audi Q5Suchen Sie ein Motor\u00f6l f\u00fcr den Audi Q5? Auf dieser Seite finden Sie alle Modelle, das entsprechende Motor\u00f6l und dessen Inhaltsstoffe. Der Audi Q5 ist schon seit einiger Zeit auf dem Markt. Audi hat diesen 5-sitzigen SUV der Mittelklasse im Jahr 2008 eingef\u00fchrt. Das Modell war als Konkurrenz zum [...]<\/p>","protected":false},"author":1,"featured_media":0,"parent":0,"menu_order":0,"comment_status":"closed","ping_status":"closed","template":"","meta":{"_et_pb_use_builder":"on","_et_pb_old_content":"","_et_gb_content_width":"","footnotes":""},"class_list":["post-121741","page","type-page","status-publish","hentry"],"yoast_head":"<!-- This site is optimized with the Yoast SEO plugin v27.3 - https:\/\/yoast.com\/product\/yoast-seo-wordpress\/ -->\n<title>Motorolie Audi Q5 nodig? wat gaat er in 5w30 of toch 0W30?<\/title>\n<meta name=\"description\" content=\"Motorolie Audi Q5 overzicht. Welke motorolie gebruiken voor een Audi Q5? Op deze pagina het overzicht van iedere Q5 en de geschikte motorolie.\" \/>\n<meta name=\"robots\" content=\"index, follow, max-snippet:-1, max-image-preview:large, max-video-preview:-1\" \/>\n<link rel=\"canonical\" href=\"https:\/\/autobaak.nl\/de\/motorol-audi-q5\/\" \/>\n<meta property=\"og:locale\" content=\"de_DE\" \/>\n<meta property=\"og:type\" content=\"article\" \/>\n<meta property=\"og:title\" content=\"Motorolie Audi Q5 nodig? wat gaat er in 5w30 of toch 0W30?\" \/>\n<meta property=\"og:description\" content=\"Motorolie Audi Q5 overzicht. Welke motorolie gebruiken voor een Audi Q5? Op deze pagina het overzicht van iedere Q5 en de geschikte motorolie.\" \/>\n<meta property=\"og:url\" content=\"https:\/\/autobaak.nl\/de\/motorol-audi-q5\/\" \/>\n<meta property=\"og:site_name\" content=\"Autobaak.nl\" \/>\n<meta property=\"article:modified_time\" content=\"2022-03-05T07:45:16+00:00\" \/>\n<meta name=\"twitter:card\" content=\"summary_large_image\" \/>\n<meta name=\"twitter:label1\" content=\"Gesch\u00e4tzte Lesezeit\" \/>\n\t<meta name=\"twitter:data1\" content=\"7\u00a0Minuten\" \/>\n<script type=\"application\/ld+json\" class=\"yoast-schema-graph\">{\"@context\":\"https:\\\/\\\/schema.org\",\"@graph\":[{\"@type\":\"WebPage\",\"@id\":\"https:\\\/\\\/autobaak.nl\\\/motorolie-audi-q5\\\/\",\"url\":\"https:\\\/\\\/autobaak.nl\\\/motorolie-audi-q5\\\/\",\"name\":\"Motorolie Audi Q5 nodig? wat gaat er in 5w30 of toch 0W30?\",\"isPartOf\":{\"@id\":\"https:\\\/\\\/autobaak.nl\\\/#website\"},\"datePublished\":\"2022-03-05T07:45:11+00:00\",\"dateModified\":\"2022-03-05T07:45:16+00:00\",\"description\":\"Motorolie Audi Q5 overzicht. Welke motorolie gebruiken voor een Audi Q5? Op deze pagina het overzicht van iedere Q5 en de geschikte motorolie.\",\"breadcrumb\":{\"@id\":\"https:\\\/\\\/autobaak.nl\\\/motorolie-audi-q5\\\/#breadcrumb\"},\"inLanguage\":\"de\",\"potentialAction\":[{\"@type\":\"ReadAction\",\"target\":[\"https:\\\/\\\/autobaak.nl\\\/motorolie-audi-q5\\\/\"]}]},{\"@type\":\"BreadcrumbList\",\"@id\":\"https:\\\/\\\/autobaak.nl\\\/motorolie-audi-q5\\\/#breadcrumb\",\"itemListElement\":[{\"@type\":\"ListItem\",\"position\":1,\"name\":\"Home\",\"item\":\"https:\\\/\\\/autobaak.nl\\\/\"},{\"@type\":\"ListItem\",\"position\":2,\"name\":\"Motorolie Audi Q5\"}]},{\"@type\":\"WebSite\",\"@id\":\"https:\\\/\\\/autobaak.nl\\\/#website\",\"url\":\"https:\\\/\\\/autobaak.nl\\\/\",\"name\":\"Autobaak.nl\",\"description\":\"Cars &amp; Racing\",\"potentialAction\":[{\"@type\":\"SearchAction\",\"target\":{\"@type\":\"EntryPoint\",\"urlTemplate\":\"https:\\\/\\\/autobaak.nl\\\/?s={search_term_string}\"},\"query-input\":{\"@type\":\"PropertyValueSpecification\",\"valueRequired\":true,\"valueName\":\"search_term_string\"}}],\"inLanguage\":\"de\"}]}<\/script>\n<!-- \/ Yoast SEO plugin. -->","yoast_head_json":{"title":"Ben\u00f6tigen Sie Motor\u00f6l f\u00fcr den Audi Q5? Was ist drin: 5W30 oder 0W30?","description":"Audi Q5 Motor\u00f6l \u00dcbersicht. Welches Motor\u00f6l ist f\u00fcr einen Audi Q5 geeignet? Auf dieser Seite die \u00dcbersicht \u00fcber jeden Q5 und das passende Motor\u00f6l.","robots":{"index":"index","follow":"follow","max-snippet":"max-snippet:-1","max-image-preview":"max-image-preview:large","max-video-preview":"max-video-preview:-1"},"canonical":"https:\/\/autobaak.nl\/de\/motorol-audi-q5\/","og_locale":"de_DE","og_type":"article","og_title":"Motorolie Audi Q5 nodig? wat gaat er in 5w30 of toch 0W30?","og_description":"Motorolie Audi Q5 overzicht. Welke motorolie gebruiken voor een Audi Q5? Op deze pagina het overzicht van iedere Q5 en de geschikte motorolie.","og_url":"https:\/\/autobaak.nl\/de\/motorol-audi-q5\/","og_site_name":"Autobaak.nl","article_modified_time":"2022-03-05T07:45:16+00:00","twitter_card":"summary_large_image","twitter_misc":{"Gesch\u00e4tzte Lesezeit":"7\u00a0Minuten"},"schema":{"@context":"https:\/\/schema.org","@graph":[{"@type":"WebPage","@id":"https:\/\/autobaak.nl\/motorolie-audi-q5\/","url":"https:\/\/autobaak.nl\/motorolie-audi-q5\/","name":"Ben\u00f6tigen Sie Motor\u00f6l f\u00fcr den Audi Q5? Was ist drin: 5W30 oder 0W30?","isPartOf":{"@id":"https:\/\/autobaak.nl\/#website"},"datePublished":"2022-03-05T07:45:11+00:00","dateModified":"2022-03-05T07:45:16+00:00","description":"Audi Q5 Motor\u00f6l \u00dcbersicht. Welches Motor\u00f6l ist f\u00fcr einen Audi Q5 geeignet? Auf dieser Seite die \u00dcbersicht \u00fcber jeden Q5 und das passende Motor\u00f6l.","breadcrumb":{"@id":"https:\/\/autobaak.nl\/motorolie-audi-q5\/#breadcrumb"},"inLanguage":"de","potentialAction":[{"@type":"ReadAction","target":["https:\/\/autobaak.nl\/motorolie-audi-q5\/"]}]},{"@type":"BreadcrumbList","@id":"https:\/\/autobaak.nl\/motorolie-audi-q5\/#breadcrumb","itemListElement":[{"@type":"ListItem","position":1,"name":"Home","item":"https:\/\/autobaak.nl\/"},{"@type":"ListItem","position":2,"name":"Motorolie Audi Q5"}]},{"@type":"WebSite","@id":"https:\/\/autobaak.nl\/#website","url":"https:\/\/autobaak.nl\/","name":"Autobook.de","description":"Autos &amp; Rennsport","potentialAction":[{"@type":"SearchAction","target":{"@type":"EntryPoint","urlTemplate":"https:\/\/autobaak.nl\/?s={search_term_string}"},"query-input":{"@type":"PropertyValueSpecification","valueRequired":true,"valueName":"search_term_string"}}],"inLanguage":"de"}]}},"_links":{"self":[{"href":"https:\/\/autobaak.nl\/de\/wp-json\/wp\/v2\/pages\/121741","targetHints":{"allow":["GET"]}}],"collection":[{"href":"https:\/\/autobaak.nl\/de\/wp-json\/wp\/v2\/pages"}],"about":[{"href":"https:\/\/autobaak.nl\/de\/wp-json\/wp\/v2\/types\/page"}],"author":[{"embeddable":true,"href":"https:\/\/autobaak.nl\/de\/wp-json\/wp\/v2\/users\/1"}],"replies":[{"embeddable":true,"href":"https:\/\/autobaak.nl\/de\/wp-json\/wp\/v2\/comments?post=121741"}],"version-history":[{"count":0,"href":"https:\/\/autobaak.nl\/de\/wp-json\/wp\/v2\/pages\/121741\/revisions"}],"wp:attachment":[{"href":"https:\/\/autobaak.nl\/de\/wp-json\/wp\/v2\/media?parent=121741"}],"curies":[{"name":"wp","href":"https:\/\/api.w.org\/{rel}","templated":true}]}}