{"id":121749,"date":"2022-03-05T07:59:06","date_gmt":"2022-03-05T07:59:06","guid":{"rendered":"https:\/\/autobaak.nl\/?page_id=121749"},"modified":"2022-03-07T12:08:19","modified_gmt":"2022-03-07T12:08:19","slug":"motorol-volkswagen-up","status":"publish","type":"page","link":"https:\/\/autobaak.nl\/de\/motorol-volkswagen-up\/","title":{"rendered":"Motor\u00f6l Volkswagen Up"},"content":{"rendered":"<p>[et_pb_section fb_built=\"1\u2033 custom_padding_last_edited=\"on|desktop\" admin_label=\"Section\" _builder_version=\"3.22\u2033 background_colour=\"#0c71c3\u2033 custom_padding_tablet=\"50px|0|50px|0\u2033 custom_padding_phone=\"50px|0|50px|0\u2033 transparent_background=\"off\" padding_mobile=\"off\" make_fullwidth=\"off\" use_custom_width=\"off\" width_unit=\"on\" global_colors_info=\"{}\"][et_pb_row admin_label=\"Row\" _builder_version=\"3.25\u2033 background_size=\"initial\" background_position=\"top_left\" background_repeat=\"repeat\" global_colors_info=\"{}\"][et_pb_column type=\"4_4\u2033 _builder_version=\"3.25\u2033 custom_padding=\"|||\" global_colors_info=\"{}\" custom_padding__hover=\"|||\"][et_pb_text admin_label=\"Text\" _builder_version=\"4.14.8\u2033 background_size=\"initial\" background_position=\"top_left\" background_repeat=\"repeat\" text_orientation=\"centre\" background_layout=\"dark\" module_alignment=\"centre\" hover_enabled=\"0\u2033 use_border_color=\"off\" border_color=\"#ffffff\" border_style=\"solid\" global_colors_info=\"{}\" sticky_enabled=\"0\u2033]<\/p>\n<h1 style=\"text-align: center;\">Welches Motor\u00f6l Volkswagen Up<\/h1>\n<p>[\/et_pb_text][\/et_pb_column][\/et_pb_row][\/et_pb_section][et_pb_section fb_built=\"1\u2033 admin_label=\"Section\" _builder_version=\"3.22\u2033 global_colors_info=\"{}\"][et_pb_row column_structure=\"3_4,1_4\u2033 admin_label=\"Row\" _builder_version=\"3.25\u2033 background_size=\"initial\" background_position=\"top_left\" background_repeat=\"repeat\" global_colors_info=\"{}\"][et_pb_column type=\"3_4\u2033 _builder_version=\"3.25\u2033 custom_padding=\"|||\" global_colors_info=\"{}\" custom_padding__hover=\"|||\"][et_pb_text admin_label=\"Text\" _builder_version=\"4.14.8\u2033 background_size=\"initial\" background_position=\"top_left\" background_repeat=\"repeat\" hover_enabled=\"0\u2033 use_border_color=\"off\" border_color=\"#ffffff\" border_style=\"solid\" global_colors_info=\"{}\" sticky_enabled=\"0\u2033][et_pb_text admin_label=\"text\"][et_pb_text admin_label=\"text\" _builder_version=\"4.14.<\/p>\n<p>Sie suchen Motor\u00f6l f\u00fcr den (VW) Volkswagen Up? Auf dieser Seite finden Sie eine \u00dcbersicht \u00fcber alle Modelle, das entsprechende Motor\u00f6l und dessen Inhaltsstoffe. Der Volkswagen up! ist das kleinste Auto im Sortiment von Volkswagen und ist eigentlich ein kleines Stadtauto. Der up! feierte sein Deb\u00fct 2007 als Konzeptfahrzeug auf der IAA in Frankfurt. Der up! hat ein schlichtes und zeitloses Design mit einem ganz eigenen Charakter. Dank seiner geringen Gr\u00f6\u00dfe (3,5 Meter L\u00e4nge) ist der up! in der Stadt sehr praktisch. Der Innenraum ist ger\u00e4umig und die Fahreigenschaften sind ebenfalls gut. Der 3-Zylinder-Motor liefert ausreichend Leistung bei geringem Kraftstoffverbrauch. Der Wagen verf\u00fcgt \u00fcber ein automatisches Bremssystem, das in dieser Klasse einzigartig ist. Nachstehend finden Sie eine \u00dcbersicht \u00fcber das erforderliche Volkswagen Up-Motor\u00f6l.<\/p>\n<p>[\/et_pb_text][et_pb_text admin_label=\"Text\" _builder_version=\"4.14.8\u2033 background_size=\"initial\" background_position=\"top_left\" background_repeat=\"repeat\" hover_enabled=\"0\u2033 use_border_color=\"off\" border_color=\"#ffffff\" border_style=\"solid\" global_colors_info=\"{}\" sticky_enabled=\"0\u2033]<\/p>\n<h2>Motor\u00f6l Volkswagen Up<\/h2>\n<p><strong>Motor\u00f6l VOLKSWAGEN Up (EU)<\/strong><br \/>Volkswagen (VW) (EU) up! 1.0 (44 kW) (2011-2020), 0W-40, 5W-40 oder 5W-30, 3,4 Liter Inhalt, Wechsel alle 15000 km\/12 Monate<br \/>Volkswagen (VW) (EU) up! 1.0 (44 kW) (2020 und sp\u00e4ter), 0W-20, 3,4 Liter Inhalt, Wechsel alle 15000 km\/12 Monate<br \/>Volkswagen (VW) (EU) up! 1.0 (55 kW) (2011-2019), 0W40, 5W-40 oder 5W-30, 3,4 Liter Inhalt, Wechsel alle 15000 km\/12 Monate<br \/>Volkswagen (VW) (EU) up! 1.0 EcoFuel (50 kW) (2012-2020), 0W-40, 5W-40 oder 5W-30, Inhalt 3,4 Liter, Wechsel alle 15000 km\/12 Monate<br \/>Volkswagen (VW) (EU) up! 1.0 EcoFuel (50 kW) (2020 und sp\u00e4ter), 5W-40, Inhalt 3,4 Liter, Wechsel alle 15000 km\/12 Monate<br \/>Volkswagen (VW) (EU) up! 1.0 MPI (48 kW) (2020 und sp\u00e4ter), 0W-20, 3,4 Liter Hubraum, Wechsel alle 15000 km\/12 Monate<br \/>Volkswagen (VW) (EU) up! 1.0 TSI (66 kW) (2016-2018), 0W-40, 5W-40 oder 5W-30, 4 Liter Inhalt, Wechsel alle 15000 km\/12 Monate<br \/>Volkswagen (VW) (EU) up! 1.0 TSI (66 kW) PF (2018-2019), 5W-30, 4 Liter Inhalt, Wechsel alle 15000 km\/12 Monate<br \/>Volkswagen (VW) (EU) up! 1.0 TSI GTI (85 kW) PF (2018-2020), 5W-30, 4 Liter Inhalt, Wechsel alle 15000 km\/12 Monate<br \/>Volkswagen (VW) (EU) up! 1.0 TSI GTI (85 kW) PF (2020 und sp\u00e4ter), 0W-20, 4 Liter Inhalt, Wechsel alle 15000 km\/12 Monate<\/p>\n<p>[\/et_pb_text][\/et_pb_column][et_pb_column type=\"1_4\u2033 _builder_version=\"3.25\u2033 custom_padding=\"|||\" global_colors_info=\"{}\" custom_padding__hover=\"|||\"][et_pb_code _builder_version=\"4.14.8\u2033 _module_preset=\"default\" global_module=\"121601\u2033 saved_tabs=\"all\" global_colors_info=\"{}\"]bloom test[\/et_pb_code][\/et_pb_column][\/et_pb_row][et_pb_row _builder_version=\"4.14.8\u2033 _module_preset=\"default\" global_colors_info=\"{}\"][et_pb_column type=\"4_4\u2033 _builder_version=\"4.14.8\u2033 _module_preset=\"default\" global_colors_info=\"{}\"][et_pb_code _builder_version=\"4.14.8\u2033 _module_preset=\"default\" global_module=\"121632\u2033 saved_tabs=\"all\" global_colors_info=\"{}\"]products[\/et_pb_code][\/et_pb_column][\/et_pb_row][\/et_pb_section]<\/p>","protected":false},"excerpt":{"rendered":"<p>Welches Motor\u00f6l Volkswagen UpSind Sie auf der Suche nach Motor\u00f6l f\u00fcr Ihren (VW) Volkswagen Up? Auf dieser Seite finden Sie alle Modelle, das entsprechende Motor\u00f6l und dessen Inhaltsstoffe. Der Volkswagen up! ist das kleinste Auto im Sortiment von Volkswagen und ist im Grunde ein kleines Stadtauto. Der up! deb\u00fctierte im Jahr 2007 als Konzeptfahrzeug [...]<\/p>","protected":false},"author":1,"featured_media":0,"parent":0,"menu_order":0,"comment_status":"closed","ping_status":"closed","template":"","meta":{"_et_pb_use_builder":"on","_et_pb_old_content":"","_et_gb_content_width":"","footnotes":""},"class_list":["post-121749","page","type-page","status-publish","hentry"],"yoast_head":"<!-- This site is optimized with the Yoast SEO plugin v27.5 - https:\/\/yoast.com\/product\/yoast-seo-wordpress\/ -->\n<title>Motorolie Volkswagen Up nodig? Overzicht motorolie VW Up!<\/title>\n<meta name=\"description\" content=\"Motorolie Volkswagen Up overzicht. Welke motorolie gebruiken voor een VW Up? Op deze pagina het overzicht van iedere Up en geschikte motorolie\" \/>\n<meta name=\"robots\" content=\"index, follow, max-snippet:-1, max-image-preview:large, max-video-preview:-1\" \/>\n<link rel=\"canonical\" href=\"https:\/\/autobaak.nl\/de\/motorol-volkswagen-up\/\" \/>\n<meta property=\"og:locale\" content=\"de_DE\" \/>\n<meta property=\"og:type\" content=\"article\" \/>\n<meta property=\"og:title\" content=\"Motorolie Volkswagen Up nodig? Overzicht motorolie VW Up!\" \/>\n<meta property=\"og:description\" content=\"Motorolie Volkswagen Up overzicht. Welke motorolie gebruiken voor een VW Up? Op deze pagina het overzicht van iedere Up en geschikte motorolie\" \/>\n<meta property=\"og:url\" content=\"https:\/\/autobaak.nl\/de\/motorol-volkswagen-up\/\" \/>\n<meta property=\"og:site_name\" content=\"Autobaak.nl\" \/>\n<meta property=\"article:modified_time\" content=\"2022-03-07T12:08:19+00:00\" \/>\n<meta name=\"twitter:card\" content=\"summary_large_image\" \/>\n<meta name=\"twitter:label1\" content=\"Gesch\u00e4tzte Lesezeit\" \/>\n\t<meta name=\"twitter:data1\" content=\"3\u00a0Minuten\" \/>\n<script type=\"application\/ld+json\" class=\"yoast-schema-graph\">{\"@context\":\"https:\\\/\\\/schema.org\",\"@graph\":[{\"@type\":\"WebPage\",\"@id\":\"https:\\\/\\\/autobaak.nl\\\/motorolie-volkswagen-up\\\/\",\"url\":\"https:\\\/\\\/autobaak.nl\\\/motorolie-volkswagen-up\\\/\",\"name\":\"Motorolie Volkswagen Up nodig? Overzicht motorolie VW Up!\",\"isPartOf\":{\"@id\":\"https:\\\/\\\/autobaak.nl\\\/#website\"},\"datePublished\":\"2022-03-05T07:59:06+00:00\",\"dateModified\":\"2022-03-07T12:08:19+00:00\",\"description\":\"Motorolie Volkswagen Up overzicht. Welke motorolie gebruiken voor een VW Up? Op deze pagina het overzicht van iedere Up en geschikte motorolie\",\"breadcrumb\":{\"@id\":\"https:\\\/\\\/autobaak.nl\\\/motorolie-volkswagen-up\\\/#breadcrumb\"},\"inLanguage\":\"de\",\"potentialAction\":[{\"@type\":\"ReadAction\",\"target\":[\"https:\\\/\\\/autobaak.nl\\\/motorolie-volkswagen-up\\\/\"]}]},{\"@type\":\"BreadcrumbList\",\"@id\":\"https:\\\/\\\/autobaak.nl\\\/motorolie-volkswagen-up\\\/#breadcrumb\",\"itemListElement\":[{\"@type\":\"ListItem\",\"position\":1,\"name\":\"Home\",\"item\":\"https:\\\/\\\/autobaak.nl\\\/\"},{\"@type\":\"ListItem\",\"position\":2,\"name\":\"Motorolie Volkswagen Up\"}]},{\"@type\":\"WebSite\",\"@id\":\"https:\\\/\\\/autobaak.nl\\\/#website\",\"url\":\"https:\\\/\\\/autobaak.nl\\\/\",\"name\":\"Autobaak.nl\",\"description\":\"Cars &amp; Racing\",\"potentialAction\":[{\"@type\":\"SearchAction\",\"target\":{\"@type\":\"EntryPoint\",\"urlTemplate\":\"https:\\\/\\\/autobaak.nl\\\/?s={search_term_string}\"},\"query-input\":{\"@type\":\"PropertyValueSpecification\",\"valueRequired\":true,\"valueName\":\"search_term_string\"}}],\"inLanguage\":\"de\"}]}<\/script>\n<!-- \/ Yoast SEO plugin. -->","yoast_head_json":{"title":"Brauchen Sie Motor\u00f6l Volkswagen Up? \u00dcbersicht Motor\u00f6l VW Up!","description":"Motor\u00f6l Volkswagen Up \u00dcbersicht. Welches Motor\u00f6l sollte man f\u00fcr einen VW Up verwenden? Auf dieser Seite die \u00dcbersicht \u00fcber jedes Up- und passende Motor\u00f6l","robots":{"index":"index","follow":"follow","max-snippet":"max-snippet:-1","max-image-preview":"max-image-preview:large","max-video-preview":"max-video-preview:-1"},"canonical":"https:\/\/autobaak.nl\/de\/motorol-volkswagen-up\/","og_locale":"de_DE","og_type":"article","og_title":"Motorolie Volkswagen Up nodig? Overzicht motorolie VW Up!","og_description":"Motorolie Volkswagen Up overzicht. Welke motorolie gebruiken voor een VW Up? Op deze pagina het overzicht van iedere Up en geschikte motorolie","og_url":"https:\/\/autobaak.nl\/de\/motorol-volkswagen-up\/","og_site_name":"Autobaak.nl","article_modified_time":"2022-03-07T12:08:19+00:00","twitter_card":"summary_large_image","twitter_misc":{"Gesch\u00e4tzte Lesezeit":"3\u00a0Minuten"},"schema":{"@context":"https:\/\/schema.org","@graph":[{"@type":"WebPage","@id":"https:\/\/autobaak.nl\/motorolie-volkswagen-up\/","url":"https:\/\/autobaak.nl\/motorolie-volkswagen-up\/","name":"Brauchen Sie Motor\u00f6l Volkswagen Up? \u00dcbersicht Motor\u00f6l VW Up!","isPartOf":{"@id":"https:\/\/autobaak.nl\/#website"},"datePublished":"2022-03-05T07:59:06+00:00","dateModified":"2022-03-07T12:08:19+00:00","description":"Motor\u00f6l Volkswagen Up \u00dcbersicht. Welches Motor\u00f6l sollte man f\u00fcr einen VW Up verwenden? Auf dieser Seite die \u00dcbersicht \u00fcber jedes Up- und passende Motor\u00f6l","breadcrumb":{"@id":"https:\/\/autobaak.nl\/motorolie-volkswagen-up\/#breadcrumb"},"inLanguage":"de","potentialAction":[{"@type":"ReadAction","target":["https:\/\/autobaak.nl\/motorolie-volkswagen-up\/"]}]},{"@type":"BreadcrumbList","@id":"https:\/\/autobaak.nl\/motorolie-volkswagen-up\/#breadcrumb","itemListElement":[{"@type":"ListItem","position":1,"name":"Home","item":"https:\/\/autobaak.nl\/"},{"@type":"ListItem","position":2,"name":"Motorolie Volkswagen Up"}]},{"@type":"WebSite","@id":"https:\/\/autobaak.nl\/#website","url":"https:\/\/autobaak.nl\/","name":"Autobook.de","description":"Autos &amp; Rennsport","potentialAction":[{"@type":"SearchAction","target":{"@type":"EntryPoint","urlTemplate":"https:\/\/autobaak.nl\/?s={search_term_string}"},"query-input":{"@type":"PropertyValueSpecification","valueRequired":true,"valueName":"search_term_string"}}],"inLanguage":"de"}]}},"_links":{"self":[{"href":"https:\/\/autobaak.nl\/de\/wp-json\/wp\/v2\/pages\/121749","targetHints":{"allow":["GET"]}}],"collection":[{"href":"https:\/\/autobaak.nl\/de\/wp-json\/wp\/v2\/pages"}],"about":[{"href":"https:\/\/autobaak.nl\/de\/wp-json\/wp\/v2\/types\/page"}],"author":[{"embeddable":true,"href":"https:\/\/autobaak.nl\/de\/wp-json\/wp\/v2\/users\/1"}],"replies":[{"embeddable":true,"href":"https:\/\/autobaak.nl\/de\/wp-json\/wp\/v2\/comments?post=121749"}],"version-history":[{"count":0,"href":"https:\/\/autobaak.nl\/de\/wp-json\/wp\/v2\/pages\/121749\/revisions"}],"wp:attachment":[{"href":"https:\/\/autobaak.nl\/de\/wp-json\/wp\/v2\/media?parent=121749"}],"curies":[{"name":"wp","href":"https:\/\/api.w.org\/{rel}","templated":true}]}}