{"id":121756,"date":"2022-03-05T08:07:40","date_gmt":"2022-03-05T08:07:40","guid":{"rendered":"https:\/\/autobaak.nl\/?page_id=121756"},"modified":"2022-03-07T12:09:04","modified_gmt":"2022-03-07T12:09:04","slug":"motorol-volkswagen-fuchs","status":"publish","type":"page","link":"https:\/\/autobaak.nl\/de\/motorol-volkswagen-fuchs\/","title":{"rendered":"Motor\u00f6l Volkswagen Fox"},"content":{"rendered":"<p>[et_pb_section fb_built=\"1\u2033 custom_padding_last_edited=\"on|desktop\" admin_label=\"Section\" _builder_version=\"3.22\u2033 background_colour=\"#0c71c3\u2033 custom_padding_tablet=\"50px|0|50px|0\u2033 custom_padding_phone=\"50px|0|50px|0\u2033 transparent_background=\"off\" padding_mobile=\"off\" make_fullwidth=\"off\" use_custom_width=\"off\" width_unit=\"on\" global_colors_info=\"{}\"][et_pb_row admin_label=\"Row\" _builder_version=\"3.25\u2033 background_size=\"initial\" background_position=\"top_left\" background_repeat=\"repeat\" global_colors_info=\"{}\"][et_pb_column type=\"4_4\u2033 _builder_version=\"3.25\u2033 custom_padding=\"|||\" global_colors_info=\"{}\" custom_padding__hover=\"|||\"][et_pb_text admin_label=\"Text\" _builder_version=\"4.14.8\u2033 background_size=\"initial\" background_position=\"top_left\" background_repeat=\"repeat\" text_orientation=\"centre\" background_layout=\"dark\" module_alignment=\"centre\" hover_enabled=\"0\u2033 use_border_color=\"off\" border_color=\"#ffffff\" border_style=\"solid\" global_colors_info=\"{}\" sticky_enabled=\"0\u2033]<\/p>\n<h1 style=\"text-align: center;\">Welches Motor\u00f6l Volkswagen Fox<\/h1>\n<p>[\/et_pb_text][\/et_pb_column][\/et_pb_row][\/et_pb_section][et_pb_section fb_built=\"1\u2033 admin_label=\"Section\" _builder_version=\"3.22\u2033 global_colors_info=\"{}\"][et_pb_row column_structure=\"3_4,1_4\u2033 admin_label=\"Row\" _builder_version=\"3.25\u2033 background_size=\"initial\" background_position=\"top_left\" background_repeat=\"repeat\" global_colors_info=\"{}\"][et_pb_column type=\"3_4\u2033 _builder_version=\"3.25\u2033 custom_padding=\"|||\" global_colors_info=\"{}\" custom_padding__hover=\"|||\"][et_pb_text admin_label=\"Text\" _builder_version=\"4.14.8\u2033 background_size=\"initial\" background_position=\"top_left\" background_repeat=\"repeat\" use_border_color=\"off\" border_color=\"#ffffff\" border_style=\"solid\" global_colors_info=\"{}\"]<\/p>\n<p>Sie suchen Motor\u00f6l f\u00fcr den Volkswagen Fox? Auf dieser Seite finden Sie eine \u00dcbersicht \u00fcber alle Modelle, das entsprechende Motor\u00f6l und dessen Inhalt. VW stellte das neueste Kompaktmodell VW Fox als Nachfolger des VW Lupo vor. Wenn Sie nicht so viel Wert auf Extras legen, sondern vor allem ein sicheres Transportmittel suchen, ist der VW Fox die richtige Wahl. Sein komfortables Fahrverhalten, selbst auf schlechtem Gel\u00e4nde, ist \u00fcberraschend. Allerdings wirkt die Ausstattung des VW Fox mit vielen Kunststoffteilen etwas einfach. Nachfolgend finden Sie eine \u00dcbersicht \u00fcber das ben\u00f6tigte Volkswagen Fox Motor\u00f6l.<\/p>\n<p>[\/et_pb_text][et_pb_text admin_label=\"Text\" _builder_version=\"4.14.8\u2033 background_size=\"initial\" background_position=\"top_left\" background_repeat=\"repeat\" use_border_color=\"off\" border_color=\"#ffffff\" border_style=\"solid\" global_colors_info=\"{}\"]<\/p>\n<h2>Motor\u00f6l Volkswagen Fox<\/h2>\n<p><strong>Motor\u00f6l VOLKSWAGEN Fox (VW) 5Z<\/strong><br \/>Volkswagen (VW) (EU) Fox 1.0 (2005-2007), 5W-30, 0W-40 oder 5W-40, Inhalt: 3,3 Liter, Wechsel alle 15000 km\/ 12 Monate<br \/>Volkswagen (VW) (EU) Fox 1.0 (2007-2011), 5W-30, 0W-40 oder 5W-40, Inhalt: 3,3 Liter, Wechsel alle 15000 km\/ 12 Monate<br \/>Volkswagen (VW) (EU) Fox 1.2 (2005-2007), 5W-30, 0W-40 oder 5W-40, Inhalt: 3 Liter, Wechsel alle 15000 km\/ 12 Monate<br \/>Volkswagen (VW) (EU) Fox 1.2 (2007-2009), 5W-30, 0W-40 oder 5W-40, Inhalt: 3 Liter, Wechsel alle 15000 km\/ 12 Monate<br \/>Volkswagen (VW) (EU) Fox 1.2 (2009-2011), 5W-30, 0W-40 oder 5W-40, Inhalt: 3 Liter, Wechsel alle 15000 km\/ 12 Monate<br \/>Volkswagen (VW) (EU) Fox 1.2 (44 kW) (2010-2011), 5W-30, Inhalt: 3 Liter, Wechsel alle 30000 km\/ 24 Monate<br \/>Volkswagen (VW) (EU) Fox 1.4 (2005-2007), 5W-30, 0W-40 oder 5W-40, Inhalt: 3,2 Liter, Wechsel alle 15000 km\/ 12 Monate<br \/>Volkswagen (VW) (EU) Fox 1.4 (2007-2011), 5W-30, 0W-40 oder 5W-40, Inhalt: 3,2 Liter, Wechsel alle 15000 km\/ 12 Monate<br \/>Volkswagen (VW) (EU) Fox 1.4 TDI (2005-2007), 5W-30 oder 5W-40, Inhalt: 3,8 Liter, Wechsel alle 15000 km\/ 12 Monate<br \/>Volkswagen (VW) (EU) Fox 1.4 TDI (2007-2011), 5W-30 oder 5W-40, Inhalt: 3,8 Liter, Wechsel alle 15000 km\/ 12 Monate<br \/>Volkswagen (VW) (EU) Fox 1.6 (2005-2007), 5W-30, 0W-40 oder 5W-40, Inhalt: 4 Liter, Wechsel alle 15000 km\/ 12 Monate<br \/>Volkswagen (VW) (EU) Fox 1.6 (2007-2011), 5W-30, 0W-40 oder 5W-40, Inhalt: 4 Liter, Wechsel alle 15000 km\/ 12 Monate<br \/>Volkswagen (VW) (EU) Fox 1.6 TDI (2009-2011), 5W-30, Inhalt: 3,8 Liter, Wechsel alle 15000 km\/ 12 Monate<\/p>\n<p>&nbsp;<\/p>\n<p>[\/et_pb_text][\/et_pb_column][et_pb_column type=\"1_4\u2033 _builder_version=\"3.25\u2033 custom_padding=\"|||\" global_colors_info=\"{}\" custom_padding__hover=\"|||\"][et_pb_code _builder_version=\"4.14.8\u2033 _module_preset=\"default\" global_module=\"121601\u2033 saved_tabs=\"all\" global_colors_info=\"{}\"]bloom test[\/et_pb_code][\/et_pb_column][\/et_pb_row][et_pb_row _builder_version=\"4.14.8\u2033 _module_preset=\"default\" global_colors_info=\"{}\"][et_pb_column type=\"4_4\u2033 _builder_version=\"4.14.8\u2033 _module_preset=\"default\" global_colors_info=\"{}\"][et_pb_code _builder_version=\"4.14.8\u2033 _module_preset=\"default\" global_module=\"121632\u2033 saved_tabs=\"all\" global_colors_info=\"{}\"]products[\/et_pb_code][\/et_pb_column][\/et_pb_row][\/et_pb_section]<\/p>","protected":false},"excerpt":{"rendered":"<p>Welches Motor\u00f6l Volkswagen FoxSind Sie auf der Suche nach Motor\u00f6l f\u00fcr den Volkswagen Fox? Auf dieser Seite finden Sie alle Modelle, das entsprechende Motor\u00f6l und dessen Inhaltsstoffe. VW hat mit dem VW Fox ein neues Kompaktmodell als Nachfolger des VW Lupo vorgestellt. Wer nicht so viel Wert auf Extras legt, sondern vor allem ein sicheres Transportmittel sucht, ist mit dem Fox gut [...]<\/p>","protected":false},"author":1,"featured_media":0,"parent":0,"menu_order":0,"comment_status":"closed","ping_status":"closed","template":"","meta":{"_et_pb_use_builder":"on","_et_pb_old_content":"","_et_gb_content_width":"","footnotes":""},"class_list":["post-121756","page","type-page","status-publish","hentry"],"yoast_head":"<!-- This site is optimized with the Yoast SEO plugin v27.5 - https:\/\/yoast.com\/product\/yoast-seo-wordpress\/ -->\n<title>Motorolie Volkswagen Fox nodig? Overzicht motorolie VW Fox<\/title>\n<meta name=\"description\" content=\"Motorolie Volkswagen Fox overzicht. Welke motorolie gebruiken voor een VW Fox? Op deze pagina het overzicht van iedere Fox en de motorolie\" \/>\n<meta name=\"robots\" content=\"index, follow, max-snippet:-1, max-image-preview:large, max-video-preview:-1\" \/>\n<link rel=\"canonical\" href=\"https:\/\/autobaak.nl\/de\/motorol-volkswagen-fuchs\/\" \/>\n<meta property=\"og:locale\" content=\"de_DE\" \/>\n<meta property=\"og:type\" content=\"article\" \/>\n<meta property=\"og:title\" content=\"Motorolie Volkswagen Fox nodig? Overzicht motorolie VW Fox\" \/>\n<meta property=\"og:description\" content=\"Motorolie Volkswagen Fox overzicht. Welke motorolie gebruiken voor een VW Fox? Op deze pagina het overzicht van iedere Fox en de motorolie\" \/>\n<meta property=\"og:url\" content=\"https:\/\/autobaak.nl\/de\/motorol-volkswagen-fuchs\/\" \/>\n<meta property=\"og:site_name\" content=\"Autobaak.nl\" \/>\n<meta property=\"article:modified_time\" content=\"2022-03-07T12:09:04+00:00\" \/>\n<meta name=\"twitter:card\" content=\"summary_large_image\" \/>\n<meta name=\"twitter:label1\" content=\"Gesch\u00e4tzte Lesezeit\" \/>\n\t<meta name=\"twitter:data1\" content=\"3\u00a0Minuten\" \/>\n<script type=\"application\/ld+json\" class=\"yoast-schema-graph\">{\"@context\":\"https:\\\/\\\/schema.org\",\"@graph\":[{\"@type\":\"WebPage\",\"@id\":\"https:\\\/\\\/autobaak.nl\\\/motorolie-volkswagen-fox\\\/\",\"url\":\"https:\\\/\\\/autobaak.nl\\\/motorolie-volkswagen-fox\\\/\",\"name\":\"Motorolie Volkswagen Fox nodig? Overzicht motorolie VW Fox\",\"isPartOf\":{\"@id\":\"https:\\\/\\\/autobaak.nl\\\/#website\"},\"datePublished\":\"2022-03-05T08:07:40+00:00\",\"dateModified\":\"2022-03-07T12:09:04+00:00\",\"description\":\"Motorolie Volkswagen Fox overzicht. Welke motorolie gebruiken voor een VW Fox? Op deze pagina het overzicht van iedere Fox en de motorolie\",\"breadcrumb\":{\"@id\":\"https:\\\/\\\/autobaak.nl\\\/motorolie-volkswagen-fox\\\/#breadcrumb\"},\"inLanguage\":\"de\",\"potentialAction\":[{\"@type\":\"ReadAction\",\"target\":[\"https:\\\/\\\/autobaak.nl\\\/motorolie-volkswagen-fox\\\/\"]}]},{\"@type\":\"BreadcrumbList\",\"@id\":\"https:\\\/\\\/autobaak.nl\\\/motorolie-volkswagen-fox\\\/#breadcrumb\",\"itemListElement\":[{\"@type\":\"ListItem\",\"position\":1,\"name\":\"Home\",\"item\":\"https:\\\/\\\/autobaak.nl\\\/\"},{\"@type\":\"ListItem\",\"position\":2,\"name\":\"Motorolie Volkswagen Fox\"}]},{\"@type\":\"WebSite\",\"@id\":\"https:\\\/\\\/autobaak.nl\\\/#website\",\"url\":\"https:\\\/\\\/autobaak.nl\\\/\",\"name\":\"Autobaak.nl\",\"description\":\"Cars &amp; Racing\",\"potentialAction\":[{\"@type\":\"SearchAction\",\"target\":{\"@type\":\"EntryPoint\",\"urlTemplate\":\"https:\\\/\\\/autobaak.nl\\\/?s={search_term_string}\"},\"query-input\":{\"@type\":\"PropertyValueSpecification\",\"valueRequired\":true,\"valueName\":\"search_term_string\"}}],\"inLanguage\":\"de\"}]}<\/script>\n<!-- \/ Yoast SEO plugin. -->","yoast_head_json":{"title":"Brauchen Sie Motor\u00f6l Volkswagen Fox? \u00dcbersicht Motor\u00f6l VW Fox","description":"Motor\u00f6l Volkswagen Fox \u00dcbersicht. Welches Motor\u00f6l f\u00fcr einen VW Fox verwenden? Auf dieser Seite die \u00dcbersicht \u00fcber jede Fox und das Motor\u00f6l","robots":{"index":"index","follow":"follow","max-snippet":"max-snippet:-1","max-image-preview":"max-image-preview:large","max-video-preview":"max-video-preview:-1"},"canonical":"https:\/\/autobaak.nl\/de\/motorol-volkswagen-fuchs\/","og_locale":"de_DE","og_type":"article","og_title":"Motorolie Volkswagen Fox nodig? Overzicht motorolie VW Fox","og_description":"Motorolie Volkswagen Fox overzicht. Welke motorolie gebruiken voor een VW Fox? Op deze pagina het overzicht van iedere Fox en de motorolie","og_url":"https:\/\/autobaak.nl\/de\/motorol-volkswagen-fuchs\/","og_site_name":"Autobaak.nl","article_modified_time":"2022-03-07T12:09:04+00:00","twitter_card":"summary_large_image","twitter_misc":{"Gesch\u00e4tzte Lesezeit":"3\u00a0Minuten"},"schema":{"@context":"https:\/\/schema.org","@graph":[{"@type":"WebPage","@id":"https:\/\/autobaak.nl\/motorolie-volkswagen-fox\/","url":"https:\/\/autobaak.nl\/motorolie-volkswagen-fox\/","name":"Brauchen Sie Motor\u00f6l Volkswagen Fox? \u00dcbersicht Motor\u00f6l VW Fox","isPartOf":{"@id":"https:\/\/autobaak.nl\/#website"},"datePublished":"2022-03-05T08:07:40+00:00","dateModified":"2022-03-07T12:09:04+00:00","description":"Motor\u00f6l Volkswagen Fox \u00dcbersicht. Welches Motor\u00f6l f\u00fcr einen VW Fox verwenden? Auf dieser Seite die \u00dcbersicht \u00fcber jede Fox und das Motor\u00f6l","breadcrumb":{"@id":"https:\/\/autobaak.nl\/motorolie-volkswagen-fox\/#breadcrumb"},"inLanguage":"de","potentialAction":[{"@type":"ReadAction","target":["https:\/\/autobaak.nl\/motorolie-volkswagen-fox\/"]}]},{"@type":"BreadcrumbList","@id":"https:\/\/autobaak.nl\/motorolie-volkswagen-fox\/#breadcrumb","itemListElement":[{"@type":"ListItem","position":1,"name":"Home","item":"https:\/\/autobaak.nl\/"},{"@type":"ListItem","position":2,"name":"Motorolie Volkswagen Fox"}]},{"@type":"WebSite","@id":"https:\/\/autobaak.nl\/#website","url":"https:\/\/autobaak.nl\/","name":"Autobook.de","description":"Autos &amp; Rennsport","potentialAction":[{"@type":"SearchAction","target":{"@type":"EntryPoint","urlTemplate":"https:\/\/autobaak.nl\/?s={search_term_string}"},"query-input":{"@type":"PropertyValueSpecification","valueRequired":true,"valueName":"search_term_string"}}],"inLanguage":"de"}]}},"_links":{"self":[{"href":"https:\/\/autobaak.nl\/de\/wp-json\/wp\/v2\/pages\/121756","targetHints":{"allow":["GET"]}}],"collection":[{"href":"https:\/\/autobaak.nl\/de\/wp-json\/wp\/v2\/pages"}],"about":[{"href":"https:\/\/autobaak.nl\/de\/wp-json\/wp\/v2\/types\/page"}],"author":[{"embeddable":true,"href":"https:\/\/autobaak.nl\/de\/wp-json\/wp\/v2\/users\/1"}],"replies":[{"embeddable":true,"href":"https:\/\/autobaak.nl\/de\/wp-json\/wp\/v2\/comments?post=121756"}],"version-history":[{"count":0,"href":"https:\/\/autobaak.nl\/de\/wp-json\/wp\/v2\/pages\/121756\/revisions"}],"wp:attachment":[{"href":"https:\/\/autobaak.nl\/de\/wp-json\/wp\/v2\/media?parent=121756"}],"curies":[{"name":"wp","href":"https:\/\/api.w.org\/{rel}","templated":true}]}}