{"id":121763,"date":"2022-03-05T10:03:04","date_gmt":"2022-03-05T10:03:04","guid":{"rendered":"https:\/\/autobaak.nl\/?page_id=121763"},"modified":"2022-03-05T10:03:09","modified_gmt":"2022-03-05T10:03:09","slug":"welches-motorol-bmw-1-series","status":"publish","type":"page","link":"https:\/\/autobaak.nl\/de\/welches-motorol-bmw-1-series\/","title":{"rendered":"Welches Motor\u00f6l BMW 1er"},"content":{"rendered":"<p>[et_pb_section fb_built=\"1\u2033 custom_padding_last_edited=\"on|desktop\" admin_label=\"Section\" _builder_version=\"3.22\u2033 background_colour=\"#0c71c3\u2033 custom_padding_tablet=\"50px|0|50px|0\u2033 custom_padding_phone=\"50px|0|50px|0\u2033 transparent_background=\"off\" padding_mobile=\"off\" make_fullwidth=\"off\" use_custom_width=\"off\" width_unit=\"on\" global_colors_info=\"{}\"][et_pb_row admin_label=\"Row\" _builder_version=\"3.25\u2033 background_size=\"initial\" background_position=\"top_left\" background_repeat=\"repeat\" global_colors_info=\"{}\"][et_pb_column type=\"4_4\u2033 _builder_version=\"3.25\u2033 custom_padding=\"|||\" global_colors_info=\"{}\" custom_padding__hover=\"|||\"][et_pb_text admin_label=\"Text\" _builder_version=\"4.14.8\u2033 background_size=\"initial\" background_position=\"top_left\" background_repeat=\"repeat\" text_orientation=\"centre\" background_layout=\"dark\" module_alignment=\"centre\" use_border_color=\"off\" border_color=\"#ffffff\" border_style=\"solid\" global_colors_info=\"{}\"][et_pb_text admin_label=\"text<\/p>\n<h1 style=\"text-align: center;\">Welches Motor\u00f6l BMW 1er-Serie<\/h1>\n<p>[\/et_pb_text][\/et_pb_column][\/et_pb_row][\/et_pb_section][et_pb_section fb_built=\"1\u2033 admin_label=\"Section\" _builder_version=\"3.22\u2033 global_colors_info=\"{}\"][et_pb_row column_structure=\"3_4,1_4\u2033 admin_label=\"Row\" _builder_version=\"3.25\u2033 background_size=\"initial\" background_position=\"top_left\" background_repeat=\"repeat\" global_colors_info=\"{}\"][et_pb_column type=\"3_4\u2033 _builder_version=\"3.25\u2033 custom_padding=\"|||\" global_colors_info=\"{}\" custom_padding__hover=\"|||\"][et_pb_text admin_label=\"Text\" _builder_version=\"4.14.8\u2033 background_size=\"initial\" background_position=\"top_left\" background_repeat=\"repeat\" use_border_color=\"off\" border_color=\"#ffffff\" border_style=\"solid\" global_colors_info=\"{}\"]<\/p>\n<p>Der BMW 1er ist seit 2004 auf den niederl\u00e4ndischen Stra\u00dfen unterwegs und ist eine echte Erfolgsnummer von BMW. Dieses Modell ist als sehr zuverl\u00e4ssig bekannt, lesen Sie auch unsere <a href=\"https:\/\/autobaak.nl\/de\/bmw-1-series-probleme\/\">Kaufberatung BMW 1er<\/a>. Und nat\u00fcrlich ist es auch wichtig, das Motor\u00f6l rechtzeitig zu wechseln, um Motorverschlei\u00df zu vermeiden und sicherzustellen, dass der Motor reibungslos l\u00e4uft. Au\u00dferdem senkt ein rechtzeitiger Motor\u00f6lwechsel den Kraftstoffverbrauch und die Emissionen. Pr\u00fcfen Sie unten, welches Motor\u00f6l Ihr BMW 1er (E81, E82, E87, F20, F21 und F40) ben\u00f6tigt:<\/p>\n<p>[\/et_pb_text][et_pb_text admin_label=\"Text\" _builder_version=\"4.14.8\u2033 background_size=\"initial\" background_position=\"top_left\" background_repeat=\"repeat\" use_border_color=\"off\" border_color=\"#ffffff\" border_style=\"solid\" global_colors_info=\"{}\"]<\/p>\n<h2>Motor\u00f6l BMW 1er Benzin BJ 2004 bis 2011<strong><br \/><\/strong><\/h2>\n<ul>\n<li>BMW 1er Serie 116i =<br \/>Motor\u00f6l:\u00a0<strong>SAE<\/strong> <strong>5w30 <\/strong><strong><br \/><\/strong>Intervall:<strong> 25.000 km oder nach maximal 24 Monaten<br \/><\/strong>Menge<strong>: 4,25 Liter + 0,4 Liter im \u00d6lfilter<\/strong><\/li>\n<li>BMW 1er 118i =<br \/>Motor\u00f6l:\u00a0<strong>SAE<\/strong> <strong>5w30 <\/strong><strong><br \/><\/strong>Intervall:<strong> 25.000 km oder nach maximal 24 Monaten<br \/><\/strong>Menge<strong>: 4,25 Liter + 0,4 Liter im \u00d6lfilter<\/strong><\/li>\n<li>BMW 1er 120i =<br \/>Motor\u00f6l:\u00a0<strong>SAE<\/strong> <strong>5w30 <\/strong><strong><br \/><\/strong>Intervall:<strong> 25.000 km oder nach maximal 24 Monaten<br \/><\/strong>Menge<strong>: 4,25 Liter + 0,4 Liter im \u00d6lfilter<\/strong><\/li>\n<li>BMW 1er 125i =<br \/>Motor\u00f6l:\u00a0<strong>SAE<\/strong> <strong>5w30 <\/strong><strong><br \/><\/strong>Intervall:<strong> 30.000 km oder nach maximal 24 Monaten<br \/><\/strong>Menge<strong>: 6,5 Liter + 0,5 Liter im \u00d6lfilter<\/strong><\/li>\n<li>BMW 1er Serie 130i =<br \/>Motor\u00f6l:\u00a0<strong>SAE<\/strong> <strong>5w30 <\/strong><strong><br \/><\/strong>Intervall:<strong> 25.000 km oder nach maximal 24 Monaten<br \/><\/strong>Menge<strong>: 6,5 Liter + 0,5 Liter im \u00d6lfilter<\/strong><\/li>\n<li>BMW 1er 135i =<br \/>Motor\u00f6l:\u00a0<strong>SAE<\/strong> <strong>5w30 <\/strong><strong><br \/><\/strong>Intervall:<strong> 25.000 km oder nach maximal 24 Monaten<br \/><\/strong>Menge<strong>: 6,5 Liter + 0,5 Liter im \u00d6lfilter<\/strong><\/li>\n<li>BMW M1 Coup\u00e9 =<br \/>Motor\u00f6l:\u00a0<strong>SAE<\/strong> <strong>5w30 <\/strong><strong><br \/><\/strong>Intervall:<strong> 25.000 km oder nach maximal 24 Monaten<br \/><\/strong>Menge<strong>: 6,5 Liter + 0,5 Liter im \u00d6lfilter<\/strong><\/li>\n<\/ul>\n<h2>Motor\u00f6l BMW 1er Diesel BJ 2004 bis 2011<\/h2>\n<ul>\n<li>BMW 1er Serie 118D =<br \/>Motor\u00f6l:\u00a0<strong>SAE<\/strong> <strong>5w30 <\/strong><strong><br \/><\/strong>Intervall:<strong> 30.000 km oder nach maximal 24 Monaten<br \/><\/strong>Menge<strong>: 5,2 Liter + 0,4 Liter im \u00d6lfilter<\/strong><\/li>\n<li>BMW 1er Serie 120D =<br \/>Motor\u00f6l:\u00a0<strong>SAE<\/strong> <strong>5w30 <\/strong><strong><br \/><\/strong>Intervall:<strong> 30.000 km oder nach maximal 24 Monaten<br \/><\/strong>Menge<strong>: 5,2 Liter + 0,4 Liter im \u00d6lfilter<\/strong><\/li>\n<li>BMW 1er Reihe 123D =<br \/>Motor\u00f6l:\u00a0<strong>SAE<\/strong> <strong>5w30 <\/strong><strong><br \/><\/strong>Intervall:<strong> 30.000 km oder nach maximal 24 Monaten<br \/><\/strong>Menge<strong>: 5,2 Liter + 0,4 Liter im \u00d6lfilter<\/strong><\/li>\n<\/ul>\n<h2>Motor\u00f6l BMW 1er Benziner BJ 2011 bis 2019<\/h2>\n<ul>\n<li>BMW 1er 114i =<br \/>Motor\u00f6l:\u00a0<strong>SAE<\/strong> <strong>5w30 <\/strong><strong><br \/><\/strong>Intervall:<strong> 25.000 km oder nach maximal 24 Monaten<br \/><\/strong>Menge<strong>: 4,2 Liter + 0,4 Liter im \u00d6lfilter<\/strong><\/li>\n<li>BMW 1er Serie 116i =<br \/>Motor\u00f6l:\u00a0<strong>SAE<\/strong> <strong>5w30<\/strong> oder <strong>0w20 <\/strong>(ab 2015)<strong><br \/><\/strong>Intervall:<strong> 25.000 km oder nach maximal 24 Monaten<br \/><\/strong>Menge<strong>: 4,25 Liter + 0,4 Liter im \u00d6lfilter<\/strong><\/li>\n<li>BMW 1er 118i =<br \/>Motor\u00f6l:\u00a0<strong>SAE<\/strong> <strong>5w30 <\/strong>oder <strong>0w20 <\/strong>(ab 2015)<strong><br \/><\/strong>Intervall:<strong> 25.000 km oder nach maximal 24 Monaten<br \/><\/strong>Menge<strong>: 4,2 Liter + 0,4 Liter im \u00d6lfilter<\/strong><\/li>\n<li>BMW 1er 120i =<br \/>Motor\u00f6l:\u00a0<strong>SAE<\/strong> <strong>5w30 <\/strong>oder <strong>0w20 <\/strong>(ab 2015)<strong><br \/><\/strong>Intervall:<strong> 25.000 km oder nach maximal 24 Monaten<br \/><\/strong>Menge<strong>: 5,25 Liter + 0,5 Liter im \u00d6lfilter<\/strong><\/li>\n<li>BMW 1er 125i =<br \/>Motor\u00f6l:\u00a0<strong>SAE<\/strong> <strong>5w30 <\/strong>oder <strong>0w20 <\/strong>(ab 2015)<strong><br \/><\/strong>Intervall:<strong> 25.000 km oder nach maximal 24 Monaten<br \/><\/strong>Menge<strong>: 5,25 Liter + 0,5 Liter im \u00d6lfilter<\/strong><\/li>\n<li>BMW 1er M135i =<br \/>Motor\u00f6l:\u00a0<strong>SAE<\/strong> <strong>5w30 <\/strong><strong><br \/><\/strong>Intervall:<strong> 30.000 km oder nach maximal 24 Monaten<br \/><\/strong>Menge<strong>: 6,25 Liter + 0,5 Liter im \u00d6lfilter<\/strong><\/li>\n<li>BMW 1er M140i =<br \/>Motor\u00f6l:\u00a0<strong>SAE<\/strong> <strong>0w20 <\/strong><strong><br \/><\/strong>Intervall:<strong> 30.000 km oder nach maximal 24 Monaten<br \/><\/strong>Menge<strong>: 6,5 Liter + 0,5 Liter im \u00d6lfilter<\/strong><\/li>\n<\/ul>\n<h2>Motor\u00f6l BMW 1er Diesel BJ 2011 bis 2019<\/h2>\n<ul>\n<li>BMW 1er Serie 114D =<br \/>Motor\u00f6l:\u00a0<strong>SAE<\/strong> <strong>5w30 <\/strong><strong><br \/><\/strong>Intervall:<strong> 30.000 km oder nach maximal 24 Monaten<br \/><\/strong>Menge<strong>: 5,2 Liter + 0,4 Liter im \u00d6lfilter<\/strong><\/li>\n<li>BMW 1er Reihe 116D =<br \/>Motor\u00f6l:\u00a0<strong>SAE<\/strong> <strong>5w30 <\/strong><strong><br \/><\/strong>Intervall:<strong> 30.000 km oder nach maximal 24 Monaten<br \/><\/strong>Menge<strong>: 5,2 Liter + 0,4 Liter im \u00d6lfilter<\/strong><\/li>\n<li>BMW 1er Serie 118D =<br \/>Motor\u00f6l:\u00a0<strong>SAE<\/strong> <strong>5w30 <\/strong><strong><br \/><\/strong>Intervall:<strong> 30.000 km oder nach maximal 24 Monaten<br \/><\/strong>Menge<strong>: 5 Liter + 0,4 Liter im \u00d6lfilter<\/strong><\/li>\n<li>BMW 1er Serie 120D =<br \/>Motor\u00f6l:\u00a0<strong>SAE<\/strong> <strong>5w30 <\/strong><strong><br \/><\/strong>Intervall:<strong> 30.000 km oder nach maximal 24 Monaten<br \/><\/strong>Menge<strong>: 5 Liter + 0,4 Liter im \u00d6lfilter<\/strong><\/li>\n<li>BMW 1er 125D =<br \/>Motor\u00f6l:\u00a0<strong>SAE<\/strong> <strong>5w30 <\/strong><strong><br \/><\/strong>Intervall:<strong> 30.000 km oder nach maximal 24 Monaten<br \/><\/strong>Menge<strong>: 5,2 Liter + 0,4 Liter im \u00d6lfilter<\/strong><\/li>\n<\/ul>\n<h2>Motor\u00f6l BMW 1er (F40) Benzin BJ 2019 -<\/h2>\n<ul>\n<li>BMW 1er Serie 116i =<br \/>Motor\u00f6l:\u00a0<strong>SAE<\/strong> <strong>5w30 oder 0w20 <\/strong><strong><br \/><\/strong>Intervall:<strong> 30.000 km oder nach maximal 24 Monaten<br \/><\/strong>Menge<strong>: 4,5 Liter + 0,4 Liter im \u00d6lfilter<\/strong><\/li>\n<li>BMW 1er 118i =<br \/>Motor\u00f6l:\u00a0<strong>SAE<\/strong> <strong>5w30 oder 0w20 <\/strong><strong><br \/><\/strong>Intervall:<strong> 30.000 km oder nach maximal 24 Monaten<br \/><\/strong>Menge<strong>: 4,5 Liter + 0,4 Liter im \u00d6lfilter<\/strong><\/li>\n<li>BMW 1er 120i =<br \/>Motor\u00f6l:\u00a0<strong>SAE<\/strong> <strong>5w30 oder 0w20 <\/strong><strong><br \/><\/strong>Intervall:<strong> 30.000 km oder nach maximal 24 Monaten<br \/><\/strong>Menge<strong>: 5,25 Liter + 0,4 Liter im \u00d6lfilter<\/strong><\/li>\n<li>BMW 1er 128ti =<br \/>Motor\u00f6l:\u00a0<strong>SAE<\/strong> <strong>5w30 oder 0w20 <\/strong><strong><br \/><\/strong>Intervall:<strong> 30.000 km oder nach maximal 24 Monaten<br \/><\/strong>Menge<strong>: 5,25 Liter + 0,4 Liter im \u00d6lfilter<\/strong><\/li>\n<li>BMW 1er M135I Xdrive =<br \/>Motor\u00f6l:\u00a0<strong>SAE<\/strong> <strong>5w30 oder 0w20 <\/strong><strong><br \/><\/strong>Intervall:<strong> 30.000 km oder nach maximal 24 Monaten<br \/><\/strong>Menge<strong>: 5,25 Liter + 0,4 Liter im \u00d6lfilter<\/strong><\/li>\n<\/ul>\n<h2>Motor\u00f6l BMW 1er (F40) Diesel BJ 2019 -<\/h2>\n<ul>\n<li>BMW 1er 116d =<br \/>Motor\u00f6l:\u00a0<strong>SAE<\/strong> <strong>5w30 oder 0w30 <\/strong><strong><br \/><\/strong>Intervall:<strong> 25.000 km oder nach maximal 24 Monaten<br \/><\/strong>Menge<strong>: 4,8 Liter + 0,4 Liter im \u00d6lfilter<\/strong><\/li>\n<li>BMW 1er 118d =<br \/>Motor\u00f6l:\u00a0<strong>SAE<\/strong> <strong>5w30 oder 0w30 <\/strong><strong><br \/><\/strong>Intervall:<strong> 25.000 km oder nach maximal 24 Monaten<br \/><\/strong>Menge<strong>: 5,5 Liter + 0,4 Liter im \u00d6lfilter<\/strong><\/li>\n<li>BMW 1er 118d =<br \/>Motor\u00f6l:\u00a0<strong>SAE<\/strong> <strong>5w30 oder 0w30 <\/strong><strong><br \/><\/strong>Intervall:<strong> 25.000 km oder nach maximal 24 Monaten<br \/><\/strong>Menge<strong>: 5,5 Liter + 0,4 Liter im \u00d6lfilter<\/strong><\/li>\n<\/ul>\n<p>[\/et_pb_text][\/et_pb_column][et_pb_column type=\"1_4\u2033 _builder_version=\"3.25\u2033 custom_padding=\"|||\" global_colors_info=\"{}\" custom_padding__hover=\"|||\"][et_pb_code _builder_version=\"4.14.8\u2033 _module_preset=\"default\" global_module=\"121601\u2033 saved_tabs=\"all\" global_colors_info=\"{}\"]bloom test[\/et_pb_code][\/et_pb_column][\/et_pb_row][et_pb_row _builder_version=\"4.14.8\u2033 _module_preset=\"default\" global_colors_info=\"{}\"][et_pb_column type=\"4_4\u2033 _builder_version=\"4.14.8\u2033 _module_preset=\"default\" global_colors_info=\"{}\"][et_pb_code _builder_version=\"4.14.8\u2033 _module_preset=\"default\" global_module=\"121632\u2033 saved_tabs=\"all\" global_colors_info=\"{}\"]products[\/et_pb_code][\/et_pb_column][\/et_pb_row][\/et_pb_section]<\/p>","protected":false},"excerpt":{"rendered":"<p>Welches Motor\u00f6l BMW 1erDer BMW 1er ist seit 2004 auf den niederl\u00e4ndischen Stra\u00dfen unterwegs und ist eine echte Erfolgsnummer von BMW. Dieses Modell ist als sehr zuverl\u00e4ssig bekannt, lesen Sie auch unsere Kaufberatung BMW 1er-Serie. Und nat\u00fcrlich ist es auch wichtig, das Motor\u00f6l auf Zeit zu \u00e4ndern, um Motorverschlei\u00df zu verhindern und sicherzustellen, [...]<\/p>","protected":false},"author":1,"featured_media":0,"parent":0,"menu_order":0,"comment_status":"closed","ping_status":"closed","template":"","meta":{"_et_pb_use_builder":"on","_et_pb_old_content":"","_et_gb_content_width":"","footnotes":""},"class_list":["post-121763","page","type-page","status-publish","hentry"],"yoast_head":"<!-- This site is optimized with the Yoast SEO plugin v27.3 - https:\/\/yoast.com\/product\/yoast-seo-wordpress\/ -->\n<title>Welke motorolie BMW 1 serie ? o.a. 116 i\/d. 118 i\/d en 120i\/d plus de M&#039;s<\/title>\n<meta name=\"description\" content=\"Motorolie voor een BMW 1 serie nodig? Bij of hier of jouw auto 5w30 0w30 of 0w20 nodig heeft. E81, E82, E87 en F20\/21 - F40\" \/>\n<meta name=\"robots\" content=\"index, follow, max-snippet:-1, max-image-preview:large, max-video-preview:-1\" \/>\n<link rel=\"canonical\" href=\"https:\/\/autobaak.nl\/de\/welches-motorol-bmw-1-series\/\" \/>\n<meta property=\"og:locale\" content=\"de_DE\" \/>\n<meta property=\"og:type\" content=\"article\" \/>\n<meta property=\"og:title\" content=\"Welke motorolie BMW 1 serie ? o.a. 116 i\/d. 118 i\/d en 120i\/d plus de M&#039;s\" \/>\n<meta property=\"og:description\" content=\"Motorolie voor een BMW 1 serie nodig? Bij of hier of jouw auto 5w30 0w30 of 0w20 nodig heeft. E81, E82, E87 en F20\/21 - F40\" \/>\n<meta property=\"og:url\" content=\"https:\/\/autobaak.nl\/de\/welches-motorol-bmw-1-series\/\" \/>\n<meta property=\"og:site_name\" content=\"Autobaak.nl\" \/>\n<meta property=\"article:modified_time\" content=\"2022-03-05T10:03:09+00:00\" \/>\n<meta name=\"twitter:card\" content=\"summary_large_image\" \/>\n<meta name=\"twitter:label1\" content=\"Gesch\u00e4tzte Lesezeit\" \/>\n\t<meta name=\"twitter:data1\" content=\"5\u00a0Minuten\" \/>\n<script type=\"application\/ld+json\" class=\"yoast-schema-graph\">{\"@context\":\"https:\\\/\\\/schema.org\",\"@graph\":[{\"@type\":\"WebPage\",\"@id\":\"https:\\\/\\\/autobaak.nl\\\/welke-motorolie-bmw-1-serie\\\/\",\"url\":\"https:\\\/\\\/autobaak.nl\\\/welke-motorolie-bmw-1-serie\\\/\",\"name\":\"Welke motorolie BMW 1 serie ? o.a. 116 i\\\/d. 118 i\\\/d en 120i\\\/d plus de M's\",\"isPartOf\":{\"@id\":\"https:\\\/\\\/autobaak.nl\\\/#website\"},\"datePublished\":\"2022-03-05T10:03:04+00:00\",\"dateModified\":\"2022-03-05T10:03:09+00:00\",\"description\":\"Motorolie voor een BMW 1 serie nodig? Bij of hier of jouw auto 5w30 0w30 of 0w20 nodig heeft. E81, E82, E87 en F20\\\/21 - F40\",\"breadcrumb\":{\"@id\":\"https:\\\/\\\/autobaak.nl\\\/welke-motorolie-bmw-1-serie\\\/#breadcrumb\"},\"inLanguage\":\"de\",\"potentialAction\":[{\"@type\":\"ReadAction\",\"target\":[\"https:\\\/\\\/autobaak.nl\\\/welke-motorolie-bmw-1-serie\\\/\"]}]},{\"@type\":\"BreadcrumbList\",\"@id\":\"https:\\\/\\\/autobaak.nl\\\/welke-motorolie-bmw-1-serie\\\/#breadcrumb\",\"itemListElement\":[{\"@type\":\"ListItem\",\"position\":1,\"name\":\"Home\",\"item\":\"https:\\\/\\\/autobaak.nl\\\/\"},{\"@type\":\"ListItem\",\"position\":2,\"name\":\"Welke motorolie BMW 1 serie\"}]},{\"@type\":\"WebSite\",\"@id\":\"https:\\\/\\\/autobaak.nl\\\/#website\",\"url\":\"https:\\\/\\\/autobaak.nl\\\/\",\"name\":\"Autobaak.nl\",\"description\":\"Cars &amp; Racing\",\"potentialAction\":[{\"@type\":\"SearchAction\",\"target\":{\"@type\":\"EntryPoint\",\"urlTemplate\":\"https:\\\/\\\/autobaak.nl\\\/?s={search_term_string}\"},\"query-input\":{\"@type\":\"PropertyValueSpecification\",\"valueRequired\":true,\"valueName\":\"search_term_string\"}}],\"inLanguage\":\"de\"}]}<\/script>\n<!-- \/ Yoast SEO plugin. -->","yoast_head_json":{"title":"Welches Motor\u00f6l BMW 1er ? einschlie\u00dflich 116 i\/d. 118 i\/d und 120i\/d plus die M's","description":"Sie ben\u00f6tigen Motor\u00f6l f\u00fcr einen BMW 1er? Bei oder hier, ob Ihr Auto 5w30 0w30 oder 0w20 braucht. E81, E82, E87 und F20\/21 - F40","robots":{"index":"index","follow":"follow","max-snippet":"max-snippet:-1","max-image-preview":"max-image-preview:large","max-video-preview":"max-video-preview:-1"},"canonical":"https:\/\/autobaak.nl\/de\/welches-motorol-bmw-1-series\/","og_locale":"de_DE","og_type":"article","og_title":"Welke motorolie BMW 1 serie ? o.a. 116 i\/d. 118 i\/d en 120i\/d plus de M's","og_description":"Motorolie voor een BMW 1 serie nodig? Bij of hier of jouw auto 5w30 0w30 of 0w20 nodig heeft. E81, E82, E87 en F20\/21 - F40","og_url":"https:\/\/autobaak.nl\/de\/welches-motorol-bmw-1-series\/","og_site_name":"Autobaak.nl","article_modified_time":"2022-03-05T10:03:09+00:00","twitter_card":"summary_large_image","twitter_misc":{"Gesch\u00e4tzte Lesezeit":"5\u00a0Minuten"},"schema":{"@context":"https:\/\/schema.org","@graph":[{"@type":"WebPage","@id":"https:\/\/autobaak.nl\/welke-motorolie-bmw-1-serie\/","url":"https:\/\/autobaak.nl\/welke-motorolie-bmw-1-serie\/","name":"Welches Motor\u00f6l BMW 1er ? einschlie\u00dflich 116 i\/d. 118 i\/d und 120i\/d plus die M's","isPartOf":{"@id":"https:\/\/autobaak.nl\/#website"},"datePublished":"2022-03-05T10:03:04+00:00","dateModified":"2022-03-05T10:03:09+00:00","description":"Sie ben\u00f6tigen Motor\u00f6l f\u00fcr einen BMW 1er? Bei oder hier, ob Ihr Auto 5w30 0w30 oder 0w20 braucht. E81, E82, E87 und F20\/21 - F40","breadcrumb":{"@id":"https:\/\/autobaak.nl\/welke-motorolie-bmw-1-serie\/#breadcrumb"},"inLanguage":"de","potentialAction":[{"@type":"ReadAction","target":["https:\/\/autobaak.nl\/welke-motorolie-bmw-1-serie\/"]}]},{"@type":"BreadcrumbList","@id":"https:\/\/autobaak.nl\/welke-motorolie-bmw-1-serie\/#breadcrumb","itemListElement":[{"@type":"ListItem","position":1,"name":"Home","item":"https:\/\/autobaak.nl\/"},{"@type":"ListItem","position":2,"name":"Welke motorolie BMW 1 serie"}]},{"@type":"WebSite","@id":"https:\/\/autobaak.nl\/#website","url":"https:\/\/autobaak.nl\/","name":"Autobook.de","description":"Autos &amp; Rennsport","potentialAction":[{"@type":"SearchAction","target":{"@type":"EntryPoint","urlTemplate":"https:\/\/autobaak.nl\/?s={search_term_string}"},"query-input":{"@type":"PropertyValueSpecification","valueRequired":true,"valueName":"search_term_string"}}],"inLanguage":"de"}]}},"_links":{"self":[{"href":"https:\/\/autobaak.nl\/de\/wp-json\/wp\/v2\/pages\/121763","targetHints":{"allow":["GET"]}}],"collection":[{"href":"https:\/\/autobaak.nl\/de\/wp-json\/wp\/v2\/pages"}],"about":[{"href":"https:\/\/autobaak.nl\/de\/wp-json\/wp\/v2\/types\/page"}],"author":[{"embeddable":true,"href":"https:\/\/autobaak.nl\/de\/wp-json\/wp\/v2\/users\/1"}],"replies":[{"embeddable":true,"href":"https:\/\/autobaak.nl\/de\/wp-json\/wp\/v2\/comments?post=121763"}],"version-history":[{"count":0,"href":"https:\/\/autobaak.nl\/de\/wp-json\/wp\/v2\/pages\/121763\/revisions"}],"wp:attachment":[{"href":"https:\/\/autobaak.nl\/de\/wp-json\/wp\/v2\/media?parent=121763"}],"curies":[{"name":"wp","href":"https:\/\/api.w.org\/{rel}","templated":true}]}}