{"id":121776,"date":"2022-03-06T18:21:18","date_gmt":"2022-03-06T18:21:18","guid":{"rendered":"https:\/\/autobaak.nl\/?page_id=121776"},"modified":"2022-03-06T18:22:29","modified_gmt":"2022-03-06T18:22:29","slug":"motorol-bmw-3-serie-e46-e90-f30-g20-21","status":"publish","type":"page","link":"https:\/\/autobaak.nl\/de\/motorol-bmw-3-serie-e46-e90-f30-g20-21\/","title":{"rendered":"Motor\u00f6l BMW 3er (e46, e90, F30, G20\/21)"},"content":{"rendered":"<p>[et_pb_section fb_built=\"1\u2033 custom_padding_last_edited=\"on|desktop\" admin_label=\"Section\" _builder_version=\"3.22\u2033 background_colour=\"#0c71c3\u2033 custom_padding_tablet=\"50px|0|50px|0\u2033 custom_padding_phone=\"50px|0|50px|0\u2033 transparent_background=\"off\" padding_mobile=\"off\" make_fullwidth=\"off\" use_custom_width=\"off\" width_unit=\"on\" global_colors_info=\"{}\"][et_pb_row admin_label=\"Row\" _builder_version=\"3.25\u2033 background_size=\"initial\" background_position=\"top_left\" background_repeat=\"repeat\" global_colors_info=\"{}\"][et_pb_column type=\"4_4\u2033 _builder_version=\"3.25\u2033 custom_padding=\"|||\" global_colors_info=\"{}\" custom_padding__hover=\"|||\"][et_pb_text admin_label=\"Text\" _builder_version=\"4.14.8\u2033 background_size=\"initial\" background_position=\"top_left\" background_repeat=\"repeat\" text_orientation=\"centre\" background_layout=\"dark\" module_alignment=\"centre\" use_border_color=\"off\" border_color=\"#ffffff\" border_style=\"solid\" global_colors_info=\"{}\"][et_pb_text admin_label=\"text<\/p>\n<h1 style=\"text-align: center;\">Welches Motor\u00f6l BMW 3er-Serie<\/h1>\n<p>[\/et_pb_text][\/et_pb_column][\/et_pb_row][\/et_pb_section][et_pb_section fb_built=\"1\u2033 admin_label=\"Section\" _builder_version=\"3.22\u2033 global_colors_info=\"{}\"][et_pb_row column_structure=\"3_4,1_4\u2033 admin_label=\"Row\" _builder_version=\"3.25\u2033 background_size=\"initial\" background_position=\"top_left\" background_repeat=\"repeat\" global_colors_info=\"{}\"][et_pb_column type=\"3_4\u2033 _builder_version=\"3.25\u2033 custom_padding=\"|||\" global_colors_info=\"{}\" custom_padding__hover=\"|||\"][et_pb_text admin_label=\"Text\" _builder_version=\"4.14.8\u2033 background_size=\"initial\" background_position=\"top_left\" background_repeat=\"repeat\" use_border_color=\"off\" border_color=\"#ffffff\" border_style=\"solid\" global_colors_info=\"{}\"]<\/p>\n<p>Die BMW 3er Reihe hat eine lange Geschichte. Dieses Modell war schon immer beliebt, sowohl als Limousine, als Coup\u00e9 und als Touring. Die meisten 3er sind als zuverl\u00e4ssig bekannt, lesen Sie auch unsere <a href=\"https:\/\/autobaak.nl\/de\/bmw-3-series-e46-probleme-und-kaufberatung\/\">BMW 3er e46 Kaufberatung<\/a>. Nat\u00fcrlich ist es auch wichtig, das Motor\u00f6l rechtzeitig zu wechseln, um Motorverschlei\u00df vorzubeugen und einen reibungslosen Betrieb des Motors zu gew\u00e4hrleisten. Der rechtzeitige Wechsel des Motor\u00f6ls senkt auch den Verbrauch und die Emissionen. Hier erfahren Sie, welches Motor\u00f6l Ihr BMW 3er (E46, E90\/E91, F30\/F31, G20\/G21) ben\u00f6tigt:<\/p>\n<p>[\/et_pb_text][et_pb_text admin_label=\"Text\" _builder_version=\"4.14.8\u2033 background_size=\"initial\" background_position=\"top_left\" background_repeat=\"repeat\" hover_enabled=\"0\u2033 use_border_color=\"off\" border_color=\"#ffffff\" border_style=\"solid\" global_colors_info=\"{}\" sticky_enabled=\"0\u2033]<\/p>\n<h2>Motor\u00f6l BMW 3er e46 Benzin und Diesel (1998-2006)<strong><br \/><\/strong><\/h2>\n<ul>\n<li>BMW 3er 316i E46 =<br \/>Motor\u00f6l:\u00a0<strong>SAE<\/strong> <strong>5w30 <\/strong><strong><br \/><\/strong>Intervall:<strong> 20.000 km oder nach maximal 24 Monaten<br \/><\/strong>Menge<strong>: 4,25 Liter + 0,4 Liter im \u00d6lfilter<\/strong><\/li>\n<li>BMW 3er 318i E46 =<br \/>Motor\u00f6l:\u00a0<strong>SAE<\/strong> <strong>5w30 <\/strong><strong><br \/><\/strong>Intervall:<strong> 20.000 km oder nach maximal 24 Monaten<br \/><\/strong>Menge<strong>: 4,25 Liter + 0,4 Liter im \u00d6lfilter<\/strong><\/li>\n<li>BMW 3er 320i E46 =<br \/>Motor\u00f6l:\u00a0<strong>SAE<\/strong> <strong>5w30 <\/strong><strong><br \/><\/strong>Intervall:<strong> 20.000 km oder nach maximal 24 Monaten<br \/><\/strong>Menge<strong>: 6,5 Liter + 0,4 Liter im \u00d6lfilter<\/strong><\/li>\n<li>BMW 3er 320i E46 =<br \/>Motor\u00f6l:\u00a0<strong>SAE<\/strong> <strong>5w30 <\/strong><strong><br \/><\/strong>Intervall:<strong> 20.000 km oder nach maximal 24 Monaten<br \/><\/strong>Menge<strong>: 6,5 Liter + 0,4 Liter im \u00d6lfilter<\/strong><\/li>\n<li>BMW 3er 323i E46 =<br \/>Motor\u00f6l:\u00a0<strong>SAE<\/strong> <strong>5w30 <\/strong><strong><br \/><\/strong>Intervall:<strong> 20.000 km oder nach maximal 24 Monaten<br \/><\/strong>Menge<strong>: 6,5 Liter + 0,4 Liter im \u00d6lfilter<\/strong><\/li>\n<li>BMW 3er 325i E46 =<br \/>Motor\u00f6l:\u00a0<strong>SAE<\/strong> <strong>5w30 <\/strong><strong><br \/><\/strong>Intervall:<strong> 20.000 km oder nach maximal 24 Monaten<br \/><\/strong>Menge<strong>: 6,5 Liter + 0,4 Liter im \u00d6lfilter<\/strong><\/li>\n<li>BMW 3er 330i E46 =<br \/>Motor\u00f6l:\u00a0<strong>SAE<\/strong> <strong>5w30 <\/strong><strong><br \/><\/strong>Intervall:<strong> 20.000 km oder nach maximal 24 Monaten<br \/><\/strong>Menge<strong>: 6,5 Liter + 0,4 Liter im \u00d6lfilter<\/strong><\/li>\n<li>BMW 3er M3 E46 =<br \/>Motor\u00f6l:\u00a0<strong>SAE<\/strong> <strong>10w60<br \/><\/strong>Intervall:<strong> 20.000 km oder nach maximal 24 Monaten<br \/><\/strong>Menge<strong>: 5,5 Liter + 0,4 Liter im \u00d6lfilter<\/strong><\/li>\n<li>BMW 3er 318d E46 =<br \/>Motor\u00f6l:\u00a0<strong>SAE<\/strong> <strong>5w30 <\/strong><strong><br \/><\/strong>Intervall:<strong> 20.000 km oder nach maximal 24 Monaten<br \/><\/strong>Menge<strong>: 5 Liter + 0,4 Liter im \u00d6lfilter<\/strong><\/li>\n<li>BMW 3er 320d E46 =<br \/>Motor\u00f6l:\u00a0<strong>SAE<\/strong> <strong>5w30 <\/strong><strong><br \/><\/strong>Intervall:<strong> 20.000 km oder nach maximal 24 Monaten<br \/><\/strong>Menge<strong>: 5 Liter + 0,4 Liter im \u00d6lfilter<\/strong><\/li>\n<li>BMW 3er 330d E46 =<br \/>Motor\u00f6l:\u00a0<strong>SAE<\/strong> <strong>5w30 <\/strong><strong><br \/><\/strong>Intervall:<strong> 20.000 km oder nach maximal 24 Monaten<br \/><\/strong>Menge<strong>: 6,75 Liter + 0,4 Liter im \u00d6lfilter<\/strong><\/li>\n<\/ul>\n<h2>Motor\u00f6l BMW 3er e90\/91\/92 Benzin und Diesel (2004-2013)<strong><br \/><\/strong><\/h2>\n<ul>\n<li>BMW 3er 316i E90\/91\/92 =<br \/>Motor\u00f6l:\u00a0<strong>SAE<\/strong> <strong>5w30 <\/strong><strong><br \/><\/strong>Intervall:<strong> 25.000 km oder nach maximal 24 Monaten<br \/><\/strong>Menge<strong>: 4,25 Liter + 0,4 Liter im \u00d6lfilter<\/strong><\/li>\n<li>BMW 3er 318i E90\/91\/92 =<br \/>Motor\u00f6l:\u00a0<strong>SAE<\/strong> <strong>5w30 <\/strong><strong><br \/><\/strong>Intervall:<strong> 25.000 km oder nach maximal 24 Monaten<br \/><\/strong>Menge<strong>: 4,25 Liter + 0,4 Liter im \u00d6lfilter<\/strong><\/li>\n<li>BMW 3er 320i E90\/91\/92 =<br \/>Motor\u00f6l:\u00a0<strong>SAE<\/strong> <strong>5w30 <\/strong><strong><br \/><\/strong>Intervall:<strong> 25.000 km oder nach maximal 24 Monaten<br \/><\/strong>Menge<strong>: 4,25 Liter + 0,4 Liter im \u00d6lfilter<\/strong><\/li>\n<li>BMW 3er 323i E90\/91\/92 =<br \/>Motor\u00f6l:\u00a0<strong>SAE<\/strong> <strong>5w30 <\/strong><strong><br \/><\/strong>Intervall:<strong> 25.000 km oder nach maximal 24 Monaten<br \/><\/strong>Menge<strong>: 6,5 Liter + 0,4 Liter im \u00d6lfilter<\/strong><\/li>\n<li>BMW 3er 325i E90\/91\/92 =<br \/>Motor\u00f6l:\u00a0<strong>SAE<\/strong> <strong>5w30 <\/strong><strong><br \/><\/strong>Intervall:<strong> 25.000 km oder nach maximal 24 Monaten<br \/><\/strong>Menge<strong>: 6,5 Liter + 0,4 Liter im \u00d6lfilter<\/strong><\/li>\n<li>BMW 3er 330i E90\/91\/92 =<br \/>Motor\u00f6l:\u00a0<strong>SAE<\/strong> <strong>5w30 <\/strong><strong><br \/><\/strong>Intervall:<strong> 25.000 km oder nach maximal 24 Monaten<br \/><\/strong>Menge<strong>: 6,5 Liter + 0,4 Liter im \u00d6lfilter<\/strong><\/li>\n<li>BMW 3er 335i E90\/91\/92 =<br \/>Motor\u00f6l:\u00a0<strong>SAE<\/strong> <strong>5w30 <\/strong><strong><br \/><\/strong>Intervall:<strong> 25.000 km oder nach maximal 24 Monaten<br \/><\/strong>Menge<strong>: 6,5 Liter + 0,4 Liter im \u00d6lfilter<\/strong><\/li>\n<li>BMW 3er M3 E90\/91\/92 =<br \/>Motor\u00f6l:\u00a0<strong>SAE<\/strong> <strong>10w60<br \/><\/strong>Intervall:<strong> 25.000 km oder nach maximal 24 Monaten<br \/><\/strong>Menge<strong>: 8,8 Liter + 0,4 Liter im \u00d6lfilter<\/strong><\/li>\n<li>BMW 3er 318d E90\/91\/92 =<br \/>Motor\u00f6l:\u00a0<strong>SAE<\/strong> <strong>5w30 <\/strong><strong><br \/><\/strong>Intervall:<strong> 30.000 km oder nach maximal 24 Monaten<br \/><\/strong>Menge<strong>: 5,2 Liter + 0,4 Liter im \u00d6lfilter<\/strong><\/li>\n<li>BMW 3er 320d E90\/91\/92 =<br \/>Motor\u00f6l:\u00a0<strong>SAE<\/strong> <strong>5w30 <\/strong><strong><br \/><\/strong>Intervall:<strong> 30.000 km oder nach maximal 24 Monaten<br \/><\/strong>Menge<strong>: 5,2 Liter + 0,4 Liter im \u00d6lfilter<\/strong><\/li>\n<li>BMW 3er 325d E90\/91\/92 =<br \/>Motor\u00f6l:\u00a0<strong>SAE<\/strong> <strong>5w30 <\/strong><strong><br \/><\/strong>Intervall:<strong> 30.000 km oder nach maximal 24 Monaten<br \/><\/strong>Menge<strong>: 7,5 Liter + 0,4 Liter im \u00d6lfilter<\/strong><\/li>\n<li>BMW 3er 325d E90\/91\/92 =<br \/>Motor\u00f6l:\u00a0<strong>SAE<\/strong> <strong>5w30 <\/strong><strong><br \/><\/strong>Intervall:<strong> 30.000 km oder nach maximal 24 Monaten<br \/><\/strong>Menge<strong>: 7,5 Liter + 0,4 Liter im \u00d6lfilter<\/strong><\/li>\n<li>BMW 3er 330d E90\/91\/92 =<br \/>Motor\u00f6l:\u00a0<strong>SAE<\/strong> <strong>5w30 <\/strong><strong><br \/><\/strong>Intervall:<strong> 30.000 km oder nach maximal 24 Monaten<br \/><\/strong>Menge<strong>: 7,5 Liter + 0,4 Liter im \u00d6lfilter<\/strong><\/li>\n<li>BMW 3er 335d E90\/91\/92 =<br \/>Motor\u00f6l:\u00a0<strong>SAE<\/strong> <strong>5w30 <\/strong><strong><br \/><\/strong>Intervall:<strong> 30.000 km oder nach maximal 24 Monaten<br \/><\/strong>Menge<strong>: 7,5 Liter + 0,4 Liter im \u00d6lfilter<\/strong><\/li>\n<\/ul>\n<h2>Motor\u00f6l BMW 3er F30\/31 und F80 Benzin und Diesel (2012-2019)<\/h2>\n<ul>\n<li>BMW 3er 316i F30\/31 und F80 =<br \/>Motor\u00f6l:\u00a0<strong>SAE<\/strong> <strong>5w30 <\/strong><strong><br \/><\/strong>Intervall:<strong> 30.000 km oder nach maximal 24 Monaten<br \/><\/strong>Menge<strong>: 4,2 Liter + 0,4 Liter im \u00d6lfilter<\/strong><\/li>\n<li>BMW 3er 318i F30\/31 und F80 =<br \/>Motor\u00f6l:\u00a0<strong>SAE<\/strong> <strong>5w30 <\/strong><strong><br \/><\/strong>Intervall:<strong> 30.000 km oder nach maximal 24 Monaten<br \/><\/strong>Menge<strong>: 4,2 Liter + 0,4 Liter im \u00d6lfilter<\/strong><\/li>\n<li>BMW 3er 320i F30\/31 und F80 =<br \/>Motor\u00f6l:\u00a0<strong>SAE<\/strong> <strong>0w20 <\/strong><strong><br \/><\/strong>Intervall:<strong> 30.000 km oder nach maximal 24 Monaten<br \/><\/strong>Menge<strong>: 5 Liter + 0,4 Liter im \u00d6lfilter<\/strong><\/li>\n<li>BMW 3er 328i F30\/31 und F80 =<br \/>Motor\u00f6l:\u00a0<strong>SAE<\/strong> <strong>0w20 <\/strong><strong><br \/><\/strong>Intervall:<strong> 30.000 km oder nach maximal 24 Monaten<br \/><\/strong>Menge<strong>: 5 Liter + 0,4 Liter im \u00d6lfilter<\/strong><\/li>\n<li>BMW 3er 328i F30\/31 und F80 =<br \/>Motor\u00f6l:\u00a0<strong>SAE<\/strong> <strong>0w20 <\/strong><strong><br \/><\/strong>Intervall:<strong> 30.000 km oder nach maximal 24 Monaten<br \/><\/strong>Menge<strong>: 5 Liter + 0,4 Liter im \u00d6lfilter<\/strong><\/li>\n<li>BMW 3er 330i F30\/31 und F80 =<br \/>Motor\u00f6l:\u00a0<strong>SAE<\/strong> <strong>0w20 <\/strong><strong><br \/><\/strong>Intervall:<strong> 30.000 km oder nach maximal 24 Monaten<br \/><\/strong>Menge<strong>: 5 Liter + 0,4 Liter im \u00d6lfilter<\/strong><\/li>\n<li>BMW 3er 335i F30\/31 und F80 =<br \/>Motor\u00f6l:\u00a0<strong>SAE<\/strong> <strong>5w30<br \/><\/strong>Intervall:<strong> 30.000 km oder nach maximal 24 Monaten<br \/><\/strong>Menge<strong>: 6,5 Liter + 0,4 Liter im \u00d6lfilter<\/strong><\/li>\n<li>BMW 3er 318d F30\/31 und F80 =<br \/>Motor\u00f6l:\u00a0<strong>SAE<\/strong> <strong>5w30 <\/strong><strong><br \/><\/strong>Intervall:<strong> 30.000 km oder nach maximal 24 Monaten<br \/><\/strong>Menge<strong>: 5 Liter + 0,4 Liter im \u00d6lfilter<\/strong><\/li>\n<li>BMW 3er 320d F30\/31 und F80 =<br \/>Motor\u00f6l:\u00a0<strong>SAE<\/strong> <strong>5w30 <\/strong><strong><br \/><\/strong>Intervall:<strong> 30.000 km oder nach maximal 24 Monaten<br \/><\/strong>Menge<strong>: 5 Liter + 0,4 Liter im \u00d6lfilter<\/strong><\/li>\n<li>BMW 3er 325d F30\/31 und F80 =<br \/>Motor\u00f6l:\u00a0<strong>SAE<\/strong> <strong>5w30 <\/strong><strong><br \/><\/strong>Intervall:<strong> 30.000 km oder nach maximal 24 Monaten<br \/><\/strong>Menge<strong>: 5 Liter + 0,4 Liter im \u00d6lfilter<\/strong><\/li>\n<li>BMW 3er 330d F30\/31 und F80 =<br \/>Motor\u00f6l:\u00a0<strong>SAE<\/strong> <strong>5w30 <\/strong><strong><br \/><\/strong>Intervall:<strong> 30.000 km oder nach maximal 24 Monaten<br \/><\/strong>Menge<strong>7 Liter + 0,4 Liter im \u00d6lfilter<\/strong><\/li>\n<li>BMW 3er 335d F30\/31 und F80 =<br \/>Motor\u00f6l:\u00a0<strong>SAE<\/strong> <strong>5w30 <\/strong><strong><br \/><\/strong>Intervall:<strong> 30.000 km oder nach maximal 24 Monaten<br \/><\/strong>Menge<strong>7 Liter + 0,4 Liter im \u00d6lfilter<\/strong><\/li>\n<\/ul>\n<h2>Motor\u00f6l BMW 3er G20\/21 und G80 Benzin und Diesel (2019-)<\/h2>\n<ul>\n<li>BMW 3er 320 G20\/21 und G80 =<br \/>Motor\u00f6l:\u00a0<strong>SAE<\/strong> <strong>0w20 <\/strong><strong><br \/><\/strong>Intervall:<strong> 30.000 km oder nach maximal 24 Monaten<br \/><\/strong>Menge<strong>: 5,25 Liter + 0,3 Liter im \u00d6lfilter<\/strong><\/li>\n<li>BMW 3er 330 G20\/21 und G80 =<br \/>Motor\u00f6l:\u00a0<strong>SAE<\/strong> <strong>0w20 <\/strong><strong><br \/><\/strong>Intervall:<strong> 30.000 km oder nach maximal 24 Monaten<br \/><\/strong>Menge<strong>: 5,25 Liter + 0,3 Liter im \u00d6lfilter<\/strong><\/li>\n<li>BMW 3er 340 G20\/21 und G80 =<br \/>Motor\u00f6l:\u00a0<strong>SAE<\/strong> <strong>0w20 <\/strong><strong><br \/><\/strong>Intervall:<strong> 30.000 km oder nach maximal 24 Monaten<br \/><\/strong>Menge<strong>: 7,2 Liter + 0,3 Liter im \u00d6lfilter<\/strong><\/li>\n<li>BMW M3 G20\/21 und G80 =<br \/>Motor\u00f6l:\u00a0<strong>SAE<\/strong> <strong>5w30<br \/><\/strong>Intervall:<strong> 30.000 km oder nach maximal 24 Monaten<br \/><\/strong>Menge<strong>7 Liter + 0,3 Liter im \u00d6lfilter<\/strong><\/li>\n<li>BMW 3er 316d G20\/21 und G80 =<br \/>Motor\u00f6l:\u00a0<strong>SAE<\/strong> <strong>5w30 <\/strong><strong><br \/><\/strong>Intervall:<strong> 25.000 km oder nach maximal 24 Monaten<br \/><\/strong>Menge<strong>: 5,5 Liter + 0,3 Liter im \u00d6lfilter<\/strong><\/li>\n<li>BMW 3er 318d G20\/21 und G80 =<br \/>Motor\u00f6l:\u00a0<strong>SAE<\/strong> <strong>5w30 <\/strong><strong><br \/><\/strong>Intervall:<strong> 25.000 km oder nach maximal 24 Monaten<br \/><\/strong>Menge<strong>: 5,5 Liter + 0,4 Liter im \u00d6lfilter<\/strong><\/li>\n<li>BMW 3er 320d G20\/21 und G80 =<br \/>Motor\u00f6l:\u00a0<strong>SAE<\/strong> <strong>5w30 <\/strong><strong><br \/><\/strong>Intervall:<strong> 25.000 km oder nach maximal 24 Monaten<br \/><\/strong>Menge<strong>: 5,5 Liter + 0,4 Liter im \u00d6lfilter<\/strong><\/li>\n<li>BMW 3er 330d G20\/21 und G80 =<br \/>Motor\u00f6l:\u00a0<strong>SAE<\/strong> <strong>5w30 <\/strong><strong><br \/><\/strong>Intervall:<strong> 25.000 km oder nach maximal 24 Monaten<br \/><\/strong>Menge<strong>7 Liter + 0,4 Liter im \u00d6lfilter<\/strong><\/li>\n<\/ul>\n<p>[\/et_pb_text][\/et_pb_column][et_pb_column type=\"1_4\u2033 _builder_version=\"3.25\u2033 custom_padding=\"|||\" global_colors_info=\"{}\" custom_padding__hover=\"|||\"][et_pb_code _builder_version=\"4.14.8\u2033 _module_preset=\"default\" global_module=\"121601\u2033 saved_tabs=\"all\" global_colors_info=\"{}\"]bloom test[\/et_pb_code][\/et_pb_column][\/et_pb_row][et_pb_row _builder_version=\"4.14.8\u2033 _module_preset=\"default\" global_colors_info=\"{}\"][et_pb_column type=\"4_4\u2033 _builder_version=\"4.14.8\u2033 _module_preset=\"default\" global_colors_info=\"{}\"][et_pb_code _builder_version=\"4.14.8\u2033 _module_preset=\"default\" global_module=\"121632\u2033 saved_tabs=\"all\" global_colors_info=\"{}\"]products[\/et_pb_code][\/et_pb_column][\/et_pb_row][\/et_pb_section]<\/p>","protected":false},"excerpt":{"rendered":"<p>Welche Motor\u00f6l BMW 5erDie BMW 5er-Serie hat eine reiche Geschichte. In der Tat war dieses Modell schon immer beliebt, sowohl als Limousine als auch als Touring. Die meisten 5er sind daf\u00fcr bekannt, zuverl\u00e4ssig zu sein, lesen Sie auch unsere Kaufberatung BMW 5er e60. Und nat\u00fcrlich ist es auch wichtig, das Motor\u00f6l rechtzeitig zu wechseln, um Motorverschlei\u00df zu vermeiden [...]<\/p>","protected":false},"author":1,"featured_media":0,"parent":0,"menu_order":0,"comment_status":"closed","ping_status":"closed","template":"","meta":{"_et_pb_use_builder":"on","_et_pb_old_content":"","_et_gb_content_width":"","footnotes":""},"class_list":["post-121776","page","type-page","status-publish","hentry"],"yoast_head":"<!-- This site is optimized with the Yoast SEO plugin v27.6 - https:\/\/yoast.com\/product\/yoast-seo-wordpress\/ -->\n<title>Welke Motorolie BMW 3 serie (e46, e90, F30, G20\/21) - Diesel en benzine<\/title>\n<meta name=\"description\" content=\"Motorolie voor een BMW 3 serie nodig? Bekijk het complete overzicht o.a. E46. E90 F30 en de nieuwe G20. Bekijk of je 5w30 of 0w20 nodig hebt\" \/>\n<meta name=\"robots\" content=\"index, follow, max-snippet:-1, max-image-preview:large, max-video-preview:-1\" \/>\n<link rel=\"canonical\" href=\"https:\/\/autobaak.nl\/de\/motorol-bmw-3-serie-e46-e90-f30-g20-21\/\" \/>\n<meta property=\"og:locale\" content=\"de_DE\" \/>\n<meta property=\"og:type\" content=\"article\" \/>\n<meta property=\"og:title\" content=\"Welke Motorolie BMW 3 serie (e46, e90, F30, G20\/21) - Diesel en benzine\" \/>\n<meta property=\"og:description\" content=\"Motorolie voor een BMW 3 serie nodig? Bekijk het complete overzicht o.a. E46. E90 F30 en de nieuwe G20. Bekijk of je 5w30 of 0w20 nodig hebt\" \/>\n<meta property=\"og:url\" content=\"https:\/\/autobaak.nl\/de\/motorol-bmw-3-serie-e46-e90-f30-g20-21\/\" \/>\n<meta property=\"og:site_name\" content=\"Autobaak.nl\" \/>\n<meta property=\"article:modified_time\" content=\"2022-03-06T18:22:29+00:00\" \/>\n<meta name=\"twitter:card\" content=\"summary_large_image\" \/>\n<meta name=\"twitter:label1\" content=\"Gesch\u00e4tzte Lesezeit\" \/>\n\t<meta name=\"twitter:data1\" content=\"7\u00a0Minuten\" \/>\n<script type=\"application\/ld+json\" class=\"yoast-schema-graph\">{\"@context\":\"https:\\\/\\\/schema.org\",\"@graph\":[{\"@type\":\"WebPage\",\"@id\":\"https:\\\/\\\/autobaak.nl\\\/motorolie-bmw-3-serie-e46-e90-f30-g20-21\\\/\",\"url\":\"https:\\\/\\\/autobaak.nl\\\/motorolie-bmw-3-serie-e46-e90-f30-g20-21\\\/\",\"name\":\"Welke Motorolie BMW 3 serie (e46, e90, F30, G20\\\/21) - Diesel en benzine\",\"isPartOf\":{\"@id\":\"https:\\\/\\\/autobaak.nl\\\/#website\"},\"datePublished\":\"2022-03-06T18:21:18+00:00\",\"dateModified\":\"2022-03-06T18:22:29+00:00\",\"description\":\"Motorolie voor een BMW 3 serie nodig? Bekijk het complete overzicht o.a. E46. E90 F30 en de nieuwe G20. Bekijk of je 5w30 of 0w20 nodig hebt\",\"breadcrumb\":{\"@id\":\"https:\\\/\\\/autobaak.nl\\\/motorolie-bmw-3-serie-e46-e90-f30-g20-21\\\/#breadcrumb\"},\"inLanguage\":\"de\",\"potentialAction\":[{\"@type\":\"ReadAction\",\"target\":[\"https:\\\/\\\/autobaak.nl\\\/motorolie-bmw-3-serie-e46-e90-f30-g20-21\\\/\"]}]},{\"@type\":\"BreadcrumbList\",\"@id\":\"https:\\\/\\\/autobaak.nl\\\/motorolie-bmw-3-serie-e46-e90-f30-g20-21\\\/#breadcrumb\",\"itemListElement\":[{\"@type\":\"ListItem\",\"position\":1,\"name\":\"Home\",\"item\":\"https:\\\/\\\/autobaak.nl\\\/\"},{\"@type\":\"ListItem\",\"position\":2,\"name\":\"Motorolie BMW 3 serie (e46, e90, F30, G20\\\/21)\"}]},{\"@type\":\"WebSite\",\"@id\":\"https:\\\/\\\/autobaak.nl\\\/#website\",\"url\":\"https:\\\/\\\/autobaak.nl\\\/\",\"name\":\"Autobaak.nl\",\"description\":\"Cars &amp; Racing\",\"potentialAction\":[{\"@type\":\"SearchAction\",\"target\":{\"@type\":\"EntryPoint\",\"urlTemplate\":\"https:\\\/\\\/autobaak.nl\\\/?s={search_term_string}\"},\"query-input\":{\"@type\":\"PropertyValueSpecification\",\"valueRequired\":true,\"valueName\":\"search_term_string\"}}],\"inLanguage\":\"de\"}]}<\/script>\n<!-- \/ Yoast SEO plugin. -->","yoast_head_json":{"title":"Welches Motor\u00f6l BMW 3er (e46, e90, F30, G20\/21) - Diesel und Benzin","description":"Sie ben\u00f6tigen Motor\u00f6l f\u00fcr einen BMW 3er? Werfen Sie einen Blick auf die vollst\u00e4ndige \u00dcbersicht, einschlie\u00dflich des E46. E90 F30 und der neue G20. Pr\u00fcfen Sie, ob Sie 5w30 oder 0w20 ben\u00f6tigen.","robots":{"index":"index","follow":"follow","max-snippet":"max-snippet:-1","max-image-preview":"max-image-preview:large","max-video-preview":"max-video-preview:-1"},"canonical":"https:\/\/autobaak.nl\/de\/motorol-bmw-3-serie-e46-e90-f30-g20-21\/","og_locale":"de_DE","og_type":"article","og_title":"Welke Motorolie BMW 3 serie (e46, e90, F30, G20\/21) - Diesel en benzine","og_description":"Motorolie voor een BMW 3 serie nodig? Bekijk het complete overzicht o.a. E46. E90 F30 en de nieuwe G20. Bekijk of je 5w30 of 0w20 nodig hebt","og_url":"https:\/\/autobaak.nl\/de\/motorol-bmw-3-serie-e46-e90-f30-g20-21\/","og_site_name":"Autobaak.nl","article_modified_time":"2022-03-06T18:22:29+00:00","twitter_card":"summary_large_image","twitter_misc":{"Gesch\u00e4tzte Lesezeit":"7\u00a0Minuten"},"schema":{"@context":"https:\/\/schema.org","@graph":[{"@type":"WebPage","@id":"https:\/\/autobaak.nl\/motorolie-bmw-3-serie-e46-e90-f30-g20-21\/","url":"https:\/\/autobaak.nl\/motorolie-bmw-3-serie-e46-e90-f30-g20-21\/","name":"Welches Motor\u00f6l BMW 3er (e46, e90, F30, G20\/21) - Diesel und Benzin","isPartOf":{"@id":"https:\/\/autobaak.nl\/#website"},"datePublished":"2022-03-06T18:21:18+00:00","dateModified":"2022-03-06T18:22:29+00:00","description":"Sie ben\u00f6tigen Motor\u00f6l f\u00fcr einen BMW 3er? Werfen Sie einen Blick auf die vollst\u00e4ndige \u00dcbersicht, einschlie\u00dflich des E46. E90 F30 und der neue G20. Pr\u00fcfen Sie, ob Sie 5w30 oder 0w20 ben\u00f6tigen.","breadcrumb":{"@id":"https:\/\/autobaak.nl\/motorolie-bmw-3-serie-e46-e90-f30-g20-21\/#breadcrumb"},"inLanguage":"de","potentialAction":[{"@type":"ReadAction","target":["https:\/\/autobaak.nl\/motorolie-bmw-3-serie-e46-e90-f30-g20-21\/"]}]},{"@type":"BreadcrumbList","@id":"https:\/\/autobaak.nl\/motorolie-bmw-3-serie-e46-e90-f30-g20-21\/#breadcrumb","itemListElement":[{"@type":"ListItem","position":1,"name":"Home","item":"https:\/\/autobaak.nl\/"},{"@type":"ListItem","position":2,"name":"Motorolie BMW 3 serie (e46, e90, F30, G20\/21)"}]},{"@type":"WebSite","@id":"https:\/\/autobaak.nl\/#website","url":"https:\/\/autobaak.nl\/","name":"Autobook.de","description":"Autos &amp; Rennsport","potentialAction":[{"@type":"SearchAction","target":{"@type":"EntryPoint","urlTemplate":"https:\/\/autobaak.nl\/?s={search_term_string}"},"query-input":{"@type":"PropertyValueSpecification","valueRequired":true,"valueName":"search_term_string"}}],"inLanguage":"de"}]}},"_links":{"self":[{"href":"https:\/\/autobaak.nl\/de\/wp-json\/wp\/v2\/pages\/121776","targetHints":{"allow":["GET"]}}],"collection":[{"href":"https:\/\/autobaak.nl\/de\/wp-json\/wp\/v2\/pages"}],"about":[{"href":"https:\/\/autobaak.nl\/de\/wp-json\/wp\/v2\/types\/page"}],"author":[{"embeddable":true,"href":"https:\/\/autobaak.nl\/de\/wp-json\/wp\/v2\/users\/1"}],"replies":[{"embeddable":true,"href":"https:\/\/autobaak.nl\/de\/wp-json\/wp\/v2\/comments?post=121776"}],"version-history":[{"count":0,"href":"https:\/\/autobaak.nl\/de\/wp-json\/wp\/v2\/pages\/121776\/revisions"}],"wp:attachment":[{"href":"https:\/\/autobaak.nl\/de\/wp-json\/wp\/v2\/media?parent=121776"}],"curies":[{"name":"wp","href":"https:\/\/api.w.org\/{rel}","templated":true}]}}