{"id":121800,"date":"2022-03-07T18:42:32","date_gmt":"2022-03-07T18:42:32","guid":{"rendered":"https:\/\/autobaak.nl\/?page_id=121800"},"modified":"2022-03-14T15:50:52","modified_gmt":"2022-03-14T15:50:52","slug":"welches-motorol-bmw-5-series","status":"publish","type":"page","link":"https:\/\/autobaak.nl\/de\/welches-motorol-bmw-5-series\/","title":{"rendered":"Welches Motor\u00f6l BMW 5er"},"content":{"rendered":"<p>[et_pb_section fb_built=\"1\u2033 custom_padding_last_edited=\"on|desktop\" admin_label=\"Section\" _builder_version=\"3.22\u2033 background_colour=\"#0c71c3\u2033 custom_padding_tablet=\"50px|0|50px|0\u2033 custom_padding_phone=\"50px|0|50px|0\u2033 transparent_background=\"off\" padding_mobile=\"off\" make_fullwidth=\"off\" use_custom_width=\"off\" width_unit=\"on\" global_colors_info=\"{}\"][et_pb_row admin_label=\"Row\" _builder_version=\"3.25\u2033 background_size=\"initial\" background_position=\"top_left\" background_repeat=\"repeat\" global_colors_info=\"{}\"][et_pb_column type=\"4_4\u2033 _builder_version=\"3.25\u2033 custom_padding=\"|||\" global_colors_info=\"{}\" custom_padding__hover=\"|||\"][et_pb_text admin_label=\"Text\" _builder_version=\"4.14.8\u2033 background_size=\"initial\" background_position=\"top_left\" background_repeat=\"repeat\" text_orientation=\"centre\" background_layout=\"dark\" module_alignment=\"centre\" use_border_color=\"off\" border_color=\"#ffffff\" border_style=\"solid\" global_colors_info=\"{}\"][et_pb_text admin_label=\"text<\/p>\n<h1 style=\"text-align: center;\">Welches Motor\u00f6l BMW 5er<\/h1>\n<p>[\/et_pb_text][\/et_pb_column][\/et_pb_row][\/et_pb_section][et_pb_section fb_built=\"1\u2033 admin_label=\"Section\" _builder_version=\"3.22\u2033 global_colors_info=\"{}\"][et_pb_row column_structure=\"3_4,1_4\u2033 admin_label=\"Row\" _builder_version=\"3.25\u2033 background_size=\"initial\" background_position=\"top_left\" background_repeat=\"repeat\" global_colors_info=\"{}\"][et_pb_column type=\"3_4\u2033 _builder_version=\"3.25\u2033 custom_padding=\"|||\" global_colors_info=\"{}\" custom_padding__hover=\"|||\"][et_pb_text admin_label=\"Text\" _builder_version=\"4.14.8\u2033 background_size=\"initial\" background_position=\"top_left\" background_repeat=\"repeat\" use_border_color=\"off\" border_color=\"#ffffff\" border_style=\"solid\" global_colors_info=\"{}\"]<\/p>\n<p>Der BMW 5er hat eine lange Geschichte. Dieses Modell war schon immer sowohl in der Limousinen- als auch in der Touring-Version beliebt. Die meisten 5er sind als zuverl\u00e4ssig bekannt, lesen Sie auch unsere <a href=\"https:\/\/autobaak.nl\/de\/bmw-5-series-e60-e61-technische-probleme-und-kaufberatung\/\">BMW 5er e60 Kaufberatung<\/a>. Nat\u00fcrlich ist es auch wichtig, das Motor\u00f6l rechtzeitig zu wechseln, um Motorverschlei\u00df vorzubeugen und einen reibungslosen Betrieb des Motors zu gew\u00e4hrleisten. Der rechtzeitige Wechsel des Motor\u00f6ls senkt auch den Verbrauch und die Emissionen. Hier erfahren Sie, welches Motor\u00f6l Ihr BMW 5er (E39, E60\/E61, F10\/F11, G30\/G31 und F90) ben\u00f6tigt:<\/p>\n<p>[\/et_pb_text][et_pb_text admin_label=\"Text\" _builder_version=\"4.14.9\u2033 background_size=\"initial\" background_position=\"top_left\" background_repeat=\"repeat\" hover_enabled=\"0\u2033 use_border_color=\"off\" border_color=\"#ffffff\" border_style=\"solid\" global_colors_info=\"{}\" sticky_enabled=\"0\u2033]<\/p>\n<h2>Motor\u00f6l BMW 5er e39 Benzin und Diesel (1995-2004)<strong><br \/><\/strong><\/h2>\n<ul>\n<li>BMW 5er 520i E39 =<br \/>Motor\u00f6l:\u00a0<strong>SAE<\/strong> <strong>5w30 <\/strong><strong><br \/><\/strong>Intervall:<strong> 20.000 km oder nach maximal 24 Monaten<br \/><\/strong>Menge<strong>: 6,5 Liter + 0,4 Liter im \u00d6lfilter<\/strong><\/li>\n<li>BMW 5er Serie 523i E39 =<br \/>Motor\u00f6l:\u00a0<strong>SAE<\/strong> <strong>5w30 <\/strong><strong><br \/><\/strong>Intervall:<strong> 20.000 km oder nach maximal 24 Monaten<br \/><\/strong>Menge<strong>: 6,5 Liter + 0,4 Liter im \u00d6lfilter<\/strong><\/li>\n<li>BMW 5er 528i E39 =<br \/>Motor\u00f6l:\u00a0<strong>SAE<\/strong> <strong>5w40 <\/strong><strong><br \/><\/strong>Intervall:<strong> 20.000 km oder nach maximal 24 Monaten<br \/><\/strong>Menge<strong>: 6,5 Liter + 0,4 Liter im \u00d6lfilter<\/strong><\/li>\n<li>BMW 5er 530i E39 =<br \/>Motor\u00f6l:\u00a0<strong>SAE<\/strong> <strong>5w30 <\/strong><strong><br \/><\/strong>Intervall:<strong> 20.000 km oder nach maximal 24 Monaten<br \/><\/strong>Menge<strong>: 6,5 Liter + 0,4 Liter im \u00d6lfilter<\/strong><\/li>\n<li>BMW 5er 535i E39 =<br \/>Motor\u00f6l:\u00a0<strong>SAE<\/strong> <strong>5w40 <\/strong><strong><br \/><\/strong>Intervall:<strong> 20.000 km oder nach maximal 24 Monaten<br \/><\/strong>Menge<strong>: 7,5 Liter + 0,4 Liter im \u00d6lfilter<\/strong><\/li>\n<li>BMW 5er 535i E39 =<br \/>Motor\u00f6l:\u00a0<strong>SAE<\/strong> <strong>5w40 <\/strong><strong><br \/><\/strong>Intervall:<strong> 20.000 km oder nach maximal 24 Monaten<br \/><\/strong>Menge<strong>: 7,5 Liter + 0,4 Liter im \u00d6lfilter<\/strong><\/li>\n<li>BMW 5er 540i E39 =<br \/>Motor\u00f6l:\u00a0<strong>SAE<\/strong> <strong>5w40 <\/strong><strong><br \/><\/strong>Intervall:<strong> 20.000 km oder nach maximal 24 Monaten<br \/><\/strong>Menge<strong>: 7,5 Liter + 0,4 Liter im \u00d6lfilter<\/strong><\/li>\n<li>BMW M5 E39 =<br \/>Motor\u00f6l:\u00a0<strong>SAE<\/strong> <strong>10w60 <\/strong><strong><br \/><\/strong>Intervall:<strong> 20.000 km oder nach maximal 24 Monaten<br \/><\/strong>Menge<strong>: 6,5 Liter + 0,4 Liter im \u00d6lfilter<\/strong><\/li>\n<li>BMW 5er 520d E39 =<br \/>Motor\u00f6l:\u00a0<strong>SAE<\/strong> <strong>5w30 <\/strong><strong><br \/><\/strong>Intervall:<strong> 20.000 km oder nach maximal 24 Monaten<br \/><\/strong>Menge<strong>: 6 Liter + 0,4 Liter im \u00d6lfilter<\/strong><\/li>\n<li>BMW 5er 520d E39 =<br \/>Motor\u00f6l:\u00a0<strong>SAE<\/strong> <strong>5w30 <\/strong><strong><br \/><\/strong>Intervall:<strong> 20.000 km oder nach maximal 24 Monaten<br \/><\/strong>Menge<strong>: 6 Liter + 0,4 Liter im \u00d6lfilter<\/strong><\/li>\n<li>BMW 5er Serie 525d E39 =<br \/>Motor\u00f6l:\u00a0<strong>SAE<\/strong> <strong>5w30 <\/strong><strong><br \/><\/strong>Intervall:<strong> 20.000 km oder nach maximal 24 Monaten<br \/><\/strong>Menge<strong>: 6,5 Liter + 0,4 Liter im \u00d6lfilter<\/strong><\/li>\n<li>BMW 5er 530d E39 =<br \/>Motor\u00f6l:\u00a0<strong>SAE<\/strong> <strong>5w30 <\/strong><strong><br \/><\/strong>Intervall:<strong> 20.000 km oder nach maximal 24 Monaten<br \/><\/strong>Menge<strong>: 6,5 Liter + 0,4 Liter im \u00d6lfilter<\/strong><\/li>\n<\/ul>\n<h2>Motor\u00f6l BMW 5er e60\/61 Benzin und Diesel (2003-2011)<strong><br \/><\/strong><\/h2>\n<ul>\n<li>BMW 5er 520i E60\/61 =<br \/>Motor\u00f6l:\u00a0<strong>SAE<\/strong> <strong>5w30 <\/strong><strong><br \/><\/strong>Intervall:<strong> 25.000 km oder nach maximal 24 Monaten<br \/><\/strong>Menge<strong>: 4,25 Liter + 0,4 Liter im \u00d6lfilter<\/strong><\/li>\n<li>BMW 5er 523i E60\/61 =<br \/>Motor\u00f6l:\u00a0<strong>SAE<\/strong> <strong>5w30 <\/strong><strong><br \/><\/strong>Intervall:<strong> 25.000 km oder nach maximal 24 Monaten<br \/><\/strong>Menge<strong>: 6,5 Liter + 0,4 Liter im \u00d6lfilter<\/strong><\/li>\n<li>BMW 5er 525i E60\/61 =<br \/>Motor\u00f6l:\u00a0<strong>SAE<\/strong> <strong>5w30 <\/strong><strong><br \/><\/strong>Intervall:<strong> 25.000 km oder nach maximal 24 Monaten<br \/><\/strong>Menge<strong>: 6,5 Liter + 0,4 Liter im \u00d6lfilter<\/strong><\/li>\n<li>BMW 5er 530i E60\/61 =<br \/>Motor\u00f6l:\u00a0<strong>SAE<\/strong> <strong>5w30 <\/strong><strong><br \/><\/strong>Intervall:<strong> 25.000 km oder nach maximal 24 Monaten<br \/><\/strong>Menge<strong>: 6,5 Liter + 0,4 Liter im \u00d6lfilter<\/strong><\/li>\n<li>BMW 5er 540i E60\/61 =<br \/>Motor\u00f6l:\u00a0<strong>SAE<\/strong> <strong>5w30 <\/strong><strong><br \/><\/strong>Intervall:<strong> 25.000 km oder nach maximal 24 Monaten<br \/><\/strong>Menge<strong>: 8 Liter + 0,4 Liter im \u00d6lfilter<\/strong><\/li>\n<li>BMW 5er 545i E60\/61 =<br \/>Motor\u00f6l:\u00a0<strong>SAE<\/strong> <strong>5w30 <\/strong><strong><br \/><\/strong>Intervall:<strong> 25.000 km oder nach maximal 24 Monaten<br \/><\/strong>Menge<strong>: 8 Liter + 0,4 Liter im \u00d6lfilter<\/strong><\/li>\n<li>BMW 5er 555i E60\/61 =<br \/>Motor\u00f6l:\u00a0<strong>SAE<\/strong> <strong>5w30 <\/strong><strong><br \/><\/strong>Intervall:<strong> 30.000 km oder nach maximal 24 Monaten<br \/><\/strong>Menge<strong>: 8 Liter + 0,4 Liter im \u00d6lfilter<\/strong><\/li>\n<li>BMW M5 E60\/61 =<br \/>Motor\u00f6l:\u00a0<strong>SAE<\/strong> <strong>10w60 <\/strong><strong><br \/><\/strong>Intervall:<strong> 25.000 km oder nach maximal 24 Monaten<br \/><\/strong>Menge<strong>9,3 Liter + 0,4 Liter im \u00d6lfilter<\/strong><\/li>\n<li>BMW 5er 520d E60\/61 =<br \/>Motor\u00f6l:\u00a0<strong>SAE<\/strong> <strong>5w30 <\/strong><strong><br \/><\/strong>Intervall:<strong> 30.000 km oder nach maximal 24 Monaten<br \/><\/strong>Menge<strong>: 5,2 Liter + 0,4 Liter im \u00d6lfilter<\/strong><\/li>\n<li>BMW 5er 525d E60\/61 =<br \/>Motor\u00f6l:\u00a0<strong>SAE<\/strong> <strong>5w30 <\/strong><strong><br \/><\/strong>Intervall:<strong> 30.000 km oder nach maximal 24 Monaten<br \/><\/strong>Menge<strong>: 8,25 Liter + 0,4 Liter im \u00d6lfilter<\/strong><\/li>\n<li>BMW 5er 530d E60\/61 =<br \/>Motor\u00f6l:\u00a0<strong>SAE<\/strong> <strong>5w30 <\/strong><strong><br \/><\/strong>Intervall:<strong> 30.000 km oder nach maximal 24 Monaten<br \/><\/strong>Menge<strong>7,7 Liter + 0,4 Liter im \u00d6lfilter<\/strong><\/li>\n<li>BMW 5er 535d E60\/61 =<br \/>Motor\u00f6l:\u00a0<strong>SAE<\/strong> <strong>5w30 <\/strong><strong><br \/><\/strong>Intervall:<strong> 30.000 km oder nach maximal 24 Monaten<br \/><\/strong>Menge<strong>7,7 Liter + 0,4 Liter im \u00d6lfilter<\/strong><\/li>\n<\/ul>\n<h2>Motor\u00f6l BMW 5er F10\/11 Benzin und Diesel (2010-2017)<\/h2>\n<ul>\n<li>BMW 5er 520i EF10\/11 =<br \/>Motor\u00f6l:\u00a0<strong>SAE<\/strong> <strong>5w30 <\/strong><strong><br \/><\/strong>Intervall:<strong> 30.000 km oder nach maximal 24 Monaten<br \/><\/strong>Menge<strong>: 5 Liter + 0,4 Liter im \u00d6lfilter<\/strong><\/li>\n<li>BMW 5er 523i EF10\/11 =<br \/>Motor\u00f6l:\u00a0<strong>SAE<\/strong> <strong>5w30 <\/strong><strong><br \/><\/strong>Intervall:<strong> 30.000 km oder nach maximal 24 Monaten<br \/><\/strong>Menge<strong>: 6,5 Liter + 0,4 Liter im \u00d6lfilter<\/strong><\/li>\n<li>BMW 5er 528i EF10\/11 =<br \/>Motor\u00f6l:\u00a0<strong>SAE<\/strong> <strong>5w30 <\/strong><strong><br \/><\/strong>Intervall:<strong> 30.000 km oder nach maximal 24 Monaten<br \/><\/strong>Menge<strong>: 5 Liter + 0,4 Liter im \u00d6lfilter<\/strong><\/li>\n<li>BMW 5er 530i EF10\/11 =<br \/>Motor\u00f6l:\u00a0<strong>SAE<\/strong> <strong>5w30 <\/strong><strong><br \/><\/strong>Intervall:<strong> 30.000 km oder nach maximal 24 Monaten<br \/><\/strong>Menge<strong>: 6,5 Liter + 0,4 Liter im \u00d6lfilter<\/strong><\/li>\n<li>BMW 5er 535i EF10\/11 =<br \/>Motor\u00f6l:\u00a0<strong>SAE<\/strong> <strong>5w30 <\/strong><strong><br \/><\/strong>Intervall:<strong> 30.000 km oder nach maximal 24 Monaten<br \/><\/strong>Menge<strong>: 6,5 Liter + 0,4 Liter im \u00d6lfilter<\/strong><\/li>\n<li>BMW 5er 550i EF10\/11 =<br \/>Motor\u00f6l:\u00a0<strong>SAE<\/strong> <strong>5w30 <\/strong><strong><br \/><\/strong>Intervall:<strong> 30.000 km oder nach maximal 24 Monaten<br \/><\/strong>Menge<strong>: 8,5 Liter + 0,4 Liter im \u00d6lfilter<\/strong><\/li>\n<li>BMW M5 F10\/11 =<br \/>Motor\u00f6l:\u00a0<strong>SAE<\/strong> <strong>5w30 <\/strong><strong><br \/><\/strong>Intervall:<strong> 30.000 km oder nach maximal 24 Monaten<br \/><\/strong>Menge<strong>: 9,5 Liter + 1 Liter im \u00d6lfilter<\/strong><\/li>\n<li>BMW 5er 518d F10\/11 =<br \/>Motor\u00f6l:\u00a0<strong>SAE<\/strong> <strong>5w30 <\/strong><strong><br \/><\/strong>Intervall:<strong> 30.000 km oder nach maximal 24 Monaten<br \/><\/strong>Menge<strong>: 5 Liter + 0,4 Liter im \u00d6lfilter<\/strong><\/li>\n<li>BMW 5er 520d F10\/11 =<br \/>Motor\u00f6l:\u00a0<strong>SAE<\/strong> <strong>5w30 <\/strong><strong><br \/><\/strong>Intervall:<strong> 30.000 km oder nach maximal 24 Monaten<br \/><\/strong>Menge<strong>: 5 Liter + 0,4 Liter im \u00d6lfilter<\/strong><\/li>\n<li>BMW 5er 525d F10\/11 =<br \/>Motor\u00f6l:\u00a0<strong>SAE<\/strong> <strong>5w30 <\/strong><strong><br \/><\/strong>Intervall:<strong> 30.000 km oder nach maximal 24 Monaten<br \/><\/strong>Menge<strong>: 5,2 Liter + 0,4 Liter im \u00d6lfilter<\/strong><\/li>\n<li>BMW 5er 530d F10\/11 =<br \/>Motor\u00f6l:\u00a0<strong>SAE<\/strong> <strong>5w30 <\/strong><strong><br \/><\/strong>Intervall:<strong> 30.000 km oder nach maximal 24 Monaten<br \/><\/strong>Menge<strong>7 Liter + 0,4 Liter im \u00d6lfilter<\/strong><\/li>\n<li>BMW 5er 535d F10\/11 =<br \/>Motor\u00f6l:\u00a0<strong>SAE<\/strong> <strong>5w30 <\/strong><strong><br \/><\/strong>Intervall:<strong> 30.000 km oder nach maximal 24 Monaten<br \/><\/strong>Menge<strong>7 Liter + 0,4 Liter im \u00d6lfilter<\/strong><\/li>\n<li>BMW 5er M550d F10\/11 =<br \/>Motor\u00f6l:\u00a0<strong>SAE<\/strong> <strong>5w30 <\/strong><strong><br \/><\/strong>Intervall:<strong> 30.000 km oder nach maximal 24 Monaten<br \/><\/strong>Menge<strong>7 Liter + 0,4 Liter im \u00d6lfilter<\/strong><\/li>\n<\/ul>\n<h2>Motor\u00f6l BMW 5er G30\/31 und F90 Benzin und Diesel (2017-)<\/h2>\n<ul>\n<li>BMW 5er 520i G30\/31 und F90 =<br \/>Motor\u00f6l:\u00a0<strong>SAE<\/strong> <strong>5w30 <\/strong><strong><br \/><\/strong>Intervall:<strong> 30.000 km oder nach maximal 24 Monaten<br \/><\/strong>Menge<strong>: 5,25 Liter + 0,4 Liter im \u00d6lfilter<\/strong><\/li>\n<li>BMW 5er 530i G30\/31 und F90 =<br \/>Motor\u00f6l:\u00a0<strong>SAE<\/strong> <strong>0w20<br \/><\/strong>Intervall:<strong> 30.000 km oder nach maximal 24 Monaten<br \/><\/strong>Menge<strong>: 5,25 Liter + 0,4 Liter im \u00d6lfilter<\/strong><\/li>\n<li>BMW 5er 540i G30\/31 und F90 =<br \/>Motor\u00f6l:\u00a0<strong>SAE<\/strong> <strong>0w20<br \/><\/strong>Intervall:<strong> 30.000 km oder nach maximal 24 Monaten<br \/><\/strong>Menge<strong>: 6,5 Liter + 0,4 Liter im \u00d6lfilter<\/strong><\/li>\n<li>BMW 5er 540i G30\/31 und F90 =<br \/>Motor\u00f6l:\u00a0<strong>SAE<\/strong> <strong>0w20<br \/><\/strong>Intervall:<strong> 30.000 km oder nach maximal 24 Monaten<br \/><\/strong>Menge<strong>: 6,5 Liter + 0,4 Liter im \u00d6lfilter<\/strong><\/li>\n<li>BMW M5 G30\/31 und F90 =<br \/>Motor\u00f6l:\u00a0<strong>SAE<\/strong> <strong>5w30<br \/><\/strong>Intervall:<strong> 30.000 km oder nach maximal 24 Monaten<br \/><\/strong>Menge<strong>: 10 Liter + 0,4 Liter im \u00d6lfilter<\/strong><\/li>\n<li>BMW 5er 518d G30\/31 und F90 =<br \/>Motor\u00f6l:\u00a0<strong>SAE<\/strong> <strong>5w30 <\/strong><strong><br \/><\/strong>Intervall:<strong> 25.000 km oder nach maximal 24 Monaten<br \/><\/strong>Menge<strong>: 5,5 Liter + 0,4 Liter im \u00d6lfilter<\/strong><\/li>\n<li>BMW 5er 520d G30\/31 und F90 =<br \/>Motor\u00f6l:\u00a0<strong>SAE<\/strong> <strong>5w30 <\/strong><strong><br \/><\/strong>Intervall:<strong> 25.000 km oder nach maximal 24 Monaten<br \/><\/strong>Menge<strong>: 5,5 Liter + 0,4 Liter im \u00d6lfilter<\/strong><\/li>\n<li>BMW 5er 525d G30\/31 und F90 =<br \/>Motor\u00f6l:\u00a0<strong>SAE<\/strong> <strong>5w30 <\/strong><strong><br \/><\/strong>Intervall:<strong> 30.000 km oder nach maximal 24 Monaten<br \/><\/strong>Menge<strong>: 5 Liter + 0,4 Liter im \u00d6lfilter<\/strong><\/li>\n<li>BMW 5er 530d G30\/31 und F90 =<br \/>Motor\u00f6l:\u00a0<strong>SAE<\/strong> <strong>5w30 <\/strong><strong><br \/><\/strong>Intervall:<strong> 25.000 km oder nach maximal 24 Monaten<br \/><\/strong>Menge<strong>: 6,5 Liter + 0,4 Liter im \u00d6lfilter<\/strong><\/li>\n<li>BMW 5er 540d G30\/31 und F90 =<br \/>Motor\u00f6l:\u00a0<strong>SAE<\/strong> <strong>5w30 <\/strong><strong><br \/><\/strong>Intervall:<strong> 25.000 km oder nach maximal 24 Monaten<br \/><\/strong>Menge<strong>: 6,5 Liter + 0,4 Liter im \u00d6lfilter<\/strong><\/li>\n<li>BMW 5er M550d G30\/31 und F90 =<br \/>Motor\u00f6l:\u00a0<strong>SAE<\/strong> <strong>5w30 <\/strong><strong><br \/><\/strong>Intervall:<strong> 25.000 km oder nach maximal 24 Monaten<br \/><\/strong>Menge<strong>: 6,5 Liter + 0,4 Liter im \u00d6lfilter<\/strong><\/li>\n<\/ul>\n<p>[\/et_pb_text][\/et_pb_column][et_pb_column type=\"1_4\u2033 _builder_version=\"3.25\u2033 custom_padding=\"|||\" global_colors_info=\"{}\" custom_padding__hover=\"|||\"][et_pb_code _builder_version=\"4.14.8\u2033 _module_preset=\"default\" global_module=\"121601\u2033 saved_tabs=\"all\" global_colors_info=\"{}\"]bloom test[\/et_pb_code][\/et_pb_column][\/et_pb_row][et_pb_row _builder_version=\"4.14.8\u2033 _module_preset=\"default\" global_colors_info=\"{}\"][et_pb_column type=\"4_4\u2033 _builder_version=\"4.14.8\u2033 _module_preset=\"default\" global_colors_info=\"{}\"][et_pb_code _builder_version=\"4.14.8\u2033 _module_preset=\"default\" global_module=\"121632\u2033 saved_tabs=\"all\" global_colors_info=\"{}\"]products[\/et_pb_code][\/et_pb_column][\/et_pb_row][\/et_pb_section]<\/p>","protected":false},"excerpt":{"rendered":"<p>Welche Motor\u00f6l BMW 5erDie BMW 5er-Serie hat eine reiche Geschichte. In der Tat war dieses Modell schon immer beliebt, sowohl als Limousine als auch als Touring. Die meisten 5er sind daf\u00fcr bekannt, zuverl\u00e4ssig zu sein, lesen Sie auch unsere Kaufberatung BMW 5er e60. Und nat\u00fcrlich ist es auch wichtig, das Motor\u00f6l rechtzeitig zu wechseln, um Motorverschlei\u00df zu vermeiden [...]<\/p>","protected":false},"author":1,"featured_media":0,"parent":0,"menu_order":0,"comment_status":"closed","ping_status":"closed","template":"","meta":{"_et_pb_use_builder":"on","_et_pb_old_content":"","_et_gb_content_width":"","footnotes":""},"class_list":["post-121800","page","type-page","status-publish","hentry"],"yoast_head":"<!-- This site is optimized with the Yoast SEO plugin v27.4 - https:\/\/yoast.com\/product\/yoast-seo-wordpress\/ -->\n<title>Welke motorolie BMW 5-serie ? Bekijk het overzicht o.a. E60\/61 en F10\/11<\/title>\n<meta name=\"description\" content=\"Motorolie voor een BMW 5 serie nodig? Bekijk dit overzicht. Zowel diesel als benzine. Alle modellen vanaf 1995. O.a E39 en G30\/31 F90\" \/>\n<meta name=\"robots\" content=\"index, follow, max-snippet:-1, max-image-preview:large, max-video-preview:-1\" \/>\n<link rel=\"canonical\" href=\"https:\/\/autobaak.nl\/de\/welches-motorol-bmw-5-series\/\" \/>\n<meta property=\"og:locale\" content=\"de_DE\" \/>\n<meta property=\"og:type\" content=\"article\" \/>\n<meta property=\"og:title\" content=\"Welke motorolie BMW 5-serie ? Bekijk het overzicht o.a. E60\/61 en F10\/11\" \/>\n<meta property=\"og:description\" content=\"Motorolie voor een BMW 5 serie nodig? Bekijk dit overzicht. Zowel diesel als benzine. Alle modellen vanaf 1995. O.a E39 en G30\/31 F90\" \/>\n<meta property=\"og:url\" content=\"https:\/\/autobaak.nl\/de\/welches-motorol-bmw-5-series\/\" \/>\n<meta property=\"og:site_name\" content=\"Autobaak.nl\" \/>\n<meta property=\"article:modified_time\" content=\"2022-03-14T15:50:52+00:00\" \/>\n<meta name=\"twitter:card\" content=\"summary_large_image\" \/>\n<meta name=\"twitter:label1\" content=\"Gesch\u00e4tzte Lesezeit\" \/>\n\t<meta name=\"twitter:data1\" content=\"7\u00a0Minuten\" \/>\n<script type=\"application\/ld+json\" class=\"yoast-schema-graph\">{\"@context\":\"https:\\\/\\\/schema.org\",\"@graph\":[{\"@type\":\"WebPage\",\"@id\":\"https:\\\/\\\/autobaak.nl\\\/welke-motorolie-bmw-5-serie\\\/\",\"url\":\"https:\\\/\\\/autobaak.nl\\\/welke-motorolie-bmw-5-serie\\\/\",\"name\":\"Welke motorolie BMW 5-serie ? Bekijk het overzicht o.a. E60\\\/61 en F10\\\/11\",\"isPartOf\":{\"@id\":\"https:\\\/\\\/autobaak.nl\\\/#website\"},\"datePublished\":\"2022-03-07T18:42:32+00:00\",\"dateModified\":\"2022-03-14T15:50:52+00:00\",\"description\":\"Motorolie voor een BMW 5 serie nodig? Bekijk dit overzicht. Zowel diesel als benzine. Alle modellen vanaf 1995. O.a E39 en G30\\\/31 F90\",\"breadcrumb\":{\"@id\":\"https:\\\/\\\/autobaak.nl\\\/welke-motorolie-bmw-5-serie\\\/#breadcrumb\"},\"inLanguage\":\"de\",\"potentialAction\":[{\"@type\":\"ReadAction\",\"target\":[\"https:\\\/\\\/autobaak.nl\\\/welke-motorolie-bmw-5-serie\\\/\"]}]},{\"@type\":\"BreadcrumbList\",\"@id\":\"https:\\\/\\\/autobaak.nl\\\/welke-motorolie-bmw-5-serie\\\/#breadcrumb\",\"itemListElement\":[{\"@type\":\"ListItem\",\"position\":1,\"name\":\"Home\",\"item\":\"https:\\\/\\\/autobaak.nl\\\/\"},{\"@type\":\"ListItem\",\"position\":2,\"name\":\"Welke motorolie BMW 5-serie\"}]},{\"@type\":\"WebSite\",\"@id\":\"https:\\\/\\\/autobaak.nl\\\/#website\",\"url\":\"https:\\\/\\\/autobaak.nl\\\/\",\"name\":\"Autobaak.nl\",\"description\":\"Cars &amp; Racing\",\"potentialAction\":[{\"@type\":\"SearchAction\",\"target\":{\"@type\":\"EntryPoint\",\"urlTemplate\":\"https:\\\/\\\/autobaak.nl\\\/?s={search_term_string}\"},\"query-input\":{\"@type\":\"PropertyValueSpecification\",\"valueRequired\":true,\"valueName\":\"search_term_string\"}}],\"inLanguage\":\"de\"}]}<\/script>\n<!-- \/ Yoast SEO plugin. -->","yoast_head_json":{"title":"Welches Motor\u00f6l BMW 5er? Die \u00dcbersicht mit E60\/61 und F10\/11","description":"Sie ben\u00f6tigen Motor\u00f6l f\u00fcr einen BMW 5er? Werfen Sie einen Blick auf diese \u00dcbersicht. Sowohl Diesel als auch Benzin. Alle Modelle ab 1995. Einschlie\u00dflich E39 und G30\/31 F90","robots":{"index":"index","follow":"follow","max-snippet":"max-snippet:-1","max-image-preview":"max-image-preview:large","max-video-preview":"max-video-preview:-1"},"canonical":"https:\/\/autobaak.nl\/de\/welches-motorol-bmw-5-series\/","og_locale":"de_DE","og_type":"article","og_title":"Welke motorolie BMW 5-serie ? Bekijk het overzicht o.a. E60\/61 en F10\/11","og_description":"Motorolie voor een BMW 5 serie nodig? Bekijk dit overzicht. Zowel diesel als benzine. Alle modellen vanaf 1995. O.a E39 en G30\/31 F90","og_url":"https:\/\/autobaak.nl\/de\/welches-motorol-bmw-5-series\/","og_site_name":"Autobaak.nl","article_modified_time":"2022-03-14T15:50:52+00:00","twitter_card":"summary_large_image","twitter_misc":{"Gesch\u00e4tzte Lesezeit":"7\u00a0Minuten"},"schema":{"@context":"https:\/\/schema.org","@graph":[{"@type":"WebPage","@id":"https:\/\/autobaak.nl\/welke-motorolie-bmw-5-serie\/","url":"https:\/\/autobaak.nl\/welke-motorolie-bmw-5-serie\/","name":"Welches Motor\u00f6l BMW 5er? Die \u00dcbersicht mit E60\/61 und F10\/11","isPartOf":{"@id":"https:\/\/autobaak.nl\/#website"},"datePublished":"2022-03-07T18:42:32+00:00","dateModified":"2022-03-14T15:50:52+00:00","description":"Sie ben\u00f6tigen Motor\u00f6l f\u00fcr einen BMW 5er? Werfen Sie einen Blick auf diese \u00dcbersicht. Sowohl Diesel als auch Benzin. Alle Modelle ab 1995. Einschlie\u00dflich E39 und G30\/31 F90","breadcrumb":{"@id":"https:\/\/autobaak.nl\/welke-motorolie-bmw-5-serie\/#breadcrumb"},"inLanguage":"de","potentialAction":[{"@type":"ReadAction","target":["https:\/\/autobaak.nl\/welke-motorolie-bmw-5-serie\/"]}]},{"@type":"BreadcrumbList","@id":"https:\/\/autobaak.nl\/welke-motorolie-bmw-5-serie\/#breadcrumb","itemListElement":[{"@type":"ListItem","position":1,"name":"Home","item":"https:\/\/autobaak.nl\/"},{"@type":"ListItem","position":2,"name":"Welke motorolie BMW 5-serie"}]},{"@type":"WebSite","@id":"https:\/\/autobaak.nl\/#website","url":"https:\/\/autobaak.nl\/","name":"Autobook.de","description":"Autos &amp; Rennsport","potentialAction":[{"@type":"SearchAction","target":{"@type":"EntryPoint","urlTemplate":"https:\/\/autobaak.nl\/?s={search_term_string}"},"query-input":{"@type":"PropertyValueSpecification","valueRequired":true,"valueName":"search_term_string"}}],"inLanguage":"de"}]}},"_links":{"self":[{"href":"https:\/\/autobaak.nl\/de\/wp-json\/wp\/v2\/pages\/121800","targetHints":{"allow":["GET"]}}],"collection":[{"href":"https:\/\/autobaak.nl\/de\/wp-json\/wp\/v2\/pages"}],"about":[{"href":"https:\/\/autobaak.nl\/de\/wp-json\/wp\/v2\/types\/page"}],"author":[{"embeddable":true,"href":"https:\/\/autobaak.nl\/de\/wp-json\/wp\/v2\/users\/1"}],"replies":[{"embeddable":true,"href":"https:\/\/autobaak.nl\/de\/wp-json\/wp\/v2\/comments?post=121800"}],"version-history":[{"count":0,"href":"https:\/\/autobaak.nl\/de\/wp-json\/wp\/v2\/pages\/121800\/revisions"}],"wp:attachment":[{"href":"https:\/\/autobaak.nl\/de\/wp-json\/wp\/v2\/media?parent=121800"}],"curies":[{"name":"wp","href":"https:\/\/api.w.org\/{rel}","templated":true}]}}