{"id":121827,"date":"2022-03-07T14:30:22","date_gmt":"2022-03-07T14:30:22","guid":{"rendered":"https:\/\/autobaak.nl\/?page_id=121827"},"modified":"2022-03-07T14:31:07","modified_gmt":"2022-03-07T14:31:07","slug":"motorol-volkswagen-golf-4","status":"publish","type":"page","link":"https:\/\/autobaak.nl\/de\/motorol-volkswagen-golf-4\/","title":{"rendered":"Motor\u00f6l Volkswagen Golf 4 (VW)"},"content":{"rendered":"<p>[et_pb_section fb_built=\"1\u2033 custom_padding_last_edited=\"on|desktop\" admin_label=\"Section\" _builder_version=\"3.22\u2033 background_colour=\"#0c71c3\u2033 custom_padding_tablet=\"50px|0|50px|0\u2033 custom_padding_phone=\"50px|0|50px|0\u2033 transparent_background=\"off\" padding_mobile=\"off\" make_fullwidth=\"off\" use_custom_width=\"off\" width_unit=\"on\" global_colors_info=\"{}\"][et_pb_row admin_label=\"Row\" _builder_version=\"3.25\u2033 background_size=\"initial\" background_position=\"top_left\" background_repeat=\"repeat\" global_colors_info=\"{}\"][et_pb_column type=\"4_4\u2033 _builder_version=\"3.25\u2033 custom_padding=\"|||\" global_colors_info=\"{}\" custom_padding__hover=\"|||\"][et_pb_text admin_label=\"Text\" _builder_version=\"4.14.8\u2033 background_size=\"initial\" background_position=\"top_left\" background_repeat=\"repeat\" text_orientation=\"centre\" background_layout=\"dark\" module_alignment=\"centre\" hover_enabled=\"0\u2033 use_border_color=\"off\" border_color=\"#ffffff\" border_style=\"solid\" global_colors_info=\"{}\" sticky_enabled=\"0\u2033]<\/p>\n<h1 style=\"text-align: center;\">Welches Motor\u00f6l Volkswagen Golf 4 (VW)<\/h1>\n<p>[\/et_pb_text][\/et_pb_column][\/et_pb_row][\/et_pb_section][et_pb_section fb_built=\"1\u2033 admin_label=\"Section\" _builder_version=\"3.22\u2033 global_colors_info=\"{}\"][et_pb_row column_structure=\"3_4,1_4\u2033 admin_label=\"Row\" _builder_version=\"3.25\u2033 background_size=\"initial\" background_position=\"top_left\" background_repeat=\"repeat\" global_colors_info=\"{}\"][et_pb_column type=\"3_4\u2033 _builder_version=\"3.25\u2033 custom_padding=\"|||\" global_colors_info=\"{}\" custom_padding__hover=\"|||\"][et_pb_text admin_label=\"Text\" _builder_version=\"4.14.8\u2033 background_size=\"initial\" background_position=\"top_left\" background_repeat=\"repeat\" use_border_color=\"off\" border_color=\"#ffffff\" border_style=\"solid\" global_colors_info=\"{}\"]<\/p>\n<p>Sie suchen Motor\u00f6l f\u00fcr den Volkswagen Golf 4 (VW Golf IV)? Auf dieser Seite finden Sie eine \u00dcbersicht \u00fcber alle Modelle, das entsprechende Motor\u00f6l und dessen Inhalt. Der Volkswagen Golf 4 (oder VW Typ 1J) ist ein Kompaktwagen, die vierte Generation des Volkswagen Golf und der Nachfolger des Volkswagen Golf Mk3. <span title=\"Er kam im Oktober 1997 auf den Markt und war 2001 das meistverkaufte Auto in Europa (obwohl er 2002 auf den zweiten Platz hinter dem Peugeot 206 abrutschte). \">Eingef\u00fchrt im Oktober 1997. Im Jahr 2001 war er das meistverkaufte Auto in Europa. <\/span><span title=\"Der Mk4 war ein bewusster Versuch, die Volkswagen Golf-Baureihe mit einem hochwertigen Innenraum und h\u00f6herer Ausstattung weiter nach oben zu bringen, um mit dem Audi A3 zu konkurrieren. \">Der Golf Mk4 war ein bewusster Versuch, die Volkswagen Golf-Baureihe mit einer hochwertigen Innenausstattung und h\u00f6heren Ausstattungsniveaus weiter nach oben zu bringen, um mit dem Audi A3 zu konkurrieren. <\/span>Nachfolgend finden Sie eine \u00dcbersicht \u00fcber das ben\u00f6tigte VW Volkswagen Golf 4 Motor\u00f6l.<\/p>\n<p>[\/et_pb_text][et_pb_text admin_label=\"Text\" _builder_version=\"4.14.8\u2033 background_size=\"initial\" background_position=\"top_left\" background_repeat=\"repeat\" use_border_color=\"off\" border_color=\"#ffffff\" border_style=\"solid\" global_colors_info=\"{}\"]<\/p>\n<h2>Motor\u00f6l Volkswagen Golf 4 (VW)<\/h2>\n<table width=\"1028\">\n<tbody>\n<tr>\n<td width=\"1028\"><strong>Motor\u00f6l VOLKSWAGEN Golf 4 (VW) IV 1J1<\/strong><\/td>\n<\/tr>\n<tr>\n<td>Volkswagen (VW) (EU) Golf IV 1.4 16V (1997-2000), 5W-30, 0W-40 oder 5W-40, Inhalt: 3,2 Liter und Filter 0,5 Liter, Wechsel alle 15000 km\/ 12 Monate<\/td>\n<\/tr>\n<tr>\n<td>Volkswagen (VW) (EU) Golf IV 1.4 16V (2000-2004), 5W-30 oder 0W-30, Inhalt: 3,5 Liter und Filter 0,5 Liter, Wechsel alle 30000 km\/ 24 Monate<\/td>\n<\/tr>\n<tr>\n<td>Volkswagen (VW) (EU) Golf IV 1.6 (1997-2000), 5W-30, 0W-40 oder 5W-40, Inhalt: 4,5 Liter und Filter 0,5 Liter, Wechsel alle 15000 km \/ 12 Monate<\/td>\n<\/tr>\n<tr>\n<td>Volkswagen (VW) (EU) Golf IV 1.6 (2000-2004), 5W-30 oder 0W-30, Inhalt: 4,5 Liter und Filter 0,5 Liter, Wechsel alle 30000 km\/ 24 Monate<\/td>\n<\/tr>\n<tr>\n<td>Volkswagen (VW) (EU) Golf IV 1.6 16V (2000-2004), 5W-30 oder 0W-30, Inhalt: 3,5 Liter und Filter 0,5 Liter, Wechsel alle 30000 km\/ 24 Monate<\/td>\n<\/tr>\n<tr>\n<td>Volkswagen (VW) (EU) Golf IV 1.6 16V FSI (2002-2004), 5W-30 oder 0W-30, Inhalt: 3,5 Liter und Filter 0,5 Liter, Wechsel alle 30000 km\/ 24 Monate<\/td>\n<\/tr>\n<tr>\n<td>Volkswagen (VW) (EU) Golf IV 1.8 20V (1997-2000), 5W-30, 0W-40 oder 5W-40, Inhalt: 4,5 Liter und Filter 0,5 Liter, Wechsel alle 15000 km\/ 12 Monate<\/td>\n<\/tr>\n<tr>\n<td>Volkswagen (VW) (EU) Golf IV 1.8 20V (2000-2001), 5W-30 oder 0W-30, Inhalt: 4,5 Liter und Filter 0,5 Liter, Wechsel alle 30000 km\/ 24 Monate<\/td>\n<\/tr>\n<tr>\n<td>Volkswagen (VW) (EU) Golf IV 1.8 20V Turbo (110 kW) (1997-2001), 5W-30, 0W-40 oder 5W-40, Inhalt: 4,5 Liter und Filter 0,5 Liter, Wechsel alle 15000 km\/ 12 Monate<\/td>\n<\/tr>\n<tr>\n<td>Volkswagen (VW) (EU) Golf IV 1.8 20V Turbo (110 kW) (2001-2006), 5W-30 oder 0W-30, Inhalt: 4,5 Liter und Filter 0,5 Liter, Wechsel alle 30000 km\/ 24 Monate<\/td>\n<\/tr>\n<tr>\n<td>Volkswagen (VW) (EU) Golf IV 1.8 20V Turbo (132 kW) (2001-2006), 5W-30 oder 0W-30, Inhalt: 4,5 Liter und Filter 0,5 Liter, Wechsel alle 30000 km\/ 24 Monate<\/td>\n<\/tr>\n<tr>\n<td>Volkswagen (VW) (EU) Golf IV 1.9 SDI (1997-2000), 5W-30 oder 5W-40, Inhalt: 4,5 Liter und Filter 0,5 Liter, Wechsel alle 15000 km\/ 12 Monate<\/td>\n<\/tr>\n<tr>\n<td>Volkswagen (VW) (EU) Golf IV 1.9 SDI (2000-2004), 5W-30 oder 0W-30, Inhalt: 4,5 Liter und Filter 0,5 Liter, Wechsel alle 50000 km\/ 24 Monate<\/td>\n<\/tr>\n<tr>\n<td>Volkswagen (VW) (EU) Golf IV 1.9 TDI (110 kW) (2000-2004), 5W-30 oder 0W-30, Inhalt: 4,5 Liter und Filter 0,5 Liter, Wechsel alle 50000 km\/ 24 Monate<\/td>\n<\/tr>\n<tr>\n<td>Volkswagen (VW) (EU) Golf IV 1.9 TDI (110 kW) 4Motion (2000-2004), 5W-30 oder 0W-30, Inhalt: 4,5 Liter und Filter 0,5 Liter, Wechsel alle 50000 km\/ 24 Monate<\/td>\n<\/tr>\n<tr>\n<td>Volkswagen (VW) (EU) Golf IV 1.9 TDI (66 kW) (1997-2000), 5W-30 oder 5W-40, Inhalt: 4,5 Liter und Filter 0,5 Liter, Wechsel alle 15000 km\/12 Monate<\/td>\n<\/tr>\n<tr>\n<td>Volkswagen (VW) (EU) Golf IV 1.9 TDI (66 kW) (2000-2004), 5W-30 oder 0W-30, Inhalt: 4,5 Liter und Filter 0,5 Liter, Wechsel alle 50000 km\/ 24 Monate<\/td>\n<\/tr>\n<tr>\n<td>Volkswagen (VW) (EU) Golf IV 1.9 TDI (66 kW) 4Motion (1999-2000), 5W-30 oder 5W-40, Inhalt: 4,5 Liter und Filter 0,5 Liter, Wechsel alle 15000 km\/ 12 Monate<\/td>\n<\/tr>\n<tr>\n<td>Volkswagen (VW) (EU) Golf IV 1.9 TDI (66 kW) 4Motion (2000-2004), 5W-30 oder 0W-30, Inhalt: 4,5 Liter und Filter 0,5 Liter, Wechsel alle 50000 km\/ 24 Monate<\/td>\n<\/tr>\n<tr>\n<td>Volkswagen (VW) (EU) Golf IV 1.9 TDI (74 kW) (2000-2004), 5W-30 oder 0W-30, Inhalt: 4,5 Liter und Filter 0,5 Liter, Wechsel alle 50000 km\/ 24 Monate<\/td>\n<\/tr>\n<tr>\n<td>Volkswagen (VW) (EU) Golf IV 1.9 TDI (81 kW) (1997-2000), 5W-30 oder 5W-40, Inhalt: 4,5 Liter und Filter 0,5 Liter, Wechsel alle 15000 km\/12 Monate<\/td>\n<\/tr>\n<tr>\n<td>Volkswagen (VW) (EU) Golf IV 1.9 TDI (81 kW) (2000-2004), 5W-30 oder 0W-30, Inhalt: 4,5 Liter und Filter 0,5 Liter, Wechsel alle 50000 km\/ 24 Monate<\/td>\n<\/tr>\n<tr>\n<td>Volkswagen (VW) (EU) Golf IV 1.9 TDI (85 kW) (1999-2000), 5W-30 oder 5W-40, Inhalt: 4,5 Liter und Filter 0,5 Liter, Wechsel alle 15000 km\/ 12 Monate<\/td>\n<\/tr>\n<tr>\n<td>Volkswagen (VW) (EU) Golf IV 1.9 TDI (85 kW) (2000-2002), 5W-30 oder 0W-30, Inhalt: 4 Liter und Filter 0,5 Liter, Wechsel alle 50000 km\/ 24 Monate<\/td>\n<\/tr>\n<tr>\n<td>Volkswagen (VW) (EU) Golf IV 1.9 TDI (85 kW) 4Motion (1999-2000), 5W-30 oder 5W-40, Inhalt: 4 Liter und Filter 0,5 Liter, Wechsel alle 15000 km\/ 12 Monate<\/td>\n<\/tr>\n<tr>\n<td>Volkswagen (VW) (EU) Golf IV 1.9 TDI (85 kW) 4Motion (2000-2002), 5W-30 oder 0W-30, Inhalt: 4 Liter und Filter 0,5 Liter, Wechsel alle 50000 km\/ 24 Monate<\/td>\n<\/tr>\n<tr>\n<td>Volkswagen (VW) (EU) Golf IV 1.9 TDI (96 kW) (2001-2004), 5W-30 oder 0W-30, Inhalt: 4,5 Liter und Filter 0,5 Liter, Wechsel alle 50000 km\/ 24 Monate<\/td>\n<\/tr>\n<tr>\n<td>Volkswagen (VW) (EU) Golf IV 1.9 TDI (96 kW) 4Motion (2001-2004), 5W-30 oder 0W-30, Inhalt: 4,5 Liter und Filter 0,5 Liter, Wechsel alle 50000 km\/ 24 Monate<\/td>\n<\/tr>\n<tr>\n<td>Volkswagen (VW) (EU) Golf IV 2.0 (1998-2000), 5W-30, 0W-40 oder 5W-40, Inhalt: 4 Liter und Filter 0,5 Liter, Wechsel alle 15000 km \/ 12 Monate<\/td>\n<\/tr>\n<tr>\n<td>Volkswagen (VW) (EU) Golf IV 2.0 (2000-2004), 5W-30 oder 0W-30, Inhalt: 4 Liter und Filter 0,5 Liter, Wechsel alle 30000 km\/ 24 Monate<\/td>\n<\/tr>\n<tr>\n<td>Volkswagen (VW) (EU) Golf IV 2.3 V5 20V (2001-2004), 5W-30 oder 0W-30, Inhalt: 4,6 Liter und Filter 0,5 Liter, Wechsel alle 30000 km\/ 24 Monate<\/td>\n<\/tr>\n<tr>\n<td>Volkswagen (VW) (EU) Golf IV 2.3 V5 20V 4Motion (2001-2004), 5W-30 oder 0W-30, Inhalt: 4,6 Liter und Filter 0,5 Liter, Wechsel alle 30000 km\/ 24 Monate<\/td>\n<\/tr>\n<tr>\n<td>Volkswagen (VW) (EU) Golf IV 2.3 VR5 (1997-2000), 5W-30, 5W-40 oder 0W-40, Inhalt: 3,9 Liter und Filter 0,5 Liter, Wechsel alle 15000 km\/12 Monate<\/td>\n<\/tr>\n<tr>\n<td>Volkswagen (VW) (EU) Golf IV 2.3 VR5 (2000-2001), 5W-30 oder 0W-30, Inhalt: 3,9 Liter und Filter 0,5 Liter, Wechsel alle 30000 km\/ 24 Monate<\/td>\n<\/tr>\n<tr>\n<td>Volkswagen (VW) (EU) Golf IV 2.8 V6 4Motion (2000-2004), 5W-30 oder 0W-30, Inhalt: 5,5 Liter und Filter 0,5 Liter, Wechsel alle 30000 km\/ 24 Monate<\/td>\n<\/tr>\n<tr>\n<td>Volkswagen (VW) (EU) Golf IV R32 (2003-2004), 5W-30 oder 0W-30, Inhalt: 5,5 Liter, Wechsel alle 30000 km\/ 24 Monate<\/td>\n<\/tr>\n<\/tbody>\n<\/table>\n<p>&nbsp;<\/p>\n<table width=\"1028\">\n<tbody>\n<tr>\n<td width=\"1028\"><strong>Motor\u00f6l VOLKSWAGEN Golf 4 (VW) CABRIOLET 1E7<\/strong><\/td>\n<\/tr>\n<tr>\n<td>Volkswagen (VW) (EU) Golf IV Cabriolet 1.6 (74 kW) (1998-2000), 5W-30, 0W-40 oder 5W-40, Inhalt: 4 Liter, Wechsel alle 15000 km\/ 12 Monate<\/td>\n<\/tr>\n<tr>\n<td>Volkswagen (VW) (EU) Golf IV Cabriolet 1,8 (55 kW) (1998-2000), 5W-30, 0W-40 oder 5W-40, Inhalt: 3,8 Liter und Filter 0,5 Liter, Wechsel alle 15000 km\/ 12 Monate<\/td>\n<\/tr>\n<tr>\n<td>Volkswagen (VW) (EU) Golf IV Cabriolet 1,8 (55 kW) (1998-2000), 5W-30, 0W-40 oder 5W-40, Inhalt: 3,8 Liter und Filter 0,5 Liter, Wechsel alle 15000 km\/ 12 Monate<\/td>\n<\/tr>\n<tr>\n<td>Volkswagen (VW) (EU) Golf IV Cabriolet 1.9 TDI (66 kW) (1998-2000), 5W-50, 10W-40 oder 15W-40, Inhalt: 4,3 Liter und Filter 0,5 Liter, Wechsel alle 15000 km\/ 12 Monate<\/td>\n<\/tr>\n<tr>\n<td>Volkswagen (VW) (EU) Golf IV Cabriolet 1.9 TDI (66 kW) (2000-2002), 5W-30 oder 0W-30, Inhalt: 4,3 Liter und Filter 0,5 Liter, Wechsel alle 5.000 km\/ 24 Monate<\/td>\n<\/tr>\n<tr>\n<td>Volkswagen (VW) (EU) Golf IV Cabriolet 1.9 TDI (81 kW) (1998-2000), 5W-50, 10W-40 oder 15W-40, Inhalt: 4,3 Liter und Filter 0,5 Liter, Wechsel alle 15000 km\/ 12 Monate<\/td>\n<\/tr>\n<tr>\n<td>Volkswagen (VW) (EU) Golf IV Cabriolet 2.0 (85 kW) (1998-2000), 5W-30, 0W-40 oder 5W-40, Inhalt: 3,8-4 Liter, Wechsel alle 15000 km\/12 Monate<\/td>\n<\/tr>\n<tr>\n<td>Volkswagen (VW) (EU) Golf IV Cabriolet 2.0 (85 kW) (2000-2002), 5W-30 oder 0W-30, Inhalt: 0-4 Liter, Wechsel alle 30000 km\/ 24 Monate<\/td>\n<\/tr>\n<\/tbody>\n<\/table>\n<p>[\/et_pb_text][\/et_pb_column][et_pb_column type=\"1_4\u2033 _builder_version=\"3.25\u2033 custom_padding=\"|||\" global_colors_info=\"{}\" custom_padding__hover=\"|||\"][et_pb_code _builder_version=\"4.14.8\u2033 _module_preset=\"default\" global_module=\"121601\u2033 saved_tabs=\"all\" global_colors_info=\"{}\"]bloom test[\/et_pb_code][\/et_pb_column][\/et_pb_row][et_pb_row _builder_version=\"4.14.8\u2033 _module_preset=\"default\" global_colors_info=\"{}\"][et_pb_column type=\"4_4\u2033 _builder_version=\"4.14.8\u2033 _module_preset=\"default\" global_colors_info=\"{}\"][et_pb_code _builder_version=\"4.14.8\u2033 _module_preset=\"default\" global_module=\"121632\u2033 saved_tabs=\"all\" global_colors_info=\"{}\"]products[\/et_pb_code][\/et_pb_column][\/et_pb_row][\/et_pb_section]<\/p>","protected":false},"excerpt":{"rendered":"<p>Welches Motor\u00f6l Volkswagen Golf 4 (VW)Sie suchen Motor\u00f6l f\u00fcr den Volkswagen Golf 4 (VW Golf IV)? Auf dieser Seite finden Sie alle Modelle, das entsprechende Motor\u00f6l und dessen Inhaltsstoffe. Der Volkswagen Golf 4 (oder VW Typ 1J) ist ein Kompaktwagen, die vierte Generation des Volkswagen Golf und der Nachfolger des [...]<\/p>","protected":false},"author":1,"featured_media":0,"parent":0,"menu_order":0,"comment_status":"closed","ping_status":"closed","template":"","meta":{"_et_pb_use_builder":"on","_et_pb_old_content":"","_et_gb_content_width":"","footnotes":""},"class_list":["post-121827","page","type-page","status-publish","hentry"],"yoast_head":"<!-- This site is optimized with the Yoast SEO plugin v27.5 - https:\/\/yoast.com\/product\/yoast-seo-wordpress\/ -->\n<title>Motorolie Volkswagen Golf 4 (VW) nodig? Overzicht motorolie VW Golf IV<\/title>\n<meta name=\"description\" content=\"Motorolie Volkswagen Golf 4 overzicht. Welke motorolie gebruiken voor een VW Golf 4? Op deze pagina iedere VW Golf en geschikte motorolie\" \/>\n<meta name=\"robots\" content=\"index, follow, max-snippet:-1, max-image-preview:large, max-video-preview:-1\" \/>\n<link rel=\"canonical\" href=\"https:\/\/autobaak.nl\/de\/motorol-volkswagen-golf-4\/\" \/>\n<meta property=\"og:locale\" content=\"de_DE\" \/>\n<meta property=\"og:type\" content=\"article\" \/>\n<meta property=\"og:title\" content=\"Motorolie Volkswagen Golf 4 (VW) nodig? Overzicht motorolie VW Golf IV\" \/>\n<meta property=\"og:description\" content=\"Motorolie Volkswagen Golf 4 overzicht. Welke motorolie gebruiken voor een VW Golf 4? Op deze pagina iedere VW Golf en geschikte motorolie\" \/>\n<meta property=\"og:url\" content=\"https:\/\/autobaak.nl\/de\/motorol-volkswagen-golf-4\/\" \/>\n<meta property=\"og:site_name\" content=\"Autobaak.nl\" \/>\n<meta property=\"article:modified_time\" content=\"2022-03-07T14:31:07+00:00\" \/>\n<meta name=\"twitter:card\" content=\"summary_large_image\" \/>\n<meta name=\"twitter:label1\" content=\"Gesch\u00e4tzte Lesezeit\" \/>\n\t<meta name=\"twitter:data1\" content=\"7\u00a0Minuten\" \/>\n<script type=\"application\/ld+json\" class=\"yoast-schema-graph\">{\"@context\":\"https:\\\/\\\/schema.org\",\"@graph\":[{\"@type\":\"WebPage\",\"@id\":\"https:\\\/\\\/autobaak.nl\\\/motorolie-volkswagen-golf-4\\\/\",\"url\":\"https:\\\/\\\/autobaak.nl\\\/motorolie-volkswagen-golf-4\\\/\",\"name\":\"Motorolie Volkswagen Golf 4 (VW) nodig? Overzicht motorolie VW Golf IV\",\"isPartOf\":{\"@id\":\"https:\\\/\\\/autobaak.nl\\\/#website\"},\"datePublished\":\"2022-03-07T14:30:22+00:00\",\"dateModified\":\"2022-03-07T14:31:07+00:00\",\"description\":\"Motorolie Volkswagen Golf 4 overzicht. Welke motorolie gebruiken voor een VW Golf 4? Op deze pagina iedere VW Golf en geschikte motorolie\",\"breadcrumb\":{\"@id\":\"https:\\\/\\\/autobaak.nl\\\/motorolie-volkswagen-golf-4\\\/#breadcrumb\"},\"inLanguage\":\"de\",\"potentialAction\":[{\"@type\":\"ReadAction\",\"target\":[\"https:\\\/\\\/autobaak.nl\\\/motorolie-volkswagen-golf-4\\\/\"]}]},{\"@type\":\"BreadcrumbList\",\"@id\":\"https:\\\/\\\/autobaak.nl\\\/motorolie-volkswagen-golf-4\\\/#breadcrumb\",\"itemListElement\":[{\"@type\":\"ListItem\",\"position\":1,\"name\":\"Home\",\"item\":\"https:\\\/\\\/autobaak.nl\\\/\"},{\"@type\":\"ListItem\",\"position\":2,\"name\":\"Motorolie Volkswagen Golf 4 (VW)\"}]},{\"@type\":\"WebSite\",\"@id\":\"https:\\\/\\\/autobaak.nl\\\/#website\",\"url\":\"https:\\\/\\\/autobaak.nl\\\/\",\"name\":\"Autobaak.nl\",\"description\":\"Cars &amp; Racing\",\"potentialAction\":[{\"@type\":\"SearchAction\",\"target\":{\"@type\":\"EntryPoint\",\"urlTemplate\":\"https:\\\/\\\/autobaak.nl\\\/?s={search_term_string}\"},\"query-input\":{\"@type\":\"PropertyValueSpecification\",\"valueRequired\":true,\"valueName\":\"search_term_string\"}}],\"inLanguage\":\"de\"}]}<\/script>\n<!-- \/ Yoast SEO plugin. -->","yoast_head_json":{"title":"Brauchen Sie Motor\u00f6l Volkswagen Golf 4 (VW)? \u00dcbersicht Motor\u00f6l VW Golf IV","description":"Motor\u00f6l Volkswagen Golf 4 \u00dcbersicht. Welches Motor\u00f6l f\u00fcr einen VW Golf 4 verwenden? Auf dieser Seite finden Sie alle VW Golf und das passende Motor\u00f6l","robots":{"index":"index","follow":"follow","max-snippet":"max-snippet:-1","max-image-preview":"max-image-preview:large","max-video-preview":"max-video-preview:-1"},"canonical":"https:\/\/autobaak.nl\/de\/motorol-volkswagen-golf-4\/","og_locale":"de_DE","og_type":"article","og_title":"Motorolie Volkswagen Golf 4 (VW) nodig? Overzicht motorolie VW Golf IV","og_description":"Motorolie Volkswagen Golf 4 overzicht. Welke motorolie gebruiken voor een VW Golf 4? Op deze pagina iedere VW Golf en geschikte motorolie","og_url":"https:\/\/autobaak.nl\/de\/motorol-volkswagen-golf-4\/","og_site_name":"Autobaak.nl","article_modified_time":"2022-03-07T14:31:07+00:00","twitter_card":"summary_large_image","twitter_misc":{"Gesch\u00e4tzte Lesezeit":"7\u00a0Minuten"},"schema":{"@context":"https:\/\/schema.org","@graph":[{"@type":"WebPage","@id":"https:\/\/autobaak.nl\/motorolie-volkswagen-golf-4\/","url":"https:\/\/autobaak.nl\/motorolie-volkswagen-golf-4\/","name":"Brauchen Sie Motor\u00f6l Volkswagen Golf 4 (VW)? \u00dcbersicht Motor\u00f6l VW Golf IV","isPartOf":{"@id":"https:\/\/autobaak.nl\/#website"},"datePublished":"2022-03-07T14:30:22+00:00","dateModified":"2022-03-07T14:31:07+00:00","description":"Motor\u00f6l Volkswagen Golf 4 \u00dcbersicht. Welches Motor\u00f6l f\u00fcr einen VW Golf 4 verwenden? Auf dieser Seite finden Sie alle VW Golf und das passende Motor\u00f6l","breadcrumb":{"@id":"https:\/\/autobaak.nl\/motorolie-volkswagen-golf-4\/#breadcrumb"},"inLanguage":"de","potentialAction":[{"@type":"ReadAction","target":["https:\/\/autobaak.nl\/motorolie-volkswagen-golf-4\/"]}]},{"@type":"BreadcrumbList","@id":"https:\/\/autobaak.nl\/motorolie-volkswagen-golf-4\/#breadcrumb","itemListElement":[{"@type":"ListItem","position":1,"name":"Home","item":"https:\/\/autobaak.nl\/"},{"@type":"ListItem","position":2,"name":"Motorolie Volkswagen Golf 4 (VW)"}]},{"@type":"WebSite","@id":"https:\/\/autobaak.nl\/#website","url":"https:\/\/autobaak.nl\/","name":"Autobook.de","description":"Autos &amp; Rennsport","potentialAction":[{"@type":"SearchAction","target":{"@type":"EntryPoint","urlTemplate":"https:\/\/autobaak.nl\/?s={search_term_string}"},"query-input":{"@type":"PropertyValueSpecification","valueRequired":true,"valueName":"search_term_string"}}],"inLanguage":"de"}]}},"_links":{"self":[{"href":"https:\/\/autobaak.nl\/de\/wp-json\/wp\/v2\/pages\/121827","targetHints":{"allow":["GET"]}}],"collection":[{"href":"https:\/\/autobaak.nl\/de\/wp-json\/wp\/v2\/pages"}],"about":[{"href":"https:\/\/autobaak.nl\/de\/wp-json\/wp\/v2\/types\/page"}],"author":[{"embeddable":true,"href":"https:\/\/autobaak.nl\/de\/wp-json\/wp\/v2\/users\/1"}],"replies":[{"embeddable":true,"href":"https:\/\/autobaak.nl\/de\/wp-json\/wp\/v2\/comments?post=121827"}],"version-history":[{"count":0,"href":"https:\/\/autobaak.nl\/de\/wp-json\/wp\/v2\/pages\/121827\/revisions"}],"wp:attachment":[{"href":"https:\/\/autobaak.nl\/de\/wp-json\/wp\/v2\/media?parent=121827"}],"curies":[{"name":"wp","href":"https:\/\/api.w.org\/{rel}","templated":true}]}}