{"id":121875,"date":"2022-03-14T16:26:22","date_gmt":"2022-03-14T16:26:22","guid":{"rendered":"https:\/\/autobaak.nl\/?page_id=121875"},"modified":"2022-03-14T16:28:21","modified_gmt":"2022-03-14T16:28:21","slug":"motorol-bmw-x3","status":"publish","type":"page","link":"https:\/\/autobaak.nl\/de\/motorol-bmw-x3\/","title":{"rendered":"Motor\u00f6l BMW X3"},"content":{"rendered":"<p>[et_pb_section fb_built=\"1\u2033 custom_padding_last_edited=\"on|desktop\" admin_label=\"Section\" _builder_version=\"3.22\u2033 background_colour=\"#0c71c3\u2033 custom_padding_tablet=\"50px|0|50px|0\u2033 custom_padding_phone=\"50px|0|50px|0\u2033 transparent_background=\"off\" padding_mobile=\"off\" make_fullwidth=\"off\" use_custom_width=\"off\" width_unit=\"on\" global_colors_info=\"{}\"][et_pb_row admin_label=\"Row\" _builder_version=\"3.25\u2033 background_size=\"initial\" background_position=\"top_left\" background_repeat=\"repeat\" global_colors_info=\"{}\"][et_pb_column type=\"4_4\u2033 _builder_version=\"3.25\u2033 custom_padding=\"|||\" global_colors_info=\"{}\" custom_padding__hover=\"|||\"][et_pb_text admin_label=\"Text\" _builder_version=\"4.14.9\u2033 background_size=\"initial\" background_position=\"top_left\" background_repeat=\"repeat\" text_orientation=\"centre\" background_layout=\"dark\" module_alignment=\"centre\" use_border_color=\"off\" border_color=\"#ffffff\" border_style=\"solid\" global_colors_info=\"{}\"][et_pb_text admin_label=\"text<\/p>\n<h1 style=\"text-align: center;\">Welches Motor\u00f6l BMW X3<\/h1>\n<p>[\/et_pb_text][\/et_pb_column][\/et_pb_row][\/et_pb_section][et_pb_section fb_built=\"1\u2033 admin_label=\"Section\" _builder_version=\"3.22\u2033 global_colors_info=\"{}\"][et_pb_row column_structure=\"3_4,1_4\u2033 admin_label=\"Row\" _builder_version=\"3.25\u2033 background_size=\"initial\" background_position=\"top_left\" background_repeat=\"repeat\" global_colors_info=\"{}\"][et_pb_column type=\"3_4\u2033 _builder_version=\"3.25\u2033 custom_padding=\"|||\" global_colors_info=\"{}\" custom_padding__hover=\"|||\"][et_pb_text admin_label=\"Text\" _builder_version=\"4.14.9\u2033 background_size=\"initial\" background_position=\"top_left\" background_repeat=\"repeat\" hover_enabled=\"0\u2033 use_border_color=\"off\" border_color=\"#ffffff\" border_style=\"solid\" global_colors_info=\"{}\" sticky_enabled=\"0\u2033][et_pb_text admin_label=\"text\" _builder_version=\"4.14.<\/p>\n<p>Der BMW X3 wurde 2004 eingef\u00fchrt und war der kleine Bruder des BMW X5. Die meisten X3-Serien sind sehr zuverl\u00e4ssig, insbesondere die erste Generation des E83 war kugelsicher. Nat\u00fcrlich ist es auch wichtig, das Motor\u00f6l rechtzeitig zu wechseln. Damit beugen Sie Motorverschlei\u00df vor und sorgen daf\u00fcr, dass der Motor reibungslos l\u00e4uft. Au\u00dferdem senkt ein rechtzeitiger Wechsel des Motor\u00f6ls den Kraftstoffverbrauch und die Emissionen. Pr\u00fcfen Sie unten, welches Motor\u00f6l Ihr BMW X3 (E83, F25, G01) ben\u00f6tigt:<\/p>\n<p>[\/et_pb_text][et_pb_text admin_label=\"Text\" _builder_version=\"4.14.9\u2033 background_size=\"initial\" background_position=\"top_left\" background_repeat=\"repeat\" use_border_color=\"off\" border_color=\"#ffffff\" border_style=\"solid\" global_colors_info=\"{}\"]<\/p>\n<h2>Motor\u00f6l BMW X3 e83 Benzin und Diesel (2004-2010)<strong><br \/><\/strong><\/h2>\n<ul>\n<li>BMW X3 Serie 2.0i e83 =<br \/>Motor\u00f6l:\u00a0<strong>SAE<\/strong> <strong>5w30 <\/strong><strong><br \/><\/strong>Intervall:<strong> 20.000 km oder nach maximal 24 Monaten<br \/><\/strong>Menge<strong>: 4,25 Liter + 0,4 Liter im \u00d6lfilter<\/strong><\/li>\n<li>BMW X3 Serie 2.5i e83 =<br \/>Motor\u00f6l:\u00a0<strong>SAE<\/strong> <strong>5w30 <\/strong><strong><br \/><\/strong>Intervall:<strong> 20.000 km oder nach maximal 24 Monaten<br \/><\/strong>Menge<strong>: 6,2 Liter + 0,4 Liter im \u00d6lfilter<\/strong><\/li>\n<li>BMW X3 Serie 3.0i e83 =<br \/>Motor\u00f6l:\u00a0<strong>SAE<\/strong> <strong>5w30 <\/strong><strong><br \/><\/strong>Intervall:<strong> 20.000 km oder nach maximal 24 Monaten<br \/><\/strong>Menge<strong>: 6,2 Liter + 0,4 Liter im \u00d6lfilter<\/strong><\/li>\n<li>BMW X3 Serie 2.0d e83 =<br \/>Motor\u00f6l:\u00a0<strong>SAE<\/strong> <strong>5w30 <\/strong><strong><br \/><\/strong>Intervall:<strong> 20.000 km oder nach maximal 24 Monaten<br \/><\/strong>Menge<strong>: 5,3 Liter + 0,4 Liter im \u00d6lfilter<\/strong><\/li>\n<li>MW X3 Serie 1.8d XDRIVE e83 =<br \/>Motor\u00f6l:\u00a0<strong>SAE<\/strong> <strong>5w30 <\/strong><strong><br \/><\/strong>Intervall:<strong> 20.000 km oder nach maximal 24 Monaten<br \/><\/strong>Menge<strong>: 5,3 Liter + 0,4 Liter im \u00d6lfilter<\/strong><\/li>\n<li>MW X3 Serie 2.0d e83 =<br \/>Motor\u00f6l:\u00a0<strong>SAE<\/strong> <strong>5w30 <\/strong><strong><br \/><\/strong>Intervall:<strong> 20.000 km oder nach maximal 24 Monaten<br \/><\/strong>Menge<strong>: 5,3 Liter + 0,4 Liter im \u00d6lfilter<\/strong><\/li>\n<li>MW X3 Serie 3.0d e83 =<br \/>Motor\u00f6l:\u00a0<strong>SAE<\/strong> <strong>5w30 <\/strong><strong><br \/><\/strong>Intervall:<strong> 20.000 km oder nach maximal 24 Monaten<br \/><\/strong>Menge<strong>: 7,5 Liter + 0,4 Liter im \u00d6lfilter<\/strong><\/li>\n<li>MW X3 Serie 3.5d e83 =<br \/>Motor\u00f6l:\u00a0<strong>SAE<\/strong> <strong>5w30 <\/strong><strong><br \/><\/strong>Intervall:<strong> 20.000 km oder nach maximal 24 Monaten<br \/><\/strong>Menge<strong>: 6,5 Liter + 0,4 Liter im \u00d6lfilter<\/strong><\/li>\n<\/ul>\n<h2>Motor\u00f6l BMW X3 F25 Benzin und Diesel (2010-2017)<strong><br \/><\/strong><\/h2>\n<ul>\n<li>BMW X3 Serie 1.8i F25 =<br \/>Motor\u00f6l:\u00a0<strong>SAE<\/strong> <strong>5w30 <\/strong><strong><br \/><\/strong>Intervall:<strong> 30.000 km oder nach maximal 24 Monaten<br \/><\/strong>Menge<strong>: 5 Liter + 0,4 Liter im \u00d6lfilter<\/strong><\/li>\n<li>BMW X3 Serie 2.0i F25 =<br \/>Motor\u00f6l:\u00a0<strong>SAE<\/strong> <strong>5w30 <\/strong><strong><br \/><\/strong>Intervall:<strong> 30.000 km oder nach maximal 24 Monaten<br \/><\/strong>Menge<strong>: 5 Liter + 0,4 Liter im \u00d6lfilter<\/strong><\/li>\n<li>BMW X3 Serie 2.8i XDRIVE F25 =<br \/>Motor\u00f6l:\u00a0<strong>SAE<\/strong> <strong>5w30 <\/strong><strong><br \/><\/strong>Intervall:<strong> 30.000 km oder nach maximal 24 Monaten<br \/><\/strong>Menge<strong>: 5 Liter + 0,4 Liter im \u00d6lfilter<\/strong><\/li>\n<li>BMW X3 Serie 3.5i XDRIVE F25 =<br \/>Motor\u00f6l:\u00a0<strong>SAE<\/strong> <strong>5w30 <\/strong><strong><br \/><\/strong>Intervall:<strong> 30.000 km oder nach maximal 24 Monaten<br \/><\/strong>Menge<strong>: 6,5 Liter + 0,4 Liter im \u00d6lfilter<\/strong><\/li>\n<li>BMW X3 Serie 1.8d F25 =<br \/>Motor\u00f6l:\u00a0<strong>SAE<\/strong> <strong>5w30 <\/strong><strong><br \/><\/strong>Intervall:<strong> 30.000 km oder nach maximal 24 Monaten<br \/><\/strong>Menge<strong>: 5 Liter + 0,4 Liter im \u00d6lfilter<\/strong><\/li>\n<li>BMW X3 Serie 2.0d F25 =<br \/>Motor\u00f6l:\u00a0<strong>SAE<\/strong> <strong>5w30 <\/strong><strong><br \/><\/strong>Intervall:<strong> 30.000 km oder nach maximal 24 Monaten<br \/><\/strong>Menge<strong>: 5 Liter + 0,4 Liter im \u00d6lfilter<\/strong><\/li>\n<li>BMW X3 Serie 3.0d XDRIVE F25 =<br \/>Motor\u00f6l:\u00a0<strong>SAE<\/strong> <strong>5w30 <\/strong><strong><br \/><\/strong>Intervall:<strong> 30.000 km oder nach maximal 24 Monaten<br \/><\/strong>Menge<strong>: 6,5 Liter + 0,4 Liter im \u00d6lfilter<\/strong><\/li>\n<\/ul>\n<h2>Motor\u00f6l BMW X3 G01 \/ F97 Benzin und Diesel (2017-)<\/h2>\n<ul>\n<li>BMW X3 2.0i SDRIVE G01 \/ F97 =<br \/>Motor\u00f6l:\u00a0<strong>SAE<\/strong> <strong>0w20 <\/strong><strong><br \/><\/strong>Intervall:<strong> 30.000 km oder nach maximal 24 Monaten<br \/><\/strong>Menge<strong>: 5,25 Liter + 0,4 Liter im \u00d6lfilter<\/strong><\/li>\n<li>BMW X3 3.0i XDRIVE G01 \/ F97 =<br \/>Motor\u00f6l:\u00a0<strong>SAE<\/strong> <strong>0w20 <\/strong><strong><br \/><\/strong>Intervall:<strong> 30.000 km oder nach maximal 24 Monaten<br \/><\/strong>Menge<strong>: 5,25 Liter + 0,3 Liter im \u00d6lfilter<\/strong><\/li>\n<li>BMW X3 M40i G01 \/ F97 =<br \/>Motor\u00f6l:\u00a0<strong>SAE<\/strong> <strong>0w20 <\/strong><strong><br \/><\/strong>Intervall:<strong> 30.000 km oder nach maximal 24 Monaten<br \/><\/strong>Menge<strong>: 6,5 Liter + 0,3 Liter im \u00d6lfilter<\/strong><\/li>\n<li>BMW X3 1.8d SDRIVE G01 \/ F97 =<br \/>Motor\u00f6l:\u00a0<strong>SAE<\/strong> <strong>5w30 <\/strong><strong><br \/><\/strong>Intervall:<strong> 25.000 km oder nach maximal 24 Monaten<br \/><\/strong>Menge<strong>: 5,25 Liter + 0,4 Liter im \u00d6lfilter<\/strong><\/li>\n<li>BMW X3 2.0d SDRIVE G01 \/ F97 =<br \/>Motor\u00f6l:\u00a0<strong>SAE<\/strong> <strong>5w30 <\/strong><strong><br \/><\/strong>Intervall:<strong> 25.000 km oder nach maximal 24 Monaten<br \/><\/strong>Menge<strong>: 5,25 Liter + 0,4 Liter im \u00d6lfilter<\/strong><\/li>\n<li>BMW X3 2.5d SDRIVE G01 \/ F97 =<br \/>Motor\u00f6l:\u00a0<strong>SAE<\/strong> <strong>5w30 <\/strong><strong><br \/><\/strong>Intervall:<strong> 30.000 km oder nach maximal 24 Monaten<br \/><\/strong>Menge<strong>: 5 Liter + 0,4 Liter im \u00d6lfilter<\/strong><\/li>\n<li>BMW X3 3.0d XDRIVE G01 \/ F97 =<br \/>Motor\u00f6l:\u00a0<strong>SAE<\/strong> <strong>5w30 <\/strong><strong><br \/><\/strong>Intervall:<strong> 30.000 km oder nach maximal 24 Monaten<br \/><\/strong>Menge<strong>: 6,5 Liter + 0,4 Liter im \u00d6lfilter<\/strong><\/li>\n<\/ul>\n<p>[\/et_pb_text][\/et_pb_column][et_pb_column type=\"1_4\u2033 _builder_version=\"3.25\u2033 custom_padding=\"|||\" global_colors_info=\"{}\" custom_padding__hover=\"|||\"][et_pb_code _builder_version=\"4.14.8\u2033 _module_preset=\"default\" global_module=\"121601\u2033 saved_tabs=\"all\" global_colors_info=\"{}\"]bloom test[\/et_pb_code][\/et_pb_column][\/et_pb_row][et_pb_row _builder_version=\"4.14.8\u2033 _module_preset=\"default\" global_colors_info=\"{}\"][et_pb_column type=\"4_4\u2033 _builder_version=\"4.14.8\u2033 _module_preset=\"default\" global_colors_info=\"{}\"][et_pb_code _builder_version=\"4.14.8\u2033 _module_preset=\"default\" global_module=\"121632\u2033 saved_tabs=\"all\" global_colors_info=\"{}\"]products[\/et_pb_code][\/et_pb_column][\/et_pb_row][\/et_pb_section]<\/p>","protected":false},"excerpt":{"rendered":"<p>Welches Motor\u00f6l BMW X3Der BMW X3 wurde im Jahr 2004 eingef\u00fchrt und war der kleine Bruder des BMW X5. Die meisten X3 Serien sind sehr zuverl\u00e4ssig, besonders die erste Generation E83 war kugelsicher. Nat\u00fcrlich ist es auch wichtig, das Motor\u00f6l rechtzeitig zu wechseln. Damit beugen Sie dem Motorverschlei\u00df vor und sorgen f\u00fcr [...]<\/p>","protected":false},"author":1,"featured_media":0,"parent":0,"menu_order":0,"comment_status":"closed","ping_status":"closed","template":"","meta":{"_et_pb_use_builder":"on","_et_pb_old_content":"","_et_gb_content_width":"","footnotes":""},"class_list":["post-121875","page","type-page","status-publish","hentry"],"yoast_head":"<!-- This site is optimized with the Yoast SEO plugin v27.4 - https:\/\/yoast.com\/product\/yoast-seo-wordpress\/ -->\n<title>Welke motorolie BMW X3? Check de pagina e83\/F25\/G01 Dsl en benzine<\/title>\n<meta name=\"description\" content=\"Motorolie voor een BMW X3 nodig? Bekijk op deze pagina welke olie jij nodig hebt o.a. 2.0i, 2.0d 3.0i en 3.0d vanaf bj. 2004 tot 2022\" \/>\n<meta name=\"robots\" content=\"index, follow, max-snippet:-1, max-image-preview:large, max-video-preview:-1\" \/>\n<link rel=\"canonical\" href=\"https:\/\/autobaak.nl\/de\/motorol-bmw-x3\/\" \/>\n<meta property=\"og:locale\" content=\"de_DE\" \/>\n<meta property=\"og:type\" content=\"article\" \/>\n<meta property=\"og:title\" content=\"Welke motorolie BMW X3? Check de pagina e83\/F25\/G01 Dsl en benzine\" \/>\n<meta property=\"og:description\" content=\"Motorolie voor een BMW X3 nodig? Bekijk op deze pagina welke olie jij nodig hebt o.a. 2.0i, 2.0d 3.0i en 3.0d vanaf bj. 2004 tot 2022\" \/>\n<meta property=\"og:url\" content=\"https:\/\/autobaak.nl\/de\/motorol-bmw-x3\/\" \/>\n<meta property=\"og:site_name\" content=\"Autobaak.nl\" \/>\n<meta property=\"article:modified_time\" content=\"2022-03-14T16:28:21+00:00\" \/>\n<meta name=\"twitter:card\" content=\"summary_large_image\" \/>\n<meta name=\"twitter:label1\" content=\"Gesch\u00e4tzte Lesezeit\" \/>\n\t<meta name=\"twitter:data1\" content=\"4\u00a0Minuten\" \/>\n<script type=\"application\/ld+json\" class=\"yoast-schema-graph\">{\"@context\":\"https:\\\/\\\/schema.org\",\"@graph\":[{\"@type\":\"WebPage\",\"@id\":\"https:\\\/\\\/autobaak.nl\\\/motorolie-bmw-x3\\\/\",\"url\":\"https:\\\/\\\/autobaak.nl\\\/motorolie-bmw-x3\\\/\",\"name\":\"Welke motorolie BMW X3? Check de pagina e83\\\/F25\\\/G01 Dsl en benzine\",\"isPartOf\":{\"@id\":\"https:\\\/\\\/autobaak.nl\\\/#website\"},\"datePublished\":\"2022-03-14T16:26:22+00:00\",\"dateModified\":\"2022-03-14T16:28:21+00:00\",\"description\":\"Motorolie voor een BMW X3 nodig? Bekijk op deze pagina welke olie jij nodig hebt o.a. 2.0i, 2.0d 3.0i en 3.0d vanaf bj. 2004 tot 2022\",\"breadcrumb\":{\"@id\":\"https:\\\/\\\/autobaak.nl\\\/motorolie-bmw-x3\\\/#breadcrumb\"},\"inLanguage\":\"de\",\"potentialAction\":[{\"@type\":\"ReadAction\",\"target\":[\"https:\\\/\\\/autobaak.nl\\\/motorolie-bmw-x3\\\/\"]}]},{\"@type\":\"BreadcrumbList\",\"@id\":\"https:\\\/\\\/autobaak.nl\\\/motorolie-bmw-x3\\\/#breadcrumb\",\"itemListElement\":[{\"@type\":\"ListItem\",\"position\":1,\"name\":\"Home\",\"item\":\"https:\\\/\\\/autobaak.nl\\\/\"},{\"@type\":\"ListItem\",\"position\":2,\"name\":\"motorolie BMW X3\"}]},{\"@type\":\"WebSite\",\"@id\":\"https:\\\/\\\/autobaak.nl\\\/#website\",\"url\":\"https:\\\/\\\/autobaak.nl\\\/\",\"name\":\"Autobaak.nl\",\"description\":\"Cars &amp; Racing\",\"potentialAction\":[{\"@type\":\"SearchAction\",\"target\":{\"@type\":\"EntryPoint\",\"urlTemplate\":\"https:\\\/\\\/autobaak.nl\\\/?s={search_term_string}\"},\"query-input\":{\"@type\":\"PropertyValueSpecification\",\"valueRequired\":true,\"valueName\":\"search_term_string\"}}],\"inLanguage\":\"de\"}]}<\/script>\n<!-- \/ Yoast SEO plugin. -->","yoast_head_json":{"title":"Welches Motor\u00f6l BMW X3? Pr\u00fcfen Sie die Seite e83\/F25\/G01 Dsl und Benzin","description":"Sie ben\u00f6tigen Motor\u00f6l f\u00fcr einen BMW X3? Pr\u00fcfen Sie auf dieser Seite, welches \u00d6l Sie ben\u00f6tigen, einschlie\u00dflich 2.0i, 2.0d 3.0i und 3.0d ab Bj. 2004 bis 2022","robots":{"index":"index","follow":"follow","max-snippet":"max-snippet:-1","max-image-preview":"max-image-preview:large","max-video-preview":"max-video-preview:-1"},"canonical":"https:\/\/autobaak.nl\/de\/motorol-bmw-x3\/","og_locale":"de_DE","og_type":"article","og_title":"Welke motorolie BMW X3? Check de pagina e83\/F25\/G01 Dsl en benzine","og_description":"Motorolie voor een BMW X3 nodig? Bekijk op deze pagina welke olie jij nodig hebt o.a. 2.0i, 2.0d 3.0i en 3.0d vanaf bj. 2004 tot 2022","og_url":"https:\/\/autobaak.nl\/de\/motorol-bmw-x3\/","og_site_name":"Autobaak.nl","article_modified_time":"2022-03-14T16:28:21+00:00","twitter_card":"summary_large_image","twitter_misc":{"Gesch\u00e4tzte Lesezeit":"4\u00a0Minuten"},"schema":{"@context":"https:\/\/schema.org","@graph":[{"@type":"WebPage","@id":"https:\/\/autobaak.nl\/motorolie-bmw-x3\/","url":"https:\/\/autobaak.nl\/motorolie-bmw-x3\/","name":"Welches Motor\u00f6l BMW X3? Pr\u00fcfen Sie die Seite e83\/F25\/G01 Dsl und Benzin","isPartOf":{"@id":"https:\/\/autobaak.nl\/#website"},"datePublished":"2022-03-14T16:26:22+00:00","dateModified":"2022-03-14T16:28:21+00:00","description":"Sie ben\u00f6tigen Motor\u00f6l f\u00fcr einen BMW X3? Pr\u00fcfen Sie auf dieser Seite, welches \u00d6l Sie ben\u00f6tigen, einschlie\u00dflich 2.0i, 2.0d 3.0i und 3.0d ab Bj. 2004 bis 2022","breadcrumb":{"@id":"https:\/\/autobaak.nl\/motorolie-bmw-x3\/#breadcrumb"},"inLanguage":"de","potentialAction":[{"@type":"ReadAction","target":["https:\/\/autobaak.nl\/motorolie-bmw-x3\/"]}]},{"@type":"BreadcrumbList","@id":"https:\/\/autobaak.nl\/motorolie-bmw-x3\/#breadcrumb","itemListElement":[{"@type":"ListItem","position":1,"name":"Home","item":"https:\/\/autobaak.nl\/"},{"@type":"ListItem","position":2,"name":"motorolie BMW X3"}]},{"@type":"WebSite","@id":"https:\/\/autobaak.nl\/#website","url":"https:\/\/autobaak.nl\/","name":"Autobook.de","description":"Autos &amp; Rennsport","potentialAction":[{"@type":"SearchAction","target":{"@type":"EntryPoint","urlTemplate":"https:\/\/autobaak.nl\/?s={search_term_string}"},"query-input":{"@type":"PropertyValueSpecification","valueRequired":true,"valueName":"search_term_string"}}],"inLanguage":"de"}]}},"_links":{"self":[{"href":"https:\/\/autobaak.nl\/de\/wp-json\/wp\/v2\/pages\/121875","targetHints":{"allow":["GET"]}}],"collection":[{"href":"https:\/\/autobaak.nl\/de\/wp-json\/wp\/v2\/pages"}],"about":[{"href":"https:\/\/autobaak.nl\/de\/wp-json\/wp\/v2\/types\/page"}],"author":[{"embeddable":true,"href":"https:\/\/autobaak.nl\/de\/wp-json\/wp\/v2\/users\/1"}],"replies":[{"embeddable":true,"href":"https:\/\/autobaak.nl\/de\/wp-json\/wp\/v2\/comments?post=121875"}],"version-history":[{"count":0,"href":"https:\/\/autobaak.nl\/de\/wp-json\/wp\/v2\/pages\/121875\/revisions"}],"wp:attachment":[{"href":"https:\/\/autobaak.nl\/de\/wp-json\/wp\/v2\/media?parent=121875"}],"curies":[{"name":"wp","href":"https:\/\/api.w.org\/{rel}","templated":true}]}}