{"id":121893,"date":"2022-03-15T07:02:47","date_gmt":"2022-03-15T07:02:47","guid":{"rendered":"https:\/\/autobaak.nl\/?page_id=121893"},"modified":"2022-03-15T07:02:51","modified_gmt":"2022-03-15T07:02:51","slug":"motorol-bmw-x1-e84-f48","status":"publish","type":"page","link":"https:\/\/autobaak.nl\/de\/motorol-bmw-x1-e84-f48\/","title":{"rendered":"Motor\u00f6l BMW X1"},"content":{"rendered":"<p>[et_pb_section fb_built=\"1\u2033 custom_padding_last_edited=\"on|desktop\" admin_label=\"Section\" _builder_version=\"3.22\u2033 background_colour=\"#0c71c3\u2033 custom_padding_tablet=\"50px|0|50px|0\u2033 custom_padding_phone=\"50px|0|50px|0\u2033 transparent_background=\"off\" padding_mobile=\"off\" make_fullwidth=\"off\" use_custom_width=\"off\" width_unit=\"on\" global_colors_info=\"{}\"][et_pb_row admin_label=\"Row\" _builder_version=\"3.25\u2033 background_size=\"initial\" background_position=\"top_left\" background_repeat=\"repeat\" global_colors_info=\"{}\"][et_pb_column type=\"4_4\u2033 _builder_version=\"3.25\u2033 custom_padding=\"|||\" global_colors_info=\"{}\" custom_padding__hover=\"|||\"][et_pb_text admin_label=\"Text\" _builder_version=\"4.14.9\u2033 background_size=\"initial\" background_position=\"top_left\" background_repeat=\"repeat\" text_orientation=\"centre\" background_layout=\"dark\" module_alignment=\"centre\" use_border_color=\"off\" border_color=\"#ffffff\" border_style=\"solid\" global_colors_info=\"{}\"][et_pb_text admin_label=\"text<\/p>\n<h1 style=\"text-align: center;\">Welches Motor\u00f6l BMW X1<\/h1>\n<p>[\/et_pb_text][\/et_pb_column][\/et_pb_row][\/et_pb_section][et_pb_section fb_built=\"1\u2033 admin_label=\"Section\" _builder_version=\"3.22\u2033 global_colors_info=\"{}\"][et_pb_row column_structure=\"3_4,1_4\u2033 admin_label=\"Row\" _builder_version=\"3.25\u2033 background_size=\"initial\" background_position=\"top_left\" background_repeat=\"repeat\" global_colors_info=\"{}\"][et_pb_column type=\"3_4\u2033 _builder_version=\"3.25\u2033 custom_padding=\"|||\" global_colors_info=\"{}\" custom_padding_hover=\"|||\"][et_pb_text admin_label=\"Text\" _builder_version=\"4.14.9\u2033 background_size=\"initial\" background_position=\"top_left\" background_repeat=\"repeat\" use_border_color=\"off\" border_color=\"#ffffff\" border_style=\"solid\" global_colors_info=\"{}\"]<\/p>\n<p>Der BMW X1 wurde 2009 eingef\u00fchrt und war der kleine Bruder des BMW X3. Die meisten X1-Serien sind sehr zuverl\u00e4ssig, insbesondere die erste Generation E84 war sehr gut. Nat\u00fcrlich ist es auch wichtig, das Motor\u00f6l rechtzeitig zu wechseln. Damit beugen Sie Motorverschlei\u00df vor und sorgen daf\u00fcr, dass der Motor reibungslos l\u00e4uft. Au\u00dferdem senkt ein rechtzeitiger Wechsel des Motor\u00f6ls den Kraftstoffverbrauch und die Emissionen. Pr\u00fcfen Sie unten, welches Motor\u00f6l Ihr BMW X1 (E84 und F48) ben\u00f6tigt:<\/p>\n<p>[\/et_pb_text][et_pb_text admin_label=\"Text\" _builder_version=\"4.14.9\u2033 background_size=\"initial\" background_position=\"top_left\" background_repeat=\"repeat\" use_border_color=\"off\" border_color=\"#ffffff\" border_style=\"solid\" global_colors_info=\"{}\"]<\/p>\n<h2>Motor\u00f6l BMW X1 E84 Benzin und Diesel (2009-2015)<strong><br \/><\/strong><\/h2>\n<ul>\n<li>BMW X1 sDrive 16i e84 =<br \/>Motor\u00f6l:\u00a0<strong>SAE<\/strong> <strong>5w30 <\/strong><strong><br \/><\/strong>Intervall:<strong> 20.000 km oder nach maximal 24 Monaten<br \/><\/strong>Menge<strong>: 5 Liter + 0,4 Liter im \u00d6lfilter<\/strong><\/li>\n<li>BMW X1 sDrive 18i e84 =<br \/>Motor\u00f6l:\u00a0<strong>SAE<\/strong> <strong>5w30 <\/strong><strong><br \/><\/strong>Intervall:<strong> 20.000 km oder nach maximal 24 Monaten<br \/><\/strong>Menge<strong>: 4,25 Liter + 0,4 Liter im \u00d6lfilter<\/strong><\/li>\n<li>BMW X1 sDrive 20i e84 =<br \/>Motor\u00f6l:\u00a0<strong>SAE<\/strong> <strong>5w30 <\/strong><strong><br \/><\/strong>Intervall:<strong> 20.000 km oder nach maximal 24 Monaten<br \/><\/strong>Menge<strong>: 4,75 Liter + 0,4 Liter im \u00d6lfilter<\/strong><\/li>\n<li>BMW X1 sDrive 25i N52 e84 =<br \/>Motor\u00f6l:\u00a0<strong>SAE<\/strong> <strong>5w30 <\/strong><strong><br \/><\/strong>Intervall:<strong> 20.000 km oder nach maximal 24 Monaten<br \/><\/strong>Menge<strong>7 Liter + 0,4 Liter im \u00d6lfilter<\/strong><\/li>\n<li>BMW X1 sDrive 28i N20 e84 =<br \/>Motor\u00f6l:\u00a0<strong>SAE<\/strong> <strong>5w30 <\/strong><strong><br \/><\/strong>Intervall:<strong> 20.000 km oder nach maximal 24 Monaten<br \/><\/strong>Menge<strong>: 5 Liter + 0,4 Liter im \u00d6lfilter<\/strong><\/li>\n<li>BMW X1 sDrive 28i N52 e84 =<br \/>Motor\u00f6l:\u00a0<strong>SAE<\/strong> <strong>5w30 <\/strong><strong><br \/><\/strong>Intervall:<strong> 20.000 km oder nach maximal 24 Monaten<br \/><\/strong>Menge<strong>7 Liter + 0,4 Liter im \u00d6lfilter<\/strong><\/li>\n<li>BMW X1 XDrive 35i N52 e84 =<br \/>Motor\u00f6l:\u00a0<strong>SAE<\/strong> <strong>5w30 <\/strong><strong><br \/><\/strong>Intervall:<strong> 20.000 km oder nach maximal 24 Monaten<br \/><\/strong>Menge<strong>: 6,5 Liter + 0,4 Liter im \u00d6lfilter<\/strong><\/li>\n<li>BMW X1 sDrive 16d e84 =<br \/>Motor\u00f6l:\u00a0<strong>SAE<\/strong> <strong>5w30 <\/strong><strong><br \/><\/strong>Intervall:<strong> 20.000 km oder nach maximal 24 Monaten<br \/><\/strong>Menge<strong>: 5,2 Liter + 0,4 Liter im \u00d6lfilter<\/strong><\/li>\n<li>BMW X1 sDrive 18d e84 =<br \/>Motor\u00f6l:\u00a0<strong>SAE<\/strong> <strong>5w30 <\/strong><strong><br \/><\/strong>Intervall:<strong> 20.000 km oder nach maximal 24 Monaten<br \/><\/strong>Menge<strong>: 5,2 Liter + 0,4 Liter im \u00d6lfilter<\/strong><\/li>\n<li>BMW X1 sDrive 20d e84 =<br \/>Motor\u00f6l:\u00a0<strong>SAE<\/strong> <strong>5w30 <\/strong><strong><br \/><\/strong>Intervall:<strong> 20.000 km oder nach maximal 24 Monaten<br \/><\/strong>Menge<strong>: 5,2 Liter + 0,4 Liter im \u00d6lfilter<\/strong><\/li>\n<li>BMW X1 sDrive 23d e84 =<br \/>Motor\u00f6l:\u00a0<strong>SAE<\/strong> <strong>5w30 <\/strong><strong><br \/><\/strong>Intervall:<strong> 20.000 km oder nach maximal 24 Monaten<br \/><\/strong>Menge<strong>: 5,2 Liter + 0,4 Liter im \u00d6lfilter<\/strong><\/li>\n<li>BMW X1 sDrive 25d e84 =<br \/>Motor\u00f6l:\u00a0<strong>SAE<\/strong> <strong>5w30 <\/strong><strong><br \/><\/strong>Intervall:<strong> 20.000 km oder nach maximal 24 Monaten<br \/><\/strong>Menge<strong>: 5,2 Liter + 0,4 Liter im \u00d6lfilter<\/strong><\/li>\n<\/ul>\n<h2>Motor\u00f6l BMW X1 F48 Benzin und Diesel (2015-)<strong><br \/><\/strong><\/h2>\n<ul>\n<li>BMW X1 sDrive 18i F48 =<br \/>Motor\u00f6l:\u00a0<strong>SAE<\/strong> <strong>0w20 <br \/><\/strong>Intervall:<strong> 30.000 km oder nach maximal 24 Monaten<br \/><\/strong>Menge<strong>: 4,25 Liter + 0,4 Liter im \u00d6lfilter<\/strong><\/li>\n<li>BMW X1 sDrive 20i F48 =<br \/>Motor\u00f6l:\u00a0<strong>SAE<\/strong> <strong>0w20 <br \/><\/strong>Intervall:<strong> 30.000 km oder nach maximal 24 Monaten<br \/><\/strong>Menge<strong>: 5,25 Liter + 0,4 Liter im \u00d6lfilter<\/strong><\/li>\n<li>BMW X1 sDrive 25i F48 =<br \/>Motor\u00f6l:\u00a0<strong>SAE<\/strong> <strong>0w20 <br \/><\/strong>Intervall:<strong> 30.000 km oder nach maximal 24 Monaten<br \/><\/strong>Menge<strong>: 5,25 Liter + 0,4 Liter im \u00d6lfilter<\/strong><\/li>\n<li>BMW X1 sDrive 16d F48 =<br \/>Motor\u00f6l:\u00a0<strong>SAE<\/strong> <strong>5w30 <br \/><\/strong>Intervall:<strong> 30.000 km oder nach maximal 24 Monaten<br \/><\/strong>Menge<strong>: 4,8 Liter + 0,4 Liter im \u00d6lfilter<\/strong><\/li>\n<li>BMW X1 sDrive 18d F48 =<br \/>Motor\u00f6l:\u00a0<strong>SAE<\/strong> <strong>5w30 <br \/><\/strong>Intervall:<strong> 30.000 km oder nach maximal 24 Monaten<br \/><\/strong>Menge<strong>: 5 Liter + 0,4 Liter im \u00d6lfilter<\/strong><\/li>\n<li>BMW X1 sDrive 20d F48 =<br \/>Motor\u00f6l:\u00a0<strong>SAE<\/strong> <strong>5w30 <br \/><\/strong>Intervall:<strong> 30.000 km oder nach maximal 24 Monaten<br \/><\/strong>Menge<strong>5,5 Liter + 0,4 Liter im \u00d6lfilter<\/strong><\/li>\n<li>BMW X1 sDrive 25d F48 =<br \/>Motor\u00f6l:\u00a0<strong>SAE<\/strong> <strong>5w30 <br \/><\/strong>Intervall:<strong> 30.000 km oder nach maximal 24 Monaten<br \/><\/strong>Menge<strong>: 5 Liter + 0,4 Liter im \u00d6lfilter<\/strong><\/li>\n<\/ul>\n<p>[\/et_pb_text][\/et_pb_column][et_pb_column type=\"1_4\u2033 _builder_version=\"3.25\u2033 custom_padding=\"|||\" global_colors_info=\"{}\" custom_padding__hover=\"|||\"][et_pb_code _builder_version=\"4.14.8\u2033 _module_preset=\"default\" global_module=\"121601\u2033 saved_tabs=\"all\" global_colors_info=\"{}\"]bloom test[\/et_pb_code][\/et_pb_column][\/et_pb_row][et_pb_row _builder_version=\"4.14.8\u2033 _module_preset=\"default\" global_colors_info=\"{}\"][et_pb_column type=\"4_4\u2033 _builder_version=\"4.14.8\u2033 _module_preset=\"default\" global_colors_info=\"{}\"][et_pb_code _builder_version=\"4.14.8\u2033 _module_preset=\"default\" global_module=\"121632\u2033 saved_tabs=\"all\" global_colors_info=\"{}\"]products[\/et_pb_code][\/et_pb_column][\/et_pb_row][\/et_pb_section]<\/p>","protected":false},"excerpt":{"rendered":"<p>Welches Motor\u00f6l BMW X1Der BMW X1 wurde im Jahr 2009 eingef\u00fchrt und war der kleine Bruder des BMW X3. Die meisten X1 Serien sind sehr zuverl\u00e4ssig, besonders die erste Generation E84 war sehr gut. Nat\u00fcrlich ist es auch wichtig, das Motor\u00f6l rechtzeitig zu wechseln, damit beugen Sie Motorverschlei\u00df vor und sorgen [...]<\/p>","protected":false},"author":1,"featured_media":0,"parent":0,"menu_order":0,"comment_status":"closed","ping_status":"closed","template":"","meta":{"_et_pb_use_builder":"on","_et_pb_old_content":"","_et_gb_content_width":"","footnotes":""},"class_list":["post-121893","page","type-page","status-publish","hentry"],"yoast_head":"<!-- This site is optimized with the Yoast SEO plugin v27.4 - https:\/\/yoast.com\/product\/yoast-seo-wordpress\/ -->\n<title>Motorolie BMW X1? check welke olie je nodig hebt E84 en F48 benz en dsl<\/title>\n<meta name=\"description\" content=\"Welke motorolie heb je nodig voor jouw BMW X1 e84 en F48? Diesel en benzine o.a. de 1.6, 1.8, 2.0 2.5 en 3.5 D en i\" \/>\n<meta name=\"robots\" content=\"index, follow, max-snippet:-1, max-image-preview:large, max-video-preview:-1\" \/>\n<link rel=\"canonical\" href=\"https:\/\/autobaak.nl\/de\/motorol-bmw-x1-e84-f48\/\" \/>\n<meta property=\"og:locale\" content=\"de_DE\" \/>\n<meta property=\"og:type\" content=\"article\" \/>\n<meta property=\"og:title\" content=\"Motorolie BMW X1? check welke olie je nodig hebt E84 en F48 benz en dsl\" \/>\n<meta property=\"og:description\" content=\"Welke motorolie heb je nodig voor jouw BMW X1 e84 en F48? Diesel en benzine o.a. de 1.6, 1.8, 2.0 2.5 en 3.5 D en i\" \/>\n<meta property=\"og:url\" content=\"https:\/\/autobaak.nl\/de\/motorol-bmw-x1-e84-f48\/\" \/>\n<meta property=\"og:site_name\" content=\"Autobaak.nl\" \/>\n<meta property=\"article:modified_time\" content=\"2022-03-15T07:02:51+00:00\" \/>\n<meta name=\"twitter:card\" content=\"summary_large_image\" \/>\n<meta name=\"twitter:label1\" content=\"Gesch\u00e4tzte Lesezeit\" \/>\n\t<meta name=\"twitter:data1\" content=\"4\u00a0Minuten\" \/>\n<script type=\"application\/ld+json\" class=\"yoast-schema-graph\">{\"@context\":\"https:\\\/\\\/schema.org\",\"@graph\":[{\"@type\":\"WebPage\",\"@id\":\"https:\\\/\\\/autobaak.nl\\\/motorolie-bmw-x1-e84-f48\\\/\",\"url\":\"https:\\\/\\\/autobaak.nl\\\/motorolie-bmw-x1-e84-f48\\\/\",\"name\":\"Motorolie BMW X1? check welke olie je nodig hebt E84 en F48 benz en dsl\",\"isPartOf\":{\"@id\":\"https:\\\/\\\/autobaak.nl\\\/#website\"},\"datePublished\":\"2022-03-15T07:02:47+00:00\",\"dateModified\":\"2022-03-15T07:02:51+00:00\",\"description\":\"Welke motorolie heb je nodig voor jouw BMW X1 e84 en F48? Diesel en benzine o.a. de 1.6, 1.8, 2.0 2.5 en 3.5 D en i\",\"breadcrumb\":{\"@id\":\"https:\\\/\\\/autobaak.nl\\\/motorolie-bmw-x1-e84-f48\\\/#breadcrumb\"},\"inLanguage\":\"de\",\"potentialAction\":[{\"@type\":\"ReadAction\",\"target\":[\"https:\\\/\\\/autobaak.nl\\\/motorolie-bmw-x1-e84-f48\\\/\"]}]},{\"@type\":\"BreadcrumbList\",\"@id\":\"https:\\\/\\\/autobaak.nl\\\/motorolie-bmw-x1-e84-f48\\\/#breadcrumb\",\"itemListElement\":[{\"@type\":\"ListItem\",\"position\":1,\"name\":\"Home\",\"item\":\"https:\\\/\\\/autobaak.nl\\\/\"},{\"@type\":\"ListItem\",\"position\":2,\"name\":\"Motorolie BMW X1\"}]},{\"@type\":\"WebSite\",\"@id\":\"https:\\\/\\\/autobaak.nl\\\/#website\",\"url\":\"https:\\\/\\\/autobaak.nl\\\/\",\"name\":\"Autobaak.nl\",\"description\":\"Cars &amp; Racing\",\"potentialAction\":[{\"@type\":\"SearchAction\",\"target\":{\"@type\":\"EntryPoint\",\"urlTemplate\":\"https:\\\/\\\/autobaak.nl\\\/?s={search_term_string}\"},\"query-input\":{\"@type\":\"PropertyValueSpecification\",\"valueRequired\":true,\"valueName\":\"search_term_string\"}}],\"inLanguage\":\"de\"}]}<\/script>\n<!-- \/ Yoast SEO plugin. -->","yoast_head_json":{"title":"Motor\u00f6l BMW X1? pr\u00fcfen, welches \u00d6l Sie ben\u00f6tigen E84 und F48 Benzin und Diesel","description":"Welches Motor\u00f6l ben\u00f6tigen Sie f\u00fcr Ihren BMW X1 e84 und F48? Diesel und Benziner einschlie\u00dflich 1.6, 1.8, 2.0, 2.5 und 3.5 D und i","robots":{"index":"index","follow":"follow","max-snippet":"max-snippet:-1","max-image-preview":"max-image-preview:large","max-video-preview":"max-video-preview:-1"},"canonical":"https:\/\/autobaak.nl\/de\/motorol-bmw-x1-e84-f48\/","og_locale":"de_DE","og_type":"article","og_title":"Motorolie BMW X1? check welke olie je nodig hebt E84 en F48 benz en dsl","og_description":"Welke motorolie heb je nodig voor jouw BMW X1 e84 en F48? Diesel en benzine o.a. de 1.6, 1.8, 2.0 2.5 en 3.5 D en i","og_url":"https:\/\/autobaak.nl\/de\/motorol-bmw-x1-e84-f48\/","og_site_name":"Autobaak.nl","article_modified_time":"2022-03-15T07:02:51+00:00","twitter_card":"summary_large_image","twitter_misc":{"Gesch\u00e4tzte Lesezeit":"4\u00a0Minuten"},"schema":{"@context":"https:\/\/schema.org","@graph":[{"@type":"WebPage","@id":"https:\/\/autobaak.nl\/motorolie-bmw-x1-e84-f48\/","url":"https:\/\/autobaak.nl\/motorolie-bmw-x1-e84-f48\/","name":"Motor\u00f6l BMW X1? pr\u00fcfen, welches \u00d6l Sie ben\u00f6tigen E84 und F48 Benzin und Diesel","isPartOf":{"@id":"https:\/\/autobaak.nl\/#website"},"datePublished":"2022-03-15T07:02:47+00:00","dateModified":"2022-03-15T07:02:51+00:00","description":"Welches Motor\u00f6l ben\u00f6tigen Sie f\u00fcr Ihren BMW X1 e84 und F48? Diesel und Benziner einschlie\u00dflich 1.6, 1.8, 2.0, 2.5 und 3.5 D und i","breadcrumb":{"@id":"https:\/\/autobaak.nl\/motorolie-bmw-x1-e84-f48\/#breadcrumb"},"inLanguage":"de","potentialAction":[{"@type":"ReadAction","target":["https:\/\/autobaak.nl\/motorolie-bmw-x1-e84-f48\/"]}]},{"@type":"BreadcrumbList","@id":"https:\/\/autobaak.nl\/motorolie-bmw-x1-e84-f48\/#breadcrumb","itemListElement":[{"@type":"ListItem","position":1,"name":"Home","item":"https:\/\/autobaak.nl\/"},{"@type":"ListItem","position":2,"name":"Motorolie BMW X1"}]},{"@type":"WebSite","@id":"https:\/\/autobaak.nl\/#website","url":"https:\/\/autobaak.nl\/","name":"Autobook.de","description":"Autos &amp; Rennsport","potentialAction":[{"@type":"SearchAction","target":{"@type":"EntryPoint","urlTemplate":"https:\/\/autobaak.nl\/?s={search_term_string}"},"query-input":{"@type":"PropertyValueSpecification","valueRequired":true,"valueName":"search_term_string"}}],"inLanguage":"de"}]}},"_links":{"self":[{"href":"https:\/\/autobaak.nl\/de\/wp-json\/wp\/v2\/pages\/121893","targetHints":{"allow":["GET"]}}],"collection":[{"href":"https:\/\/autobaak.nl\/de\/wp-json\/wp\/v2\/pages"}],"about":[{"href":"https:\/\/autobaak.nl\/de\/wp-json\/wp\/v2\/types\/page"}],"author":[{"embeddable":true,"href":"https:\/\/autobaak.nl\/de\/wp-json\/wp\/v2\/users\/1"}],"replies":[{"embeddable":true,"href":"https:\/\/autobaak.nl\/de\/wp-json\/wp\/v2\/comments?post=121893"}],"version-history":[{"count":0,"href":"https:\/\/autobaak.nl\/de\/wp-json\/wp\/v2\/pages\/121893\/revisions"}],"wp:attachment":[{"href":"https:\/\/autobaak.nl\/de\/wp-json\/wp\/v2\/media?parent=121893"}],"curies":[{"name":"wp","href":"https:\/\/api.w.org\/{rel}","templated":true}]}}