{"id":132,"date":"2017-05-09T20:41:31","date_gmt":"2017-05-09T20:41:31","guid":{"rendered":"https:\/\/autobaak.nl\/?page_id=132"},"modified":"2021-01-04T16:37:29","modified_gmt":"2021-01-04T16:37:29","slug":"audi-a3","status":"publish","type":"page","link":"https:\/\/autobaak.nl\/de\/audi-a3\/","title":{"rendered":"Audi A3"},"content":{"rendered":"<p>[et_pb_section fb_built=\"1\u2033 custom_padding_last_edited=\"on|desktop\" _builder_version=\"3.23.3\u2033 background_colour=\"#0c71c3\u2033 custom_margin=\"||20px|\" custom_padding_tablet=\"50px|0|50px|0\u2033 custom_padding_phone=\"\" z_index_tablet=\"500\u2033 box_shadow_horizontal_tablet=\"0px\" box_shadow_vertical_tablet=\"0px\" box_shadow_blur_tablet=\"40px\" box_shadow_spread_tablet=\"0px\" transparent_background=\"off\" make_fullwidth=\"off\" use_custom_width=\"off\" width_unit=\"on\"][et_pb_row _builder_version=\"3.25\u2033 background_size=\"initial\" background_position=\"top_left\" background_repeat=\"repeat\"][et_pb_column type=\"4_4\u2033 _builder_version=\"3.25\u2033 custom_padding=\"|||\" custom_padding__hover=\"|||\"][et_pb_text _builder_version=\"3.27.4\u2033 background_size=\"initial\" background_position=\"top_left\" background_repeat=\"repeat\" text_orientation=\"centre\" background_layout=\"dark\" module_alignment=\"centre\" use_border_color=\"off\" border_color=\"#ffffff\" border_style=\"solid\"][et_pb_text _builder_version=\"3.27.<\/p>\n<h1 style=\"text-align: center;\">Wann ist der Audi A3 Zahnriemen zu wechseln?<\/h1>\n<p>[\/et_pb_text][\/et_pb_column][\/et_pb_row][\/et_pb_section][et_pb_section fb_built=\"1\u2033 _builder_version=\"4.0.7\u2033 inner_width_tablet=\"50px\" inner_max_width_tablet=\"50px\" custom_margin=\"||-40px|\" custom_padding=\"2px||0px||false|false\" z_index_tablet=\"500\u2033 box_shadow_horizontal_tablet=\"0px\" box_shadow_vertical_tablet=\"0px\" box_shadow_blur_tablet=\"40px\" box_shadow_spread_tablet=\"0px\" global_module=\"1614\u2033][et_pb_row _builder_version=\"3.25\u2033 background_size=\"initial\" background_position=\"top_left\" background_repeat=\"repeat\"][et_pb_column type=\"4_4\u2033 _builder_version=\"3.25\u2033 custom_padding=\"|||\" custom_padding__hover=\"|||\"][et_pb_code _builder_version=\"4.7.7\u2033 _module_preset=\"default\"]<iframe loading=\"lazy\" style=\"overflow: hidden; border: none\" src=\"https:\/\/html.dt51.net\/12298\/1550000\/?wi=334511&#038;ws=\" width=\"970\" height=\"90\" frameborder=\"0\" marginwidth=\"0\" marginheight=\"0\" scrolling=\"no\"><\/iframe>[\/et_pb_code][\/et_pb_column][\/et_pb_row][\/et_pb_section][et_pb_section fb_built=\"1\u2033 _builder_version=\"3.23.3\u2033 custom_margin=\"15px|||\" custom_padding=\"1px|||||\" z_index_tablet=\"500\u2033 box_shadow_horizontal_tablet=\"0px\" box_shadow_vertical_tablet=\"0px\" box_shadow_blur_tablet=\"40px\" box_shadow_spread_tablet=\"0px\"][et_pb_row column_structure=\"2_3,1_3\u2033 _builder_version=\"3.25\u2033 background_size=\"initial\" background_position=\"top_left\" background_repeat=\"repeat\" custom_padding=\"0px|||||\"][et_pb_column type=\"2_3\u2033 _builder_version=\"3.25\u2033 custom_padding=\"|||\" custom_padding__hover=\"|||\"][et_pb_text _builder_version=\"3.27.4\u2033 background_size=\"initial\" background_position=\"top_left\" background_repeat=\"repeat\" use_border_color=\"off\" border_color=\"#ffffff\" border_style=\"solid\"]<\/p>\n<p>\nDer Audi A3 ist ein kompaktes Mittelklassemodell von Audi. Dieses Modell ist sowohl mit Benzin- als auch mit Dieselmotoren erh\u00e4ltlich. Nachfolgend finden Sie eine \u00dcbersicht \u00fcber die Wechselintervalle des Zahnriemens. Wenn Sie nicht wissen, welchen Motor Ihr Fahrzeug hat, k\u00f6nnen Sie unten das Kennzeichen eingeben.<\/p>\n<p>[open_rdw_check \"marke\" \"handelsname\" \"fahrzeugtyp\" \"kraftstoff_beschreibung\" \"anzahl_zylinder\" \"hubraum\" \"expiry_apk\"]<br \/>\n[\/et_pb_text][et_pb_text _builder_version=\"3.27.4\u2033 background_size=\"initial\" background_position=\"top_left\" background_repeat=\"repeat\" use_border_color=\"off\" border_color=\"#ffffff\" border_style=\"solid\"]<\/p>\n<h2><strong>Benzin<\/strong> <strong>Varianten:<br \/><\/strong><\/h2>\n<ul>\n<li>Audi A3 1,2 TSI (ab 2010) = 1,0 <b>Steuerkette;<\/b><\/li>\n<li>Audi A3 1,2 TSI (ab 2013) = 1,0 <b>210.000 Kilometer;<\/b><\/li>\n<li>Audi A3 1,2 TFSI (ab 2014) = 1,0\u00a0<b>210.000 Kilometer;<\/b><\/li>\n<li>Audi A3 1.4 TFSI (Zeitraum 2007 - 2012) = <b>Steuerkette;<\/b><\/li>\n<li>Audi A3 1,4 TFSI (ab 2012) = 1,0\u00a0<b>210.000 Kilometer;<\/b><\/li>\n<li>Audi A3 1.6 = <strong>120 000<\/strong><b> Kilometern oder bis zu 5 Jahren;<br \/><\/b><\/li>\n<li>Audi A3 1.6 FSI = <b>Steuerkette;<\/b><\/li>\n<li>Audi A3 1.8 = <strong>180 000<\/strong><b> Kilometern oder bis zu 5 Jahren;<\/b><\/li>\n<li>Audi A3 1.8 TFSI =\u00a0<b>Steuerkette;<\/b><\/li>\n<li>Audi A3 1.8 TFSI quattro =\u00a0<b>Steuerkette;<\/b><\/li>\n<li>Audi A3 1.8 T = <strong>180 000<\/strong><b> Kilometern oder bis zu 5 Jahren;<\/b><\/li>\n<li>Audi A3 1.8 T quattro = <strong>180 000<\/strong><b> Kilometern oder bis zu 5 Jahren;<\/b><\/li>\n<li>Audi A3 2.0 FSI = <strong>180 000<\/strong><b> Kilometrierung;<\/b><\/li>\n<li>Audi A3 2.0 TFSI = <strong>180 000<\/strong><b> Kilometrierung;<\/b><\/li>\n<li>Audi A3 2.0 TFSI (CAWB) = <strong>Steuerkette;<\/strong><\/li>\n<li>Audi A3 2.0 TFSI quattro = <strong>180 000<\/strong><b> Kilometrierung;<\/b><\/li>\n<li>Audi A3 2.0 TFSI quattro (CCZA) = <strong>Steuerkette;<\/strong><\/li>\n<li>Audi A3 S3 quattro (bis 2012) = <strong>180 000<\/strong><b> Kilometern oder bis zu 5 Jahren;<\/b><\/li>\n<li>Audi A3 S3 quattro (ab 2012) =\u00a0<b><strong>Steuerkette;<\/strong><\/b><\/li>\n<li>Audi A3 S3 quattro (AMK) = <strong>120 000<\/strong><b> Kilometrierung;<\/b><\/li>\n<li>Audi A3 3.2 V6 quattro = <b><strong>Steuerkette<\/strong>.<\/b><\/li>\n<li><b><\/b><\/li>\n<\/ul>\n<h2><strong>Diesel-Varianten:<br \/><\/strong><\/h2>\n<ul>\n<li>Audi A3 1.6 TDI (Zeitraum 2009 - 2012) =<strong>\u00a0210 000<b> Kilometrierung;<\/b><\/strong><\/li>\n<li>Audi A3 1,6 TDI (ab 2012) = 1,0<strong>\u00a0210 000<b> Kilometrierung;<\/b><\/strong><\/li>\n<li>Audi A3 1.9 TDI (bis 1999) =<strong>\u00a060 000<b> Kilometrierung;<\/b><br \/><\/strong><\/li>\n<li>Audi A3 1.9 TDI (ab 2000) =<strong>\u00a090 000<b> Kilometrierung;<\/b><\/strong><\/li>\n<li>Audi A3 1.9 TDI (ab 2002) =<strong>\u00a0120 000<b> Kilometrierung;<\/b><\/strong><\/li>\n<li>Audi A3 1.9 TDI (ab 2006) =<strong>\u00a0120 000<b> Kilometrierung;<\/b><\/strong><\/li>\n<li>Audi A3 1.9 TDI (ab 2009) =<strong>\u00a0150 000<b> Kilometrierung;<\/b><\/strong><\/li>\n<li>Audi A3 1.9 TDI AZV (bis 2006) =<strong>\u00a0120 000<b> Kilometrierung;<\/b><\/strong><\/li>\n<li>Audi A3 1.9 TDI AZV (ab 2007) =<strong>\u00a0150 000<b> Kilometrierung;<\/b><\/strong><\/li>\n<li>Audi A3 1.9 TDI CBAA (bis 2009) =<strong>\u00a0180 000<b> Kilometrierung;<\/b><\/strong><\/li>\n<li>Audi A3 1,9 TDI CBAA (ab 2010) = 1,0<strong>\u00a0210 000<b> Kilometrierung;<\/b><\/strong><\/li>\n<li>Audi A3 2.0 TDI (bis 2006) =<strong>\u00a0120 000<b> Kilometrierung;<\/b><\/strong><\/li>\n<li>Audi A3 2.0 TDI (Zeitraum 2007 - 2012) =<strong>\u00a0150 000<b> Kilometrierung;<\/b><\/strong><\/li>\n<li>Audi A3 2.0 TDI (ab 2012) =<strong>\u00a0210 000<b> Kilometrierung;<\/b><\/strong><\/li>\n<li>Audi A3 2.0 TDI quattro (ab 2012) =<strong>\u00a0210 000<b> Kilometrierung;<\/b><\/strong><\/li>\n<li>Audi A3 2.0 TDI BMN (bis 2006) =<strong>\u00a0120 000<b> Kilometrierung;<\/b><\/strong><\/li>\n<li>Audi A3 2.0 TDI BMN (ab 2007) =<strong>\u00a0150 000<b> Kilometrierung;<\/b><\/strong><\/li>\n<li>Audi A3 2.0 TDI CBBB (bis 2009) =<strong>\u00a0180 000<b> Kilometrierung;<\/b><\/strong><\/li>\n<li>Audi A3 2.0 TDI CBBB (ab 2010) =<strong>\u00a0210 000<b> Kilometrierung;<\/b><\/strong><\/li>\n<li>Audi A3 2.0 TDI CFGB =<strong>\u00a0210 000<b> Kilometrierung;<\/b><\/strong><\/li>\n<li>Audi A3 2.0 TDI 16V BKD (bis 2006) =<strong>\u00a0120 000<b> Kilometrierung;<\/b><\/strong><\/li>\n<li>Audi A3 2.0 TDI 16V BKD (ab 2007) =<strong>\u00a0150 000<b> Kilometrierung;<\/b><\/strong><\/li>\n<li>Audi A3 2.0 TDI 16V CBAB (bis 2009) =<strong>\u00a0180 000<b> Kilometrierung;<\/b><\/strong><\/li>\n<li>Audi A3 2.0 TDI 16V CBAB (ab 2010) = 1.0<strong>\u00a0210 000<b> Kilometrierung;<\/b><\/strong><\/li>\n<li>Audi A3 2.0 TDI 16V CFFB =<strong>\u00a0210 000<b> Kilometrierung;<\/b><\/strong><\/li>\n<li>Audi A3 2.0 TDI 16V quattro BKD (bis 2006) =<strong>\u00a0120 000<b> Kilometrierung;<\/b><\/strong><\/li>\n<li>Audi A3 2,0 TDI 16V quattro BKD (ab 2007) = 1,0<strong>\u00a0150 000<b> Kilometrierung;<\/b><\/strong><\/li>\n<li>Audi A3 2.0 TDI 16V quattro CBAB (bis 2009) =<strong>\u00a0180 000<b> Kilometrierung;<\/b><\/strong><\/li>\n<li>Audi A3 2.0 TDI 16V quattro CBAB (ab 2010) = 1.0<strong>\u00a0210 000<b> Kilometrierung;<\/b><\/strong><\/li>\n<li>Audi A3 2.0 TDI 16V quattro CFFB =<strong>\u00a0210 000<b> Kilometrierung.<\/b><\/strong><\/li>\n<li><b><\/b><\/li>\n<\/ul>\n<p>[\/et_pb_text][\/et_pb_column][et_pb_column type=\"1_3\u2033 _builder_version=\"3.25\u2033 custom_padding=\"|||\" custom_padding__hover=\"|||\"][et_pb_code _builder_version=\"4.2.2\u2033]<!-- [et_pb_line_break_holder] --><a href=\"https:\/\/lt45.net\/c\/?si=13244&#038;li=1625022&#038;wi=334511&#038;ws=\" rel=\"sponsored noopener noreferrer\" target=\"_blank\"><img decoding=\"async\" src=\"https:\/\/static-dscn.net\/13244\/1625022\/?wi=334511&#038;ws=\" alt=\"\" style=\"max-width:100%; height:auto; border:none;\" \/><\/a><!-- [et_pb_line_break_holder] -->[\/et_pb_code][\/et_pb_column][\/et_pb_row][\/et_pb_section].<\/p>","protected":false},"excerpt":{"rendered":"<p>Wann ist der Zahnriemen zu wechseln Audi A3 Der Audi A3 ist ein Mittelklasse-Kompaktwagen von Audi. Dieses Modell ist sowohl mit Benzin- als auch mit Dieselmotoren erh\u00e4ltlich. Nachfolgend finden Sie eine \u00dcbersicht \u00fcber das Wechselintervall des Zahnriemens. Wenn Sie nicht wissen, welchen Motor Ihr Auto hat, k\u00f6nnen Sie unten die Zulassungsnummer eingeben. [open_rdw_check \"marke\" \"markenname\" \"fahrzeugtyp\" \"kraftstoff_beschreibung\" \"anzahl_zylinder\" [...]<\/p>","protected":false},"author":1,"featured_media":0,"parent":0,"menu_order":0,"comment_status":"closed","ping_status":"closed","template":"","meta":{"_et_pb_use_builder":"on","_et_pb_old_content":"","_et_gb_content_width":"","footnotes":""},"class_list":["post-132","page","type-page","status-publish","hentry"],"yoast_head":"<!-- This site is optimized with the Yoast SEO plugin v27.4 - https:\/\/yoast.com\/product\/yoast-seo-wordpress\/ -->\n<title>Audi A3 distributieriem interval tdi en fsi alle modellen diesel en benzine<\/title>\n<meta name=\"description\" content=\"Wanneer distributieriem vervangen Audi A3. Zowel voor diesel motoren als benzine varianten. met o.a. de 1.2, 1.6 en TDI. Vind de vervangingsinterval hier.\" \/>\n<meta name=\"robots\" content=\"index, follow, max-snippet:-1, max-image-preview:large, max-video-preview:-1\" \/>\n<link rel=\"canonical\" href=\"https:\/\/autobaak.nl\/de\/audi-a3\/\" \/>\n<meta property=\"og:locale\" content=\"de_DE\" \/>\n<meta property=\"og:type\" content=\"article\" \/>\n<meta property=\"og:title\" content=\"Audi A3 distributieriem interval tdi en fsi alle modellen diesel en benzine\" \/>\n<meta property=\"og:description\" content=\"Wanneer distributieriem vervangen Audi A3. Zowel voor diesel motoren als benzine varianten. met o.a. de 1.2, 1.6 en TDI. Vind de vervangingsinterval hier.\" \/>\n<meta property=\"og:url\" content=\"https:\/\/autobaak.nl\/de\/audi-a3\/\" \/>\n<meta property=\"og:site_name\" content=\"Autobaak.nl\" \/>\n<meta property=\"article:modified_time\" content=\"2021-01-04T16:37:29+00:00\" \/>\n<meta property=\"og:image\" content=\"https:\/\/static-dscn.net\/13244\/1625022\/?wi=334511&ws=\" \/>\n<meta name=\"twitter:card\" content=\"summary_large_image\" \/>\n<meta name=\"twitter:label1\" content=\"Gesch\u00e4tzte Lesezeit\" \/>\n\t<meta name=\"twitter:data1\" content=\"4\u00a0Minuten\" \/>\n<script type=\"application\/ld+json\" class=\"yoast-schema-graph\">{\"@context\":\"https:\\\/\\\/schema.org\",\"@graph\":[{\"@type\":\"WebPage\",\"@id\":\"https:\\\/\\\/autobaak.nl\\\/audi-a3\\\/\",\"url\":\"https:\\\/\\\/autobaak.nl\\\/audi-a3\\\/\",\"name\":\"Audi A3 distributieriem interval tdi en fsi alle modellen diesel en benzine\",\"isPartOf\":{\"@id\":\"https:\\\/\\\/autobaak.nl\\\/#website\"},\"primaryImageOfPage\":{\"@id\":\"https:\\\/\\\/autobaak.nl\\\/audi-a3\\\/#primaryimage\"},\"image\":{\"@id\":\"https:\\\/\\\/autobaak.nl\\\/audi-a3\\\/#primaryimage\"},\"thumbnailUrl\":\"https:\\\/\\\/static-dscn.net\\\/13244\\\/1625022\\\/?wi=334511&ws=\",\"datePublished\":\"2017-05-09T20:41:31+00:00\",\"dateModified\":\"2021-01-04T16:37:29+00:00\",\"description\":\"Wanneer distributieriem vervangen Audi A3. Zowel voor diesel motoren als benzine varianten. met o.a. de 1.2, 1.6 en TDI. Vind de vervangingsinterval hier.\",\"breadcrumb\":{\"@id\":\"https:\\\/\\\/autobaak.nl\\\/audi-a3\\\/#breadcrumb\"},\"inLanguage\":\"de\",\"potentialAction\":[{\"@type\":\"ReadAction\",\"target\":[\"https:\\\/\\\/autobaak.nl\\\/audi-a3\\\/\"]}]},{\"@type\":\"ImageObject\",\"inLanguage\":\"de\",\"@id\":\"https:\\\/\\\/autobaak.nl\\\/audi-a3\\\/#primaryimage\",\"url\":\"https:\\\/\\\/static-dscn.net\\\/13244\\\/1625022\\\/?wi=334511&ws=\",\"contentUrl\":\"https:\\\/\\\/static-dscn.net\\\/13244\\\/1625022\\\/?wi=334511&ws=\"},{\"@type\":\"BreadcrumbList\",\"@id\":\"https:\\\/\\\/autobaak.nl\\\/audi-a3\\\/#breadcrumb\",\"itemListElement\":[{\"@type\":\"ListItem\",\"position\":1,\"name\":\"Home\",\"item\":\"https:\\\/\\\/autobaak.nl\\\/\"},{\"@type\":\"ListItem\",\"position\":2,\"name\":\"Audi A3\"}]},{\"@type\":\"WebSite\",\"@id\":\"https:\\\/\\\/autobaak.nl\\\/#website\",\"url\":\"https:\\\/\\\/autobaak.nl\\\/\",\"name\":\"Autobaak.nl\",\"description\":\"Cars &amp; Racing\",\"potentialAction\":[{\"@type\":\"SearchAction\",\"target\":{\"@type\":\"EntryPoint\",\"urlTemplate\":\"https:\\\/\\\/autobaak.nl\\\/?s={search_term_string}\"},\"query-input\":{\"@type\":\"PropertyValueSpecification\",\"valueRequired\":true,\"valueName\":\"search_term_string\"}}],\"inLanguage\":\"de\"}]}<\/script>\n<!-- \/ Yoast SEO plugin. -->","yoast_head_json":{"title":"Audi A3 Zahnriemenintervall tdi und fsi alle Modelle Diesel und Benzin","description":"Wann ist der Audi A3 Zahnriemen zu wechseln? Sowohl f\u00fcr die Diesel- als auch f\u00fcr die Benzinvariante, einschlie\u00dflich 1.2, 1.6 und TDI. Hier finden Sie das Ersatzintervall.","robots":{"index":"index","follow":"follow","max-snippet":"max-snippet:-1","max-image-preview":"max-image-preview:large","max-video-preview":"max-video-preview:-1"},"canonical":"https:\/\/autobaak.nl\/de\/audi-a3\/","og_locale":"de_DE","og_type":"article","og_title":"Audi A3 distributieriem interval tdi en fsi alle modellen diesel en benzine","og_description":"Wanneer distributieriem vervangen Audi A3. Zowel voor diesel motoren als benzine varianten. met o.a. de 1.2, 1.6 en TDI. Vind de vervangingsinterval hier.","og_url":"https:\/\/autobaak.nl\/de\/audi-a3\/","og_site_name":"Autobaak.nl","article_modified_time":"2021-01-04T16:37:29+00:00","og_image":[{"url":"https:\/\/static-dscn.net\/13244\/1625022\/?wi=334511&ws=","type":"","width":"","height":""}],"twitter_card":"summary_large_image","twitter_misc":{"Gesch\u00e4tzte Lesezeit":"4\u00a0Minuten"},"schema":{"@context":"https:\/\/schema.org","@graph":[{"@type":"WebPage","@id":"https:\/\/autobaak.nl\/audi-a3\/","url":"https:\/\/autobaak.nl\/audi-a3\/","name":"Audi A3 Zahnriemenintervall tdi und fsi alle Modelle Diesel und Benzin","isPartOf":{"@id":"https:\/\/autobaak.nl\/#website"},"primaryImageOfPage":{"@id":"https:\/\/autobaak.nl\/audi-a3\/#primaryimage"},"image":{"@id":"https:\/\/autobaak.nl\/audi-a3\/#primaryimage"},"thumbnailUrl":"https:\/\/static-dscn.net\/13244\/1625022\/?wi=334511&ws=","datePublished":"2017-05-09T20:41:31+00:00","dateModified":"2021-01-04T16:37:29+00:00","description":"Wann ist der Audi A3 Zahnriemen zu wechseln? Sowohl f\u00fcr die Diesel- als auch f\u00fcr die Benzinvariante, einschlie\u00dflich 1.2, 1.6 und TDI. Hier finden Sie das Ersatzintervall.","breadcrumb":{"@id":"https:\/\/autobaak.nl\/audi-a3\/#breadcrumb"},"inLanguage":"de","potentialAction":[{"@type":"ReadAction","target":["https:\/\/autobaak.nl\/audi-a3\/"]}]},{"@type":"ImageObject","inLanguage":"de","@id":"https:\/\/autobaak.nl\/audi-a3\/#primaryimage","url":"https:\/\/static-dscn.net\/13244\/1625022\/?wi=334511&ws=","contentUrl":"https:\/\/static-dscn.net\/13244\/1625022\/?wi=334511&ws="},{"@type":"BreadcrumbList","@id":"https:\/\/autobaak.nl\/audi-a3\/#breadcrumb","itemListElement":[{"@type":"ListItem","position":1,"name":"Home","item":"https:\/\/autobaak.nl\/"},{"@type":"ListItem","position":2,"name":"Audi A3"}]},{"@type":"WebSite","@id":"https:\/\/autobaak.nl\/#website","url":"https:\/\/autobaak.nl\/","name":"Autobook.de","description":"Autos &amp; Rennsport","potentialAction":[{"@type":"SearchAction","target":{"@type":"EntryPoint","urlTemplate":"https:\/\/autobaak.nl\/?s={search_term_string}"},"query-input":{"@type":"PropertyValueSpecification","valueRequired":true,"valueName":"search_term_string"}}],"inLanguage":"de"}]}},"_links":{"self":[{"href":"https:\/\/autobaak.nl\/de\/wp-json\/wp\/v2\/pages\/132","targetHints":{"allow":["GET"]}}],"collection":[{"href":"https:\/\/autobaak.nl\/de\/wp-json\/wp\/v2\/pages"}],"about":[{"href":"https:\/\/autobaak.nl\/de\/wp-json\/wp\/v2\/types\/page"}],"author":[{"embeddable":true,"href":"https:\/\/autobaak.nl\/de\/wp-json\/wp\/v2\/users\/1"}],"replies":[{"embeddable":true,"href":"https:\/\/autobaak.nl\/de\/wp-json\/wp\/v2\/comments?post=132"}],"version-history":[{"count":0,"href":"https:\/\/autobaak.nl\/de\/wp-json\/wp\/v2\/pages\/132\/revisions"}],"wp:attachment":[{"href":"https:\/\/autobaak.nl\/de\/wp-json\/wp\/v2\/media?parent=132"}],"curies":[{"name":"wp","href":"https:\/\/api.w.org\/{rel}","templated":true}]}}