{"id":1334,"date":"2019-04-03T16:14:04","date_gmt":"2019-04-03T16:14:04","guid":{"rendered":"https:\/\/autobaak.nl\/?page_id=1334"},"modified":"2022-04-21T10:53:46","modified_gmt":"2022-04-21T08:53:46","slug":"ubersicht-der-wischergrosen","status":"publish","type":"page","link":"https:\/\/autobaak.nl\/de\/ubersicht-der-wischergrosen\/","title":{"rendered":"Gr\u00f6\u00dfen von Scheibenwischern - finden Sie heraus, welche Gr\u00f6\u00dfe Ihr Auto hat"},"content":{"rendered":"<p>[et_pb_section fb_built=\"1\u2033 admin_label=\"Kopfzeile\" _builder_version=\"4.16\u2033 background_colour=\"#f1580c\" background_image=\"https:\/\/autobaak.nl\/wp-content\/uploads\/2018\/11\/transportation-services-18.png\" background_size=\"initial\" background_position=\"bottom_left\" background_blend=\"multiply\" global_colors_info=\"{}\"][et_pb_row _builder_version=\"4.16\u2033 global_colors_info=\"{}\"][et_pb_column type=\"4_4\u2033 _builder_version=\"4.16\u2033 custom_padding=\"|||\" global_colors_info=\"{}\" custom_padding__hover=\"|||\"][et_pb_text ul_type=\"circle\" _builder_version=\"4.16\u2033 text_font_size=\"18px\" ul_font_size=\"18px\" ul_line_height=\"2em\" header_font=\"Montserrat|700|||||||\" header_font_size=\"50px\" header_line_height=\"1.2em\" text_orientation=\"centre\" background_layout=\"dark\" header_font_size_tablet=\"40px\" header_font_size_phone=\"28px\" header_font_size_last_edited=\"on|phone\" global_colours_info=\"{}\"]<\/p>\n<h1>Mit welchen Scheibenwischern ist Ihr Auto ausgestattet?<\/h1>\n<p>Pr\u00fcfen Sie, welche Gr\u00f6\u00dfe Sie f\u00fcr Ihr Fahrzeug ben\u00f6tigen<\/p>\n<p>[\/et_pb_text][\/et_pb_column][\/et_pb_row][\/et_pb_section][et_pb_section fb_built=\"1\u2033 _builder_version=\"4.16\u2033 custom_padding=\"15px|0px|2px|0px|false|false\" global_colors_info=\"{}\"][et_pb_row _builder_version=\"4.16\u2033 background_size=\"initial\" background_position=\"top_left\" background_repeat=\"repeat\" global_colors_info=\"{}\"][et_pb_column type=\"4_4\u2033 _builder_version=\"4.16\u2033 custom_padding=\"||||\" global_colors_info=\"{}\" custom_padding__hover=\"|||\"][et_pb_button button_url=\"1TP5Marken\u00fcbersicht\" button_text=\"Direkt zur Marken\u00fcbersicht\" button_alignment=\"center\" _builder_version=\"4.16\u2033 custom_button=\"on\" global_colors_info=\"{}\"][\/et_pb_button][\/et_pb_column][\/et_pb_row][\/et_pb_section][et_pb_section fb_built=\"1\u2033 admin_label=\"\u00dcber uns\" _builder_version=\"4.16\u2033 custom_padding=\"29px|0px|40.4px|0px|false|false\" global_colors_info=\"{}\"][et_pb_row _builder_version=\"4.16\u2033 background_size=\"initial\" background_position=\"top_left\" background_repeat=\"repeat\" custom_padding=\"2px|0px|4px|0px|false|false\" global_colors_info=\"{}\"][et_pb_column type=\"4_4\u2033 _builder_version=\"4.16\u2033 custom_padding=\"|||\" global_colors_info=\"{}\" custom_padding__hover=\"|||\"][et_pb_text _builder_version=\"4.17.1\u2033 hover_enabled=\"0\u2033 global_colors_info=\"{}\" sticky_enabled=\"0\u2033]<\/p>\n<h2><span class=\"ez-toc-section\" id=\"Wat_zijn_ruitenwissers\"><\/span>Was sind Scheibenwischer?<span class=\"ez-toc-section-end\"><\/span><\/h2><div id=\"ez-toc-container\" class=\"ez-toc-v2_0_82_2 counter-hierarchy ez-toc-counter ez-toc-grey ez-toc-container-direction\">\n<p class=\"ez-toc-title\" style=\"cursor:inherit\">Inhalt<\/p>\n<label for=\"ez-toc-cssicon-toggle-item-69e35b6c2f6bf\" class=\"ez-toc-cssicon-toggle-label\"><span class=\"\"><span class=\"eztoc-hide\" style=\"display:none;\">Umschalten auf<\/span><span class=\"ez-toc-icon-toggle-span\"><svg style=\"fill: #999;color:#999\" xmlns=\"http:\/\/www.w3.org\/2000\/svg\" class=\"list-377408\" width=\"20px\" height=\"20px\" viewbox=\"0 0 24 24\" fill=\"none\"><path d=\"M6 6H4v2h2V6zm14 0H8v2h12V6zM4 11h2v2H4v-2zm16 0H8v2h12v-2zM4 16h2v2H4v-2zm16 0H8v2h12v-2z\" fill=\"currentColor\"><\/path><\/svg><svg style=\"fill: #999;color:#999\" class=\"arrow-unsorted-368013\" xmlns=\"http:\/\/www.w3.org\/2000\/svg\" width=\"10px\" height=\"10px\" viewbox=\"0 0 24 24\" version=\"1.2\" baseprofile=\"tiny\"><path d=\"M18.2 9.3l-6.2-6.3-6.2 6.3c-.2.2-.3.4-.3.7s.1.5.3.7c.2.2.4.3.7.3h11c.3 0 .5-.1.7-.3.2-.2.3-.5.3-.7s-.1-.5-.3-.7zM5.8 14.7l6.2 6.3 6.2-6.3c.2-.2.3-.5.3-.7s-.1-.5-.3-.7c-.2-.2-.4-.3-.7-.3h-11c-.3 0-.5.1-.7.3-.2.2-.3.5-.3.7s.1.5.3.7z\"\/><\/svg><\/span><\/span><\/label><input type=\"checkbox\"  id=\"ez-toc-cssicon-toggle-item-69e35b6c2f6bf\"  aria-label=\"Umschalten auf\" \/><nav><ul class='ez-toc-list ez-toc-list-level-1' ><li class='ez-toc-page-1 ez-toc-heading-level-2'><a class=\"ez-toc-link ez-toc-heading-1\" href=\"https:\/\/autobaak.nl\/de\/ubersicht-der-wischergrosen\/#Wat_zijn_ruitenwissers\" >Was sind Scheibenwischer?<\/a><\/li><li class='ez-toc-page-1 ez-toc-heading-level-2'><a class=\"ez-toc-link ez-toc-heading-2\" href=\"https:\/\/autobaak.nl\/de\/ubersicht-der-wischergrosen\/#Geschiedenis\" >Geschichte<\/a><\/li><li class='ez-toc-page-1 ez-toc-heading-level-2'><a class=\"ez-toc-link ez-toc-heading-3\" href=\"https:\/\/autobaak.nl\/de\/ubersicht-der-wischergrosen\/#Ruitenwissers_vervangen\" >Auswechseln der Scheibenwischer<\/a><\/li><li class='ez-toc-page-1 ez-toc-heading-level-2'><a class=\"ez-toc-link ez-toc-heading-4\" href=\"https:\/\/autobaak.nl\/de\/ubersicht-der-wischergrosen\/#Welke_ruitenwissers_Zoek_in_alle_Automerken\" >Welche Scheibenwischer? Suche in allen Automarken<\/a><\/li><\/ul><\/nav><\/div>\n\n<p>Scheibenwischer werden zur Reinigung der Windschutzscheibe eines Autos verwendet. Dies erm\u00f6glicht dem Fahrer eine ungehinderte Sicht auf die Stra\u00dfe. Ein \u00fcblicher Wischwinkel bei einem Pkw betr\u00e4gt etwa 67 Grad. Die Klingen haben eine L\u00e4nge von 30-76 cm (12-30 in), wobei die L\u00e4nge in Schritten von 2-5 cm zunimmt.<\/p>\n<h2><span class=\"ez-toc-section\" id=\"Geschiedenis\"><\/span>Geschichte<span class=\"ez-toc-section-end\"><\/span><\/h2>\n<p>Die Geschichte des Scheibenwischers begann mit der Erfindung des Automobils. Die meisten Transportfahrzeuge waren damals nicht mit Scheibenwischern ausgestattet. Pferdekutschen und Lastwagen bewegten sich mit niedrigen Geschwindigkeiten, und Glas war zum Schutz des Fahrers oder der Fahrg\u00e4ste nicht erforderlich. Diese Transportfahrzeuge hatten h\u00f6here Geschwindigkeiten und bei schlechtem Wetter war die Sicht schlecht.<\/p>\n<p>Die ersten Scheibenwischer waren B\u00fcrsten. Der Erfinder JH Apjohn entwickelte 1903 eine Methode, bei der zwei B\u00fcrsten an einer vertikalen Glaswindschutzscheibe auf und ab bewegt wurden. Im selben Jahr erfand Mary Anderson einen Schwenkarm, der den Regen von der Windschutzscheibe wischte.<br \/>Anderson lie\u00df ihre Erfindung des mechanischen Scheibenwischers 1905 patentieren, und 1913 geh\u00f6rte er zur Standardausr\u00fcstung eines Autos. Elektromotoren wurden damals noch nicht f\u00fcr den Antrieb von wichtigen Autos oder Zubeh\u00f6rteilen verwendet, und Andersons Ger\u00e4t hatte einen Nachteil. Ohne eine andere Stromquelle musste der Fahrer den Hebel selbst mit einer Hand bewegen. Mit der anderen Hand k\u00f6nnten Sie dann das Auto fahren.<\/p>\n<h3>Von B\u00fcrsten bis Gummi<\/h3>\n<p>Im Jahr 1905 wurden die B\u00fcrsten durch Gummistreifen ersetzt. Die gef\u00e4hrliche Notwendigkeit f\u00fcr Autofahrer, die Windschutzscheibe w\u00e4hrend der Fahrt abzuwischen, wurde erst 1917 abgeschafft. Die L\u00f6sung war der Einsatz eines Elektromotors, der jedoch nach jeder Bewegung stehen blieb. Der hawaiianische Zahnarzt Dr. Ormand Wall erfand den automatischen Scheibenwischer, indem er einen Elektromotor in der Mitte oben auf der Windschutzscheibe anbrachte, so dass sich der Wischer halbkreisf\u00f6rmig oder regenbogenf\u00f6rmig \u00fcber die Motorhaube beugte. Die Scheibenwischer waren eines der ersten elektrischen Ger\u00e4te in Autos, nachdem 1912 der elektrische Anlasser entwickelt worden war. Bei Autos vor 1930 hingen die meisten Scheibenwischer an der Oberseite der Windschutzscheibe. Sie wurden an die Unterseite der Windschutzscheibe verlegt, als die elektrischen Systeme immer komplizierter wurden.<\/p>\n<h3>In den 1960er Jahren wurde der Intervallmodus eingef\u00fchrt.<\/h3>\n<p>Die Griffe der Scheibenwischer wurden mit Spr\u00fchd\u00fcsen f\u00fcr die Windschutzscheibe versehen, und es wurden D\u00fcsen f\u00fcr die Windschutzscheibe hinzugef\u00fcgt. Ein Beh\u00e4lter f\u00fcr die Wischfl\u00fcssigkeit im Motorraum und elektrische Anschl\u00fcsse, die diese Vorg\u00e4nge erm\u00f6glichen. 1962 erfand Bob Kearns den Scheibenwischer mit Intervallen und Geschwindigkeiten, die der Fahrer einstellen konnte. Das Aufkommen elektronischer Systeme mit Sicherungen und Leistungsschaltern zur Steuerung, Regelung und Koordinierung elektrischer Komponenten erweiterte die M\u00f6glichkeiten f\u00fcr vielf\u00e4ltigere Scheibenwischer. In den 1980er Jahren wurden die Scheinwerfer mit Scheibenwischern ausgestattet, was eine Verbindung zwischen Beleuchtung und Scheibenwischern erforderte. In den 1990er Jahren wurden Mikrosensoren in Windschutzscheiben eingebaut, um Regen auf der Windschutzscheibe zu erkennen. Heutzutage unter dem Begriff Regensensor bekannt.<\/p>\n<h3>Material der Scheibenwischer<\/h3>\n<p>Zur Herstellung eines Abstreifers werden mehrere Komponenten ben\u00f6tigt. Dabei handelt es sich um die Wischerarme, das Gummi und die Kunststoffbeschichtung. Die meisten Hersteller produzieren diese Komponenten nicht selbst, sondern kaufen sie als Halbfertigprodukte ein. Die Verbindungs- und Antriebsgelenke sowie die Drehpunkte, die die Scheibenwischer bewegen, sind aus verzinktem Stahl gefertigt. Unter Verzinkung versteht man das Aufbringen einer Zinkschicht auf Stahl zum Schutz vor Korrosion.<br \/>Der Wischerrahmen ist aus Aluminium gefertigt. Der Wischer selbst, der an der Windschutzscheibe anliegt, besteht aus Naturkautschuk oder synthetischen Verbindungen. Einige Gummibl\u00e4tter sind aus Weichgummi zusammengesetzt.<\/p>\n<h3>Das Design von Scheibenwischern<\/h3>\n<p>Scheibenwischer sind so konzipiert und hergestellt, dass sie Wasser von der Windschutzscheibe wischen. Die meisten Autos haben zwei Wischer an der Windschutzscheibe, einen an der Heckscheibe und manchmal einen an jedem Scheinwerfer. Die von au\u00dfen sichtbaren Teile des Wischers sind das Gummiblatt, der Wischerarm, der das Blatt h\u00e4lt, und eine Federverbindung, die den Wischer gegen die Windschutzscheibe dr\u00fcckt. Der Wischer selbst hat bis zu sechs Teile, die als Druckpunkte oder Krallen bezeichnet werden. Die Krallen verteilen den Druck des Wischers auf die R\u00fcckseite des Blattes. Es handelt sich um einen gefederten Waagebalken, wobei der Abstreifer der Balken und die Krallen die Aufh\u00e4ngungsteile sind. Die Krallen halten die Klinge gekr\u00fcmmt gegen die Windschutzscheibe, um den Druck gleichm\u00e4\u00dfig zu verteilen, damit die Scheibe entlang der Klinge gereinigt wird. Mehr Krallen verteilen den Druck meist besser und eignen sich f\u00fcr gro\u00dfe oder stark gew\u00f6lbte Windschutzscheiben.<\/p>\n<h2><span class=\"ez-toc-section\" id=\"Ruitenwissers_vervangen\"><\/span>Auswechseln der Scheibenwischer<span class=\"ez-toc-section-end\"><\/span><\/h2>\n<p>Die Scheibenwischer sollten von Zeit zu Zeit ausgetauscht werden. In der Regel wird dies alle 2 Jahre durchgef\u00fchrt. Wenn Sie Schlieren und quietschende Ger\u00e4usche bekommen, ist es Zeit, sie zu ersetzen. Wie das geht, wird in dem Artikel beschrieben:<br \/><a href=\"https:\/\/autobaak.nl\/de\/austausch-von-scheibenwischern\/\">Austausch von Scheibenwischern\u00a0<\/a>Dieser Artikel befasst sich mit den Hakenwischern und den neueren Flachwischern.<\/p>\n<p>[\/et_pb_text][et_pb_button _builder_version=\"4.17.1\u2033 _module_preset=\"default\" button_url=\"https:\/\/autobaak.de\/product-category\/windshield wipers\/\" button_text=\"Unsere Scheibenwischer ansehen\" hover_enabled=\"0\u2033 sticky_enabled=\"0\u2033][\/et_pb_button][\/et_pb_column][\/et_pb_row][\/et_pb_section][et_pb_section fb_built=\"1\u2033 custom_padding_last_edited=\"on|desktop\" module_id=\"Marken\u00fcbersicht\" _builder_version=\"4.16\u2033 custom_padding=\"4px|0px|3px|0px\" custom_padding_tablet=\"50px|0|50px|0\u2033 custom_padding_phone=\"\"\" global_colors_info=\"{}\"][et_pb_row padding_mobile=\"off\" column_padding_mobile=\"on\" _builder_version=\"4.16\u2033 background_size=\"initial\" background_position=\"top_left\" background_repeat=\"repeat\" global_colors_info=\"{}\"][et_pb_column type=\"4_4\u2033 _builder_version=\"4.16\u2033 custom_padding=\"|||\" global_colors_info=\"{}\" custom_padding__hover=\"|||\"][et_pb_text _builder_version=\"4.16\u2033 background_size=\"initial\" background_position=\"top_left\" background_repeat=\"repeat\" text_orientation=\"centre\" module_alignment=\"centre\" use_border_colour=\"off\" global_colors_info=\"{}\"]<\/p>\n<h2><span class=\"ez-toc-section\" id=\"Welke_ruitenwissers_Zoek_in_alle_Automerken\"><\/span>Welche Scheibenwischer? Suche in allen Automarken<span class=\"ez-toc-section-end\"><\/span><\/h2>\n<p>[\/et_pb_text][et_pb_divider color=\"#505050\u2033 divider_weight=\"1px\" disabled_on=\"on|on|off\" _builder_version=\"4.16\u2033 hide_on_mobile=\"on\" global_colors_info=\"{}\"][\/et_pb_divider][et_pb_search exclude_pages=\"off\" show_button=\"off\" placeholder=\"Geben Sie hier Ihre Marke und Ihr Modell ein, oder scrollen Sie nach unten\" _builder_version=\"4.16\u2033 button_text_color=\"#0c71c3\u2033 text_orientation=\"centre\" module_alignment=\"centre\" hide_button=\"on\" global_colors_info=\"{}\" button_text_size__hover_enabled=\"off\" button_text_size__hover=\"null\" button_one_text_size__hover_enabled=\"off\" button_one_text_size__hover=\"null\" button_two_text_size__hover_enabled=\"off\" button_two_text_size__hover=\"null\" button_text_color__hover_enabled=\"off\" button_text_color__hover=\"null\" button_one_text_color__hover_enabled=\"off\" button_one_text_color__hover=\"null\" button_two_text_color__hover_enabled=\"off\" button_two_text_color__hover=\"null\" button_border_width__hover_enabled=\"off\" button_border_width__hover=\"null\" button_one_border_width__hover_enabled=\"off\" button_one_border_width__hover=\"null\" button_two_border_width__hover_enabled=\"off\" button_two_border_width__hover=\"null\" button_border_color__hover_enabled=\"off\" button_border_color__hover=\"null\" button_one_border_color__hover_enabled=\"off\" button_one_border_color__hover=\"null\" button_two_border_color__hover_enabled=\"off\" button_two_border_color__hover=\"null\" button_border_radius__hover_enabled=\"off\" button_border_radius__hover=\"null\" button_one_border_radius__hover_enabled=\"off\" button_one_border_radius__hover=\"null\" button_two_border_radius__hover_enabled=\"off\" button_two_border_radius__hover=\"null\" button_letter_spacing__hover_enabled=\"off\" button_letter_spacing__hover=\"null\" button_one_letter_spacing__hover_enabled=\"off\" button_one_letter_spacing__hover=\"null\" button_two_letter_spacing__hover_enabled=\"off\" button_two_letter_spacing__hover=\"null\" button_bg_color__hover_enabled=\"off\" button_bg_color__hover=\"null\" button_one_bg_color__hover_enabled=\"off\" button_one_bg_color__hover=\"null\" button_two_bg_color__hover_enabled=\"off\" button_two_bg_color__hover=\"null\"][\/et_pb_search][\/et_pb_column][\/et_pb_row][et_pb_row column_structure=\"1_3,1_3,1_3\u2033 padding_mobile=\"off\" column_padding_mobile=\"on\" module_id=\"car brands\" _builder_version=\"4.16\u2033 background_size=\"initial\" background_position=\"top_left\" background_repeat=\"repeat\" global_colors_info=\"{}\"][et_pb_column type=\"1_3\u2033 _builder_version=\"4.16\u2033 custom_padding=\"|||\" global_colors_info=\"{}\" custom_padding__hover=\"|||\"][et_pb_text _builder_version=\"4.19.4\u2033 text_line_height=\"1.8em\" background_size=\"initial\" background_position=\"top_left\" background_repeat=\"repeat\" text_orientation=\"justified\" use_border_colour=\"off\" global_colors_info=\"{}\"]<\/p>\n<ul>\n<li class=\"col20\"><a href=\"https:\/\/autobaak.nl\/de\/scheibenwischer-alfa-romeo\/\">Alfa Romeo<\/a><\/li>\n<li class=\"col20\">Aston Martin<\/li>\n<li class=\"col20\"><a href=\"https:\/\/autobaak.nl\/de\/scheibenwischer-audi-grosen\/\">Audi<\/a><\/li>\n<li class=\"col20\">Bentley<\/li>\n<li class=\"col20\">BMW<\/li>\n<li class=\"col20\">Cadillac<\/li>\n<li class=\"col20\">Chevrolet<\/li>\n<li class=\"col20\">Chrysler<\/li>\n<li class=\"col20\"><a href=\"https:\/\/autobaak.nl\/de\/zitronenabstreifer-grosen\/\">Citro\u00ebn<\/a><\/li>\n<li class=\"col20\">Dacia<\/li>\n<li class=\"col20\">Daihatsu<\/li>\n<li class=\"col20\">Dodge<\/li>\n<li class=\"col20\">Donkervoort<\/li>\n<li class=\"col20\">Ferrari<\/li>\n<li class=\"col20\"><a href=\"https:\/\/autobaak.nl\/de\/fiat-wischer-grosen\/\">Fiat<\/a><\/li>\n<li class=\"col20\"><a href=\"https:\/\/autobaak.nl\/de\/scheibenwischer-ford-grosen\/\">Ford<\/a><\/li>\n<\/ul>\n<p>[\/et_pb_text][\/et_pb_column][et_pb_column type=\"1_3\u2033 _builder_version=\"4.16\u2033 custom_padding=\"|||\" global_colors_info=\"{}\" custom_padding__hover=\"|||\"][et_pb_text _builder_version=\"4.16\u2033 text_line_height=\"1.8em\" background_size=\"initial\" background_position=\"top_left\" background_repeat=\"repeat\" text_orientation=\"justified\" z_index_tablet=\"500\u2033 use_border_colour=\"off\" global_colors_info=\"{}\"]<\/p>\n<ul>\n<li class=\"col20\">Honda<\/li>\n<li class=\"col20\">Hummer<\/li>\n<li class=\"col20\">Hyundai<\/li>\n<li class=\"col20\">Infiniti<\/li>\n<li class=\"col20\">Isuzu<\/li>\n<li class=\"col20\">Jaguar<\/li>\n<li class=\"col20\">Jeep<\/li>\n<li class=\"col20\">KIA<\/li>\n<li class=\"col20\">Lada<\/li>\n<li class=\"col20\">Lamborghini<\/li>\n<li class=\"col20\">Lancia<\/li>\n<li class=\"col20\">Land Rover<\/li>\n<li class=\"col20\">Lexus<\/li>\n<li class=\"col20\"><a href=\"https:\/\/autobaak.nl\/de\/scheibenwischer-mazda-grosen\/\">Mazda<\/a><\/li>\n<li class=\"col20\">Mercedes Ben's<\/li>\n<li class=\"col20\">MINI<\/li>\n<\/ul>\n<p>[\/et_pb_text][\/et_pb_column][et_pb_column type=\"1_3\u2033 _builder_version=\"4.16\u2033 custom_padding=\"|||\" global_colors_info=\"{}\" custom_padding__hover=\"|||\"][et_pb_text _builder_version=\"4.16\u2033 text_line_height=\"1.8em\" background_size=\"initial\" background_position=\"top_left\" background_repeat=\"repeat\" text_orientation=\"justified\" z_index_tablet=\"500\u2033 use_border_colour=\"off\" global_colors_info=\"{}\"]<\/p>\n<ul>\n<li class=\"col20\">Mitsubishi<\/li>\n<li class=\"col20\"><a href=\"https:\/\/autobaak.nl\/de\/scheibenwischer-nissan-grosen\/\">Nissan<\/a><\/li>\n<li class=\"col20\"><a href=\"https:\/\/autobaak.nl\/de\/scheibenwischer-opel-grosen\/\">Opel<\/a><\/li>\n<li class=\"col20\"><a href=\"https:\/\/autobaak.nl\/de\/peugeot-wischer-grosen\/\">Peugeot<\/a><\/li>\n<li class=\"col20\">Porsche<\/li>\n<li class=\"col20\"><a href=\"https:\/\/autobaak.nl\/de\/scheibenwischer-renault-grosen\/\">Renault<\/a><\/li>\n<li class=\"col20\">Saab<\/li>\n<li class=\"col20\"><a href=\"https:\/\/autobaak.nl\/de\/scheibenwischer-sitzgrosen\/\">Sitz<\/a><\/li>\n<li class=\"col20\"><a href=\"https:\/\/autobaak.nl\/de\/scheibenwischer-skoda-grosen\/\">Skoda<\/a><\/li>\n<li class=\"col20\">Smart<\/li>\n<li class=\"col20\">Ssangyong<\/li>\n<li class=\"col20\">Subaru<\/li>\n<li class=\"col20\">Suzuki<\/li>\n<li class=\"col20\"><a href=\"https:\/\/autobaak.nl\/de\/toyota-scheibenwischer-grosen\/\">Toyota<\/a><\/li>\n<li class=\"col20\"><a href=\"https:\/\/autobaak.nl\/de\/scheibenwischer-vw-grosen\/\">Volkswagen<\/a><\/li>\n<li class=\"col20\"><a href=\"https:\/\/autobaak.nl\/de\/volvo-wischer-grosen\/\">Volvo<\/a><\/li>\n<\/ul>\n<p>[\/et_pb_text][\/et_pb_column][\/et_pb_row][\/et_pb_section].<\/p>","protected":false},"excerpt":{"rendered":"<p>Welche Scheibenwischer hat Ihr Auto? Pr\u00fcfen Sie, welche Gr\u00f6\u00dfe Sie f\u00fcr Ihr Auto ben\u00f6tigen Was sind Scheibenwischer Scheibenwischer werden zur Reinigung der Windschutzscheibe eines Autos verwendet. Dadurch kann der Fahrer die Stra\u00dfe ungehindert sehen. Ein \u00fcblicher Wischwinkel bei einem Pkw betr\u00e4gt etwa 67 Grad. Die Wischerbl\u00e4tter sind 12-30 Zoll (30-76 [...]<\/p>","protected":false},"author":1,"featured_media":0,"parent":0,"menu_order":0,"comment_status":"closed","ping_status":"closed","template":"","meta":{"_et_pb_use_builder":"on","_et_pb_old_content":"","_et_gb_content_width":"","footnotes":""},"class_list":["post-1334","page","type-page","status-publish","hentry"],"yoast_head":"<!-- This site is optimized with the Yoast SEO plugin v27.4 - https:\/\/yoast.com\/product\/yoast-seo-wordpress\/ -->\n<title>Ruitenwisser maten - bekijk welke maat jouw auto heeft<\/title>\n<meta name=\"description\" content=\"Welke Ruitenwissers heeft je auto? bekijk het overzicht per merk O.a. VW, Peugeot, Audi, Skoda, Seat, Volvo, Toyota, Mazda, Alfa, Renault, Nissan en Opel\" \/>\n<meta name=\"robots\" content=\"index, follow, max-snippet:-1, max-image-preview:large, max-video-preview:-1\" \/>\n<link rel=\"canonical\" href=\"https:\/\/autobaak.nl\/de\/ubersicht-der-wischergrosen\/\" \/>\n<meta property=\"og:locale\" content=\"de_DE\" \/>\n<meta property=\"og:type\" content=\"article\" \/>\n<meta property=\"og:title\" content=\"Ruitenwisser maten - bekijk welke maat jouw auto heeft\" \/>\n<meta property=\"og:description\" content=\"Welke Ruitenwissers heeft je auto? bekijk het overzicht per merk O.a. VW, Peugeot, Audi, Skoda, Seat, Volvo, Toyota, Mazda, Alfa, Renault, Nissan en Opel\" \/>\n<meta property=\"og:url\" content=\"https:\/\/autobaak.nl\/de\/ubersicht-der-wischergrosen\/\" \/>\n<meta property=\"og:site_name\" content=\"Autobaak.nl\" \/>\n<meta property=\"article:modified_time\" content=\"2022-04-21T08:53:46+00:00\" \/>\n<meta name=\"twitter:card\" content=\"summary_large_image\" \/>\n<meta name=\"twitter:label1\" content=\"Gesch\u00e4tzte Lesezeit\" \/>\n\t<meta name=\"twitter:data1\" content=\"9\u00a0Minuten\" \/>\n<script type=\"application\/ld+json\" class=\"yoast-schema-graph\">{\"@context\":\"https:\\\/\\\/schema.org\",\"@graph\":[{\"@type\":\"WebPage\",\"@id\":\"https:\\\/\\\/autobaak.nl\\\/ruitenwisser-maten-overzicht\\\/\",\"url\":\"https:\\\/\\\/autobaak.nl\\\/ruitenwisser-maten-overzicht\\\/\",\"name\":\"Ruitenwisser maten - bekijk welke maat jouw auto heeft\",\"isPartOf\":{\"@id\":\"https:\\\/\\\/autobaak.nl\\\/#website\"},\"datePublished\":\"2019-04-03T16:14:04+00:00\",\"dateModified\":\"2022-04-21T08:53:46+00:00\",\"description\":\"Welke Ruitenwissers heeft je auto? bekijk het overzicht per merk O.a. VW, Peugeot, Audi, Skoda, Seat, Volvo, Toyota, Mazda, Alfa, Renault, Nissan en Opel\",\"breadcrumb\":{\"@id\":\"https:\\\/\\\/autobaak.nl\\\/ruitenwisser-maten-overzicht\\\/#breadcrumb\"},\"inLanguage\":\"de\",\"potentialAction\":[{\"@type\":\"ReadAction\",\"target\":[\"https:\\\/\\\/autobaak.nl\\\/ruitenwisser-maten-overzicht\\\/\"]}]},{\"@type\":\"BreadcrumbList\",\"@id\":\"https:\\\/\\\/autobaak.nl\\\/ruitenwisser-maten-overzicht\\\/#breadcrumb\",\"itemListElement\":[{\"@type\":\"ListItem\",\"position\":1,\"name\":\"Home\",\"item\":\"https:\\\/\\\/autobaak.nl\\\/\"},{\"@type\":\"ListItem\",\"position\":2,\"name\":\"Ruitenwisser maten &#8211; bekijk welke maat jouw auto heeft\"}]},{\"@type\":\"WebSite\",\"@id\":\"https:\\\/\\\/autobaak.nl\\\/#website\",\"url\":\"https:\\\/\\\/autobaak.nl\\\/\",\"name\":\"Autobaak.nl\",\"description\":\"Cars &amp; Racing\",\"potentialAction\":[{\"@type\":\"SearchAction\",\"target\":{\"@type\":\"EntryPoint\",\"urlTemplate\":\"https:\\\/\\\/autobaak.nl\\\/?s={search_term_string}\"},\"query-input\":{\"@type\":\"PropertyValueSpecification\",\"valueRequired\":true,\"valueName\":\"search_term_string\"}}],\"inLanguage\":\"de\"}]}<\/script>\n<!-- \/ Yoast SEO plugin. -->","yoast_head_json":{"title":"Gr\u00f6\u00dfen von Scheibenwischern - finden Sie heraus, welche Gr\u00f6\u00dfe Ihr Auto hat","description":"Welche Scheibenwischer hat Ihr Auto? Sehen Sie sich die \u00dcbersicht nach Marken an, u. a. VW, Peugeot, Audi, Skoda, Seat, Volvo, Toyota, Mazda, Alfa, Renault, Nissan und Opel.","robots":{"index":"index","follow":"follow","max-snippet":"max-snippet:-1","max-image-preview":"max-image-preview:large","max-video-preview":"max-video-preview:-1"},"canonical":"https:\/\/autobaak.nl\/de\/ubersicht-der-wischergrosen\/","og_locale":"de_DE","og_type":"article","og_title":"Ruitenwisser maten - bekijk welke maat jouw auto heeft","og_description":"Welke Ruitenwissers heeft je auto? bekijk het overzicht per merk O.a. VW, Peugeot, Audi, Skoda, Seat, Volvo, Toyota, Mazda, Alfa, Renault, Nissan en Opel","og_url":"https:\/\/autobaak.nl\/de\/ubersicht-der-wischergrosen\/","og_site_name":"Autobaak.nl","article_modified_time":"2022-04-21T08:53:46+00:00","twitter_card":"summary_large_image","twitter_misc":{"Gesch\u00e4tzte Lesezeit":"9\u00a0Minuten"},"schema":{"@context":"https:\/\/schema.org","@graph":[{"@type":"WebPage","@id":"https:\/\/autobaak.nl\/ruitenwisser-maten-overzicht\/","url":"https:\/\/autobaak.nl\/ruitenwisser-maten-overzicht\/","name":"Gr\u00f6\u00dfen von Scheibenwischern - finden Sie heraus, welche Gr\u00f6\u00dfe Ihr Auto hat","isPartOf":{"@id":"https:\/\/autobaak.nl\/#website"},"datePublished":"2019-04-03T16:14:04+00:00","dateModified":"2022-04-21T08:53:46+00:00","description":"Welche Scheibenwischer hat Ihr Auto? Sehen Sie sich die \u00dcbersicht nach Marken an, u. a. VW, Peugeot, Audi, Skoda, Seat, Volvo, Toyota, Mazda, Alfa, Renault, Nissan und Opel.","breadcrumb":{"@id":"https:\/\/autobaak.nl\/ruitenwisser-maten-overzicht\/#breadcrumb"},"inLanguage":"de","potentialAction":[{"@type":"ReadAction","target":["https:\/\/autobaak.nl\/ruitenwisser-maten-overzicht\/"]}]},{"@type":"BreadcrumbList","@id":"https:\/\/autobaak.nl\/ruitenwisser-maten-overzicht\/#breadcrumb","itemListElement":[{"@type":"ListItem","position":1,"name":"Home","item":"https:\/\/autobaak.nl\/"},{"@type":"ListItem","position":2,"name":"Ruitenwisser maten &#8211; bekijk welke maat jouw auto heeft"}]},{"@type":"WebSite","@id":"https:\/\/autobaak.nl\/#website","url":"https:\/\/autobaak.nl\/","name":"Autobook.de","description":"Autos &amp; Rennsport","potentialAction":[{"@type":"SearchAction","target":{"@type":"EntryPoint","urlTemplate":"https:\/\/autobaak.nl\/?s={search_term_string}"},"query-input":{"@type":"PropertyValueSpecification","valueRequired":true,"valueName":"search_term_string"}}],"inLanguage":"de"}]}},"_links":{"self":[{"href":"https:\/\/autobaak.nl\/de\/wp-json\/wp\/v2\/pages\/1334","targetHints":{"allow":["GET"]}}],"collection":[{"href":"https:\/\/autobaak.nl\/de\/wp-json\/wp\/v2\/pages"}],"about":[{"href":"https:\/\/autobaak.nl\/de\/wp-json\/wp\/v2\/types\/page"}],"author":[{"embeddable":true,"href":"https:\/\/autobaak.nl\/de\/wp-json\/wp\/v2\/users\/1"}],"replies":[{"embeddable":true,"href":"https:\/\/autobaak.nl\/de\/wp-json\/wp\/v2\/comments?post=1334"}],"version-history":[{"count":0,"href":"https:\/\/autobaak.nl\/de\/wp-json\/wp\/v2\/pages\/1334\/revisions"}],"wp:attachment":[{"href":"https:\/\/autobaak.nl\/de\/wp-json\/wp\/v2\/media?parent=1334"}],"curies":[{"name":"wp","href":"https:\/\/api.w.org\/{rel}","templated":true}]}}