{"id":134582,"date":"2022-03-19T07:51:02","date_gmt":"2022-03-19T07:51:02","guid":{"rendered":"https:\/\/autobaak.nl\/?page_id=134582"},"modified":"2022-03-19T07:51:11","modified_gmt":"2022-03-19T07:51:11","slug":"motorol-volkswagen-golf-5-vw","status":"publish","type":"page","link":"https:\/\/autobaak.nl\/de\/motorol-volkswagen-golf-5-vw\/","title":{"rendered":"Motor\u00f6l Volkswagen Golf 5 (VW)"},"content":{"rendered":"<p>[et_pb_section fb_built=\"1\u2033 custom_padding_last_edited=\"on|desktop\" admin_label=\"Section\" _builder_version=\"3.22\u2033 background_colour=\"#0c71c3\u2033 custom_padding_tablet=\"50px|0|50px|0\u2033 custom_padding_phone=\"50px|0|50px|0\u2033 transparent_background=\"off\" padding_mobile=\"off\" make_fullwidth=\"off\" use_custom_width=\"off\" width_unit=\"on\" global_colors_info=\"{}\"][et_pb_row admin_label=\"Row\" _builder_version=\"3.25\u2033 background_size=\"initial\" background_position=\"top_left\" background_repeat=\"repeat\" global_colors_info=\"{}\"][et_pb_column type=\"4_4\u2033 _builder_version=\"3.25\u2033 custom_padding=\"|||\" global_colors_info=\"{}\" custom_padding__hover=\"|||\"][et_pb_text admin_label=\"Text\" _builder_version=\"4.14.9\u2033 background_size=\"initial\" background_position=\"top_left\" background_repeat=\"repeat\" text_orientation=\"centre\" background_layout=\"dark\" module_alignment=\"centre\" hover_enabled=\"0\u2033 use_border_color=\"off\" border_color=\"#ffffff\" border_style=\"solid\" global_colors_info=\"{}\" sticky_enabled=\"0\u2033]<\/p>\n<h1 style=\"text-align: center;\">Welches Motor\u00f6l Volkswagen Golf 5 (VW)<\/h1>\n<p>[\/et_pb_text][\/et_pb_column][\/et_pb_row][\/et_pb_section][et_pb_section fb_built=\"1\u2033 admin_label=\"Section\" _builder_version=\"3.22\u2033 global_colors_info=\"{}\"][et_pb_row column_structure=\"3_4,1_4\u2033 admin_label=\"Row\" _builder_version=\"3.25\u2033 background_size=\"initial\" background_position=\"top_left\" background_repeat=\"repeat\" global_colors_info=\"{}\"][et_pb_column type=\"3_4\u2033 _builder_version=\"3.25\u2033 custom_padding=\"|||\" global_colors_info=\"{}\" custom_padding__hover=\"|||\"][et_pb_text admin_label=\"Text\" _builder_version=\"4.14.9\u2033 background_size=\"initial\" background_position=\"top_left\" background_repeat=\"repeat\" hover_enabled=\"0\u2033 use_border_color=\"off\" border_color=\"#ffffff\" border_style=\"solid\" global_colors_info=\"{}\" sticky_enabled=\"0\u2033][et_pb_text admin_label=\"text\" _builder_version=\"4.14.<\/p>\n<p>Sie suchen Motor\u00f6l f\u00fcr den Volkswagen Golf 5 (VW Golf V)? Auf dieser Seite finden Sie eine \u00dcbersicht \u00fcber alle Modelle, das entsprechende Motor\u00f6l und dessen Inhaltsstoffe. <strong>F\u00fcr den ordnungsgem\u00e4\u00dfen Betrieb und zur Erhaltung des Motors Ihres Volkswagen Golf 5 ist es sehr wichtig, das optimale Motor\u00f6l zu verwenden.\u00a0<\/strong><\/p>\n<p>Die f\u00fcnfte Generation des VW Golf (V 1K) kam im Jahr 2003 als Nachfolger des VW Golf IV (Typ J1) auf den Markt. Der Golf V war als drei- und f\u00fcnft\u00fcrige Limousine sowie als Golf V Variant (Station\u00e4r) erh\u00e4ltlich. Der VW Golf V wurde mit den folgenden Motoren angeboten: 1,4 - 3,2 Liter Benzin (75 - 250 PS) und 1,9 - 2,0 Liter Diesel (75 - 170 PS). Der letzte VW Golf V ist 2009 vom Band gelaufen. Nachfolgend finden Sie eine \u00dcbersicht \u00fcber das ben\u00f6tigte VW Volkswagen Golf 5 Motor\u00f6l, das Sie auch in unserem Webshop bestellen k\u00f6nnen.\u00a0<\/p>\n<p>[\/et_pb_text][et_pb_text admin_label=\"Text\" _builder_version=\"4.14.9\u2033 background_size=\"initial\" background_position=\"top_left\" background_repeat=\"repeat\" hover_enabled=\"0\u2033 use_border_color=\"off\" border_color=\"#ffffff\" border_style=\"solid\" global_colors_info=\"{}\" sticky_enabled=\"0\u2033]<\/p>\n<h2>Motor\u00f6l Volkswagen Golf 5 (VW)<\/h2>\n<table width=\"978\">\n<tbody>\n<tr>\n<td width=\"978\"><strong>Motor\u00f6l VOLKSWAGEN Golf 5 (VW Golf V) 1K1<\/strong><\/td>\n<\/tr>\n<tr>\n<td>Volkswagen (VW) (EU) Golf V 1.4 16V (55 kW) (2003-2006), 0W-30 oder 5W-30, Inhalt 3,2 Liter, Wechsel alle 30000 km\/ 24 Monate<\/td>\n<\/tr>\n<tr>\n<td>Volkswagen (VW) (EU) Golf V 1.4 16V (59 kW) (2006-2008), 0W-30 oder 5W-30, Inhalt 3,2 Liter, Wechsel alle 30000 km\/ 24 Monate<\/td>\n<\/tr>\n<tr>\n<td>Volkswagen (VW) (EU) Golf V 1.4 16V TSI (125 kW) (2005-2008), 5W-30, Inhalt 3,6 Liter, Wechsel alle 30.000 km\/ 24 Monate<\/td>\n<\/tr>\n<tr>\n<td>Volkswagen (VW) (EU) Golf V 1.6 MultiFuel E85 (2007-2008), 0W-30 oder 5W-30, Inhalt 4,5 Liter, Wechsel alle 30000 km\/ 24 Monate<\/td>\n<\/tr>\n<tr>\n<td>Volkswagen (VW) (EU) Golf V 2.0 16V FSI (85 kW) ZA (2005-2008), 5W-40, 0W-40 oder 5W-30, Inhalt 4,6 Liter und Filter 0,5 Liter, Wechsel alle 15000 km\/ 12 Monate<\/td>\n<\/tr>\n<tr>\n<td>Volkswagen (VW) (EU) Golf V 2.0 TDI (100 kW) DPF (2005-2008), 5W-30, Inhalt 3,8-4,3 Liter, Wechsel alle 30000 km\/ 24 Monate<\/td>\n<\/tr>\n<tr>\n<td>Volkswagen (VW) (EU) Golf V 2.0 TDI (103 kW) DPF (2005-2008), 5W-30, Inhalt 3,8-4,3 Liter, Wechsel alle 30000 km\/ 24 Monate<\/td>\n<\/tr>\n<tr>\n<td>Volkswagen (VW) (EU) Golf V 2.0 TDI (103 kW) DPF 4Motion (2005-2008), 5W-30, Tankinhalt 3,8-4,3 Liter, Wechsel alle 30.000 km\/ 24 Monate<\/td>\n<\/tr>\n<tr>\n<td>Volkswagen (VW) (EU) Golf V 2.0 TDI (125 kW) DPF (2006-2008), 5W-30, Inhalt 3,8-4,3 Liter, Wechsel alle 30.000 km\/ 24 Monate<\/td>\n<\/tr>\n<tr>\n<td>Volkswagen (VW) (EU) Golf V 2.0 TFSI GTI (147 kW) NAR (2005-2008), 5W-30, Inhalt 4,7 Liter und Filter 0,5 Liter, Wechsel alle 30000 km\/ 24 Monate<\/td>\n<\/tr>\n<tr>\n<td>Volkswagen (VW) (EU) Golf V 2.5 NAR (2007-2008), 5W-40, 0W-40 oder 5W-30, Wechsel alle 15000 km\/12 Monate<\/td>\n<\/tr>\n<tr>\n<td>Volkswagen (VW) (EU) Golf V R32 (2005-2008), 5W-30, Inhalt 5,5 Liter und Filter 0,5 Liter, Wechsel alle 30000 km\/ 24 Monate<\/td>\n<\/tr>\n<tr>\n<td>\u00a0<\/td>\n<\/tr>\n<tr>\n<td><strong>Motor\u00f6l VOLKSWAGEN Golf 5 (VW Golf V) (EU) VARIANT 1K5<\/strong><\/td>\n<\/tr>\n<tr>\n<td>Volkswagen (VW) (EU) Golf V Variant 1.4 16V (59 kW) (2007-2009), 0W-30 oder 5W-30, Inhalt 3,2 Liter, Wechsel alle 30000 km\/ 24 Monate<\/td>\n<\/tr>\n<tr>\n<td>Volkswagen (VW) (EU) Golf V Variant 1,4 TSI (103 kW) (2007-2008), 5W-30, Inhalt 3,6 Liter, Wechsel alle 30.000 km\/ 24 Monate<\/td>\n<\/tr>\n<tr>\n<td>Volkswagen (VW) (EU) Golf V Variant 1,4 TSI (118 kW) (2008-2009), 5W-30, Inhalt 3,6 Liter, Wechsel alle 30.000 km\/ 24 Monate<\/td>\n<\/tr>\n<tr>\n<td>Volkswagen (VW) (EU) Golf V Variant 1,4 TSI (125 kW) (2007-2008), 5W-30, Inhalt 3,6 Liter, Wechsel alle 30.000 km\/ 24 Monate<\/td>\n<\/tr>\n<tr>\n<td>Volkswagen (VW) (EU) Golf V Variant 1,4 TSI (90 kW) (2007-2009), 5W-30, Inhalt 3,6 Liter, Wechsel alle 30.000 km\/ 24 Monate<\/td>\n<\/tr>\n<tr>\n<td>Volkswagen (VW) (EU) Golf V Variant 1.6 (2007-2009), 0W-30 oder 5W-30, Inhalt 4,5 Liter, Wechsel alle 30000 km\/ 24 Monate<\/td>\n<\/tr>\n<tr>\n<td>Volkswagen (VW) (EU) Golf V Variant 1.6 MultiFuel E85 (2008-2009), 0W-30 oder 5W-30, Inhalt 4,5 Liter, Wechsel alle 30000 km\/ 24 Monate<\/td>\n<\/tr>\n<tr>\n<td>Volkswagen (VW) (EU) Golf V Variant 1.9 TDI (77 kW) (2007-2009), 0W-30 oder 5W-30, Inhalt 3,8 Liter und Filter 0,5 Liter, Wechsel alle 30000 km\/ 24 Monate<\/td>\n<\/tr>\n<tr>\n<td>Volkswagen (VW) (EU) Golf V Variant 1.9 TDI (77 kW) 4Motion (2007-2009), 0W-30 oder 5W-30, Inhalt 3,8 Liter und Filter 0,5 Liter, Wechsel alle 30000 km\/ 24 Monate<\/td>\n<\/tr>\n<tr>\n<td>Volkswagen (VW) (EU) Golf V Variant 1.9 TDI (77 kW) 4Motion DPF (2007-2009), 5W-30, Inhalt 4,3 Liter und Filter 0,5 Liter, Wechsel alle 30000 km\/ 24 Monate<\/td>\n<\/tr>\n<\/tbody>\n<\/table>\n<p>[\/et_pb_text][\/et_pb_column][et_pb_column type=\"1_4\u2033 _builder_version=\"3.25\u2033 custom_padding=\"|||\" global_colors_info=\"{}\" custom_padding__hover=\"|||\"][et_pb_code _builder_version=\"4.14.8\u2033 _module_preset=\"default\" global_module=\"121601\u2033 saved_tabs=\"all\" global_colors_info=\"{}\"]bloom test[\/et_pb_code][\/et_pb_column][\/et_pb_row][et_pb_row _builder_version=\"4.14.8\u2033 _module_preset=\"default\" global_colors_info=\"{}\"][et_pb_column type=\"4_4\u2033 _builder_version=\"4.14.8\u2033 _module_preset=\"default\" global_colors_info=\"{}\"][et_pb_code _builder_version=\"4.14.8\u2033 _module_preset=\"default\" global_module=\"121632\u2033 saved_tabs=\"all\" global_colors_info=\"{}\"]products[\/et_pb_code][\/et_pb_column][\/et_pb_row][\/et_pb_section]<\/p>","protected":false},"excerpt":{"rendered":"<p>Welches Motor\u00f6l Volkswagen Golf 6 (VW)Sie suchen Motor\u00f6l f\u00fcr den Volkswagen Golf 6 (VW Golf V)? Auf dieser Seite finden Sie eine \u00dcbersicht \u00fcber alle Modelle, das entsprechende Motor\u00f6l und dessen Inhalt. F\u00fcr den ordnungsgem\u00e4\u00dfen Betrieb und zur Erhaltung des Motors Ihres Volkswagen Golf 6 ist es sehr wichtig, dass Sie das optimale Motor\u00f6l verwenden [...]<\/p>","protected":false},"author":1,"featured_media":0,"parent":0,"menu_order":0,"comment_status":"closed","ping_status":"closed","template":"","meta":{"_et_pb_use_builder":"on","_et_pb_old_content":"","_et_gb_content_width":"","footnotes":""},"class_list":["post-134582","page","type-page","status-publish","hentry"],"yoast_head":"<!-- This site is optimized with the Yoast SEO plugin v27.3 - https:\/\/yoast.com\/product\/yoast-seo-wordpress\/ -->\n<title>Motorolie Volkswagen Golf 5 (VW) nodig? Overzicht motorolie VW Golf V<\/title>\n<meta name=\"description\" content=\"Motorolie Volkswagen Golf 5 overzicht. Welke motorolie gebruiken voor een VW Golf V? Op deze site iedere VW Golf 5 en bijbehorende motorolie\" \/>\n<meta name=\"robots\" content=\"index, follow, max-snippet:-1, max-image-preview:large, max-video-preview:-1\" \/>\n<link rel=\"canonical\" href=\"https:\/\/autobaak.nl\/de\/motorol-volkswagen-golf-5-vw\/\" \/>\n<meta property=\"og:locale\" content=\"de_DE\" \/>\n<meta property=\"og:type\" content=\"article\" \/>\n<meta property=\"og:title\" content=\"Motorolie Volkswagen Golf 5 (VW) nodig? Overzicht motorolie VW Golf V\" \/>\n<meta property=\"og:description\" content=\"Motorolie Volkswagen Golf 5 overzicht. Welke motorolie gebruiken voor een VW Golf V? Op deze site iedere VW Golf 5 en bijbehorende motorolie\" \/>\n<meta property=\"og:url\" content=\"https:\/\/autobaak.nl\/de\/motorol-volkswagen-golf-5-vw\/\" \/>\n<meta property=\"og:site_name\" content=\"Autobaak.nl\" \/>\n<meta property=\"article:modified_time\" content=\"2022-03-19T07:51:11+00:00\" \/>\n<meta name=\"twitter:card\" content=\"summary_large_image\" \/>\n<meta name=\"twitter:label1\" content=\"Gesch\u00e4tzte Lesezeit\" \/>\n\t<meta name=\"twitter:data1\" content=\"5\u00a0Minuten\" \/>\n<script type=\"application\/ld+json\" class=\"yoast-schema-graph\">{\"@context\":\"https:\\\/\\\/schema.org\",\"@graph\":[{\"@type\":\"WebPage\",\"@id\":\"https:\\\/\\\/autobaak.nl\\\/motorolie-volkswagen-golf-5-vw\\\/\",\"url\":\"https:\\\/\\\/autobaak.nl\\\/motorolie-volkswagen-golf-5-vw\\\/\",\"name\":\"Motorolie Volkswagen Golf 5 (VW) nodig? Overzicht motorolie VW Golf V\",\"isPartOf\":{\"@id\":\"https:\\\/\\\/autobaak.nl\\\/#website\"},\"datePublished\":\"2022-03-19T07:51:02+00:00\",\"dateModified\":\"2022-03-19T07:51:11+00:00\",\"description\":\"Motorolie Volkswagen Golf 5 overzicht. Welke motorolie gebruiken voor een VW Golf V? Op deze site iedere VW Golf 5 en bijbehorende motorolie\",\"breadcrumb\":{\"@id\":\"https:\\\/\\\/autobaak.nl\\\/motorolie-volkswagen-golf-5-vw\\\/#breadcrumb\"},\"inLanguage\":\"de\",\"potentialAction\":[{\"@type\":\"ReadAction\",\"target\":[\"https:\\\/\\\/autobaak.nl\\\/motorolie-volkswagen-golf-5-vw\\\/\"]}]},{\"@type\":\"BreadcrumbList\",\"@id\":\"https:\\\/\\\/autobaak.nl\\\/motorolie-volkswagen-golf-5-vw\\\/#breadcrumb\",\"itemListElement\":[{\"@type\":\"ListItem\",\"position\":1,\"name\":\"Home\",\"item\":\"https:\\\/\\\/autobaak.nl\\\/\"},{\"@type\":\"ListItem\",\"position\":2,\"name\":\"Motorolie Volkswagen Golf 5 (VW)\"}]},{\"@type\":\"WebSite\",\"@id\":\"https:\\\/\\\/autobaak.nl\\\/#website\",\"url\":\"https:\\\/\\\/autobaak.nl\\\/\",\"name\":\"Autobaak.nl\",\"description\":\"Cars &amp; Racing\",\"potentialAction\":[{\"@type\":\"SearchAction\",\"target\":{\"@type\":\"EntryPoint\",\"urlTemplate\":\"https:\\\/\\\/autobaak.nl\\\/?s={search_term_string}\"},\"query-input\":{\"@type\":\"PropertyValueSpecification\",\"valueRequired\":true,\"valueName\":\"search_term_string\"}}],\"inLanguage\":\"de\"}]}<\/script>\n<!-- \/ Yoast SEO plugin. -->","yoast_head_json":{"title":"Brauchen Sie Motor\u00f6l Volkswagen Golf 5 (VW)? \u00dcbersicht Motor\u00f6l VW Golf V","description":"Motor\u00f6l Volkswagen Golf 5 \u00dcbersicht. Welches Motor\u00f6l sollte man f\u00fcr einen VW Golf 5 verwenden? Auf dieser Seite finden Sie alle VW Golf 5 und das dazugeh\u00f6rige Motor\u00f6l","robots":{"index":"index","follow":"follow","max-snippet":"max-snippet:-1","max-image-preview":"max-image-preview:large","max-video-preview":"max-video-preview:-1"},"canonical":"https:\/\/autobaak.nl\/de\/motorol-volkswagen-golf-5-vw\/","og_locale":"de_DE","og_type":"article","og_title":"Motorolie Volkswagen Golf 5 (VW) nodig? Overzicht motorolie VW Golf V","og_description":"Motorolie Volkswagen Golf 5 overzicht. Welke motorolie gebruiken voor een VW Golf V? Op deze site iedere VW Golf 5 en bijbehorende motorolie","og_url":"https:\/\/autobaak.nl\/de\/motorol-volkswagen-golf-5-vw\/","og_site_name":"Autobaak.nl","article_modified_time":"2022-03-19T07:51:11+00:00","twitter_card":"summary_large_image","twitter_misc":{"Gesch\u00e4tzte Lesezeit":"5\u00a0Minuten"},"schema":{"@context":"https:\/\/schema.org","@graph":[{"@type":"WebPage","@id":"https:\/\/autobaak.nl\/motorolie-volkswagen-golf-5-vw\/","url":"https:\/\/autobaak.nl\/motorolie-volkswagen-golf-5-vw\/","name":"Brauchen Sie Motor\u00f6l Volkswagen Golf 5 (VW)? \u00dcbersicht Motor\u00f6l VW Golf V","isPartOf":{"@id":"https:\/\/autobaak.nl\/#website"},"datePublished":"2022-03-19T07:51:02+00:00","dateModified":"2022-03-19T07:51:11+00:00","description":"Motor\u00f6l Volkswagen Golf 5 \u00dcbersicht. Welches Motor\u00f6l sollte man f\u00fcr einen VW Golf 5 verwenden? Auf dieser Seite finden Sie alle VW Golf 5 und das dazugeh\u00f6rige Motor\u00f6l","breadcrumb":{"@id":"https:\/\/autobaak.nl\/motorolie-volkswagen-golf-5-vw\/#breadcrumb"},"inLanguage":"de","potentialAction":[{"@type":"ReadAction","target":["https:\/\/autobaak.nl\/motorolie-volkswagen-golf-5-vw\/"]}]},{"@type":"BreadcrumbList","@id":"https:\/\/autobaak.nl\/motorolie-volkswagen-golf-5-vw\/#breadcrumb","itemListElement":[{"@type":"ListItem","position":1,"name":"Home","item":"https:\/\/autobaak.nl\/"},{"@type":"ListItem","position":2,"name":"Motorolie Volkswagen Golf 5 (VW)"}]},{"@type":"WebSite","@id":"https:\/\/autobaak.nl\/#website","url":"https:\/\/autobaak.nl\/","name":"Autobook.de","description":"Autos &amp; Rennsport","potentialAction":[{"@type":"SearchAction","target":{"@type":"EntryPoint","urlTemplate":"https:\/\/autobaak.nl\/?s={search_term_string}"},"query-input":{"@type":"PropertyValueSpecification","valueRequired":true,"valueName":"search_term_string"}}],"inLanguage":"de"}]}},"_links":{"self":[{"href":"https:\/\/autobaak.nl\/de\/wp-json\/wp\/v2\/pages\/134582","targetHints":{"allow":["GET"]}}],"collection":[{"href":"https:\/\/autobaak.nl\/de\/wp-json\/wp\/v2\/pages"}],"about":[{"href":"https:\/\/autobaak.nl\/de\/wp-json\/wp\/v2\/types\/page"}],"author":[{"embeddable":true,"href":"https:\/\/autobaak.nl\/de\/wp-json\/wp\/v2\/users\/1"}],"replies":[{"embeddable":true,"href":"https:\/\/autobaak.nl\/de\/wp-json\/wp\/v2\/comments?post=134582"}],"version-history":[{"count":0,"href":"https:\/\/autobaak.nl\/de\/wp-json\/wp\/v2\/pages\/134582\/revisions"}],"wp:attachment":[{"href":"https:\/\/autobaak.nl\/de\/wp-json\/wp\/v2\/media?parent=134582"}],"curies":[{"name":"wp","href":"https:\/\/api.w.org\/{rel}","templated":true}]}}