{"id":1368,"date":"2019-04-01T05:44:32","date_gmt":"2019-04-01T05:44:32","guid":{"rendered":"https:\/\/autobaak.nl\/?page_id=1368"},"modified":"2019-06-11T19:21:51","modified_gmt":"2019-06-11T19:21:51","slug":"scheibenwischer-alfa-romeo","status":"publish","type":"page","link":"https:\/\/autobaak.nl\/de\/scheibenwischer-alfa-romeo\/","title":{"rendered":"Scheibenwischer Alfa Romeo - Gr\u00f6\u00dfen"},"content":{"rendered":"<p>Wischergr\u00f6\u00dfen f\u00fcr Alfa Romeo. Auf dieser Seite die Gr\u00f6\u00dfen der beliebtesten Modelle, einschlie\u00dflich 147, 156, 159, Giulietta usw.<br \/>\nBitte beachten Sie, dass einige Wischermarken eine andere Gr\u00f6\u00dfe haben, die aber oft nicht mehr als 2 cm betr\u00e4gt.<\/p>\n<h2>Alfa Romeo Scheibenwischer \u00dcbersicht pro Modell<\/h2>\n<div id=\"tablepress-17-scroll-wrapper\" class=\"tablepress-scroll-wrapper\">\n\n<table id=\"tablepress-17\" class=\"tablepress tablepress-id-17 tablepress-responsive\">\n<thead>\n<tr class=\"row-1 odd\">\n\t<th class=\"column-1\">Modell<\/th><th class=\"column-2\">Wischer vorne links<\/th><th class=\"column-3\">Wischer vorne rechts<\/th><th class=\"column-4\">Hintere Fenster<\/th>\n<\/tr>\n<\/thead>\n<tbody class=\"row-hover\">\n<tr class=\"row-2 even\">\n\t<td class=\"column-1\">Alfa Romeo 147<\/td><td class=\"column-2\">550 mm \/ 55 cm \/ 22 Zoll<\/td><td class=\"column-3\">400 mm \/ 40 cm \/ 16 Zoll.<\/td><td class=\"column-4\">350 mm \/ 35 cm \/ 14 Zoll.<\/td>\n<\/tr>\n<tr class=\"row-3 odd\">\n\t<td class=\"column-1\">Alfa Romeo 156 Limousine<\/td><td class=\"column-2\">550 mm \/ 55 cm \/ 22 Zoll<\/td><td class=\"column-3\">500 mm \/ 50 cm \/ 20 Zoll<\/td><td class=\"column-4\">K.A.<\/td>\n<\/tr>\n<tr class=\"row-4 even\">\n\t<td class=\"column-1\">Alfa Romeo 156 Sportwagon<\/td><td class=\"column-2\">550 mm \/ 55 cm \/ 22 Zoll<\/td><td class=\"column-3\">500 mm \/ 50 cm \/ 20 Zoll<\/td><td class=\"column-4\">350 mm \/ 35 cm \/ 14 Zoll.<\/td>\n<\/tr>\n<tr class=\"row-5 odd\">\n\t<td class=\"column-1\">Alfa Romeo 159 <\/td><td class=\"column-2\">550 mm \/ 55 cm \/ 22 Zoll<\/td><td class=\"column-3\">450 mm \/ 45 cm \/ 18 Zoll<\/td><td class=\"column-4\">unbekannt<\/td>\n<\/tr>\n<tr class=\"row-6 even\">\n\t<td class=\"column-1\">Alfa Romeo 166<\/td><td class=\"column-2\">525 mm \/ 52,5 cm \/ 21 Zoll.<\/td><td class=\"column-3\">475 mm \/ 47,5 cm \/ 19 Zoll.<\/td><td class=\"column-4\">K.A.<\/td>\n<\/tr>\n<tr class=\"row-7 odd\">\n\t<td class=\"column-1\">Alfa Romeo Brera<\/td><td class=\"column-2\">550 mm \/ 55 cm \/ 22 Zoll<\/td><td class=\"column-3\">450 mm \/ 45 cm \/ 18 Zoll<\/td><td class=\"column-4\">unbekannt<\/td>\n<\/tr>\n<tr class=\"row-8 even\">\n\t<td class=\"column-1\">Alfa Romeo Giulietta<\/td><td class=\"column-2\">600 mm \/ 60 cm \/ 24 Zoll<\/td><td class=\"column-3\">450 mm \/ 45 cm \/ 18 Zoll<\/td><td class=\"column-4\">350 mm \/ 35 cm \/ 14 Zoll.<\/td>\n<\/tr>\n<tr class=\"row-9 odd\">\n\t<td class=\"column-1\">Alfa Romeo GT (03)<\/td><td class=\"column-2\">550 mm \/ 55 cm \/ 22 Zoll<\/td><td class=\"column-3\">400 mm \/ 40 cm \/ 16 Zoll.<\/td><td class=\"column-4\">K.A.<\/td>\n<\/tr>\n<tr class=\"row-10 even\">\n\t<td class=\"column-1\">Alfa Romeo GT (05)<\/td><td class=\"column-2\">550 mm \/ 55 cm \/ 22 Zoll<\/td><td class=\"column-3\">450 mm \/ 45 cm \/ 18 Zoll<\/td><td class=\"column-4\">K.A.<\/td>\n<\/tr>\n<tr class=\"row-11 odd\">\n\t<td class=\"column-1\">Alfa Romeo Mito<\/td><td class=\"column-2\">650 mm \/ 65 cm \/ 26 Zoll<\/td><td class=\"column-3\">375 mm \/ 37,5 cm \/ 15 Zoll.<\/td><td class=\"column-4\">300 mm \/ 30 cm \/ 12 Zoll.<\/td>\n<\/tr>\n<tr class=\"row-12 even\">\n\t<td class=\"column-1\">Alfa Romeo Spider (06)<\/td><td class=\"column-2\">550 mm \/ 55 cm \/ 22 Zoll<\/td><td class=\"column-3\">450 mm \/ 45 cm \/ 18 Zoll<\/td><td class=\"column-4\">K.A.<\/td>\n<\/tr>\n<\/tbody>\n<\/table>\n\n<\/div><!-- #tablepress-17 from cache -->","protected":false},"excerpt":{"rendered":"<p>Gr\u00f6\u00dfen der Scheibenwischer f\u00fcr Alfa Romeo. Auf dieser Seite die Gr\u00f6\u00dfen f\u00fcr die beliebtesten Modelle, einschlie\u00dflich 147, 156, 159, Giulietta usw. Bitte beachten Sie, dass einige Wischermarken eine andere Gr\u00f6\u00dfe haben, aber dies ist oft nicht mehr als 2 cm. Alfa Romeo Wischer \u00dcbersicht pro Modell<\/p>","protected":false},"author":1,"featured_media":0,"parent":0,"menu_order":0,"comment_status":"closed","ping_status":"closed","template":"","meta":{"_et_pb_use_builder":"","_et_pb_old_content":"","_et_gb_content_width":"","footnotes":""},"class_list":["post-1368","page","type-page","status-publish","hentry"],"yoast_head":"<!-- This site is optimized with the Yoast SEO plugin v27.4 - https:\/\/yoast.com\/product\/yoast-seo-wordpress\/ -->\n<title>Ruitenwissers Alfa Romeo - maten - o.a. 147, 156, 159, mito etc.<\/title>\n<meta name=\"description\" content=\"Ruitenwisser maten overzicht voor Alfa Romeo. De meest populaire modellen van het Italiaanse merk in dit overzicht. O.a. de 147, 156, 159, Giulietta\" \/>\n<meta name=\"robots\" content=\"index, follow, max-snippet:-1, max-image-preview:large, max-video-preview:-1\" \/>\n<link rel=\"canonical\" href=\"https:\/\/autobaak.nl\/de\/scheibenwischer-alfa-romeo\/\" \/>\n<meta property=\"og:locale\" content=\"de_DE\" \/>\n<meta property=\"og:type\" content=\"article\" \/>\n<meta property=\"og:title\" content=\"Ruitenwissers Alfa Romeo - maten - o.a. 147, 156, 159, mito etc.\" \/>\n<meta property=\"og:description\" content=\"Ruitenwisser maten overzicht voor Alfa Romeo. De meest populaire modellen van het Italiaanse merk in dit overzicht. O.a. de 147, 156, 159, Giulietta\" \/>\n<meta property=\"og:url\" content=\"https:\/\/autobaak.nl\/de\/scheibenwischer-alfa-romeo\/\" \/>\n<meta property=\"og:site_name\" content=\"Autobaak.nl\" \/>\n<meta property=\"article:modified_time\" content=\"2019-06-11T19:21:51+00:00\" \/>\n<meta name=\"twitter:card\" content=\"summary_large_image\" \/>\n<script type=\"application\/ld+json\" class=\"yoast-schema-graph\">{\"@context\":\"https:\\\/\\\/schema.org\",\"@graph\":[{\"@type\":\"WebPage\",\"@id\":\"https:\\\/\\\/autobaak.nl\\\/ruitenwissers-alfa-romeo\\\/\",\"url\":\"https:\\\/\\\/autobaak.nl\\\/ruitenwissers-alfa-romeo\\\/\",\"name\":\"Ruitenwissers Alfa Romeo - maten - o.a. 147, 156, 159, mito etc.\",\"isPartOf\":{\"@id\":\"https:\\\/\\\/autobaak.nl\\\/#website\"},\"datePublished\":\"2019-04-01T05:44:32+00:00\",\"dateModified\":\"2019-06-11T19:21:51+00:00\",\"description\":\"Ruitenwisser maten overzicht voor Alfa Romeo. De meest populaire modellen van het Italiaanse merk in dit overzicht. O.a. de 147, 156, 159, Giulietta\",\"breadcrumb\":{\"@id\":\"https:\\\/\\\/autobaak.nl\\\/ruitenwissers-alfa-romeo\\\/#breadcrumb\"},\"inLanguage\":\"de\",\"potentialAction\":[{\"@type\":\"ReadAction\",\"target\":[\"https:\\\/\\\/autobaak.nl\\\/ruitenwissers-alfa-romeo\\\/\"]}]},{\"@type\":\"BreadcrumbList\",\"@id\":\"https:\\\/\\\/autobaak.nl\\\/ruitenwissers-alfa-romeo\\\/#breadcrumb\",\"itemListElement\":[{\"@type\":\"ListItem\",\"position\":1,\"name\":\"Home\",\"item\":\"https:\\\/\\\/autobaak.nl\\\/\"},{\"@type\":\"ListItem\",\"position\":2,\"name\":\"Ruitenwissers Alfa Romeo &#8211; maten\"}]},{\"@type\":\"WebSite\",\"@id\":\"https:\\\/\\\/autobaak.nl\\\/#website\",\"url\":\"https:\\\/\\\/autobaak.nl\\\/\",\"name\":\"Autobaak.nl\",\"description\":\"Cars &amp; Racing\",\"potentialAction\":[{\"@type\":\"SearchAction\",\"target\":{\"@type\":\"EntryPoint\",\"urlTemplate\":\"https:\\\/\\\/autobaak.nl\\\/?s={search_term_string}\"},\"query-input\":{\"@type\":\"PropertyValueSpecification\",\"valueRequired\":true,\"valueName\":\"search_term_string\"}}],\"inLanguage\":\"de\"}]}<\/script>\n<!-- \/ Yoast SEO plugin. -->","yoast_head_json":{"title":"Scheibenwischer Alfa Romeo - Gr\u00f6\u00dfen - u.a. 147, 156, 159, mito etc.","description":"\u00dcbersicht der Wischergr\u00f6\u00dfen f\u00fcr Alfa Romeo. Die beliebtesten Modelle der italienischen Marke in dieser \u00dcbersicht. u.a. die 147, 156, 159, Giulietta","robots":{"index":"index","follow":"follow","max-snippet":"max-snippet:-1","max-image-preview":"max-image-preview:large","max-video-preview":"max-video-preview:-1"},"canonical":"https:\/\/autobaak.nl\/de\/scheibenwischer-alfa-romeo\/","og_locale":"de_DE","og_type":"article","og_title":"Ruitenwissers Alfa Romeo - maten - o.a. 147, 156, 159, mito etc.","og_description":"Ruitenwisser maten overzicht voor Alfa Romeo. De meest populaire modellen van het Italiaanse merk in dit overzicht. O.a. de 147, 156, 159, Giulietta","og_url":"https:\/\/autobaak.nl\/de\/scheibenwischer-alfa-romeo\/","og_site_name":"Autobaak.nl","article_modified_time":"2019-06-11T19:21:51+00:00","twitter_card":"summary_large_image","schema":{"@context":"https:\/\/schema.org","@graph":[{"@type":"WebPage","@id":"https:\/\/autobaak.nl\/ruitenwissers-alfa-romeo\/","url":"https:\/\/autobaak.nl\/ruitenwissers-alfa-romeo\/","name":"Scheibenwischer Alfa Romeo - Gr\u00f6\u00dfen - u.a. 147, 156, 159, mito etc.","isPartOf":{"@id":"https:\/\/autobaak.nl\/#website"},"datePublished":"2019-04-01T05:44:32+00:00","dateModified":"2019-06-11T19:21:51+00:00","description":"\u00dcbersicht der Wischergr\u00f6\u00dfen f\u00fcr Alfa Romeo. Die beliebtesten Modelle der italienischen Marke in dieser \u00dcbersicht. u.a. die 147, 156, 159, Giulietta","breadcrumb":{"@id":"https:\/\/autobaak.nl\/ruitenwissers-alfa-romeo\/#breadcrumb"},"inLanguage":"de","potentialAction":[{"@type":"ReadAction","target":["https:\/\/autobaak.nl\/ruitenwissers-alfa-romeo\/"]}]},{"@type":"BreadcrumbList","@id":"https:\/\/autobaak.nl\/ruitenwissers-alfa-romeo\/#breadcrumb","itemListElement":[{"@type":"ListItem","position":1,"name":"Home","item":"https:\/\/autobaak.nl\/"},{"@type":"ListItem","position":2,"name":"Ruitenwissers Alfa Romeo &#8211; maten"}]},{"@type":"WebSite","@id":"https:\/\/autobaak.nl\/#website","url":"https:\/\/autobaak.nl\/","name":"Autobook.de","description":"Autos &amp; Rennsport","potentialAction":[{"@type":"SearchAction","target":{"@type":"EntryPoint","urlTemplate":"https:\/\/autobaak.nl\/?s={search_term_string}"},"query-input":{"@type":"PropertyValueSpecification","valueRequired":true,"valueName":"search_term_string"}}],"inLanguage":"de"}]}},"_links":{"self":[{"href":"https:\/\/autobaak.nl\/de\/wp-json\/wp\/v2\/pages\/1368","targetHints":{"allow":["GET"]}}],"collection":[{"href":"https:\/\/autobaak.nl\/de\/wp-json\/wp\/v2\/pages"}],"about":[{"href":"https:\/\/autobaak.nl\/de\/wp-json\/wp\/v2\/types\/page"}],"author":[{"embeddable":true,"href":"https:\/\/autobaak.nl\/de\/wp-json\/wp\/v2\/users\/1"}],"replies":[{"embeddable":true,"href":"https:\/\/autobaak.nl\/de\/wp-json\/wp\/v2\/comments?post=1368"}],"version-history":[{"count":0,"href":"https:\/\/autobaak.nl\/de\/wp-json\/wp\/v2\/pages\/1368\/revisions"}],"wp:attachment":[{"href":"https:\/\/autobaak.nl\/de\/wp-json\/wp\/v2\/media?parent=1368"}],"curies":[{"name":"wp","href":"https:\/\/api.w.org\/{rel}","templated":true}]}}