{"id":1372,"date":"2019-04-01T06:07:01","date_gmt":"2019-04-01T06:07:01","guid":{"rendered":"https:\/\/autobaak.nl\/?page_id=1372"},"modified":"2019-04-02T13:59:38","modified_gmt":"2019-04-02T13:59:38","slug":"scheibenwischer-audi-grosen","status":"publish","type":"page","link":"https:\/\/autobaak.nl\/de\/scheibenwischer-audi-grosen\/","title":{"rendered":"Audi-Scheibenwischer - Gr\u00f6\u00dfen"},"content":{"rendered":"<p>Wischergr\u00f6\u00dfen f\u00fcr Audi Modelle. Auf dieser Seite finden Sie die Gr\u00f6\u00dfen der g\u00e4ngigsten Modelle, d.h. A1, A3, A4, A6. Q5, Q7 usw.<br \/>\nBitte beachten Sie, dass einige Wischermarken eine andere Gr\u00f6\u00dfe haben, die aber oft nicht mehr als 2 cm betr\u00e4gt. Daher passen sie einfach in das vorgegebene Modell.<\/p>\n<h3>Audi Scheibenwischer \u00dcbersicht nach Modell<\/h3>\n<div id=\"tablepress-19-scroll-wrapper\" class=\"tablepress-scroll-wrapper\">\n\n<table id=\"tablepress-19\" class=\"tablepress tablepress-id-19 tablepress-responsive\">\n<thead>\n<tr class=\"row-1 odd\">\n\t<th class=\"column-1\">Modell<\/th><th class=\"column-2\">Scheibenwischer auf der Fahrerseite <\/th><th class=\"column-3\">Windschutzscheibenwischer Beifahrerseite<\/th><th class=\"column-4\">Heckscheibenwischer<\/th>\n<\/tr>\n<\/thead>\n<tbody class=\"row-hover\">\n<tr class=\"row-2 even\">\n\t<td class=\"column-1\">Audi A1<\/td><td class=\"column-2\">600 mm \/ 60 cm \/ 24 Zoll<\/td><td class=\"column-3\">375 mm \/ 37,5 cm \/ 15 Zoll.<\/td><td class=\"column-4\">325 mm \/ 32,5 cm \/ 13 Zoll.<\/td>\n<\/tr>\n<tr class=\"row-3 odd\">\n\t<td class=\"column-1\">Audi A3 (96)<\/td><td class=\"column-2\">525 mm \/ 52,5 cm \/ 21 Zoll. <\/td><td class=\"column-3\">475 mm \/ 47,5 cm \/ 19 Zoll.<\/td><td class=\"column-4\">375 mm \/ 37,5 cm \/ 15 Zoll.<\/td>\n<\/tr>\n<tr class=\"row-4 even\">\n\t<td class=\"column-1\">Audi A3 (03)<\/td><td class=\"column-2\">600 mm \/ 60 cm \/ 24 Zoll<\/td><td class=\"column-3\">475 mm \/ 47,5 cm \/ 19 Zoll.<\/td><td class=\"column-4\">325 mm \/ 32,5 cm \/ 13 Zoll.<\/td>\n<\/tr>\n<tr class=\"row-5 odd\">\n\t<td class=\"column-1\">Audi A3 (13)<\/td><td class=\"column-2\">650 mm \/ 65 cm \/ 26 Zoll<\/td><td class=\"column-3\">450 mm \/ 45 cm \/ 18 Zoll<\/td><td class=\"column-4\">325 mm \/ 32,5 cm \/ 13 Zoll.<\/td>\n<\/tr>\n<tr class=\"row-6 even\">\n\t<td class=\"column-1\">Audi A4 (96)<\/td><td class=\"column-2\">525 mm \/ 52,5 cm \/ 21 Zoll. <\/td><td class=\"column-3\">525 mm \/ 52,5 cm \/ 21 Zoll. <\/td><td class=\"column-4\">375 mm \/ 37,5 cm \/ 15 Zoll.<\/td>\n<\/tr>\n<tr class=\"row-7 odd\">\n\t<td class=\"column-1\">Audi A4 (02)<\/td><td class=\"column-2\">525 mm \/ 52,5 cm \/ 21 Zoll. <\/td><td class=\"column-3\">525 mm \/ 52,5 cm \/ 21 Zoll. <\/td><td class=\"column-4\">550 mm \/ 55 cm \/ 22 Zoll<\/td>\n<\/tr>\n<tr class=\"row-8 even\">\n\t<td class=\"column-1\">Audi A4 (05)<\/td><td class=\"column-2\">550 mm \/ 55 cm \/ 22 Zoll<\/td><td class=\"column-3\">550 mm \/ 55 cm \/ 22 Zoll<\/td><td class=\"column-4\"><\/td>\n<\/tr>\n<tr class=\"row-9 odd\">\n\t<td class=\"column-1\">Audi A4 (08)<\/td><td class=\"column-2\">600 mm \/ 60 cm \/ 24 Zoll<\/td><td class=\"column-3\">500 mm \/ 50 cm \/ 20 Zoll<\/td><td class=\"column-4\">400 mm \/ 40 cm \/ 16 Zoll.<\/td>\n<\/tr>\n<tr class=\"row-10 even\">\n\t<td class=\"column-1\">Audi A4 (15)<\/td><td class=\"column-2\">600 mm \/ 60 cm \/ 24 Zoll<\/td><td class=\"column-3\">500 mm \/ 50 cm \/ 20 Zoll<\/td><td class=\"column-4\">400 mm \/ 40 cm \/ 16 Zoll.<\/td>\n<\/tr>\n<tr class=\"row-11 odd\">\n\t<td class=\"column-1\">Audi A5 (08)<\/td><td class=\"column-2\">600 mm \/ 60 cm \/ 24 Zoll<\/td><td class=\"column-3\">500 mm \/ 50 cm \/ 20 Zoll<\/td><td class=\"column-4\"><\/td>\n<\/tr>\n<tr class=\"row-12 even\">\n\t<td class=\"column-1\">Audi A6 (97)<\/td><td class=\"column-2\">550 mm \/ 55 cm \/ 22 Zoll<\/td><td class=\"column-3\">550 mm \/ 55 cm \/ 22 Zoll<\/td><td class=\"column-4\">450 mm \/ 45 cm \/ 18 Zoll<\/td>\n<\/tr>\n<tr class=\"row-13 odd\">\n\t<td class=\"column-1\">Audi A6 (01)<\/td><td class=\"column-2\">550 mm \/ 55 cm \/ 22 Zoll<\/td><td class=\"column-3\">550 mm \/ 55 cm \/ 22 Zoll<\/td><td class=\"column-4\">375 mm \/ 37,5 cm \/ 15 Zoll.<\/td>\n<\/tr>\n<tr class=\"row-14 even\">\n\t<td class=\"column-1\">Audi A6 (05)<\/td><td class=\"column-2\">550 mm \/ 55 cm \/ 22 Zoll<\/td><td class=\"column-3\">550 mm \/ 55 cm \/ 22 Zoll<\/td><td class=\"column-4\">325 mm \/ 32,5 cm \/ 13 Zoll.<\/td>\n<\/tr>\n<tr class=\"row-15 odd\">\n\t<td class=\"column-1\">Audi A6 (12)<\/td><td class=\"column-2\">650 mm \/ 65 cm \/ 26 Zoll<\/td><td class=\"column-3\">525 mm \/ 52,5 cm \/ 21 Zoll. <\/td><td class=\"column-4\">400 mm \/ 40 cm \/ 16 Zoll.<\/td>\n<\/tr>\n<tr class=\"row-16 even\">\n\t<td class=\"column-1\">Audi A7 <\/td><td class=\"column-2\">600 mm \/ 60 cm \/ 24 Zoll<\/td><td class=\"column-3\">500 mm \/ 50 cm \/ 20 Zoll<\/td><td class=\"column-4\"><\/td>\n<\/tr>\n<tr class=\"row-17 odd\">\n\t<td class=\"column-1\">Audi A8 (94)<\/td><td class=\"column-2\">550 mm \/ 55 cm \/ 22 Zoll<\/td><td class=\"column-3\">550 mm \/ 55 cm \/ 22 Zoll<\/td><td class=\"column-4\"><\/td>\n<\/tr>\n<tr class=\"row-18 even\">\n\t<td class=\"column-1\">Audi A8 (03)<\/td><td class=\"column-2\">550 mm \/ 55 cm \/ 22 Zoll<\/td><td class=\"column-3\">550 mm \/ 55 cm \/ 22 Zoll<\/td><td class=\"column-4\"><\/td>\n<\/tr>\n<tr class=\"row-19 odd\">\n\t<td class=\"column-1\">Audi Q3 (12)<\/td><td class=\"column-2\">600 mm \/ 60 cm \/ 24 Zoll<\/td><td class=\"column-3\">525 mm \/ 52,5 cm \/ 21 Zoll. <\/td><td class=\"column-4\">400 mm \/ 40 cm \/ 16 Zoll.<\/td>\n<\/tr>\n<tr class=\"row-20 even\">\n\t<td class=\"column-1\">Audi Q5 (08)<\/td><td class=\"column-2\">600 mm \/ 60 cm \/ 24 Zoll<\/td><td class=\"column-3\">500 mm \/ 50 cm \/ 20 Zoll<\/td><td class=\"column-4\">325 mm \/ 32,5 cm \/ 13 Zoll.<\/td>\n<\/tr>\n<tr class=\"row-21 odd\">\n\t<td class=\"column-1\">Audi Q7 (06)<\/td><td class=\"column-2\">650 mm \/ 65 cm \/ 26 Zoll<\/td><td class=\"column-3\">650 mm \/ 65 cm \/ 26 Zoll<\/td><td class=\"column-4\">400 mm \/ 40 cm \/ 16 Zoll.<\/td>\n<\/tr>\n<tr class=\"row-22 even\">\n\t<td class=\"column-1\">Audi Q7 (15)<\/td><td class=\"column-2\">650 mm \/ 65 cm \/ 26 Zoll<\/td><td class=\"column-3\">500 mm \/ 50 cm \/ 20 Zoll<\/td><td class=\"column-4\">400 mm \/ 40 cm \/ 16 Zoll.<\/td>\n<\/tr>\n<tr class=\"row-23 odd\">\n\t<td class=\"column-1\">Audi TT (98)<\/td><td class=\"column-2\">525 mm \/ 52,5 \/ 21 Zoll<\/td><td class=\"column-3\">525 mm \/ 52,5 \/ 21 Zoll<\/td><td class=\"column-4\"><\/td>\n<\/tr>\n<tr class=\"row-24 even\">\n\t<td class=\"column-1\">Audi TT (06)<\/td><td class=\"column-2\">550 mm \/ 55 cm \/ 22 Zoll<\/td><td class=\"column-3\">500 mm \/ 50 cm \/ 20 Zoll<\/td><td class=\"column-4\"><\/td>\n<\/tr>\n<tr class=\"row-25 odd\">\n\t<td class=\"column-1\">Audi TT (14)<\/td><td class=\"column-2\">600 mm \/ 60 cm \/ 24 Zoll<\/td><td class=\"column-3\">500 mm \/ 50 cm \/ 20 Zoll<\/td><td class=\"column-4\"><\/td>\n<\/tr>\n<\/tbody>\n<\/table>\n\n<\/div><!-- #tablepress-19 from cache -->","protected":false},"excerpt":{"rendered":"<p>Gr\u00f6\u00dfen der Scheibenwischer f\u00fcr Audi Modelle. Auf dieser Seite die Gr\u00f6\u00dfen f\u00fcr die beliebtesten Modelle, einschlie\u00dflich A1, A3, A4, A6. Q5, Q7 usw. Bitte beachten Sie, dass einige Wischermarken eine andere Gr\u00f6\u00dfe haben, aber dies ist oft nicht mehr als 2 cm. Sie passen daher einfach auf das vorgeschriebene Modell. Audi-Scheibenwischer-\u00dcbersicht pro Modell<\/p>","protected":false},"author":1,"featured_media":0,"parent":0,"menu_order":0,"comment_status":"closed","ping_status":"closed","template":"","meta":{"_et_pb_use_builder":"","_et_pb_old_content":"","_et_gb_content_width":"","footnotes":""},"class_list":["post-1372","page","type-page","status-publish","hentry"],"yoast_head":"<!-- This site is optimized with the Yoast SEO plugin v27.4 - https:\/\/yoast.com\/product\/yoast-seo-wordpress\/ -->\n<title>Ruitenwissers Audi - maten - o.a. A1, A3, A4, A5, A6, Q3, Q5 en Q7<\/title>\n<meta name=\"description\" content=\"Ruitenwisser maten overzicht voor Audi. De meest populaire modellen van het Duitse merk in dit overzicht. O.a. de A1, A2, A3, A4, A5, A6, A7, Q5, Q7 etc.\" \/>\n<meta name=\"robots\" content=\"index, follow, max-snippet:-1, max-image-preview:large, max-video-preview:-1\" \/>\n<link rel=\"canonical\" href=\"https:\/\/autobaak.nl\/de\/scheibenwischer-audi-grosen\/\" \/>\n<meta property=\"og:locale\" content=\"de_DE\" \/>\n<meta property=\"og:type\" content=\"article\" \/>\n<meta property=\"og:title\" content=\"Ruitenwissers Audi - maten - o.a. A1, A3, A4, A5, A6, Q3, Q5 en Q7\" \/>\n<meta property=\"og:description\" content=\"Ruitenwisser maten overzicht voor Audi. De meest populaire modellen van het Duitse merk in dit overzicht. O.a. de A1, A2, A3, A4, A5, A6, A7, Q5, Q7 etc.\" \/>\n<meta property=\"og:url\" content=\"https:\/\/autobaak.nl\/de\/scheibenwischer-audi-grosen\/\" \/>\n<meta property=\"og:site_name\" content=\"Autobaak.nl\" \/>\n<meta property=\"article:modified_time\" content=\"2019-04-02T13:59:38+00:00\" \/>\n<meta name=\"twitter:card\" content=\"summary_large_image\" \/>\n<script type=\"application\/ld+json\" class=\"yoast-schema-graph\">{\"@context\":\"https:\\\/\\\/schema.org\",\"@graph\":[{\"@type\":\"WebPage\",\"@id\":\"https:\\\/\\\/autobaak.nl\\\/ruitenwissers-audi-maten\\\/\",\"url\":\"https:\\\/\\\/autobaak.nl\\\/ruitenwissers-audi-maten\\\/\",\"name\":\"Ruitenwissers Audi - maten - o.a. A1, A3, A4, A5, A6, Q3, Q5 en Q7\",\"isPartOf\":{\"@id\":\"https:\\\/\\\/autobaak.nl\\\/#website\"},\"datePublished\":\"2019-04-01T06:07:01+00:00\",\"dateModified\":\"2019-04-02T13:59:38+00:00\",\"description\":\"Ruitenwisser maten overzicht voor Audi. De meest populaire modellen van het Duitse merk in dit overzicht. O.a. de A1, A2, A3, A4, A5, A6, A7, Q5, Q7 etc.\",\"breadcrumb\":{\"@id\":\"https:\\\/\\\/autobaak.nl\\\/ruitenwissers-audi-maten\\\/#breadcrumb\"},\"inLanguage\":\"de\",\"potentialAction\":[{\"@type\":\"ReadAction\",\"target\":[\"https:\\\/\\\/autobaak.nl\\\/ruitenwissers-audi-maten\\\/\"]}]},{\"@type\":\"BreadcrumbList\",\"@id\":\"https:\\\/\\\/autobaak.nl\\\/ruitenwissers-audi-maten\\\/#breadcrumb\",\"itemListElement\":[{\"@type\":\"ListItem\",\"position\":1,\"name\":\"Home\",\"item\":\"https:\\\/\\\/autobaak.nl\\\/\"},{\"@type\":\"ListItem\",\"position\":2,\"name\":\"Ruitenwissers Audi &#8211; maten\"}]},{\"@type\":\"WebSite\",\"@id\":\"https:\\\/\\\/autobaak.nl\\\/#website\",\"url\":\"https:\\\/\\\/autobaak.nl\\\/\",\"name\":\"Autobaak.nl\",\"description\":\"Cars &amp; Racing\",\"potentialAction\":[{\"@type\":\"SearchAction\",\"target\":{\"@type\":\"EntryPoint\",\"urlTemplate\":\"https:\\\/\\\/autobaak.nl\\\/?s={search_term_string}\"},\"query-input\":{\"@type\":\"PropertyValueSpecification\",\"valueRequired\":true,\"valueName\":\"search_term_string\"}}],\"inLanguage\":\"de\"}]}<\/script>\n<!-- \/ Yoast SEO plugin. -->","yoast_head_json":{"title":"Audi-Scheibenwischer - Gr\u00f6\u00dfen - einschlie\u00dflich A1, A3, A4, A5, A6, Q3, Q5 und Q7","description":"\u00dcbersicht der Wischergr\u00f6\u00dfen f\u00fcr Audi. Die beliebtesten Modelle der deutschen Marke in dieser \u00dcbersicht. Einschlie\u00dflich A1, A2, A3, A4, A5, A6, A7, Q5, Q7 usw.","robots":{"index":"index","follow":"follow","max-snippet":"max-snippet:-1","max-image-preview":"max-image-preview:large","max-video-preview":"max-video-preview:-1"},"canonical":"https:\/\/autobaak.nl\/de\/scheibenwischer-audi-grosen\/","og_locale":"de_DE","og_type":"article","og_title":"Ruitenwissers Audi - maten - o.a. A1, A3, A4, A5, A6, Q3, Q5 en Q7","og_description":"Ruitenwisser maten overzicht voor Audi. De meest populaire modellen van het Duitse merk in dit overzicht. O.a. de A1, A2, A3, A4, A5, A6, A7, Q5, Q7 etc.","og_url":"https:\/\/autobaak.nl\/de\/scheibenwischer-audi-grosen\/","og_site_name":"Autobaak.nl","article_modified_time":"2019-04-02T13:59:38+00:00","twitter_card":"summary_large_image","schema":{"@context":"https:\/\/schema.org","@graph":[{"@type":"WebPage","@id":"https:\/\/autobaak.nl\/ruitenwissers-audi-maten\/","url":"https:\/\/autobaak.nl\/ruitenwissers-audi-maten\/","name":"Audi-Scheibenwischer - Gr\u00f6\u00dfen - einschlie\u00dflich A1, A3, A4, A5, A6, Q3, Q5 und Q7","isPartOf":{"@id":"https:\/\/autobaak.nl\/#website"},"datePublished":"2019-04-01T06:07:01+00:00","dateModified":"2019-04-02T13:59:38+00:00","description":"\u00dcbersicht der Wischergr\u00f6\u00dfen f\u00fcr Audi. Die beliebtesten Modelle der deutschen Marke in dieser \u00dcbersicht. Einschlie\u00dflich A1, A2, A3, A4, A5, A6, A7, Q5, Q7 usw.","breadcrumb":{"@id":"https:\/\/autobaak.nl\/ruitenwissers-audi-maten\/#breadcrumb"},"inLanguage":"de","potentialAction":[{"@type":"ReadAction","target":["https:\/\/autobaak.nl\/ruitenwissers-audi-maten\/"]}]},{"@type":"BreadcrumbList","@id":"https:\/\/autobaak.nl\/ruitenwissers-audi-maten\/#breadcrumb","itemListElement":[{"@type":"ListItem","position":1,"name":"Home","item":"https:\/\/autobaak.nl\/"},{"@type":"ListItem","position":2,"name":"Ruitenwissers Audi &#8211; maten"}]},{"@type":"WebSite","@id":"https:\/\/autobaak.nl\/#website","url":"https:\/\/autobaak.nl\/","name":"Autobook.de","description":"Autos &amp; Rennsport","potentialAction":[{"@type":"SearchAction","target":{"@type":"EntryPoint","urlTemplate":"https:\/\/autobaak.nl\/?s={search_term_string}"},"query-input":{"@type":"PropertyValueSpecification","valueRequired":true,"valueName":"search_term_string"}}],"inLanguage":"de"}]}},"_links":{"self":[{"href":"https:\/\/autobaak.nl\/de\/wp-json\/wp\/v2\/pages\/1372","targetHints":{"allow":["GET"]}}],"collection":[{"href":"https:\/\/autobaak.nl\/de\/wp-json\/wp\/v2\/pages"}],"about":[{"href":"https:\/\/autobaak.nl\/de\/wp-json\/wp\/v2\/types\/page"}],"author":[{"embeddable":true,"href":"https:\/\/autobaak.nl\/de\/wp-json\/wp\/v2\/users\/1"}],"replies":[{"embeddable":true,"href":"https:\/\/autobaak.nl\/de\/wp-json\/wp\/v2\/comments?post=1372"}],"version-history":[{"count":0,"href":"https:\/\/autobaak.nl\/de\/wp-json\/wp\/v2\/pages\/1372\/revisions"}],"wp:attachment":[{"href":"https:\/\/autobaak.nl\/de\/wp-json\/wp\/v2\/media?parent=1372"}],"curies":[{"name":"wp","href":"https:\/\/api.w.org\/{rel}","templated":true}]}}