{"id":1384,"date":"2019-04-02T14:16:18","date_gmt":"2019-04-02T14:16:18","guid":{"rendered":"https:\/\/autobaak.nl\/?page_id=1384"},"modified":"2019-04-02T14:16:18","modified_gmt":"2019-04-02T14:16:18","slug":"scheibenwischer-ford-grosen","status":"publish","type":"page","link":"https:\/\/autobaak.nl\/de\/scheibenwischer-ford-grosen\/","title":{"rendered":"Ford-Scheibenwischer - Gr\u00f6\u00dfen"},"content":{"rendered":"<p>Wischergr\u00f6\u00dfen f\u00fcr Ford-Modelle. Auf dieser Seite finden Sie die Gr\u00f6\u00dfen der g\u00e4ngigsten Modelle, z.B. KA, Focus, Mondeo, C-max, Fiesta usw..<br \/>\nBitte beachten Sie, dass einige Wischermarken eine andere Gr\u00f6\u00dfe verwenden, die jedoch oft nicht mehr als 2 cm betr\u00e4gt. Daher passen sie einfach in das vorgegebene Modell.<\/p>\n<h3>Ford Scheibenwischer \u00dcbersicht nach Modell<\/h3>\n<div id=\"tablepress-22-scroll-wrapper\" class=\"tablepress-scroll-wrapper\">\n\n<table id=\"tablepress-22\" class=\"tablepress tablepress-id-22 tablepress-responsive\">\n<thead>\n<tr class=\"row-1 odd\">\n\t<th class=\"column-1\">Modell <\/th><th class=\"column-2\">Scheibenwischer auf der Fahrerseite <\/th><th class=\"column-3\">Windschutzscheibenwischer Beifahrerseite <\/th><th class=\"column-4\">Heckscheibenwischer<\/th>\n<\/tr>\n<\/thead>\n<tbody class=\"row-hover\">\n<tr class=\"row-2 even\">\n\t<td class=\"column-1\">Ford C-Max (04)<\/td><td class=\"column-2\">650 mm \/ 65 cm \/ 26 Zoll<\/td><td class=\"column-3\">475 mm \/ 47,5 cm \/ 19 Zoll.<\/td><td class=\"column-4\"><\/td>\n<\/tr>\n<tr class=\"row-3 odd\">\n\t<td class=\"column-1\">Ford C-Max (07)<\/td><td class=\"column-2\">650 mm \/ 65 cm \/ 26 Zoll<\/td><td class=\"column-3\">475 mm \/ 47,5 cm \/ 19 Zoll.<\/td><td class=\"column-4\">275 mm \/ 27,5 cm \/ 11 Zoll.<\/td>\n<\/tr>\n<tr class=\"row-4 even\">\n\t<td class=\"column-1\">Ford Cougar<\/td><td class=\"column-2\">550 mm \/ 55 cm \/ 22 Zoll<\/td><td class=\"column-3\">500 mm \/ 50 cm \/ 20 Zoll<\/td><td class=\"column-4\"><\/td>\n<\/tr>\n<tr class=\"row-5 odd\">\n\t<td class=\"column-1\">Ford Fiesta (95)<\/td><td class=\"column-2\">475 mm \/ 47,5 cm \/ 19 Zoll.<\/td><td class=\"column-3\">475 mm \/ 47,5 cm \/ 19 Zoll.<\/td><td class=\"column-4\">475 mm \/ 47,5 cm \/ 19 Zoll.<\/td>\n<\/tr>\n<tr class=\"row-6 even\">\n\t<td class=\"column-1\">Ford Fiesta (01)<\/td><td class=\"column-2\">550 mm \/ 55 cm \/ 22 Zoll<\/td><td class=\"column-3\">400 mm \/ 40 cm \/ 16 Zoll.<\/td><td class=\"column-4\"><\/td>\n<\/tr>\n<tr class=\"row-7 odd\">\n\t<td class=\"column-1\">Ford Fiesta (08)<\/td><td class=\"column-2\">650 mm \/ 65 cm \/ 26 Zoll<\/td><td class=\"column-3\">375 mm \/ 37,5 cm \/ 15 Zoll.<\/td><td class=\"column-4\"><\/td>\n<\/tr>\n<tr class=\"row-8 even\">\n\t<td class=\"column-1\">Ford Focus (98)<\/td><td class=\"column-2\">550 mm \/ 55 cm \/ 22 Zoll<\/td><td class=\"column-3\">475 mm \/ 47,5 cm \/ 19 Zoll.<\/td><td class=\"column-4\">350 mm \/ 35 cm \/ 14 Zoll.<\/td>\n<\/tr>\n<tr class=\"row-9 odd\">\n\t<td class=\"column-1\">Ford Focus (04)<\/td><td class=\"column-2\">650 mm \/ 65 cm \/ 26 Zoll<\/td><td class=\"column-3\">400 mm \/ 40 cm \/ 16 Zoll.<\/td><td class=\"column-4\">350 mm \/ 35 cm \/ 14 Zoll.<\/td>\n<\/tr>\n<tr class=\"row-10 even\">\n\t<td class=\"column-1\">Ford Focus (11)<\/td><td class=\"column-2\">700 mm \/ 70 cm \/ 28 Zoll<\/td><td class=\"column-3\">700 mm \/ 70 cm \/ 28 Zoll<\/td><td class=\"column-4\">300 mm \/ 30 cm \/ 12 Zoll.<\/td>\n<\/tr>\n<tr class=\"row-11 odd\">\n\t<td class=\"column-1\"><\/td><td class=\"column-2\"><\/td><td class=\"column-3\"><\/td><td class=\"column-4\"><\/td>\n<\/tr>\n<tr class=\"row-12 even\">\n\t<td class=\"column-1\"><\/td><td class=\"column-2\"><\/td><td class=\"column-3\"><\/td><td class=\"column-4\"><\/td>\n<\/tr>\n<tr class=\"row-13 odd\">\n\t<td class=\"column-1\"><\/td><td class=\"column-2\"><\/td><td class=\"column-3\"><\/td><td class=\"column-4\"><\/td>\n<\/tr>\n<tr class=\"row-14 even\">\n\t<td class=\"column-1\"><\/td><td class=\"column-2\"><\/td><td class=\"column-3\"><\/td><td class=\"column-4\"><\/td>\n<\/tr>\n<tr class=\"row-15 odd\">\n\t<td class=\"column-1\"><\/td><td class=\"column-2\"><\/td><td class=\"column-3\"><\/td><td class=\"column-4\"><\/td>\n<\/tr>\n<tr class=\"row-16 even\">\n\t<td class=\"column-1\"><\/td><td class=\"column-2\"><\/td><td class=\"column-3\"><\/td><td class=\"column-4\"><\/td>\n<\/tr>\n<tr class=\"row-17 odd\">\n\t<td class=\"column-1\"><\/td><td class=\"column-2\"><\/td><td class=\"column-3\"><\/td><td class=\"column-4\"><\/td>\n<\/tr>\n<tr class=\"row-18 even\">\n\t<td class=\"column-1\"><\/td><td class=\"column-2\"><\/td><td class=\"column-3\"><\/td><td class=\"column-4\"><\/td>\n<\/tr>\n<tr class=\"row-19 odd\">\n\t<td class=\"column-1\"><\/td><td class=\"column-2\"><\/td><td class=\"column-3\"><\/td><td class=\"column-4\"><\/td>\n<\/tr>\n<tr class=\"row-20 even\">\n\t<td class=\"column-1\"><\/td><td class=\"column-2\"><\/td><td class=\"column-3\"><\/td><td class=\"column-4\"><\/td>\n<\/tr>\n<tr class=\"row-21 odd\">\n\t<td class=\"column-1\"><\/td><td class=\"column-2\"><\/td><td class=\"column-3\"><\/td><td class=\"column-4\"><\/td>\n<\/tr>\n<tr class=\"row-22 even\">\n\t<td class=\"column-1\"><\/td><td class=\"column-2\"><\/td><td class=\"column-3\"><\/td><td class=\"column-4\"><\/td>\n<\/tr>\n<tr class=\"row-23 odd\">\n\t<td class=\"column-1\"><\/td><td class=\"column-2\"><\/td><td class=\"column-3\"><\/td><td class=\"column-4\"><\/td>\n<\/tr>\n<\/tbody>\n<\/table>\n\n<\/div>","protected":false},"excerpt":{"rendered":"<p>Scheibenwischergr\u00f6\u00dfen f\u00fcr Ford-Modelle. Auf dieser Seite die Gr\u00f6\u00dfen f\u00fcr die beliebtesten Modelle, einschlie\u00dflich KA, Focus, Mondeo, C-max, Fiesta usw.. Bitte beachten Sie, dass einige Wischermarken eine andere Gr\u00f6\u00dfe verwenden, die aber oft nicht mehr als 2 cm betr\u00e4gt. Sie passen daher einfach auf das vorgeschriebene Modell. Ford-Scheibenwischer-\u00dcbersicht pro Modell<\/p>","protected":false},"author":1,"featured_media":0,"parent":0,"menu_order":0,"comment_status":"closed","ping_status":"closed","template":"","meta":{"_et_pb_use_builder":"","_et_pb_old_content":"","_et_gb_content_width":"","footnotes":""},"class_list":["post-1384","page","type-page","status-publish","hentry"],"yoast_head":"<!-- This site is optimized with the Yoast SEO plugin v27.5 - https:\/\/yoast.com\/product\/yoast-seo-wordpress\/ -->\n<title>Ruitenwissers Ford - maten - o.a. KA, Focus, Mondeo, Fiesta, C-Max etc.<\/title>\n<meta name=\"description\" content=\"Ruitenwisser maten overzicht voor Ford. De meest populaire modellen van dit automerk in dit overzicht. O.a. de Focus, Fiesta, KA, C-Max, Mondeo etc.\" \/>\n<meta name=\"robots\" content=\"index, follow, max-snippet:-1, max-image-preview:large, max-video-preview:-1\" \/>\n<link rel=\"canonical\" href=\"https:\/\/autobaak.nl\/de\/scheibenwischer-ford-grosen\/\" \/>\n<meta property=\"og:locale\" content=\"de_DE\" \/>\n<meta property=\"og:type\" content=\"article\" \/>\n<meta property=\"og:title\" content=\"Ruitenwissers Ford - maten - o.a. KA, Focus, Mondeo, Fiesta, C-Max etc.\" \/>\n<meta property=\"og:description\" content=\"Ruitenwisser maten overzicht voor Ford. De meest populaire modellen van dit automerk in dit overzicht. O.a. de Focus, Fiesta, KA, C-Max, Mondeo etc.\" \/>\n<meta property=\"og:url\" content=\"https:\/\/autobaak.nl\/de\/scheibenwischer-ford-grosen\/\" \/>\n<meta property=\"og:site_name\" content=\"Autobaak.nl\" \/>\n<meta name=\"twitter:card\" content=\"summary_large_image\" \/>\n<script type=\"application\/ld+json\" class=\"yoast-schema-graph\">{\"@context\":\"https:\\\/\\\/schema.org\",\"@graph\":[{\"@type\":\"WebPage\",\"@id\":\"https:\\\/\\\/autobaak.nl\\\/ruitenwissers-ford-maten\\\/\",\"url\":\"https:\\\/\\\/autobaak.nl\\\/ruitenwissers-ford-maten\\\/\",\"name\":\"Ruitenwissers Ford - maten - o.a. KA, Focus, Mondeo, Fiesta, C-Max etc.\",\"isPartOf\":{\"@id\":\"https:\\\/\\\/autobaak.nl\\\/#website\"},\"datePublished\":\"2019-04-02T14:16:18+00:00\",\"description\":\"Ruitenwisser maten overzicht voor Ford. De meest populaire modellen van dit automerk in dit overzicht. O.a. de Focus, Fiesta, KA, C-Max, Mondeo etc.\",\"breadcrumb\":{\"@id\":\"https:\\\/\\\/autobaak.nl\\\/ruitenwissers-ford-maten\\\/#breadcrumb\"},\"inLanguage\":\"de\",\"potentialAction\":[{\"@type\":\"ReadAction\",\"target\":[\"https:\\\/\\\/autobaak.nl\\\/ruitenwissers-ford-maten\\\/\"]}]},{\"@type\":\"BreadcrumbList\",\"@id\":\"https:\\\/\\\/autobaak.nl\\\/ruitenwissers-ford-maten\\\/#breadcrumb\",\"itemListElement\":[{\"@type\":\"ListItem\",\"position\":1,\"name\":\"Home\",\"item\":\"https:\\\/\\\/autobaak.nl\\\/\"},{\"@type\":\"ListItem\",\"position\":2,\"name\":\"Ruitenwissers Ford &#8211; maten\"}]},{\"@type\":\"WebSite\",\"@id\":\"https:\\\/\\\/autobaak.nl\\\/#website\",\"url\":\"https:\\\/\\\/autobaak.nl\\\/\",\"name\":\"Autobaak.nl\",\"description\":\"Cars &amp; Racing\",\"potentialAction\":[{\"@type\":\"SearchAction\",\"target\":{\"@type\":\"EntryPoint\",\"urlTemplate\":\"https:\\\/\\\/autobaak.nl\\\/?s={search_term_string}\"},\"query-input\":{\"@type\":\"PropertyValueSpecification\",\"valueRequired\":true,\"valueName\":\"search_term_string\"}}],\"inLanguage\":\"de\"}]}<\/script>\n<!-- \/ Yoast SEO plugin. -->","yoast_head_json":{"title":"Scheibenwischer Ford - Gr\u00f6\u00dfen - u.a. KA, Focus, Mondeo, Fiesta, C-Max etc.","description":"\u00dcbersicht der Scheibenwischergr\u00f6\u00dfen f\u00fcr Ford. Die beliebtesten Modelle dieser Automarke in dieser \u00dcbersicht. Zum Beispiel der Focus, Fiesta, KA, C-Max, Mondeo usw.","robots":{"index":"index","follow":"follow","max-snippet":"max-snippet:-1","max-image-preview":"max-image-preview:large","max-video-preview":"max-video-preview:-1"},"canonical":"https:\/\/autobaak.nl\/de\/scheibenwischer-ford-grosen\/","og_locale":"de_DE","og_type":"article","og_title":"Ruitenwissers Ford - maten - o.a. KA, Focus, Mondeo, Fiesta, C-Max etc.","og_description":"Ruitenwisser maten overzicht voor Ford. De meest populaire modellen van dit automerk in dit overzicht. O.a. de Focus, Fiesta, KA, C-Max, Mondeo etc.","og_url":"https:\/\/autobaak.nl\/de\/scheibenwischer-ford-grosen\/","og_site_name":"Autobaak.nl","twitter_card":"summary_large_image","schema":{"@context":"https:\/\/schema.org","@graph":[{"@type":"WebPage","@id":"https:\/\/autobaak.nl\/ruitenwissers-ford-maten\/","url":"https:\/\/autobaak.nl\/ruitenwissers-ford-maten\/","name":"Scheibenwischer Ford - Gr\u00f6\u00dfen - u.a. KA, Focus, Mondeo, Fiesta, C-Max etc.","isPartOf":{"@id":"https:\/\/autobaak.nl\/#website"},"datePublished":"2019-04-02T14:16:18+00:00","description":"\u00dcbersicht der Scheibenwischergr\u00f6\u00dfen f\u00fcr Ford. Die beliebtesten Modelle dieser Automarke in dieser \u00dcbersicht. Zum Beispiel der Focus, Fiesta, KA, C-Max, Mondeo usw.","breadcrumb":{"@id":"https:\/\/autobaak.nl\/ruitenwissers-ford-maten\/#breadcrumb"},"inLanguage":"de","potentialAction":[{"@type":"ReadAction","target":["https:\/\/autobaak.nl\/ruitenwissers-ford-maten\/"]}]},{"@type":"BreadcrumbList","@id":"https:\/\/autobaak.nl\/ruitenwissers-ford-maten\/#breadcrumb","itemListElement":[{"@type":"ListItem","position":1,"name":"Home","item":"https:\/\/autobaak.nl\/"},{"@type":"ListItem","position":2,"name":"Ruitenwissers Ford &#8211; maten"}]},{"@type":"WebSite","@id":"https:\/\/autobaak.nl\/#website","url":"https:\/\/autobaak.nl\/","name":"Autobook.de","description":"Autos &amp; Rennsport","potentialAction":[{"@type":"SearchAction","target":{"@type":"EntryPoint","urlTemplate":"https:\/\/autobaak.nl\/?s={search_term_string}"},"query-input":{"@type":"PropertyValueSpecification","valueRequired":true,"valueName":"search_term_string"}}],"inLanguage":"de"}]}},"_links":{"self":[{"href":"https:\/\/autobaak.nl\/de\/wp-json\/wp\/v2\/pages\/1384","targetHints":{"allow":["GET"]}}],"collection":[{"href":"https:\/\/autobaak.nl\/de\/wp-json\/wp\/v2\/pages"}],"about":[{"href":"https:\/\/autobaak.nl\/de\/wp-json\/wp\/v2\/types\/page"}],"author":[{"embeddable":true,"href":"https:\/\/autobaak.nl\/de\/wp-json\/wp\/v2\/users\/1"}],"replies":[{"embeddable":true,"href":"https:\/\/autobaak.nl\/de\/wp-json\/wp\/v2\/comments?post=1384"}],"version-history":[{"count":0,"href":"https:\/\/autobaak.nl\/de\/wp-json\/wp\/v2\/pages\/1384\/revisions"}],"wp:attachment":[{"href":"https:\/\/autobaak.nl\/de\/wp-json\/wp\/v2\/media?parent=1384"}],"curies":[{"name":"wp","href":"https:\/\/api.w.org\/{rel}","templated":true}]}}