{"id":1388,"date":"2019-04-02T14:34:41","date_gmt":"2019-04-02T14:34:41","guid":{"rendered":"https:\/\/autobaak.nl\/?page_id=1388"},"modified":"2019-04-02T14:34:41","modified_gmt":"2019-04-02T14:34:41","slug":"scheibenwischer-nissan-grosen","status":"publish","type":"page","link":"https:\/\/autobaak.nl\/de\/scheibenwischer-nissan-grosen\/","title":{"rendered":"Nissan-Scheibenwischer - Gr\u00f6\u00dfen"},"content":{"rendered":"<p>Gr\u00f6\u00dfen der Scheibenwischer f\u00fcr Nissan-Modelle. Auf dieser Seite finden Sie die Gr\u00f6\u00dfen f\u00fcr die g\u00e4ngigsten Modelle, darunter Micra, Primera, Juke, Qashqai usw.<br \/>\nBitte beachten Sie, dass einige Wischermarken eine andere Gr\u00f6\u00dfe verwenden, die jedoch oft nicht mehr als 2 cm betr\u00e4gt. Daher passen sie einfach in das vorgegebene Modell.<\/p>\n<h3>Nissan Scheibenwischer \u00dcbersicht nach Modell<\/h3>\n<div id=\"tablepress-26-scroll-wrapper\" class=\"tablepress-scroll-wrapper\">\n\n<table id=\"tablepress-26\" class=\"tablepress tablepress-id-26 tablepress-responsive\">\n<thead>\n<tr class=\"row-1 odd\">\n\t<th class=\"column-1\">Modell <\/th><th class=\"column-2\">Scheibenwischer auf der Fahrerseite <\/th><th class=\"column-3\">Windschutzscheibenwischer Beifahrerseite <\/th><th class=\"column-4\">Heckscheibenwischer<\/th>\n<\/tr>\n<\/thead>\n<tbody class=\"row-hover\">\n<tr class=\"row-2 even\">\n\t<td class=\"column-1\">Nissan Almera (00)<\/td><td class=\"column-2\">550 mm \/ 55 cm \/ 22 Zoll<\/td><td class=\"column-3\">400 mm \/ 40 cm \/ 16 Zoll.<\/td><td class=\"column-4\"><\/td>\n<\/tr>\n<tr class=\"row-3 odd\">\n\t<td class=\"column-1\">Nissan Almera Tino<\/td><td class=\"column-2\">650 mm \/ 65 cm \/ 26 Zoll<\/td><td class=\"column-3\">450 mm \/ 45 cm \/ 18 Zoll<\/td><td class=\"column-4\">500 mm \/ 50 cm \/ 20 Zoll<\/td>\n<\/tr>\n<tr class=\"row-4 even\">\n\t<td class=\"column-1\">Nissan Cube (09)<\/td><td class=\"column-2\">500 mm \/ 50 cm \/ 20 Zoll<\/td><td class=\"column-3\">500 mm \/ 50 cm \/ 20 Zoll<\/td><td class=\"column-4\"><\/td>\n<\/tr>\n<tr class=\"row-5 odd\">\n\t<td class=\"column-1\">Nissan Evalia <\/td><td class=\"column-2\">550 mm \/ 55 cm \/ 22 Zoll<\/td><td class=\"column-3\">400 mm \/ 40 cm \/ 16 Zoll.<\/td><td class=\"column-4\"><\/td>\n<\/tr>\n<tr class=\"row-6 even\">\n\t<td class=\"column-1\">Nissan Juke <\/td><td class=\"column-2\">575 mm \/ 57,5 cm \/ 23 Zoll.<\/td><td class=\"column-3\">350 mm \/ 35 cm \/ 14 Zoll.<\/td><td class=\"column-4\">300 mm \/ 30 cm \/ 12 Zoll.<\/td>\n<\/tr>\n<tr class=\"row-7 odd\">\n\t<td class=\"column-1\">Nissan Kubistar (03)<\/td><td class=\"column-2\">500 mm \/ 50 cm \/ 20 Zoll<\/td><td class=\"column-3\">500 mm \/ 50 cm \/ 20 Zoll<\/td><td class=\"column-4\"><\/td>\n<\/tr>\n<tr class=\"row-8 even\">\n\t<td class=\"column-1\">Nissan Maxima (03)<\/td><td class=\"column-2\">650 mm \/ 65 cm \/ 26 Zoll<\/td><td class=\"column-3\">400 mm \/ 40 cm \/ 16 Zoll.<\/td><td class=\"column-4\"><\/td>\n<\/tr>\n<tr class=\"row-9 odd\">\n\t<td class=\"column-1\">Nissan Micra (02)<\/td><td class=\"column-2\">525 mm \/ 52,5 cm \/ <\/td><td class=\"column-3\">450 mm \/ 45 cm \/ 18 Zoll<\/td><td class=\"column-4\"><\/td>\n<\/tr>\n<tr class=\"row-10 even\">\n\t<td class=\"column-1\">Nissan Micra (10)<\/td><td class=\"column-2\">525 mm \/ 52,5 cm \/ <\/td><td class=\"column-3\">350 mm \/ 35 cm \/ 14 Zoll.<\/td><td class=\"column-4\">350 mm \/ 35 cm \/ 14 Zoll.<\/td>\n<\/tr>\n<tr class=\"row-11 odd\">\n\t<td class=\"column-1\">Nissan Murano (04)<\/td><td class=\"column-2\">650 mm \/ 65 cm \/ 26 Zoll<\/td><td class=\"column-3\">450 mm \/ 45 cm \/ 18 Zoll<\/td><td class=\"column-4\">300 mm \/ 30 cm \/ 12 Zoll.<\/td>\n<\/tr>\n<tr class=\"row-12 even\">\n\t<td class=\"column-1\">Nissan Navara (00)<\/td><td class=\"column-2\">475 mm \/ 47,5 cm \/ 19 Zoll.<\/td><td class=\"column-3\">475 mm \/ 47,5 cm \/ 19 Zoll.<\/td><td class=\"column-4\"><\/td>\n<\/tr>\n<tr class=\"row-13 odd\">\n\t<td class=\"column-1\">Nissan Navara (05) <\/td><td class=\"column-2\">600 mm \/ 60 cm \/ 24 Zoll<\/td><td class=\"column-3\">475 mm \/ 47,5 cm \/ 19 Zoll.<\/td><td class=\"column-4\"><\/td>\n<\/tr>\n<tr class=\"row-14 even\">\n\t<td class=\"column-1\">Nissan Note (05)<\/td><td class=\"column-2\">600 mm \/ 60 cm \/ 24 Zoll<\/td><td class=\"column-3\">350 mm \/ 35 cm \/ 14 Zoll.<\/td><td class=\"column-4\"><\/td>\n<\/tr>\n<tr class=\"row-15 odd\">\n\t<td class=\"column-1\">Nissan NP300<\/td><td class=\"column-2\">475 mm \/ 47,5 cm \/ 19 Zoll.<\/td><td class=\"column-3\">475 mm \/ 47,5 cm \/ 19 Zoll.<\/td><td class=\"column-4\"><\/td>\n<\/tr>\n<tr class=\"row-16 even\">\n\t<td class=\"column-1\">Nissan NV200<\/td><td class=\"column-2\">550 mm \/ 55 cm \/ <\/td><td class=\"column-3\">400 mm \/ 40 cm \/ 16 Zoll.<\/td><td class=\"column-4\"><\/td>\n<\/tr>\n<tr class=\"row-17 odd\">\n\t<td class=\"column-1\">Nissan NV400<\/td><td class=\"column-2\">650 mm \/ 65 cm \/ 26 Zoll<\/td><td class=\"column-3\">650 mm \/ 65 cm \/ 26 Zoll<\/td><td class=\"column-4\"><\/td>\n<\/tr>\n<tr class=\"row-18 even\">\n\t<td class=\"column-1\">Nissan Pathfinder<\/td><td class=\"column-2\">600 mm \/ 60 cm \/ 24 Zoll<\/td><td class=\"column-3\">475 mm \/ 47,5 cm \/ 19 Zoll.<\/td><td class=\"column-4\"><\/td>\n<\/tr>\n<tr class=\"row-19 odd\">\n\t<td class=\"column-1\">Nissan Patrol (97) <\/td><td class=\"column-2\">500 mm \/ 50 cm \/ 20 Zoll<\/td><td class=\"column-3\">500 mm \/ 50 cm \/ 20 Zoll<\/td><td class=\"column-4\"><\/td>\n<\/tr>\n<tr class=\"row-20 even\">\n\t<td class=\"column-1\">Nissan Patrol (10) <\/td><td class=\"column-2\">600 mm \/ 60 cm \/ 24 Zoll<\/td><td class=\"column-3\">450 mm \/ 45 cm \/ 18 Zoll<\/td><td class=\"column-4\"><\/td>\n<\/tr>\n<tr class=\"row-21 odd\">\n\t<td class=\"column-1\">Nissan Pixo <\/td><td class=\"column-2\">550 mm \/ 55 cm \/ 22 Zoll<\/td><td class=\"column-3\">350 mm \/ 35 cm \/ 14 Zoll.<\/td><td class=\"column-4\"><\/td>\n<\/tr>\n<tr class=\"row-22 even\">\n\t<td class=\"column-1\">Nissan Primaster<\/td><td class=\"column-2\">600 mm \/ 60 cm \/ 24 Zoll<\/td><td class=\"column-3\">525 mm \/ 52,5 cm \/ 21 Zoll.<\/td><td class=\"column-4\"><\/td>\n<\/tr>\n<tr class=\"row-23 odd\">\n\t<td class=\"column-1\">Nissan Primera (98)<\/td><td class=\"column-2\">525 mm \/ 52,5 cm \/ 21 Zoll.<\/td><td class=\"column-3\">500 mm \/ 50 cm \/ 20 Zoll<\/td><td class=\"column-4\">500 mm \/ 50 cm \/ 20 Zoll<\/td>\n<\/tr>\n<tr class=\"row-24 even\">\n\t<td class=\"column-1\">Nissan Primera (02)<\/td><td class=\"column-2\">650 mm \/ 65 cm \/ 26 Zoll<\/td><td class=\"column-3\">475 mm \/ 47,5 cm \/ 19 Zoll.<\/td><td class=\"column-4\"><\/td>\n<\/tr>\n<tr class=\"row-25 odd\">\n\t<td class=\"column-1\">Nissan Qashqai (06)<\/td><td class=\"column-2\">600 mm \/ 60 cm \/ 24 Zoll<\/td><td class=\"column-3\">375 mm \/ 37,5 cm \/ 15 Zoll.<\/td><td class=\"column-4\">300 mm \/ 30 cm \/ 12 Zoll.<\/td>\n<\/tr>\n<tr class=\"row-26 even\">\n\t<td class=\"column-1\">Nissan Qashqai (14)<\/td><td class=\"column-2\">650 mm \/ 65 cm \/ 26 Zoll<\/td><td class=\"column-3\">400 mm \/ 40 cm \/ 16 Zoll.<\/td><td class=\"column-4\">300 mm \/ 30 cm \/ 12 Zoll.<\/td>\n<\/tr>\n<tr class=\"row-27 odd\">\n\t<td class=\"column-1\">Nissan Sunny (98)<\/td><td class=\"column-2\">550 mm \/ 55 cm \/ 22 Zoll<\/td><td class=\"column-3\">400 mm \/ 40 cm \/ 16 Zoll.<\/td><td class=\"column-4\"><\/td>\n<\/tr>\n<tr class=\"row-28 even\">\n\t<td class=\"column-1\">Nissan X-Trail (01) <\/td><td class=\"column-2\">600 mm \/ 60 cm \/ 24 Zoll<\/td><td class=\"column-3\">400 mm \/ 40 cm \/ 16 Zoll.<\/td><td class=\"column-4\">425 mm \/ 42,5 cm \/ 17 Zoll.<\/td>\n<\/tr>\n<tr class=\"row-29 odd\">\n\t<td class=\"column-1\">Nissan X-Trail (07) <\/td><td class=\"column-2\">600 mm \/ 60 cm \/ 24 Zoll<\/td><td class=\"column-3\">400 mm \/ 40 cm \/ 16 Zoll.<\/td><td class=\"column-4\">350 mm \/ 35 cm \/ 14 Zoll.<\/td>\n<\/tr>\n<tr class=\"row-30 even\">\n\t<td class=\"column-1\">Nissan X-Trail (14)<\/td><td class=\"column-2\">650 mm \/ 65 cm \/ 26 Zoll<\/td><td class=\"column-3\">425 mm \/ 42,5 cm \/ 17 Zoll.<\/td><td class=\"column-4\">300 mm \/ 30 cm \/ 12 Zoll.<\/td>\n<\/tr>\n<tr class=\"row-31 odd\">\n\t<td class=\"column-1\">Nissan 350 Z <\/td><td class=\"column-2\">500 mm \/ 50 cm \/ 20 Zoll<\/td><td class=\"column-3\">450 mm \/ 45 cm \/ 18 Zoll<\/td><td class=\"column-4\">450 mm \/ 45 cm \/ 18 Zoll<\/td>\n<\/tr>\n<\/tbody>\n<\/table>\n\n<\/div><!-- #tablepress-26 from cache -->","protected":false},"excerpt":{"rendered":"<p>Wischergr\u00f6\u00dfen f\u00fcr Nissan Modelle. Auf dieser Seite die Gr\u00f6\u00dfen f\u00fcr die beliebtesten Modelle, einschlie\u00dflich Micra, Primera, Juke, Qashqai usw. Bitte beachten Sie, dass einige Wischermarken eine andere Gr\u00f6\u00dfe verwenden, aber dies ist oft nicht mehr als 2 cm. Sie passen daher einfach auf das vorgeschriebene Modell. Nissan-Scheibenwischer-\u00dcbersicht pro Modell<\/p>","protected":false},"author":1,"featured_media":0,"parent":0,"menu_order":0,"comment_status":"closed","ping_status":"closed","template":"","meta":{"_et_pb_use_builder":"","_et_pb_old_content":"","_et_gb_content_width":"","footnotes":""},"class_list":["post-1388","page","type-page","status-publish","hentry"],"yoast_head":"<!-- This site is optimized with the Yoast SEO plugin v27.5 - https:\/\/yoast.com\/product\/yoast-seo-wordpress\/ -->\n<title>Ruitenwissers Nissan - maten - o.a. Micra, Primera, Juke, Qashqai etc.<\/title>\n<meta name=\"description\" content=\"Ruitenwisser maten overzicht voor Mazda. De meest populaire modellen van dit automerk in dit overzicht. O.a. de Primera, Micra, Qashqai en de Juke\" \/>\n<meta name=\"robots\" content=\"index, follow, max-snippet:-1, max-image-preview:large, max-video-preview:-1\" \/>\n<link rel=\"canonical\" href=\"https:\/\/autobaak.nl\/de\/scheibenwischer-nissan-grosen\/\" \/>\n<meta property=\"og:locale\" content=\"de_DE\" \/>\n<meta property=\"og:type\" content=\"article\" \/>\n<meta property=\"og:title\" content=\"Ruitenwissers Nissan - maten - o.a. Micra, Primera, Juke, Qashqai etc.\" \/>\n<meta property=\"og:description\" content=\"Ruitenwisser maten overzicht voor Mazda. De meest populaire modellen van dit automerk in dit overzicht. O.a. de Primera, Micra, Qashqai en de Juke\" \/>\n<meta property=\"og:url\" content=\"https:\/\/autobaak.nl\/de\/scheibenwischer-nissan-grosen\/\" \/>\n<meta property=\"og:site_name\" content=\"Autobaak.nl\" \/>\n<meta name=\"twitter:card\" content=\"summary_large_image\" \/>\n<script type=\"application\/ld+json\" class=\"yoast-schema-graph\">{\"@context\":\"https:\\\/\\\/schema.org\",\"@graph\":[{\"@type\":\"WebPage\",\"@id\":\"https:\\\/\\\/autobaak.nl\\\/ruitenwissers-nissan-maten\\\/\",\"url\":\"https:\\\/\\\/autobaak.nl\\\/ruitenwissers-nissan-maten\\\/\",\"name\":\"Ruitenwissers Nissan - maten - o.a. Micra, Primera, Juke, Qashqai etc.\",\"isPartOf\":{\"@id\":\"https:\\\/\\\/autobaak.nl\\\/#website\"},\"datePublished\":\"2019-04-02T14:34:41+00:00\",\"description\":\"Ruitenwisser maten overzicht voor Mazda. De meest populaire modellen van dit automerk in dit overzicht. O.a. de Primera, Micra, Qashqai en de Juke\",\"breadcrumb\":{\"@id\":\"https:\\\/\\\/autobaak.nl\\\/ruitenwissers-nissan-maten\\\/#breadcrumb\"},\"inLanguage\":\"de\",\"potentialAction\":[{\"@type\":\"ReadAction\",\"target\":[\"https:\\\/\\\/autobaak.nl\\\/ruitenwissers-nissan-maten\\\/\"]}]},{\"@type\":\"BreadcrumbList\",\"@id\":\"https:\\\/\\\/autobaak.nl\\\/ruitenwissers-nissan-maten\\\/#breadcrumb\",\"itemListElement\":[{\"@type\":\"ListItem\",\"position\":1,\"name\":\"Home\",\"item\":\"https:\\\/\\\/autobaak.nl\\\/\"},{\"@type\":\"ListItem\",\"position\":2,\"name\":\"Ruitenwissers Nissan &#8211; maten\"}]},{\"@type\":\"WebSite\",\"@id\":\"https:\\\/\\\/autobaak.nl\\\/#website\",\"url\":\"https:\\\/\\\/autobaak.nl\\\/\",\"name\":\"Autobaak.nl\",\"description\":\"Cars &amp; Racing\",\"potentialAction\":[{\"@type\":\"SearchAction\",\"target\":{\"@type\":\"EntryPoint\",\"urlTemplate\":\"https:\\\/\\\/autobaak.nl\\\/?s={search_term_string}\"},\"query-input\":{\"@type\":\"PropertyValueSpecification\",\"valueRequired\":true,\"valueName\":\"search_term_string\"}}],\"inLanguage\":\"de\"}]}<\/script>\n<!-- \/ Yoast SEO plugin. -->","yoast_head_json":{"title":"Scheibenwischer Nissan - Gr\u00f6\u00dfen - u. a. Micra, Primera, Juke, Qashqai usw.","description":"\u00dcbersicht der Scheibenwischergr\u00f6\u00dfen f\u00fcr Mazda. Die beliebtesten Modelle dieser Automarke in dieser \u00dcbersicht. Dazu geh\u00f6ren unter anderem der Primera, Micra, Qashqai und der Juke.","robots":{"index":"index","follow":"follow","max-snippet":"max-snippet:-1","max-image-preview":"max-image-preview:large","max-video-preview":"max-video-preview:-1"},"canonical":"https:\/\/autobaak.nl\/de\/scheibenwischer-nissan-grosen\/","og_locale":"de_DE","og_type":"article","og_title":"Ruitenwissers Nissan - maten - o.a. Micra, Primera, Juke, Qashqai etc.","og_description":"Ruitenwisser maten overzicht voor Mazda. De meest populaire modellen van dit automerk in dit overzicht. O.a. de Primera, Micra, Qashqai en de Juke","og_url":"https:\/\/autobaak.nl\/de\/scheibenwischer-nissan-grosen\/","og_site_name":"Autobaak.nl","twitter_card":"summary_large_image","schema":{"@context":"https:\/\/schema.org","@graph":[{"@type":"WebPage","@id":"https:\/\/autobaak.nl\/ruitenwissers-nissan-maten\/","url":"https:\/\/autobaak.nl\/ruitenwissers-nissan-maten\/","name":"Scheibenwischer Nissan - Gr\u00f6\u00dfen - u. a. Micra, Primera, Juke, Qashqai usw.","isPartOf":{"@id":"https:\/\/autobaak.nl\/#website"},"datePublished":"2019-04-02T14:34:41+00:00","description":"\u00dcbersicht der Scheibenwischergr\u00f6\u00dfen f\u00fcr Mazda. Die beliebtesten Modelle dieser Automarke in dieser \u00dcbersicht. Dazu geh\u00f6ren unter anderem der Primera, Micra, Qashqai und der Juke.","breadcrumb":{"@id":"https:\/\/autobaak.nl\/ruitenwissers-nissan-maten\/#breadcrumb"},"inLanguage":"de","potentialAction":[{"@type":"ReadAction","target":["https:\/\/autobaak.nl\/ruitenwissers-nissan-maten\/"]}]},{"@type":"BreadcrumbList","@id":"https:\/\/autobaak.nl\/ruitenwissers-nissan-maten\/#breadcrumb","itemListElement":[{"@type":"ListItem","position":1,"name":"Home","item":"https:\/\/autobaak.nl\/"},{"@type":"ListItem","position":2,"name":"Ruitenwissers Nissan &#8211; maten"}]},{"@type":"WebSite","@id":"https:\/\/autobaak.nl\/#website","url":"https:\/\/autobaak.nl\/","name":"Autobook.de","description":"Autos &amp; Rennsport","potentialAction":[{"@type":"SearchAction","target":{"@type":"EntryPoint","urlTemplate":"https:\/\/autobaak.nl\/?s={search_term_string}"},"query-input":{"@type":"PropertyValueSpecification","valueRequired":true,"valueName":"search_term_string"}}],"inLanguage":"de"}]}},"_links":{"self":[{"href":"https:\/\/autobaak.nl\/de\/wp-json\/wp\/v2\/pages\/1388","targetHints":{"allow":["GET"]}}],"collection":[{"href":"https:\/\/autobaak.nl\/de\/wp-json\/wp\/v2\/pages"}],"about":[{"href":"https:\/\/autobaak.nl\/de\/wp-json\/wp\/v2\/types\/page"}],"author":[{"embeddable":true,"href":"https:\/\/autobaak.nl\/de\/wp-json\/wp\/v2\/users\/1"}],"replies":[{"embeddable":true,"href":"https:\/\/autobaak.nl\/de\/wp-json\/wp\/v2\/comments?post=1388"}],"version-history":[{"count":0,"href":"https:\/\/autobaak.nl\/de\/wp-json\/wp\/v2\/pages\/1388\/revisions"}],"wp:attachment":[{"href":"https:\/\/autobaak.nl\/de\/wp-json\/wp\/v2\/media?parent=1388"}],"curies":[{"name":"wp","href":"https:\/\/api.w.org\/{rel}","templated":true}]}}