{"id":1393,"date":"2019-04-02T14:58:22","date_gmt":"2019-04-02T14:58:22","guid":{"rendered":"https:\/\/autobaak.nl\/?page_id=1393"},"modified":"2019-04-02T15:06:35","modified_gmt":"2019-04-02T15:06:35","slug":"peugeot-wischer-grosen","status":"publish","type":"page","link":"https:\/\/autobaak.nl\/de\/peugeot-wischer-grosen\/","title":{"rendered":"Scheibenwischer Peugeot - Gr\u00f6\u00dfen"},"content":{"rendered":"<p>Windschutzscheibenwischergr\u00f6\u00dfen f\u00fcr die Modelle von Peugeot. Auf dieser Seite die Gr\u00f6\u00dfen der g\u00e4ngigsten Modelle, einschlie\u00dflich 106, 206, 207, 208, 307, 308, 406, 407, 408, 508, 607 usw.<br \/>\nBitte beachten Sie, dass einige Wischermarken eine andere Gr\u00f6\u00dfe verwenden, die jedoch oft nicht mehr als 2 cm betr\u00e4gt. Daher passen sie einfach in das vorgegebene Modell.<\/p>\n<h3>Peugeot-Scheibenwischer-\u00dcbersicht pro Modell<\/h3>\n<div id=\"tablepress-28-scroll-wrapper\" class=\"tablepress-scroll-wrapper\">\n\n<table id=\"tablepress-28\" class=\"tablepress tablepress-id-28 tablepress-responsive\">\n<thead>\n<tr class=\"row-1 odd\">\n\t<th class=\"column-1\">Modell <\/th><th class=\"column-2\">Scheibenwischer auf der Fahrerseite <\/th><th class=\"column-3\">Windschutzscheibenwischer Beifahrerseite <\/th><th class=\"column-4\">Heckscheibenwischer<\/th>\n<\/tr>\n<\/thead>\n<tbody class=\"row-hover\">\n<tr class=\"row-2 even\">\n\t<td class=\"column-1\">Peugeot Bipper <\/td><td class=\"column-2\">650 mm \/ 65 cm \/ 26 Zoll<\/td><td class=\"column-3\">475 mm \/ 47,5 cm \/ 19 Zoll.<\/td><td class=\"column-4\"><\/td>\n<\/tr>\n<tr class=\"row-3 odd\">\n\t<td class=\"column-1\">Peugeot Boxer (92) <\/td><td class=\"column-2\">550 mm \/ 55 cm \/ 22 Zoll<\/td><td class=\"column-3\">550 mm \/ 55 cm \/ 22 Zoll<\/td><td class=\"column-4\"><\/td>\n<\/tr>\n<tr class=\"row-4 even\">\n\t<td class=\"column-1\">Peugeot Boxer (06) <\/td><td class=\"column-2\">650 mm \/ 65 cm \/ 26 Zoll<\/td><td class=\"column-3\">550 mm \/ 55 cm \/ 22 Zoll<\/td><td class=\"column-4\"><\/td>\n<\/tr>\n<tr class=\"row-5 odd\">\n\t<td class=\"column-1\">Peugeot Expert (95)<\/td><td class=\"column-2\">650 mm \/ 65 cm \/ 26 Zoll<\/td><td class=\"column-3\">500 mm \/ 50 cm \/ 20 Zoll <\/td><td class=\"column-4\"><\/td>\n<\/tr>\n<tr class=\"row-6 even\">\n\t<td class=\"column-1\">Peugeot Expert (07)<\/td><td class=\"column-2\">650 mm \/ 65 cm \/ 26 Zoll<\/td><td class=\"column-3\">500 mm \/ 50 cm \/ 20 Zoll <\/td><td class=\"column-4\"><\/td>\n<\/tr>\n<tr class=\"row-7 odd\">\n\t<td class=\"column-1\">Peugeot Partner (96)<\/td><td class=\"column-2\">550 mm \/ 55 cm \/ 22 Zoll<\/td><td class=\"column-3\">525 mm \/ 52,5 cm \/ 21 Zoll.<\/td><td class=\"column-4\"><\/td>\n<\/tr>\n<tr class=\"row-8 even\">\n\t<td class=\"column-1\">Peugeot Partner (08)<\/td><td class=\"column-2\">650 mm \/ 65 cm \/ 26 Zoll<\/td><td class=\"column-3\">400 mm \/ 40 cm \/ 16 Zoll.<\/td><td class=\"column-4\"><\/td>\n<\/tr>\n<tr class=\"row-9 odd\">\n\t<td class=\"column-1\">Peugeot RCZ<\/td><td class=\"column-2\">650 mm \/ 65 cm \/ 26 Zoll<\/td><td class=\"column-3\">650 mm \/ 65 cm \/ 26 Zoll<\/td><td class=\"column-4\"><\/td>\n<\/tr>\n<tr class=\"row-10 even\">\n\t<td class=\"column-1\">Peugeot 106 <\/td><td class=\"column-2\">500 mm \/ 50 cm \/ 20 Zoll <\/td><td class=\"column-3\">450 mm \/ 45 cm \/ 18 Zoll<\/td><td class=\"column-4\"><\/td>\n<\/tr>\n<tr class=\"row-11 odd\">\n\t<td class=\"column-1\">Peugeot 107 (1 Scheibenwischer)<\/td><td class=\"column-2\">650 mm \/ 65 cm \/ 26 Zoll<\/td><td class=\"column-3\"><\/td><td class=\"column-4\"><\/td>\n<\/tr>\n<tr class=\"row-12 even\">\n\t<td class=\"column-1\">Peugeot 205 <\/td><td class=\"column-2\">450 mm \/ 45 cm \/ 18 Zoll<\/td><td class=\"column-3\">450 mm \/ 45 cm \/ 18 Zoll<\/td><td class=\"column-4\">450 mm \/ 45 cm \/ 18 Zoll<\/td>\n<\/tr>\n<tr class=\"row-13 odd\">\n\t<td class=\"column-1\">Peugeot 206 <\/td><td class=\"column-2\">650 mm \/ 65 cm \/ 26 Zoll<\/td><td class=\"column-3\">400 mm \/ 40 cm \/ 16 Zoll.<\/td><td class=\"column-4\">350 mm \/ 35 cm \/ 14 Zoll.<\/td>\n<\/tr>\n<tr class=\"row-14 even\">\n\t<td class=\"column-1\">Peugeot 206 SW <\/td><td class=\"column-2\">650 mm \/ 65 cm \/ 26 Zoll<\/td><td class=\"column-3\">400 mm \/ 40 cm \/ 16 Zoll.<\/td><td class=\"column-4\">350 mm \/ 35 cm \/ 14 Zoll.<\/td>\n<\/tr>\n<tr class=\"row-15 odd\">\n\t<td class=\"column-1\">Peugeot 207 <\/td><td class=\"column-2\">650 mm \/ 65 cm \/ 26 Zoll<\/td><td class=\"column-3\">400 mm \/ 40 cm \/ 16 Zoll.<\/td><td class=\"column-4\"><\/td>\n<\/tr>\n<tr class=\"row-16 even\">\n\t<td class=\"column-1\">Peugeot 207 SW<\/td><td class=\"column-2\">650 mm \/ 65 cm \/ 26 Zoll<\/td><td class=\"column-3\">400 mm \/ 40 cm \/ 16 Zoll.<\/td><td class=\"column-4\">300 mm \/ 30 cm \/ 12 Zoll.<\/td>\n<\/tr>\n<tr class=\"row-17 odd\">\n\t<td class=\"column-1\">Peugeot 208 <\/td><td class=\"column-2\">650 mm \/ 65 cm \/ 26 Zoll<\/td><td class=\"column-3\">400 mm \/ 40 cm \/ 16 Zoll.<\/td><td class=\"column-4\">350 mm \/ 35 cm \/ 14 Zoll.<\/td>\n<\/tr>\n<tr class=\"row-18 even\">\n\t<td class=\"column-1\">Peugeot 306 <\/td><td class=\"column-2\">550 mm \/ 55 cm \/ 22 Zoll<\/td><td class=\"column-3\">500 mm \/ 50 cm \/ 20 Zoll <\/td><td class=\"column-4\">500 mm \/ 50 cm \/ 20 Zoll <\/td>\n<\/tr>\n<tr class=\"row-19 odd\">\n\t<td class=\"column-1\">Peugeot 307 (00) <\/td><td class=\"column-2\">650 mm \/ 65 cm \/ 26 Zoll<\/td><td class=\"column-3\">650 mm \/ 65 cm \/ 26 Zoll<\/td><td class=\"column-4\">350 mm \/ 35 cm \/ 14 Zoll.<\/td>\n<\/tr>\n<tr class=\"row-20 even\">\n\t<td class=\"column-1\">Peugeot 307 (05) <\/td><td class=\"column-2\">700 mm \/ 70 cm \/ 28 Zoll<\/td><td class=\"column-3\">650 mm \/ 65 cm \/ 26 Zoll<\/td><td class=\"column-4\">350 mm \/ 35 cm \/ 14 Zoll.<\/td>\n<\/tr>\n<tr class=\"row-21 odd\">\n\t<td class=\"column-1\">Peugeot 307 CC (03) <\/td><td class=\"column-2\">700 mm \/ 70 cm \/ 28 Zoll<\/td><td class=\"column-3\">600 mm \/ 60 cm \/ 24 Zoll<\/td><td class=\"column-4\"><\/td>\n<\/tr>\n<tr class=\"row-22 even\">\n\t<td class=\"column-1\">Peugeot 307 CC (05) <\/td><td class=\"column-2\">700 mm \/ 70 cm \/ 28 Zoll<\/td><td class=\"column-3\">650 mm \/ 65 cm \/ 26 Zoll<\/td><td class=\"column-4\"><\/td>\n<\/tr>\n<tr class=\"row-23 odd\">\n\t<td class=\"column-1\">Peugeot 308 <\/td><td class=\"column-2\">700 mm \/ 70 cm \/ 28 Zoll<\/td><td class=\"column-3\">650 mm \/ 65 cm \/ 26 Zoll<\/td><td class=\"column-4\">300 mm \/ 30 cm \/ 12 Zoll.<\/td>\n<\/tr>\n<tr class=\"row-24 even\">\n\t<td class=\"column-1\">Peugeot 308 (SW)<\/td><td class=\"column-2\">700 mm \/ 70 cm \/ 28 Zoll<\/td><td class=\"column-3\">650 mm \/ 65 cm \/ 26 Zoll<\/td><td class=\"column-4\">290 mm \/ 29 cm \/ 12 Zoll.<\/td>\n<\/tr>\n<tr class=\"row-25 odd\">\n\t<td class=\"column-1\">Peugeot 406 <\/td><td class=\"column-2\">600 mm \/ 60 cm \/ 24 Zoll<\/td><td class=\"column-3\">525 mm \/ 52,5 cm \/ 22 Zoll. <\/td><td class=\"column-4\">350 mm \/ 35 cm \/ 14 Zoll.<\/td>\n<\/tr>\n<tr class=\"row-26 even\">\n\t<td class=\"column-1\">Peugeot 406 Coup\u00e9 <\/td><td class=\"column-2\">650 mm \/ 65 cm \/ 26 Zoll<\/td><td class=\"column-3\">500 mm \/ 50 cm \/ 20 Zoll <\/td><td class=\"column-4\"><\/td>\n<\/tr>\n<tr class=\"row-27 odd\">\n\t<td class=\"column-1\">Peugeot 407 <\/td><td class=\"column-2\">700 mm \/ 70 cm \/ 28 Zoll<\/td><td class=\"column-3\">700 mm \/ 70 cm \/ 28 Zoll<\/td><td class=\"column-4\">290 mm \/ 29 cm \/ 12 Zoll.<\/td>\n<\/tr>\n<tr class=\"row-28 even\">\n\t<td class=\"column-1\">Peugeot 508 <\/td><td class=\"column-2\">650 mm \/ 65 cm \/ 26 Zoll<\/td><td class=\"column-3\">650 mm \/ 65 cm \/ 26 Zoll<\/td><td class=\"column-4\">300 mm \/ 30 cm \/ 12 Zoll.<\/td>\n<\/tr>\n<tr class=\"row-29 odd\">\n\t<td class=\"column-1\">Peugeot 806 <\/td><td class=\"column-2\">650 mm \/ 65 cm \/ 26 Zoll<\/td><td class=\"column-3\">500 mm \/ 50 cm \/ 20 Zoll <\/td><td class=\"column-4\"><\/td>\n<\/tr>\n<tr class=\"row-30 even\">\n\t<td class=\"column-1\">Peugeot 807<\/td><td class=\"column-2\">650 mm \/ 65 cm \/ 26 Zoll<\/td><td class=\"column-3\">650 mm \/ 65 cm \/ 26 Zoll<\/td><td class=\"column-4\">350 mm \/ 35 cm \/ 14 Zoll.<\/td>\n<\/tr>\n<tr class=\"row-31 odd\">\n\t<td class=\"column-1\">Peugeot 1007<\/td><td class=\"column-2\">600 mm \/ 60 cm \/ 24 Zoll<\/td><td class=\"column-3\">450 mm \/ 45 cm \/ 18 Zoll<\/td><td class=\"column-4\">300 mm \/ 30 cm \/ 12 Zoll.<\/td>\n<\/tr>\n<tr class=\"row-32 even\">\n\t<td class=\"column-1\">Peugeot 2008 <\/td><td class=\"column-2\">650 mm \/ 65 cm \/ 26 Zoll<\/td><td class=\"column-3\">400 mm \/ 40 cm \/ 16 Zoll.<\/td><td class=\"column-4\">350 mm \/ 35 cm \/ 14 Zoll.<\/td>\n<\/tr>\n<tr class=\"row-33 odd\">\n\t<td class=\"column-1\">Peugeot 4007<\/td><td class=\"column-2\">600 mm \/ 60 cm \/ 24 Zoll<\/td><td class=\"column-3\">550 mm \/ 55 cm \/ 22 Zoll<\/td><td class=\"column-4\"><\/td>\n<\/tr>\n<tr class=\"row-34 even\">\n\t<td class=\"column-1\">Peugeot 4008<\/td><td class=\"column-2\">600 mm \/ 60 cm \/ 24 Zoll<\/td><td class=\"column-3\">550 mm \/ 55 cm \/ 22 Zoll<\/td><td class=\"column-4\"><\/td>\n<\/tr>\n<\/tbody>\n<\/table>\n\n<\/div><!-- #tablepress-28 from cache -->","protected":false},"excerpt":{"rendered":"<p>Wischergr\u00f6\u00dfen f\u00fcr Peugeot-Modelle. Auf dieser Seite die Gr\u00f6\u00dfen f\u00fcr die g\u00e4ngigsten Modelle, einschlie\u00dflich 106, 206, 207, 208, 307, 308, 406, 407, 408, 508, 607 usw. Bitte beachten Sie, dass einige Wischermarken eine andere Gr\u00f6\u00dfe verwenden, aber dies ist oft nicht mehr als 2 cm. Daher passen sie einfach auf das vorgeschriebene Modell. Peugeot-Scheibenwischer<\/p>","protected":false},"author":1,"featured_media":0,"parent":0,"menu_order":0,"comment_status":"closed","ping_status":"closed","template":"","meta":{"_et_pb_use_builder":"","_et_pb_old_content":"","_et_gb_content_width":"","footnotes":""},"class_list":["post-1393","page","type-page","status-publish","hentry"],"yoast_head":"<!-- This site is optimized with the Yoast SEO plugin v27.5 - https:\/\/yoast.com\/product\/yoast-seo-wordpress\/ -->\n<title>Ruitenwissers Peugeot - maten - o.a. 206, 207, 208, 307, 308, 407, 508,<\/title>\n<meta name=\"description\" content=\"Ruitenwisser maten overzicht voor Peugeot. De meest populaire modellen van dit automerk in dit overzicht - de 106, 206, 207, 208, 307, 308, 406, 407, 508,\" \/>\n<meta name=\"robots\" content=\"index, follow, max-snippet:-1, max-image-preview:large, max-video-preview:-1\" \/>\n<link rel=\"canonical\" href=\"https:\/\/autobaak.nl\/de\/peugeot-wischer-grosen\/\" \/>\n<meta property=\"og:locale\" content=\"de_DE\" \/>\n<meta property=\"og:type\" content=\"article\" \/>\n<meta property=\"og:title\" content=\"Ruitenwissers Peugeot - maten - o.a. 206, 207, 208, 307, 308, 407, 508,\" \/>\n<meta property=\"og:description\" content=\"Ruitenwisser maten overzicht voor Peugeot. De meest populaire modellen van dit automerk in dit overzicht - de 106, 206, 207, 208, 307, 308, 406, 407, 508,\" \/>\n<meta property=\"og:url\" content=\"https:\/\/autobaak.nl\/de\/peugeot-wischer-grosen\/\" \/>\n<meta property=\"og:site_name\" content=\"Autobaak.nl\" \/>\n<meta property=\"article:modified_time\" content=\"2019-04-02T15:06:35+00:00\" \/>\n<meta name=\"twitter:card\" content=\"summary_large_image\" \/>\n<script type=\"application\/ld+json\" class=\"yoast-schema-graph\">{\"@context\":\"https:\\\/\\\/schema.org\",\"@graph\":[{\"@type\":\"WebPage\",\"@id\":\"https:\\\/\\\/autobaak.nl\\\/ruitenwissers-peugeot-maten\\\/\",\"url\":\"https:\\\/\\\/autobaak.nl\\\/ruitenwissers-peugeot-maten\\\/\",\"name\":\"Ruitenwissers Peugeot - maten - o.a. 206, 207, 208, 307, 308, 407, 508,\",\"isPartOf\":{\"@id\":\"https:\\\/\\\/autobaak.nl\\\/#website\"},\"datePublished\":\"2019-04-02T14:58:22+00:00\",\"dateModified\":\"2019-04-02T15:06:35+00:00\",\"description\":\"Ruitenwisser maten overzicht voor Peugeot. De meest populaire modellen van dit automerk in dit overzicht - de 106, 206, 207, 208, 307, 308, 406, 407, 508,\",\"breadcrumb\":{\"@id\":\"https:\\\/\\\/autobaak.nl\\\/ruitenwissers-peugeot-maten\\\/#breadcrumb\"},\"inLanguage\":\"de\",\"potentialAction\":[{\"@type\":\"ReadAction\",\"target\":[\"https:\\\/\\\/autobaak.nl\\\/ruitenwissers-peugeot-maten\\\/\"]}]},{\"@type\":\"BreadcrumbList\",\"@id\":\"https:\\\/\\\/autobaak.nl\\\/ruitenwissers-peugeot-maten\\\/#breadcrumb\",\"itemListElement\":[{\"@type\":\"ListItem\",\"position\":1,\"name\":\"Home\",\"item\":\"https:\\\/\\\/autobaak.nl\\\/\"},{\"@type\":\"ListItem\",\"position\":2,\"name\":\"Ruitenwissers Peugeot &#8211; maten\"}]},{\"@type\":\"WebSite\",\"@id\":\"https:\\\/\\\/autobaak.nl\\\/#website\",\"url\":\"https:\\\/\\\/autobaak.nl\\\/\",\"name\":\"Autobaak.nl\",\"description\":\"Cars &amp; Racing\",\"potentialAction\":[{\"@type\":\"SearchAction\",\"target\":{\"@type\":\"EntryPoint\",\"urlTemplate\":\"https:\\\/\\\/autobaak.nl\\\/?s={search_term_string}\"},\"query-input\":{\"@type\":\"PropertyValueSpecification\",\"valueRequired\":true,\"valueName\":\"search_term_string\"}}],\"inLanguage\":\"de\"}]}<\/script>\n<!-- \/ Yoast SEO plugin. -->","yoast_head_json":{"title":"Scheibenwischer Peugeot - Gr\u00f6\u00dfen - d.h. 206, 207, 208, 307, 308, 407, 508,","description":"\u00dcbersicht der Scheibenwischergr\u00f6\u00dfen f\u00fcr Peugeot. Die beliebtesten Modelle dieser Automarke in dieser \u00dcbersicht - die 106, 206, 207, 208, 307, 308, 406, 407, 508,","robots":{"index":"index","follow":"follow","max-snippet":"max-snippet:-1","max-image-preview":"max-image-preview:large","max-video-preview":"max-video-preview:-1"},"canonical":"https:\/\/autobaak.nl\/de\/peugeot-wischer-grosen\/","og_locale":"de_DE","og_type":"article","og_title":"Ruitenwissers Peugeot - maten - o.a. 206, 207, 208, 307, 308, 407, 508,","og_description":"Ruitenwisser maten overzicht voor Peugeot. De meest populaire modellen van dit automerk in dit overzicht - de 106, 206, 207, 208, 307, 308, 406, 407, 508,","og_url":"https:\/\/autobaak.nl\/de\/peugeot-wischer-grosen\/","og_site_name":"Autobaak.nl","article_modified_time":"2019-04-02T15:06:35+00:00","twitter_card":"summary_large_image","schema":{"@context":"https:\/\/schema.org","@graph":[{"@type":"WebPage","@id":"https:\/\/autobaak.nl\/ruitenwissers-peugeot-maten\/","url":"https:\/\/autobaak.nl\/ruitenwissers-peugeot-maten\/","name":"Scheibenwischer Peugeot - Gr\u00f6\u00dfen - d.h. 206, 207, 208, 307, 308, 407, 508,","isPartOf":{"@id":"https:\/\/autobaak.nl\/#website"},"datePublished":"2019-04-02T14:58:22+00:00","dateModified":"2019-04-02T15:06:35+00:00","description":"\u00dcbersicht der Scheibenwischergr\u00f6\u00dfen f\u00fcr Peugeot. Die beliebtesten Modelle dieser Automarke in dieser \u00dcbersicht - die 106, 206, 207, 208, 307, 308, 406, 407, 508,","breadcrumb":{"@id":"https:\/\/autobaak.nl\/ruitenwissers-peugeot-maten\/#breadcrumb"},"inLanguage":"de","potentialAction":[{"@type":"ReadAction","target":["https:\/\/autobaak.nl\/ruitenwissers-peugeot-maten\/"]}]},{"@type":"BreadcrumbList","@id":"https:\/\/autobaak.nl\/ruitenwissers-peugeot-maten\/#breadcrumb","itemListElement":[{"@type":"ListItem","position":1,"name":"Home","item":"https:\/\/autobaak.nl\/"},{"@type":"ListItem","position":2,"name":"Ruitenwissers Peugeot &#8211; maten"}]},{"@type":"WebSite","@id":"https:\/\/autobaak.nl\/#website","url":"https:\/\/autobaak.nl\/","name":"Autobook.de","description":"Autos &amp; Rennsport","potentialAction":[{"@type":"SearchAction","target":{"@type":"EntryPoint","urlTemplate":"https:\/\/autobaak.nl\/?s={search_term_string}"},"query-input":{"@type":"PropertyValueSpecification","valueRequired":true,"valueName":"search_term_string"}}],"inLanguage":"de"}]}},"_links":{"self":[{"href":"https:\/\/autobaak.nl\/de\/wp-json\/wp\/v2\/pages\/1393","targetHints":{"allow":["GET"]}}],"collection":[{"href":"https:\/\/autobaak.nl\/de\/wp-json\/wp\/v2\/pages"}],"about":[{"href":"https:\/\/autobaak.nl\/de\/wp-json\/wp\/v2\/types\/page"}],"author":[{"embeddable":true,"href":"https:\/\/autobaak.nl\/de\/wp-json\/wp\/v2\/users\/1"}],"replies":[{"embeddable":true,"href":"https:\/\/autobaak.nl\/de\/wp-json\/wp\/v2\/comments?post=1393"}],"version-history":[{"count":0,"href":"https:\/\/autobaak.nl\/de\/wp-json\/wp\/v2\/pages\/1393\/revisions"}],"wp:attachment":[{"href":"https:\/\/autobaak.nl\/de\/wp-json\/wp\/v2\/media?parent=1393"}],"curies":[{"name":"wp","href":"https:\/\/api.w.org\/{rel}","templated":true}]}}