{"id":139876,"date":"2022-03-24T09:08:25","date_gmt":"2022-03-24T09:08:25","guid":{"rendered":"https:\/\/autobaak.nl\/?page_id=139876"},"modified":"2024-07-22T16:33:17","modified_gmt":"2024-07-22T14:33:17","slug":"kontakt","status":"publish","type":"page","link":"https:\/\/autobaak.nl\/de\/kontakt\/","title":{"rendered":"Kontakt"},"content":{"rendered":"<p>[et_pb_section fb_built=\"1\u2033 custom_padding_last_edited=\"on|phone\" prev_background_colour=\"#ffffffff\" admin_label=\"Hero Section\" _builder_version=\"4.16\u2033 use_background_color_gradient=\"on\" background_color_gradient_type=\"circular\" background_color_gradient_direction_radial=\"top left\" background_color_gradient_stops=\"#2b303a 10%|rgba(43,48,58,0.5) 100%\" background_color_gradient_overlays_image=\"on\" background_color_gradient_start=\"#2b303a\" background_color_gradient_start_position=\"10%\" background_color_gradient_end=\"rgba(43,48,58,0.5)\" background_image=\"https:\/\/autobaak.nl\/wp-content\/uploads\/2022\/03\/pexels-sourav-mishra-1149831.jpg\" module_alignment=\"right\" custom_margin=\"20px|60px|20px|60px|true|true\" custom_margin_tablet=\"0px|0px|0px|0px|true|true\" custom_margin_phone=\"\" custom_margin_last_edited=\"on|tablet\" custom_padding=\"10vw|||5px|0|false|false\" custom_padding_tablet=\"|||0px\" custom_padding_phone=\"120px|||\" top_divider_style=\"asymmetric4\u2033 top_divider_repeat=\"0.5x\" top_divider_flip=\"vertikal\" bottom_divider_colour=\"#0c71c3\u2033 bottom_divider_height=\"383px\" bottom_divider_flip=\"horizontal\" animation_style=\"slide\" animation_direction=\"top\" animation_intensity_slide=\"2%\" box_shadow_style=\"preset3\u2033 box_shadow_vertical=\"80px\" box_shadow_blur=\"200px\" box_shadow_spread=\"-40px\" box_shadow_colour=\"rgba(0,0,0,0.12)\" global_colors_info=\"{}\"][et_pb_row admin_label=\"Heldenbereich\" _builder_version=\"4.16\u2033 background_size=\"initial\" background_position=\"top_left\" background_repeat=\"repeat\" custom_margin=\"|auto|2vw|auto||\" global_colors_info=\"{}\"][et_pb_column type=\"4_4\u2033 _builder_version=\"4.16\u2033 custom_padding=\"|||\" global_colors_info=\"{}\" custom_padding__hover=\"|||\"][et_pb_text admin_label=\"Titel\" _builder_version=\"4.16\u2033 text_font=\"||||||||\" quote_font=\"||||||||\" header_font=\"Bungee||||||||\" header_font_size=\"80px\" header_line_height=\"1.4em\" header_2_font=\"||||||||\" background_layout=\"dark\" custom_margin=\"|||-40px\" custom_margin_tablet=\"\" custom_margin_phone=\"|||0px\" custom_margin_last_edited=\"on|phone\" custom_padding=\"|||30px\" animation_style=\"slide\" animation_direction=\"top\" animation_intensity_slide=\"5%\" animation_starting_opacity=\"100%\" hover_enabled=\"0\u2033 header_font_size_tablet=\"40px\" header_font_size_phone=\"\" header_font_size_last_edited=\"on|tablet\" border_color_all=\"#ff5400\u2033 border_width_left=\"10px\" global_colors_info=\"{}\" sticky_enabled=\"0\u2033]<\/p>\n<h1>Kontakt<\/h1>\n<p>[\/et_pb_text][\/et_pb_column][\/et_pb_row][\/et_pb_section][et_pb_section fb_built=\"1\u2033 admin_label=\"Contact Section\" _builder_version=\"4.25.1\u2033 background_size=\"initial\" module_alignment=\"right\" custom_padding=\"66px||120px|||\" hover_enabled=\"0\u2033 global_colors_info=\"{}\" sticky_enabled=\"0\u2033][et_pb_row admin_label=\"Servicebereich\" _builder_version=\"4.16\u2033 locked=\"off\" global_colors_info=\"{}\"][et_pb_column type=\"4_4\u2033 _builder_version=\"4.16\u2033 custom_padding=\"|||\" global_colors_info=\"{}\" custom_padding__hover=\"|||\"][et_pb_text admin_label=\"Untertitel\" _builder_version=\"4.19.5\u2033 text_font=\"||||||||\" text_font_size=\"18px\" text_line_height=\"1.8em\" max_width=\"700px\" max_width_tablet=\"\" max_width_phone=\"\" max_width_last_edited=\"on|desktop\" custom_padding=\"|||\" animation_style=\"fold\" animation_direction=\"left\" animation_intensity_fold=\"5%\" animation_starting_opacity=\"100%\" locked=\"off\" global_colors_info=\"{}\"]<\/p>\n<p>Haben Sie Fragen? Lassen Sie es uns wissen!<\/p>\n<p>&nbsp;<\/p>\n<p>[\/et_pb_text][\/et_pb_column][\/et_pb_row][et_pb_row column_structure=\"1_3,1_3,1_3\u2033 admin_label=\"Contact Area\" _builder_version=\"4.16\u2033 custom_margin=\"10px|||\" custom_padding=\"|||\" global_colors_info=\"{}\"][et_pb_column type=\"1_3\u2033 _builder_version=\"4.16\u2033 custom_padding=\"|||\" global_colors_info=\"{}\" custom_padding__hover=\"|||\"][et_pb_cta title=\"Unsere Adresse\" button_url=\"#\" _builder_version=\"4.25.1\u2033 header_level=\"h4\u2033 header_font=\"Bungee||||||||\" header_line_height=\"1.8em\" body_font=\"||||||||\" body_font_size=\"14px\" body_line_height=\"1.8em\" background_colour=\"rgba(0,0,0,0)\" custom_button=\"on\" button_text_size=\"14px\" button_text_colour=\"#0072ff\" button_border_width=\"0px\" button_letter_spacing=\"4px\" button_font=\"Bungee||||||||\" button_use_icon=\"off\" background_layout=\"light\" custom_padding=\"40px|30px|40px|30px|true|true\" hover_enabled=\"0\u2033 border_width_all=\"1px\" border_colour_all=\"rgba(51,51,51,0.12)\" button_text_color_hover=\"#000000\u2033 button_bg_color_hover=\"rgba(0,0,0,0)\" locked=\"off\" global_colors_info=\"{}\" button_text_size__hover_enabled=\"off\" button_one_text_size__hover_enabled=\"off\" button_two_text_size__hover_enabled=\"off\" button_text_color__hover_enabled=\"on\" button_text_color__hover=\"#0000\u2033 button_one_text_color__hover_enabled=\"off\" button_two_text_color__hover_enabled=\"off\" button_border_width__hover_enabled=\"off\" button_one_border_width__hover_enabled=\"off\" button_two_border_width__hover_enabled=\"off\" button_border_color__hover_enabled=\"off\" button_one_border_color__hover_enabled=\"off\" button_two_border_color__hover_enabled=\"off\" button_border_radius__hover_enabled=\"off\" button_one_border_radius__hover_enabled=\"off\" button_two_border_radius__hover_enabled=\"off\" button_letter_spacing__hover_enabled=\"off\" button_one_letter_spacing__hover_enabled=\"off\" button_two_letter_spacing__hover_enabled=\"off\" button_bg_color__hover_enabled=\"on\" button_bg_color__hover=\"rgba(0,0,0,0)\" button_one_bg_color__hover_enabled=\"off\" button_two_bg_color__hover_enabled=\"off\" sticky_enabled=\"0\u2033]<\/p>\n<p>Topaz-Allee\u00a0<br \/>3523 AW Utrecht<br \/>Niederlande<\/p>\n<p>[\/et_pb_cta][\/et_pb_column][et_pb_column type=\"1_3\u2033 _builder_version=\"4.16\u2033 custom_padding=\"|||\" global_colors_info=\"{}\" custom_padding__hover=\"|||\"][et_pb_cta title=\"Unternehmensdaten\" button_url=\"#\" _builder_version=\"4.25.1\u2033 header_level=\"h4\u2033 header_font=\"Bungee||||||||\" header_line_height=\"1.8em\" body_font=\"||||||||\" body_font_size=\"14px\" body_line_height=\"1.8em\" background_colour=\"rgba(0,0,0,0)\" custom_button=\"on\" button_text_size=\"14px\" button_text_colour=\"#0072ff\" button_border_width=\"0px\" button_letter_spacing=\"4px\" button_font=\"Bungee||||||||\" button_use_icon=\"off\" background_layout=\"light\" custom_padding=\"40px|30px|40px|30px|true|true\" hover_enabled=\"0\u2033 border_width_all=\"1px\" border_colour_all=\"rgba(51,51,51,0.12)\" button_text_color_hover=\"#000000\u2033 button_bg_color_hover=\"rgba(0,0,0,0)\" locked=\"off\" global_colors_info=\"{}\" button_text_size__hover_enabled=\"off\" button_one_text_size__hover_enabled=\"off\" button_two_text_size__hover_enabled=\"off\" button_text_color__hover_enabled=\"on\" button_text_color__hover=\"#0000\u2033 button_one_text_color__hover_enabled=\"off\" button_two_text_color__hover_enabled=\"off\" button_border_width__hover_enabled=\"off\" button_one_border_width__hover_enabled=\"off\" button_two_border_width__hover_enabled=\"off\" button_border_color__hover_enabled=\"off\" button_one_border_color__hover_enabled=\"off\" button_two_border_color__hover_enabled=\"off\" button_border_radius__hover_enabled=\"off\" button_one_border_radius__hover_enabled=\"off\" button_two_border_radius__hover_enabled=\"off\" button_letter_spacing__hover_enabled=\"off\" button_one_letter_spacing__hover_enabled=\"off\" button_two_letter_spacing__hover_enabled=\"off\" button_bg_color__hover_enabled=\"on\" button_bg_color__hover=\"rgba(0,0,0,0)\" button_one_bg_color__hover_enabled=\"off\" button_two_bg_color__hover_enabled=\"off\" sticky_enabled=\"0\u2033]<\/p>\n<p>NEW ROAD DIGITAL<\/p>\n<p>&nbsp;<\/p>\n<p>[\/et_pb_cta][\/et_pb_column][et_pb_column type=\"1_3\u2033 _builder_version=\"4.16\u2033 custom_padding=\"|||\" global_colors_info=\"{}\" custom_padding__hover=\"|||\"][et_pb_cta title=\"Email us\" button_url=\"#\" _builder_version=\"4.16\u2033 header_level=\"h4\u2033 header_font=\"Bungee||||||||\" header_line_height=\"1.8em\" body_font=\"||||||||\" body_font_size=\"14px\" body_line_height=\"1.8em\" background_colour=\"rgba(0,0,0,0)\" custom_button=\"on\" button_text_size=\"14px\" button_text_colour=\"#0072ff\" button_border_width=\"0px\" button_letter_spacing=\"4px\" button_font=\"Bungee||||||||\" button_use_icon=\"off\" background_layout=\"light\" custom_padding=\"40px|30px|40px|30px|true|true\" border_width_all=\"1px\" border_colour_all=\"rgba(51,51,51,0.12)\" button_text_color_hover=\"#000000\u2033 button_bg_color_hover=\"rgba(0,0,0,0)\" locked=\"off\" global_colors_info=\"{}\" button_text_size__hover_enabled=\"off\" button_one_text_size__hover_enabled=\"off\" button_two_text_size__hover_enabled=\"off\" button_text_color__hover_enabled=\"on\" button_text_color__hover=\"#0000\u2033 button_one_text_color__hover_enabled=\"off\" button_two_text_color__hover_enabled=\"off\" button_border_width__hover_enabled=\"off\" button_one_border_width__hover_enabled=\"off\" button_two_border_width__hover_enabled=\"off\" button_border_color__hover_enabled=\"off\" button_one_border_color__hover_enabled=\"off\" button_two_border_color__hover_enabled=\"off\" button_border_radius__hover_enabled=\"off\" button_one_border_radius__hover_enabled=\"off\" button_two_border_radius__hover_enabled=\"off\" button_letter_spacing__hover_enabled=\"off\" button_one_letter_spacing__hover_enabled=\"off\" button_two_letter_spacing__hover_enabled=\"off\" button_bg_color__hover_enabled=\"on\" button_bg_color__hover=\"rgba(0,0,0,0)\" button_one_bg_color__hover_enabled=\"off\" button_two_bg_color__hover_enabled=\"off\"]<\/p>\n<p><a href=\"mailto:info@autobaak.nl\">info@autobaak.nl<\/a><\/p>\n<p>[\/et_pb_cta][\/et_pb_column][\/et_pb_row][et_pb_row disabled_on=\"on|on|on\" admin_label=\"Contact Form Area\" _builder_version=\"4.19.4\u2033 custom_margin=\"||||\" custom_padding=\"27px|40px|27px|40px|false|true\" box_shadow_style=\"preset3\u2033 box_shadow_vertical=\"80px\" box_shadow_blur=\"200px\" box_shadow_spread=\"-40px\" disabled=\"on\" global_colors_info=\"{}\"][et_pb_column type=\"4_4\u2033 _builder_version=\"4.16\u2033 custom_padding=\"|||\" global_colors_info=\"{}\" custom_padding__hover=\"|||\"][et_pb_contact_form email=\"info@autobaak.nl\" custom_message=\"\u00dcber Kontakt page||et_pb_line_break_holder||||et_pb_line_break_holder||%%name%%%||et_pb_line_break_holder||%%email%%||et_pb_line_break_holder||%%%%\" success_message=\"Vielen Dank f\u00fcr Ihre Nachricht! Wir werden Sie so schnell wie m\u00f6glich kontaktieren.\" submit_button_text=\"Senden Sie Ihre Nachricht\" module_id=\"et_pb_contact_form_0\u2033 _builder_version=\"4.16\u2033 title_font=\"||||||||\" form_field_font=\"Lato||||||||\" custom_button=\"on\" button_text_size=\"14px\" button_text_colour=\"#ffffff\" button_bg_colour=\"#0072ff\" button_border_width=\"12px\" button_border_color=\"#0072ff\" button_letter_spacing=\"4px\" button_font=\"Bungee||||||||\" button_icon=\"$||divi|||400\u2033 global_colors_info=\"{}\"][et_pb_contact_field field_id=\"Name\" field_title=\"Ihr Name\" _builder_version=\"4.16\u2033 global_colors_info=\"{}\" button_text_size__hover_enabled=\"off\" button_one_text_size__hover_enabled=\"off\" button_two_text_size__hover_enabled=\"off\" button_text_color__hover_enabled=\"off\" button_one_text_color__hover_enabled=\"off\" button_two_text_color__hover_enabled=\"off\" button_border_width__hover_enabled=\"off\" button_one_border_width__hover_enabled=\"off\" button_two_border_width__hover_enabled=\"off\" button_border_color__hover_enabled=\"off\" button_one_border_color__hover_enabled=\"off\" button_two_border_color__hover_enabled=\"off\" button_border_radius__hover_enabled=\"off\" button_one_border_radius__hover_enabled=\"off\" button_two_border_radius__hover_enabled=\"off\" button_letter_spacing__hover_enabled=\"off\" button_one_letter_spacing__hover_enabled=\"off\" button_two_letter_spacing__hover_enabled=\"off\" button_bg_color__hover_enabled=\"off\" button_one_bg_color__hover_enabled=\"off\" button_two_bg_color__hover_enabled=\"off\"][\/et_pb_contact_field][et_pb_contact_field field_id=\"E-Mail\" field_title=\"Ihre E-Mail\" field_type=\"E-Mail\" _builder_version=\"4.16\u2033 global_colors_info=\"{}\" button_text_size__hover_enabled=\"off\" button_one_text_size__hover_enabled=\"off\" button_two_text_size__hover_enabled=\"off\" button_text_color__hover_enabled=\"off\" button_one_text_color__hover_enabled=\"off\" button_two_text_color__hover_enabled=\"off\" button_border_width__hover_enabled=\"off\" button_one_border_width__hover_enabled=\"off\" button_two_border_width__hover_enabled=\"off\" button_border_color__hover_enabled=\"off\" button_one_border_color__hover_enabled=\"off\" button_two_border_color__hover_enabled=\"off\" button_border_radius__hover_enabled=\"off\" button_one_border_radius__hover_enabled=\"off\" button_two_border_radius__hover_enabled=\"off\" button_letter_spacing__hover_enabled=\"off\" button_one_letter_spacing__hover_enabled=\"off\" button_two_letter_spacing__hover_enabled=\"off\" button_bg_color__hover_enabled=\"off\" button_one_bg_color__hover_enabled=\"off\" button_two_bg_color__hover_enabled=\"off\"][\/et_pb_contact_field][et_pb_contact_field field_id=\"Nachricht\" field_title=\"Ihre Nachricht\" field_type=\"text\" fullwidth_field=\"on\" _builder_version=\"4.16\u2033 global_colors_info=\"{}\" button_text_size__hover_enabled=\"off\" button_one_text_size__hover_enabled=\"off\" button_two_text_size__hover_enabled=\"off\" button_text_color__hover_enabled=\"off\" button_one_text_color__hover_enabled=\"off\" button_two_text_color__hover_enabled=\"off\" button_border_width__hover_enabled=\"off\" button_one_border_width__hover_enabled=\"off\" button_two_border_width__hover_enabled=\"off\" button_border_color__hover_enabled=\"off\" button_one_border_color__hover_enabled=\"off\" button_two_border_color__hover_enabled=\"off\" button_border_radius__hover_enabled=\"off\" button_one_border_radius__hover_enabled=\"off\" button_two_border_radius__hover_enabled=\"off\" button_letter_spacing__hover_enabled=\"off\" button_one_letter_spacing__hover_enabled=\"off\" button_two_letter_spacing__hover_enabled=\"off\" button_bg_color__hover_enabled=\"aus\" button_one_bg_color__hover_enabled=\"aus\" button_two_bg_color__hover_enabled=\"off\"][\/et_pb_contact_field][\/et_pb_contact_form][\/et_pb_column][\/et_pb_row][\/et_pb_section][et_pb_section fb_built=\"1\u2033 admin_label=\"FAQ Section\" _builder_version=\"4.16\u2033 module_alignment=\"right\" custom_margin=\"||||false\" custom_padding=\"||||false\" locked=\"off\" global_colors_info=\"{}\"][et_pb_row disabled_on=\"on|on|on\" admin_label=\"FAQ-Bereich\" _builder_version=\"4.19.4\u2033 disabled=\"on\" locked=\"off\" global_colors_info=\"{}\"][et_pb_column type=\"4_4\u2033 _builder_version=\"4.16\u2033 custom_padding=\"||||\" global_colors_info=\"{}\" custom_padding__hover=\"|||\"][et_pb_text admin_label=\"Titel\" _builder_version=\"4.16\u2033 text_font=\"||||||||\" quote_font=\"||||||||\" header_font=\"||||||||\" header_2_font=\"Bungee||||||||\" header_2_font_size=\"48px\" header_2_line_height=\"1.4em\" custom_margin=\"|||-40px\" custom_margin_tablet=\"\" custom_margin_phone=\"|||0px\" custom_margin_last_edited=\"on|phone\" custom_padding=\"|||30px\" animation_style=\"fold\" animation_direction=\"left\" animation_intensity_fold=\"5%\" animation_starting_opacity=\"100%\" header_2_font_size_tablet=\"30px\" header_2_font_size_phone=\"\" header_2_font_size_last_edited=\"on|tablet\" border_colour_all=\"#ff5400\u2033 border_width_left=\"10px\" global_colors_info=\"{}\"]<\/p>\n<h2>H\u00e4ufig gestellte Fragen<\/h2>\n<p>[\/et_pb_text][\/et_pb_column][\/et_pb_row][et_pb_row disabled_on=\"on|on|on\" _builder_version=\"4.19.4\u2033 disabled=\"on\" global_colors_info=\"{}\"][et_pb_column type=\"4_4\u2033 _builder_version=\"4.16\u2033 custom_padding=\"|||\" global_colors_info=\"{}\" custom_padding__hover=\"|||\"][et_pb_accordion open_toggle_text_color=\"#000000\u2033 closed_toggle_text_color=\"#000000\u2033 icon_color=\"#0072ff\" _builder_version=\"4.16\u2033 toggle_font=\"Bungee||||||||\" toggle_letter_spacing=\"1px\" toggle_line_height=\"1.5em\" body_font=\"||||||||\" body_line_height=\"1.8em\" animation_style=\"slide\" animation_direction=\"bottom\" animation_intensity_slide=\"5%\" border_width_all=\"0px\" border_width_bottom=\"3px\" global_colours_info=\"{}\"][et_pb_accordion_item title=\"Wann kommt meine Bestellung an?\" open=\"on\" open_toggle_background_color=\"rgba(0,0,0,0)\" closed_toggle_background_color=\"rgba(0,0,0,0)\" _builder_version=\"4.16\u2033 custom_margin=\"||0px|\" custom_padding=\"30px||30px|0px|true\" global_colors_info=\"{}\"]<\/p>\n<p>Wir tun unser Bestes, um Bestellungen noch am selben Tag zu versenden. In der Regel werden Bestellungen, die vor 15:00 Uhr (an Werktagen) eingehen, noch am selben Tag versandt. Bestellungen, die \u00fcber das Wochenende aufgegeben werden, werden am Montag versandt. In dem unwahrscheinlichen Fall, dass ein Produkt nicht sofort verf\u00fcgbar ist, werden wir Sie so schnell wie m\u00f6glich kontaktieren, um die Angelegenheit zu besprechen.<\/p>\n<p>[\/et_pb_accordion_item][et_pb_accordion_item title=\"Bekomme ich auch ein Track &amp; Trace?\" open_toggle_background_color=\"rgba(0,0,0,0)\" closed_toggle_background_color=\"rgba(0,0,0,0)\" _builder_version=\"4.16\u2033 custom_margin=\"||0px|\" custom_padding=\"30px||30px|0px|true\" global_colors_info=\"{}\" open=\"off\"]<\/p>\n<p><span>Sobald die Sendung bei DHL registriert ist, erhalten wir ein Track and Trace. Wenn Sie sie nicht erhalten haben, k\u00f6nnen Sie sie anfordern \u00fcber\u00a0<\/span><span>info@autobaak.nl<\/span><\/p>\n<p>[\/et_pb_accordion_item][et_pb_accordion_item title=\"Kann ich Produkte zur\u00fcckgeben?\" open_toggle_background_color=\"rgba(0,0,0,0)\" closed_toggle_background_color=\"rgba(0,0,0,0)\" _builder_version=\"4.16\u2033 custom_margin=\"||0px|\" custom_padding=\"30px||30px|0px|true\" global_colors_info=\"{}\" open=\"off\"]<\/p>\n<p>Selbstverst\u00e4ndlich k\u00f6nnen Sie die Produkte an Autobaak zur\u00fccksenden, wenn sie unbesch\u00e4digt und in der Originalverpackung sind.<\/p>\n<p>[\/et_pb_accordion_item][et_pb_accordion_item title=\"Produkt bei Erhalt besch\u00e4digt?\" open_toggle_background_color=\"rgba(0,0,0,0)\" closed_toggle_background_color=\"rgba(0,0,0,0)\" _builder_version=\"4.16\u2033 custom_margin=\"||0px|\" custom_padding=\"30px||30px|0px|true\" global_colors_info=\"{}\" open=\"off\"]<\/p>\n<p><span>In diesem Fall machen Sie bitte Fotos und schicken sie an\u00a0<\/span><a href=\"mailto:info@autobaak\">info@autobaak.nl.\u00a0<\/a><span>Bitte geben Sie die Bestellnummer an. Wir werden Ihnen so schnell wie m\u00f6glich ein neues Produkt zusenden. Das besch\u00e4digte Produkt sollte an Autobaak zur\u00fcckgeschickt werden.<\/span><\/p>\n<p>[\/et_pb_accordion_item][\/et_pb_accordion][\/et_pb_column][\/et_pb_row][\/et_pb_section]<\/p>","protected":false},"excerpt":{"rendered":"<p>KontaktSind noch Fragen offen? Lassen Sie es uns wissen!  Topaaslaan 3523 AW UtrechtNiederlandeNEW ROAD DIGITAL info@autobaak.nlVeel Fragen gestelltWir tun unser Bestes, um Bestellungen noch am selben Tag zu versenden. Im Allgemeinen werden Bestellungen, die vor 15:00 Uhr (an Werktagen) eingehen, noch am selben Tag versandt. Bestellungen, die am Wochenende eingehen, werden am Montag verschickt. Sollte [...]<\/p>","protected":false},"author":1,"featured_media":0,"parent":0,"menu_order":0,"comment_status":"closed","ping_status":"closed","template":"","meta":{"_et_pb_use_builder":"on","_et_pb_old_content":"","_et_gb_content_width":"","footnotes":""},"class_list":["post-139876","page","type-page","status-publish","hentry"],"yoast_head":"<!-- This site is optimized with the Yoast SEO plugin v27.4 - https:\/\/yoast.com\/product\/yoast-seo-wordpress\/ -->\n<title>Contact - Autobaak.nl<\/title>\n<meta name=\"robots\" content=\"index, follow, max-snippet:-1, max-image-preview:large, max-video-preview:-1\" \/>\n<link rel=\"canonical\" href=\"https:\/\/autobaak.nl\/de\/kontakt\/\" \/>\n<meta property=\"og:locale\" content=\"de_DE\" \/>\n<meta property=\"og:type\" content=\"article\" \/>\n<meta property=\"og:title\" content=\"Contact - Autobaak.nl\" \/>\n<meta property=\"og:description\" content=\"ContactZijn er vragen? Laat het ons gerust weten! &nbsp;Topaaslaan\u00a03523 AW UtrechtNederlandNEW ROAD DIGITAL &nbsp;info@autobaak.nlVeel gestelde vragenWij doen ons best om de bestellingen op dezelfde dag nog te versturen. Over het algemeen geldt dat bestellingen die voor 15:00 binnen zijn (op werkdagen) nog dezelfde dag worden verzonden. Bestellingen in het weekend worden op maandag verstuurd. Mocht [&hellip;]\" \/>\n<meta property=\"og:url\" content=\"https:\/\/autobaak.nl\/de\/kontakt\/\" \/>\n<meta property=\"og:site_name\" content=\"Autobaak.nl\" \/>\n<meta property=\"article:modified_time\" content=\"2024-07-22T14:33:17+00:00\" \/>\n<meta name=\"twitter:card\" content=\"summary_large_image\" \/>\n<meta name=\"twitter:label1\" content=\"Gesch\u00e4tzte Lesezeit\" \/>\n\t<meta name=\"twitter:data1\" content=\"4\u00a0Minuten\" \/>\n<script type=\"application\/ld+json\" class=\"yoast-schema-graph\">{\"@context\":\"https:\\\/\\\/schema.org\",\"@graph\":[{\"@type\":\"WebPage\",\"@id\":\"https:\\\/\\\/autobaak.nl\\\/contact\\\/\",\"url\":\"https:\\\/\\\/autobaak.nl\\\/contact\\\/\",\"name\":\"Contact - Autobaak.nl\",\"isPartOf\":{\"@id\":\"https:\\\/\\\/autobaak.nl\\\/#website\"},\"datePublished\":\"2022-03-24T09:08:25+00:00\",\"dateModified\":\"2024-07-22T14:33:17+00:00\",\"breadcrumb\":{\"@id\":\"https:\\\/\\\/autobaak.nl\\\/contact\\\/#breadcrumb\"},\"inLanguage\":\"de\",\"potentialAction\":[{\"@type\":\"ReadAction\",\"target\":[\"https:\\\/\\\/autobaak.nl\\\/contact\\\/\"]}]},{\"@type\":\"BreadcrumbList\",\"@id\":\"https:\\\/\\\/autobaak.nl\\\/contact\\\/#breadcrumb\",\"itemListElement\":[{\"@type\":\"ListItem\",\"position\":1,\"name\":\"Home\",\"item\":\"https:\\\/\\\/autobaak.nl\\\/\"},{\"@type\":\"ListItem\",\"position\":2,\"name\":\"Contact\"}]},{\"@type\":\"WebSite\",\"@id\":\"https:\\\/\\\/autobaak.nl\\\/#website\",\"url\":\"https:\\\/\\\/autobaak.nl\\\/\",\"name\":\"Autobaak.nl\",\"description\":\"Cars &amp; Racing\",\"potentialAction\":[{\"@type\":\"SearchAction\",\"target\":{\"@type\":\"EntryPoint\",\"urlTemplate\":\"https:\\\/\\\/autobaak.nl\\\/?s={search_term_string}\"},\"query-input\":{\"@type\":\"PropertyValueSpecification\",\"valueRequired\":true,\"valueName\":\"search_term_string\"}}],\"inLanguage\":\"de\"}]}<\/script>\n<!-- \/ Yoast SEO plugin. -->","yoast_head_json":{"title":"Kontakt - Autobaak.de","robots":{"index":"index","follow":"follow","max-snippet":"max-snippet:-1","max-image-preview":"max-image-preview:large","max-video-preview":"max-video-preview:-1"},"canonical":"https:\/\/autobaak.nl\/de\/kontakt\/","og_locale":"de_DE","og_type":"article","og_title":"Contact - Autobaak.nl","og_description":"ContactZijn er vragen? Laat het ons gerust weten! &nbsp;Topaaslaan\u00a03523 AW UtrechtNederlandNEW ROAD DIGITAL &nbsp;info@autobaak.nlVeel gestelde vragenWij doen ons best om de bestellingen op dezelfde dag nog te versturen. Over het algemeen geldt dat bestellingen die voor 15:00 binnen zijn (op werkdagen) nog dezelfde dag worden verzonden. Bestellingen in het weekend worden op maandag verstuurd. Mocht [&hellip;]","og_url":"https:\/\/autobaak.nl\/de\/kontakt\/","og_site_name":"Autobaak.nl","article_modified_time":"2024-07-22T14:33:17+00:00","twitter_card":"summary_large_image","twitter_misc":{"Gesch\u00e4tzte Lesezeit":"4\u00a0Minuten"},"schema":{"@context":"https:\/\/schema.org","@graph":[{"@type":"WebPage","@id":"https:\/\/autobaak.nl\/contact\/","url":"https:\/\/autobaak.nl\/contact\/","name":"Kontakt - Autobaak.de","isPartOf":{"@id":"https:\/\/autobaak.nl\/#website"},"datePublished":"2022-03-24T09:08:25+00:00","dateModified":"2024-07-22T14:33:17+00:00","breadcrumb":{"@id":"https:\/\/autobaak.nl\/contact\/#breadcrumb"},"inLanguage":"de","potentialAction":[{"@type":"ReadAction","target":["https:\/\/autobaak.nl\/contact\/"]}]},{"@type":"BreadcrumbList","@id":"https:\/\/autobaak.nl\/contact\/#breadcrumb","itemListElement":[{"@type":"ListItem","position":1,"name":"Home","item":"https:\/\/autobaak.nl\/"},{"@type":"ListItem","position":2,"name":"Contact"}]},{"@type":"WebSite","@id":"https:\/\/autobaak.nl\/#website","url":"https:\/\/autobaak.nl\/","name":"Autobook.de","description":"Autos &amp; Rennsport","potentialAction":[{"@type":"SearchAction","target":{"@type":"EntryPoint","urlTemplate":"https:\/\/autobaak.nl\/?s={search_term_string}"},"query-input":{"@type":"PropertyValueSpecification","valueRequired":true,"valueName":"search_term_string"}}],"inLanguage":"de"}]}},"_links":{"self":[{"href":"https:\/\/autobaak.nl\/de\/wp-json\/wp\/v2\/pages\/139876","targetHints":{"allow":["GET"]}}],"collection":[{"href":"https:\/\/autobaak.nl\/de\/wp-json\/wp\/v2\/pages"}],"about":[{"href":"https:\/\/autobaak.nl\/de\/wp-json\/wp\/v2\/types\/page"}],"author":[{"embeddable":true,"href":"https:\/\/autobaak.nl\/de\/wp-json\/wp\/v2\/users\/1"}],"replies":[{"embeddable":true,"href":"https:\/\/autobaak.nl\/de\/wp-json\/wp\/v2\/comments?post=139876"}],"version-history":[{"count":4,"href":"https:\/\/autobaak.nl\/de\/wp-json\/wp\/v2\/pages\/139876\/revisions"}],"predecessor-version":[{"id":157205,"href":"https:\/\/autobaak.nl\/de\/wp-json\/wp\/v2\/pages\/139876\/revisions\/157205"}],"wp:attachment":[{"href":"https:\/\/autobaak.nl\/de\/wp-json\/wp\/v2\/media?parent=139876"}],"curies":[{"name":"wp","href":"https:\/\/api.w.org\/{rel}","templated":true}]}}