{"id":139944,"date":"2022-03-25T18:17:57","date_gmt":"2022-03-25T18:17:57","guid":{"rendered":"https:\/\/autobaak.nl\/?page_id=139944"},"modified":"2022-04-04T13:45:08","modified_gmt":"2022-04-04T13:45:08","slug":"motorol-volkswagen-passat-vw","status":"publish","type":"page","link":"https:\/\/autobaak.nl\/de\/motorol-volkswagen-passat-vw\/","title":{"rendered":"Motor\u00f6l Volkswagen Passat (VW)"},"content":{"rendered":"<p>[et_pb_section fb_built=\"1\u2033 custom_padding_last_edited=\"on|desktop\" admin_label=\"Section\" _builder_version=\"4.16\u2033 background_colour=\"#0c71c3\u2033 custom_padding_tablet=\"50px|0|50px|0\u2033 custom_padding_phone=\"50px|0|50px|0\u2033 transparent_background=\"off\" padding_mobile=\"off\" make_fullwidth=\"off\" use_custom_width=\"off\" width_unit=\"on\" global_colors_info=\"{}\"][et_pb_row admin_label=\"Row\" _builder_version=\"4.16\u2033 background_size=\"initial\" background_position=\"top_left\" background_repeat=\"repeat\" global_colors_info=\"{}\"][et_pb_column type=\"4_4\u2033 _builder_version=\"4.16\u2033 custom_padding=\"|||\" global_colors_info=\"{}\" custom_padding__hover=\"|||\"][et_pb_text admin_label=\"Text\" _builder_version=\"4.16\u2033 background_size=\"initial\" background_position=\"top_left\" background_repeat=\"repeat\" text_orientation=\"centre\" background_layout=\"dark\" module_alignment=\"centre\" use_border_color=\"off\" border_color=\"#ffffff\" border_style=\"solid\" global_colors_info=\"{}\"][et_pb_text admin_label=\"text<\/p>\n<h1 style=\"text-align: center;\">Welches Motor\u00f6l Volkswagen Passat (VW)<\/h1>\n<p>[\/et_pb_text][\/et_pb_column][\/et_pb_row][\/et_pb_section][et_pb_section fb_built=\"1\u2033 admin_label=\"Section\" _builder_version=\"4.16\u2033 global_colors_info=\"{}\"][et_pb_row column_structure=\"3_4,1_4\u2033 admin_label=\"Row\" _builder_version=\"4.16\u2033 background_size=\"initial\" background_position=\"top_left\" background_repeat=\"repeat\" global_colors_info=\"{}\"][et_pb_column type=\"3_4\u2033 _builder_version=\"4.16\u2033 custom_padding=\"|||\" global_colors_info=\"{}\" custom_padding__hover=\"|||\"][et_pb_text admin_label=\"Text\" _builder_version=\"4.16\u2033 background_size=\"initial\" background_position=\"top_left\" background_repeat=\"repeat\" use_border_color=\"off\" border_color=\"#ffffff\" border_style=\"solid\" global_colors_info=\"{}\"]<\/p>\n<p>Sie suchen Motor\u00f6l f\u00fcr den Volkswagen Passat? Auf dieser Seite finden Sie eine \u00dcbersicht \u00fcber alle Modelle, das entsprechende Motor\u00f6l und dessen Inhaltsstoffe. <strong>F\u00fcr den ordnungsgem\u00e4\u00dfen Betrieb und zur Erhaltung des Motors Ihres Volkswagen Passat ist es sehr wichtig, das optimale Motor\u00f6l zu verwenden.\u00a0<\/strong><\/p>\n<p>Nachfolgend finden Sie eine \u00dcbersicht \u00fcber das ben\u00f6tigte VW Volkswagen Passar Motor\u00f6l, das Sie auch in unserem Webshop bestellen k\u00f6nnen.<\/p>\n<p>[\/et_pb_text][et_pb_text admin_label=\"Text\" _builder_version=\"4.16.0\u2033 background_size=\"initial\" background_position=\"top_left\" background_repeat=\"repeat\" hover_enabled=\"0\u2033 use_border_color=\"off\" border_color=\"#ffffff\" border_style=\"solid\" global_colors_info=\"{}\" sticky_enabled=\"0\u2033]<\/p>\n<h2>Motor\u00f6l Volkswagen Passat (VW)<\/h2>\n<p><strong>Motor\u00f6l VOLKSWAGEN Passat (VW) 3A<\/strong><br \/>Volkswagen (VW) (EU) Passat 1.6 (1988-1990), 5W-30 oder 5W-40, Inhalt: 4 Liter, Wechsel alle 15000 km\/ 12 Monate<br \/>Volkswagen (VW) (EU) Passat 1.6 Turbo Diesel (1988-1989), 10W-40 oder 15W-40, Inhalt: 4,5 Liter und Filter 0,5 Liter, Wechsel alle 7500 km\/ 12 Monate<br \/>Volkswagen (VW) (EU) Passat 1.6 Turbo Diesel (1989-1991), 10W-40 oder 15W-40, Inhalt: 4,5 Liter und Filter 0,5 Liter, Wechsel alle 7500 km\/ 12 Monate<br \/>Volkswagen (VW) (EU) Passat 1.8 (55 kW) (1990-1992), 5W-30 oder 5W-40, Inhalt: 4 Liter, Wechsel alle 15000 km\/ 12 Monate<br \/>Volkswagen (VW) (EU) Passat 1.8 (55 kW) (1992-1993), 5W-30 oder 5W-40, Inhalt: 4 Liter, Wechsel alle 15000 km\/ 12 Monate<br \/>Volkswagen (VW) (EU) Passat 1,8 (55 kW) (1993-1996), 5W-30 oder 5W-40, Inhalt: 3,8 Liter und Filter 0,5 Liter, Wechsel alle 15000 km\/ 12 Monate<br \/>Volkswagen (VW) (EU) Passat 1.8 (66 kW) (1988-1991), 5W-30 oder 5W-40, Inhalt: 4 Liter, Wechsel alle 15000 km\/ 12 Monate<br \/>Volkswagen (VW) (EU) Passat 1.8 (66 kW) (1991-1992), 5W-30 oder 5W-40, Inhalt: 4 Liter, Wechsel alle 15000 km\/ 12 Monate<br \/>Volkswagen (VW) (EU) Passat 1.8 (66 kW) (1992-1993), 5W-30 oder 5W-40, Inhalt: 4 Liter, Wechsel alle 15000 km\/ 12 Monate<br \/>Volkswagen (VW) (EU) Passat 1,8 (66 kW) (1993-1996), 5W-30 oder 5W-40, Inhalt: 3,8 Liter und Filter 0,5 Liter, Wechsel alle 15000 km\/ 12 Monate<br \/>Volkswagen (VW) (EU) Passat 1.8 (79 kW) (1988-1990), 5W-30 oder 5W-40, Inhalt: 4 Liter, Wechsel alle 15000 km\/ 12 Monate<br \/>Volkswagen (VW) (EU) Passat 1.8 G60 Syncro (1989-1993), 5W-30 oder 5W-40, Inhalt: 4 Liter und Filter 0,5 Liter, Wechsel alle 15000 km \/ 12 Monate<br \/>Volkswagen (VW) (EU) Passat 1.9 Diesel (1989-1992), 10W-40 oder 5W-40, Inhalt: 4,5 Liter und Filter 0,5 Liter, Wechsel alle 7500 km\/ 12 Monate<br \/>Volkswagen (VW) (EU) Passat 1.9 Diesel (1992-1993), 10W-40 oder 5W-40, Inhalt: 4,5 Liter und Filter 0,5 Liter, Wechsel alle 7500 km \/ 12 Monate<br \/>Volkswagen (VW) (EU) Passat 1.9 TDI (66 kW) (1993-1996), 5W-30 oder 5W-40, Inhalt: 4,3 Liter und Filter 0,5 Liter, Wechsel alle 15000 km\/12 Monate<br \/>Volkswagen (VW) (EU) Passat 1.9 Turbo Diesel (1991-1992), 10W-40 oder 15W-40, Inhalt: 4,5 Liter und Filter 0,5 Liter, Wechsel alle 7500 km\/ 12 Monate<br \/>Volkswagen (VW) (EU) Passat 1.9 Turbo Diesel (1992-1993), 5W-30 oder 5W-40, Inhalt: 4,5 Liter und Filter 0,5 Liter, Wechsel alle 7500 km\/ 12 Monate<br \/>Volkswagen (VW) (EU) Passat 1.9 Turbo Diesel (1993-1996), 5W-30 oder 5W-40, Inhalt: 4,3 Liter und Filter 0,5 Liter, Wechsel alle 7500 km\/ 12 Monate<br \/>Volkswagen (VW) (EU) Passat 2.0 (1990-1992), 5W-30 oder 5W-40, Inhalt: 4 Liter und Filter 0,5 Liter, Wechsel alle 15000 km \/ 12 Monate<br \/>Volkswagen (VW) (EU) Passat 2.0 (1992-1993), 5W-30 oder 5W-40, Inhalt: 4 Liter und Filter 0,5 Liter, Wechsel alle 15000 km \/ 12 Monate<br \/>Volkswagen (VW) (EU) Passat 2.0 (1993-1996), 5W-30 oder 5W-40, Inhalt: 4 Liter und Filter 0,5 Liter, Wechsel alle 15000 km \/ 12 Monate<br \/>Volkswagen (VW) (EU) Passat 2.0 16V (1988-1992), 5W-30 oder 5W-40, Inhalt: 4 Liter, Wechsel alle 15000 km\/ 12 Monate<br \/>Volkswagen (VW) (EU) Passat 2.0 16V (1992-1993), 5W-30 oder 5W-40, Inhalt: 4 Liter und Filter 0,5 Liter, Wechsel alle 15000 km \/ 12 Monate<br \/>Volkswagen (VW) (EU) Passat 2.0 16V (1993-1996), 5W-30 oder 5W-40, Inhalt: 4 Liter und Filter 0,5 Liter, Wechsel alle 15000 km \/ 12 Monate<br \/>Volkswagen (VW) (EU) Passat 2.0 Syncro (1990-1992), 5W-30 oder 5W-40, Inhalt: 4 Liter und Filter 0,5 Liter, Wechsel alle 15000 km \/ 12 Monate<br \/>Volkswagen (VW) (EU) Passat 2.0 Syncro (1992-1993), 5W-30 oder 5W-40, Inhalt: 4 Liter und Filter 0,5 Liter, Wechsel alle 15000 km \/ 12 Monate<br \/>Volkswagen (VW) (EU) Passat 2.0 Syncro (1993-1996), 5W-30 oder 5W-40, Inhalt: 4 Liter und Filter 0,5 Liter, Wechsel alle 15000 km \/ 12 Monate<br \/>Volkswagen (VW) (EU) Passat 2.8 VR6 (1991-1992), 5W-30 oder 5W-40, Inhalt: 6 Liter und Filter 1 Liter, Wechsel alle 15000 km \/ 12 Monate<br \/>Volkswagen (VW) (EU) Passat 2.8 VR6 (1992-1993), 5W-30 oder 5W-40, Inhalt: 6 Liter und Filter 1 Liter, Wechsel alle 15000 km \/ 12 Monate<br \/>Volkswagen (VW) (EU) Passat 2.8 VR6 (1993-1996), 5W-30 oder 5W-40, Inhalt: 6 Liter und Filter 1 Liter, Wechsel alle 15000 km \/ 12 Monate<\/p>\n<p><strong>Motor\u00f6l VOLKSWAGEN Passat (VW) B2 32B<\/strong><br \/>Volkswagen (VW) (EU) Passat 1.3 (1986-1988), 5W-30 oder 5W-40, Inhalt: 3 Liter, Wechsel alle 15000 km\/ 12 Monate<br \/>Volkswagen (VW) (EU) Passat 1.6 (1986-1987), 5W-30 oder 5W-40, Inhalt: 3 Liter, Wechsel alle 15000 km\/ 12 Monate<br \/>Volkswagen (VW) (EU) Passat 1.6 Diesel (1986-1988), 5W-40 oder 10W-40, Inhalt: 3,5 Liter und Filter 0,5 Liter, Wechsel alle 7500 km<br \/>Volkswagen (VW) (EU) Passat 1.6 Turbo Diesel (1986-1988), 15W-40 oder 10W-40, Inhalt: 3,5 Liter und Filter 0,5 Liter, Wechsel alle 7500 km<br \/>Volkswagen (VW) (EU) Passat 1.8 (66 kW) (1986-1988), 5W-40 oder 5W-30, Inhalt: 3 Liter, Wechsel alle 15000 km\/ 12 Monate<br \/>Volkswagen (VW) (EU) Passat 2.0 (1986-1988), 5W-40 oder 5W-30, Inhalt: 3,5 Liter und Filter 0,5 Liter, Wechsel alle 15000 km \/ 12 Monate<br \/>Volkswagen (VW) (EU) Passat 2.0 Syncro Variant (1986-1988), 5W-40 oder 5W-30, Inhalt: 3,5 Liter und Filter 0,5 Liter, Wechsel alle 15000 km\/ 12 Monate<br \/>Volkswagen (VW) (EU) Passat 2.23 (1986-1988), 5W-40 oder 5W-30, Inhalt: 3,5 Liter und Filter 0,5 Liter, Wechsel alle 15000 km\/ 12 Monate<br \/>Volkswagen (VW) (EU) Passat 2.23 Variant Syncro (1986-1988), 5W-40 oder 5W-30, Inhalt: 3,5 Liter und Filter 0,5 Liter, Wechsel alle 15000 km\/ 12 Monate<\/p>\n<p><strong>Motor\u00f6l VOLKSWAGEN Passat (VW) B5 3B<\/strong><\/p>\n<p>Volkswagen (VW) (EU) Passat 1.6 (1996-2000), 5W-30, 0W-40 oder 5W-40, Inhalt: 3 Liter und Filter 0,5 Liter, Wechsel alle 15000 km \/ 12 Monate<br \/>Volkswagen (VW) (EU) Passat 1.6 (2000-2005), 5W-30 oder 0W-30, Inhalt: 3,8 Liter und Filter 0,5 Liter, Wechsel alle 30000 km\/ 24 Monate<br \/>Volkswagen (VW) (EU) Passat 1.8 20V (1996-1999), 5W-30, 0W-40 oder 5W-40, Inhalt: 3.5-3.9 Liter und Filter 0.5-0.9 Liter, Wechsel alle 15000 km\/ 12 Monate<br \/>Volkswagen (VW) (EU) Passat 1.8 20V Turbo (1996-2000), 5W-30, 0W-40 oder 5W-40, Inhalt: 3.5-3.9 Liter und Filter 0.5-0.9 Liter, Wechsel alle 15000 km\/ 12 Monate<br \/>Volkswagen (VW) (EU) Passat 1.8 20V Turbo (2000-2005), 5W-30 oder 0W-30, Inhalt: 3.5-3.9 Liter und Filter 0.5-0.9 Liter, Wechsel alle 30000 km\/ 24 Monate<br \/>Volkswagen (VW) (EU) Passat 1.9 TDI (66 kW) (1996-2000), 5W-30 oder 5W-40, Inhalt: 3,8-4,3 Liter und Filter 0,5 Liter, Wechsel alle 15000 km\/12 Monate<br \/>Volkswagen (VW) (EU) Passat 1.9 TDI (74 kW) (2000-2005), 5W-30 oder 0W-30, Inhalt: 3,6 Liter und Filter 0,5 Liter, Wechsel alle 50000 km\/ 24 Monate<br \/>Volkswagen (VW) (EU) Passat 1.9 TDI (81 kW) (1996-2000), 5W-30 oder 5W-40, Inhalt: 3,8 Liter und Filter 0,5 Liter, Wechsel alle 15000 km\/ 12 Monate<br \/>Volkswagen (VW) (EU) Passat 1.9 TDI (81 kW) 4Motion (1997-2000), 5W-30 oder 5W-40, Inhalt: 3,8 Liter und Filter 0,5 Liter, Wechsel alle 15000 km\/12 Monate<br \/>Volkswagen (VW) (EU) Passat 1.9 TDI (85 kW) (1998-2000), 5W-30 oder 5W-40, Inhalt: 3,6 Liter und Filter 0,5 Liter, Wechsel alle 15000 km\/ 12 Monate<br \/>Volkswagen (VW) (EU) Passat 1.9 TDI (85 kW) 4Motion (1998-2000), 5W-30 oder 5W-40, Inhalt: 3,6 Liter und Filter 0,5 Liter, Wechsel alle 15000 km\/ 12 Monate<br \/>Volkswagen (VW) (EU) Passat 1.9 TDI (96 kW) (2000-2005), 5W-30 oder 0W-30, Inhalt: 4 Liter, Wechsel alle 50000 km\/ 24 Monate<br \/>Volkswagen (VW) (EU) Passat 1.9 TDI (96 kW) 4Motion (2000-2005), 5W-30 oder 0W-30, Inhalt: 4 Liter, Wechsel alle 50000 km\/ 24 Monate<br \/>Volkswagen (VW) (EU) Passat 2.0 (2000-2005), 5W-30 oder 0W-30, Inhalt: 4 Liter und Filter 0,5 Liter, Wechsel alle 30000 km\/ 24 Monate<br \/>Volkswagen (VW) (EU) Passat 2.0 20V (2002-2005), 5W-30 oder 0W-30, Inhalt: 4,2 Liter und Filter 0,5 Liter, Wechsel alle 30000 km\/ 24 Monate<br \/>Volkswagen (VW) (EU) Passat 2.0 4Motion (2000-2005), 5W-30 oder 0W-30, Inhalt: 4 Liter und Filter 0,5 Liter, Wechsel alle 30000 km\/ 24 Monate<br \/>Volkswagen (VW) (EU) Passat 2.0 TDI (100 kW) (2003-2005), 5W-30 oder 0W-30, Inhalt: 3,6-4 Liter, Wechsel alle 50000 km\/ 24 Monate<br \/>Volkswagen (VW) (EU) Passat 2.3 V5 (2000-2005), 5W-30 oder 0W-30, Inhalt: 4 Liter und Filter 0,5 Liter, Wechsel alle 30000 km\/ 24 Monate<br \/>Volkswagen (VW) (EU) Passat 2.3 V5 4Motion (2000-2005), 5W-30 oder 0W-30, Inhalt: 4 Liter und Filter 0,5 Liter, Wechsel alle 30000 km\/ 24 Monate<br \/>Volkswagen (VW) (EU) Passat 2.3 VR5 (1996-2000), 5W-30, 0W-40 oder 5W-40, Inhalt: 3,7 Liter und Filter 0,7 Liter, Wechsel alle 15000 km \/ 12 Monate<br \/>Volkswagen (VW) (EU) Passat 2.3 VR5 Syncro\/4Motion (1998-2000), 5W-30, 0W-40 oder 5W-40, Inhalt: 3,7 Liter und Filter 0,7 Liter, Wechsel alle 15000 km\/ 12 Monate<br \/>Volkswagen (VW) (EU) Passat 2.5 V6 TDI (110 kW) (1999-2000), 5W-30 oder 5W-40, Inhalt: 6,5 Liter, Wechsel alle 15000 km\/12 Monate<br \/>Volkswagen (VW) (EU) Passat 2.5 V6 TDI (110 kW) (2000-2003), 5W-30 oder 0W-30, Inhalt: 5,4 Liter, Wechsel alle 35000 km\/ 24 Monate<br \/>Volkswagen (VW) (EU) Passat 2.5 V6 TDI (110 kW) 4Motion (1999-2000), 5W-30 oder 5W-40, Inhalt: 5,4 Liter, Wechsel alle 15000 km\/12 Monate<br \/>Volkswagen (VW) (EU) Passat 2.5 V6 TDI (110 kW) 4Motion (2000-2003), 5W-30 oder 0W-30, Inhalt: 5,4 Liter, Wechsel alle 35000 km\/ 24 Monate<br \/>Volkswagen (VW) (EU) Passat 2.5 V6 TDI (120 kW) (2003-2005), 5W-30 oder 0W-30, Inhalt: 5 Liter, Wechsel alle 35000 km\/ 24 Monate<br \/>Volkswagen (VW) (EU) Passat 2.5 V6 TDI (132 kW) 4Motion (2003-2005), 5W-30 oder 0W-30, Inhalt: 5 Liter, Wechsel alle 35000 km\/ 24 Monate<br \/>Volkswagen (VW) (EU) Passat 2.8 V6 4Motion (2000-2005), 5W-30 oder 0W-30, Inhalt: 5,5 Liter und Filter 0,5 Liter, Wechsel alle 30000 km\/ 24 Monate<br \/>Volkswagen (VW) (EU) Passat 2.8 VR6 Syncro\/4Motion (1996-2000), 5W-30, 0W-40 oder 5W-40, Inhalt: 5,7-6 Liter und Filter 0,5 Liter, Wechsel alle 15000 km\/ 12 Monate<br \/>Volkswagen (VW) (EU) Passat W8 (2001-2005), 5W-30, Inhalt: 8,3 Liter und Filter 0,5 Liter, Wechsel alle 30000 km\/ 24 Monate<\/p>\n<p><strong>Motor\u00f6l VOLKSWAGEN Passat (VW) B6 3C<\/strong><br \/>Volkswagen (VW) (EU) Passat 1.4 TSI (110 kW) EcoFuel (2009-2010)<br \/>Volkswagen (VW) (EU) Passat 1.4 TSI (90 kW) (2008-2010)<br \/>Volkswagen (VW) (EU) Passat 1.4 TSI (90 kW) BlueMotion (2009-2010)<br \/>Volkswagen (VW) (EU) Passat 1.6 (2005-2010)<br \/>Volkswagen (VW) (EU) Passat 1.6 FSI (2005-2009)<br \/>Volkswagen (VW) (EU) Passat 1.6 TDI BlueMotion (2009-2010)<br \/>Volkswagen (VW) (EU) Passat 1.8 TSI (112 kW) RUS (2008-2010)<br \/>Volkswagen (VW) (EU) Passat 1.8 TSI (118 kW) (2008-2010)<br \/>Volkswagen (VW) (EU) Passat 1.9 TDI (77 kW) (2005-2008)<br \/>Volkswagen (VW) (EU) Passat 1.9 TDI (77 kW) DPF (2005-2008)<br \/>Volkswagen (VW) (EU) Passat 1.9 TDI (77kW) (2007-2008)<br \/>Volkswagen (VW) (EU) Passat 2.0 16V FSI (2005-2010)<br \/>Volkswagen (VW) (EU) Passat 2.0 16V FSI 4Motion (2005-2010)<br \/>Volkswagen (VW) (EU) Passat 2.0 Blue TDI (105 kW) (2008-2010)<br \/>Volkswagen (VW) (EU) Passat 2.0 TDI (100 kW) (2005-2009)<br \/>Volkswagen (VW) (EU) Passat 2.0 TDI (100 kW) (2008-2010)<br \/>Volkswagen (VW) (EU) Passat 2.0 TDI (103 kW) (2005-2008)<br \/>Volkswagen (VW) (EU) Passat 2.0 TDI (103 kW) (2008-2010)<br \/>Volkswagen (VW) (EU) Passat 2.0 TDI (103 kW) 4Motion (2005-2008)<br \/>Volkswagen (VW) (EU) Passat 2.0 TDI (103 kW) 4Motion (2008-2010)<br \/>Volkswagen (VW) (EU) Passat 2.0 TDI (103 kW) DPF (2005-2009)<br \/>Volkswagen (VW) (EU) Passat 2.0 TDI (103 kW) DPF 4Motion (2005-2009)<br \/>Volkswagen (VW) (EU) Passat 2.0 TDI (120 kW) (2005-2009)<br \/>Volkswagen (VW) (EU) Passat 2.0 TDI (125 kW) (2006-2009)<br \/>Volkswagen (VW) (EU) Passat 2.0 TDI (125 kW) (2008-2010)<br \/>Volkswagen (VW) (EU) Passat 2.0 TDI (125 kW) 4Motion (2009-2010)<br \/>Volkswagen (VW) (EU) Passat 2.0 TDI (81 kW) (2008-2010)<br \/>Volkswagen (VW) (EU) Passat 2.0 TDI (81 kW) BlueMotion (2008-2010)<br \/>Volkswagen (VW) (EU) Passat 2.0 TDI (90 kW) (2005-2006)<br \/>Volkswagen (VW) (EU) Passat 2.0 TFSI (125 kW) ROK (2008-2010)<br \/>Volkswagen (VW) (EU) Passat 2.0 TFSI (147 kW) (2005-2008)<br \/>Volkswagen (VW) (EU) Passat 2.0 TFSI (147 kW) (2008-2010)<\/p>\n<p>[\/et_pb_text][\/et_pb_column][et_pb_column type=\"1_4\u2033 _builder_version=\"4.16\u2033 custom_padding=\"|||\" global_colors_info=\"{}\" custom_padding__hover=\"|||\"][et_pb_code _builder_version=\"4.14.8\u2033 _module_preset=\"default\" global_module=\"121601\u2033 saved_tabs=\"all\" global_colors_info=\"{}\"]bloom test[\/et_pb_code][\/et_pb_column][\/et_pb_row][et_pb_row _builder_version=\"4.16\u2033 _module_preset=\"default\" global_colors_info=\"{}\"][et_pb_column type=\"4_4\u2033 _builder_version=\"4.16\u2033 _module_preset=\"default\" global_colors_info=\"{}\"][et_pb_code _builder_version=\"4.14.8\u2033 _module_preset=\"default\" global_module=\"121632\u2033 saved_tabs=\"all\" global_colors_info=\"{}\"]products[\/et_pb_code][\/et_pb_column][\/et_pb_row][\/et_pb_section]<\/p>","protected":false},"excerpt":{"rendered":"<p>Welches Motor\u00f6l Volkswagen Passat (VW)Sie suchen Motor\u00f6l f\u00fcr den Volkswagen Passat (VW Passat)? Auf dieser Seite finden Sie alle Modelle, das entsprechende Motor\u00f6l und dessen Inhalt. F\u00fcr den ordnungsgem\u00e4\u00dfen Betrieb und zur Erhaltung des Motors Ihres Volkswagen Passat ist es sehr wichtig, das optimale Motor\u00f6l zu verwenden.  Nachfolgend finden Sie eine \u00dcbersicht [...]<\/p>","protected":false},"author":1,"featured_media":0,"parent":0,"menu_order":0,"comment_status":"closed","ping_status":"closed","template":"","meta":{"_et_pb_use_builder":"on","_et_pb_old_content":"","_et_gb_content_width":"","footnotes":""},"class_list":["post-139944","page","type-page","status-publish","hentry"],"yoast_head":"<!-- This site is optimized with the Yoast SEO plugin v27.3 - https:\/\/yoast.com\/product\/yoast-seo-wordpress\/ -->\n<title>Motorolie Volkswagen Passat (VW) nodig? Overzicht motorolie VW Passat<\/title>\n<meta name=\"description\" content=\"Motorolie Volkswagen Passat overzicht. Welke motorolie gebruiken voor een VW Passat? Op deze site iedere VW Passat en bijbehorende motorolie\" \/>\n<meta name=\"robots\" content=\"index, follow, max-snippet:-1, max-image-preview:large, max-video-preview:-1\" \/>\n<link rel=\"canonical\" href=\"https:\/\/autobaak.nl\/de\/motorol-volkswagen-passat-vw\/\" \/>\n<meta property=\"og:locale\" content=\"de_DE\" \/>\n<meta property=\"og:type\" content=\"article\" \/>\n<meta property=\"og:title\" content=\"Motorolie Volkswagen Passat (VW) nodig? Overzicht motorolie VW Passat\" \/>\n<meta property=\"og:description\" content=\"Motorolie Volkswagen Passat overzicht. Welke motorolie gebruiken voor een VW Passat? Op deze site iedere VW Passat en bijbehorende motorolie\" \/>\n<meta property=\"og:url\" content=\"https:\/\/autobaak.nl\/de\/motorol-volkswagen-passat-vw\/\" \/>\n<meta property=\"og:site_name\" content=\"Autobaak.nl\" \/>\n<meta property=\"article:modified_time\" content=\"2022-04-04T13:45:08+00:00\" \/>\n<meta name=\"twitter:card\" content=\"summary_large_image\" \/>\n<meta name=\"twitter:label1\" content=\"Gesch\u00e4tzte Lesezeit\" \/>\n\t<meta name=\"twitter:data1\" content=\"9\u00a0Minuten\" \/>\n<script type=\"application\/ld+json\" class=\"yoast-schema-graph\">{\"@context\":\"https:\\\/\\\/schema.org\",\"@graph\":[{\"@type\":\"WebPage\",\"@id\":\"https:\\\/\\\/autobaak.nl\\\/motorolie-volkswagen-passat-vw\\\/\",\"url\":\"https:\\\/\\\/autobaak.nl\\\/motorolie-volkswagen-passat-vw\\\/\",\"name\":\"Motorolie Volkswagen Passat (VW) nodig? Overzicht motorolie VW Passat\",\"isPartOf\":{\"@id\":\"https:\\\/\\\/autobaak.nl\\\/#website\"},\"datePublished\":\"2022-03-25T18:17:57+00:00\",\"dateModified\":\"2022-04-04T13:45:08+00:00\",\"description\":\"Motorolie Volkswagen Passat overzicht. Welke motorolie gebruiken voor een VW Passat? Op deze site iedere VW Passat en bijbehorende motorolie\",\"breadcrumb\":{\"@id\":\"https:\\\/\\\/autobaak.nl\\\/motorolie-volkswagen-passat-vw\\\/#breadcrumb\"},\"inLanguage\":\"de\",\"potentialAction\":[{\"@type\":\"ReadAction\",\"target\":[\"https:\\\/\\\/autobaak.nl\\\/motorolie-volkswagen-passat-vw\\\/\"]}]},{\"@type\":\"BreadcrumbList\",\"@id\":\"https:\\\/\\\/autobaak.nl\\\/motorolie-volkswagen-passat-vw\\\/#breadcrumb\",\"itemListElement\":[{\"@type\":\"ListItem\",\"position\":1,\"name\":\"Home\",\"item\":\"https:\\\/\\\/autobaak.nl\\\/\"},{\"@type\":\"ListItem\",\"position\":2,\"name\":\"Motorolie Volkswagen Passat (VW)\"}]},{\"@type\":\"WebSite\",\"@id\":\"https:\\\/\\\/autobaak.nl\\\/#website\",\"url\":\"https:\\\/\\\/autobaak.nl\\\/\",\"name\":\"Autobaak.nl\",\"description\":\"Cars &amp; Racing\",\"potentialAction\":[{\"@type\":\"SearchAction\",\"target\":{\"@type\":\"EntryPoint\",\"urlTemplate\":\"https:\\\/\\\/autobaak.nl\\\/?s={search_term_string}\"},\"query-input\":{\"@type\":\"PropertyValueSpecification\",\"valueRequired\":true,\"valueName\":\"search_term_string\"}}],\"inLanguage\":\"de\"}]}<\/script>\n<!-- \/ Yoast SEO plugin. -->","yoast_head_json":{"title":"Brauchen Sie Motor\u00f6l Volkswagen Passat (VW)? \u00dcbersicht Motor\u00f6l VW Passat","description":"Motor\u00f6l Volkswagen Passat \u00dcbersicht. Welches Motor\u00f6l ist f\u00fcr einen VW Passat geeignet? Auf dieser Seite wird jeder VW Passat und das dazugeh\u00f6rige Motor\u00f6l","robots":{"index":"index","follow":"follow","max-snippet":"max-snippet:-1","max-image-preview":"max-image-preview:large","max-video-preview":"max-video-preview:-1"},"canonical":"https:\/\/autobaak.nl\/de\/motorol-volkswagen-passat-vw\/","og_locale":"de_DE","og_type":"article","og_title":"Motorolie Volkswagen Passat (VW) nodig? Overzicht motorolie VW Passat","og_description":"Motorolie Volkswagen Passat overzicht. Welke motorolie gebruiken voor een VW Passat? Op deze site iedere VW Passat en bijbehorende motorolie","og_url":"https:\/\/autobaak.nl\/de\/motorol-volkswagen-passat-vw\/","og_site_name":"Autobaak.nl","article_modified_time":"2022-04-04T13:45:08+00:00","twitter_card":"summary_large_image","twitter_misc":{"Gesch\u00e4tzte Lesezeit":"9\u00a0Minuten"},"schema":{"@context":"https:\/\/schema.org","@graph":[{"@type":"WebPage","@id":"https:\/\/autobaak.nl\/motorolie-volkswagen-passat-vw\/","url":"https:\/\/autobaak.nl\/motorolie-volkswagen-passat-vw\/","name":"Brauchen Sie Motor\u00f6l Volkswagen Passat (VW)? \u00dcbersicht Motor\u00f6l VW Passat","isPartOf":{"@id":"https:\/\/autobaak.nl\/#website"},"datePublished":"2022-03-25T18:17:57+00:00","dateModified":"2022-04-04T13:45:08+00:00","description":"Motor\u00f6l Volkswagen Passat \u00dcbersicht. Welches Motor\u00f6l ist f\u00fcr einen VW Passat geeignet? Auf dieser Seite wird jeder VW Passat und das dazugeh\u00f6rige Motor\u00f6l","breadcrumb":{"@id":"https:\/\/autobaak.nl\/motorolie-volkswagen-passat-vw\/#breadcrumb"},"inLanguage":"de","potentialAction":[{"@type":"ReadAction","target":["https:\/\/autobaak.nl\/motorolie-volkswagen-passat-vw\/"]}]},{"@type":"BreadcrumbList","@id":"https:\/\/autobaak.nl\/motorolie-volkswagen-passat-vw\/#breadcrumb","itemListElement":[{"@type":"ListItem","position":1,"name":"Home","item":"https:\/\/autobaak.nl\/"},{"@type":"ListItem","position":2,"name":"Motorolie Volkswagen Passat (VW)"}]},{"@type":"WebSite","@id":"https:\/\/autobaak.nl\/#website","url":"https:\/\/autobaak.nl\/","name":"Autobook.de","description":"Autos &amp; Rennsport","potentialAction":[{"@type":"SearchAction","target":{"@type":"EntryPoint","urlTemplate":"https:\/\/autobaak.nl\/?s={search_term_string}"},"query-input":{"@type":"PropertyValueSpecification","valueRequired":true,"valueName":"search_term_string"}}],"inLanguage":"de"}]}},"_links":{"self":[{"href":"https:\/\/autobaak.nl\/de\/wp-json\/wp\/v2\/pages\/139944","targetHints":{"allow":["GET"]}}],"collection":[{"href":"https:\/\/autobaak.nl\/de\/wp-json\/wp\/v2\/pages"}],"about":[{"href":"https:\/\/autobaak.nl\/de\/wp-json\/wp\/v2\/types\/page"}],"author":[{"embeddable":true,"href":"https:\/\/autobaak.nl\/de\/wp-json\/wp\/v2\/users\/1"}],"replies":[{"embeddable":true,"href":"https:\/\/autobaak.nl\/de\/wp-json\/wp\/v2\/comments?post=139944"}],"version-history":[{"count":0,"href":"https:\/\/autobaak.nl\/de\/wp-json\/wp\/v2\/pages\/139944\/revisions"}],"wp:attachment":[{"href":"https:\/\/autobaak.nl\/de\/wp-json\/wp\/v2\/media?parent=139944"}],"curies":[{"name":"wp","href":"https:\/\/api.w.org\/{rel}","templated":true}]}}