{"id":1402,"date":"2019-04-02T15:22:38","date_gmt":"2019-04-02T15:22:38","guid":{"rendered":"https:\/\/autobaak.nl\/?page_id=1402"},"modified":"2019-04-02T15:31:36","modified_gmt":"2019-04-02T15:31:36","slug":"toyota-scheibenwischer-grosen","status":"publish","type":"page","link":"https:\/\/autobaak.nl\/de\/toyota-scheibenwischer-grosen\/","title":{"rendered":"Toyota-Scheibenwischer - Gr\u00f6\u00dfen"},"content":{"rendered":"<p>Wischergr\u00f6\u00dfen f\u00fcr Toyota-Modelle. Auf dieser Seite finden Sie die Gr\u00f6\u00dfen f\u00fcr die g\u00e4ngigsten Modelle, z. B. Aygo, Corolla, Avensis, Prius, Land Cruiser, Auris usw.<br \/>\nBitte beachten Sie, dass einige Wischermarken eine andere Gr\u00f6\u00dfe verwenden, die jedoch oft nicht mehr als 2 cm betr\u00e4gt. Daher passen sie einfach in das vorgegebene Modell.<\/p>\n<h3>Toyota Scheibenwischer \u00dcbersicht nach Modell<\/h3>\n<div id=\"tablepress-33-scroll-wrapper\" class=\"tablepress-scroll-wrapper\">\n\n<table id=\"tablepress-33\" class=\"tablepress tablepress-id-33 tablepress-responsive\">\n<thead>\n<tr class=\"row-1 odd\">\n\t<th class=\"column-1\">Modell<\/th><th class=\"column-2\">Wischer vorne links<\/th><th class=\"column-3\">Wischer vorne rechts<\/th><th class=\"column-4\">Hintere Fenster<\/th>\n<\/tr>\n<\/thead>\n<tbody class=\"row-hover\">\n<tr class=\"row-2 even\">\n\t<td class=\"column-1\">Toyota Auris (06)<\/td><td class=\"column-2\">600 mm \/ 60 cm \/ 24 Zoll<\/td><td class=\"column-3\">400 mm \/ 40 cm \/ 16 Zoll.<\/td><td class=\"column-4\"><\/td>\n<\/tr>\n<tr class=\"row-3 odd\">\n\t<td class=\"column-1\">Toyota Auris (12)<\/td><td class=\"column-2\">600 mm \/ 60 cm \/ 24 Zoll<\/td><td class=\"column-3\">350 mm \/ 35 cm \/ 14 Zoll.<\/td><td class=\"column-4\"><\/td>\n<\/tr>\n<tr class=\"row-4 even\">\n\t<td class=\"column-1\">Toyota Avensis (97)<\/td><td class=\"column-2\">525 mm \/ 52,5 cm \/ 21 Zoll. <\/td><td class=\"column-3\">450 mm \/ 45 cm \/ 18 Zoll<\/td><td class=\"column-4\">350 mm \/ 35 cm \/ 14 Zoll.<\/td>\n<\/tr>\n<tr class=\"row-5 odd\">\n\t<td class=\"column-1\">Toyota Avensis (03)<\/td><td class=\"column-2\">600 mm \/ 60 cm \/ 24 Zoll<\/td><td class=\"column-3\">400 mm \/ 40 cm \/ 16 Zoll.<\/td><td class=\"column-4\">350 mm \/ 35 cm \/ 14 Zoll.<\/td>\n<\/tr>\n<tr class=\"row-6 even\">\n\t<td class=\"column-1\">Toyota Aygo <\/td><td class=\"column-2\">650 mm \/ 65 cm \/ 26 Zoll<\/td><td class=\"column-3\"><\/td><td class=\"column-4\">275 mm \/ 27,5 cm \/ 11 Zoll.<\/td>\n<\/tr>\n<tr class=\"row-7 odd\">\n\t<td class=\"column-1\">Toyota Camry (99) <\/td><td class=\"column-2\">550 mm \/ 55 cm \/ 22 Zoll<\/td><td class=\"column-3\">500 mm \/ 50 cm \/ 20 Zoll<\/td><td class=\"column-4\"><\/td>\n<\/tr>\n<tr class=\"row-8 even\">\n\t<td class=\"column-1\">Toyota Camry (06) <\/td><td class=\"column-2\">600 mm \/ 60 cm \/ 24 Zoll<\/td><td class=\"column-3\">500 mm \/ 50 cm \/ 20 Zoll<\/td><td class=\"column-4\"><\/td>\n<\/tr>\n<tr class=\"row-9 odd\">\n\t<td class=\"column-1\">Toyota Celica Coup\u00e9<\/td><td class=\"column-2\">650 mm \/ 65 cm \/ 26 Zoll<\/td><td class=\"column-3\">400 mm \/ 40 cm \/ 16 Zoll.<\/td><td class=\"column-4\"><\/td>\n<\/tr>\n<tr class=\"row-10 even\">\n\t<td class=\"column-1\">Toyota Corolla (00)<\/td><td class=\"column-2\">550 mm \/ 55 cm \/ 22 Zoll<\/td><td class=\"column-3\">475 mm \/ 47,5 \/ 19 Zoll<\/td><td class=\"column-4\"><\/td>\n<\/tr>\n<tr class=\"row-11 odd\">\n\t<td class=\"column-1\">Toyota Corolla (06)<\/td><td class=\"column-2\">650 mm \/ 65 cm \/ 26 Zoll<\/td><td class=\"column-3\">350 mm \/ 35 cm \/ 14 Zoll.<\/td><td class=\"column-4\"><\/td>\n<\/tr>\n<tr class=\"row-12 even\">\n\t<td class=\"column-1\">Toyota Corolla Verso (04) <\/td><td class=\"column-2\">650 mm \/ 65 cm \/ 26 Zoll<\/td><td class=\"column-3\">400 mm \/ 40 cm \/ 16 Zoll.<\/td><td class=\"column-4\"><\/td>\n<\/tr>\n<tr class=\"row-13 odd\">\n\t<td class=\"column-1\">Toyota Hilux (05)<\/td><td class=\"column-2\">525 mm \/ 52,5 cm \/ 21 Zoll.<\/td><td class=\"column-3\">475 mm \/ 47,5 \/ 19 Zoll<\/td><td class=\"column-4\"><\/td>\n<\/tr>\n<tr class=\"row-14 even\">\n\t<td class=\"column-1\">Toyota IQ <\/td><td class=\"column-2\">525 mm \/ 52,5 cm \/ 21 Zoll.<\/td><td class=\"column-3\">450 mm \/ 45 cm \/ 18 Zoll<\/td><td class=\"column-4\"><\/td>\n<\/tr>\n<tr class=\"row-15 odd\">\n\t<td class=\"column-1\">Toyota Land Cruiser (J9) (96)<\/td><td class=\"column-2\">475 mm \/ 47,5 \/ 19 Zoll<\/td><td class=\"column-3\">450 mm \/ 45 cm \/ 18 Zoll<\/td><td class=\"column-4\"><\/td>\n<\/tr>\n<tr class=\"row-16 even\">\n\t<td class=\"column-1\">Toyota MR2 Cabrio (99)<\/td><td class=\"column-2\">500 mm \/ 50 cm \/ 20 Zoll<\/td><td class=\"column-3\">475 mm \/ 47,5 \/ 19 Zoll<\/td><td class=\"column-4\"><\/td>\n<\/tr>\n<tr class=\"row-17 odd\">\n\t<td class=\"column-1\">Toyota Picknick (96)<\/td><td class=\"column-2\">600 mm \/ 60 cm \/ 24 Zoll<\/td><td class=\"column-3\">400 mm \/ 40 cm \/ 16 Zoll.<\/td><td class=\"column-4\">375 mm \/ 37,5 cm \/ 15 Zoll.<\/td>\n<\/tr>\n<tr class=\"row-18 even\">\n\t<td class=\"column-1\">Toyota Prius (00)<\/td><td class=\"column-2\">600 mm \/ 60 cm \/ 24 Zoll<\/td><td class=\"column-3\">400 mm \/ 40 cm \/ 16 Zoll.<\/td><td class=\"column-4\"><\/td>\n<\/tr>\n<tr class=\"row-19 odd\">\n\t<td class=\"column-1\">Toyota Prius (03)<\/td><td class=\"column-2\">650 mm \/ 65 cm \/ 26 Zoll<\/td><td class=\"column-3\">400 mm \/ 40 cm \/ 16 Zoll.<\/td><td class=\"column-4\"><\/td>\n<\/tr>\n<tr class=\"row-20 even\">\n\t<td class=\"column-1\">Toyota Prius +<\/td><td class=\"column-2\">650 mm \/ 65 cm \/ 26 Zoll<\/td><td class=\"column-3\">375 mm \/ 37,5 cm \/ 15 Zoll.<\/td><td class=\"column-4\"><\/td>\n<\/tr>\n<tr class=\"row-21 odd\">\n\t<td class=\"column-1\">Toyota RAVA4 (00)<\/td><td class=\"column-2\">600 mm \/ 60 cm \/ 24 Zoll<\/td><td class=\"column-3\">475 mm \/ 47,5 \/ 19 Zoll<\/td><td class=\"column-4\"><\/td>\n<\/tr>\n<tr class=\"row-22 even\">\n\t<td class=\"column-1\">Toyota RAVA4 (05)<\/td><td class=\"column-2\">600 mm \/ 60 cm \/ 24 Zoll<\/td><td class=\"column-3\">400 mm \/ 40 cm \/ 16 Zoll.<\/td><td class=\"column-4\"><\/td>\n<\/tr>\n<tr class=\"row-23 odd\">\n\t<td class=\"column-1\">Toyota Starlet (96)<\/td><td class=\"column-2\">500 mm \/ 50 cm \/ 20 Zoll<\/td><td class=\"column-3\">450 mm \/ 45 cm \/ 18 Zoll<\/td><td class=\"column-4\"><\/td>\n<\/tr>\n<tr class=\"row-24 even\">\n\t<td class=\"column-1\">Toyota Urban Cruiser (09) <\/td><td class=\"column-2\">600 mm \/ 60 cm \/ 24 Zoll<\/td><td class=\"column-3\">350 mm \/ 35 cm \/ 14 Zoll.<\/td><td class=\"column-4\"><\/td>\n<\/tr>\n<tr class=\"row-25 odd\">\n\t<td class=\"column-1\">Toyota Verso<\/td><td class=\"column-2\">650 mm \/ 65 cm \/ 26 Zoll<\/td><td class=\"column-3\">400 mm \/ 40 cm \/ 16 Zoll.<\/td><td class=\"column-4\"><\/td>\n<\/tr>\n<tr class=\"row-26 even\">\n\t<td class=\"column-1\">Toyota Yaris (99) <\/td><td class=\"column-2\">525 mm \/ 52,5 cm \/ 21 Zoll. <\/td><td class=\"column-3\">375 mm \/ 37,5 cm \/ 15 Zoll.<\/td><td class=\"column-4\"><\/td>\n<\/tr>\n<tr class=\"row-27 odd\">\n\t<td class=\"column-1\">Toyota Yaris (05) <\/td><td class=\"column-2\">600 mm \/ 60 cm \/ 24 Zoll<\/td><td class=\"column-3\">350 mm \/ 35 cm \/ 14 Zoll.<\/td><td class=\"column-4\"><\/td>\n<\/tr>\n<tr class=\"row-28 even\">\n\t<td class=\"column-1\">Toyota Yaris Verso (99) <\/td><td class=\"column-2\">550 mm \/ 55 cm \/ 22 Zoll<\/td><td class=\"column-3\">400 mm \/ 40 cm \/ 16 Zoll.<\/td><td class=\"column-4\"><\/td>\n<\/tr>\n<\/tbody>\n<\/table>\n\n<\/div><!-- #tablepress-33 from cache -->","protected":false},"excerpt":{"rendered":"<p>Wischergr\u00f6\u00dfen f\u00fcr Toyota-Modelle. Auf dieser Seite die Gr\u00f6\u00dfen f\u00fcr die beliebtesten Modelle, einschlie\u00dflich Aygo, Corolla, Avensis, Prius, Land Cruiser, Auris usw. Bitte beachten Sie, dass einige Wischermarken eine andere Gr\u00f6\u00dfe verwenden, aber dies ist oft nicht mehr als 2 cm. Sie passen daher einfach auf das vorgeschriebene Modell. Toyota-Scheibenwischer-\u00dcbersicht pro Modell<\/p>","protected":false},"author":1,"featured_media":0,"parent":0,"menu_order":0,"comment_status":"closed","ping_status":"closed","template":"","meta":{"_et_pb_use_builder":"","_et_pb_old_content":"","_et_gb_content_width":"","footnotes":""},"class_list":["post-1402","page","type-page","status-publish","hentry"],"yoast_head":"<!-- This site is optimized with the Yoast SEO plugin v27.4 - https:\/\/yoast.com\/product\/yoast-seo-wordpress\/ -->\n<title>Ruitenwissers Toyota - maten - o.a. Aygo, Auris, Corolla, Verso, Yaris<\/title>\n<meta name=\"description\" content=\"Ruitenwisser maten overzicht voor Toyota. De meest populaire modellen van dit automerk in dit overzicht. O.a. de Aygo, Landcruiser, Avensis, Auris\" \/>\n<meta name=\"robots\" content=\"index, follow, max-snippet:-1, max-image-preview:large, max-video-preview:-1\" \/>\n<link rel=\"canonical\" href=\"https:\/\/autobaak.nl\/de\/toyota-scheibenwischer-grosen\/\" \/>\n<meta property=\"og:locale\" content=\"de_DE\" \/>\n<meta property=\"og:type\" content=\"article\" \/>\n<meta property=\"og:title\" content=\"Ruitenwissers Toyota - maten - o.a. Aygo, Auris, Corolla, Verso, Yaris\" \/>\n<meta property=\"og:description\" content=\"Ruitenwisser maten overzicht voor Toyota. De meest populaire modellen van dit automerk in dit overzicht. O.a. de Aygo, Landcruiser, Avensis, Auris\" \/>\n<meta property=\"og:url\" content=\"https:\/\/autobaak.nl\/de\/toyota-scheibenwischer-grosen\/\" \/>\n<meta property=\"og:site_name\" content=\"Autobaak.nl\" \/>\n<meta property=\"article:modified_time\" content=\"2019-04-02T15:31:36+00:00\" \/>\n<meta name=\"twitter:card\" content=\"summary_large_image\" \/>\n<script type=\"application\/ld+json\" class=\"yoast-schema-graph\">{\"@context\":\"https:\\\/\\\/schema.org\",\"@graph\":[{\"@type\":\"WebPage\",\"@id\":\"https:\\\/\\\/autobaak.nl\\\/ruitenwissers-toyota-maten\\\/\",\"url\":\"https:\\\/\\\/autobaak.nl\\\/ruitenwissers-toyota-maten\\\/\",\"name\":\"Ruitenwissers Toyota - maten - o.a. Aygo, Auris, Corolla, Verso, Yaris\",\"isPartOf\":{\"@id\":\"https:\\\/\\\/autobaak.nl\\\/#website\"},\"datePublished\":\"2019-04-02T15:22:38+00:00\",\"dateModified\":\"2019-04-02T15:31:36+00:00\",\"description\":\"Ruitenwisser maten overzicht voor Toyota. De meest populaire modellen van dit automerk in dit overzicht. O.a. de Aygo, Landcruiser, Avensis, Auris\",\"breadcrumb\":{\"@id\":\"https:\\\/\\\/autobaak.nl\\\/ruitenwissers-toyota-maten\\\/#breadcrumb\"},\"inLanguage\":\"de\",\"potentialAction\":[{\"@type\":\"ReadAction\",\"target\":[\"https:\\\/\\\/autobaak.nl\\\/ruitenwissers-toyota-maten\\\/\"]}]},{\"@type\":\"BreadcrumbList\",\"@id\":\"https:\\\/\\\/autobaak.nl\\\/ruitenwissers-toyota-maten\\\/#breadcrumb\",\"itemListElement\":[{\"@type\":\"ListItem\",\"position\":1,\"name\":\"Home\",\"item\":\"https:\\\/\\\/autobaak.nl\\\/\"},{\"@type\":\"ListItem\",\"position\":2,\"name\":\"Ruitenwissers Toyota &#8211; maten\"}]},{\"@type\":\"WebSite\",\"@id\":\"https:\\\/\\\/autobaak.nl\\\/#website\",\"url\":\"https:\\\/\\\/autobaak.nl\\\/\",\"name\":\"Autobaak.nl\",\"description\":\"Cars &amp; Racing\",\"potentialAction\":[{\"@type\":\"SearchAction\",\"target\":{\"@type\":\"EntryPoint\",\"urlTemplate\":\"https:\\\/\\\/autobaak.nl\\\/?s={search_term_string}\"},\"query-input\":{\"@type\":\"PropertyValueSpecification\",\"valueRequired\":true,\"valueName\":\"search_term_string\"}}],\"inLanguage\":\"de\"}]}<\/script>\n<!-- \/ Yoast SEO plugin. -->","yoast_head_json":{"title":"Toyota-Scheibenwischer - Gr\u00f6\u00dfen - u.a. Aygo, Auris, Corolla, Verso, Yaris","description":"\u00dcbersicht der Scheibenwischergr\u00f6\u00dfen f\u00fcr Toyota. Die beliebtesten Modelle dieser Automarke in dieser \u00dcbersicht. u.a. der Aygo, Landcruiser, Avensis, Auris","robots":{"index":"index","follow":"follow","max-snippet":"max-snippet:-1","max-image-preview":"max-image-preview:large","max-video-preview":"max-video-preview:-1"},"canonical":"https:\/\/autobaak.nl\/de\/toyota-scheibenwischer-grosen\/","og_locale":"de_DE","og_type":"article","og_title":"Ruitenwissers Toyota - maten - o.a. Aygo, Auris, Corolla, Verso, Yaris","og_description":"Ruitenwisser maten overzicht voor Toyota. De meest populaire modellen van dit automerk in dit overzicht. O.a. de Aygo, Landcruiser, Avensis, Auris","og_url":"https:\/\/autobaak.nl\/de\/toyota-scheibenwischer-grosen\/","og_site_name":"Autobaak.nl","article_modified_time":"2019-04-02T15:31:36+00:00","twitter_card":"summary_large_image","schema":{"@context":"https:\/\/schema.org","@graph":[{"@type":"WebPage","@id":"https:\/\/autobaak.nl\/ruitenwissers-toyota-maten\/","url":"https:\/\/autobaak.nl\/ruitenwissers-toyota-maten\/","name":"Toyota-Scheibenwischer - Gr\u00f6\u00dfen - u.a. Aygo, Auris, Corolla, Verso, Yaris","isPartOf":{"@id":"https:\/\/autobaak.nl\/#website"},"datePublished":"2019-04-02T15:22:38+00:00","dateModified":"2019-04-02T15:31:36+00:00","description":"\u00dcbersicht der Scheibenwischergr\u00f6\u00dfen f\u00fcr Toyota. Die beliebtesten Modelle dieser Automarke in dieser \u00dcbersicht. u.a. der Aygo, Landcruiser, Avensis, Auris","breadcrumb":{"@id":"https:\/\/autobaak.nl\/ruitenwissers-toyota-maten\/#breadcrumb"},"inLanguage":"de","potentialAction":[{"@type":"ReadAction","target":["https:\/\/autobaak.nl\/ruitenwissers-toyota-maten\/"]}]},{"@type":"BreadcrumbList","@id":"https:\/\/autobaak.nl\/ruitenwissers-toyota-maten\/#breadcrumb","itemListElement":[{"@type":"ListItem","position":1,"name":"Home","item":"https:\/\/autobaak.nl\/"},{"@type":"ListItem","position":2,"name":"Ruitenwissers Toyota &#8211; maten"}]},{"@type":"WebSite","@id":"https:\/\/autobaak.nl\/#website","url":"https:\/\/autobaak.nl\/","name":"Autobook.de","description":"Autos &amp; Rennsport","potentialAction":[{"@type":"SearchAction","target":{"@type":"EntryPoint","urlTemplate":"https:\/\/autobaak.nl\/?s={search_term_string}"},"query-input":{"@type":"PropertyValueSpecification","valueRequired":true,"valueName":"search_term_string"}}],"inLanguage":"de"}]}},"_links":{"self":[{"href":"https:\/\/autobaak.nl\/de\/wp-json\/wp\/v2\/pages\/1402","targetHints":{"allow":["GET"]}}],"collection":[{"href":"https:\/\/autobaak.nl\/de\/wp-json\/wp\/v2\/pages"}],"about":[{"href":"https:\/\/autobaak.nl\/de\/wp-json\/wp\/v2\/types\/page"}],"author":[{"embeddable":true,"href":"https:\/\/autobaak.nl\/de\/wp-json\/wp\/v2\/users\/1"}],"replies":[{"embeddable":true,"href":"https:\/\/autobaak.nl\/de\/wp-json\/wp\/v2\/comments?post=1402"}],"version-history":[{"count":0,"href":"https:\/\/autobaak.nl\/de\/wp-json\/wp\/v2\/pages\/1402\/revisions"}],"wp:attachment":[{"href":"https:\/\/autobaak.nl\/de\/wp-json\/wp\/v2\/media?parent=1402"}],"curies":[{"name":"wp","href":"https:\/\/api.w.org\/{rel}","templated":true}]}}