{"id":1404,"date":"2019-04-03T15:57:06","date_gmt":"2019-04-03T15:57:06","guid":{"rendered":"https:\/\/autobaak.nl\/?page_id=1404"},"modified":"2022-07-01T20:56:41","modified_gmt":"2022-07-01T18:56:41","slug":"scheibenwischer-vw-grosen","status":"publish","type":"page","link":"https:\/\/autobaak.nl\/de\/scheibenwischer-vw-grosen\/","title":{"rendered":"VW-Scheibenwischer - Gr\u00f6\u00dfen"},"content":{"rendered":"<p>Wischergr\u00f6\u00dfen f\u00fcr die Modelle von Volkswagen. Auf dieser Seite die Gr\u00f6\u00dfen der beliebtesten Modelle, einschlie\u00dflich UP, Lupo, Polo, Golf, Passat, Tiguan, Touran usw.<br \/>\nBitte beachten Sie, dass einige Wischermarken eine andere Gr\u00f6\u00dfe verwenden, die jedoch oft nicht mehr als 2 cm betr\u00e4gt. Daher passen sie einfach in das vorgegebene Modell.<\/p>\n<h3>Volkswagen Scheibenwischer \u00dcbersicht pro Modell<\/h3>\n<div id=\"tablepress-35-scroll-wrapper\" class=\"tablepress-scroll-wrapper\">\n\n<table id=\"tablepress-35\" class=\"tablepress tablepress-id-35 tablepress-responsive\">\n<thead>\n<tr class=\"row-1 odd\">\n\t<th class=\"column-1\">Modell<\/th><th class=\"column-2\">Wischer vorne links<\/th><th class=\"column-3\">Wischer vorne rechts<\/th><th class=\"column-4\">Hintere Fenster<\/th>\n<\/tr>\n<\/thead>\n<tbody class=\"row-hover\">\n<tr class=\"row-2 even\">\n\t<td class=\"column-1\">VW Caddy (95) <\/td><td class=\"column-2\">525 mm \/ 52,5 cm \/ 21 Zoll.<\/td><td class=\"column-3\">450 mm \/ 45 cm \/ 18 Zoll<\/td><td class=\"column-4\">450 mm \/ 45 cm \/ 18 Zoll<\/td>\n<\/tr>\n<tr class=\"row-3 odd\">\n\t<td class=\"column-1\">VW Caddy (06)<\/td><td class=\"column-2\">600 mm \/ 24 cm \/ 24 Zoll.<\/td><td class=\"column-3\">450 mm \/ 45 cm \/ 18 Zoll<\/td><td class=\"column-4\">400 mm \/ 40 cm \/ 16 Zoll.<\/td>\n<\/tr>\n<tr class=\"row-4 even\">\n\t<td class=\"column-1\">VW Crafter (06)<\/td><td class=\"column-2\">675 mm \/ 675 cm \/ 26 in. <\/td><td class=\"column-3\">600 mm \/ 60 cm \/ 24 Zoll<\/td><td class=\"column-4\"><\/td>\n<\/tr>\n<tr class=\"row-5 odd\">\n\t<td class=\"column-1\">VW EOS <\/td><td class=\"column-2\">600 mm \/ 24 cm \/ 24 Zoll.<\/td><td class=\"column-3\">475 mm \/ 47,5 cm \/ 19 Zoll.<\/td><td class=\"column-4\"><\/td>\n<\/tr>\n<tr class=\"row-6 even\">\n\t<td class=\"column-1\">VW-Fuchs<\/td><td class=\"column-2\">525 mm \/ 52,5 cm \/ 21 Zoll.<\/td><td class=\"column-3\">375 mm \/ 37,5 cm \/ 15 Zoll.<\/td><td class=\"column-4\"><\/td>\n<\/tr>\n<tr class=\"row-7 odd\">\n\t<td class=\"column-1\">VW Golf 2 (86)<\/td><td class=\"column-2\">450 mm \/ 45 cm \/ 18 Zoll<\/td><td class=\"column-3\">450 mm \/ 45 cm \/ 18 Zoll<\/td><td class=\"column-4\"><\/td>\n<\/tr>\n<tr class=\"row-8 even\">\n\t<td class=\"column-1\">VW Golf 3 (91)<\/td><td class=\"column-2\">525 mm \/ 52,5 cm \/ 21 Zoll.<\/td><td class=\"column-3\">475 mm \/ 47,5 cm \/ 19 Zoll.<\/td><td class=\"column-4\">350 mm \/ 35 cm \/ 14 Zoll.<\/td>\n<\/tr>\n<tr class=\"row-9 odd\">\n\t<td class=\"column-1\">VW Golf 4 (97) <\/td><td class=\"column-2\">525 mm \/ 52,5 cm \/ 21 Zoll.<\/td><td class=\"column-3\">475 mm \/ 47,5 cm \/ 19 Zoll.<\/td><td class=\"column-4\">350 mm \/ 35 cm \/ 14 Zoll.<\/td>\n<\/tr>\n<tr class=\"row-10 even\">\n\t<td class=\"column-1\">VW Golf Plus <\/td><td class=\"column-2\">700 mm \/ 70 cm \/ 28 Zoll <\/td><td class=\"column-3\">700 mm \/ 70 cm \/ 28 Zoll <\/td><td class=\"column-4\">330 mm \/ 33 cm \/ 13 Zoll.<\/td>\n<\/tr>\n<tr class=\"row-11 odd\">\n\t<td class=\"column-1\">VW Golf 5 (03)<\/td><td class=\"column-2\">600 mm \/ 24 cm \/ 24 Zoll.<\/td><td class=\"column-3\">475 mm \/ 47,5 cm \/ 19 Zoll.<\/td><td class=\"column-4\">330 mm \/ 33 cm \/ 13 Zoll.<\/td>\n<\/tr>\n<tr class=\"row-12 even\">\n\t<td class=\"column-1\">VW Golf 6 (08)<\/td><td class=\"column-2\">600 mm \/ 24 cm \/ 24 Zoll.<\/td><td class=\"column-3\">475 mm \/ 47,5 cm \/ 19 Zoll.<\/td><td class=\"column-4\">330 mm \/ 33 cm \/ 13 Zoll.<\/td>\n<\/tr>\n<tr class=\"row-13 odd\">\n\t<td class=\"column-1\">VW Jetta (05)<\/td><td class=\"column-2\">600 mm \/ 24 cm \/ 24 Zoll.<\/td><td class=\"column-3\">475 mm \/ 47,5 cm \/ 19 Zoll.<\/td><td class=\"column-4\"><\/td>\n<\/tr>\n<tr class=\"row-14 even\">\n\t<td class=\"column-1\">VW LT (96) <\/td><td class=\"column-2\">600 mm \/ 24 cm \/ 24 Zoll.<\/td><td class=\"column-3\">525 mm \/ 52,5 cm \/ 21 Zoll. <\/td><td class=\"column-4\"><\/td>\n<\/tr>\n<tr class=\"row-15 odd\">\n\t<td class=\"column-1\">VW Lupo<\/td><td class=\"column-2\">475 mm \/ 47,5 cm \/ 19 Zoll.<\/td><td class=\"column-3\">450 mm \/ 45 cm \/ 18 Zoll<\/td><td class=\"column-4\"><\/td>\n<\/tr>\n<tr class=\"row-16 even\">\n\t<td class=\"column-1\">VW T5 (03) <\/td><td class=\"column-2\">600 mm \/ 24 cm \/ 24 Zoll.<\/td><td class=\"column-3\">600 mm \/ 24 cm \/ 24 Zoll.<\/td><td class=\"column-4\">400 mm \/ 40 cm \/ 16 Zoll.<\/td>\n<\/tr>\n<tr class=\"row-17 odd\">\n\t<td class=\"column-1\">VW Passat (96)<\/td><td class=\"column-2\">525 mm \/ 52,5 cm \/ 21 Zoll.<\/td><td class=\"column-3\">525 mm \/ 52,5 cm \/ 21 Zoll.<\/td><td class=\"column-4\">375 mm \/ 37,5 cm \/ 15 Zoll.<\/td>\n<\/tr>\n<tr class=\"row-18 even\">\n\t<td class=\"column-1\">VW Passat (05)<\/td><td class=\"column-2\">600 mm \/ 24 cm \/ 24 Zoll.<\/td><td class=\"column-3\">475 mm \/ 47,5 cm \/ 19 Zoll.<\/td><td class=\"column-4\"><\/td>\n<\/tr>\n<tr class=\"row-19 odd\">\n\t<td class=\"column-1\">VW Polo (94)<\/td><td class=\"column-2\">475 mm \/ 47,5 cm \/ 19 Zoll.<\/td><td class=\"column-3\">475 mm \/ 47,5 cm \/ 19 Zoll.<\/td><td class=\"column-4\"><\/td>\n<\/tr>\n<tr class=\"row-20 even\">\n\t<td class=\"column-1\">VW Polo (01) <\/td><td class=\"column-2\">525 mm \/ 52,5 cm \/ 21 Zoll.<\/td><td class=\"column-3\">475 mm \/ 47,5 cm \/ 19 Zoll.<\/td><td class=\"column-4\"><\/td>\n<\/tr>\n<tr class=\"row-21 odd\">\n\t<td class=\"column-1\">VW Polo (02) <\/td><td class=\"column-2\">525 mm \/ 52,5 cm \/ 21 Zoll.<\/td><td class=\"column-3\">400 mm \/ 40 cm \/ 17 Zoll<\/td><td class=\"column-4\"><\/td>\n<\/tr>\n<tr class=\"row-22 even\">\n\t<td class=\"column-1\">VW Polo (05) <\/td><td class=\"column-2\">525 mm \/ 52,5 cm \/ 21 Zoll.<\/td><td class=\"column-3\">475 mm \/ 47,5 cm \/ 19 Zoll.<\/td><td class=\"column-4\"><\/td>\n<\/tr>\n<tr class=\"row-23 odd\">\n\t<td class=\"column-1\">VW Polo (09) <\/td><td class=\"column-2\">600 mm \/ 60 cm \/ 24 Zoll<\/td><td class=\"column-3\">400 mm \/ 40 cm \/ 16 Zoll.<\/td><td class=\"column-4\"><\/td>\n<\/tr>\n<tr class=\"row-24 even\">\n\t<td class=\"column-1\">VW Scirocco (08) <\/td><td class=\"column-2\">600 mm \/ 60 cm \/ 24 Zoll<\/td><td class=\"column-3\">475 mm \/ 47,5 cm \/ 19 Zoll.<\/td><td class=\"column-4\"><\/td>\n<\/tr>\n<tr class=\"row-25 odd\">\n\t<td class=\"column-1\">VW Sharan<\/td><td class=\"column-2\">700 mm \/ 70 cm \/ 28 Zoll <\/td><td class=\"column-3\">700 mm \/ 70 cm \/ 28 Zoll <\/td><td class=\"column-4\"><\/td>\n<\/tr>\n<tr class=\"row-26 even\">\n\t<td class=\"column-1\">VW Tiguan <\/td><td class=\"column-2\">600 mm \/ 60 cm \/ 24 Zoll<\/td><td class=\"column-3\">525 mm \/ 52,5 cm \/ 21 Zoll.<\/td><td class=\"column-4\">330 mm \/ 33 cm \/ 13 Zoll.<\/td>\n<\/tr>\n<tr class=\"row-27 odd\">\n\t<td class=\"column-1\">VW Touareg<\/td><td class=\"column-2\">650 mm \/ 65 cm \/ 26 Zoll<\/td><td class=\"column-3\">650 mm \/ 65 cm \/ 26 Zoll<\/td><td class=\"column-4\">330 mm \/ 33 cm \/ 13 Zoll.<\/td>\n<\/tr>\n<tr class=\"row-28 even\">\n\t<td class=\"column-1\">VW Touran <\/td><td class=\"column-2\">600 mm \/ 60 cm \/ 24 Zoll<\/td><td class=\"column-3\">450 mm \/ 45 cm \/ 18 Zoll<\/td><td class=\"column-4\">400 mm \/ 40 cm \/ 16 Zoll.<\/td>\n<\/tr>\n<tr class=\"row-29 odd\">\n\t<td class=\"column-1\">VW UP<\/td><td class=\"column-2\">600 mm \/ 60 cm \/ 24 Zoll<\/td><td class=\"column-3\">400 mm \/ 40 cm \/ 16 Zoll.<\/td><td class=\"column-4\"><\/td>\n<\/tr>\n<tr class=\"row-30 even\">\n\t<td class=\"column-1\">VW Vento<\/td><td class=\"column-2\">525 mm \/ 52,5 cm \/ 21 Zoll.<\/td><td class=\"column-3\">475 mm \/ 47,5 cm \/ 19 Zoll.<\/td><td class=\"column-4\"><\/td>\n<\/tr>\n<\/tbody>\n<\/table>\n\n<\/div><!-- #tablepress-35 from cache -->","protected":false},"excerpt":{"rendered":"<p>Scheibenwischergr\u00f6\u00dfen f\u00fcr Volkswagen Modelle. Auf dieser Seite die Gr\u00f6\u00dfen f\u00fcr die beliebtesten Modelle, einschlie\u00dflich UP, Lupo, Polo, Golf, Passat, Tiguan, Touran usw. Bitte beachten Sie, dass einige Wischermarken eine andere Gr\u00f6\u00dfe verwenden, die aber oft nicht mehr als 2 cm betr\u00e4gt. Sie passen also einfach auf das vorgeschriebene Modell. Volkswagen-Scheibenwischer-\u00dcbersicht pro Modell<\/p>","protected":false},"author":1,"featured_media":0,"parent":0,"menu_order":0,"comment_status":"closed","ping_status":"closed","template":"","meta":{"_et_pb_use_builder":"","_et_pb_old_content":"","_et_gb_content_width":"","footnotes":""},"class_list":["post-1404","page","type-page","status-publish","hentry"],"yoast_head":"<!-- This site is optimized with the Yoast SEO plugin v27.5 - https:\/\/yoast.com\/product\/yoast-seo-wordpress\/ -->\n<title>Ruitenwissers VW - maten - o.a. UP, Polo, Golf, Passat, Tiguan<\/title>\n<meta name=\"description\" content=\"Ruitenwisser maten overzicht voor Volkswagen. De meest populaire modellen van dit automerk in dit overzicht. O.a. de Up, Golf, Polo, Passat, Touran\" \/>\n<meta name=\"robots\" content=\"index, follow, max-snippet:-1, max-image-preview:large, max-video-preview:-1\" \/>\n<link rel=\"canonical\" href=\"https:\/\/autobaak.nl\/de\/scheibenwischer-vw-grosen\/\" \/>\n<meta property=\"og:locale\" content=\"de_DE\" \/>\n<meta property=\"og:type\" content=\"article\" \/>\n<meta property=\"og:title\" content=\"Ruitenwissers VW - maten - o.a. UP, Polo, Golf, Passat, Tiguan\" \/>\n<meta property=\"og:description\" content=\"Ruitenwisser maten overzicht voor Volkswagen. De meest populaire modellen van dit automerk in dit overzicht. O.a. de Up, Golf, Polo, Passat, Touran\" \/>\n<meta property=\"og:url\" content=\"https:\/\/autobaak.nl\/de\/scheibenwischer-vw-grosen\/\" \/>\n<meta property=\"og:site_name\" content=\"Autobaak.nl\" \/>\n<meta property=\"article:modified_time\" content=\"2022-07-01T18:56:41+00:00\" \/>\n<meta name=\"twitter:card\" content=\"summary_large_image\" \/>\n<script type=\"application\/ld+json\" class=\"yoast-schema-graph\">{\"@context\":\"https:\\\/\\\/schema.org\",\"@graph\":[{\"@type\":\"WebPage\",\"@id\":\"https:\\\/\\\/autobaak.nl\\\/ruitenwissers-vw-maten\\\/\",\"url\":\"https:\\\/\\\/autobaak.nl\\\/ruitenwissers-vw-maten\\\/\",\"name\":\"Ruitenwissers VW - maten - o.a. UP, Polo, Golf, Passat, Tiguan\",\"isPartOf\":{\"@id\":\"https:\\\/\\\/autobaak.nl\\\/#website\"},\"datePublished\":\"2019-04-03T15:57:06+00:00\",\"dateModified\":\"2022-07-01T18:56:41+00:00\",\"description\":\"Ruitenwisser maten overzicht voor Volkswagen. De meest populaire modellen van dit automerk in dit overzicht. O.a. de Up, Golf, Polo, Passat, Touran\",\"breadcrumb\":{\"@id\":\"https:\\\/\\\/autobaak.nl\\\/ruitenwissers-vw-maten\\\/#breadcrumb\"},\"inLanguage\":\"de\",\"potentialAction\":[{\"@type\":\"ReadAction\",\"target\":[\"https:\\\/\\\/autobaak.nl\\\/ruitenwissers-vw-maten\\\/\"]}]},{\"@type\":\"BreadcrumbList\",\"@id\":\"https:\\\/\\\/autobaak.nl\\\/ruitenwissers-vw-maten\\\/#breadcrumb\",\"itemListElement\":[{\"@type\":\"ListItem\",\"position\":1,\"name\":\"Home\",\"item\":\"https:\\\/\\\/autobaak.nl\\\/\"},{\"@type\":\"ListItem\",\"position\":2,\"name\":\"Ruitenwissers VW &#8211; maten\"}]},{\"@type\":\"WebSite\",\"@id\":\"https:\\\/\\\/autobaak.nl\\\/#website\",\"url\":\"https:\\\/\\\/autobaak.nl\\\/\",\"name\":\"Autobaak.nl\",\"description\":\"Cars &amp; Racing\",\"potentialAction\":[{\"@type\":\"SearchAction\",\"target\":{\"@type\":\"EntryPoint\",\"urlTemplate\":\"https:\\\/\\\/autobaak.nl\\\/?s={search_term_string}\"},\"query-input\":{\"@type\":\"PropertyValueSpecification\",\"valueRequired\":true,\"valueName\":\"search_term_string\"}}],\"inLanguage\":\"de\"}]}<\/script>\n<!-- \/ Yoast SEO plugin. -->","yoast_head_json":{"title":"VW-Scheibenwischer - Gr\u00f6\u00dfen - einschlie\u00dflich UP, Polo, Golf, Passat, Tiguan","description":"\u00dcbersicht der Scheibenwischergr\u00f6\u00dfen f\u00fcr Volkswagen. Die beliebtesten Modelle dieser Automarke in dieser \u00dcbersicht. Einschlie\u00dflich Up, Golf, Polo, Passat, Touran","robots":{"index":"index","follow":"follow","max-snippet":"max-snippet:-1","max-image-preview":"max-image-preview:large","max-video-preview":"max-video-preview:-1"},"canonical":"https:\/\/autobaak.nl\/de\/scheibenwischer-vw-grosen\/","og_locale":"de_DE","og_type":"article","og_title":"Ruitenwissers VW - maten - o.a. UP, Polo, Golf, Passat, Tiguan","og_description":"Ruitenwisser maten overzicht voor Volkswagen. De meest populaire modellen van dit automerk in dit overzicht. O.a. de Up, Golf, Polo, Passat, Touran","og_url":"https:\/\/autobaak.nl\/de\/scheibenwischer-vw-grosen\/","og_site_name":"Autobaak.nl","article_modified_time":"2022-07-01T18:56:41+00:00","twitter_card":"summary_large_image","schema":{"@context":"https:\/\/schema.org","@graph":[{"@type":"WebPage","@id":"https:\/\/autobaak.nl\/ruitenwissers-vw-maten\/","url":"https:\/\/autobaak.nl\/ruitenwissers-vw-maten\/","name":"VW-Scheibenwischer - Gr\u00f6\u00dfen - einschlie\u00dflich UP, Polo, Golf, Passat, Tiguan","isPartOf":{"@id":"https:\/\/autobaak.nl\/#website"},"datePublished":"2019-04-03T15:57:06+00:00","dateModified":"2022-07-01T18:56:41+00:00","description":"\u00dcbersicht der Scheibenwischergr\u00f6\u00dfen f\u00fcr Volkswagen. Die beliebtesten Modelle dieser Automarke in dieser \u00dcbersicht. Einschlie\u00dflich Up, Golf, Polo, Passat, Touran","breadcrumb":{"@id":"https:\/\/autobaak.nl\/ruitenwissers-vw-maten\/#breadcrumb"},"inLanguage":"de","potentialAction":[{"@type":"ReadAction","target":["https:\/\/autobaak.nl\/ruitenwissers-vw-maten\/"]}]},{"@type":"BreadcrumbList","@id":"https:\/\/autobaak.nl\/ruitenwissers-vw-maten\/#breadcrumb","itemListElement":[{"@type":"ListItem","position":1,"name":"Home","item":"https:\/\/autobaak.nl\/"},{"@type":"ListItem","position":2,"name":"Ruitenwissers VW &#8211; maten"}]},{"@type":"WebSite","@id":"https:\/\/autobaak.nl\/#website","url":"https:\/\/autobaak.nl\/","name":"Autobook.de","description":"Autos &amp; Rennsport","potentialAction":[{"@type":"SearchAction","target":{"@type":"EntryPoint","urlTemplate":"https:\/\/autobaak.nl\/?s={search_term_string}"},"query-input":{"@type":"PropertyValueSpecification","valueRequired":true,"valueName":"search_term_string"}}],"inLanguage":"de"}]}},"_links":{"self":[{"href":"https:\/\/autobaak.nl\/de\/wp-json\/wp\/v2\/pages\/1404","targetHints":{"allow":["GET"]}}],"collection":[{"href":"https:\/\/autobaak.nl\/de\/wp-json\/wp\/v2\/pages"}],"about":[{"href":"https:\/\/autobaak.nl\/de\/wp-json\/wp\/v2\/types\/page"}],"author":[{"embeddable":true,"href":"https:\/\/autobaak.nl\/de\/wp-json\/wp\/v2\/users\/1"}],"replies":[{"embeddable":true,"href":"https:\/\/autobaak.nl\/de\/wp-json\/wp\/v2\/comments?post=1404"}],"version-history":[{"count":0,"href":"https:\/\/autobaak.nl\/de\/wp-json\/wp\/v2\/pages\/1404\/revisions"}],"wp:attachment":[{"href":"https:\/\/autobaak.nl\/de\/wp-json\/wp\/v2\/media?parent=1404"}],"curies":[{"name":"wp","href":"https:\/\/api.w.org\/{rel}","templated":true}]}}