{"id":1412,"date":"2019-04-03T16:02:52","date_gmt":"2019-04-03T16:02:52","guid":{"rendered":"https:\/\/autobaak.nl\/?page_id=1412"},"modified":"2022-07-01T20:55:58","modified_gmt":"2022-07-01T18:55:58","slug":"volvo-wischer-grosen","status":"publish","type":"page","link":"https:\/\/autobaak.nl\/de\/volvo-wischer-grosen\/","title":{"rendered":"Volvo-Scheibenwischer - Gr\u00f6\u00dfen"},"content":{"rendered":"<p>Scheibenwischergr\u00f6\u00dfen f\u00fcr Volvo-Modelle. Auf dieser Seite die Gr\u00f6\u00dfen der beliebtesten Modelle, z.B. C30, V40, V70, Xc60. XC90, V60, S60, V50 usw.<br \/>\nBitte beachten Sie, dass einige Wischermarken eine andere Gr\u00f6\u00dfe verwenden, die jedoch oft nicht mehr als 2 cm betr\u00e4gt. Daher passen sie einfach in das vorgegebene Modell.<\/p>\n<h3>\u00dcbersicht der Volvo-Scheibenwischer nach Modell<\/h3>\n<div id=\"tablepress-34-scroll-wrapper\" class=\"tablepress-scroll-wrapper\">\n\n<table id=\"tablepress-34\" class=\"tablepress tablepress-id-34 tablepress-responsive\">\n<thead>\n<tr class=\"row-1 odd\">\n\t<th class=\"column-1\">Modell<\/th><th class=\"column-2\">Wischer vorne links<\/th><th class=\"column-3\">Wischer vorne rechts<\/th><th class=\"column-4\">Hintere Fenster<\/th>\n<\/tr>\n<\/thead>\n<tbody class=\"row-hover\">\n<tr class=\"row-2 even\">\n\t<td class=\"column-1\">Volvo C30 <\/td><td class=\"column-2\">650 mm \/ 65 cm \/ 26 Zoll<\/td><td class=\"column-3\">500 mm \/ 50 cm \/ 20 Zoll<\/td><td class=\"column-4\"><\/td>\n<\/tr>\n<tr class=\"row-3 odd\">\n\t<td class=\"column-1\">Volvo C70 <\/td><td class=\"column-2\">525 mm \/ 52,5 cm \/ 21 Zoll.<\/td><td class=\"column-3\">525 mm \/ 52,5 cm \/ 21 Zoll.<\/td><td class=\"column-4\"><\/td>\n<\/tr>\n<tr class=\"row-4 even\">\n\t<td class=\"column-1\">Volvo S und V40 (95) <\/td><td class=\"column-2\">500 mm \/ 50 cm \/ 20 Zoll<\/td><td class=\"column-3\">500 mm \/ 50 cm \/ 20 Zoll<\/td><td class=\"column-4\">400 \/ 40 cm \/ 16 Zoll<\/td>\n<\/tr>\n<tr class=\"row-5 odd\">\n\t<td class=\"column-1\">Volvo S40 (03)<\/td><td class=\"column-2\">650 mm \/ 65 cm \/ 26 Zoll<\/td><td class=\"column-3\">500 mm \/ 50 cm \/ 20 Zoll<\/td><td class=\"column-4\"><\/td>\n<\/tr>\n<tr class=\"row-6 even\">\n\t<td class=\"column-1\">Volvo S60 (00)<\/td><td class=\"column-2\">600 mm \/ 60 cm \/ 24 Zoll<\/td><td class=\"column-3\">525 mm \/ 52,5 cm \/ 21 Zoll.<\/td><td class=\"column-4\"><\/td>\n<\/tr>\n<tr class=\"row-7 odd\">\n\t<td class=\"column-1\">Volvo S60 (10)<\/td><td class=\"column-2\">650 mm \/ 65 cm \/ 26 Zoll<\/td><td class=\"column-3\">500 mm \/ 50 cm \/ 20 Zoll<\/td><td class=\"column-4\"><\/td>\n<\/tr>\n<tr class=\"row-8 even\">\n\t<td class=\"column-1\">Volvo S70 <\/td><td class=\"column-2\">525 mm \/ 52,5 cm \/ 21 Zoll.<\/td><td class=\"column-3\">525 mm \/ 52,5 cm \/ 21 Zoll.<\/td><td class=\"column-4\"><\/td>\n<\/tr>\n<tr class=\"row-9 odd\">\n\t<td class=\"column-1\">Volvo S80 (98)<\/td><td class=\"column-2\">600 mm \/ 60 cm \/ 24 Zoll<\/td><td class=\"column-3\">525 mm \/ 52,5 cm \/ 21 Zoll.<\/td><td class=\"column-4\"><\/td>\n<\/tr>\n<tr class=\"row-10 even\">\n\t<td class=\"column-1\">Volvo S80 (06)<\/td><td class=\"column-2\">650 mm \/ 65 cm \/ 26 Zoll<\/td><td class=\"column-3\">500 mm \/ 50 cm \/ 20 Zoll<\/td><td class=\"column-4\"><\/td>\n<\/tr>\n<tr class=\"row-11 odd\">\n\t<td class=\"column-1\">Volvo S90 <\/td><td class=\"column-2\">525 mm \/ 52,5 cm \/ 21 Zoll.<\/td><td class=\"column-3\">525 mm \/ 52,5 cm \/ 21 Zoll.<\/td><td class=\"column-4\"><\/td>\n<\/tr>\n<tr class=\"row-12 even\">\n\t<td class=\"column-1\">Volvo V40 (12)<\/td><td class=\"column-2\">650 mm \/ 65 cm \/ 26 Zoll<\/td><td class=\"column-3\">500 mm \/ 50 cm \/ 20 Zoll<\/td><td class=\"column-4\"><\/td>\n<\/tr>\n<tr class=\"row-13 odd\">\n\t<td class=\"column-1\">Volvo V50 <\/td><td class=\"column-2\">650 mm \/ 65 cm \/ 26 Zoll<\/td><td class=\"column-3\">500 mm \/ 50 cm \/ 20 Zoll<\/td><td class=\"column-4\"><\/td>\n<\/tr>\n<tr class=\"row-14 even\">\n\t<td class=\"column-1\">Volvo V60 <\/td><td class=\"column-2\">650 mm \/ 65 cm \/ 26 Zoll<\/td><td class=\"column-3\">500 mm \/ 50 cm \/ 20 Zoll<\/td><td class=\"column-4\"><\/td>\n<\/tr>\n<tr class=\"row-15 odd\">\n\t<td class=\"column-1\">Volvo V70 (97)<\/td><td class=\"column-2\">525 mm \/ 52,5 cm \/ 21 Zoll.<\/td><td class=\"column-3\">525 mm \/ 52,5 cm \/ 21 Zoll.<\/td><td class=\"column-4\">400 mm \/ 40 cm \/ 16 Zoll.<\/td>\n<\/tr>\n<tr class=\"row-16 even\">\n\t<td class=\"column-1\">Volvo V70 (00) <\/td><td class=\"column-2\">600 mm \/ 60 cm \/ 24 Zoll<\/td><td class=\"column-3\">525 mm \/ 52,5 cm \/ 21 Zoll.<\/td><td class=\"column-4\">375 mm \/ 37,5 \/ 15 Zoll<\/td>\n<\/tr>\n<tr class=\"row-17 odd\">\n\t<td class=\"column-1\">Volvo V70 (07)<\/td><td class=\"column-2\">650 mm \/ 65 cm \/ 26 Zoll<\/td><td class=\"column-3\">500 mm \/ 50 cm \/ 20 Zoll<\/td><td class=\"column-4\">350 mm \/ 35 cm \/ 14 Zoll.<\/td>\n<\/tr>\n<tr class=\"row-18 even\">\n\t<td class=\"column-1\">Volvo V90 (97)<\/td><td class=\"column-2\">525 mm \/ 52,5 cm \/ 21 Zoll.<\/td><td class=\"column-3\">525 mm \/ 52,5 cm \/ 21 Zoll.<\/td><td class=\"column-4\"><\/td>\n<\/tr>\n<tr class=\"row-19 odd\">\n\t<td class=\"column-1\">Volvo XC60 <\/td><td class=\"column-2\">650 mm \/ 65 cm \/ 26 Zoll<\/td><td class=\"column-3\">500 mm \/ 50 cm \/ 20 Zoll<\/td><td class=\"column-4\"><\/td>\n<\/tr>\n<tr class=\"row-20 even\">\n\t<td class=\"column-1\">Volvo XC70 (02)<\/td><td class=\"column-2\">600 mm \/ 60 cm \/ 24 Zoll<\/td><td class=\"column-3\">525 mm \/ 52,5 cm \/ 21 Zoll.<\/td><td class=\"column-4\"><\/td>\n<\/tr>\n<tr class=\"row-21 odd\">\n\t<td class=\"column-1\">Volvo XC70 (07)<\/td><td class=\"column-2\">650 mm \/ 65 cm \/ 26 Zoll<\/td><td class=\"column-3\">500 mm \/ 50 cm \/ 20 Zoll<\/td><td class=\"column-4\"><\/td>\n<\/tr>\n<tr class=\"row-22 even\">\n\t<td class=\"column-1\">Volvo XC90<\/td><td class=\"column-2\">600 mm \/ 60 cm \/ 24 Zoll<\/td><td class=\"column-3\">500 mm \/ 50 cm \/ 20 Zoll<\/td><td class=\"column-4\"><\/td>\n<\/tr>\n<tr class=\"row-23 odd\">\n\t<td class=\"column-1\">Volvo 740 <\/td><td class=\"column-2\">500 mm \/ 50 cm \/ 20 Zoll<\/td><td class=\"column-3\">500 mm \/ 50 cm \/ 20 Zoll<\/td><td class=\"column-4\">350 mm \/ 35 cm \/ 14 Zoll.<\/td>\n<\/tr>\n<tr class=\"row-24 even\">\n\t<td class=\"column-1\">Volvo 850 <\/td><td class=\"column-2\">525 mm \/ 52,5 cm \/ 21 Zoll.<\/td><td class=\"column-3\">525 mm \/ 52,5 cm \/ 21 Zoll.<\/td><td class=\"column-4\">400 mm \/ 40 cm \/ 16 Zoll.<\/td>\n<\/tr>\n<tr class=\"row-25 odd\">\n\t<td class=\"column-1\">Volvo 940<\/td><td class=\"column-2\">500 mm \/ 50 cm \/ 20 Zoll<\/td><td class=\"column-3\">500 mm \/ 50 cm \/ 20 Zoll<\/td><td class=\"column-4\"><\/td>\n<\/tr>\n<\/tbody>\n<\/table>\n\n<\/div><!-- #tablepress-34 from cache -->","protected":false},"excerpt":{"rendered":"<p>Gr\u00f6\u00dfen der Scheibenwischer f\u00fcr Volvo-Modelle. Auf dieser Seite die Gr\u00f6\u00dfen f\u00fcr die beliebtesten Modelle, einschlie\u00dflich C30, V40, V70, Xc60. XC90, V60, S60, V50 usw. Bitte beachten Sie, dass einige Wischermarken eine andere Gr\u00f6\u00dfe verwenden, aber dies ist oft nicht mehr als 2 cm. Sie passen daher einfach auf das vorgeschriebene Modell. Volvo Wischer \u00dcbersicht von<\/p>","protected":false},"author":1,"featured_media":0,"parent":0,"menu_order":0,"comment_status":"closed","ping_status":"closed","template":"","meta":{"_et_pb_use_builder":"","_et_pb_old_content":"","_et_gb_content_width":"","footnotes":""},"class_list":["post-1412","page","type-page","status-publish","hentry"],"yoast_head":"<!-- This site is optimized with the Yoast SEO plugin v27.4 - https:\/\/yoast.com\/product\/yoast-seo-wordpress\/ -->\n<title>Ruitenwissers Volvo - maten - o.a. C30, V40, V60, XC60, XC90<\/title>\n<meta name=\"description\" content=\"Ruitenwisser maten overzicht voor Volvo. De meest populaire modellen van dit automerk in dit overzicht. O.a. de C30, V40, S60, V60, XC60, XC90, V50 etc.\" \/>\n<meta name=\"robots\" content=\"index, follow, max-snippet:-1, max-image-preview:large, max-video-preview:-1\" \/>\n<link rel=\"canonical\" href=\"https:\/\/autobaak.nl\/de\/volvo-wischer-grosen\/\" \/>\n<meta property=\"og:locale\" content=\"de_DE\" \/>\n<meta property=\"og:type\" content=\"article\" \/>\n<meta property=\"og:title\" content=\"Ruitenwissers Volvo - maten - o.a. C30, V40, V60, XC60, XC90\" \/>\n<meta property=\"og:description\" content=\"Ruitenwisser maten overzicht voor Volvo. De meest populaire modellen van dit automerk in dit overzicht. O.a. de C30, V40, S60, V60, XC60, XC90, V50 etc.\" \/>\n<meta property=\"og:url\" content=\"https:\/\/autobaak.nl\/de\/volvo-wischer-grosen\/\" \/>\n<meta property=\"og:site_name\" content=\"Autobaak.nl\" \/>\n<meta property=\"article:modified_time\" content=\"2022-07-01T18:55:58+00:00\" \/>\n<meta name=\"twitter:card\" content=\"summary_large_image\" \/>\n<script type=\"application\/ld+json\" class=\"yoast-schema-graph\">{\"@context\":\"https:\\\/\\\/schema.org\",\"@graph\":[{\"@type\":\"WebPage\",\"@id\":\"https:\\\/\\\/autobaak.nl\\\/ruitenwissers-volvo-maten\\\/\",\"url\":\"https:\\\/\\\/autobaak.nl\\\/ruitenwissers-volvo-maten\\\/\",\"name\":\"Ruitenwissers Volvo - maten - o.a. C30, V40, V60, XC60, XC90\",\"isPartOf\":{\"@id\":\"https:\\\/\\\/autobaak.nl\\\/#website\"},\"datePublished\":\"2019-04-03T16:02:52+00:00\",\"dateModified\":\"2022-07-01T18:55:58+00:00\",\"description\":\"Ruitenwisser maten overzicht voor Volvo. De meest populaire modellen van dit automerk in dit overzicht. O.a. de C30, V40, S60, V60, XC60, XC90, V50 etc.\",\"breadcrumb\":{\"@id\":\"https:\\\/\\\/autobaak.nl\\\/ruitenwissers-volvo-maten\\\/#breadcrumb\"},\"inLanguage\":\"de\",\"potentialAction\":[{\"@type\":\"ReadAction\",\"target\":[\"https:\\\/\\\/autobaak.nl\\\/ruitenwissers-volvo-maten\\\/\"]}]},{\"@type\":\"BreadcrumbList\",\"@id\":\"https:\\\/\\\/autobaak.nl\\\/ruitenwissers-volvo-maten\\\/#breadcrumb\",\"itemListElement\":[{\"@type\":\"ListItem\",\"position\":1,\"name\":\"Home\",\"item\":\"https:\\\/\\\/autobaak.nl\\\/\"},{\"@type\":\"ListItem\",\"position\":2,\"name\":\"Ruitenwissers Volvo &#8211; maten\"}]},{\"@type\":\"WebSite\",\"@id\":\"https:\\\/\\\/autobaak.nl\\\/#website\",\"url\":\"https:\\\/\\\/autobaak.nl\\\/\",\"name\":\"Autobaak.nl\",\"description\":\"Cars &amp; Racing\",\"potentialAction\":[{\"@type\":\"SearchAction\",\"target\":{\"@type\":\"EntryPoint\",\"urlTemplate\":\"https:\\\/\\\/autobaak.nl\\\/?s={search_term_string}\"},\"query-input\":{\"@type\":\"PropertyValueSpecification\",\"valueRequired\":true,\"valueName\":\"search_term_string\"}}],\"inLanguage\":\"de\"}]}<\/script>\n<!-- \/ Yoast SEO plugin. -->","yoast_head_json":{"title":"Scheibenwischer Volvo - Gr\u00f6\u00dfen - u.a. C30, V40, V60, XC60, XC90","description":"\u00dcbersicht der Scheibenwischergr\u00f6\u00dfen f\u00fcr Volvo. Die beliebtesten Modelle dieser Automarke in dieser \u00dcbersicht. Dazu geh\u00f6ren der C30, V40, S60, V60, XC60, XC90, V50 usw.","robots":{"index":"index","follow":"follow","max-snippet":"max-snippet:-1","max-image-preview":"max-image-preview:large","max-video-preview":"max-video-preview:-1"},"canonical":"https:\/\/autobaak.nl\/de\/volvo-wischer-grosen\/","og_locale":"de_DE","og_type":"article","og_title":"Ruitenwissers Volvo - maten - o.a. C30, V40, V60, XC60, XC90","og_description":"Ruitenwisser maten overzicht voor Volvo. De meest populaire modellen van dit automerk in dit overzicht. O.a. de C30, V40, S60, V60, XC60, XC90, V50 etc.","og_url":"https:\/\/autobaak.nl\/de\/volvo-wischer-grosen\/","og_site_name":"Autobaak.nl","article_modified_time":"2022-07-01T18:55:58+00:00","twitter_card":"summary_large_image","schema":{"@context":"https:\/\/schema.org","@graph":[{"@type":"WebPage","@id":"https:\/\/autobaak.nl\/ruitenwissers-volvo-maten\/","url":"https:\/\/autobaak.nl\/ruitenwissers-volvo-maten\/","name":"Scheibenwischer Volvo - Gr\u00f6\u00dfen - u.a. C30, V40, V60, XC60, XC90","isPartOf":{"@id":"https:\/\/autobaak.nl\/#website"},"datePublished":"2019-04-03T16:02:52+00:00","dateModified":"2022-07-01T18:55:58+00:00","description":"\u00dcbersicht der Scheibenwischergr\u00f6\u00dfen f\u00fcr Volvo. Die beliebtesten Modelle dieser Automarke in dieser \u00dcbersicht. Dazu geh\u00f6ren der C30, V40, S60, V60, XC60, XC90, V50 usw.","breadcrumb":{"@id":"https:\/\/autobaak.nl\/ruitenwissers-volvo-maten\/#breadcrumb"},"inLanguage":"de","potentialAction":[{"@type":"ReadAction","target":["https:\/\/autobaak.nl\/ruitenwissers-volvo-maten\/"]}]},{"@type":"BreadcrumbList","@id":"https:\/\/autobaak.nl\/ruitenwissers-volvo-maten\/#breadcrumb","itemListElement":[{"@type":"ListItem","position":1,"name":"Home","item":"https:\/\/autobaak.nl\/"},{"@type":"ListItem","position":2,"name":"Ruitenwissers Volvo &#8211; maten"}]},{"@type":"WebSite","@id":"https:\/\/autobaak.nl\/#website","url":"https:\/\/autobaak.nl\/","name":"Autobook.de","description":"Autos &amp; Rennsport","potentialAction":[{"@type":"SearchAction","target":{"@type":"EntryPoint","urlTemplate":"https:\/\/autobaak.nl\/?s={search_term_string}"},"query-input":{"@type":"PropertyValueSpecification","valueRequired":true,"valueName":"search_term_string"}}],"inLanguage":"de"}]}},"_links":{"self":[{"href":"https:\/\/autobaak.nl\/de\/wp-json\/wp\/v2\/pages\/1412","targetHints":{"allow":["GET"]}}],"collection":[{"href":"https:\/\/autobaak.nl\/de\/wp-json\/wp\/v2\/pages"}],"about":[{"href":"https:\/\/autobaak.nl\/de\/wp-json\/wp\/v2\/types\/page"}],"author":[{"embeddable":true,"href":"https:\/\/autobaak.nl\/de\/wp-json\/wp\/v2\/users\/1"}],"replies":[{"embeddable":true,"href":"https:\/\/autobaak.nl\/de\/wp-json\/wp\/v2\/comments?post=1412"}],"version-history":[{"count":0,"href":"https:\/\/autobaak.nl\/de\/wp-json\/wp\/v2\/pages\/1412\/revisions"}],"wp:attachment":[{"href":"https:\/\/autobaak.nl\/de\/wp-json\/wp\/v2\/media?parent=1412"}],"curies":[{"name":"wp","href":"https:\/\/api.w.org\/{rel}","templated":true}]}}