{"id":149837,"date":"2022-04-21T11:29:56","date_gmt":"2022-04-21T09:29:56","guid":{"rendered":"https:\/\/autobaak.nl\/?page_id=149837"},"modified":"2022-09-23T14:29:38","modified_gmt":"2022-09-23T12:29:38","slug":"motorol-volkswagen-golf-7-vw","status":"publish","type":"page","link":"https:\/\/autobaak.nl\/de\/motorol-volkswagen-golf-7-vw\/","title":{"rendered":"Motor\u00f6l Volkswagen Golf 7 (VW)"},"content":{"rendered":"<p>[et_pb_section fb_built=\"1\u2033 custom_padding_last_edited=\"on|desktop\" admin_label=\"Section\" _builder_version=\"4.16\u2033 background_colour=\"#0c71c3\u2033 custom_padding_tablet=\"50px|0|50px|0\u2033 custom_padding_phone=\"50px|0|50px|0\u2033 transparent_background=\"off\" padding_mobile=\"off\" make_fullwidth=\"off\" use_custom_width=\"off\" width_unit=\"on\" global_colors_info=\"{}\"][et_pb_row admin_label=\"Row\" _builder_version=\"4.16\u2033 background_size=\"initial\" background_position=\"top_left\" background_repeat=\"repeat\" global_colors_info=\"{}\"][et_pb_column type=\"4_4\u2033 _builder_version=\"4.16\u2033 custom_padding=\"|||\" global_colors_info=\"{}\" custom_padding__hover=\"|||\"][et_pb_text admin_label=\"Text\" _builder_version=\"4.17.1\u2033 background_size=\"initial\" background_position=\"top_left\" background_repeat=\"repeat\" text_orientation=\"centre\" background_layout=\"dark\" module_alignment=\"centre\" use_border_color=\"off\" border_color=\"#ffffff\" border_style=\"solid\" global_colors_info=\"{}\"]<\/p>\n<h1 style=\"text-align: center;\">Welches Motor\u00f6l Volkswagen Golf 7 (VW)<\/h1>\n<p>[\/et_pb_text][\/et_pb_column][\/et_pb_row][\/et_pb_section][et_pb_section fb_built=\"1\u2033 admin_label=\"Section\" _builder_version=\"4.16\u2033 global_colors_info=\"{}\"][et_pb_row admin_label=\"Row\" _builder_version=\"4.16\u2033 background_size=\"initial\" background_position=\"top_left\" background_repeat=\"repeat\" global_colors_info=\"{}\"][et_pb_column type=\"4_4\u2033 _builder_version=\"4.16\u2033 custom_padding=\"|||\" global_colors_info=\"{}\" custom_padding__hover=\"||||\"][et_pb_text admin_label=\"Text\" _builder_version=\"4.18.0\u2033 background_size=\"initial\" background_position=\"top_left\" background_repeat=\"repeat\" custom_padding=\"||0px|||\" use_border_colour=\"off\" border_colour=\"#ffffff\" border_style=\"solid\" global_colors_info=\"{}\"]<\/p>\n<p>Sie suchen Motor\u00f6l f\u00fcr den Volkswagen Golf 7? Auf dieser Seite finden Sie eine \u00dcbersicht \u00fcber alle Modelle, das entsprechende Motor\u00f6l und dessen Inhaltsstoffe. Nach der Premiere auf dem Pariser Autosalon 2012 rollte Ende desselben Jahres die siebte Generation des VW Golf zu den H\u00e4ndlern. Wie gewohnt tritt der Golf aus Wolfsburg vor allem gegen Opel Astra, Ford Focus und Renault M\u00e9gane an. An den Karosserieformen hat sich im Vergleich zum Vorg\u00e4nger nichts ge\u00e4ndert. Auch nach dem rasanten Verkauf des Evergreens hat sich kaum etwas getan. Neu ist jedoch die Elektroversion des Golf, die 2013 auf den Markt kam. Das Leistungsspektrum der Motorenpalette reicht vom Einstiegsmodell mit 86 PS \u00fcber den GTI mit 220 PS bis hin zum Topmodell Golf R mit satten 300 PS. Bei den TDI-Motoren steht ein Leistungsspektrum von 90 bis 184 PS zur Verf\u00fcgung. Alle Informationen \u00fcber den VW Golf VII finden Sie auf dieser Seite.\u00a0<\/p>\n<p>[\/et_pb_text][et_pb_text admin_label=\"Text\" _builder_version=\"4.17.1\u2033 background_size=\"initial\" background_position=\"top_left\" background_repeat=\"repeat\" use_border_color=\"off\" border_color=\"#ffffff\" border_style=\"solid\" global_colors_info=\"{}\"]<\/p>\n<h2>Motor\u00f6l Volkswagen Golf 7 (VW)<\/h2>\n<table style=\"height: 2680px; width: 580px;\" width=\"440\">\n<tbody>\n<tr style=\"height: 23px;\">\n<td style=\"height: 23px; width: 571.354px;\"><strong>Motor\u00f6l VOLKSWAGEN GOLF VII 5G1<\/strong><\/td>\n<\/tr>\n<tr style=\"height: 23px;\">\n<td style=\"height: 23px; width: 571.354px;\">Volkswagen (VW) (EU) Golf VII 1.0 TSI (63 kW) (2017-2018)<\/td>\n<\/tr>\n<tr style=\"height: 23px;\">\n<td style=\"height: 23px; width: 571.354px;\">Volkswagen (VW) (EU) Golf VII 1.0 TSI (63 kW) PF (2018-2019)<\/td>\n<\/tr>\n<tr style=\"height: 23px;\">\n<td style=\"height: 23px; width: 571.354px;\">Volkswagen (VW) (EU) Golf VII 1.0 TSI (81 kW) (2017-2020)<\/td>\n<\/tr>\n<tr style=\"height: 23px;\">\n<td style=\"height: 23px; width: 571.354px;\">Volkswagen (VW) (EU) Golf VII 1.0 TSI (81 kW) PF (2018-2020)<\/td>\n<\/tr>\n<tr style=\"height: 23px;\">\n<td style=\"height: 23px; width: 571.354px;\">Volkswagen (VW) (EU) Golf VII 1.0 TSI (85 kW) (2015-2017)<\/td>\n<\/tr>\n<tr style=\"height: 23px;\">\n<td style=\"height: 23px; width: 571.354px;\">Volkswagen (VW) (EU) Golf VII 1.0 TSI (85 kW) (2017-2018)<\/td>\n<\/tr>\n<tr style=\"height: 23px;\">\n<td style=\"height: 23px; width: 571.354px;\">Volkswagen (VW) (EU) Golf VII 1.0 TSI (85 kW) PF (2018-2020)<\/td>\n<\/tr>\n<tr style=\"height: 23px;\">\n<td style=\"height: 23px; width: 571.354px;\">Volkswagen (VW) (EU) Golf VII 1.2 TSI (63 kW) (2012-2013)<\/td>\n<\/tr>\n<tr style=\"height: 23px;\">\n<td style=\"height: 23px; width: 571.354px;\">Volkswagen (VW) (EU) Golf VII 1.2 TSI (63 kW) (2013-2017)<\/td>\n<\/tr>\n<tr style=\"height: 23px;\">\n<td style=\"height: 23px; width: 571.354px;\">Volkswagen (VW) (EU) Golf VII 1.2 TSI (77 kW) (2012-2013)<\/td>\n<\/tr>\n<tr style=\"height: 23px;\">\n<td style=\"height: 23px; width: 571.354px;\">Volkswagen (VW) (EU) Golf VII 1.2 TSI (77 kW) (2013-2017)<\/td>\n<\/tr>\n<tr style=\"height: 23px;\">\n<td style=\"height: 23px; width: 571.354px;\">Volkswagen (VW) (EU) Golf VII 1.2 TSI (77 kW) (2017-2020)<\/td>\n<\/tr>\n<tr style=\"height: 23px;\">\n<td style=\"height: 23px; width: 571.354px;\">Volkswagen (VW) (EU) Golf VII 1.2 TSI (81 kW) (2014-2017)<\/td>\n<\/tr>\n<tr style=\"height: 23px;\">\n<td style=\"height: 23px; width: 571.354px;\">Volkswagen (VW) (EU) Golf VII 1.2 TSI (81 kW) (2017-2020)<\/td>\n<\/tr>\n<tr style=\"height: 23px;\">\n<td style=\"height: 23px; width: 571.354px;\">Volkswagen (VW) (EU) Golf VII 1.4 GTE Hybrid (2014-2020)<\/td>\n<\/tr>\n<tr style=\"height: 23px;\">\n<td style=\"height: 23px; width: 571.354px;\">Volkswagen (VW) (EU) Golf VII 1.4 GTE Hybrid (2019-2020)<\/td>\n<\/tr>\n<tr style=\"height: 23px;\">\n<td style=\"height: 23px; width: 571.354px;\">Volkswagen (VW) (EU) Golf VII 1.4 TGI (81 kW) (2013-2017)<\/td>\n<\/tr>\n<tr style=\"height: 23px;\">\n<td style=\"height: 23px; width: 571.354px;\">Volkswagen (VW) (EU) Golf VII 1.4 TGI (81 kW) (2017-2018)<\/td>\n<\/tr>\n<tr style=\"height: 23px;\">\n<td style=\"height: 23px; width: 571.354px;\">Volkswagen (VW) (EU) Golf VII 1.4 TSI (103 kW) (2012-2014)<\/td>\n<\/tr>\n<tr style=\"height: 23px;\">\n<td style=\"height: 23px; width: 571.354px;\">Volkswagen (VW) (EU) Golf VII 1.4 TSI (103 kW) (2014-2017)<\/td>\n<\/tr>\n<tr style=\"height: 23px;\">\n<td style=\"height: 23px; width: 571.354px;\">Volkswagen (VW) (EU) Golf VII 1.4 TSI (103 kW) (2017-2020)<\/td>\n<\/tr>\n<tr style=\"height: 23px;\">\n<td style=\"height: 23px; width: 571.354px;\">Volkswagen (VW) (EU) Golf VII 1.4 TSI (110 kW) (2014-2017)<\/td>\n<\/tr>\n<tr style=\"height: 23px;\">\n<td style=\"height: 23px; width: 571.354px;\">Volkswagen (VW) (EU) Golf VII 1.4 TSI (110 kW) (2017-2020)<\/td>\n<\/tr>\n<tr style=\"height: 23px;\">\n<td style=\"height: 23px; width: 571.354px;\">Volkswagen (VW) (EU) Golf VII 1.4 TSI (90 kW) (2012-2014)<\/td>\n<\/tr>\n<tr style=\"height: 23px;\">\n<td style=\"height: 23px; width: 571.354px;\">Volkswagen (VW) (EU) Golf VII 1.4 TSI (90 kW) (2014-2017)<\/td>\n<\/tr>\n<tr style=\"height: 23px;\">\n<td style=\"height: 23px; width: 571.354px;\">Volkswagen (VW) (EU) Golf VII 1.4 TSI (92 kW) (2014-2017)<\/td>\n<\/tr>\n<tr style=\"height: 23px;\">\n<td style=\"height: 23px; width: 571.354px;\">Volkswagen (VW) (EU) Golf VII 1.4 TSI (92 kW) (2017-2020)<\/td>\n<\/tr>\n<tr style=\"height: 23px;\">\n<td style=\"height: 23px; width: 571.354px;\">Volkswagen (VW) (EU) Golf VII 1.4 TSI ACT (103 kW) (2012-2014)<\/td>\n<\/tr>\n<tr style=\"height: 23px;\">\n<td style=\"height: 23px; width: 571.354px;\">Volkswagen (VW) (EU) Golf VII 1.4 TSI ACT (103 kW) (2014-2017)<\/td>\n<\/tr>\n<tr style=\"height: 23px;\">\n<td style=\"height: 23px; width: 571.354px;\">Volkswagen (VW) (EU) Golf VII 1.4 TSI ACT (103 kW) (2017-2020)<\/td>\n<\/tr>\n<tr style=\"height: 47px;\">\n<td style=\"height: 47px; width: 571.354px;\">Volkswagen (VW) (EU) Golf VII 1.4 TSI MultiFuel (90 kW) (2012-2014)<\/td>\n<\/tr>\n<tr style=\"height: 47px;\">\n<td style=\"height: 47px; width: 571.354px;\">Volkswagen (VW) (EU) Golf VII 1.4 TSI MultiFuel (90 kW) (2014-2017)<\/td>\n<\/tr>\n<tr style=\"height: 47px;\">\n<td style=\"height: 47px; width: 571.354px;\">Volkswagen (VW) (EU) Golf VII 1.4 TSI MultiFuel (92 kW) (2014-2018)<\/td>\n<\/tr>\n<tr style=\"height: 23px;\">\n<td style=\"height: 23px; width: 571.354px;\">Volkswagen (VW) (EU) Golf VII 1.5 TGI (96 kW) (2019-2020)<\/td>\n<\/tr>\n<tr style=\"height: 23px;\">\n<td style=\"height: 23px; width: 571.354px;\">Volkswagen (VW) (EU) Golf VII 1.5 TSI (110 kW) (2017-2019)<\/td>\n<\/tr>\n<tr style=\"height: 23px;\">\n<td style=\"height: 23px; width: 571.354px;\">Volkswagen (VW) (EU) Golf VII 1.5 TSI (110 kW) PF (2018-2019)<\/td>\n<\/tr>\n<tr style=\"height: 23px;\">\n<td style=\"height: 23px; width: 571.354px;\">Volkswagen (VW) (EU) Golf VII 1.5 TSI (110 kW) PF (2019-2020)<\/td>\n<\/tr>\n<tr style=\"height: 23px;\">\n<td style=\"height: 23px; width: 571.354px;\">Volkswagen (VW) (EU) Golf VII 1.5 TSI (96 kW) (2017-2019)<\/td>\n<\/tr>\n<tr style=\"height: 23px;\">\n<td style=\"height: 23px; width: 571.354px;\">Volkswagen (VW) (EU) Golf VII 1.5 TSI (96 kW) PF (2018-2019)<\/td>\n<\/tr>\n<tr style=\"height: 23px;\">\n<td style=\"height: 23px; width: 571.354px;\">Volkswagen (VW) (EU) Golf VII 1.5 TSI (96 kW) PF (2019-2020)<\/td>\n<\/tr>\n<tr style=\"height: 23px;\">\n<td style=\"height: 23px; width: 571.354px;\">Volkswagen (VW) (EU) Golf VII 1.6 (81 kW) (2014-2020)<\/td>\n<\/tr>\n<tr style=\"height: 23px;\">\n<td style=\"height: 23px; width: 571.354px;\">Volkswagen (VW) (EU) Golf VII 1.6 TDI (66 kW) (2013-2014)<\/td>\n<\/tr>\n<tr style=\"height: 23px;\">\n<td style=\"height: 23px; width: 571.354px;\">Volkswagen (VW) (EU) Golf VII 1.6 TDI (66 kW) (2014-2018)<\/td>\n<\/tr>\n<tr style=\"height: 23px;\">\n<td style=\"height: 23px; width: 571.354px;\">Volkswagen (VW) (EU) Golf VII 1.6 TDI (77 kW) (2012-2014)<\/td>\n<\/tr>\n<tr style=\"height: 23px;\">\n<td style=\"height: 23px; width: 571.354px;\">Volkswagen (VW) (EU) Golf VII 1.6 TDI (77 kW) (2014-2017)<\/td>\n<\/tr>\n<tr style=\"height: 23px;\">\n<td style=\"height: 23px; width: 571.354px;\">Volkswagen (VW) (EU) Golf VII 1.6 TDI (77 kW) (2017-2018)<\/td>\n<\/tr>\n<tr style=\"height: 23px;\">\n<td style=\"height: 23px; width: 571.354px;\">Volkswagen (VW) (EU) Golf VII 1.6 TDI (77 kW) 4Motion (2012-2014)<\/td>\n<\/tr>\n<tr style=\"height: 23px;\">\n<td style=\"height: 23px; width: 571.354px;\">Volkswagen (VW) (EU) Golf VII 1.6 TDI (77 kW) 4Motion (2014-2018)<\/td>\n<\/tr>\n<tr style=\"height: 23px;\">\n<td style=\"height: 23px; width: 571.354px;\">Volkswagen (VW) (EU) Golf VII 1.6 TDI (81 kW) (2013-2014)<\/td>\n<\/tr>\n<tr style=\"height: 23px;\">\n<td style=\"height: 23px; width: 571.354px;\">Volkswagen (VW) (EU) Golf VII 1.6 TDI (81 kW) (2014-2017)<\/td>\n<\/tr>\n<tr style=\"height: 23px;\">\n<td style=\"height: 23px; width: 571.354px;\">Volkswagen (VW) (EU) Golf VII 1.6 TDI (81 kW) 4Motion (2013-2014)<\/td>\n<\/tr>\n<tr style=\"height: 23px;\">\n<td style=\"height: 23px; width: 571.354px;\">Volkswagen (VW) (EU) Golf VII 1.6 TDI (81 kW) 4Motion (2014-2017)<\/td>\n<\/tr>\n<tr style=\"height: 23px;\">\n<td style=\"height: 23px; width: 571.354px;\">Volkswagen (VW) (EU) Golf VII 1.6 TDI (85 kW) (2017-2020)<\/td>\n<\/tr>\n<tr style=\"height: 23px;\">\n<td style=\"height: 23px; width: 571.354px;\">Volkswagen (VW) (EU) Golf VII 2.0 GTI Clubsport S (2016-2018)<\/td>\n<\/tr>\n<tr style=\"height: 47px;\">\n<td style=\"height: 47px; width: 571.354px;\">Volkswagen (VW) (EU) Golf VII 2.0 GTI TCR (213 kW) PF (2018-2020)<\/td>\n<\/tr>\n<tr style=\"height: 23px;\">\n<td style=\"height: 23px; width: 571.354px;\">Volkswagen (VW) (EU) Golf VII 2.0 TDI (105 kW) (2012-2014)<\/td>\n<\/tr>\n<tr style=\"height: 23px;\">\n<td style=\"height: 23px; width: 571.354px;\">Volkswagen (VW) (EU) Golf VII 2.0 TDI (105 kW) (2014-2020)<\/td>\n<\/tr>\n<tr style=\"height: 23px;\">\n<td style=\"height: 23px; width: 571.354px;\">Volkswagen (VW) (EU) Golf VII 2.0 TDI (110 kW) (2012-2014)<\/td>\n<\/tr>\n<tr style=\"height: 23px;\">\n<td style=\"height: 23px; width: 571.354px;\">Volkswagen (VW) (EU) Golf VII 2.0 TDI (110 kW) (2014-2020)<\/td>\n<\/tr>\n<tr style=\"height: 47px;\">\n<td style=\"height: 47px; width: 571.354px;\">Volkswagen (VW) (EU) Golf VII 2.0 TDI (110 kW) 4Motion (2012-2014)<\/td>\n<\/tr>\n<tr style=\"height: 47px;\">\n<td style=\"height: 47px; width: 571.354px;\">Volkswagen (VW) (EU) Golf VII 2.0 TDI (110 kW) 4Motion (2014-2020)<\/td>\n<\/tr>\n<tr style=\"height: 23px;\">\n<td style=\"height: 23px; width: 571.354px;\">Volkswagen (VW) (EU) Golf VII 2.0 TDI (130 kW) (2014-2020)<\/td>\n<\/tr>\n<tr style=\"height: 47px;\">\n<td style=\"height: 47px; width: 571.354px;\">Volkswagen (VW) (EU) Golf VII 2.0 TDI (135 kW) 4Motion (2013-2014)<\/td>\n<\/tr>\n<tr style=\"height: 47px;\">\n<td style=\"height: 47px; width: 571.354px;\">Volkswagen (VW) (EU) Golf VII 2.0 TDI (135 kW) 4Motion (2014-2020)<\/td>\n<\/tr>\n<tr style=\"height: 23px;\">\n<td style=\"height: 23px; width: 571.354px;\">Volkswagen (VW) (EU) Golf VII 2.0 TDI (81 kW) (2012-2014)<\/td>\n<\/tr>\n<tr style=\"height: 23px;\">\n<td style=\"height: 23px; width: 571.354px;\">Volkswagen (VW) (EU) Golf VII 2.0 TDI (81 kW) (2012-2014)<\/td>\n<\/tr>\n<tr style=\"height: 23px;\">\n<td style=\"height: 23px; width: 571.354px;\">Volkswagen (VW) (EU) Golf VII 2.0 TDI (81 kW) (2014-2017)<\/td>\n<\/tr>\n<tr style=\"height: 23px;\">\n<td style=\"height: 23px; width: 571.354px;\">Volkswagen (VW) (EU) Golf VII 2.0 TDI (81 kW) (2014-2017)<\/td>\n<\/tr>\n<tr style=\"height: 23px;\">\n<td style=\"height: 23px; width: 571.354px;\">Volkswagen (VW) (EU) Golf VII 2.0 TDI (81 kW) (2017-2018)<\/td>\n<\/tr>\n<tr style=\"height: 23px;\">\n<td style=\"height: 23px; width: 571.354px;\">Volkswagen (VW) (EU) Golf VII 2.0 TDI (81 kW) (2017-2019)<\/td>\n<\/tr>\n<tr style=\"height: 23px;\">\n<td style=\"height: 23px; width: 571.354px;\">Volkswagen (VW) (EU) Golf VII 2.0 TDI GTD (135 kW) (2013-2014)<\/td>\n<\/tr>\n<tr style=\"height: 23px;\">\n<td style=\"height: 23px; width: 571.354px;\">Volkswagen (VW) (EU) Golf VII 2.0 TDI GTD (135 kW) (2014-2020)<\/td>\n<\/tr>\n<tr style=\"height: 23px;\">\n<td style=\"height: 23px; width: 571.354px;\">Volkswagen (VW) (EU) Golf VII 2.0 TSI GTI (155 kW) (2013-2019)<\/td>\n<\/tr>\n<tr style=\"height: 23px;\">\n<td style=\"height: 23px; width: 571.354px;\">Volkswagen (VW) (EU) Golf VII 2.0 TSI GTI (162 kW) (2013-2017)<\/td>\n<\/tr>\n<tr style=\"height: 23px;\">\n<td style=\"height: 23px; width: 571.354px;\">Volkswagen (VW) (EU) Golf VII 2.0 TSI GTI (169 kW) (2013-2020)<\/td>\n<\/tr>\n<tr style=\"height: 23px;\">\n<td style=\"height: 23px; width: 571.354px;\">Volkswagen (VW) (EU) Golf VII 2.0 TSI GTI (180 kW) (2017-2020)<\/td>\n<\/tr>\n<tr style=\"height: 47px;\">\n<td style=\"height: 47px; width: 571.354px;\">Volkswagen (VW) (EU) Golf VII 2.0 TSI GTI (180 kW) PF (2018-2020)<\/td>\n<\/tr>\n<tr style=\"height: 23px;\">\n<td style=\"height: 23px; width: 571.354px;\">Volkswagen (VW) (EU) Golf VII 2.0 TSI GTI (195 kW) (2016-2017)<\/td>\n<\/tr>\n<tr style=\"height: 23px;\">\n<td style=\"height: 23px; width: 571.354px;\">Volkswagen (VW) (EU) Golf VII 2.0 TSI R (206 kW) (2013-2017)<\/td>\n<\/tr>\n<tr style=\"height: 23px;\">\n<td style=\"height: 23px; width: 571.354px;\">Volkswagen (VW) (EU) Golf VII 2.0 TSI R (213 kW) (2013-2018)<\/td>\n<\/tr>\n<tr style=\"height: 23px;\">\n<td style=\"height: 23px; width: 571.354px;\">Volkswagen (VW) (EU) Golf VII 2.0 TSI R (213 kW) PF (2018-2020)<\/td>\n<\/tr>\n<tr style=\"height: 23px;\">\n<td style=\"height: 23px; width: 571.354px;\">Volkswagen (VW) (EU) Golf VII 2.0 TSI R (215 kW) (2013-2018)<\/td>\n<\/tr>\n<tr style=\"height: 23px;\">\n<td style=\"height: 23px; width: 571.354px;\">Volkswagen (VW) (EU) Golf VII 2.0 TSI R (215 kW) (2018-2019)<\/td>\n<\/tr>\n<tr style=\"height: 23px;\">\n<td style=\"height: 23px; width: 571.354px;\">Volkswagen (VW) (EU) Golf VII 2.0 TSI R (221 kW) (2013-2017)<\/td>\n<\/tr>\n<tr style=\"height: 23px;\">\n<td style=\"height: 23px; width: 571.354px;\">Volkswagen (VW) (EU) Golf VII 2.0 TSI R (221 kW) PF (2018-2020)<\/td>\n<\/tr>\n<tr style=\"height: 23px;\">\n<td style=\"height: 23px; width: 571.354px;\">Volkswagen (VW) (EU) Golf VII 2.0 TSI R (228 kW) (2017-2020)<\/td>\n<\/tr>\n<tr style=\"height: 23px;\">\n<td style=\"height: 23px; width: 571.354px;\">\u00a0<\/td>\n<\/tr>\n<tr style=\"height: 23px;\">\n<td style=\"height: 23px; width: 571.354px;\"><strong>Motor\u00f6l VOLKSWAGEN GOLF VII VARIANT BA5<\/strong><\/td>\n<\/tr>\n<tr style=\"height: 23px;\">\n<td style=\"height: 23px; width: 571.354px;\">Volkswagen (VW) (EU) Golf VII Variant 1.0 TSI (63 kW) (2017-2018)<\/td>\n<\/tr>\n<tr style=\"height: 47px;\">\n<td style=\"height: 47px; width: 571.354px;\">Volkswagen (VW) (EU) Golf VII Variant 1.0 TSI (63 kW) PF (2018-2019)<\/td>\n<\/tr>\n<tr style=\"height: 23px;\">\n<td style=\"height: 23px; width: 571.354px;\">Volkswagen (VW) (EU) Golf VII Variant 1.0 TSI (81 kW) (2017-2020)<\/td>\n<\/tr>\n<tr style=\"height: 47px;\">\n<td style=\"height: 47px; width: 571.354px;\">Volkswagen (VW) (EU) Golf VII Variant 1.0 TSI (81 kW) PF (2018-2020)<\/td>\n<\/tr>\n<tr style=\"height: 23px;\">\n<td style=\"height: 23px; width: 571.354px;\">Volkswagen (VW) (EU) Golf VII Variant 1.0 TSI (85 kW) (2015-2017)<\/td>\n<\/tr>\n<tr style=\"height: 47px;\">\n<td style=\"height: 47px; width: 571.354px;\">Volkswagen (VW) (EU) Golf VII Variant 1.0 TSI (85 kW) PF (2017-2020)<\/td>\n<\/tr>\n<tr style=\"height: 23px;\">\n<td style=\"height: 23px; width: 571.354px;\">Volkswagen (VW) (EU) Golf VII Variant 1.2 TSI (63 kW) (2013-2017)<\/td>\n<\/tr>\n<tr style=\"height: 23px;\">\n<td style=\"height: 23px; width: 571.354px;\">Volkswagen (VW) (EU) Golf VII Variant 1.2 TSI (77 kW) (2013-2017)<\/td>\n<\/tr>\n<tr style=\"height: 23px;\">\n<td style=\"height: 23px; width: 571.354px;\">Volkswagen (VW) (EU) Golf VII Variant 1.2 TSI (77 kW) (2017-2020)<\/td>\n<\/tr>\n<tr style=\"height: 23px;\">\n<td style=\"height: 23px; width: 571.354px;\">Volkswagen (VW) (EU) Golf VII Variant 1.2 TSI (81 kW) (2014-2017)<\/td>\n<\/tr>\n<tr style=\"height: 23px;\">\n<td style=\"height: 23px; width: 571.354px;\">Volkswagen (VW) (EU) Golf VII Variant 1.4 TGI (81 kW) (2013-2017)<\/td>\n<\/tr>\n<tr style=\"height: 23px;\">\n<td style=\"height: 23px; width: 571.354px;\">Volkswagen (VW) (EU) Golf VII Variant 1.4 TGI (81 kW) (2017-2018)<\/td>\n<\/tr>\n<tr style=\"height: 23px;\">\n<td style=\"height: 23px; width: 571.354px;\">Volkswagen (VW) (EU) Golf VII Variant 1.4 TSI (103 kW) (2013-2017)<\/td>\n<\/tr>\n<tr style=\"height: 23px;\">\n<td style=\"height: 23px; width: 571.354px;\">Volkswagen (VW) (EU) Golf VII Variant 1.4 TSI (103 kW) (2017-2020)<\/td>\n<\/tr>\n<tr style=\"height: 23px;\">\n<td style=\"height: 23px; width: 571.354px;\">Volkswagen (VW) (EU) Golf VII Variant 1.4 TSI (110 kW) (2014-2017)<\/td>\n<\/tr>\n<\/tbody>\n<\/table>\n<p>[\/et_pb_text][\/et_pb_column][\/et_pb_row][\/et_pb_section].<\/p>","protected":false},"excerpt":{"rendered":"<p>Welches Motor\u00f6l Volkswagen Golf 7 (VW)Sie suchen Motor\u00f6l f\u00fcr den Volkswagen Golf 7? Auf dieser Seite finden Sie alle Modelle, das entsprechende Motor\u00f6l und dessen Inhaltsstoffe. Nach der Premiere auf dem Pariser Autosalon 2012 rollte Ende desselben Jahres die siebte Generation des VW Golf zu den H\u00e4ndlern. [...]<\/p>","protected":false},"author":1,"featured_media":0,"parent":0,"menu_order":0,"comment_status":"closed","ping_status":"closed","template":"","meta":{"_et_pb_use_builder":"on","_et_pb_old_content":"","_et_gb_content_width":"","footnotes":""},"class_list":["post-149837","page","type-page","status-publish","hentry"],"yoast_head":"<!-- This site is optimized with the Yoast SEO plugin v27.5 - https:\/\/yoast.com\/product\/yoast-seo-wordpress\/ -->\n<title>Motorolie Volkswagen Golf 7 (VW) nodig? Overzicht motorolie VW Golf 7<\/title>\n<meta name=\"description\" content=\"Motorolie Volkswagen Golf 7 overzicht. Welke motorolie gebruiken voor een Volkswagen Golf 7? Op deze pagina het motorolie overzicht.\" \/>\n<meta name=\"robots\" content=\"index, follow, max-snippet:-1, max-image-preview:large, max-video-preview:-1\" \/>\n<link rel=\"canonical\" href=\"https:\/\/autobaak.nl\/de\/motorol-volkswagen-golf-7-vw\/\" \/>\n<meta property=\"og:locale\" content=\"de_DE\" \/>\n<meta property=\"og:type\" content=\"article\" \/>\n<meta property=\"og:title\" content=\"Motorolie Volkswagen Golf 7 (VW) nodig? Overzicht motorolie VW Golf 7\" \/>\n<meta property=\"og:description\" content=\"Motorolie Volkswagen Golf 7 overzicht. Welke motorolie gebruiken voor een Volkswagen Golf 7? Op deze pagina het motorolie overzicht.\" \/>\n<meta property=\"og:url\" content=\"https:\/\/autobaak.nl\/de\/motorol-volkswagen-golf-7-vw\/\" \/>\n<meta property=\"og:site_name\" content=\"Autobaak.nl\" \/>\n<meta property=\"article:modified_time\" content=\"2022-09-23T12:29:38+00:00\" \/>\n<meta name=\"twitter:card\" content=\"summary_large_image\" \/>\n<meta name=\"twitter:label1\" content=\"Gesch\u00e4tzte Lesezeit\" \/>\n\t<meta name=\"twitter:data1\" content=\"7\u00a0Minuten\" \/>\n<script type=\"application\/ld+json\" class=\"yoast-schema-graph\">{\"@context\":\"https:\\\/\\\/schema.org\",\"@graph\":[{\"@type\":\"WebPage\",\"@id\":\"https:\\\/\\\/autobaak.nl\\\/motorolie-volkswagen-golf-7-vw\\\/\",\"url\":\"https:\\\/\\\/autobaak.nl\\\/motorolie-volkswagen-golf-7-vw\\\/\",\"name\":\"Motorolie Volkswagen Golf 7 (VW) nodig? Overzicht motorolie VW Golf 7\",\"isPartOf\":{\"@id\":\"https:\\\/\\\/autobaak.nl\\\/#website\"},\"datePublished\":\"2022-04-21T09:29:56+00:00\",\"dateModified\":\"2022-09-23T12:29:38+00:00\",\"description\":\"Motorolie Volkswagen Golf 7 overzicht. Welke motorolie gebruiken voor een Volkswagen Golf 7? Op deze pagina het motorolie overzicht.\",\"breadcrumb\":{\"@id\":\"https:\\\/\\\/autobaak.nl\\\/motorolie-volkswagen-golf-7-vw\\\/#breadcrumb\"},\"inLanguage\":\"de\",\"potentialAction\":[{\"@type\":\"ReadAction\",\"target\":[\"https:\\\/\\\/autobaak.nl\\\/motorolie-volkswagen-golf-7-vw\\\/\"]}]},{\"@type\":\"BreadcrumbList\",\"@id\":\"https:\\\/\\\/autobaak.nl\\\/motorolie-volkswagen-golf-7-vw\\\/#breadcrumb\",\"itemListElement\":[{\"@type\":\"ListItem\",\"position\":1,\"name\":\"Home\",\"item\":\"https:\\\/\\\/autobaak.nl\\\/\"},{\"@type\":\"ListItem\",\"position\":2,\"name\":\"Motorolie Volkswagen Golf 7 (VW)\"}]},{\"@type\":\"WebSite\",\"@id\":\"https:\\\/\\\/autobaak.nl\\\/#website\",\"url\":\"https:\\\/\\\/autobaak.nl\\\/\",\"name\":\"Autobaak.nl\",\"description\":\"Cars &amp; Racing\",\"potentialAction\":[{\"@type\":\"SearchAction\",\"target\":{\"@type\":\"EntryPoint\",\"urlTemplate\":\"https:\\\/\\\/autobaak.nl\\\/?s={search_term_string}\"},\"query-input\":{\"@type\":\"PropertyValueSpecification\",\"valueRequired\":true,\"valueName\":\"search_term_string\"}}],\"inLanguage\":\"de\"}]}<\/script>\n<!-- \/ Yoast SEO plugin. -->","yoast_head_json":{"title":"Brauchen Sie Motor\u00f6l Volkswagen Golf 7 (VW)? \u00dcbersicht Motor\u00f6l VW Golf 7","description":"Motor\u00f6l Volkswagen Golf 7 \u00dcbersicht. Welches Motor\u00f6l sollte f\u00fcr einen Volkswagen Golf 7 verwendet werden? Auf dieser Seite die Motor\u00f6l\u00fcbersicht.","robots":{"index":"index","follow":"follow","max-snippet":"max-snippet:-1","max-image-preview":"max-image-preview:large","max-video-preview":"max-video-preview:-1"},"canonical":"https:\/\/autobaak.nl\/de\/motorol-volkswagen-golf-7-vw\/","og_locale":"de_DE","og_type":"article","og_title":"Motorolie Volkswagen Golf 7 (VW) nodig? Overzicht motorolie VW Golf 7","og_description":"Motorolie Volkswagen Golf 7 overzicht. Welke motorolie gebruiken voor een Volkswagen Golf 7? Op deze pagina het motorolie overzicht.","og_url":"https:\/\/autobaak.nl\/de\/motorol-volkswagen-golf-7-vw\/","og_site_name":"Autobaak.nl","article_modified_time":"2022-09-23T12:29:38+00:00","twitter_card":"summary_large_image","twitter_misc":{"Gesch\u00e4tzte Lesezeit":"7\u00a0Minuten"},"schema":{"@context":"https:\/\/schema.org","@graph":[{"@type":"WebPage","@id":"https:\/\/autobaak.nl\/motorolie-volkswagen-golf-7-vw\/","url":"https:\/\/autobaak.nl\/motorolie-volkswagen-golf-7-vw\/","name":"Brauchen Sie Motor\u00f6l Volkswagen Golf 7 (VW)? \u00dcbersicht Motor\u00f6l VW Golf 7","isPartOf":{"@id":"https:\/\/autobaak.nl\/#website"},"datePublished":"2022-04-21T09:29:56+00:00","dateModified":"2022-09-23T12:29:38+00:00","description":"Motor\u00f6l Volkswagen Golf 7 \u00dcbersicht. Welches Motor\u00f6l sollte f\u00fcr einen Volkswagen Golf 7 verwendet werden? Auf dieser Seite die Motor\u00f6l\u00fcbersicht.","breadcrumb":{"@id":"https:\/\/autobaak.nl\/motorolie-volkswagen-golf-7-vw\/#breadcrumb"},"inLanguage":"de","potentialAction":[{"@type":"ReadAction","target":["https:\/\/autobaak.nl\/motorolie-volkswagen-golf-7-vw\/"]}]},{"@type":"BreadcrumbList","@id":"https:\/\/autobaak.nl\/motorolie-volkswagen-golf-7-vw\/#breadcrumb","itemListElement":[{"@type":"ListItem","position":1,"name":"Home","item":"https:\/\/autobaak.nl\/"},{"@type":"ListItem","position":2,"name":"Motorolie Volkswagen Golf 7 (VW)"}]},{"@type":"WebSite","@id":"https:\/\/autobaak.nl\/#website","url":"https:\/\/autobaak.nl\/","name":"Autobook.de","description":"Autos &amp; Rennsport","potentialAction":[{"@type":"SearchAction","target":{"@type":"EntryPoint","urlTemplate":"https:\/\/autobaak.nl\/?s={search_term_string}"},"query-input":{"@type":"PropertyValueSpecification","valueRequired":true,"valueName":"search_term_string"}}],"inLanguage":"de"}]}},"_links":{"self":[{"href":"https:\/\/autobaak.nl\/de\/wp-json\/wp\/v2\/pages\/149837","targetHints":{"allow":["GET"]}}],"collection":[{"href":"https:\/\/autobaak.nl\/de\/wp-json\/wp\/v2\/pages"}],"about":[{"href":"https:\/\/autobaak.nl\/de\/wp-json\/wp\/v2\/types\/page"}],"author":[{"embeddable":true,"href":"https:\/\/autobaak.nl\/de\/wp-json\/wp\/v2\/users\/1"}],"replies":[{"embeddable":true,"href":"https:\/\/autobaak.nl\/de\/wp-json\/wp\/v2\/comments?post=149837"}],"version-history":[{"count":0,"href":"https:\/\/autobaak.nl\/de\/wp-json\/wp\/v2\/pages\/149837\/revisions"}],"wp:attachment":[{"href":"https:\/\/autobaak.nl\/de\/wp-json\/wp\/v2\/media?parent=149837"}],"curies":[{"name":"wp","href":"https:\/\/api.w.org\/{rel}","templated":true}]}}