{"id":151334,"date":"2022-04-29T14:51:38","date_gmt":"2022-04-29T12:51:38","guid":{"rendered":"https:\/\/autobaak.nl\/?page_id=151334"},"modified":"2023-02-17T13:16:08","modified_gmt":"2023-02-17T12:16:08","slug":"zahlung-und-ruckgabe","status":"publish","type":"page","link":"https:\/\/autobaak.nl\/de\/zahlung-und-ruckgabe\/","title":{"rendered":"Zahlung, Versandkosten und R\u00fccksendungen"},"content":{"rendered":"<h2>Kosten f\u00fcr den Versand<\/h2>\n<ul>\n<li><strong>Niederlande<\/strong>Versandkosten: Die Versandkosten f\u00fcr Sendungen innerhalb der Niederlande betragen 7 \u20ac. Dies gilt f\u00fcr ein normales Paket inklusive Sendungsverfolgung \u00fcber den Spediteur DPD. Sie erhalten die Tracking-Informationen, sobald das Paket vom Spediteur abgeholt wird.<\/li>\n<li><strong>Belgien<\/strong>Versandkosten: Die Versandkosten f\u00fcr Sendungen innerhalb Belgiens betragen 10 \u20ac. Dies gilt f\u00fcr ein normales Paket mit Sendungsverfolgung \u00fcber den Spediteur DPD. Sie erhalten die Tracking-Informationen, sobald das Paket vom Spediteur abgeholt wird.<\/li>\n<li><strong>Deutschland<\/strong>Versandkosten: Die Versandkosten f\u00fcr Sendungen innerhalb Deutschlands betragen 10 \u20ac. Dies gilt f\u00fcr ein regul\u00e4res Paket inklusive Sendungsverfolgung \u00fcber das Transportunternehmen DPD. Sie erhalten die Tracking-Informationen, sobald das Paket von der Spedition abgeholt wird.<\/li>\n<\/ul>\n<h3>Zahlungsm\u00f6glichkeiten<\/h3>\n<h2><span style=\"color: #666666; font-size: 14px;\">Wir akzeptieren verschiedene Zahlungsarten wie:<\/span><\/h2>\n<div id=\"betaalmogelijkheden\" class=\"panel-collapse collapse in\" role=\"tabpanel\" aria-labelledby=\"headingbetaalmogelijkheden\" aria-expanded=\"true\">\n<div class=\"panel-body\">\n<ol>\n<li>iDEAL<\/li>\n<li>Kreditkarte<\/li>\n<li>PayPal<\/li>\n<li>ApplePay<\/li>\n<li>BanContact \/ MisterCash (f\u00fcr Belgien)<\/li>\n<li>Sofort (f\u00fcr Deutschland)<\/li>\n<li>KBC\/CBC (f\u00fcr Belgien)<\/li>\n<li>Belfius (f\u00fcr Belgien)<\/li>\n<\/ol>\n<p>Die Zahlungen erfolgen auf sichere Weise \u00fcber unseren Zahlungsanbieter <a href=\"https:\/\/www.mollie.com\" target=\"_blank\" rel=\"noopener\">Mollie<\/a>. Sobald die Zahlung und die Bestellung abgeschlossen sind, erhalten Sie eine Best\u00e4tigungs-E-Mail von uns und wir werden Sie \u00fcber die Lieferung informieren.<\/p>\n<h3>Versand und Lieferung<\/h3>\n<p>Unsere Produkte werden innerhalb der Niederlande, Belgien und Deutschland mit DPD versandt. Bestellungen, die an Werktagen vor 16:00 Uhr aufgegeben werden, werden im Allgemeinen noch am selben Tag versandt. Nachdem die Bestellung versandt wurde, erhalten Sie die Tracking-Informationen per E-Mail. Sollte ein bestellter Artikel nicht vorr\u00e4tig sein und die Lieferzeit l\u00e4nger als erwartet sein, werden wir Sie umgehend informieren.<\/p>\n<h3>R\u00fcckgabe<\/h3>\n<p>Bei Autobaak.nl haben Sie ab dem Tag der Lieferung des bestellten Artikels 14 Tage Zeit, um Ihre bestellten Artikel zur\u00fcckzugeben. Innerhalb dieser 14 Tage bitten wir Sie, uns mitzuteilen, dass Sie den Kauf widerrufen m\u00f6chten. Nach dieser Benachrichtigung haben Sie 14 Tage Zeit, die Produkte zur\u00fcckzugeben. Die Versandkosten f\u00fcr die R\u00fccksendung der Artikel gehen zu Ihren Lasten.<\/p>\n<p>Wir akzeptieren nur R\u00fccksendungen von Artikeln, die originalverpackt und in neuem Zustand sind. Es ist nicht erlaubt, die Verpackung zu beschriften oder mit Aufklebern zu bekleben. Bitte verwenden Sie daher einen Umkarton, wenn Sie die Produkte an uns zur\u00fccksenden. Wenn Sie die Ware zusammenbauen oder \u00fcber das zur Feststellung der Beschaffenheit, der Eigenschaften und der Funktionsweise der Ware erforderliche Ma\u00df hinaus verwenden, k\u00f6nnen wir Sie f\u00fcr die Wertminderung haftbar machen. Im Falle eines Transportschadens benachrichtigen Sie uns bitte innerhalb von 24 Stunden nach Erhalt des Pakets per E-Mail.<\/p>\n<\/div>\n<div class=\"panel-body\">\n<p>Probleme mit dem Versand, bei oder durch das f\u00fcr den Versand an uns verantwortliche Unternehmen, gehen auf das Risiko des Kunden. Bewahren Sie daher immer Ihren Lieferschein auf.<\/p>\n<p>Nach der R\u00fccksendung werden wir die Artikel \u00fcberpr\u00fcfen und Ihnen den Kaufpreis zur\u00fcckerstatten. Bitte beachten Sie, dass die Versandkosten nur dann erstattet werden, wenn die gesamte Bestellung zur\u00fcckgeschickt wird. Sie erhalten den vollen Kaufbetrag so schnell wie m\u00f6glich, sp\u00e4testens jedoch innerhalb von 14 Tagen ab dem Zeitpunkt der Aufl\u00f6sung auf Ihr Konto zur\u00fcck.<\/p>\n<\/div>\n<\/div>\n<p>&nbsp;<\/p>","protected":false},"excerpt":{"rendered":"<p>Versandkosten Niederlande: Die Versandkosten f\u00fcr Sendungen innerhalb der Niederlande betragen 7 \u20ac. Dies gilt f\u00fcr ein normales Paket inklusive Sendungsverfolgung \u00fcber den Spediteur DPD. Sie erhalten die Tracking-Informationen, sobald das Paket vom Spediteur abgeholt wird. Belgien: Die Versandkosten f\u00fcr Sendungen innerhalb Belgiens betragen 10 \u20ac. Dies gilt f\u00fcr ein regul\u00e4res Paket einschlie\u00dflich Track-and-Trace \u00fcber den [...]<\/p>","protected":false},"author":1,"featured_media":0,"parent":0,"menu_order":0,"comment_status":"closed","ping_status":"closed","template":"","meta":{"_et_pb_use_builder":"","_et_pb_old_content":"","_et_gb_content_width":"","footnotes":""},"class_list":["post-151334","page","type-page","status-publish","hentry"],"yoast_head":"<!-- This site is optimized with the Yoast SEO plugin v27.3 - https:\/\/yoast.com\/product\/yoast-seo-wordpress\/ -->\n<title>Betalen, verzendkosten en retourneren - Autobaak.nl<\/title>\n<meta name=\"robots\" content=\"index, follow, max-snippet:-1, max-image-preview:large, max-video-preview:-1\" \/>\n<link rel=\"canonical\" href=\"https:\/\/autobaak.nl\/de\/zahlung-und-ruckgabe\/\" \/>\n<meta property=\"og:locale\" content=\"de_DE\" \/>\n<meta property=\"og:type\" content=\"article\" \/>\n<meta property=\"og:title\" content=\"Betalen, verzendkosten en retourneren - Autobaak.nl\" \/>\n<meta property=\"og:description\" content=\"Verzendkosten Nederland: De verzendkosten voor verzendingen binnen Nederland bedragen \u20ac 7,-. Dit is voor een regulier pakket inclusief track-and-trace via de vervoerder DPD. Je ontvangt de trackinginformatie zodra het pakket is opgehaald door de vervoerder. Belgi\u00eb: De verzendkosten voor verzendingen binnen Belgi\u00eb bedragen \u20ac 10,-. Dit is voor een regulier pakket inclusief track-and-trace via de [&hellip;]\" \/>\n<meta property=\"og:url\" content=\"https:\/\/autobaak.nl\/de\/zahlung-und-ruckgabe\/\" \/>\n<meta property=\"og:site_name\" content=\"Autobaak.nl\" \/>\n<meta property=\"article:modified_time\" content=\"2023-02-17T12:16:08+00:00\" \/>\n<meta name=\"twitter:card\" content=\"summary_large_image\" \/>\n<meta name=\"twitter:label1\" content=\"Gesch\u00e4tzte Lesezeit\" \/>\n\t<meta name=\"twitter:data1\" content=\"3\u00a0Minuten\" \/>\n<script type=\"application\/ld+json\" class=\"yoast-schema-graph\">{\"@context\":\"https:\\\/\\\/schema.org\",\"@graph\":[{\"@type\":\"WebPage\",\"@id\":\"https:\\\/\\\/autobaak.nl\\\/betalen-en-retourneren\\\/\",\"url\":\"https:\\\/\\\/autobaak.nl\\\/betalen-en-retourneren\\\/\",\"name\":\"Betalen, verzendkosten en retourneren - Autobaak.nl\",\"isPartOf\":{\"@id\":\"https:\\\/\\\/autobaak.nl\\\/#website\"},\"datePublished\":\"2022-04-29T12:51:38+00:00\",\"dateModified\":\"2023-02-17T12:16:08+00:00\",\"breadcrumb\":{\"@id\":\"https:\\\/\\\/autobaak.nl\\\/betalen-en-retourneren\\\/#breadcrumb\"},\"inLanguage\":\"de\",\"potentialAction\":[{\"@type\":\"ReadAction\",\"target\":[\"https:\\\/\\\/autobaak.nl\\\/betalen-en-retourneren\\\/\"]}]},{\"@type\":\"BreadcrumbList\",\"@id\":\"https:\\\/\\\/autobaak.nl\\\/betalen-en-retourneren\\\/#breadcrumb\",\"itemListElement\":[{\"@type\":\"ListItem\",\"position\":1,\"name\":\"Home\",\"item\":\"https:\\\/\\\/autobaak.nl\\\/\"},{\"@type\":\"ListItem\",\"position\":2,\"name\":\"Betalen, verzendkosten en retourneren\"}]},{\"@type\":\"WebSite\",\"@id\":\"https:\\\/\\\/autobaak.nl\\\/#website\",\"url\":\"https:\\\/\\\/autobaak.nl\\\/\",\"name\":\"Autobaak.nl\",\"description\":\"Cars &amp; Racing\",\"potentialAction\":[{\"@type\":\"SearchAction\",\"target\":{\"@type\":\"EntryPoint\",\"urlTemplate\":\"https:\\\/\\\/autobaak.nl\\\/?s={search_term_string}\"},\"query-input\":{\"@type\":\"PropertyValueSpecification\",\"valueRequired\":true,\"valueName\":\"search_term_string\"}}],\"inLanguage\":\"de\"}]}<\/script>\n<!-- \/ Yoast SEO plugin. -->","yoast_head_json":{"title":"Zahlung, Versandkosten und R\u00fcckgabe - Autobaak.de","robots":{"index":"index","follow":"follow","max-snippet":"max-snippet:-1","max-image-preview":"max-image-preview:large","max-video-preview":"max-video-preview:-1"},"canonical":"https:\/\/autobaak.nl\/de\/zahlung-und-ruckgabe\/","og_locale":"de_DE","og_type":"article","og_title":"Betalen, verzendkosten en retourneren - Autobaak.nl","og_description":"Verzendkosten Nederland: De verzendkosten voor verzendingen binnen Nederland bedragen \u20ac 7,-. Dit is voor een regulier pakket inclusief track-and-trace via de vervoerder DPD. Je ontvangt de trackinginformatie zodra het pakket is opgehaald door de vervoerder. Belgi\u00eb: De verzendkosten voor verzendingen binnen Belgi\u00eb bedragen \u20ac 10,-. Dit is voor een regulier pakket inclusief track-and-trace via de [&hellip;]","og_url":"https:\/\/autobaak.nl\/de\/zahlung-und-ruckgabe\/","og_site_name":"Autobaak.nl","article_modified_time":"2023-02-17T12:16:08+00:00","twitter_card":"summary_large_image","twitter_misc":{"Gesch\u00e4tzte Lesezeit":"3\u00a0Minuten"},"schema":{"@context":"https:\/\/schema.org","@graph":[{"@type":"WebPage","@id":"https:\/\/autobaak.nl\/betalen-en-retourneren\/","url":"https:\/\/autobaak.nl\/betalen-en-retourneren\/","name":"Zahlung, Versandkosten und R\u00fcckgabe - Autobaak.de","isPartOf":{"@id":"https:\/\/autobaak.nl\/#website"},"datePublished":"2022-04-29T12:51:38+00:00","dateModified":"2023-02-17T12:16:08+00:00","breadcrumb":{"@id":"https:\/\/autobaak.nl\/betalen-en-retourneren\/#breadcrumb"},"inLanguage":"de","potentialAction":[{"@type":"ReadAction","target":["https:\/\/autobaak.nl\/betalen-en-retourneren\/"]}]},{"@type":"BreadcrumbList","@id":"https:\/\/autobaak.nl\/betalen-en-retourneren\/#breadcrumb","itemListElement":[{"@type":"ListItem","position":1,"name":"Home","item":"https:\/\/autobaak.nl\/"},{"@type":"ListItem","position":2,"name":"Betalen, verzendkosten en retourneren"}]},{"@type":"WebSite","@id":"https:\/\/autobaak.nl\/#website","url":"https:\/\/autobaak.nl\/","name":"Autobook.de","description":"Autos &amp; Rennsport","potentialAction":[{"@type":"SearchAction","target":{"@type":"EntryPoint","urlTemplate":"https:\/\/autobaak.nl\/?s={search_term_string}"},"query-input":{"@type":"PropertyValueSpecification","valueRequired":true,"valueName":"search_term_string"}}],"inLanguage":"de"}]}},"_links":{"self":[{"href":"https:\/\/autobaak.nl\/de\/wp-json\/wp\/v2\/pages\/151334","targetHints":{"allow":["GET"]}}],"collection":[{"href":"https:\/\/autobaak.nl\/de\/wp-json\/wp\/v2\/pages"}],"about":[{"href":"https:\/\/autobaak.nl\/de\/wp-json\/wp\/v2\/types\/page"}],"author":[{"embeddable":true,"href":"https:\/\/autobaak.nl\/de\/wp-json\/wp\/v2\/users\/1"}],"replies":[{"embeddable":true,"href":"https:\/\/autobaak.nl\/de\/wp-json\/wp\/v2\/comments?post=151334"}],"version-history":[{"count":0,"href":"https:\/\/autobaak.nl\/de\/wp-json\/wp\/v2\/pages\/151334\/revisions"}],"wp:attachment":[{"href":"https:\/\/autobaak.nl\/de\/wp-json\/wp\/v2\/media?parent=151334"}],"curies":[{"name":"wp","href":"https:\/\/api.w.org\/{rel}","templated":true}]}}