{"id":152894,"date":"2022-06-01T13:29:22","date_gmt":"2022-06-01T11:29:22","guid":{"rendered":"https:\/\/autobaak.nl\/?page_id=152894"},"modified":"2023-02-08T14:00:40","modified_gmt":"2023-02-08T13:00:40","slug":"bmw-home","status":"publish","type":"page","link":"https:\/\/autobaak.nl\/de\/bmw-home\/","title":{"rendered":"BMW Startseite"},"content":{"rendered":"<p>[et_pb_section fb_built=\"1\u2033 inner_shadow=\"on\" fullwidth=\"on\" _builder_version=\"4.18.0\u2033 background_image=\"https:\/\/autobaak.nl\/wp-content\/uploads\/2022\/08\/pexels-jesse-zheng-1213295.jpg\" global_colors_info=\"{}\"][et_pb_fullwidth_header title=\"Skoda Home\" subhead=\"N\u00fctzliche Informationen \u00fcber Skoda\" text_orientation=\"centre\" _builder_version=\"4.18.0\u2033 content_font_size=\"15px\" background_color=\"rgba(255, 255, 255, 0)\" background_image=\"https:\/\/autobaak.nl\/wp-content\/uploads\/2022\/09\/skoda.jpg\" text_shadow_style=\"preset5\u2033 text_shadow_color=\"rgba(0,0,0,0.52)\" global_colors_info=\"{}\" button_one_text_size__hover_enabled=\"off\" button_one_text_size__hover=\"null\" button_two_text_size__hover_enabled=\"off\" button_two_text_size__hover=\"null\" button_one_text_color__hover_enabled=\"off\" button_one_text_color__hover=\"null\" button_two_text_color__hover_enabled=\"off\" button_two_text_color__hover=\"null\" button_one_border_width__hover_enabled=\"off\" button_one_border_width__hover=\"null\" button_two_border_width__hover_enabled=\"off\" button_two_border_width__hover=\"null\" button_one_border_color__hover_enabled=\"off\" button_one_border_color__hover=\"null\" button_two_border_color__hover_enabled=\"off\" button_two_border_color__hover=\"null\" button_one_border_radius__hover_enabled=\"off\" button_one_border_radius__hover=\"null\" button_two_border_radius__hover_enabled=\"off\" button_two_border_radius__hover=\"null\" button_one_letter_spacing__hover_enabled=\"off\" button_one_letter_spacing__hover=\"null\" button_two_letter_spacing__hover_enabled=\"off\" button_two_letter_spacing__hover=\"null\" button_one_bg_color__hover_enabled=\"off\" button_one_bg_color__hover=\"null\" button_two_bg_color__hover_enabled=\"off\" button_two_bg_color__hover=\"null\"][\/et_pb_fullwidth_header][\/et_pb_section][et_pb_section fb_built=\"1\u2033 _builder_version=\"4.16\u2033 custom_padding=\"2px|0px|3px|0px\" global_colors_info=\"{}\"][et_pb_row _builder_version=\"4.16\u2033 background_size=\"initial\" background_position=\"top_left\" background_repeat=\"repeat\" custom_padding=\"26.3594px|0px|2px|0px\" global_colors_info=\"{}\"][et_pb_column type=\"4_4\u2033 _builder_version=\"4.16\u2033 custom_padding=\"|||\" global_colors_info=\"{}\" custom_padding__hover=\"|||\"][et_pb_text _builder_version=\"4.16\u2033 global_colors_info=\"{}\"]<\/p>\n<h2>Die Urspr\u00fcnge von BMW<\/h2>\n<p>BMW, die Abk\u00fcrzung f\u00fcr die Bayerischen Motoren Werke, begann 1917 als Hersteller von Flugzeugmotoren. Im Jahr 1923 kam das erste BMW-Motorrad auf den Markt, und ab 1928 kamen die ersten BMW-Autos auf den Markt. Heute geh\u00f6ren auch Mini und Rolls-Royce zu BMW, so dass der Konzern die ganze Bandbreite vom Kleinwagen bis zur Super-Luxuslimousine abdeckt. Die bekanntesten Modelle sind jedoch nach wie vor die 3er- und 5er-Reihe, die zu den begehrtesten Modellen in ihrem Segment geh\u00f6ren.[\/et_pb_text][\/et_pb_column][\/et_pb_row][et_pb_row _builder_version=\"4.16\u2033 background_size=\"initial\" background_position=\"top_left\" background_repeat=\"repeat\" custom_padding=\"26.3594px|0px|2px|0px\" global_colors_info=\"{}\"][et_pb_column type=\"4_4\u2033 _builder_version=\"4.16\u2033 custom_padding=\"|||\" global_colors_info=\"{}\" custom_padding__hover=\"|||\"][et_pb_text _builder_version=\"4.17.4\u2033 background_color=\"rgba(12,113,195,0.18)\" custom_margin=\"0px|||\" custom_padding=\"10px|20px|10px|20px\" hover_enabled=\"0\u2033 global_colors_info=\"{}\" sticky_enabled=\"0\u2033]<\/p>\n<h2 style=\"text-align: center;\">Datenbank BMW<\/h2>\n<p style=\"text-align: center;\">Die folgenden \u00dcbersichten zeigen Wartungsintervalle, Motor\u00f6lbedarf und Tipps f\u00fcr die neuesten BMW Modelle. Die Intervalle und Richtlinien sind nur ein Anhaltspunkt, es kann Umst\u00e4nde geben, unter denen ein Workshop eine andere Empfehlung ausspricht.<\/p>\n<p>[\/et_pb_text][\/et_pb_column][\/et_pb_row][\/et_pb_section][et_pb_section fb_built=\"1\u2033 _builder_version=\"4.16\u2033 custom_padding=\"1px|0px|52.7188px|0px\" global_colors_info=\"{}\"][et_pb_row _builder_version=\"4.16\u2033 background_size=\"initial\" background_position=\"top_left\" background_repeat=\"repeat\" global_colors_info=\"{}\"][et_pb_column type=\"4_4\u2033 _builder_version=\"4.16\u2033 custom_padding=\"|||\" global_colors_info=\"{}\" custom_padding__hover=\"|||\"][et_pb_text _builder_version=\"4.19.4\u2033 hover_enabled=\"0\u2033 global_colors_info=\"{}\" sticky_enabled=\"0\u2033]<\/p>\n<h2>BMW Steuerkette oder Riemen?<\/h2>\n<p>Sie besitzen einen BMW und fragen sich, ob er einen Zahnriemen oder eine Steuerkette hat? Der BMW-Motor verf\u00fcgt \u00fcber eine Verteilerkette und nicht \u00fcber einen Riemen. Diese Kette verbindet die Nockenwelle(n) und die Kurbelwelle. Die Hauptfunktion der Kette ist die Bet\u00e4tigung der Einlass- und Auslassventile w\u00e4hrend des Hubzyklus der Kolben.<\/p>\n<h3>Wann ist eine Steuerkette zu ersetzen BMW<\/h3>\n<p>Gute Nachrichten f\u00fcr BMW-Besitzer! Der Zahnriemen ist wartungsfrei, w\u00e4hrend f\u00fcr den Zahnriemen ein Wechselintervall gilt. Wenn Sie sichergehen wollen, empfehlen wir Ihnen immer, die Betriebsanleitung zu konsultieren, in der Sie nachlesen k\u00f6nnen, ob Ihr Fahrzeug mit einem Verteilergurt oder einer Verteilerkette ausgestattet ist.<\/p>\n<p>Dass eine Verteilerkette viel l\u00e4nger h\u00e4lt als ein Riemen, sollte klar sein, aber eine Kette kann auch Probleme verursachen. Im Allgemeinen wird gesagt, dass eine Kette bis zu 300.000 km halten kann, aber in der Praxis kann es vorkommen, dass die Kette sich dehnt, was ein rasselndes Ger\u00e4usch verursachen kann. Dies kann manchmal erst 4-5 Jahre nach dem Produktionsdatum der Fall sein. Daher ist es wichtig, das Auto regelm\u00e4\u00dfig \u00fcberpr\u00fcfen zu lassen und die Kette bei der Wartung richtig zu kontrollieren, um m\u00f6gliche Probleme und Sch\u00e4den zu vermeiden.<\/p>\n<h2>Welches Motor\u00f6l BMW<\/h2>\n<p>Der rechtzeitige Wechsel des Motor\u00f6ls ist entscheidend f\u00fcr den Zustand Ihres Motors. Es ist auch wichtig zu wissen, welches Motor\u00f6l Sie ben\u00f6tigen. Im Allgemeinen wird im Wartungsheft immer das geeignete Motor\u00f6l angegeben. In der nachstehenden \u00dcbersicht haben wir das passende Motor\u00f6l f\u00fcr eine Reihe von Modellen aufgef\u00fchrt:<\/p>\n<ul>\n<li><a href=\"https:\/\/autobaak.nl\/de\/welches-motorol-bmw-1-series\/\">BMW 1er Reihe<\/a><\/li>\n<li><a href=\"https:\/\/autobaak.nl\/de\/motorol-bmw-3-serie-e46-e90-f30-g20-21\/\">BMW 3er Reihe<\/a><\/li>\n<li><a href=\"https:\/\/autobaak.nl\/de\/welches-motorol-bmw-5-series\/\">BMW 5er Reihe<\/a><\/li>\n<li><a href=\"https:\/\/autobaak.nl\/de\/motorol-bmw-x1-e84-f48\/\">BMW X1<\/a><\/li>\n<li><a href=\"https:\/\/autobaak.nl\/de\/motorol-bmw-x3\/\">BMW X3<\/a><\/li>\n<\/ul>\n<h3>Lampen f\u00fcr BMW<\/h3>\n<p>Sie m\u00f6chten die Gl\u00fchbirnen in Ihrem BMW austauschen, wissen aber nicht, welche Art von Autogl\u00fchbirne Sie ben\u00f6tigen? Zu diesem <a href=\"https:\/\/autobaak.nl\/de\/bmw-autogluhlampen-ubersicht\/\">Autogl\u00fchbirnen BMW<\/a> Seite haben wir eine Liste mit allen Lampen zusammengestellt.<\/p>\n<blockquote class=\"wp-embedded-content\" data-secret=\"12W9GbkVAg\"><p><a href=\"https:\/\/autobaak.nl\/de\/bmw-autogluhlampen-ubersicht\/\">Autolampen BMW \u00dcbersicht<\/a><\/p><\/blockquote>\n<p><iframe loading=\"lazy\" class=\"wp-embedded-content\" sandbox=\"allow-scripts\" security=\"restricted\" style=\"position: absolute; clip: rect(1px, 1px, 1px, 1px);\" title=\"&quot;Autolampen BMW \u00dcbersicht&quot; - Autobaak alles f\u00fcr und \u00fcber Autos\" src=\"https:\/\/autobaak.nl\/autolampen-bmw-overzicht\/embed\/#?secret=8KHso18Kxv#?secret=12W9GbkVAg\" data-secret=\"12W9GbkVAg\" width=\"600\" height=\"338\" frameborder=\"0\" marginwidth=\"0\" marginheight=\"0\" scrolling=\"no\"><\/iframe><\/p>\n<h3>Reifendruck BMW<\/h3>\n<p>Der Reifendruck Ihres BMW sollte monatlich \u00fcberpr\u00fcft werden, um eine optimale Leistung zu gew\u00e4hrleisten. Au\u00dferdem kann ein falscher Reifendruck zu einem hohen Kraftstoffverbrauch und einem schnelleren oder unregelm\u00e4\u00dfigen Verschlei\u00df der Reifen f\u00fchren. Unter <a href=\"https:\/\/autobaak.nl\/de\/reifendruck-bmw\/\">diese Seite<\/a> finden Sie eine \u00dcbersicht \u00fcber die Reifendr\u00fccke f\u00fcr Ihren BMW.<\/p>\n<blockquote class=\"wp-embedded-content\" data-secret=\"Apn9xVy7qi\"><p><a href=\"https:\/\/autobaak.nl\/de\/reifendruck-bmw\/\">Reifendruck BMW<\/a><\/p><\/blockquote>\n<p><iframe loading=\"lazy\" class=\"wp-embedded-content\" sandbox=\"allow-scripts\" security=\"restricted\" style=\"position: absolute; clip: rect(1px, 1px, 1px, 1px);\" title=\"&quot;Reifendruck BMW&quot; - Autobook alles f\u00fcr und \u00fcber Autos\" src=\"https:\/\/autobaak.nl\/bandenspanning-bmw\/embed\/#?secret=1RwDlTWE6M#?secret=Apn9xVy7qi\" data-secret=\"Apn9xVy7qi\" width=\"600\" height=\"338\" frameborder=\"0\" marginwidth=\"0\" marginheight=\"0\" scrolling=\"no\"><\/iframe><\/p>\n<h3>Bekannte Probleme und Kaufberatung BMW<\/h3>\n<p>F\u00fcr beliebte BMW-Modelle haben wir die bekannten Probleme und Kaufempfehlungen aufgelistet. Klicken Sie auf die Links unten, um weiterzulesen!<\/p>\n<blockquote class=\"wp-embedded-content\" data-secret=\"vOI4Ek0YQk\"><p><a href=\"https:\/\/autobaak.nl\/de\/bmw-1-series-probleme\/\">BMW 1er Probleme<\/a><\/p><\/blockquote>\n<p><iframe loading=\"lazy\" class=\"wp-embedded-content\" sandbox=\"allow-scripts\" security=\"restricted\" style=\"position: absolute; clip: rect(1px, 1px, 1px, 1px);\" title=\"&quot;BMW 1er Probleme&quot; - Autobook alles f\u00fcr und \u00fcber Autos\" src=\"https:\/\/autobaak.nl\/bmw-1-serie-problemen\/embed\/#?secret=6GPWVLPhFr#?secret=vOI4Ek0YQk\" data-secret=\"vOI4Ek0YQk\" width=\"600\" height=\"338\" frameborder=\"0\" marginwidth=\"0\" marginheight=\"0\" scrolling=\"no\"><\/iframe><\/p>\n<blockquote class=\"wp-embedded-content\" data-secret=\"TziijFuEw2\"><p><a href=\"https:\/\/autobaak.nl\/de\/bmw-3-series-e46-probleme-und-kaufberatung\/\">BMW 3er e46 Probleme und Kaufberatung<\/a><\/p><\/blockquote>\n<p><iframe loading=\"lazy\" class=\"wp-embedded-content\" sandbox=\"allow-scripts\" security=\"restricted\" style=\"position: absolute; clip: rect(1px, 1px, 1px, 1px);\" title=\"&quot;BMW 3er e46 Probleme und Kaufberatung&quot; - Autobook alles f\u00fcr und \u00fcber Autos\" src=\"https:\/\/autobaak.nl\/bmw-3-serie-e46-problemen-en-aankoopadvies\/embed\/#?secret=0WcsmSBdqG#?secret=TziijFuEw2\" data-secret=\"TziijFuEw2\" width=\"600\" height=\"338\" frameborder=\"0\" marginwidth=\"0\" marginheight=\"0\" scrolling=\"no\"><\/iframe><\/p>\n<blockquote class=\"wp-embedded-content\" data-secret=\"cYRfBK5yAx\"><p><a href=\"https:\/\/autobaak.nl\/de\/bmw-5-series-e60-e61-technische-probleme-und-kaufberatung\/\">BMW 5er E60 \/ E61 Technik, Probleme und Kaufberatung<\/a><\/p><\/blockquote>\n<p><iframe loading=\"lazy\" class=\"wp-embedded-content\" sandbox=\"allow-scripts\" security=\"restricted\" style=\"position: absolute; clip: rect(1px, 1px, 1px, 1px);\" title=\"&quot;BMW 5er E60 \/ E61 Technik, Probleme und Kaufberatung&quot; - Autobook alles f\u00fcr und \u00fcber Autos\" src=\"https:\/\/autobaak.nl\/bmw-5-serie-e60-e61-techniek-problemen-en-aankoopadvies\/embed\/#?secret=M6oSX4NQqy#?secret=cYRfBK5yAx\" data-secret=\"cYRfBK5yAx\" width=\"600\" height=\"338\" frameborder=\"0\" marginwidth=\"0\" marginheight=\"0\" scrolling=\"no\"><\/iframe><\/p>\n<p>&nbsp;<\/p>\n<p>[\/et_pb_text][\/et_pb_column][\/et_pb_row][\/et_pb_section].<\/p>","protected":false},"excerpt":{"rendered":"<p>Die Urspr\u00fcnge von BMW BMW, die Abk\u00fcrzung steht f\u00fcr die Bayerischen Motoren Werke, begann 1917 als Hersteller von Flugzeugmotoren. Im Jahr 1923 kam das erste BMW-Motorrad auf den Markt, und ab 1928 die ersten BMW-Autos. Heute geh\u00f6ren auch Mini und Rolls-Royce zu BMW, so dass der Konzern die gesamte Palette der kleinen [...]<\/p>","protected":false},"author":1,"featured_media":0,"parent":0,"menu_order":0,"comment_status":"closed","ping_status":"closed","template":"","meta":{"_et_pb_use_builder":"on","_et_pb_old_content":"","_et_gb_content_width":"","footnotes":""},"class_list":["post-152894","page","type-page","status-publish","hentry"],"yoast_head":"<!-- This site is optimized with the Yoast SEO plugin v27.3 - https:\/\/yoast.com\/product\/yoast-seo-wordpress\/ -->\n<title>BMW Home - Autobaak.nl<\/title>\n<meta name=\"robots\" content=\"index, follow, max-snippet:-1, max-image-preview:large, max-video-preview:-1\" \/>\n<link rel=\"canonical\" href=\"https:\/\/autobaak.nl\/de\/bmw-home\/\" \/>\n<meta property=\"og:locale\" content=\"de_DE\" \/>\n<meta property=\"og:type\" content=\"article\" \/>\n<meta property=\"og:title\" content=\"BMW Home - Autobaak.nl\" \/>\n<meta property=\"og:description\" content=\"Het ontstaan van BMW BMW, wat staat voor die Bayerischen Motoren Werke, begon in 1917 als fabrikant van vliegtuigmotoren. In 1923 kwam de eerste motorfiets van BMW, en vanaf 1928 kwam de eerste BMW auto&#039;s op de markt. Tegenwoordig behoren Mini en Rolls-Royce ook tot BMW, dus de groep bestrijkt het hele assortiment van kleine [&hellip;]\" \/>\n<meta property=\"og:url\" content=\"https:\/\/autobaak.nl\/de\/bmw-home\/\" \/>\n<meta property=\"og:site_name\" content=\"Autobaak.nl\" \/>\n<meta property=\"article:modified_time\" content=\"2023-02-08T13:00:40+00:00\" \/>\n<meta name=\"twitter:card\" content=\"summary_large_image\" \/>\n<meta name=\"twitter:label1\" content=\"Gesch\u00e4tzte Lesezeit\" \/>\n\t<meta name=\"twitter:data1\" content=\"3\u00a0Minuten\" \/>\n<script type=\"application\/ld+json\" class=\"yoast-schema-graph\">{\"@context\":\"https:\\\/\\\/schema.org\",\"@graph\":[{\"@type\":\"WebPage\",\"@id\":\"https:\\\/\\\/autobaak.nl\\\/bmw-home\\\/\",\"url\":\"https:\\\/\\\/autobaak.nl\\\/bmw-home\\\/\",\"name\":\"BMW Home - Autobaak.nl\",\"isPartOf\":{\"@id\":\"https:\\\/\\\/autobaak.nl\\\/#website\"},\"datePublished\":\"2022-06-01T11:29:22+00:00\",\"dateModified\":\"2023-02-08T13:00:40+00:00\",\"breadcrumb\":{\"@id\":\"https:\\\/\\\/autobaak.nl\\\/bmw-home\\\/#breadcrumb\"},\"inLanguage\":\"de\",\"potentialAction\":[{\"@type\":\"ReadAction\",\"target\":[\"https:\\\/\\\/autobaak.nl\\\/bmw-home\\\/\"]}]},{\"@type\":\"BreadcrumbList\",\"@id\":\"https:\\\/\\\/autobaak.nl\\\/bmw-home\\\/#breadcrumb\",\"itemListElement\":[{\"@type\":\"ListItem\",\"position\":1,\"name\":\"Home\",\"item\":\"https:\\\/\\\/autobaak.nl\\\/\"},{\"@type\":\"ListItem\",\"position\":2,\"name\":\"BMW Home\"}]},{\"@type\":\"WebSite\",\"@id\":\"https:\\\/\\\/autobaak.nl\\\/#website\",\"url\":\"https:\\\/\\\/autobaak.nl\\\/\",\"name\":\"Autobaak.nl\",\"description\":\"Cars &amp; Racing\",\"potentialAction\":[{\"@type\":\"SearchAction\",\"target\":{\"@type\":\"EntryPoint\",\"urlTemplate\":\"https:\\\/\\\/autobaak.nl\\\/?s={search_term_string}\"},\"query-input\":{\"@type\":\"PropertyValueSpecification\",\"valueRequired\":true,\"valueName\":\"search_term_string\"}}],\"inLanguage\":\"de\"}]}<\/script>\n<!-- \/ Yoast SEO plugin. -->","yoast_head_json":{"title":"BMW Startseite - Autobaak.de","robots":{"index":"index","follow":"follow","max-snippet":"max-snippet:-1","max-image-preview":"max-image-preview:large","max-video-preview":"max-video-preview:-1"},"canonical":"https:\/\/autobaak.nl\/de\/bmw-home\/","og_locale":"de_DE","og_type":"article","og_title":"BMW Home - Autobaak.nl","og_description":"Het ontstaan van BMW BMW, wat staat voor die Bayerischen Motoren Werke, begon in 1917 als fabrikant van vliegtuigmotoren. In 1923 kwam de eerste motorfiets van BMW, en vanaf 1928 kwam de eerste BMW auto's op de markt. Tegenwoordig behoren Mini en Rolls-Royce ook tot BMW, dus de groep bestrijkt het hele assortiment van kleine [&hellip;]","og_url":"https:\/\/autobaak.nl\/de\/bmw-home\/","og_site_name":"Autobaak.nl","article_modified_time":"2023-02-08T13:00:40+00:00","twitter_card":"summary_large_image","twitter_misc":{"Gesch\u00e4tzte Lesezeit":"3\u00a0Minuten"},"schema":{"@context":"https:\/\/schema.org","@graph":[{"@type":"WebPage","@id":"https:\/\/autobaak.nl\/bmw-home\/","url":"https:\/\/autobaak.nl\/bmw-home\/","name":"BMW Startseite - Autobaak.de","isPartOf":{"@id":"https:\/\/autobaak.nl\/#website"},"datePublished":"2022-06-01T11:29:22+00:00","dateModified":"2023-02-08T13:00:40+00:00","breadcrumb":{"@id":"https:\/\/autobaak.nl\/bmw-home\/#breadcrumb"},"inLanguage":"de","potentialAction":[{"@type":"ReadAction","target":["https:\/\/autobaak.nl\/bmw-home\/"]}]},{"@type":"BreadcrumbList","@id":"https:\/\/autobaak.nl\/bmw-home\/#breadcrumb","itemListElement":[{"@type":"ListItem","position":1,"name":"Home","item":"https:\/\/autobaak.nl\/"},{"@type":"ListItem","position":2,"name":"BMW Home"}]},{"@type":"WebSite","@id":"https:\/\/autobaak.nl\/#website","url":"https:\/\/autobaak.nl\/","name":"Autobook.de","description":"Autos &amp; Rennsport","potentialAction":[{"@type":"SearchAction","target":{"@type":"EntryPoint","urlTemplate":"https:\/\/autobaak.nl\/?s={search_term_string}"},"query-input":{"@type":"PropertyValueSpecification","valueRequired":true,"valueName":"search_term_string"}}],"inLanguage":"de"}]}},"_links":{"self":[{"href":"https:\/\/autobaak.nl\/de\/wp-json\/wp\/v2\/pages\/152894","targetHints":{"allow":["GET"]}}],"collection":[{"href":"https:\/\/autobaak.nl\/de\/wp-json\/wp\/v2\/pages"}],"about":[{"href":"https:\/\/autobaak.nl\/de\/wp-json\/wp\/v2\/types\/page"}],"author":[{"embeddable":true,"href":"https:\/\/autobaak.nl\/de\/wp-json\/wp\/v2\/users\/1"}],"replies":[{"embeddable":true,"href":"https:\/\/autobaak.nl\/de\/wp-json\/wp\/v2\/comments?post=152894"}],"version-history":[{"count":0,"href":"https:\/\/autobaak.nl\/de\/wp-json\/wp\/v2\/pages\/152894\/revisions"}],"wp:attachment":[{"href":"https:\/\/autobaak.nl\/de\/wp-json\/wp\/v2\/media?parent=152894"}],"curies":[{"name":"wp","href":"https:\/\/api.w.org\/{rel}","templated":true}]}}