{"id":152912,"date":"2022-06-02T12:05:29","date_gmt":"2022-06-02T10:05:29","guid":{"rendered":"https:\/\/autobaak.nl\/?page_id=152912"},"modified":"2023-02-08T14:15:19","modified_gmt":"2023-02-08T13:15:19","slug":"mercedes-home","status":"publish","type":"page","link":"https:\/\/autobaak.nl\/de\/mercedes-home\/","title":{"rendered":"Mercedes Startseite"},"content":{"rendered":"<p>[et_pb_section fb_built=\"1\u2033 inner_shadow=\"on\" fullwidth=\"on\" _builder_version=\"4.18.0\u2033 background_image=\"https:\/\/autobaak.nl\/wp-content\/uploads\/2022\/08\/pexels-jesse-zheng-1213295.jpg\" global_colors_info=\"{}\"][et_pb_fullwidth_header title=\"Skoda Home\" subhead=\"N\u00fctzliche Informationen \u00fcber Skoda\" text_orientation=\"centre\" _builder_version=\"4.18.0\u2033 content_font_size=\"15px\" background_color=\"rgba(255, 255, 255, 0)\" background_image=\"https:\/\/autobaak.nl\/wp-content\/uploads\/2022\/09\/skoda.jpg\" text_shadow_style=\"preset5\u2033 text_shadow_color=\"rgba(0,0,0,0.52)\" global_colors_info=\"{}\" button_one_text_size__hover_enabled=\"off\" button_one_text_size__hover=\"null\" button_two_text_size__hover_enabled=\"off\" button_two_text_size__hover=\"null\" button_one_text_color__hover_enabled=\"off\" button_one_text_color__hover=\"null\" button_two_text_color__hover_enabled=\"off\" button_two_text_color__hover=\"null\" button_one_border_width__hover_enabled=\"off\" button_one_border_width__hover=\"null\" button_two_border_width__hover_enabled=\"off\" button_two_border_width__hover=\"null\" button_one_border_color__hover_enabled=\"off\" button_one_border_color__hover=\"null\" button_two_border_color__hover_enabled=\"off\" button_two_border_color__hover=\"null\" button_one_border_radius__hover_enabled=\"off\" button_one_border_radius__hover=\"null\" button_two_border_radius__hover_enabled=\"off\" button_two_border_radius__hover=\"null\" button_one_letter_spacing__hover_enabled=\"off\" button_one_letter_spacing__hover=\"null\" button_two_letter_spacing__hover_enabled=\"off\" button_two_letter_spacing__hover=\"null\" button_one_bg_color__hover_enabled=\"off\" button_one_bg_color__hover=\"null\" button_two_bg_color__hover_enabled=\"off\" button_two_bg_color__hover=\"null\"][\/et_pb_fullwidth_header][\/et_pb_section][et_pb_section fb_built=\"1\u2033 _builder_version=\"4.16\u2033 custom_padding=\"2px|0px|3px|0px\" global_colors_info=\"{}\"][et_pb_row _builder_version=\"4.16\u2033 background_size=\"initial\" background_position=\"top_left\" background_repeat=\"repeat\" custom_padding=\"26.3594px|0px|2px|0px\" global_colors_info=\"{}\"][et_pb_column type=\"4_4\u2033 _builder_version=\"4.16\u2033 custom_padding=\"|||\" global_colors_info=\"{}\" custom_padding__hover=\"|||\"][et_pb_text _builder_version=\"4.16\u2033 global_colors_info=\"{}\"]<\/p>\n<h2>Die Geburt von Mercedes<\/h2>\n<p>Die bekannte Marke Mercedes Benz ist ein deutscher Hersteller von Luxusautos, aber auch Lastkraftwagen und z. B. Stadtbusse werden von Mercedes produziert. MB geh\u00f6rt zu einem der gr\u00f6\u00dften Akteure auf dem globalen Automobilmarkt, der Daimler AG. Diese Marke ist bekannt f\u00fcr gute Qualit\u00e4t und luxuri\u00f6ses Design, was sich auch im Mercedes-Slogan \"Das Beste oder nichts\" widerspiegelt. Er ist eine der meistverkauften Marken in Europa, aber auch au\u00dferhalb Europas ist der Mercedes ein beliebtes Auto. Auf dieser Seite finden Sie neben der Historie auch Informationen zu Reifendruck, Motor\u00f6l und Wartungsintervallen.<\/p>\n<h3>Geschichte von Mercedes Benz<\/h3>\n<p><img loading=\"lazy\" decoding=\"async\" class=\"wp-image-152919 size-medium alignright\" src=\"https:\/\/autobaak.nl\/wp-content\/uploads\/2022\/06\/pexels-lloyd-freeman-1429775-300x200.jpg\" alt=\"mercedes benz\" width=\"300\" height=\"200\" \/>Mercedes Benz wurde 1926 durch den Zusammenschluss der Daimler Motoren Gesellschaft von Gottlieb Daimler und der Benz &amp; Cie von Carl Benz gegr\u00fcndet. Die Geschichte von Benz &amp; Cie. reicht bis ins Jahr 1885 zur\u00fcck, dem Jahr, in dem Carl Benz als erster offizieller Automobilhersteller der Welt sein erstes Auto baute. Das Patent f\u00fcr diesen \"Motorwagen\" wurde 1886 erteilt und er wurde in Mannheim gebaut. Sp\u00e4ter, 1886, baute Gottlieb Daimler sein erstes Auto, das zwar nicht das erste Auto war, aber das erste Auto mit vier R\u00e4dern (das von Benz hatte drei R\u00e4der). Zusammen mit dem Ingenieur Wilhelm Maybach gr\u00fcndete Daimler dann die Daimler Motoren Gesellschaft in Cannstatt, einem Vorort von Stuttgart. Daimler begann 1903 mit der Produktion von Automobilen unter dem Namen Mercedes, benannt nach der Tochter des \u00f6sterreichisch-ungarischen Konsuls Emil Jellinek, einem der damals wichtigsten Kunden des Unternehmens. In den 1930er Jahren war Mercedes Benz in Deutschland eine sehr beliebte Marke. Er galt w\u00e4hrend der Nazizeit als zuverl\u00e4ssiges Fahrzeug. Nach dem Zweiten Weltkrieg wurde die Marke von den zahlreichen Entdeckungen und Innovationen \u00fcberholt, die ihr den Ruf als einer der besten Automobilhersteller der Welt einbrachten. Qualit\u00e4t steht bei Mercedes immer an erster Stelle, was sich auch in unabh\u00e4ngigen Qualit\u00e4tstests widerspiegelt, die zeigen, dass die Marke stets \u00fcberdurchschnittlich gut abschneidet. Die Zahlen zeigen auch, dass Mercedes-Benz Fahrzeuge nur sehr wenige R\u00fcckrufe haben. Das Beste oder nichts!<\/p>\n<h3>Welche Modelle<\/h3>\n<p>Mercedes Benz bietet viele verschiedene Modelle an, die nach Meinung von Kennern ein gemeinsames Merkmal haben: Qualit\u00e4t. Es handelt sich also um teure, aber qualitativ hochwertige Fahrzeuge. Wenn Sie auf der Suche nach einem Mercedes aus zweiter Hand sind, k\u00f6nnen Sie sich verw\u00f6hnen lassen, denn auf dem niederl\u00e4ndischen (und deutschen) Markt werden viele Modelle aus zweiter Hand angeboten. Es gibt die kompakte A-Klasse, die beliebte C-Klasse oder die luxuri\u00f6se E-Klasse. Aber auch der EQS oder die leistungsstarke G-Klasse sind unter den Modellen. Es ist f\u00fcr jeden etwas dabei!<\/p>\n<p>[\/et_pb_text][et_pb_text _builder_version=\"4.17.4\u2033 background_color=\"rgba(12,113,195,0.18)\" custom_margin=\"0px|||\" custom_padding=\"10px|20px|10px|20px\" global_colors_info=\"{}\"]<\/p>\n<h2 style=\"text-align: center;\">Datenbank Mercedes<\/h2>\n<p style=\"text-align: center;\">Die folgenden \u00dcbersichten zeigen Wartungsintervalle, Motor\u00f6lbedarf und Tipps f\u00fcr die neuesten Mercedes-Modelle. Die Intervalle und Richtlinien sind nur ein Anhaltspunkt, es kann Umst\u00e4nde geben, unter denen eine Werkstatt eine andere Empfehlung ausspricht.<\/p>\n<p>[\/et_pb_text][et_pb_text _builder_version=\"4.19.4\u2033 hover_enabled=\"0\u2033 global_colors_info=\"{}\" sticky_enabled=\"0\u2033]<\/p>\n<h2>Mercedes Steuerkette oder Riemen?<\/h2>\n<p>Sie besitzen einen Mercedes und fragen sich, ob er einen Zahnriemen oder eine Steuerkette hat? Die meisten Mercedes-Fahrzeuge haben eine Steuerkette und daher keinen Zahnriemen. Wir haben einen separaten Blog verfasst, in dem wir untersuchen, welche Modelle einen Riemen oder eine Steuerkette haben. <a href=\"https:\/\/autobaak.nl\/de\/hat-mercedes-einen-zahnriemen-oder-eine-zahnkette\/\">Klicken Sie hier<\/a> um weiterzulesen.<\/p>\n<h3>Reifendruck Mercedes<\/h3>\n<p>Der Reifendruck Ihres Mercedes sollte monatlich \u00fcberpr\u00fcft werden, um eine optimale Leistung zu gew\u00e4hrleisten. Au\u00dferdem kann ein falscher Reifendruck zu hohem Kraftstoffverbrauch und schnellerem oder ungleichm\u00e4\u00dfigem Verschlei\u00df der Reifen f\u00fchren. Auf den folgenden Seiten finden Sie eine \u00dcbersicht \u00fcber die Reifendr\u00fccke f\u00fcr Ihren Mercedes.<\/p>\n<ul>\n<li><a href=\"https:\/\/autobaak.nl\/de\/reifendruck-mercedes-benz-a-klasse\/\">Mercedes Benz A-Klasse<\/a><\/li>\n<li><a href=\"https:\/\/autobaak.nl\/de\/reifendruck-mercedes-b-klasse\/\">Mercedes Benz B-Klasse<\/a><\/li>\n<li><a href=\"https:\/\/autobaak.nl\/de\/reifendruck-mercedes-benz-c-klasse\/\">Mercedes Benz C-Klasse<\/a><\/li>\n<li><a href=\"https:\/\/autobaak.nl\/de\/reifendruck-mercedes-benz-cl\/\">Mercedes Benz CL-Klasse<\/a><\/li>\n<li><a href=\"https:\/\/autobaak.nl\/de\/reifendruck-mercedes-e-klasse\/\">Mercedes Benz E-Klasse<\/a><\/li>\n<li><a href=\"https:\/\/autobaak.nl\/de\/reifendruck-mercedes-g-klasse\/\">Mercedes Benz G-Klasse<\/a><\/li>\n<li><a href=\"https:\/\/autobaak.nl\/de\/reifendruck-mercedes-m-klasse\/\">Mercedes Benz M-Klasse<\/a><\/li>\n<li><a href=\"https:\/\/autobaak.nl\/de\/reifendruck-mercedes-s-klasse\/\">Mercedes Benz S-Klasse<\/a><\/li>\n<li><a href=\"https:\/\/autobaak.nl\/de\/reifendruck-mercedes-sl\/\">Mercedes Benz SL-Klasse<\/a><\/li>\n<li><a href=\"https:\/\/autobaak.nl\/de\/reifendruck-mercedes-viano\/\">Mercedes Viano<\/a><\/li>\n<li><a href=\"https:\/\/autobaak.nl\/de\/reifendruck-mercedes-vaneo\/\">Mercedes Vaneo<\/a><\/li>\n<\/ul>\n<h3>Mercedes-Autogl\u00fchbirnen<\/h3>\n<p>Sie m\u00f6chten die Gl\u00fchbirnen in Ihrem Mercedes austauschen, wissen aber nicht, welche Art von Autogl\u00fchbirne Sie ben\u00f6tigen? Auf dieser <a href=\"https:\/\/autobaak.nl\/de\/mercedes-autogluhbirnen-ubersicht\/\">Autogl\u00fchbirnen Mercedes<\/a> Seite haben wir eine Liste mit allen Lampen zusammengestellt.<\/p>\n<blockquote class=\"wp-embedded-content\" data-secret=\"PUwI2r1SQK\"><p><a href=\"https:\/\/autobaak.nl\/de\/mercedes-autogluhbirnen-ubersicht\/\">Autolampen Mercedes \u00dcbersicht<\/a><\/p><\/blockquote>\n<p><iframe loading=\"lazy\" class=\"wp-embedded-content\" sandbox=\"allow-scripts\" security=\"restricted\" style=\"position: absolute; clip: rect(1px, 1px, 1px, 1px);\" title=\"&quot;Autolampen Mercedes \u00dcbersicht&quot; - Autobook alles f\u00fcr und \u00fcber Autos\" src=\"https:\/\/autobaak.nl\/autolampen-mercedes-overzicht\/embed\/#?secret=B5NR6AiYSI#?secret=PUwI2r1SQK\" data-secret=\"PUwI2r1SQK\" width=\"600\" height=\"338\" frameborder=\"0\" marginwidth=\"0\" marginheight=\"0\" scrolling=\"no\"><\/iframe><\/p>\n<p>&nbsp;<\/p>\n<p>[\/et_pb_text][\/et_pb_column][\/et_pb_row][et_pb_row column_structure=\"1_2,1_2\u2033 _builder_version=\"4.17.4\u2033 _module_preset=\"default\" global_colors_info=\"{}\"][et_pb_column type=\"1_2\u2033 _builder_version=\"4.17.4\u2033 _module_preset=\"default\" global_colors_info=\"{}\"][et_pb_text _builder_version=\"4.17.4\u2033 _module_preset=\"default\" global_colors_info=\"{}\"]<\/p>\n<h3>Welches Motor\u00f6l Mercedes<\/h3>\n<p>Der rechtzeitige Wechsel des Motor\u00f6ls ist entscheidend f\u00fcr den Zustand Ihres Motors. Dar\u00fcber hinaus ist es wichtig zu wissen, welches Motor\u00f6l Sie ben\u00f6tigen. Im Serviceheft ist in der Regel immer das passende Motor\u00f6l aufgef\u00fchrt. Sie m\u00f6chten wissen, welches Motor\u00f6l Sie in Ihren Mercedes einf\u00fcllen sollen? Dann nutzen Sie die praktische Suchfunktion von Kroon oil:[\/et_pb_text][\/et_pb_column][et_pb_column type=\"1_2\u2033 _builder_version=\"4.17.4\u2033 _module_preset=\"default\" global_colors_info=\"{}\"][et_pb_text _builder_version=\"4.17.4\u2033 _module_preset=\"default\" global_colors_info=\"{}\"]<script type=\"text\/javascript\" src=\"\/\/kroon-oil.com\/adviesbanners\/v3\/bnr-js.php?lang=nl&amp;type=reg&amp;theme=light\"><\/script>[\/et_pb_text][\/et_pb_column][\/et_pb_row][\/et_pb_section].<\/p>","protected":false},"excerpt":{"rendered":"<p>Die Urspr\u00fcnge von Mercedes Die bekannte Marke Mercedes Benz ist ein deutscher Hersteller von Luxusautos, aber auch Lastkraftwagen und z. B. Stadtbusse werden von Mercedes produziert. MB geh\u00f6rt zu einem der gr\u00f6\u00dften Akteure auf dem globalen Automobilmarkt, der Daimler AG. Diese Marke ist f\u00fcr gute Qualit\u00e4t und luxuri\u00f6ses Design bekannt, was sich auch in [...]<\/p>","protected":false},"author":1,"featured_media":0,"parent":0,"menu_order":0,"comment_status":"closed","ping_status":"closed","template":"","meta":{"_et_pb_use_builder":"on","_et_pb_old_content":"","_et_gb_content_width":"","footnotes":""},"class_list":["post-152912","page","type-page","status-publish","hentry"],"yoast_head":"<!-- This site is optimized with the Yoast SEO plugin v27.5 - https:\/\/yoast.com\/product\/yoast-seo-wordpress\/ -->\n<title>Mercedes Home - Autobaak.nl<\/title>\n<meta name=\"robots\" content=\"index, follow, max-snippet:-1, max-image-preview:large, max-video-preview:-1\" \/>\n<link rel=\"canonical\" href=\"https:\/\/autobaak.nl\/de\/mercedes-home\/\" \/>\n<meta property=\"og:locale\" content=\"de_DE\" \/>\n<meta property=\"og:type\" content=\"article\" \/>\n<meta property=\"og:title\" content=\"Mercedes Home - Autobaak.nl\" \/>\n<meta property=\"og:description\" content=\"Het ontstaan van Mercedes Het bekende merk Mercedes Benz is een Duitse fabrikant van luxe auto&#039;s maar ook vrachtwagens en bijvoorbeeld stadsbussen worden geproduceerd door Mercedes. MB is onderdeel van een\u00a0 van de grootste spelers op de wereldwijde automarkt, Daimler AG. Dit merk staat bekend om de goede kwaliteit en luxe design, wat ook terugkomt [&hellip;]\" \/>\n<meta property=\"og:url\" content=\"https:\/\/autobaak.nl\/de\/mercedes-home\/\" \/>\n<meta property=\"og:site_name\" content=\"Autobaak.nl\" \/>\n<meta property=\"article:modified_time\" content=\"2023-02-08T13:15:19+00:00\" \/>\n<meta property=\"og:image\" content=\"https:\/\/autobaak.nl\/wp-content\/uploads\/2022\/06\/pexels-lloyd-freeman-1429775-300x200.jpg\" \/>\n<meta name=\"twitter:card\" content=\"summary_large_image\" \/>\n<meta name=\"twitter:label1\" content=\"Gesch\u00e4tzte Lesezeit\" \/>\n\t<meta name=\"twitter:data1\" content=\"5\u00a0Minuten\" \/>\n<script type=\"application\/ld+json\" class=\"yoast-schema-graph\">{\"@context\":\"https:\\\/\\\/schema.org\",\"@graph\":[{\"@type\":\"WebPage\",\"@id\":\"https:\\\/\\\/autobaak.nl\\\/mercedes-home\\\/\",\"url\":\"https:\\\/\\\/autobaak.nl\\\/mercedes-home\\\/\",\"name\":\"Mercedes Home - Autobaak.nl\",\"isPartOf\":{\"@id\":\"https:\\\/\\\/autobaak.nl\\\/#website\"},\"primaryImageOfPage\":{\"@id\":\"https:\\\/\\\/autobaak.nl\\\/mercedes-home\\\/#primaryimage\"},\"image\":{\"@id\":\"https:\\\/\\\/autobaak.nl\\\/mercedes-home\\\/#primaryimage\"},\"thumbnailUrl\":\"https:\\\/\\\/autobaak.nl\\\/wp-content\\\/uploads\\\/2022\\\/06\\\/pexels-lloyd-freeman-1429775-300x200.jpg\",\"datePublished\":\"2022-06-02T10:05:29+00:00\",\"dateModified\":\"2023-02-08T13:15:19+00:00\",\"breadcrumb\":{\"@id\":\"https:\\\/\\\/autobaak.nl\\\/mercedes-home\\\/#breadcrumb\"},\"inLanguage\":\"de\",\"potentialAction\":[{\"@type\":\"ReadAction\",\"target\":[\"https:\\\/\\\/autobaak.nl\\\/mercedes-home\\\/\"]}]},{\"@type\":\"ImageObject\",\"inLanguage\":\"de\",\"@id\":\"https:\\\/\\\/autobaak.nl\\\/mercedes-home\\\/#primaryimage\",\"url\":\"https:\\\/\\\/autobaak.nl\\\/wp-content\\\/uploads\\\/2022\\\/06\\\/pexels-lloyd-freeman-1429775-300x200.jpg\",\"contentUrl\":\"https:\\\/\\\/autobaak.nl\\\/wp-content\\\/uploads\\\/2022\\\/06\\\/pexels-lloyd-freeman-1429775-300x200.jpg\"},{\"@type\":\"BreadcrumbList\",\"@id\":\"https:\\\/\\\/autobaak.nl\\\/mercedes-home\\\/#breadcrumb\",\"itemListElement\":[{\"@type\":\"ListItem\",\"position\":1,\"name\":\"Home\",\"item\":\"https:\\\/\\\/autobaak.nl\\\/\"},{\"@type\":\"ListItem\",\"position\":2,\"name\":\"Mercedes Home\"}]},{\"@type\":\"WebSite\",\"@id\":\"https:\\\/\\\/autobaak.nl\\\/#website\",\"url\":\"https:\\\/\\\/autobaak.nl\\\/\",\"name\":\"Autobaak.nl\",\"description\":\"Cars &amp; Racing\",\"potentialAction\":[{\"@type\":\"SearchAction\",\"target\":{\"@type\":\"EntryPoint\",\"urlTemplate\":\"https:\\\/\\\/autobaak.nl\\\/?s={search_term_string}\"},\"query-input\":{\"@type\":\"PropertyValueSpecification\",\"valueRequired\":true,\"valueName\":\"search_term_string\"}}],\"inLanguage\":\"de\"}]}<\/script>\n<!-- \/ Yoast SEO plugin. -->","yoast_head_json":{"title":"Mercedes Startseite - Autobaak.de","robots":{"index":"index","follow":"follow","max-snippet":"max-snippet:-1","max-image-preview":"max-image-preview:large","max-video-preview":"max-video-preview:-1"},"canonical":"https:\/\/autobaak.nl\/de\/mercedes-home\/","og_locale":"de_DE","og_type":"article","og_title":"Mercedes Home - Autobaak.nl","og_description":"Het ontstaan van Mercedes Het bekende merk Mercedes Benz is een Duitse fabrikant van luxe auto's maar ook vrachtwagens en bijvoorbeeld stadsbussen worden geproduceerd door Mercedes. MB is onderdeel van een\u00a0 van de grootste spelers op de wereldwijde automarkt, Daimler AG. Dit merk staat bekend om de goede kwaliteit en luxe design, wat ook terugkomt [&hellip;]","og_url":"https:\/\/autobaak.nl\/de\/mercedes-home\/","og_site_name":"Autobaak.nl","article_modified_time":"2023-02-08T13:15:19+00:00","og_image":[{"url":"https:\/\/autobaak.nl\/wp-content\/uploads\/2022\/06\/pexels-lloyd-freeman-1429775-300x200.jpg","type":"","width":"","height":""}],"twitter_card":"summary_large_image","twitter_misc":{"Gesch\u00e4tzte Lesezeit":"5\u00a0Minuten"},"schema":{"@context":"https:\/\/schema.org","@graph":[{"@type":"WebPage","@id":"https:\/\/autobaak.nl\/mercedes-home\/","url":"https:\/\/autobaak.nl\/mercedes-home\/","name":"Mercedes Startseite - Autobaak.de","isPartOf":{"@id":"https:\/\/autobaak.nl\/#website"},"primaryImageOfPage":{"@id":"https:\/\/autobaak.nl\/mercedes-home\/#primaryimage"},"image":{"@id":"https:\/\/autobaak.nl\/mercedes-home\/#primaryimage"},"thumbnailUrl":"https:\/\/autobaak.nl\/wp-content\/uploads\/2022\/06\/pexels-lloyd-freeman-1429775-300x200.jpg","datePublished":"2022-06-02T10:05:29+00:00","dateModified":"2023-02-08T13:15:19+00:00","breadcrumb":{"@id":"https:\/\/autobaak.nl\/mercedes-home\/#breadcrumb"},"inLanguage":"de","potentialAction":[{"@type":"ReadAction","target":["https:\/\/autobaak.nl\/mercedes-home\/"]}]},{"@type":"ImageObject","inLanguage":"de","@id":"https:\/\/autobaak.nl\/mercedes-home\/#primaryimage","url":"https:\/\/autobaak.nl\/wp-content\/uploads\/2022\/06\/pexels-lloyd-freeman-1429775-300x200.jpg","contentUrl":"https:\/\/autobaak.nl\/wp-content\/uploads\/2022\/06\/pexels-lloyd-freeman-1429775-300x200.jpg"},{"@type":"BreadcrumbList","@id":"https:\/\/autobaak.nl\/mercedes-home\/#breadcrumb","itemListElement":[{"@type":"ListItem","position":1,"name":"Home","item":"https:\/\/autobaak.nl\/"},{"@type":"ListItem","position":2,"name":"Mercedes Home"}]},{"@type":"WebSite","@id":"https:\/\/autobaak.nl\/#website","url":"https:\/\/autobaak.nl\/","name":"Autobook.de","description":"Autos &amp; Rennsport","potentialAction":[{"@type":"SearchAction","target":{"@type":"EntryPoint","urlTemplate":"https:\/\/autobaak.nl\/?s={search_term_string}"},"query-input":{"@type":"PropertyValueSpecification","valueRequired":true,"valueName":"search_term_string"}}],"inLanguage":"de"}]}},"_links":{"self":[{"href":"https:\/\/autobaak.nl\/de\/wp-json\/wp\/v2\/pages\/152912","targetHints":{"allow":["GET"]}}],"collection":[{"href":"https:\/\/autobaak.nl\/de\/wp-json\/wp\/v2\/pages"}],"about":[{"href":"https:\/\/autobaak.nl\/de\/wp-json\/wp\/v2\/types\/page"}],"author":[{"embeddable":true,"href":"https:\/\/autobaak.nl\/de\/wp-json\/wp\/v2\/users\/1"}],"replies":[{"embeddable":true,"href":"https:\/\/autobaak.nl\/de\/wp-json\/wp\/v2\/comments?post=152912"}],"version-history":[{"count":0,"href":"https:\/\/autobaak.nl\/de\/wp-json\/wp\/v2\/pages\/152912\/revisions"}],"wp:attachment":[{"href":"https:\/\/autobaak.nl\/de\/wp-json\/wp\/v2\/media?parent=152912"}],"curies":[{"name":"wp","href":"https:\/\/api.w.org\/{rel}","templated":true}]}}