{"id":152999,"date":"2022-06-14T10:34:51","date_gmt":"2022-06-14T08:34:51","guid":{"rendered":"https:\/\/autobaak.nl\/?page_id=152999"},"modified":"2023-06-12T11:28:06","modified_gmt":"2023-06-12T09:28:06","slug":"kia-home","status":"publish","type":"page","link":"https:\/\/autobaak.nl\/de\/kia-home\/","title":{"rendered":"Kia Startseite"},"content":{"rendered":"<p>[et_pb_section fb_built=\"1\u2033 inner_shadow=\"on\" fullwidth=\"on\" _builder_version=\"4.16\u2033 background_image=\"https:\/\/autobaak.nl\/wp-content\/uploads\/2018\/10\/audi-home-info.jpg\" global_colors_info=\"{}\"][et_pb_fullwidth_header title=\"Kia Home\" subhead=\"N\u00fctzliche Informationen \u00fcber diese asiatische Marke\" text_orientation=\"centre\" _builder_version=\"4.17.4\u2033 content_font_size=\"15px\" background_color=\"rgba(255, 255, 255, 0)\" background_image=\"https:\/\/autobaak.nl\/wp-content\/uploads\/2022\/06\/kia.jpg\" text_shadow_style=\"preset5\u2033 text_shadow_color=\"rgba(0,0,0,0.52)\" global_colors_info=\"{}\" button_one_text_size__hover_enabled=\"off\" button_one_text_size__hover=\"null\" button_two_text_size__hover_enabled=\"off\" button_two_text_size__hover=\"null\" button_one_text_color__hover_enabled=\"off\" button_one_text_color__hover=\"null\" button_two_text_color__hover_enabled=\"off\" button_two_text_color__hover=\"null\" button_one_border_width__hover_enabled=\"off\" button_one_border_width__hover=\"null\" button_two_border_width__hover_enabled=\"off\" button_two_border_width__hover=\"null\" button_one_border_color__hover_enabled=\"off\" button_one_border_color__hover=\"null\" button_two_border_color__hover_enabled=\"off\" button_two_border_color__hover=\"null\" button_one_border_radius__hover_enabled=\"off\" button_one_border_radius__hover=\"null\" button_two_border_radius__hover_enabled=\"off\" button_two_border_radius__hover=\"null\" button_one_letter_spacing__hover_enabled=\"off\" button_one_letter_spacing__hover=\"null\" button_two_letter_spacing__hover_enabled=\"off\" button_two_letter_spacing__hover=\"null\" button_one_bg_color__hover_enabled=\"off\" button_one_bg_color__hover=\"null\" button_two_bg_color__hover_enabled=\"off\" button_two_bg_color__hover=\"null\"][\/et_pb_fullwidth_header][\/et_pb_section][et_pb_section fb_built=\"1\u2033 _builder_version=\"4.16\u2033 custom_padding=\"2px|0px|3px|0px\" global_colors_info=\"{}\"][et_pb_row _builder_version=\"4.16\u2033 background_size=\"initial\" background_position=\"top_left\" background_repeat=\"repeat\" custom_padding=\"26.3594px|0px|2px|0px\" global_colors_info=\"{}\"][et_pb_column type=\"4_4\u2033 _builder_version=\"4.16\u2033 custom_padding=\"|||\" global_colors_info=\"{}\" custom_padding__hover=\"|||\"][et_pb_text _builder_version=\"4.17.4\u2033 global_colors_info=\"{}\"]<\/p>\n<h2>Kia Geschichte<\/h2>\n<p>Kia, ein Fahrradhersteller, begann 1971 mit der Produktion eines Fahrzeugs, und zwei Jahre sp\u00e4ter kam der erste Benzinmotor nach Korea. So entwickelte sich der flei\u00dfige Asiate bis zu seinem Eintritt in den deutschen Markt im Jahr 1993. Das Modell war der Sephia, falls Sie sich nicht erinnern. Dann gab es den Kleinwagen Pride, auf den der Sportage folgte. Auch wenn das Wort \"SUV\" noch nicht erfunden war. Karmann in Osnabr\u00fcck hingegen baute den europ\u00e4ischen Sportage. Die ersten Schritte von Kia wurden nicht mit einem L\u00e4cheln begr\u00fc\u00dft. Dennoch war Kia w\u00e4hrend der asiatischen Finanzkrise 1998 zum Scheitern verurteilt und wurde schlie\u00dflich von Hyundai \u00fcbernommen. Der Ceed profitiert wie der Skoda von VW von dieser Fusion; der Ceed ist fast identisch mit dem i30. Und Mitte 2012 sollen die Koreaner, die von den europ\u00e4ischen Autoherstellern bereits mit Misstrauen betrachtet werden, die Branche schockiert haben: Sie werden eine volle siebenj\u00e4hrige Herstellergarantie bis zu 150.000 Kilometer gew\u00e4hren. Darin sind alle Wartungsarbeiten enthalten, und die Mobilit\u00e4tsgarantie kommt auch bei Schl\u00fcsselverlust zum Tragen.<\/p>\n<h3>Welche Kia-Modelle gibt es<\/h3>\n<p>Obwohl viele Kia-Produkte denen von Hyundai \u00e4hneln, sind einige, wie z. B. die Schr\u00e4ghecklimousine Soul, einzigartig f\u00fcr die Marke. Zu den SUV-Highlights von Kia geh\u00f6ren der dreireihige Telluride und der subkompakte Seltos, aber die Marke bietet auch den kompakten Sportage und den mittelgro\u00dfen Sorento an. Das breite Angebot von Kia umfasst auch den Forte, den Mittelklassewagen K5 und den leistungsorientierten Stinger. Zu den Elektroautos geh\u00f6ren Hybrid-, Plug-in-Hybrid- und vollelektrische Versionen des Niro Flie\u00dfheckmodells.<\/p>\n<p>[\/et_pb_text][\/et_pb_column][\/et_pb_row][et_pb_row _builder_version=\"4.16\u2033 background_size=\"initial\" background_position=\"top_left\" background_repeat=\"repeat\" custom_padding=\"26.3594px|0px|2px|0px\" global_colors_info=\"{}\"][et_pb_column type=\"4_4\u2033 _builder_version=\"4.16\u2033 custom_padding=\"|||\" global_colors_info=\"{}\" custom_padding__hover=\"|||\"][et_pb_text _builder_version=\"4.17.4\u2033 background_color=\"rgba(12,113,195,0.18)\" custom_margin=\"0px|||\" custom_padding=\"10px|20px|10px|20px\" global_colors_info=\"{}\"]<\/p>\n<h2 style=\"text-align: center;\">Kia-Datenbank<\/h2>\n<p style=\"text-align: center;\">Die folgenden \u00dcbersichten zeigen Wartungsintervalle, Motor\u00f6lbedarf und Tipps f\u00fcr die neuesten Kia-Modelle. Die Intervalle und Richtlinien sind nur ein Anhaltspunkt, es k\u00f6nnen Umst\u00e4nde eintreten, die eine Werkstatt veranlassen, einen anderen Rat zu geben.<\/p>\n<p>[\/et_pb_text][\/et_pb_column][\/et_pb_row][\/et_pb_section][et_pb_section fb_built=\"1\u2033 _builder_version=\"4.16\u2033 custom_padding=\"1px|0px|52.7188px|0px\" global_colors_info=\"{}\"][et_pb_row _builder_version=\"4.16\u2033 background_size=\"initial\" background_position=\"top_left\" background_repeat=\"repeat\" global_colors_info=\"{}\"][et_pb_column type=\"4_4\u2033 _builder_version=\"4.16\u2033 custom_padding=\"|||\" global_colors_info=\"{}\" custom_padding__hover=\"|||\"][et_pb_text _builder_version=\"4.19.4\u2033 global_colors_info=\"{}\"]<\/p>\n<h2>\u00a0<\/h2>\n<h2>Kia-Kette oder Riemen?<\/h2>\n<p>Haben Sie einen Kia und fragen sich, ob er einen Zahnriemen oder eine Steuerkette hat? Die meisten Kia-Fahrzeuge sind mit einer Kette und nicht mit einem Zahnriemen ausgestattet. Nur die folgenden Modelle haben einen G\u00fcrtel:<\/p>\n<ul>\n<li>Kia Picanto 1 Liter Benzin (2009-2011)<\/li>\n<li>Kia Carnival 2.9 Diesel (2001-2009)<\/li>\n<\/ul>\n<p>Auf der folgenden Seite finden Sie weitere Informationen \u00fcber den Zahnriemen und die Kette bei Kia-Modellen:<\/p>\n<blockquote class=\"wp-embedded-content\" data-secret=\"7SkUDEFxHF\"><p><a href=\"https:\/\/autobaak.nl\/de\/hat-der-kia-einen-zahnriemen-oder-eine-kette\/\">Hat der Kia einen Zahnriemen oder eine Kette?<\/a><\/p><\/blockquote>\n<p><iframe loading=\"lazy\" class=\"wp-embedded-content\" sandbox=\"allow-scripts\" security=\"restricted\" style=\"position: absolute; clip: rect(1px, 1px, 1px, 1px);\" title=\"&quot;Hat der Kia einen Zahnriemen oder eine Kette?&quot; - Autobaak.de\" src=\"https:\/\/autobaak.nl\/heeft-kia-een-distributieriem-of-ketting\/embed\/#?secret=zFqMRB1tBw#?secret=7SkUDEFxHF\" data-secret=\"7SkUDEFxHF\" width=\"600\" height=\"338\" frameborder=\"0\" marginwidth=\"0\" marginheight=\"0\" scrolling=\"no\"><\/iframe><\/p>\n<h3>Reifendruck Kia<\/h3>\n<p>Der Reifendruck Ihres Kia sollte monatlich \u00fcberpr\u00fcft werden, um eine optimale Leistung zu gew\u00e4hrleisten. Au\u00dferdem kann ein falscher Reifendruck zu hohem Kraftstoffverbrauch und schnellerem oder ungleichm\u00e4\u00dfigem Verschlei\u00df der Reifen f\u00fchren. Auf den folgenden Seiten finden Sie eine \u00dcbersicht \u00fcber die Reifendr\u00fccke f\u00fcr Ihren Kia.<\/p>\n<ul>\n<li><a href=\"https:\/\/autobaak.nl\/de\/reifendruck-kia-cerato\/\">Kia Cerato<\/a><\/li>\n<li><a href=\"https:\/\/autobaak.nl\/de\/reifendruck-kia-niro\/\">Kia Niro<\/a><\/li>\n<li><a href=\"https:\/\/autobaak.nl\/de\/reifendruck-kia-carens\/\">Kia Karen<\/a><\/li>\n<li><a href=\"https:\/\/autobaak.nl\/de\/reifendruck-kia-karneval\/\">Kia-Karneval<\/a><\/li>\n<li><a href=\"https:\/\/autobaak.nl\/de\/reifendruck-kia-optima\/\">Kia Optima<\/a><\/li>\n<li><a href=\"https:\/\/autobaak.nl\/de\/reifendruck-kia-rio\/\">Kia Rio<\/a><\/li>\n<li><a href=\"https:\/\/autobaak.nl\/de\/reifendruck-kia-sorento\/\">Kia Sorento<\/a><\/li>\n<li><a href=\"https:\/\/autobaak.nl\/de\/reifendruck-kia-sportage\/\">Kia Sportage<\/a><\/li>\n<li><a href=\"https:\/\/autobaak.nl\/de\/reifendruck-kia-ceed\/\">Kia c'eed<\/a><\/li>\n<li><a href=\"https:\/\/autobaak.nl\/de\/reifendruck-kia-picanto\/\">Kia Picanto<\/a><\/li>\n<\/ul>\n<h3>Lampen f\u00fcr Kia<\/h3>\n<p>Sie m\u00f6chten die Gl\u00fchbirnen in Ihrem Kia ersetzen, wissen aber nicht, welche Art von Gl\u00fchbirne Sie ben\u00f6tigen? Zu diesem <a href=\"https:\/\/autobaak.nl\/de\/kia-autogluhbirnen-ubersicht\/\">Kia Autogl\u00fchbirnen<\/a> Seite haben wir eine Liste mit allen Lampen zusammengestellt.<\/p>\n<blockquote class=\"wp-embedded-content\" data-secret=\"9eQRxFybwU\"><p><a href=\"https:\/\/autobaak.nl\/de\/kia-autogluhbirnen-ubersicht\/\">Autolampen KIA \u00dcbersicht<\/a><\/p><\/blockquote>\n<p><iframe loading=\"lazy\" class=\"wp-embedded-content\" sandbox=\"allow-scripts\" security=\"restricted\" style=\"position: absolute; clip: rect(1px, 1px, 1px, 1px);\" title=\"&quot;Autolampen KIA im \u00dcberblick&quot; - Autobaak.co.uk\" src=\"https:\/\/autobaak.nl\/autolampen-kia-overzicht\/embed\/#?secret=8wUcCALHfS#?secret=9eQRxFybwU\" data-secret=\"9eQRxFybwU\" width=\"600\" height=\"338\" frameborder=\"0\" marginwidth=\"0\" marginheight=\"0\" scrolling=\"no\"><\/iframe><\/p>\n<h3>Bekannte Probleme und Kaufberatung Kia<\/h3>\n<p>F\u00fcr beliebte Kia-Modelle haben wir die bekannten Probleme und Kaufempfehlungen aufgelistet. Klicken Sie auf die Links unten, um weiterzulesen!<\/p>\n<blockquote class=\"wp-embedded-content\" data-secret=\"dL6maz4Unu\"><p><a href=\"https:\/\/autobaak.nl\/de\/kia-picanto-probleme-und-kaufberatung\/\">Kia Picanto Probleme und Kaufberatung<\/a><\/p><\/blockquote>\n<p><iframe loading=\"lazy\" class=\"wp-embedded-content\" sandbox=\"allow-scripts\" security=\"restricted\" style=\"position: absolute; clip: rect(1px, 1px, 1px, 1px);\" title=\"&quot;Kia Picanto Probleme und Kaufberatung&quot; - Autobaak.de\" src=\"https:\/\/autobaak.nl\/kia-picanto-problemen-en-aankoopadvies\/embed\/#?secret=KfwijsNQXE#?secret=dL6maz4Unu\" data-secret=\"dL6maz4Unu\" width=\"600\" height=\"338\" frameborder=\"0\" marginwidth=\"0\" marginheight=\"0\" scrolling=\"no\"><\/iframe><\/p>\n<p>&nbsp;<\/p>\n<p>[\/et_pb_text][\/et_pb_column][\/et_pb_row][et_pb_row column_structure=\"1_2,1_2\u2033 _builder_version=\"4.17.4\u2033 _module_preset=\"default\" global_colors_info=\"{}\"][et_pb_column type=\"1_2\u2033 _builder_version=\"4.17.4\u2033 _module_preset=\"default\" global_colors_info=\"{}\"][et_pb_text _builder_version=\"4.21.0\u2033 _module_preset=\"default\" hover_enabled=\"0\u2033 global_colors_info=\"{}\" sticky_enabled=\"0\u2033]<\/p>\n<h3>Welches Motor\u00f6l f\u00fcr Kia<\/h3>\n<p>Der rechtzeitige Wechsel des Motor\u00f6ls ist entscheidend f\u00fcr den Zustand Ihres Motors. Dar\u00fcber hinaus ist es wichtig zu wissen, welches Motor\u00f6l Sie ben\u00f6tigen. Im Serviceheft ist in der Regel immer das passende Motor\u00f6l aufgef\u00fchrt. M\u00f6chten Sie wissen, welches \u00d6l Ihr Kia braucht? Dann klicken Sie auf Ihr Modell und Sie werden auf eine Seite mit dem richtigen \u00d6l f\u00fcr jeden Kia-Typ weitergeleitet.<\/p>\n<p>[\/et_pb_text][\/et_pb_column][et_pb_column type=\"1_2\u2033 _builder_version=\"4.17.4\u2033 _module_preset=\"default\" global_colors_info=\"{}\"][et_pb_text _builder_version=\"4.21.0\u2033 _module_preset=\"default\" hover_enabled=\"0\u2033 global_colors_info=\"{}\" sticky_enabled=\"0\u2033]<\/p>\n<ul>\n<li><a class=\"row-title\" href=\"https:\/\/autobaak.nl\/de\/welches-motorol-kia-cadenza-vg\/\" aria-label=\"&quot;Welches Motor\u00f6l Kia Cadenza VG&quot; (bearbeiten)\">Motor\u00f6l Kia Cadenza VG<\/a><\/li>\n<li><a href=\"https:\/\/autobaak.nl\/de\/welches-motorol-kia-cadenza-yg\/\">Motor\u00f6l Kia Cadenza YG<\/a><\/li>\n<li><a class=\"row-title\" href=\"https:\/\/autobaak.nl\/de\/welches-motorol-kia-carens-rondo-rp\/\" aria-label=\"&quot;Welches Motor\u00f6l Kia Carens, Rondo RP&quot; (edit)\">Motor\u00f6l Kia Carens, Rondo RP<\/a><\/li>\n<li><a class=\"row-title\" href=\"https:\/\/autobaak.nl\/de\/welches-motorol-kia-carens-fj\/\" aria-label=\"&quot;Welches Motor\u00f6l Kia Carens FJ&quot; (bearbeiten)\">Motor\u00f6l Kia Carens FJ<\/a><\/li>\n<li><a class=\"row-title\" href=\"https:\/\/autobaak.nl\/de\/welches-motorol-kia-carnival-sedona-cq\/\" aria-label=\"&quot;Welches Motor\u00f6l Kia Carnival, Sedona CQ&quot; (bearbeiten)\">Motor\u00f6l Kia Carnival, Sedona CQ<\/a><\/li>\n<li><a class=\"row-title\" href=\"https:\/\/autobaak.nl\/de\/welches-motorol-kia-carnival-sedona-vq\/\" aria-label=\"&quot;Welches Motor\u00f6l Kia Carnival, Sedona VQ&quot; (bearbeiten)\">Motor\u00f6l Kia Carnival, Sedona VQ<\/a><\/li>\n<li><a class=\"row-title\" href=\"https:\/\/autobaak.nl\/de\/motorol-kia-ceed-ed\/\" aria-label=\"&quot;Motor\u00f6l Kia CE&#039;ED ED&quot; (Bearbeiten)\">Motor\u00f6l Kia CE'ED ED<\/a><\/li>\n<li><a class=\"row-title\" href=\"https:\/\/autobaak.nl\/de\/motorol-kia-ceed-jd\/\" aria-label=\"&quot;Motor\u00f6l Kia CE&#039;ED JD&quot; (Bearbeiten)\">Motor\u00f6l Kia CE'ED JD<\/a><\/li>\n<li><a class=\"row-title\" href=\"https:\/\/autobaak.nl\/de\/welches-motorol-kia-cerato\/\" aria-label=\"&quot;Welches Motor\u00f6l Kia Cerato&quot; (bearbeiten)\">Motor\u00f6l Kia Cerato<\/a><\/li>\n<li><a class=\"row-title\" href=\"https:\/\/autobaak.nl\/de\/welches-motorol-kia-picanto-ja\/\" aria-label=\"&quot;Welches Motor\u00f6l Kia Picanto YES&quot; (edit)\">Motor\u00f6l Kia Picanto YES<\/a><\/li>\n<li><a class=\"row-title\" href=\"https:\/\/autobaak.nl\/de\/welches-motorol-kia-picanto-sa\/\" aria-label=\"&quot;Welches Motor\u00f6l Kia Picanto SA&quot; (bearbeiten)\">Motor\u00f6l Kia Picanto SA<\/a><\/li>\n<li><a class=\"row-title\" href=\"https:\/\/autobaak.nl\/de\/welches-motorol-kia-picanto-ta\/\" aria-label=\"&quot;Welches Motor\u00f6l Kia Picanto TA&quot; (bearbeiten)\">Motor\u00f6l Kia Picanto TA<\/a><\/li>\n<li><a class=\"row-title\" href=\"https:\/\/autobaak.nl\/de\/welches-motorol-kia-rio-jb\/\" aria-label=\"&quot;Welches Motor\u00f6l Kia Rio JB&quot; (Bearbeiten)\">Motor\u00f6l Kia Rio JB<\/a><\/li>\n<li><a class=\"row-title\" href=\"https:\/\/autobaak.nl\/de\/welches-motorol-kia-rio-ub\/\" aria-label=\"&quot;Welches Motor\u00f6l Kia Rio UB&quot; (Bearbeiten)\">Motor\u00f6l Kia Rio UB<\/a><\/li>\n<li><a class=\"row-title\" href=\"https:\/\/autobaak.nl\/de\/welches-motorol-kia-rio-yb\/\" aria-label=\"&quot;Welches Motor\u00f6l Kia Rio YB&quot; (Bearbeiten)\">Motor\u00f6l Kia Rio YB<\/a><\/li>\n<li><a href=\"https:\/\/autobaak.nl\/de\/welches-motorol-kia-rio-bc-dc\/\">Motor\u00f6l Kia RIO BC\/DC<\/a><\/li>\n<li><a class=\"row-title\" href=\"https:\/\/autobaak.nl\/de\/welches-motorol-kia-sportage-al-km\/\" aria-label=\"&quot;Welches Motor\u00f6l Kia Sportage AL\/KM&quot; (bearbeiten)\">Motor\u00f6l Kia Sportage AL\/KM<\/a><\/li>\n<li><a class=\"row-title\" href=\"https:\/\/autobaak.nl\/de\/welches-motorol-kia-sportage-qle\/\" aria-label=\"&quot;Welches Motor\u00f6l Kia Sportage QLE&quot; (bearbeiten)\">Motor\u00f6l Kia Sportage QLE<\/a><\/li>\n<li><a class=\"row-title\" href=\"https:\/\/autobaak.nl\/de\/welches-motorol-kia-sportage-sle\/\" aria-label=\"&quot;Welches Motor\u00f6l Kia Sportage SLE&quot; (bearbeiten)\">Motor\u00f6l Kia Sportage SLE<\/a><\/li>\n<\/ul>\n<p>[\/et_pb_text][\/et_pb_column][\/et_pb_row][\/et_pb_section].<\/p>","protected":false},"excerpt":{"rendered":"<p>Geschichte Kia Kia, ein Fahrradhersteller, begann 1971 mit der Produktion eines Fahrzeugs und zwei Jahre sp\u00e4ter kam der erste Benzinmotor nach Korea. So entwickelte sich der flei\u00dfige Asiate, bis er 1993 auf den deutschen Markt kam. Das Modell war der Sephia, falls Sie sich nicht mehr erinnern. Dann gab es [...]<\/p>","protected":false},"author":1,"featured_media":0,"parent":0,"menu_order":0,"comment_status":"closed","ping_status":"closed","template":"","meta":{"_et_pb_use_builder":"on","_et_pb_old_content":"","_et_gb_content_width":"","footnotes":""},"class_list":["post-152999","page","type-page","status-publish","hentry"],"yoast_head":"<!-- This site is optimized with the Yoast SEO plugin v27.6 - https:\/\/yoast.com\/product\/yoast-seo-wordpress\/ -->\n<title>Kia Home - Autobaak.nl<\/title>\n<meta name=\"robots\" content=\"index, follow, max-snippet:-1, max-image-preview:large, max-video-preview:-1\" \/>\n<link rel=\"canonical\" href=\"https:\/\/autobaak.nl\/de\/kia-home\/\" \/>\n<meta property=\"og:locale\" content=\"de_DE\" \/>\n<meta property=\"og:type\" content=\"article\" \/>\n<meta property=\"og:title\" content=\"Kia Home - Autobaak.nl\" \/>\n<meta property=\"og:description\" content=\"Geschiedenis Kia Kia, een fietsenfabrikant, begon in 1971 met de productie van een voertuig en twee jaar later arriveerde de eerste benzinemotor in Korea. Dit is hoe de hardwerkende Aziaten zich ontwikkelden tot ze in 1993 op de Duitse markt kwamen. Het model was de Sephia, als je het je niet herinnert. Dan was er [&hellip;]\" \/>\n<meta property=\"og:url\" content=\"https:\/\/autobaak.nl\/de\/kia-home\/\" \/>\n<meta property=\"og:site_name\" content=\"Autobaak.nl\" \/>\n<meta property=\"article:modified_time\" content=\"2023-06-12T09:28:06+00:00\" \/>\n<meta name=\"twitter:card\" content=\"summary_large_image\" \/>\n<meta name=\"twitter:label1\" content=\"Gesch\u00e4tzte Lesezeit\" \/>\n\t<meta name=\"twitter:data1\" content=\"4\u00a0Minuten\" \/>\n<script type=\"application\/ld+json\" class=\"yoast-schema-graph\">{\"@context\":\"https:\\\/\\\/schema.org\",\"@graph\":[{\"@type\":\"WebPage\",\"@id\":\"https:\\\/\\\/autobaak.nl\\\/kia-home\\\/\",\"url\":\"https:\\\/\\\/autobaak.nl\\\/kia-home\\\/\",\"name\":\"Kia Home - Autobaak.nl\",\"isPartOf\":{\"@id\":\"https:\\\/\\\/autobaak.nl\\\/#website\"},\"datePublished\":\"2022-06-14T08:34:51+00:00\",\"dateModified\":\"2023-06-12T09:28:06+00:00\",\"breadcrumb\":{\"@id\":\"https:\\\/\\\/autobaak.nl\\\/kia-home\\\/#breadcrumb\"},\"inLanguage\":\"de\",\"potentialAction\":[{\"@type\":\"ReadAction\",\"target\":[\"https:\\\/\\\/autobaak.nl\\\/kia-home\\\/\"]}]},{\"@type\":\"BreadcrumbList\",\"@id\":\"https:\\\/\\\/autobaak.nl\\\/kia-home\\\/#breadcrumb\",\"itemListElement\":[{\"@type\":\"ListItem\",\"position\":1,\"name\":\"Home\",\"item\":\"https:\\\/\\\/autobaak.nl\\\/\"},{\"@type\":\"ListItem\",\"position\":2,\"name\":\"Kia Home\"}]},{\"@type\":\"WebSite\",\"@id\":\"https:\\\/\\\/autobaak.nl\\\/#website\",\"url\":\"https:\\\/\\\/autobaak.nl\\\/\",\"name\":\"Autobaak.nl\",\"description\":\"Cars &amp; Racing\",\"potentialAction\":[{\"@type\":\"SearchAction\",\"target\":{\"@type\":\"EntryPoint\",\"urlTemplate\":\"https:\\\/\\\/autobaak.nl\\\/?s={search_term_string}\"},\"query-input\":{\"@type\":\"PropertyValueSpecification\",\"valueRequired\":true,\"valueName\":\"search_term_string\"}}],\"inLanguage\":\"de\"}]}<\/script>\n<!-- \/ Yoast SEO plugin. -->","yoast_head_json":{"title":"Kia Startseite - Autobaak.de","robots":{"index":"index","follow":"follow","max-snippet":"max-snippet:-1","max-image-preview":"max-image-preview:large","max-video-preview":"max-video-preview:-1"},"canonical":"https:\/\/autobaak.nl\/de\/kia-home\/","og_locale":"de_DE","og_type":"article","og_title":"Kia Home - Autobaak.nl","og_description":"Geschiedenis Kia Kia, een fietsenfabrikant, begon in 1971 met de productie van een voertuig en twee jaar later arriveerde de eerste benzinemotor in Korea. Dit is hoe de hardwerkende Aziaten zich ontwikkelden tot ze in 1993 op de Duitse markt kwamen. Het model was de Sephia, als je het je niet herinnert. Dan was er [&hellip;]","og_url":"https:\/\/autobaak.nl\/de\/kia-home\/","og_site_name":"Autobaak.nl","article_modified_time":"2023-06-12T09:28:06+00:00","twitter_card":"summary_large_image","twitter_misc":{"Gesch\u00e4tzte Lesezeit":"4\u00a0Minuten"},"schema":{"@context":"https:\/\/schema.org","@graph":[{"@type":"WebPage","@id":"https:\/\/autobaak.nl\/kia-home\/","url":"https:\/\/autobaak.nl\/kia-home\/","name":"Kia Startseite - Autobaak.de","isPartOf":{"@id":"https:\/\/autobaak.nl\/#website"},"datePublished":"2022-06-14T08:34:51+00:00","dateModified":"2023-06-12T09:28:06+00:00","breadcrumb":{"@id":"https:\/\/autobaak.nl\/kia-home\/#breadcrumb"},"inLanguage":"de","potentialAction":[{"@type":"ReadAction","target":["https:\/\/autobaak.nl\/kia-home\/"]}]},{"@type":"BreadcrumbList","@id":"https:\/\/autobaak.nl\/kia-home\/#breadcrumb","itemListElement":[{"@type":"ListItem","position":1,"name":"Home","item":"https:\/\/autobaak.nl\/"},{"@type":"ListItem","position":2,"name":"Kia Home"}]},{"@type":"WebSite","@id":"https:\/\/autobaak.nl\/#website","url":"https:\/\/autobaak.nl\/","name":"Autobook.de","description":"Autos &amp; Rennsport","potentialAction":[{"@type":"SearchAction","target":{"@type":"EntryPoint","urlTemplate":"https:\/\/autobaak.nl\/?s={search_term_string}"},"query-input":{"@type":"PropertyValueSpecification","valueRequired":true,"valueName":"search_term_string"}}],"inLanguage":"de"}]}},"_links":{"self":[{"href":"https:\/\/autobaak.nl\/de\/wp-json\/wp\/v2\/pages\/152999","targetHints":{"allow":["GET"]}}],"collection":[{"href":"https:\/\/autobaak.nl\/de\/wp-json\/wp\/v2\/pages"}],"about":[{"href":"https:\/\/autobaak.nl\/de\/wp-json\/wp\/v2\/types\/page"}],"author":[{"embeddable":true,"href":"https:\/\/autobaak.nl\/de\/wp-json\/wp\/v2\/users\/1"}],"replies":[{"embeddable":true,"href":"https:\/\/autobaak.nl\/de\/wp-json\/wp\/v2\/comments?post=152999"}],"version-history":[{"count":2,"href":"https:\/\/autobaak.nl\/de\/wp-json\/wp\/v2\/pages\/152999\/revisions"}],"predecessor-version":[{"id":155988,"href":"https:\/\/autobaak.nl\/de\/wp-json\/wp\/v2\/pages\/152999\/revisions\/155988"}],"wp:attachment":[{"href":"https:\/\/autobaak.nl\/de\/wp-json\/wp\/v2\/media?parent=152999"}],"curies":[{"name":"wp","href":"https:\/\/api.w.org\/{rel}","templated":true}]}}