{"id":153018,"date":"2022-06-14T10:50:13","date_gmt":"2022-06-14T08:50:13","guid":{"rendered":"https:\/\/autobaak.nl\/?page_id=153018"},"modified":"2022-06-14T10:50:13","modified_gmt":"2022-06-14T08:50:13","slug":"reifendruck-kia-picanto","status":"publish","type":"page","link":"https:\/\/autobaak.nl\/de\/reifendruck-kia-picanto\/","title":{"rendered":"Reifendruck Kia Picanto"},"content":{"rendered":"<p>Sie suchen den Reifendruck f\u00fcr Ihren Kia Picanto? Unten finden Sie eine \u00dcbersicht des Reifendrucks f\u00fcr Kia Picanto-Modelle:<\/p>\n<table class=\"table table-striped table-bordered table-hover table-responsive\">\n<thead class=\"thead-dark\">\n<tr>\n<th>Antrieb<\/th>\n<th>Gr\u00f6\u00dfe des Reifens<\/th>\n<th>Reifendruck f\u00fcr<\/th>\n<th>Reifendruck hinten<\/th>\n<th>Frontlader<\/th>\n<th>Laden Sie die R\u00fcckseite<\/th>\n<\/tr>\n<\/thead>\n<tbody>\n<tr>\n<td data-title=\"Aandrijving\"><strong>1.0<\/strong><\/td>\n<td data-title=\"Bandenmaat\">155 70 R13 75T<\/td>\n<td data-title=\"Bandenspanning voorwielen\">2.3<\/td>\n<td data-title=\"Bandenspanning achterwielen\">2.1<\/td>\n<td data-title=\"Voorkant beladen\">2.5<\/td>\n<td data-title=\"Achterkant beladen\">2.5<\/td>\n<\/tr>\n<tr>\n<td data-title=\"Aandrijving\"><strong>1.0<\/strong><\/td>\n<td data-title=\"Bandenmaat\">165 60 R14 75H<\/td>\n<td data-title=\"Bandenspanning voorwielen\">2.3<\/td>\n<td data-title=\"Bandenspanning achterwielen\">2.1<\/td>\n<td data-title=\"Voorkant beladen\">2.5<\/td>\n<td data-title=\"Achterkant beladen\">2.5<\/td>\n<\/tr>\n<tr>\n<td data-title=\"Aandrijving\"><strong>1.0<\/strong><\/td>\n<td data-title=\"Bandenmaat\">175 50 R15 75H<\/td>\n<td data-title=\"Bandenspanning voorwielen\">2.3<\/td>\n<td data-title=\"Bandenspanning achterwielen\">2.1<\/td>\n<td data-title=\"Voorkant beladen\">2.5<\/td>\n<td data-title=\"Achterkant beladen\">2.5<\/td>\n<\/tr>\n<tr>\n<td data-title=\"Aandrijving\"><strong>1.1<\/strong><\/td>\n<td data-title=\"Bandenmaat\">155 70 R13 75T<\/td>\n<td data-title=\"Bandenspanning voorwielen\">2.1<\/td>\n<td data-title=\"Bandenspanning achterwielen\">2.1<\/td>\n<td data-title=\"Voorkant beladen\">2.2<\/td>\n<td data-title=\"Achterkant beladen\">2.2<\/td>\n<\/tr>\n<tr>\n<td data-title=\"Aandrijving\"><strong>1.1<\/strong><\/td>\n<td data-title=\"Bandenmaat\">165 60 R14 75T<\/td>\n<td data-title=\"Bandenspanning voorwielen\">2.1<\/td>\n<td data-title=\"Bandenspanning achterwielen\">2.1<\/td>\n<td data-title=\"Voorkant beladen\">2.2<\/td>\n<td data-title=\"Achterkant beladen\">2.2<\/td>\n<\/tr>\n<tr>\n<td data-title=\"Aandrijving\"><strong>1.1<\/strong><\/td>\n<td data-title=\"Bandenmaat\">175 50 R15 75T<\/td>\n<td data-title=\"Bandenspanning voorwielen\">2.1<\/td>\n<td data-title=\"Bandenspanning achterwielen\">2.1<\/td>\n<td data-title=\"Voorkant beladen\">2.2<\/td>\n<td data-title=\"Achterkant beladen\">2.2<\/td>\n<\/tr>\n<tr>\n<td data-title=\"Aandrijving\"><strong>1.1 CRDi<\/strong><\/td>\n<td data-title=\"Bandenmaat\">175 60 R14 79H<\/td>\n<td data-title=\"Bandenspanning voorwielen\">2.1<\/td>\n<td data-title=\"Bandenspanning achterwielen\">2.1<\/td>\n<td data-title=\"Voorkant beladen\">2.2<\/td>\n<td data-title=\"Achterkant beladen\">2.2<\/td>\n<\/tr>\n<tr>\n<td data-title=\"Aandrijving\"><strong>1.2<\/strong><\/td>\n<td data-title=\"Bandenmaat\">175 50 R15 75H<\/td>\n<td data-title=\"Bandenspanning voorwielen\">2.3<\/td>\n<td data-title=\"Bandenspanning achterwielen\">2.1<\/td>\n<td data-title=\"Voorkant beladen\">2.5<\/td>\n<td data-title=\"Achterkant beladen\">2.5<\/td>\n<\/tr>\n<\/tbody>\n<\/table>","protected":false},"excerpt":{"rendered":"<p>Sie suchen den Reifendruck f\u00fcr Ihren Kia Picanto? Unten finden Sie eine \u00dcbersicht der Reifendr\u00fccke f\u00fcr Kia Picanto-Modelle: Antrieb Reifengr\u00f6\u00dfe Reifendruck vorne Reifendruck hinten Frontlastig Frontlastig Hecklastig 1.0 155 70 R13 75T 2.3 2.1 2.5 2.5 1.0 165 60 R14 75H 2.3 2.1 2.5 2.5 1.0 175 50 R15 75H 2.3 2.1 [...]<\/p>","protected":false},"author":1,"featured_media":0,"parent":0,"menu_order":0,"comment_status":"closed","ping_status":"closed","template":"","meta":{"_et_pb_use_builder":"","_et_pb_old_content":"","_et_gb_content_width":"","footnotes":""},"class_list":["post-153018","page","type-page","status-publish","hentry"],"yoast_head":"<!-- This site is optimized with the Yoast SEO plugin v27.5 - https:\/\/yoast.com\/product\/yoast-seo-wordpress\/ -->\n<title>Bandenspanning Kia Picanto - Autobaak.nl<\/title>\n<meta name=\"robots\" content=\"index, follow, max-snippet:-1, max-image-preview:large, max-video-preview:-1\" \/>\n<link rel=\"canonical\" href=\"https:\/\/autobaak.nl\/de\/reifendruck-kia-picanto\/\" \/>\n<meta property=\"og:locale\" content=\"de_DE\" \/>\n<meta property=\"og:type\" content=\"article\" \/>\n<meta property=\"og:title\" content=\"Bandenspanning Kia Picanto - Autobaak.nl\" \/>\n<meta property=\"og:description\" content=\"Op zoek naar de bandenspanning voor de Kia Picanto? Hieronder een overzicht van de bandenspanning voor de Kia Picanto modellen: Aandrijving Bandenmaat Bandenspanning voor Bandenspanning achter Voorkant beladen Achterkant beladen 1.0 155 70 R13 75T 2.3 2.1 2.5 2.5 1.0 165 60 R14 75H 2.3 2.1 2.5 2.5 1.0 175 50 R15 75H 2.3 2.1 [&hellip;]\" \/>\n<meta property=\"og:url\" content=\"https:\/\/autobaak.nl\/de\/reifendruck-kia-picanto\/\" \/>\n<meta property=\"og:site_name\" content=\"Autobaak.nl\" \/>\n<meta name=\"twitter:card\" content=\"summary_large_image\" \/>\n<meta name=\"twitter:label1\" content=\"Gesch\u00e4tzte Lesezeit\" \/>\n\t<meta name=\"twitter:data1\" content=\"1\u00a0Minute\" \/>\n<script type=\"application\/ld+json\" class=\"yoast-schema-graph\">{\"@context\":\"https:\\\/\\\/schema.org\",\"@graph\":[{\"@type\":\"WebPage\",\"@id\":\"https:\\\/\\\/autobaak.nl\\\/bandenspanning-kia-picanto\\\/\",\"url\":\"https:\\\/\\\/autobaak.nl\\\/bandenspanning-kia-picanto\\\/\",\"name\":\"Bandenspanning Kia Picanto - Autobaak.nl\",\"isPartOf\":{\"@id\":\"https:\\\/\\\/autobaak.nl\\\/#website\"},\"datePublished\":\"2022-06-14T08:50:13+00:00\",\"breadcrumb\":{\"@id\":\"https:\\\/\\\/autobaak.nl\\\/bandenspanning-kia-picanto\\\/#breadcrumb\"},\"inLanguage\":\"de\",\"potentialAction\":[{\"@type\":\"ReadAction\",\"target\":[\"https:\\\/\\\/autobaak.nl\\\/bandenspanning-kia-picanto\\\/\"]}]},{\"@type\":\"BreadcrumbList\",\"@id\":\"https:\\\/\\\/autobaak.nl\\\/bandenspanning-kia-picanto\\\/#breadcrumb\",\"itemListElement\":[{\"@type\":\"ListItem\",\"position\":1,\"name\":\"Home\",\"item\":\"https:\\\/\\\/autobaak.nl\\\/\"},{\"@type\":\"ListItem\",\"position\":2,\"name\":\"Bandenspanning Kia Picanto\"}]},{\"@type\":\"WebSite\",\"@id\":\"https:\\\/\\\/autobaak.nl\\\/#website\",\"url\":\"https:\\\/\\\/autobaak.nl\\\/\",\"name\":\"Autobaak.nl\",\"description\":\"Cars &amp; Racing\",\"potentialAction\":[{\"@type\":\"SearchAction\",\"target\":{\"@type\":\"EntryPoint\",\"urlTemplate\":\"https:\\\/\\\/autobaak.nl\\\/?s={search_term_string}\"},\"query-input\":{\"@type\":\"PropertyValueSpecification\",\"valueRequired\":true,\"valueName\":\"search_term_string\"}}],\"inLanguage\":\"de\"}]}<\/script>\n<!-- \/ Yoast SEO plugin. -->","yoast_head_json":{"title":"Reifendruck Kia Picanto - Autobaak.de","robots":{"index":"index","follow":"follow","max-snippet":"max-snippet:-1","max-image-preview":"max-image-preview:large","max-video-preview":"max-video-preview:-1"},"canonical":"https:\/\/autobaak.nl\/de\/reifendruck-kia-picanto\/","og_locale":"de_DE","og_type":"article","og_title":"Bandenspanning Kia Picanto - Autobaak.nl","og_description":"Op zoek naar de bandenspanning voor de Kia Picanto? Hieronder een overzicht van de bandenspanning voor de Kia Picanto modellen: Aandrijving Bandenmaat Bandenspanning voor Bandenspanning achter Voorkant beladen Achterkant beladen 1.0 155 70 R13 75T 2.3 2.1 2.5 2.5 1.0 165 60 R14 75H 2.3 2.1 2.5 2.5 1.0 175 50 R15 75H 2.3 2.1 [&hellip;]","og_url":"https:\/\/autobaak.nl\/de\/reifendruck-kia-picanto\/","og_site_name":"Autobaak.nl","twitter_card":"summary_large_image","twitter_misc":{"Gesch\u00e4tzte Lesezeit":"1\u00a0Minute"},"schema":{"@context":"https:\/\/schema.org","@graph":[{"@type":"WebPage","@id":"https:\/\/autobaak.nl\/bandenspanning-kia-picanto\/","url":"https:\/\/autobaak.nl\/bandenspanning-kia-picanto\/","name":"Reifendruck Kia Picanto - Autobaak.de","isPartOf":{"@id":"https:\/\/autobaak.nl\/#website"},"datePublished":"2022-06-14T08:50:13+00:00","breadcrumb":{"@id":"https:\/\/autobaak.nl\/bandenspanning-kia-picanto\/#breadcrumb"},"inLanguage":"de","potentialAction":[{"@type":"ReadAction","target":["https:\/\/autobaak.nl\/bandenspanning-kia-picanto\/"]}]},{"@type":"BreadcrumbList","@id":"https:\/\/autobaak.nl\/bandenspanning-kia-picanto\/#breadcrumb","itemListElement":[{"@type":"ListItem","position":1,"name":"Home","item":"https:\/\/autobaak.nl\/"},{"@type":"ListItem","position":2,"name":"Bandenspanning Kia Picanto"}]},{"@type":"WebSite","@id":"https:\/\/autobaak.nl\/#website","url":"https:\/\/autobaak.nl\/","name":"Autobook.de","description":"Autos &amp; Rennsport","potentialAction":[{"@type":"SearchAction","target":{"@type":"EntryPoint","urlTemplate":"https:\/\/autobaak.nl\/?s={search_term_string}"},"query-input":{"@type":"PropertyValueSpecification","valueRequired":true,"valueName":"search_term_string"}}],"inLanguage":"de"}]}},"_links":{"self":[{"href":"https:\/\/autobaak.nl\/de\/wp-json\/wp\/v2\/pages\/153018","targetHints":{"allow":["GET"]}}],"collection":[{"href":"https:\/\/autobaak.nl\/de\/wp-json\/wp\/v2\/pages"}],"about":[{"href":"https:\/\/autobaak.nl\/de\/wp-json\/wp\/v2\/types\/page"}],"author":[{"embeddable":true,"href":"https:\/\/autobaak.nl\/de\/wp-json\/wp\/v2\/users\/1"}],"replies":[{"embeddable":true,"href":"https:\/\/autobaak.nl\/de\/wp-json\/wp\/v2\/comments?post=153018"}],"version-history":[{"count":0,"href":"https:\/\/autobaak.nl\/de\/wp-json\/wp\/v2\/pages\/153018\/revisions"}],"wp:attachment":[{"href":"https:\/\/autobaak.nl\/de\/wp-json\/wp\/v2\/media?parent=153018"}],"curies":[{"name":"wp","href":"https:\/\/api.w.org\/{rel}","templated":true}]}}