{"id":153047,"date":"2022-06-14T11:15:11","date_gmt":"2022-06-14T09:15:11","guid":{"rendered":"https:\/\/autobaak.nl\/?page_id=153047"},"modified":"2023-02-08T14:08:12","modified_gmt":"2023-02-08T13:08:12","slug":"hyundai-startseite","status":"publish","type":"page","link":"https:\/\/autobaak.nl\/de\/hyundai-startseite\/","title":{"rendered":"Hyundai Startseite"},"content":{"rendered":"<p>[et_pb_section fb_built=\"1\u2033 inner_shadow=\"on\" fullwidth=\"on\" _builder_version=\"4.18.0\u2033 background_image=\"https:\/\/autobaak.nl\/wp-content\/uploads\/2022\/08\/pexels-jesse-zheng-1213295.jpg\" global_colors_info=\"{}\"][et_pb_fullwidth_header title=\"Skoda Home\" subhead=\"N\u00fctzliche Informationen \u00fcber Skoda\" text_orientation=\"centre\" _builder_version=\"4.18.0\u2033 content_font_size=\"15px\" background_color=\"rgba(255, 255, 255, 0)\" background_image=\"https:\/\/autobaak.nl\/wp-content\/uploads\/2022\/09\/skoda.jpg\" text_shadow_style=\"preset5\u2033 text_shadow_color=\"rgba(0,0,0,0.52)\" global_colors_info=\"{}\" button_one_text_size__hover_enabled=\"off\" button_one_text_size__hover=\"null\" button_two_text_size__hover_enabled=\"off\" button_two_text_size__hover=\"null\" button_one_text_color__hover_enabled=\"off\" button_one_text_color__hover=\"null\" button_two_text_color__hover_enabled=\"off\" button_two_text_color__hover=\"null\" button_one_border_width__hover_enabled=\"off\" button_one_border_width__hover=\"null\" button_two_border_width__hover_enabled=\"off\" button_two_border_width__hover=\"null\" button_one_border_color__hover_enabled=\"off\" button_one_border_color__hover=\"null\" button_two_border_color__hover_enabled=\"off\" button_two_border_color__hover=\"null\" button_one_border_radius__hover_enabled=\"off\" button_one_border_radius__hover=\"null\" button_two_border_radius__hover_enabled=\"off\" button_two_border_radius__hover=\"null\" button_one_letter_spacing__hover_enabled=\"off\" button_one_letter_spacing__hover=\"null\" button_two_letter_spacing__hover_enabled=\"off\" button_two_letter_spacing__hover=\"null\" button_one_bg_color__hover_enabled=\"off\" button_one_bg_color__hover=\"null\" button_two_bg_color__hover_enabled=\"off\" button_two_bg_color__hover=\"null\"][\/et_pb_fullwidth_header][\/et_pb_section][et_pb_section fb_built=\"1\u2033 _builder_version=\"4.16\u2033 custom_padding=\"2px|0px|3px|0px\" global_colors_info=\"{}\"][et_pb_row _builder_version=\"4.16\u2033 background_size=\"initial\" background_position=\"top_left\" background_repeat=\"repeat\" custom_padding=\"26.3594px|0px|2px|0px\" global_colors_info=\"{}\"][et_pb_column type=\"4_4\u2033 _builder_version=\"4.16\u2033 custom_padding=\"|||\" global_colors_info=\"{}\" custom_padding__hover=\"|||\"][et_pb_text _builder_version=\"4.16\u2033 global_colors_info=\"{}\"]<\/p>\n<h2>Geschichte Hyundai<\/h2>\n<p>Hyundai Motor Company ist eine Tochtergesellschaft der Hyundai-Gruppe, eines s\u00fcdkoreanischen Mischkonzerns, zu dem auch Reedereien und Kia Motors geh\u00f6ren. 1991 deb\u00fctierte Hyundai in Deutschland mit vier Modellreihen. Der Parvenu hat sich jedoch schnell als gro\u00dfer Herausforderer der etablierten Akteure etabliert. Den meisten K\u00e4ufern ist zweifellos die Leistung von Hyundai am wichtigsten: eine f\u00fcnfj\u00e4hrige Garantie. Es gibt kein Wenn und Aber und auch keine Kilometerbegrenzung. Nur gewerbliche Kunden und das Modell H-1, ein vom VW T5 inspirierter Transporter, sind nicht zugelassen. Die \u00fcbrige Modellpalette bietet dagegen eine sorgenfreie f\u00fcnfj\u00e4hrige Laufzeit. Dazu geh\u00f6ren nicht nur traditionelle Verbrennungsmotoren, sondern auch alle wichtigen alternativen Antriebsarten wie Hybrid-, Plug-in-Hybrid- und Elektromodelle. Vom kompakten i10 bis zum robusten TUCSON:\u00a0<em>Hyundai<\/em>\u00a0hat f\u00fcr jeden ein passendes Auto.\u00a0<\/p>\n<p>[\/et_pb_text][\/et_pb_column][\/et_pb_row][et_pb_row _builder_version=\"4.16\u2033 background_size=\"initial\" background_position=\"top_left\" background_repeat=\"repeat\" custom_padding=\"26.3594px|0px|2px|0px\" global_colors_info=\"{}\"][et_pb_column type=\"4_4\u2033 _builder_version=\"4.16\u2033 custom_padding=\"|||\" global_colors_info=\"{}\" custom_padding__hover=\"|||\"][et_pb_text _builder_version=\"4.17.4\u2033 background_color=\"rgba(12,113,195,0.18)\" custom_margin=\"0px|||\" custom_padding=\"10px|20px|10px|20px\" global_colors_info=\"{}\"]<\/p>\n<h2 style=\"text-align: center;\">Datenbank Hyundai<\/h2>\n<p style=\"text-align: center;\">Die folgenden \u00dcbersichten zeigen Wartungsintervalle, Motor\u00f6lbedarf und Tipps f\u00fcr die neuesten Hyundai-Modelle. Die Intervalle und Richtlinien sind nur ein Anhaltspunkt, es k\u00f6nnen Umst\u00e4nde eintreten, in denen eine Werkstatt einen anderen Rat gibt.<\/p>\n<p>[\/et_pb_text][\/et_pb_column][\/et_pb_row][\/et_pb_section][et_pb_section fb_built=\"1\u2033 _builder_version=\"4.16\u2033 custom_padding=\"1px|0px|52.7188px|0px\" global_colors_info=\"{}\"][et_pb_row _builder_version=\"4.16\u2033 background_size=\"initial\" background_position=\"top_left\" background_repeat=\"repeat\" global_colors_info=\"{}\"][et_pb_column type=\"4_4\u2033 _builder_version=\"4.16\u2033 custom_padding=\"|||\" global_colors_info=\"{}\" custom_padding__hover=\"|||\"][et_pb_text _builder_version=\"4.19.4\u2033 hover_enabled=\"0\u2033 global_colors_info=\"{}\" sticky_enabled=\"0\u2033]<\/p>\n<h2>Hyundai Zahnriemen<\/h2>\n<p>Fast alle Hyundai-Modelle haben einen Zahnriemen. Es gibt einige Modelle des Hyundai i10, die eine Kette haben, wie z.B. die Modelle 1.0 und 1.2 aus dem Modelljahr 2012-2013. Nachfolgend finden Sie eine \u00dcbersicht \u00fcber die Zahnriemenintervalle f\u00fcr diese Modelle:<\/p>\n<ul>\n<li>HYUNDAI i10 (PA) 1.1 (49 kW, 1086 ccm, 12\/2007 - 12\/2017):\n<ul>\n<li>erster Austausch bei 95.000 km oder 5 Jahren, danach alle 100.000 km oder 5 Jahre<\/li>\n<\/ul>\n<\/li>\n<li>HYUNDAI i10 (PA) 1.1 (51 kW, 1086 ccm, 12\/2007 - 12\/2017):\n<ul>\n<li>erster Austausch bei 95.000 km oder 5 Jahren, danach alle 100.000 km oder 5 Jahre<\/li>\n<\/ul>\n<\/li>\n<\/ul>\n<h3>Lampen f\u00fcr Hyundai<\/h3>\n<p>Sie m\u00f6chten die Gl\u00fchbirnen in Ihrem Hyundai austauschen, wissen aber nicht, welche Art von Autogl\u00fchbirne Sie ben\u00f6tigen? Auf dieser <a href=\"https:\/\/autobaak.nl\/de\/hyundai-autogluhbirnen-ubersicht\/\">Autogl\u00fchbirnen Hyundai<\/a> Seite haben wir eine Liste mit allen Lampen zusammengestellt.<\/p>\n<blockquote class=\"wp-embedded-content\" data-secret=\"5eV3nzD7jc\"><p><a href=\"https:\/\/autobaak.nl\/de\/hyundai-autogluhbirnen-ubersicht\/\">Autogl\u00fchbirnen Hyundai \u00dcbersicht<\/a><\/p><\/blockquote>\n<p><iframe loading=\"lazy\" class=\"wp-embedded-content\" sandbox=\"allow-scripts\" security=\"restricted\" style=\"position: absolute; clip: rect(1px, 1px, 1px, 1px);\" title=\"&quot;Autolampen Hyundai \u00dcbersicht&quot; - Autobook alles f\u00fcr und \u00fcber Autos\" src=\"https:\/\/autobaak.nl\/autolampen-hyundai-overzicht\/embed\/#?secret=IEOUIdYI7m#?secret=5eV3nzD7jc\" data-secret=\"5eV3nzD7jc\" width=\"600\" height=\"338\" frameborder=\"0\" marginwidth=\"0\" marginheight=\"0\" scrolling=\"no\"><\/iframe><\/p>\n<h3>Reifendruck Hyundai<\/h3>\n<p>Der Reifendruck Ihres Hyundai sollte monatlich \u00fcberpr\u00fcft werden, um eine optimale Leistung zu gew\u00e4hrleisten. Au\u00dferdem kann ein falscher Reifendruck zu einem hohen Kraftstoffverbrauch f\u00fchren und die Reifen k\u00f6nnen schneller oder ungleichm\u00e4\u00dfig verschlei\u00dfen. Auf den folgenden Seiten finden Sie eine \u00dcbersicht \u00fcber die Reifendr\u00fccke f\u00fcr Ihren Hyundai.<\/p>\n<ul>\n<li><a href=\"https:\/\/autobaak.nl\/de\/reifendruck-hyundai-genesis\/\">Hyundai Genesis<\/a><\/li>\n<li><a href=\"https:\/\/autobaak.nl\/de\/reifendruck-hyundai-getz\/\">Hyundai Getz<\/a><\/li>\n<li><a href=\"https:\/\/autobaak.nl\/de\/reifendruck-hyundai-ix55\/\">Hyundai ix55<\/a><\/li>\n<li><a href=\"https:\/\/autobaak.nl\/de\/reifendruck-hyundai-ix20\/\">Hyundai ix20<\/a><\/li>\n<li><a href=\"https:\/\/autobaak.nl\/de\/reifendruck-hyundai-i30-cw\/\">Hyundai i30 cw<\/a><\/li>\n<li><a href=\"https:\/\/autobaak.nl\/de\/reifendruck-hyundai-i30\/\">Hyundai i30<\/a><\/li>\n<li><a href=\"https:\/\/autobaak.nl\/de\/reifendruck-hyundai-i10\/\">Hyundai i10<\/a><\/li>\n<li><a href=\"https:\/\/autobaak.nl\/de\/reifendruck-hyundai-sonata\/\">Hyundai Sonata<\/a><\/li>\n<li><a href=\"https:\/\/autobaak.nl\/de\/reifendruck-hyundai-atos\/\">Hyundai Atos<\/a><\/li>\n<li><a href=\"https:\/\/autobaak.nl\/de\/reifendruck-hyundai-ix35\/\">Hyundai ix35<\/a><\/li>\n<li><a href=\"https:\/\/autobaak.nl\/de\/reifendruck-hyundai-i40-cw\/\">Hyundai i40 cw<\/a><\/li>\n<li><a href=\"https:\/\/autobaak.nl\/de\/reifendruck-hyundai-i30-coupe\/\">Hyundai i30 Coup\u00e9<\/a><\/li>\n<li><a href=\"https:\/\/autobaak.nl\/de\/reifendruck-hyundai-sante-fe\/\">Hyundai Sante Fe<\/a><\/li>\n<li><a href=\"https:\/\/autobaak.nl\/de\/reifendruck-hyundai-tucson\/\">Hyundai Tucson<\/a><\/li>\n<li><a href=\"https:\/\/autobaak.nl\/de\/reifendruck-hyundai-ioniq\/\">Hyundai Ioniq<\/a><\/li>\n<li><a href=\"https:\/\/autobaak.nl\/de\/reifendruck-hyundai-accent\/\">Hyundai Accent<\/a><\/li>\n<\/ul>\n<p>&nbsp;<\/p>\n<p>&nbsp;<\/p>\n<p>[\/et_pb_text][\/et_pb_column][\/et_pb_row][et_pb_row column_structure=\"1_2,1_2\u2033 _builder_version=\"4.17.4\u2033 _module_preset=\"default\" global_colors_info=\"{}\"][et_pb_column type=\"1_2\u2033 _builder_version=\"4.17.4\u2033 _module_preset=\"default\" global_colors_info=\"{}\"][et_pb_text _builder_version=\"4.17.4\u2033 _module_preset=\"default\" global_colors_info=\"{}\"]<\/p>\n<h3>Welches Motor\u00f6l Hyundai<\/h3>\n<p>Der rechtzeitige Wechsel des Motor\u00f6ls ist entscheidend f\u00fcr den Zustand Ihres Motors. Es ist auch wichtig zu wissen, welches Motor\u00f6l Sie ben\u00f6tigen. Im Wartungsheft ist immer das passende Motor\u00f6l angegeben. Sie m\u00f6chten wissen, welches Motor\u00f6l Sie in Ihren Hyundai einf\u00fcllen sollen? Dann nutzen Sie die praktische Suchfunktion von Kroon Oil:<\/p>\n<p>[\/et_pb_text][\/et_pb_column][et_pb_column type=\"1_2\u2033 _builder_version=\"4.17.4\u2033 _module_preset=\"default\" global_colors_info=\"{}\"][et_pb_text _builder_version=\"4.17.4\u2033 _module_preset=\"default\" global_colors_info=\"{}\"]<script type=\"text\/javascript\" src=\"\/\/kroon-oil.com\/adviesbanners\/v3\/bnr-js.php?lang=nl&amp;type=reg&amp;theme=light\"><\/script>[\/et_pb_text][\/et_pb_column][\/et_pb_row][\/et_pb_section].<\/p>","protected":false},"excerpt":{"rendered":"<p>Geschichte Hyundai Hyundai Motor Company ist eine Tochtergesellschaft der Hyundai-Gruppe, eines s\u00fcdkoreanischen Mischkonzerns, zu dem auch Reedereien und Kia Motors geh\u00f6ren. In Deutschland deb\u00fctierte Hyundai 1991 mit vier Modellreihen. Doch der Parven\u00fc etablierte sich schnell als gro\u00dfer Herausforderer der etablierten Player. Die Mehrheit der K\u00e4ufer macht zweifelsohne [...]<\/p>","protected":false},"author":1,"featured_media":0,"parent":0,"menu_order":0,"comment_status":"closed","ping_status":"closed","template":"","meta":{"_et_pb_use_builder":"on","_et_pb_old_content":"","_et_gb_content_width":"","footnotes":""},"class_list":["post-153047","page","type-page","status-publish","hentry"],"yoast_head":"<!-- This site is optimized with the Yoast SEO plugin v27.3 - https:\/\/yoast.com\/product\/yoast-seo-wordpress\/ -->\n<title>Hyundai Home - Autobaak.nl<\/title>\n<meta name=\"robots\" content=\"index, follow, max-snippet:-1, max-image-preview:large, max-video-preview:-1\" \/>\n<link rel=\"canonical\" href=\"https:\/\/autobaak.nl\/de\/hyundai-startseite\/\" \/>\n<meta property=\"og:locale\" content=\"de_DE\" \/>\n<meta property=\"og:type\" content=\"article\" \/>\n<meta property=\"og:title\" content=\"Hyundai Home - Autobaak.nl\" \/>\n<meta property=\"og:description\" content=\"Geschiedenis Hyundai Hyundai Motor Company is een dochteronderneming van de Hyundai Group, een Zuid-Koreaans conglomeraat dat ook eigenaar is van rederijen en Kia Motors. Hyundai debuteerde in 1991 in Duitsland met vier modelseries. De parvenu vestigde zich echter snel als een belangrijke uitdager voor de gevestigde spelers. De meerderheid van de kopers maakt zich ongetwijfeld [&hellip;]\" \/>\n<meta property=\"og:url\" content=\"https:\/\/autobaak.nl\/de\/hyundai-startseite\/\" \/>\n<meta property=\"og:site_name\" content=\"Autobaak.nl\" \/>\n<meta property=\"article:modified_time\" content=\"2023-02-08T13:08:12+00:00\" \/>\n<meta name=\"twitter:card\" content=\"summary_large_image\" \/>\n<meta name=\"twitter:label1\" content=\"Gesch\u00e4tzte Lesezeit\" \/>\n\t<meta name=\"twitter:data1\" content=\"3\u00a0Minuten\" \/>\n<script type=\"application\/ld+json\" class=\"yoast-schema-graph\">{\"@context\":\"https:\\\/\\\/schema.org\",\"@graph\":[{\"@type\":\"WebPage\",\"@id\":\"https:\\\/\\\/autobaak.nl\\\/hyundai-home\\\/\",\"url\":\"https:\\\/\\\/autobaak.nl\\\/hyundai-home\\\/\",\"name\":\"Hyundai Home - Autobaak.nl\",\"isPartOf\":{\"@id\":\"https:\\\/\\\/autobaak.nl\\\/#website\"},\"datePublished\":\"2022-06-14T09:15:11+00:00\",\"dateModified\":\"2023-02-08T13:08:12+00:00\",\"breadcrumb\":{\"@id\":\"https:\\\/\\\/autobaak.nl\\\/hyundai-home\\\/#breadcrumb\"},\"inLanguage\":\"de\",\"potentialAction\":[{\"@type\":\"ReadAction\",\"target\":[\"https:\\\/\\\/autobaak.nl\\\/hyundai-home\\\/\"]}]},{\"@type\":\"BreadcrumbList\",\"@id\":\"https:\\\/\\\/autobaak.nl\\\/hyundai-home\\\/#breadcrumb\",\"itemListElement\":[{\"@type\":\"ListItem\",\"position\":1,\"name\":\"Home\",\"item\":\"https:\\\/\\\/autobaak.nl\\\/\"},{\"@type\":\"ListItem\",\"position\":2,\"name\":\"Hyundai Home\"}]},{\"@type\":\"WebSite\",\"@id\":\"https:\\\/\\\/autobaak.nl\\\/#website\",\"url\":\"https:\\\/\\\/autobaak.nl\\\/\",\"name\":\"Autobaak.nl\",\"description\":\"Cars &amp; Racing\",\"potentialAction\":[{\"@type\":\"SearchAction\",\"target\":{\"@type\":\"EntryPoint\",\"urlTemplate\":\"https:\\\/\\\/autobaak.nl\\\/?s={search_term_string}\"},\"query-input\":{\"@type\":\"PropertyValueSpecification\",\"valueRequired\":true,\"valueName\":\"search_term_string\"}}],\"inLanguage\":\"de\"}]}<\/script>\n<!-- \/ Yoast SEO plugin. -->","yoast_head_json":{"title":"Hyundai Startseite - Autobaak.de","robots":{"index":"index","follow":"follow","max-snippet":"max-snippet:-1","max-image-preview":"max-image-preview:large","max-video-preview":"max-video-preview:-1"},"canonical":"https:\/\/autobaak.nl\/de\/hyundai-startseite\/","og_locale":"de_DE","og_type":"article","og_title":"Hyundai Home - Autobaak.nl","og_description":"Geschiedenis Hyundai Hyundai Motor Company is een dochteronderneming van de Hyundai Group, een Zuid-Koreaans conglomeraat dat ook eigenaar is van rederijen en Kia Motors. Hyundai debuteerde in 1991 in Duitsland met vier modelseries. De parvenu vestigde zich echter snel als een belangrijke uitdager voor de gevestigde spelers. De meerderheid van de kopers maakt zich ongetwijfeld [&hellip;]","og_url":"https:\/\/autobaak.nl\/de\/hyundai-startseite\/","og_site_name":"Autobaak.nl","article_modified_time":"2023-02-08T13:08:12+00:00","twitter_card":"summary_large_image","twitter_misc":{"Gesch\u00e4tzte Lesezeit":"3\u00a0Minuten"},"schema":{"@context":"https:\/\/schema.org","@graph":[{"@type":"WebPage","@id":"https:\/\/autobaak.nl\/hyundai-home\/","url":"https:\/\/autobaak.nl\/hyundai-home\/","name":"Hyundai Startseite - Autobaak.de","isPartOf":{"@id":"https:\/\/autobaak.nl\/#website"},"datePublished":"2022-06-14T09:15:11+00:00","dateModified":"2023-02-08T13:08:12+00:00","breadcrumb":{"@id":"https:\/\/autobaak.nl\/hyundai-home\/#breadcrumb"},"inLanguage":"de","potentialAction":[{"@type":"ReadAction","target":["https:\/\/autobaak.nl\/hyundai-home\/"]}]},{"@type":"BreadcrumbList","@id":"https:\/\/autobaak.nl\/hyundai-home\/#breadcrumb","itemListElement":[{"@type":"ListItem","position":1,"name":"Home","item":"https:\/\/autobaak.nl\/"},{"@type":"ListItem","position":2,"name":"Hyundai Home"}]},{"@type":"WebSite","@id":"https:\/\/autobaak.nl\/#website","url":"https:\/\/autobaak.nl\/","name":"Autobook.de","description":"Autos &amp; Rennsport","potentialAction":[{"@type":"SearchAction","target":{"@type":"EntryPoint","urlTemplate":"https:\/\/autobaak.nl\/?s={search_term_string}"},"query-input":{"@type":"PropertyValueSpecification","valueRequired":true,"valueName":"search_term_string"}}],"inLanguage":"de"}]}},"_links":{"self":[{"href":"https:\/\/autobaak.nl\/de\/wp-json\/wp\/v2\/pages\/153047","targetHints":{"allow":["GET"]}}],"collection":[{"href":"https:\/\/autobaak.nl\/de\/wp-json\/wp\/v2\/pages"}],"about":[{"href":"https:\/\/autobaak.nl\/de\/wp-json\/wp\/v2\/types\/page"}],"author":[{"embeddable":true,"href":"https:\/\/autobaak.nl\/de\/wp-json\/wp\/v2\/users\/1"}],"replies":[{"embeddable":true,"href":"https:\/\/autobaak.nl\/de\/wp-json\/wp\/v2\/comments?post=153047"}],"version-history":[{"count":0,"href":"https:\/\/autobaak.nl\/de\/wp-json\/wp\/v2\/pages\/153047\/revisions"}],"wp:attachment":[{"href":"https:\/\/autobaak.nl\/de\/wp-json\/wp\/v2\/media?parent=153047"}],"curies":[{"name":"wp","href":"https:\/\/api.w.org\/{rel}","templated":true}]}}