{"id":153059,"date":"2022-06-15T11:19:27","date_gmt":"2022-06-15T09:19:27","guid":{"rendered":"https:\/\/autobaak.nl\/?page_id=153059"},"modified":"2023-02-08T14:10:41","modified_gmt":"2023-02-08T13:10:41","slug":"lexus-home","status":"publish","type":"page","link":"https:\/\/autobaak.nl\/de\/lexus-home\/","title":{"rendered":"Lexus Startseite"},"content":{"rendered":"<p>[et_pb_section fb_built=\"1\u2033 inner_shadow=\"on\" fullwidth=\"on\" _builder_version=\"4.18.0\u2033 background_image=\"https:\/\/autobaak.nl\/wp-content\/uploads\/2022\/08\/pexels-jesse-zheng-1213295.jpg\" global_colors_info=\"{}\"][et_pb_fullwidth_header title=\"Skoda Home\" subhead=\"N\u00fctzliche Informationen \u00fcber Skoda\" text_orientation=\"centre\" _builder_version=\"4.18.0\u2033 content_font_size=\"15px\" background_color=\"rgba(255, 255, 255, 0)\" background_image=\"https:\/\/autobaak.nl\/wp-content\/uploads\/2022\/09\/skoda.jpg\" text_shadow_style=\"preset5\u2033 text_shadow_color=\"rgba(0,0,0,0.52)\" global_colors_info=\"{}\" button_one_text_size__hover_enabled=\"off\" button_one_text_size__hover=\"null\" button_two_text_size__hover_enabled=\"off\" button_two_text_size__hover=\"null\" button_one_text_color__hover_enabled=\"off\" button_one_text_color__hover=\"null\" button_two_text_color__hover_enabled=\"off\" button_two_text_color__hover=\"null\" button_one_border_width__hover_enabled=\"off\" button_one_border_width__hover=\"null\" button_two_border_width__hover_enabled=\"off\" button_two_border_width__hover=\"null\" button_one_border_color__hover_enabled=\"off\" button_one_border_color__hover=\"null\" button_two_border_color__hover_enabled=\"off\" button_two_border_color__hover=\"null\" button_one_border_radius__hover_enabled=\"off\" button_one_border_radius__hover=\"null\" button_two_border_radius__hover_enabled=\"off\" button_two_border_radius__hover=\"null\" button_one_letter_spacing__hover_enabled=\"off\" button_one_letter_spacing__hover=\"null\" button_two_letter_spacing__hover_enabled=\"off\" button_two_letter_spacing__hover=\"null\" button_one_bg_color__hover_enabled=\"off\" button_one_bg_color__hover=\"null\" button_two_bg_color__hover_enabled=\"off\" button_two_bg_color__hover=\"null\"][\/et_pb_fullwidth_header][\/et_pb_section][et_pb_section fb_built=\"1\u2033 _builder_version=\"4.16\u2033 custom_padding=\"2px|0px|3px|0px\" global_colors_info=\"{}\"][et_pb_row _builder_version=\"4.16\u2033 background_size=\"initial\" background_position=\"top_left\" background_repeat=\"repeat\" custom_padding=\"26.3594px|0px|2px|0px\" global_colors_info=\"{}\"][et_pb_column type=\"4_4\u2033 _builder_version=\"4.16\u2033 custom_padding=\"|||\" global_colors_info=\"{}\" custom_padding__hover=\"|||\"][et_pb_text _builder_version=\"4.16\u2033 global_colors_info=\"{}\"]<\/p>\n<h2>Lexus Hintergrund<\/h2>\n<p>1989 beschloss Toyota, etwas gegen sein konservatives Image zu unternehmen und gr\u00fcndete die Luxusmarke Lexus. Auf dem Genfer Autosalon 1990 wurde das erste Modell der neuen Marke f\u00fcr den europ\u00e4ischen Markt vorgestellt - der LS 400. Lexus wird in mehr als 70 L\u00e4ndern der Welt verkauft und ist das meistverkaufte Premium-Auto in Japan. Gemessen am Marktwert rangiert sie durchweg unter den Top 10 der japanischen Weltmarken. Der Hauptsitz befindet sich in Nagoya. Bei den Modellen von Lexus handelt es sich um die Limousinen wie die IS- und HS-Versionen. Der ES und der GS sind die Mittelklassemodelle. Gro\u00dfe Modelle werden als LS-Modelle bezeichnet. Die IS C-Versionen sind Cabriolets. NX und RX sind kleine Crossover, GX ist ein mittelgro\u00dfer SUV, w\u00e4hrend XL ein gro\u00dfer SUV (LX) ist. Zu den Hybridmodellen geh\u00f6ren der CT, die HS-Limousine, der GS, der LS und der RX. Die GS Limousine, das RC Coup\u00e9 und der LFA sind die aktuellen Versionen der F-Serie.<\/p>\n<p>[\/et_pb_text][\/et_pb_column][\/et_pb_row][et_pb_row _builder_version=\"4.16\u2033 background_size=\"initial\" background_position=\"top_left\" background_repeat=\"repeat\" custom_padding=\"26.3594px|0px|2px|0px\" global_colors_info=\"{}\"][et_pb_column type=\"4_4\u2033 _builder_version=\"4.16\u2033 custom_padding=\"|||\" global_colors_info=\"{}\" custom_padding__hover=\"|||\"][et_pb_text _builder_version=\"4.17.4\u2033 background_color=\"rgba(12,113,195,0.18)\" custom_margin=\"0px|||\" custom_padding=\"10px|20px|10px|20px\" global_colors_info=\"{}\"]<\/p>\n<h2 style=\"text-align: center;\">Datenbank Lexus<\/h2>\n<p style=\"text-align: center;\">Die folgenden \u00dcbersichten zeigen Wartungsintervalle, Motor\u00f6lbedarf und Tipps f\u00fcr die neuesten Lexus Modelle. Die Intervalle und Richtlinien sind nur ein Anhaltspunkt, es kann Umst\u00e4nde geben, unter denen eine Werkstatt anders r\u00e4t.<\/p>\n<p>[\/et_pb_text][\/et_pb_column][\/et_pb_row][\/et_pb_section][et_pb_section fb_built=\"1\u2033 _builder_version=\"4.16\u2033 custom_padding=\"1px|0px|52.7188px|0px\" global_colors_info=\"{}\"][et_pb_row _builder_version=\"4.16\u2033 background_size=\"initial\" background_position=\"top_left\" background_repeat=\"repeat\" global_colors_info=\"{}\"][et_pb_column type=\"4_4\u2033 _builder_version=\"4.16\u2033 custom_padding=\"|||\" global_colors_info=\"{}\" custom_padding__hover=\"|||\"][et_pb_text _builder_version=\"4.19.4\u2033 hover_enabled=\"0\u2033 global_colors_info=\"{}\" sticky_enabled=\"0\u2033]<\/p>\n<h2>Lexus Steuerkette oder Riemen?<\/h2>\n<p>Wenn Sie einen Lexus fahren, ist es wahrscheinlich, dass er eine Steuerkette anstelle eines Zahnriemens verwendet. Bei vielen \u00e4lteren Lexus-Fahrzeugmodellen wurden Zahnriemen verwendet, aber das war meist vor 2005 oder 2006. Seitdem sind fast alle Lexus-Fahrzeuge mit einer Steuerkette anstelle eines Zahnriemens ausgestattet. Je nach Modell kann es sein, dass die Umstellung erst in einem etwas sp\u00e4teren Jahr vorgenommen wurde, aber im Gro\u00dfen und Ganzen k\u00f6nnen Sie davon ausgehen, dass jeder moderne Lexus derzeit eine Steuerkette verwendet. Weiter lesen <a href=\"https:\/\/autobaak.nl\/de\/?p=153995&amp;preview=true\">diese Seite<\/a> welche Modelle einen Zahnriemen oder eine Kette haben.<\/p>\n<h3>Reifendruck Lexus<\/h3>\n<p>Der Reifendruck Ihres Lexus sollte monatlich \u00fcberpr\u00fcft werden, um eine optimale Leistung zu gew\u00e4hrleisten. Dar\u00fcber hinaus kann ein falscher Reifendruck zu einem hohen Kraftstoffverbrauch und zu einem beschleunigten oder unregelm\u00e4\u00dfigen Verschlei\u00df der Reifen f\u00fchren. Auf den folgenden Seiten finden Sie eine \u00dcbersicht \u00fcber die Reifendr\u00fccke f\u00fcr Ihren Lexus.<\/p>\n<ul>\n<li><a href=\"https:\/\/autobaak.nl\/de\/reifendruck-lexus-ls\/\">Lexus LS<\/a><\/li>\n<li><a href=\"https:\/\/autobaak.nl\/de\/reifendruck-lexus-sc\/\">Lexus SC<\/a><\/li>\n<li><a href=\"https:\/\/autobaak.nl\/de\/reifendruck-lexus-nx\/\">Lexus NX<\/a><\/li>\n<li><a href=\"https:\/\/autobaak.nl\/de\/reifendruck-lexus-ist\/\">Lexus IS<\/a><\/li>\n<li><a href=\"https:\/\/autobaak.nl\/de\/reifendruck-lexus-gs\/\">Lexus GS<\/a><\/li>\n<li><a href=\"https:\/\/autobaak.nl\/de\/reifendruck-lexus-rx\/\">Lexus RX<\/a><\/li>\n<\/ul>\n<h3>Lampen f\u00fcr Lexus<\/h3>\n<p>Sie m\u00f6chten die Gl\u00fchbirnen in Ihrem Lexus austauschen, wissen aber nicht, welche Art von Autogl\u00fchbirne Sie ben\u00f6tigen? Auf dieser <a href=\"https:\/\/autobaak.nl\/de\/lexus-autogluhbirnen-ubersicht\/\">Autogl\u00fchbirnen Lexus<\/a> Seite haben wir eine Liste mit allen Lampen zusammengestellt.<\/p>\n<blockquote class=\"wp-embedded-content\" data-secret=\"qaheR1OETJ\"><p><a href=\"https:\/\/autobaak.nl\/de\/lexus-autogluhbirnen-ubersicht\/\">Autolampen Lexus \u00dcbersicht<\/a><\/p><\/blockquote>\n<p><iframe loading=\"lazy\" class=\"wp-embedded-content\" sandbox=\"allow-scripts\" security=\"restricted\" style=\"position: absolute; clip: rect(1px, 1px, 1px, 1px);\" title=\"&quot;Autolampen Lexus \u00dcbersicht&quot; - Autobook alles f\u00fcr und \u00fcber Autos\" src=\"https:\/\/autobaak.nl\/autolampen-lexus-overzicht\/embed\/#?secret=S61E05Bsmq#?secret=qaheR1OETJ\" data-secret=\"qaheR1OETJ\" width=\"600\" height=\"338\" frameborder=\"0\" marginwidth=\"0\" marginheight=\"0\" scrolling=\"no\"><\/iframe><\/p>\n<p>&nbsp;<\/p>\n<p>[\/et_pb_text][\/et_pb_column][\/et_pb_row][et_pb_row column_structure=\"1_2,1_2\u2033 _builder_version=\"4.17.4\u2033 _module_preset=\"default\" global_colors_info=\"{}\"][et_pb_column type=\"1_2\u2033 _builder_version=\"4.17.4\u2033 _module_preset=\"default\" global_colors_info=\"{}\"][et_pb_text _builder_version=\"4.17.4\u2033 _module_preset=\"default\" global_colors_info=\"{}\"]<\/p>\n<h3>Welches Motor\u00f6l Lexus<\/h3>\n<p>Der rechtzeitige Wechsel des Motor\u00f6ls ist entscheidend f\u00fcr den Zustand Ihres Motors. Es ist auch wichtig zu wissen, welches Motor\u00f6l Sie ben\u00f6tigen. Im Wartungsheft ist immer das richtige \u00d6l angegeben. Sie m\u00f6chten wissen, welches Motor\u00f6l Sie in Ihren Lexus einf\u00fcllen sollen? Dann nutzen Sie die praktische Suchfunktion von Kroon Oil:<\/p>\n<p>[\/et_pb_text][\/et_pb_column][et_pb_column type=\"1_2\u2033 _builder_version=\"4.17.4\u2033 _module_preset=\"default\" global_colors_info=\"{}\"][et_pb_text _builder_version=\"4.17.4\u2033 _module_preset=\"default\" global_colors_info=\"{}\"]<script type=\"text\/javascript\" src=\"\/\/kroon-oil.com\/adviesbanners\/v3\/bnr-js.php?lang=nl&amp;type=reg&amp;theme=light\"><\/script>[\/et_pb_text][\/et_pb_column][\/et_pb_row][\/et_pb_section].<\/p>","protected":false},"excerpt":{"rendered":"<p>Lexus-Hintergrund 1989 beschloss Toyota, etwas gegen sein konservatives Image zu unternehmen und gr\u00fcndete die Luxusmarke Lexus. Auf dem Genfer Autosalon 1990 wurde das erste Modell der neuen Marke f\u00fcr den europ\u00e4ischen Markt vorgestellt - der LS 400. In mehr als 70 L\u00e4ndern der Welt wurde der [...]<\/p>","protected":false},"author":1,"featured_media":0,"parent":0,"menu_order":0,"comment_status":"closed","ping_status":"closed","template":"","meta":{"_et_pb_use_builder":"on","_et_pb_old_content":"","_et_gb_content_width":"","footnotes":""},"class_list":["post-153059","page","type-page","status-publish","hentry"],"yoast_head":"<!-- This site is optimized with the Yoast SEO plugin v27.3 - https:\/\/yoast.com\/product\/yoast-seo-wordpress\/ -->\n<title>Lexus Home - Autobaak.nl<\/title>\n<meta name=\"robots\" content=\"index, follow, max-snippet:-1, max-image-preview:large, max-video-preview:-1\" \/>\n<link rel=\"canonical\" href=\"https:\/\/autobaak.nl\/de\/lexus-home\/\" \/>\n<meta property=\"og:locale\" content=\"de_DE\" \/>\n<meta property=\"og:type\" content=\"article\" \/>\n<meta property=\"og:title\" content=\"Lexus Home - Autobaak.nl\" \/>\n<meta property=\"og:description\" content=\"Lexus achtergrond In 1989 besloot Toyota iets aan zijn conservatieve imago te doen en richtte het luxemerk Lexus op. Op de Autosalon van Gen\u00e8ve in 1990 was het eerste model van het nieuwe merk voor de Europese markt te zien - de LS 400. In meer dan 70 landen over de hele wereld wordt de [&hellip;]\" \/>\n<meta property=\"og:url\" content=\"https:\/\/autobaak.nl\/de\/lexus-home\/\" \/>\n<meta property=\"og:site_name\" content=\"Autobaak.nl\" \/>\n<meta property=\"article:modified_time\" content=\"2023-02-08T13:10:41+00:00\" \/>\n<meta name=\"twitter:card\" content=\"summary_large_image\" \/>\n<meta name=\"twitter:label1\" content=\"Gesch\u00e4tzte Lesezeit\" \/>\n\t<meta name=\"twitter:data1\" content=\"3\u00a0Minuten\" \/>\n<script type=\"application\/ld+json\" class=\"yoast-schema-graph\">{\"@context\":\"https:\\\/\\\/schema.org\",\"@graph\":[{\"@type\":\"WebPage\",\"@id\":\"https:\\\/\\\/autobaak.nl\\\/lexus-home\\\/\",\"url\":\"https:\\\/\\\/autobaak.nl\\\/lexus-home\\\/\",\"name\":\"Lexus Home - Autobaak.nl\",\"isPartOf\":{\"@id\":\"https:\\\/\\\/autobaak.nl\\\/#website\"},\"datePublished\":\"2022-06-15T09:19:27+00:00\",\"dateModified\":\"2023-02-08T13:10:41+00:00\",\"breadcrumb\":{\"@id\":\"https:\\\/\\\/autobaak.nl\\\/lexus-home\\\/#breadcrumb\"},\"inLanguage\":\"de\",\"potentialAction\":[{\"@type\":\"ReadAction\",\"target\":[\"https:\\\/\\\/autobaak.nl\\\/lexus-home\\\/\"]}]},{\"@type\":\"BreadcrumbList\",\"@id\":\"https:\\\/\\\/autobaak.nl\\\/lexus-home\\\/#breadcrumb\",\"itemListElement\":[{\"@type\":\"ListItem\",\"position\":1,\"name\":\"Home\",\"item\":\"https:\\\/\\\/autobaak.nl\\\/\"},{\"@type\":\"ListItem\",\"position\":2,\"name\":\"Lexus Home\"}]},{\"@type\":\"WebSite\",\"@id\":\"https:\\\/\\\/autobaak.nl\\\/#website\",\"url\":\"https:\\\/\\\/autobaak.nl\\\/\",\"name\":\"Autobaak.nl\",\"description\":\"Cars &amp; Racing\",\"potentialAction\":[{\"@type\":\"SearchAction\",\"target\":{\"@type\":\"EntryPoint\",\"urlTemplate\":\"https:\\\/\\\/autobaak.nl\\\/?s={search_term_string}\"},\"query-input\":{\"@type\":\"PropertyValueSpecification\",\"valueRequired\":true,\"valueName\":\"search_term_string\"}}],\"inLanguage\":\"de\"}]}<\/script>\n<!-- \/ Yoast SEO plugin. -->","yoast_head_json":{"title":"Lexus Startseite - Autobaak.de","robots":{"index":"index","follow":"follow","max-snippet":"max-snippet:-1","max-image-preview":"max-image-preview:large","max-video-preview":"max-video-preview:-1"},"canonical":"https:\/\/autobaak.nl\/de\/lexus-home\/","og_locale":"de_DE","og_type":"article","og_title":"Lexus Home - Autobaak.nl","og_description":"Lexus achtergrond In 1989 besloot Toyota iets aan zijn conservatieve imago te doen en richtte het luxemerk Lexus op. Op de Autosalon van Gen\u00e8ve in 1990 was het eerste model van het nieuwe merk voor de Europese markt te zien - de LS 400. In meer dan 70 landen over de hele wereld wordt de [&hellip;]","og_url":"https:\/\/autobaak.nl\/de\/lexus-home\/","og_site_name":"Autobaak.nl","article_modified_time":"2023-02-08T13:10:41+00:00","twitter_card":"summary_large_image","twitter_misc":{"Gesch\u00e4tzte Lesezeit":"3\u00a0Minuten"},"schema":{"@context":"https:\/\/schema.org","@graph":[{"@type":"WebPage","@id":"https:\/\/autobaak.nl\/lexus-home\/","url":"https:\/\/autobaak.nl\/lexus-home\/","name":"Lexus Startseite - Autobaak.de","isPartOf":{"@id":"https:\/\/autobaak.nl\/#website"},"datePublished":"2022-06-15T09:19:27+00:00","dateModified":"2023-02-08T13:10:41+00:00","breadcrumb":{"@id":"https:\/\/autobaak.nl\/lexus-home\/#breadcrumb"},"inLanguage":"de","potentialAction":[{"@type":"ReadAction","target":["https:\/\/autobaak.nl\/lexus-home\/"]}]},{"@type":"BreadcrumbList","@id":"https:\/\/autobaak.nl\/lexus-home\/#breadcrumb","itemListElement":[{"@type":"ListItem","position":1,"name":"Home","item":"https:\/\/autobaak.nl\/"},{"@type":"ListItem","position":2,"name":"Lexus Home"}]},{"@type":"WebSite","@id":"https:\/\/autobaak.nl\/#website","url":"https:\/\/autobaak.nl\/","name":"Autobook.de","description":"Autos &amp; Rennsport","potentialAction":[{"@type":"SearchAction","target":{"@type":"EntryPoint","urlTemplate":"https:\/\/autobaak.nl\/?s={search_term_string}"},"query-input":{"@type":"PropertyValueSpecification","valueRequired":true,"valueName":"search_term_string"}}],"inLanguage":"de"}]}},"_links":{"self":[{"href":"https:\/\/autobaak.nl\/de\/wp-json\/wp\/v2\/pages\/153059","targetHints":{"allow":["GET"]}}],"collection":[{"href":"https:\/\/autobaak.nl\/de\/wp-json\/wp\/v2\/pages"}],"about":[{"href":"https:\/\/autobaak.nl\/de\/wp-json\/wp\/v2\/types\/page"}],"author":[{"embeddable":true,"href":"https:\/\/autobaak.nl\/de\/wp-json\/wp\/v2\/users\/1"}],"replies":[{"embeddable":true,"href":"https:\/\/autobaak.nl\/de\/wp-json\/wp\/v2\/comments?post=153059"}],"version-history":[{"count":0,"href":"https:\/\/autobaak.nl\/de\/wp-json\/wp\/v2\/pages\/153059\/revisions"}],"wp:attachment":[{"href":"https:\/\/autobaak.nl\/de\/wp-json\/wp\/v2\/media?parent=153059"}],"curies":[{"name":"wp","href":"https:\/\/api.w.org\/{rel}","templated":true}]}}