{"id":153093,"date":"2022-06-15T13:08:10","date_gmt":"2022-06-15T11:08:10","guid":{"rendered":"https:\/\/autobaak.nl\/?page_id=153093"},"modified":"2023-02-08T14:21:50","modified_gmt":"2023-02-08T13:21:50","slug":"intelligentes-zuhause","status":"publish","type":"page","link":"https:\/\/autobaak.nl\/de\/intelligentes-zuhause\/","title":{"rendered":"Intelligentes Zuhause"},"content":{"rendered":"<p>[et_pb_section fb_built=\"1\u2033 inner_shadow=\"on\" fullwidth=\"on\" _builder_version=\"4.18.0\u2033 background_image=\"https:\/\/autobaak.nl\/wp-content\/uploads\/2022\/08\/pexels-jesse-zheng-1213295.jpg\" global_colors_info=\"{}\"][et_pb_fullwidth_header title=\"Skoda Home\" subhead=\"N\u00fctzliche Informationen \u00fcber Skoda\" text_orientation=\"centre\" _builder_version=\"4.18.0\u2033 content_font_size=\"15px\" background_color=\"rgba(255, 255, 255, 0)\" background_image=\"https:\/\/autobaak.nl\/wp-content\/uploads\/2022\/09\/skoda.jpg\" text_shadow_style=\"preset5\u2033 text_shadow_color=\"rgba(0,0,0,0.52)\" global_colors_info=\"{}\" button_one_text_size__hover_enabled=\"off\" button_one_text_size__hover=\"null\" button_two_text_size__hover_enabled=\"off\" button_two_text_size__hover=\"null\" button_one_text_color__hover_enabled=\"off\" button_one_text_color__hover=\"null\" button_two_text_color__hover_enabled=\"off\" button_two_text_color__hover=\"null\" button_one_border_width__hover_enabled=\"off\" button_one_border_width__hover=\"null\" button_two_border_width__hover_enabled=\"off\" button_two_border_width__hover=\"null\" button_one_border_color__hover_enabled=\"off\" button_one_border_color__hover=\"null\" button_two_border_color__hover_enabled=\"off\" button_two_border_color__hover=\"null\" button_one_border_radius__hover_enabled=\"off\" button_one_border_radius__hover=\"null\" button_two_border_radius__hover_enabled=\"off\" button_two_border_radius__hover=\"null\" button_one_letter_spacing__hover_enabled=\"off\" button_one_letter_spacing__hover=\"null\" button_two_letter_spacing__hover_enabled=\"off\" button_two_letter_spacing__hover=\"null\" button_one_bg_color__hover_enabled=\"off\" button_one_bg_color__hover=\"null\" button_two_bg_color__hover_enabled=\"off\" button_two_bg_color__hover=\"null\"][\/et_pb_fullwidth_header][\/et_pb_section][et_pb_section fb_built=\"1\u2033 _builder_version=\"4.16\u2033 custom_padding=\"2px|0px|3px|0px\" global_colors_info=\"{}\"][et_pb_row _builder_version=\"4.16\u2033 background_size=\"initial\" background_position=\"top_left\" background_repeat=\"repeat\" custom_padding=\"26.3594px|0px|2px|0px\" global_colors_info=\"{}\"][et_pb_column type=\"4_4\u2033 _builder_version=\"4.16\u2033 custom_padding=\"|||\" global_colors_info=\"{}\" custom_padding__hover=\"|||\"][et_pb_text _builder_version=\"4.16\u2033 global_colors_info=\"{}\"]<\/p>\n<h2>Intelligenter Hintergrund<\/h2>\n<p>Nicolas Hayek, der Erfinder der Swatch-Armbanduhr, hatte die Idee, ein Auto zu vermarkten, aus dem schlie\u00dflich der Smart wurde. Zun\u00e4chst nahm er die Hilfe von VW in Anspruch, um ein einfaches, erschwingliches Stadtauto zu entwickeln. Mercedes-Benz ergriff jedoch die Hand von Ferdinand Pich, als er sie her\u00fcberwinkte. Als die Entwicklungskosten stiegen und Hayek merkte, dass sein Plan aufgegeben wurde, verlie\u00df er das Unternehmen. Danach f\u00fchrte Mercedes das Fahrzeug 1998 unter der Marke Smart ein. Mehr als neun Jahre lang wurde die erste Generation des ger\u00e4umigen Zweisitzers produziert, zusammen mit Varianten wie dem Forfour, einem traditionellen Viersitzer, und dem Roadster. Die zweite Auflage, die 2007 ver\u00f6ffentlicht wurde, steht kurz vor der Pensionierung. Derzeit verkauft Smart den Fortwo ausschlie\u00dflich als Coup\u00e9 und Cabrio mit Stoffverdeck. Nur der Fortwo, ein Coup\u00e9 und Cabrio mit einem Verdeck, das w\u00e4hrend der Fahrt vollst\u00e4ndig ge\u00f6ffnet oder geschlossen werden kann, ist jetzt bei Smart erh\u00e4ltlich. F\u00fcr den Antrieb sorgen Dreizylinder-Benzinmotoren mit oder ohne Turbo (Diesel gibt es nicht mehr), die ihre Kraft \u00fcber ein F\u00fcnf- oder Sechsgang-Automatikgetriebe an die Hinterr\u00e4der schicken. Einzige Ausnahme ist der smart electric drive, der seinen Elektromotor mit einer Lithium-Ionen-Batterie antreibt, die auch f\u00fcr eine schnelle Beschleunigung sorgt. Neben den sch\u00f6n lackierten Brabus-Modellen, die wahlweise mit Elektroantrieb oder Ein-Liter-Turbomotor mit 102 PS erh\u00e4ltlich sind, kann man auch aus den drei Ausstattungslinien pure, pulse und desire w\u00e4hlen.<\/p>\n<p>[\/et_pb_text][\/et_pb_column][\/et_pb_row][et_pb_row _builder_version=\"4.16\u2033 background_size=\"initial\" background_position=\"top_left\" background_repeat=\"repeat\" custom_padding=\"26.3594px|0px|2px|0px\" global_colors_info=\"{}\"][et_pb_column type=\"4_4\u2033 _builder_version=\"4.16\u2033 custom_padding=\"|||\" global_colors_info=\"{}\" custom_padding__hover=\"|||\"][et_pb_text _builder_version=\"4.17.4\u2033 background_color=\"rgba(12,113,195,0.18)\" custom_margin=\"0px|||\" custom_padding=\"10px|20px|10px|20px\" global_colors_info=\"{}\"]<\/p>\n<h2 style=\"text-align: center;\">Datenbank Smart<\/h2>\n<p style=\"text-align: center;\">Die folgenden \u00dcbersichten zeigen Wartungsintervalle, Motor\u00f6lbedarf und Tipps f\u00fcr die neuesten Smart Modelle. Die Intervalle und Richtlinien sind nur ein Anhaltspunkt. Es k\u00f6nnen Umst\u00e4nde eintreten, die eine Werkstatt veranlassen, einen anderen Rat zu geben.<\/p>\n<p>[\/et_pb_text][\/et_pb_column][\/et_pb_row][\/et_pb_section][et_pb_section fb_built=\"1\u2033 _builder_version=\"4.16\u2033 custom_padding=\"1px|0px|52.7188px|0px\" global_colors_info=\"{}\"][et_pb_row _builder_version=\"4.16\u2033 background_size=\"initial\" background_position=\"top_left\" background_repeat=\"repeat\" global_colors_info=\"{}\"][et_pb_column type=\"4_4\u2033 _builder_version=\"4.16\u2033 custom_padding=\"|||\" global_colors_info=\"{}\" custom_padding__hover=\"|||\"][et_pb_text _builder_version=\"4.19.4\u2033 hover_enabled=\"0\u2033 global_colors_info=\"{}\" sticky_enabled=\"0\u2033]<\/p>\n<h2>Intelligente Vertriebskette<\/h2>\n<p>Die Smarts sind mit einer Steuerkette ausgestattet. Entgegen der landl\u00e4ufigen Meinung halten Steuerketten (die bei vielen Motoren anstelle eines Zahnriemens verwendet werden) nicht ewig. Es ist daher ratsam, die Kette in Wartungsintervallen zu \u00fcberpr\u00fcfen und gegebenenfalls vorbeugend zu ersetzen. Im Allgemeinen wird gesagt, dass eine Kette bis zu 300.000 km halten kann, aber in der Praxis kann es vorkommen, dass die Kette sich dehnt, was ein rasselndes Ger\u00e4usch verursachen kann. Dies kann manchmal schon 4-5 Jahre nach dem Produktionsdatum der Fall sein. Daher ist es wichtig, das Auto regelm\u00e4\u00dfig \u00fcberpr\u00fcfen zu lassen und die Kette bei der Wartung richtig zu kontrollieren, um m\u00f6gliche Probleme und Sch\u00e4den zu vermeiden.<\/p>\n<h3>Reifendruck Smart<\/h3>\n<p>Der Reifendruck Ihres Smart sollte monatlich \u00fcberpr\u00fcft werden, um seine optimale Leistung zu gew\u00e4hrleisten. Au\u00dferdem kann ein falscher Reifendruck zu hohem Kraftstoffverbrauch und schnellerem oder unregelm\u00e4\u00dfigem Reifenverschlei\u00df f\u00fchren. Auf den folgenden Seiten finden Sie eine \u00dcbersicht \u00fcber die Reifendr\u00fccke f\u00fcr Ihren Smart.<\/p>\n<ul>\n<li><a href=\"https:\/\/autobaak.nl\/de\/reifendruck-smart-roadster\/\">Smart Roadster<\/a><\/li>\n<li><a href=\"https:\/\/autobaak.nl\/de\/reifendruck-smart-fortwo\/\">Smart Fortwo<\/a><\/li>\n<li><a href=\"https:\/\/autobaak.nl\/de\/reifendruck-smart-fortwo-electric\/\">Smart Fortwo Elektrisch<\/a><\/li>\n<\/ul>\n<h3>Intelligente Autolampen<\/h3>\n<p>Sie m\u00f6chten die Gl\u00fchbirnen in Ihrem Smart ersetzen, wissen aber nicht, welche Art von Gl\u00fchbirne Sie ben\u00f6tigen? Auf dieser <a href=\"https:\/\/autobaak.nl\/de\/autogluhbirnen-smart-ubersicht\/\">Autogl\u00fchbirnen Smart<\/a> Seite haben wir eine Liste mit allen Lampen zusammengestellt.<\/p>\n<blockquote class=\"wp-embedded-content\" data-secret=\"Wuc8DCtWxU\"><p><a href=\"https:\/\/autobaak.nl\/de\/autogluhbirnen-smart-ubersicht\/\">Autolampen Smart \u00dcbersicht<\/a><\/p><\/blockquote>\n<p><iframe loading=\"lazy\" class=\"wp-embedded-content\" sandbox=\"allow-scripts\" security=\"restricted\" style=\"position: absolute; clip: rect(1px, 1px, 1px, 1px);\" title=\"&quot;Autogl\u00fchbirnen Smart \u00dcbersicht&quot; - Autobook alles f\u00fcr und \u00fcber Autos\" src=\"https:\/\/autobaak.nl\/autolampen-smart-overzicht\/embed\/#?secret=8hT7De7COZ#?secret=Wuc8DCtWxU\" data-secret=\"Wuc8DCtWxU\" width=\"600\" height=\"338\" frameborder=\"0\" marginwidth=\"0\" marginheight=\"0\" scrolling=\"no\"><\/iframe><\/p>\n<p>&nbsp;<\/p>\n<p>[\/et_pb_text][\/et_pb_column][\/et_pb_row][et_pb_row column_structure=\"1_2,1_2\u2033 _builder_version=\"4.17.4\u2033 _module_preset=\"default\" global_colors_info=\"{}\"][et_pb_column type=\"1_2\u2033 _builder_version=\"4.17.4\u2033 _module_preset=\"default\" global_colors_info=\"{}\"][et_pb_text _builder_version=\"4.17.4\u2033 _module_preset=\"default\" global_colors_info=\"{}\"]<\/p>\n<h3>Welches Motor\u00f6l Smart<\/h3>\n<p>Der rechtzeitige Wechsel des Motor\u00f6ls ist entscheidend f\u00fcr den Zustand Ihres Motors. Es ist auch wichtig zu wissen, welches Motor\u00f6l Sie ben\u00f6tigen. Im Wartungsheft ist in der Regel immer das passende Motor\u00f6l angegeben. Sie m\u00f6chten wissen, welches Motor\u00f6l Sie in Ihren Smart einf\u00fcllen sollen? Dann nutzen Sie die praktische Suchfunktion von Kroon Oil:<\/p>\n<p>[\/et_pb_text][\/et_pb_column][et_pb_column type=\"1_2\u2033 _builder_version=\"4.17.4\u2033 _module_preset=\"default\" global_colors_info=\"{}\"][et_pb_text _builder_version=\"4.17.4\u2033 _module_preset=\"default\" global_colors_info=\"{}\"]<script type=\"text\/javascript\" src=\"\/\/kroon-oil.com\/adviesbanners\/v3\/bnr-js.php?lang=nl&amp;type=reg&amp;theme=light\"><\/script>[\/et_pb_text][\/et_pb_column][\/et_pb_row][\/et_pb_section].<\/p>","protected":false},"excerpt":{"rendered":"<p>Hintergrund des Smart Nicolas Hayek, der Erfinder der Swatch-Armbanduhr, hatte die Idee, ein Auto zu vermarkten, aus dem schlie\u00dflich der Smart wurde. Zun\u00e4chst nahm er die Hilfe von VW in Anspruch, um ein einfaches, erschwingliches Stadtauto zu entwickeln. Doch Mercedes-Benz ergriff die Hand von Ferdinand Pich, als dieser abwinkte. Als [...]<\/p>","protected":false},"author":1,"featured_media":0,"parent":0,"menu_order":0,"comment_status":"closed","ping_status":"closed","template":"","meta":{"_et_pb_use_builder":"on","_et_pb_old_content":"","_et_gb_content_width":"","footnotes":""},"class_list":["post-153093","page","type-page","status-publish","hentry"],"yoast_head":"<!-- This site is optimized with the Yoast SEO plugin v27.3 - https:\/\/yoast.com\/product\/yoast-seo-wordpress\/ -->\n<title>Smart Home - Autobaak.nl<\/title>\n<meta name=\"robots\" content=\"index, follow, max-snippet:-1, max-image-preview:large, max-video-preview:-1\" \/>\n<link rel=\"canonical\" href=\"https:\/\/autobaak.nl\/de\/intelligentes-zuhause\/\" \/>\n<meta property=\"og:locale\" content=\"de_DE\" \/>\n<meta property=\"og:type\" content=\"article\" \/>\n<meta property=\"og:title\" content=\"Smart Home - Autobaak.nl\" \/>\n<meta property=\"og:description\" content=\"Smart achtergrond Nicolas Hayek, de maker van het Swatch-polshorloge, had een idee dat om een auto op de markt te brengen wat uiteindelijk de Smart is geworden. Aanvankelijk riep hij de hulp in van VW om een \u200b\u200beenvoudige, betaalbare stadsauto te ontwerpen. Mercedes-Benz greep echter de hand van Ferdinand Pich toen hij ermee zwaaide. Toen [&hellip;]\" \/>\n<meta property=\"og:url\" content=\"https:\/\/autobaak.nl\/de\/intelligentes-zuhause\/\" \/>\n<meta property=\"og:site_name\" content=\"Autobaak.nl\" \/>\n<meta property=\"article:modified_time\" content=\"2023-02-08T13:21:50+00:00\" \/>\n<meta name=\"twitter:card\" content=\"summary_large_image\" \/>\n<meta name=\"twitter:label1\" content=\"Gesch\u00e4tzte Lesezeit\" \/>\n\t<meta name=\"twitter:data1\" content=\"4\u00a0Minuten\" \/>\n<script type=\"application\/ld+json\" class=\"yoast-schema-graph\">{\"@context\":\"https:\\\/\\\/schema.org\",\"@graph\":[{\"@type\":\"WebPage\",\"@id\":\"https:\\\/\\\/autobaak.nl\\\/smart-home\\\/\",\"url\":\"https:\\\/\\\/autobaak.nl\\\/smart-home\\\/\",\"name\":\"Smart Home - Autobaak.nl\",\"isPartOf\":{\"@id\":\"https:\\\/\\\/autobaak.nl\\\/#website\"},\"datePublished\":\"2022-06-15T11:08:10+00:00\",\"dateModified\":\"2023-02-08T13:21:50+00:00\",\"breadcrumb\":{\"@id\":\"https:\\\/\\\/autobaak.nl\\\/smart-home\\\/#breadcrumb\"},\"inLanguage\":\"de\",\"potentialAction\":[{\"@type\":\"ReadAction\",\"target\":[\"https:\\\/\\\/autobaak.nl\\\/smart-home\\\/\"]}]},{\"@type\":\"BreadcrumbList\",\"@id\":\"https:\\\/\\\/autobaak.nl\\\/smart-home\\\/#breadcrumb\",\"itemListElement\":[{\"@type\":\"ListItem\",\"position\":1,\"name\":\"Home\",\"item\":\"https:\\\/\\\/autobaak.nl\\\/\"},{\"@type\":\"ListItem\",\"position\":2,\"name\":\"Smart Home\"}]},{\"@type\":\"WebSite\",\"@id\":\"https:\\\/\\\/autobaak.nl\\\/#website\",\"url\":\"https:\\\/\\\/autobaak.nl\\\/\",\"name\":\"Autobaak.nl\",\"description\":\"Cars &amp; Racing\",\"potentialAction\":[{\"@type\":\"SearchAction\",\"target\":{\"@type\":\"EntryPoint\",\"urlTemplate\":\"https:\\\/\\\/autobaak.nl\\\/?s={search_term_string}\"},\"query-input\":{\"@type\":\"PropertyValueSpecification\",\"valueRequired\":true,\"valueName\":\"search_term_string\"}}],\"inLanguage\":\"de\"}]}<\/script>\n<!-- \/ Yoast SEO plugin. -->","yoast_head_json":{"title":"Smart Home - Autobaak.de","robots":{"index":"index","follow":"follow","max-snippet":"max-snippet:-1","max-image-preview":"max-image-preview:large","max-video-preview":"max-video-preview:-1"},"canonical":"https:\/\/autobaak.nl\/de\/intelligentes-zuhause\/","og_locale":"de_DE","og_type":"article","og_title":"Smart Home - Autobaak.nl","og_description":"Smart achtergrond Nicolas Hayek, de maker van het Swatch-polshorloge, had een idee dat om een auto op de markt te brengen wat uiteindelijk de Smart is geworden. Aanvankelijk riep hij de hulp in van VW om een \u200b\u200beenvoudige, betaalbare stadsauto te ontwerpen. Mercedes-Benz greep echter de hand van Ferdinand Pich toen hij ermee zwaaide. Toen [&hellip;]","og_url":"https:\/\/autobaak.nl\/de\/intelligentes-zuhause\/","og_site_name":"Autobaak.nl","article_modified_time":"2023-02-08T13:21:50+00:00","twitter_card":"summary_large_image","twitter_misc":{"Gesch\u00e4tzte Lesezeit":"4\u00a0Minuten"},"schema":{"@context":"https:\/\/schema.org","@graph":[{"@type":"WebPage","@id":"https:\/\/autobaak.nl\/smart-home\/","url":"https:\/\/autobaak.nl\/smart-home\/","name":"Smart Home - Autobaak.de","isPartOf":{"@id":"https:\/\/autobaak.nl\/#website"},"datePublished":"2022-06-15T11:08:10+00:00","dateModified":"2023-02-08T13:21:50+00:00","breadcrumb":{"@id":"https:\/\/autobaak.nl\/smart-home\/#breadcrumb"},"inLanguage":"de","potentialAction":[{"@type":"ReadAction","target":["https:\/\/autobaak.nl\/smart-home\/"]}]},{"@type":"BreadcrumbList","@id":"https:\/\/autobaak.nl\/smart-home\/#breadcrumb","itemListElement":[{"@type":"ListItem","position":1,"name":"Home","item":"https:\/\/autobaak.nl\/"},{"@type":"ListItem","position":2,"name":"Smart Home"}]},{"@type":"WebSite","@id":"https:\/\/autobaak.nl\/#website","url":"https:\/\/autobaak.nl\/","name":"Autobook.de","description":"Autos &amp; Rennsport","potentialAction":[{"@type":"SearchAction","target":{"@type":"EntryPoint","urlTemplate":"https:\/\/autobaak.nl\/?s={search_term_string}"},"query-input":{"@type":"PropertyValueSpecification","valueRequired":true,"valueName":"search_term_string"}}],"inLanguage":"de"}]}},"_links":{"self":[{"href":"https:\/\/autobaak.nl\/de\/wp-json\/wp\/v2\/pages\/153093","targetHints":{"allow":["GET"]}}],"collection":[{"href":"https:\/\/autobaak.nl\/de\/wp-json\/wp\/v2\/pages"}],"about":[{"href":"https:\/\/autobaak.nl\/de\/wp-json\/wp\/v2\/types\/page"}],"author":[{"embeddable":true,"href":"https:\/\/autobaak.nl\/de\/wp-json\/wp\/v2\/users\/1"}],"replies":[{"embeddable":true,"href":"https:\/\/autobaak.nl\/de\/wp-json\/wp\/v2\/comments?post=153093"}],"version-history":[{"count":0,"href":"https:\/\/autobaak.nl\/de\/wp-json\/wp\/v2\/pages\/153093\/revisions"}],"wp:attachment":[{"href":"https:\/\/autobaak.nl\/de\/wp-json\/wp\/v2\/media?parent=153093"}],"curies":[{"name":"wp","href":"https:\/\/api.w.org\/{rel}","templated":true}]}}