{"id":153142,"date":"2022-06-22T10:21:06","date_gmt":"2022-06-22T08:21:06","guid":{"rendered":"https:\/\/autobaak.nl\/?page_id=153142"},"modified":"2022-06-22T10:21:06","modified_gmt":"2022-06-22T08:21:06","slug":"reifendruck-hyundai-sonata","status":"publish","type":"page","link":"https:\/\/autobaak.nl\/de\/reifendruck-hyundai-sonata\/","title":{"rendered":"Reifendruck Hyundai Sonata"},"content":{"rendered":"<p>Was ist der richtige Reifendruck f\u00fcr den Hyundai Sonata? Nachfolgend finden Sie eine \u00dcbersicht \u00fcber den korrekten Reifendruck f\u00fcr Hyundai Sonata-Modelle:<\/p>\n<h2>Richtiger Reifendruck Hyundai Sonata<\/h2>\n<table class=\"table table-striped table-bordered table-hover table-responsive\">\n<thead class=\"thead-dark\">\n<tr>\n<th>Antrieb<\/th>\n<th>Gr\u00f6\u00dfe des Reifens<\/th>\n<th>Reifendruck Vorderr\u00e4der<\/th>\n<th>Reifendruck am Hinterrad<\/th>\n<th>Frontlader<\/th>\n<th>Laden Sie die R\u00fcckseite<\/th>\n<\/tr>\n<\/thead>\n<tbody>\n<tr>\n<td data-title=\"Aandrijving\"><strong>2.4<\/strong><\/td>\n<td data-title=\"Bandenmaat\">215 60 R16 95V<\/td>\n<td data-title=\"Bandenspanning voorwielen\">2.2<\/td>\n<td data-title=\"Bandenspanning achterwielen\">2.2<\/td>\n<td data-title=\"Voorkant beladen\">2.4<\/td>\n<td data-title=\"Achterkant beladen\">2.4<\/td>\n<\/tr>\n<tr>\n<td data-title=\"Aandrijving\"><strong>2.4<\/strong><\/td>\n<td data-title=\"Bandenmaat\">225 40 R19 93V XL<\/td>\n<td data-title=\"Bandenspanning voorwielen\">2.2<\/td>\n<td data-title=\"Bandenspanning achterwielen\">2.2<\/td>\n<td data-title=\"Voorkant beladen\">2.4<\/td>\n<td data-title=\"Achterkant beladen\">2.4<\/td>\n<\/tr>\n<tr>\n<td data-title=\"Aandrijving\"><strong>2.4<\/strong><\/td>\n<td data-title=\"Bandenmaat\">225 45 R18 91V<\/td>\n<td data-title=\"Bandenspanning voorwielen\">2.2<\/td>\n<td data-title=\"Bandenspanning achterwielen\">2.2<\/td>\n<td data-title=\"Voorkant beladen\">2.4<\/td>\n<td data-title=\"Achterkant beladen\">2.4<\/td>\n<\/tr>\n<tr>\n<td data-title=\"Aandrijving\"><strong>2.4<\/strong><\/td>\n<td data-title=\"Bandenmaat\">225 50 R17 94V<\/td>\n<td data-title=\"Bandenspanning voorwielen\">2.2<\/td>\n<td data-title=\"Bandenspanning achterwielen\">2.2<\/td>\n<td data-title=\"Voorkant beladen\">2.4<\/td>\n<td data-title=\"Achterkant beladen\">2.4<\/td>\n<\/tr>\n<tr>\n<td data-title=\"Aandrijving\"><strong>3.3 V6<\/strong><\/td>\n<td data-title=\"Bandenmaat\">215 60 R16 95W<\/td>\n<td data-title=\"Bandenspanning voorwielen\">2.2<\/td>\n<td data-title=\"Bandenspanning achterwielen\">2.2<\/td>\n<td data-title=\"Voorkant beladen\">2.4<\/td>\n<td data-title=\"Achterkant beladen\">2.4<\/td>\n<\/tr>\n<tr>\n<td data-title=\"Aandrijving\"><strong>3.3 V6<\/strong><\/td>\n<td data-title=\"Bandenmaat\">225 40 R19 93W XL<\/td>\n<td data-title=\"Bandenspanning voorwielen\">2.2<\/td>\n<td data-title=\"Bandenspanning achterwielen\">2.2<\/td>\n<td data-title=\"Voorkant beladen\">2.4<\/td>\n<td data-title=\"Achterkant beladen\">2.4<\/td>\n<\/tr>\n<tr>\n<td data-title=\"Aandrijving\"><strong>3.3 V6<\/strong><\/td>\n<td data-title=\"Bandenmaat\">225 45 R18 91W<\/td>\n<td data-title=\"Bandenspanning voorwielen\">2.2<\/td>\n<td data-title=\"Bandenspanning achterwielen\">2.2<\/td>\n<td data-title=\"Voorkant beladen\">2.4<\/td>\n<td data-title=\"Achterkant beladen\">2.4<\/td>\n<\/tr>\n<tr>\n<td data-title=\"Aandrijving\"><strong>3.3 V6<\/strong><\/td>\n<td data-title=\"Bandenmaat\">225 50 R17 94W<\/td>\n<td data-title=\"Bandenspanning voorwielen\">2.2<\/td>\n<td data-title=\"Bandenspanning achterwielen\">2.2<\/td>\n<td data-title=\"Voorkant beladen\">2.4<\/td>\n<td data-title=\"Achterkant beladen\">2.4<\/td>\n<\/tr>\n<\/tbody>\n<\/table>","protected":false},"excerpt":{"rendered":"<p>Was ist der richtige Reifendruck f\u00fcr den Hyundai Sonata? Nachfolgend finden Sie eine \u00dcbersicht \u00fcber den korrekten Reifendruck f\u00fcr Hyundai Sonata Modelle: Korrekter Reifendruck Hyundai Sonata Drive Reifengr\u00f6\u00dfe Reifendruck Vorderr\u00e4der Reifendruck Hinterr\u00e4der Vorderachse Hinterachse 2.4 215 60 R16 95V 2.2 2.2 2.4 2.4 2.4 225 40 R19 93V XL 2.2 2.2 2.4 2.4 2.4 225 45 R18 [...]<\/p>","protected":false},"author":1,"featured_media":0,"parent":0,"menu_order":0,"comment_status":"closed","ping_status":"closed","template":"","meta":{"_et_pb_use_builder":"","_et_pb_old_content":"","_et_gb_content_width":"","footnotes":""},"class_list":["post-153142","page","type-page","status-publish","hentry"],"yoast_head":"<!-- This site is optimized with the Yoast SEO plugin v27.4 - https:\/\/yoast.com\/product\/yoast-seo-wordpress\/ -->\n<title>Bandenspanning Hyundai Sonata - Autobaak.nl<\/title>\n<meta name=\"robots\" content=\"index, follow, max-snippet:-1, max-image-preview:large, max-video-preview:-1\" \/>\n<link rel=\"canonical\" href=\"https:\/\/autobaak.nl\/de\/reifendruck-hyundai-sonata\/\" \/>\n<meta property=\"og:locale\" content=\"de_DE\" \/>\n<meta property=\"og:type\" content=\"article\" \/>\n<meta property=\"og:title\" content=\"Bandenspanning Hyundai Sonata - Autobaak.nl\" \/>\n<meta property=\"og:description\" content=\"Welke bandenspanning heeft de Hyundai Sonata? Hieronder een overzicht van de juiste bandenspanning voor de Hyundai Sonata modellen: Juiste bandenspanning Hyundai Sonata Aandrijving Bandenmaat Bandenspanning voorwielen Bandenspanning achterwielen Voorkant beladen Achterkant beladen 2.4 215 60 R16 95V 2.2 2.2 2.4 2.4 2.4 225 40 R19 93V XL 2.2 2.2 2.4 2.4 2.4 225 45 R18 [&hellip;]\" \/>\n<meta property=\"og:url\" content=\"https:\/\/autobaak.nl\/de\/reifendruck-hyundai-sonata\/\" \/>\n<meta property=\"og:site_name\" content=\"Autobaak.nl\" \/>\n<meta name=\"twitter:card\" content=\"summary_large_image\" \/>\n<script type=\"application\/ld+json\" class=\"yoast-schema-graph\">{\"@context\":\"https:\\\/\\\/schema.org\",\"@graph\":[{\"@type\":\"WebPage\",\"@id\":\"https:\\\/\\\/autobaak.nl\\\/bandenspanning-hyundai-sonata\\\/\",\"url\":\"https:\\\/\\\/autobaak.nl\\\/bandenspanning-hyundai-sonata\\\/\",\"name\":\"Bandenspanning Hyundai Sonata - Autobaak.nl\",\"isPartOf\":{\"@id\":\"https:\\\/\\\/autobaak.nl\\\/#website\"},\"datePublished\":\"2022-06-22T08:21:06+00:00\",\"breadcrumb\":{\"@id\":\"https:\\\/\\\/autobaak.nl\\\/bandenspanning-hyundai-sonata\\\/#breadcrumb\"},\"inLanguage\":\"de\",\"potentialAction\":[{\"@type\":\"ReadAction\",\"target\":[\"https:\\\/\\\/autobaak.nl\\\/bandenspanning-hyundai-sonata\\\/\"]}]},{\"@type\":\"BreadcrumbList\",\"@id\":\"https:\\\/\\\/autobaak.nl\\\/bandenspanning-hyundai-sonata\\\/#breadcrumb\",\"itemListElement\":[{\"@type\":\"ListItem\",\"position\":1,\"name\":\"Home\",\"item\":\"https:\\\/\\\/autobaak.nl\\\/\"},{\"@type\":\"ListItem\",\"position\":2,\"name\":\"Bandenspanning Hyundai Sonata\"}]},{\"@type\":\"WebSite\",\"@id\":\"https:\\\/\\\/autobaak.nl\\\/#website\",\"url\":\"https:\\\/\\\/autobaak.nl\\\/\",\"name\":\"Autobaak.nl\",\"description\":\"Cars &amp; Racing\",\"potentialAction\":[{\"@type\":\"SearchAction\",\"target\":{\"@type\":\"EntryPoint\",\"urlTemplate\":\"https:\\\/\\\/autobaak.nl\\\/?s={search_term_string}\"},\"query-input\":{\"@type\":\"PropertyValueSpecification\",\"valueRequired\":true,\"valueName\":\"search_term_string\"}}],\"inLanguage\":\"de\"}]}<\/script>\n<!-- \/ Yoast SEO plugin. -->","yoast_head_json":{"title":"Reifendruck Hyundai Sonata - Autobaak.de","robots":{"index":"index","follow":"follow","max-snippet":"max-snippet:-1","max-image-preview":"max-image-preview:large","max-video-preview":"max-video-preview:-1"},"canonical":"https:\/\/autobaak.nl\/de\/reifendruck-hyundai-sonata\/","og_locale":"de_DE","og_type":"article","og_title":"Bandenspanning Hyundai Sonata - Autobaak.nl","og_description":"Welke bandenspanning heeft de Hyundai Sonata? Hieronder een overzicht van de juiste bandenspanning voor de Hyundai Sonata modellen: Juiste bandenspanning Hyundai Sonata Aandrijving Bandenmaat Bandenspanning voorwielen Bandenspanning achterwielen Voorkant beladen Achterkant beladen 2.4 215 60 R16 95V 2.2 2.2 2.4 2.4 2.4 225 40 R19 93V XL 2.2 2.2 2.4 2.4 2.4 225 45 R18 [&hellip;]","og_url":"https:\/\/autobaak.nl\/de\/reifendruck-hyundai-sonata\/","og_site_name":"Autobaak.nl","twitter_card":"summary_large_image","schema":{"@context":"https:\/\/schema.org","@graph":[{"@type":"WebPage","@id":"https:\/\/autobaak.nl\/bandenspanning-hyundai-sonata\/","url":"https:\/\/autobaak.nl\/bandenspanning-hyundai-sonata\/","name":"Reifendruck Hyundai Sonata - Autobaak.de","isPartOf":{"@id":"https:\/\/autobaak.nl\/#website"},"datePublished":"2022-06-22T08:21:06+00:00","breadcrumb":{"@id":"https:\/\/autobaak.nl\/bandenspanning-hyundai-sonata\/#breadcrumb"},"inLanguage":"de","potentialAction":[{"@type":"ReadAction","target":["https:\/\/autobaak.nl\/bandenspanning-hyundai-sonata\/"]}]},{"@type":"BreadcrumbList","@id":"https:\/\/autobaak.nl\/bandenspanning-hyundai-sonata\/#breadcrumb","itemListElement":[{"@type":"ListItem","position":1,"name":"Home","item":"https:\/\/autobaak.nl\/"},{"@type":"ListItem","position":2,"name":"Bandenspanning Hyundai Sonata"}]},{"@type":"WebSite","@id":"https:\/\/autobaak.nl\/#website","url":"https:\/\/autobaak.nl\/","name":"Autobook.de","description":"Autos &amp; Rennsport","potentialAction":[{"@type":"SearchAction","target":{"@type":"EntryPoint","urlTemplate":"https:\/\/autobaak.nl\/?s={search_term_string}"},"query-input":{"@type":"PropertyValueSpecification","valueRequired":true,"valueName":"search_term_string"}}],"inLanguage":"de"}]}},"_links":{"self":[{"href":"https:\/\/autobaak.nl\/de\/wp-json\/wp\/v2\/pages\/153142","targetHints":{"allow":["GET"]}}],"collection":[{"href":"https:\/\/autobaak.nl\/de\/wp-json\/wp\/v2\/pages"}],"about":[{"href":"https:\/\/autobaak.nl\/de\/wp-json\/wp\/v2\/types\/page"}],"author":[{"embeddable":true,"href":"https:\/\/autobaak.nl\/de\/wp-json\/wp\/v2\/users\/1"}],"replies":[{"embeddable":true,"href":"https:\/\/autobaak.nl\/de\/wp-json\/wp\/v2\/comments?post=153142"}],"version-history":[{"count":0,"href":"https:\/\/autobaak.nl\/de\/wp-json\/wp\/v2\/pages\/153142\/revisions"}],"wp:attachment":[{"href":"https:\/\/autobaak.nl\/de\/wp-json\/wp\/v2\/media?parent=153142"}],"curies":[{"name":"wp","href":"https:\/\/api.w.org\/{rel}","templated":true}]}}