{"id":153156,"date":"2022-06-22T10:24:55","date_gmt":"2022-06-22T08:24:55","guid":{"rendered":"https:\/\/autobaak.nl\/?page_id=153156"},"modified":"2022-06-22T10:24:55","modified_gmt":"2022-06-22T08:24:55","slug":"reifendruck-hyundai-genesis","status":"publish","type":"page","link":"https:\/\/autobaak.nl\/de\/reifendruck-hyundai-genesis\/","title":{"rendered":"Reifendruck Hyundai Genesis"},"content":{"rendered":"<p>Was ist der richtige Reifendruck f\u00fcr den Hyundai Genesis? Nachfolgend finden Sie eine \u00dcbersicht \u00fcber den korrekten Reifendruck f\u00fcr Hyundai Genesis-Modelle:<\/p>\n<h2>Richtiger Reifendruck Hyundai Genesis<\/h2>\n<table class=\"table table-striped table-bordered table-hover table-responsive\">\n<thead class=\"thead-dark\">\n<tr>\n<th>Antrieb<\/th>\n<th>Gr\u00f6\u00dfe des Reifens<\/th>\n<th>Reifendruck Vorderr\u00e4der<\/th>\n<th>Reifendruck am Hinterrad<\/th>\n<th>Frontlader<\/th>\n<th>Laden Sie die R\u00fcckseite<\/th>\n<\/tr>\n<\/thead>\n<tbody>\n<tr>\n<td data-title=\"Aandrijving\"><strong>2.0 T<\/strong><\/td>\n<td data-title=\"Bandenmaat\">225 40 R19 89Y VA<\/td>\n<td data-title=\"Bandenspanning voorwielen\"><\/td>\n<td data-title=\"Bandenspanning achterwielen\">2.4<\/td>\n<td data-title=\"Voorkant beladen\"><\/td>\n<td data-title=\"Achterkant beladen\">2.4<\/td>\n<\/tr>\n<tr>\n<td data-title=\"Aandrijving\"><strong>2.0 T<\/strong><\/td>\n<td data-title=\"Bandenmaat\">225 45 R18 91W VA<\/td>\n<td data-title=\"Bandenspanning voorwielen\"><\/td>\n<td data-title=\"Bandenspanning achterwielen\">2.4<\/td>\n<td data-title=\"Voorkant beladen\"><\/td>\n<td data-title=\"Achterkant beladen\">2.4<\/td>\n<\/tr>\n<tr>\n<td data-title=\"Aandrijving\"><strong>2.0 T<\/strong><\/td>\n<td data-title=\"Bandenmaat\">245 40 R19 94Y HA<\/td>\n<td data-title=\"Bandenspanning voorwielen\">2.4<\/td>\n<td data-title=\"Bandenspanning achterwielen\"><\/td>\n<td data-title=\"Voorkant beladen\">2.4<\/td>\n<td data-title=\"Achterkant beladen\"><\/td>\n<\/tr>\n<tr>\n<td data-title=\"Aandrijving\"><strong>2.0 T<\/strong><\/td>\n<td data-title=\"Bandenmaat\">245 45 R18 96W HA<\/td>\n<td data-title=\"Bandenspanning voorwielen\">2.4<\/td>\n<td data-title=\"Bandenspanning achterwielen\"><\/td>\n<td data-title=\"Voorkant beladen\">2.4<\/td>\n<td data-title=\"Achterkant beladen\"><\/td>\n<\/tr>\n<tr>\n<td data-title=\"Aandrijving\"><strong>3.8 V6<\/strong><\/td>\n<td data-title=\"Bandenmaat\">225 40 R19 89Y VA<\/td>\n<td data-title=\"Bandenspanning voorwielen\"><\/td>\n<td data-title=\"Bandenspanning achterwielen\">2.4<\/td>\n<td data-title=\"Voorkant beladen\"><\/td>\n<td data-title=\"Achterkant beladen\">2.4<\/td>\n<\/tr>\n<tr>\n<td data-title=\"Aandrijving\"><strong>3.8 V6<\/strong><\/td>\n<td data-title=\"Bandenmaat\">225 45 R18 91W VA<\/td>\n<td data-title=\"Bandenspanning voorwielen\"><\/td>\n<td data-title=\"Bandenspanning achterwielen\">2.4<\/td>\n<td data-title=\"Voorkant beladen\"><\/td>\n<td data-title=\"Achterkant beladen\">2.4<\/td>\n<\/tr>\n<tr>\n<td data-title=\"Aandrijving\"><strong>3.8 V6<\/strong><\/td>\n<td data-title=\"Bandenmaat\">245 40 R19 94Y HA<\/td>\n<td data-title=\"Bandenspanning voorwielen\">2.4<\/td>\n<td data-title=\"Bandenspanning achterwielen\"><\/td>\n<td data-title=\"Voorkant beladen\">2.4<\/td>\n<td data-title=\"Achterkant beladen\"><\/td>\n<\/tr>\n<tr>\n<td data-title=\"Aandrijving\"><strong>3.8 V6<\/strong><\/td>\n<td data-title=\"Bandenmaat\">245 40 R19 98Y VA XL<\/td>\n<td data-title=\"Bandenspanning voorwielen\"><\/td>\n<td data-title=\"Bandenspanning achterwielen\">2.7<\/td>\n<td data-title=\"Voorkant beladen\"><\/td>\n<td data-title=\"Achterkant beladen\">2.7<\/td>\n<\/tr>\n<tr>\n<td data-title=\"Aandrijving\"><strong>3.8 V6<\/strong><\/td>\n<td data-title=\"Bandenmaat\">245 45 R18 96W HA<\/td>\n<td data-title=\"Bandenspanning voorwielen\">2.4<\/td>\n<td data-title=\"Bandenspanning achterwielen\"><\/td>\n<td data-title=\"Voorkant beladen\">2.4<\/td>\n<td data-title=\"Achterkant beladen\"><\/td>\n<\/tr>\n<tr>\n<td data-title=\"Aandrijving\"><strong>3.8 V6<\/strong><\/td>\n<td data-title=\"Bandenmaat\">275 35 R19 100Y HA XL<\/td>\n<td data-title=\"Bandenspanning voorwielen\">2.7<\/td>\n<td data-title=\"Bandenspanning achterwielen\"><\/td>\n<td data-title=\"Voorkant beladen\">2.7<\/td>\n<td data-title=\"Achterkant beladen\"><\/td>\n<\/tr>\n<\/tbody>\n<\/table>","protected":false},"excerpt":{"rendered":"<p>Was ist der richtige Reifendruck f\u00fcr den Hyundai Genesis? Nachfolgend finden Sie eine \u00dcbersicht \u00fcber den korrekten Reifendruck f\u00fcr Hyundai Genesis Modelle: Korrekter Reifendruck Hyundai Genesis Drive Reifengr\u00f6\u00dfe Reifendruck Vorderr\u00e4der Reifendruck Hinterr\u00e4der Vorderachse Hinterachse 2.0 T 225 40 R19 89Y VA 2.4 2.4 2.0 T 225 45 R18 91W VA 2.4 2.4 2.0 T 245 40 R19 [...]<\/p>","protected":false},"author":1,"featured_media":0,"parent":0,"menu_order":0,"comment_status":"closed","ping_status":"closed","template":"","meta":{"_et_pb_use_builder":"","_et_pb_old_content":"","_et_gb_content_width":"","footnotes":""},"class_list":["post-153156","page","type-page","status-publish","hentry"],"yoast_head":"<!-- This site is optimized with the Yoast SEO plugin v27.3 - https:\/\/yoast.com\/product\/yoast-seo-wordpress\/ -->\n<title>Bandenspanning Hyundai Genesis - Autobaak.nl<\/title>\n<meta name=\"robots\" content=\"index, follow, max-snippet:-1, max-image-preview:large, max-video-preview:-1\" \/>\n<link rel=\"canonical\" href=\"https:\/\/autobaak.nl\/de\/reifendruck-hyundai-genesis\/\" \/>\n<meta property=\"og:locale\" content=\"de_DE\" \/>\n<meta property=\"og:type\" content=\"article\" \/>\n<meta property=\"og:title\" content=\"Bandenspanning Hyundai Genesis - Autobaak.nl\" \/>\n<meta property=\"og:description\" content=\"Welke bandenspanning heeft de Hyundai Genesis? Hieronder een overzicht van de juiste bandenspanning voor de Hyundai Genesis modellen: Juiste bandenspanning Hyundai Genesis Aandrijving Bandenmaat Bandenspanning voorwielen Bandenspanning achterwielen Voorkant beladen Achterkant beladen 2.0 T 225 40 R19 89Y VA 2.4 2.4 2.0 T 225 45 R18 91W VA 2.4 2.4 2.0 T 245 40 R19 [&hellip;]\" \/>\n<meta property=\"og:url\" content=\"https:\/\/autobaak.nl\/de\/reifendruck-hyundai-genesis\/\" \/>\n<meta property=\"og:site_name\" content=\"Autobaak.nl\" \/>\n<meta name=\"twitter:card\" content=\"summary_large_image\" \/>\n<script type=\"application\/ld+json\" class=\"yoast-schema-graph\">{\"@context\":\"https:\\\/\\\/schema.org\",\"@graph\":[{\"@type\":\"WebPage\",\"@id\":\"https:\\\/\\\/autobaak.nl\\\/bandenspanning-hyundai-genesis\\\/\",\"url\":\"https:\\\/\\\/autobaak.nl\\\/bandenspanning-hyundai-genesis\\\/\",\"name\":\"Bandenspanning Hyundai Genesis - Autobaak.nl\",\"isPartOf\":{\"@id\":\"https:\\\/\\\/autobaak.nl\\\/#website\"},\"datePublished\":\"2022-06-22T08:24:55+00:00\",\"breadcrumb\":{\"@id\":\"https:\\\/\\\/autobaak.nl\\\/bandenspanning-hyundai-genesis\\\/#breadcrumb\"},\"inLanguage\":\"de\",\"potentialAction\":[{\"@type\":\"ReadAction\",\"target\":[\"https:\\\/\\\/autobaak.nl\\\/bandenspanning-hyundai-genesis\\\/\"]}]},{\"@type\":\"BreadcrumbList\",\"@id\":\"https:\\\/\\\/autobaak.nl\\\/bandenspanning-hyundai-genesis\\\/#breadcrumb\",\"itemListElement\":[{\"@type\":\"ListItem\",\"position\":1,\"name\":\"Home\",\"item\":\"https:\\\/\\\/autobaak.nl\\\/\"},{\"@type\":\"ListItem\",\"position\":2,\"name\":\"Bandenspanning Hyundai Genesis\"}]},{\"@type\":\"WebSite\",\"@id\":\"https:\\\/\\\/autobaak.nl\\\/#website\",\"url\":\"https:\\\/\\\/autobaak.nl\\\/\",\"name\":\"Autobaak.nl\",\"description\":\"Cars &amp; Racing\",\"potentialAction\":[{\"@type\":\"SearchAction\",\"target\":{\"@type\":\"EntryPoint\",\"urlTemplate\":\"https:\\\/\\\/autobaak.nl\\\/?s={search_term_string}\"},\"query-input\":{\"@type\":\"PropertyValueSpecification\",\"valueRequired\":true,\"valueName\":\"search_term_string\"}}],\"inLanguage\":\"de\"}]}<\/script>\n<!-- \/ Yoast SEO plugin. -->","yoast_head_json":{"title":"Reifendruck Hyundai Genesis - Autobaak.de","robots":{"index":"index","follow":"follow","max-snippet":"max-snippet:-1","max-image-preview":"max-image-preview:large","max-video-preview":"max-video-preview:-1"},"canonical":"https:\/\/autobaak.nl\/de\/reifendruck-hyundai-genesis\/","og_locale":"de_DE","og_type":"article","og_title":"Bandenspanning Hyundai Genesis - Autobaak.nl","og_description":"Welke bandenspanning heeft de Hyundai Genesis? Hieronder een overzicht van de juiste bandenspanning voor de Hyundai Genesis modellen: Juiste bandenspanning Hyundai Genesis Aandrijving Bandenmaat Bandenspanning voorwielen Bandenspanning achterwielen Voorkant beladen Achterkant beladen 2.0 T 225 40 R19 89Y VA 2.4 2.4 2.0 T 225 45 R18 91W VA 2.4 2.4 2.0 T 245 40 R19 [&hellip;]","og_url":"https:\/\/autobaak.nl\/de\/reifendruck-hyundai-genesis\/","og_site_name":"Autobaak.nl","twitter_card":"summary_large_image","schema":{"@context":"https:\/\/schema.org","@graph":[{"@type":"WebPage","@id":"https:\/\/autobaak.nl\/bandenspanning-hyundai-genesis\/","url":"https:\/\/autobaak.nl\/bandenspanning-hyundai-genesis\/","name":"Reifendruck Hyundai Genesis - Autobaak.de","isPartOf":{"@id":"https:\/\/autobaak.nl\/#website"},"datePublished":"2022-06-22T08:24:55+00:00","breadcrumb":{"@id":"https:\/\/autobaak.nl\/bandenspanning-hyundai-genesis\/#breadcrumb"},"inLanguage":"de","potentialAction":[{"@type":"ReadAction","target":["https:\/\/autobaak.nl\/bandenspanning-hyundai-genesis\/"]}]},{"@type":"BreadcrumbList","@id":"https:\/\/autobaak.nl\/bandenspanning-hyundai-genesis\/#breadcrumb","itemListElement":[{"@type":"ListItem","position":1,"name":"Home","item":"https:\/\/autobaak.nl\/"},{"@type":"ListItem","position":2,"name":"Bandenspanning Hyundai Genesis"}]},{"@type":"WebSite","@id":"https:\/\/autobaak.nl\/#website","url":"https:\/\/autobaak.nl\/","name":"Autobook.de","description":"Autos &amp; Rennsport","potentialAction":[{"@type":"SearchAction","target":{"@type":"EntryPoint","urlTemplate":"https:\/\/autobaak.nl\/?s={search_term_string}"},"query-input":{"@type":"PropertyValueSpecification","valueRequired":true,"valueName":"search_term_string"}}],"inLanguage":"de"}]}},"_links":{"self":[{"href":"https:\/\/autobaak.nl\/de\/wp-json\/wp\/v2\/pages\/153156","targetHints":{"allow":["GET"]}}],"collection":[{"href":"https:\/\/autobaak.nl\/de\/wp-json\/wp\/v2\/pages"}],"about":[{"href":"https:\/\/autobaak.nl\/de\/wp-json\/wp\/v2\/types\/page"}],"author":[{"embeddable":true,"href":"https:\/\/autobaak.nl\/de\/wp-json\/wp\/v2\/users\/1"}],"replies":[{"embeddable":true,"href":"https:\/\/autobaak.nl\/de\/wp-json\/wp\/v2\/comments?post=153156"}],"version-history":[{"count":0,"href":"https:\/\/autobaak.nl\/de\/wp-json\/wp\/v2\/pages\/153156\/revisions"}],"wp:attachment":[{"href":"https:\/\/autobaak.nl\/de\/wp-json\/wp\/v2\/media?parent=153156"}],"curies":[{"name":"wp","href":"https:\/\/api.w.org\/{rel}","templated":true}]}}