{"id":153173,"date":"2022-06-22T10:56:06","date_gmt":"2022-06-22T08:56:06","guid":{"rendered":"https:\/\/autobaak.nl\/?page_id=153173"},"modified":"2023-02-08T14:07:25","modified_gmt":"2023-02-08T13:07:25","slug":"honda-home","status":"publish","type":"page","link":"https:\/\/autobaak.nl\/de\/honda-home\/","title":{"rendered":"Honda Startseite"},"content":{"rendered":"<p>[et_pb_section fb_built=\"1\u2033 inner_shadow=\"on\" fullwidth=\"on\" _builder_version=\"4.18.0\u2033 background_image=\"https:\/\/autobaak.nl\/wp-content\/uploads\/2022\/08\/pexels-jesse-zheng-1213295.jpg\" global_colors_info=\"{}\"][et_pb_fullwidth_header title=\"Skoda Home\" subhead=\"N\u00fctzliche Informationen \u00fcber Skoda\" text_orientation=\"centre\" _builder_version=\"4.18.0\u2033 content_font_size=\"15px\" background_color=\"rgba(255, 255, 255, 0)\" background_image=\"https:\/\/autobaak.nl\/wp-content\/uploads\/2022\/09\/skoda.jpg\" text_shadow_style=\"preset5\u2033 text_shadow_color=\"rgba(0,0,0,0.52)\" global_colors_info=\"{}\" button_one_text_size__hover_enabled=\"off\" button_one_text_size__hover=\"null\" button_two_text_size__hover_enabled=\"off\" button_two_text_size__hover=\"null\" button_one_text_color__hover_enabled=\"off\" button_one_text_color__hover=\"null\" button_two_text_color__hover_enabled=\"off\" button_two_text_color__hover=\"null\" button_one_border_width__hover_enabled=\"off\" button_one_border_width__hover=\"null\" button_two_border_width__hover_enabled=\"off\" button_two_border_width__hover=\"null\" button_one_border_color__hover_enabled=\"off\" button_one_border_color__hover=\"null\" button_two_border_color__hover_enabled=\"off\" button_two_border_color__hover=\"null\" button_one_border_radius__hover_enabled=\"off\" button_one_border_radius__hover=\"null\" button_two_border_radius__hover_enabled=\"off\" button_two_border_radius__hover=\"null\" button_one_letter_spacing__hover_enabled=\"off\" button_one_letter_spacing__hover=\"null\" button_two_letter_spacing__hover_enabled=\"off\" button_two_letter_spacing__hover=\"null\" button_one_bg_color__hover_enabled=\"off\" button_one_bg_color__hover=\"null\" button_two_bg_color__hover_enabled=\"off\" button_two_bg_color__hover=\"null\"][\/et_pb_fullwidth_header][\/et_pb_section][et_pb_section fb_built=\"1\u2033 _builder_version=\"4.16\u2033 custom_padding=\"2px|0px|3px|0px\" global_colors_info=\"{}\"][et_pb_row _builder_version=\"4.16\u2033 background_size=\"initial\" background_position=\"top_left\" background_repeat=\"repeat\" custom_padding=\"26.3594px|0px|2px|0px\" global_colors_info=\"{}\"][et_pb_column type=\"4_4\u2033 _builder_version=\"4.16\u2033 custom_padding=\"|||\" global_colors_info=\"{}\" custom_padding__hover=\"|||\"][et_pb_text _builder_version=\"4.16\u2033 global_colors_info=\"{}\"]<\/p>\n<h2>Honda Geschichte<\/h2>\n<p>Der gr\u00f6\u00dfte Motorradhersteller der Welt ist - Honda. Dieses japanische Konglomerat ist ein transnationales Unternehmen. Obwohl das Unternehmen auch Flugzeuge, Motorr\u00e4der und Elektrowerkzeuge herstellt, ist es vor allem als Automobilhersteller bekannt. Gemessen am Produktionsvolumen ist es auch der gr\u00f6\u00dfte Hersteller von Verbrennungsmotoren. Seit 2001 ist es der achtgr\u00f6\u00dfte Automobilhersteller der Welt, nach General Motors, der Volkswagen-Gruppe, Toyota, der Hyundai Motor Group, Ford, Nissan und PSA Peugeot Citron (2011). Acura, Japans erste Premiummarke, wurde 1986 ebenfalls von ihr entwickelt.\u00a0<\/p>\n<h3>Welche Honda-Modelle gibt es<\/h3>\n<p>Mehrere Fahrzeuge der Honda-Produktpalette k\u00f6nnen als ikonisch bezeichnet werden: Civic, Jazz, HR-V, CR-V und NSX, um nur einige zu nennen. Der elektrische Honda e wurde Anfang 2020 hinzugef\u00fcgt. Als beliebtester Honda verdient der Civic besondere Aufmerksamkeit. Tats\u00e4chlich ist es eine der am l\u00e4ngsten laufenden japanischen Produktionen in der Geschichte der USA. Nur sein Erzfeind, der Toyota Corolla, der 1968 eingef\u00fchrt wurde, war ihm voraus. Der Civic, der Prelude und der Accord werden bis in die 1990er Jahre mit den Exportoptionen des Herstellers ausgestattet sein. So gibt es zahlreiche Generationen und \u00dcberarbeitungen des Civic. So wird sie nach und nach gr\u00f6\u00dfer und \u00fcppiger. In der Gegenwart ist das Modell zwischen dem Fit und dem Accord angesiedelt.\u00a0<\/p>\n<p>[\/et_pb_text][\/et_pb_column][\/et_pb_row][et_pb_row _builder_version=\"4.16\u2033 background_size=\"initial\" background_position=\"top_left\" background_repeat=\"repeat\" custom_padding=\"26.3594px|0px|2px|0px\" global_colors_info=\"{}\"][et_pb_column type=\"4_4\u2033 _builder_version=\"4.16\u2033 custom_padding=\"|||\" global_colors_info=\"{}\" custom_padding__hover=\"|||\"][et_pb_text _builder_version=\"4.17.4\u2033 background_color=\"rgba(12,113,195,0.18)\" custom_margin=\"0px|||\" custom_padding=\"10px|20px|10px|20px\" global_colors_info=\"{}\"]<\/p>\n<h2 style=\"text-align: center;\">Datenbank Honda<\/h2>\n<p style=\"text-align: center;\">Die folgenden \u00dcbersichten zeigen Wartungsintervalle, ben\u00f6tigtes Motor\u00f6l und Tipps zu den neuesten Honda-Modellen. Die Intervalle und Richtlinien sind nur ein Anhaltspunkt, es k\u00f6nnen Umst\u00e4nde eintreten, die eine Werkstatt veranlassen, eine andere Empfehlung auszusprechen.<\/p>\n<p>[\/et_pb_text][\/et_pb_column][\/et_pb_row][\/et_pb_section][et_pb_section fb_built=\"1\u2033 _builder_version=\"4.16\u2033 custom_padding=\"1px|0px|52.7188px|0px\" global_colors_info=\"{}\"][et_pb_row _builder_version=\"4.16\u2033 background_size=\"initial\" background_position=\"top_left\" background_repeat=\"repeat\" global_colors_info=\"{}\"][et_pb_column type=\"4_4\u2033 _builder_version=\"4.16\u2033 custom_padding=\"|||\" global_colors_info=\"{}\" custom_padding__hover=\"|||\"][et_pb_text _builder_version=\"4.19.4\u2033 hover_enabled=\"0\u2033 global_colors_info=\"{}\" sticky_enabled=\"0\u2033]<\/p>\n<h2>Honda Steuerkette oder Riemen?<\/h2>\n<p>Besitzen Sie einen Honda und fragen sich, ob er einen Zahnriemen oder eine Steuerkette hat? Es gibt Honda-Modelle mit Zahnriemen, aber vor allem die neueren Modelle sind oft mit einer Kette ausgestattet. Auf der folgenden Seite finden Sie weitere Informationen zu Zahnriemen und Kette bei Honda-Modellen:<\/p>\n<blockquote class=\"wp-embedded-content\" data-secret=\"a0vLMWg29O\"><p><a href=\"https:\/\/autobaak.nl\/de\/hat-meine-honda-einen-zahnriemen-oder-eine-kette\/\">Hat meine Honda einen Zahnriemen oder eine Kette?<\/a><\/p><\/blockquote>\n<p><iframe loading=\"lazy\" class=\"wp-embedded-content\" sandbox=\"allow-scripts\" security=\"restricted\" style=\"position: absolute; clip: rect(1px, 1px, 1px, 1px);\" title=\"&quot;Hat mein Honda einen Zahnriemen oder eine Kette?&quot; - Autobook alles f\u00fcr und \u00fcber Autos\" src=\"https:\/\/autobaak.nl\/heeft-mijn-honda-een-distributieriem-of-ketting\/embed\/#?secret=2XDw4lKt6v#?secret=a0vLMWg29O\" data-secret=\"a0vLMWg29O\" width=\"600\" height=\"338\" frameborder=\"0\" marginwidth=\"0\" marginheight=\"0\" scrolling=\"no\"><\/iframe><\/p>\n<h3>Lampen f\u00fcr Honda<\/h3>\n<p>Sie m\u00f6chten die Gl\u00fchbirnen in Ihrem Honda ersetzen, wissen aber nicht, welche Art von Autogl\u00fchbirne Sie ben\u00f6tigen? Auf dieser <a href=\"https:\/\/autobaak.nl\/de\/autogluhbirnen-honda-ubersicht\/\">Autogl\u00fchbirnen Honda<\/a> Seite haben wir eine Liste mit allen Lampen zusammengestellt.<\/p>\n<blockquote class=\"wp-embedded-content\" data-secret=\"Shq1dtBZns\"><p><a href=\"https:\/\/autobaak.nl\/de\/autogluhbirnen-honda-ubersicht\/\">Autolampen Honda \u00dcbersicht<\/a><\/p><\/blockquote>\n<p><iframe loading=\"lazy\" class=\"wp-embedded-content\" sandbox=\"allow-scripts\" security=\"restricted\" style=\"position: absolute; clip: rect(1px, 1px, 1px, 1px);\" title=\"&quot;Autolampen Honda \u00dcbersicht&quot; - Autobook alles f\u00fcr und \u00fcber Autos\" src=\"https:\/\/autobaak.nl\/autolampen-honda-overzicht\/embed\/#?secret=HF6jTYT2s7#?secret=Shq1dtBZns\" data-secret=\"Shq1dtBZns\" width=\"600\" height=\"338\" frameborder=\"0\" marginwidth=\"0\" marginheight=\"0\" scrolling=\"no\"><\/iframe><\/p>\n<h3>Reifendruck Honda<\/h3>\n<p>Der Reifendruck Ihres Honda sollte monatlich \u00fcberpr\u00fcft werden, damit Sie eine optimale Leistung genie\u00dfen k\u00f6nnen. Au\u00dferdem kann ein falscher Reifendruck zu einem hohen Kraftstoffverbrauch f\u00fchren und die Reifen k\u00f6nnen schneller oder unregelm\u00e4\u00dfig verschlei\u00dfen. Auf den folgenden Seiten finden Sie eine \u00dcbersicht der Reifendr\u00fccke f\u00fcr Ihren Honda:<\/p>\n<ul>\n<li><a href=\"https:\/\/autobaak.nl\/de\/reifendruck-honda-accord\/\">Honda Accord<\/a><\/li>\n<li><a href=\"https:\/\/autobaak.nl\/de\/reifendruck-honda-cr-z\/\">Honda CRZ<\/a><\/li>\n<li><a href=\"https:\/\/autobaak.nl\/de\/reifendruck-honda-tourer\/\">Honda Tourer<\/a><\/li>\n<li><a href=\"https:\/\/autobaak.nl\/de\/reifendruck-honda-civic\/\">Honda Civic<\/a><\/li>\n<li><a href=\"https:\/\/autobaak.nl\/de\/reifendruck-honda-civic-coupe\/\">Honda Civic Coup\u00e9<\/a><\/li>\n<li><a href=\"https:\/\/autobaak.nl\/de\/reifendruck-honda-hr-v\/\">Honda HRV<\/a><\/li>\n<li><a href=\"https:\/\/autobaak.nl\/de\/reifendruck-honda-accord-coupe\/\">Honda Accord Coup\u00e9<\/a><\/li>\n<li><a href=\"https:\/\/autobaak.nl\/de\/reifendruck-honda-cr-v\/\">Honda CRV<\/a><\/li>\n<li><a href=\"https:\/\/autobaak.nl\/de\/reifendruck-honda-fr-v\/\">Honda FRV<\/a><\/li>\n<li><a href=\"https:\/\/autobaak.nl\/de\/reifendruck-honda-jazz\/\">Honda Jazz<\/a><\/li>\n<li><a href=\"https:\/\/autobaak.nl\/de\/reifendruck-honda-nsx-coupe\/\">Honda NSX Coup\u00e9<\/a><\/li>\n<\/ul>\n<p>&nbsp;<\/p>\n<p>[\/et_pb_text][\/et_pb_column][\/et_pb_row][et_pb_row column_structure=\"1_2,1_2\u2033 _builder_version=\"4.17.4\u2033 _module_preset=\"default\" global_colors_info=\"{}\"][et_pb_column type=\"1_2\u2033 _builder_version=\"4.17.4\u2033 _module_preset=\"default\" global_colors_info=\"{}\"][et_pb_text _builder_version=\"4.17.4\u2033 _module_preset=\"default\" global_colors_info=\"{}\"]<\/p>\n<h3>Welches Motor\u00f6l f\u00fcr Kia<\/h3>\n<p>Der rechtzeitige Wechsel des Motor\u00f6ls ist entscheidend f\u00fcr den Zustand Ihres Motors. Es ist auch wichtig zu wissen, welches Motor\u00f6l Sie ben\u00f6tigen. Im Allgemeinen wird im Wartungsheft immer das richtige Motor\u00f6l angegeben. Sie m\u00f6chten wissen, welches Motor\u00f6l Sie in Ihren Kia einf\u00fcllen sollen? Dann nutzen Sie die praktische Suchfunktion von Kroon Oil:<\/p>\n<p>[\/et_pb_text][\/et_pb_column][et_pb_column type=\"1_2\u2033 _builder_version=\"4.17.4\u2033 _module_preset=\"default\" global_colors_info=\"{}\"][et_pb_text _builder_version=\"4.17.4\u2033 _module_preset=\"default\" global_colors_info=\"{}\"]<script type=\"text\/javascript\" src=\"\/\/kroon-oil.com\/adviesbanners\/v3\/bnr-js.php?lang=nl&amp;type=reg&amp;theme=light\"><\/script>[\/et_pb_text][\/et_pb_column][\/et_pb_row][\/et_pb_section].<\/p>","protected":false},"excerpt":{"rendered":"<p>Geschichte Honda Der gr\u00f6\u00dfte Motorradhersteller der Welt ist - Honda. Dieses japanische Konglomerat ist ein transnationales Unternehmen. Obwohl es auch Flugzeuge, Motorr\u00e4der und Elektrowerkzeuge herstellt, ist es vor allem als Automobilhersteller bekannt. Gemessen am Produktionsvolumen ist es auch der gr\u00f6\u00dfte Hersteller von Verbrennungsmotoren. Es ist der achtgr\u00f6\u00dfte Automobilhersteller [...]<\/p>","protected":false},"author":1,"featured_media":0,"parent":0,"menu_order":0,"comment_status":"closed","ping_status":"closed","template":"","meta":{"_et_pb_use_builder":"on","_et_pb_old_content":"","_et_gb_content_width":"","footnotes":""},"class_list":["post-153173","page","type-page","status-publish","hentry"],"yoast_head":"<!-- This site is optimized with the Yoast SEO plugin v27.6 - https:\/\/yoast.com\/product\/yoast-seo-wordpress\/ -->\n<title>Honda Home - Autobaak.nl<\/title>\n<meta name=\"robots\" content=\"index, follow, max-snippet:-1, max-image-preview:large, max-video-preview:-1\" \/>\n<link rel=\"canonical\" href=\"https:\/\/autobaak.nl\/de\/honda-home\/\" \/>\n<meta property=\"og:locale\" content=\"de_DE\" \/>\n<meta property=\"og:type\" content=\"article\" \/>\n<meta property=\"og:title\" content=\"Honda Home - Autobaak.nl\" \/>\n<meta property=\"og:description\" content=\"Geschiedenis Honda De grootste motorfabrikant ter wereld is - Honda. Dit Japanse conglomeraat is een transnationale onderneming. Hoewel het bedrijf ook vliegtuigen, motorfietsen en elektrisch gereedschap produceert, wordt het het meest erkend als autofabrikant. Het is ook de grootste fabrikant van motoren met interne ontsteking in termen van productievolume. Het is de achtste grootste autofabrikant [&hellip;]\" \/>\n<meta property=\"og:url\" content=\"https:\/\/autobaak.nl\/de\/honda-home\/\" \/>\n<meta property=\"og:site_name\" content=\"Autobaak.nl\" \/>\n<meta property=\"article:modified_time\" content=\"2023-02-08T13:07:25+00:00\" \/>\n<meta name=\"twitter:card\" content=\"summary_large_image\" \/>\n<meta name=\"twitter:label1\" content=\"Gesch\u00e4tzte Lesezeit\" \/>\n\t<meta name=\"twitter:data1\" content=\"3\u00a0Minuten\" \/>\n<script type=\"application\/ld+json\" class=\"yoast-schema-graph\">{\"@context\":\"https:\\\/\\\/schema.org\",\"@graph\":[{\"@type\":\"WebPage\",\"@id\":\"https:\\\/\\\/autobaak.nl\\\/honda-home\\\/\",\"url\":\"https:\\\/\\\/autobaak.nl\\\/honda-home\\\/\",\"name\":\"Honda Home - Autobaak.nl\",\"isPartOf\":{\"@id\":\"https:\\\/\\\/autobaak.nl\\\/#website\"},\"datePublished\":\"2022-06-22T08:56:06+00:00\",\"dateModified\":\"2023-02-08T13:07:25+00:00\",\"breadcrumb\":{\"@id\":\"https:\\\/\\\/autobaak.nl\\\/honda-home\\\/#breadcrumb\"},\"inLanguage\":\"de\",\"potentialAction\":[{\"@type\":\"ReadAction\",\"target\":[\"https:\\\/\\\/autobaak.nl\\\/honda-home\\\/\"]}]},{\"@type\":\"BreadcrumbList\",\"@id\":\"https:\\\/\\\/autobaak.nl\\\/honda-home\\\/#breadcrumb\",\"itemListElement\":[{\"@type\":\"ListItem\",\"position\":1,\"name\":\"Home\",\"item\":\"https:\\\/\\\/autobaak.nl\\\/\"},{\"@type\":\"ListItem\",\"position\":2,\"name\":\"Honda Home\"}]},{\"@type\":\"WebSite\",\"@id\":\"https:\\\/\\\/autobaak.nl\\\/#website\",\"url\":\"https:\\\/\\\/autobaak.nl\\\/\",\"name\":\"Autobaak.nl\",\"description\":\"Cars &amp; Racing\",\"potentialAction\":[{\"@type\":\"SearchAction\",\"target\":{\"@type\":\"EntryPoint\",\"urlTemplate\":\"https:\\\/\\\/autobaak.nl\\\/?s={search_term_string}\"},\"query-input\":{\"@type\":\"PropertyValueSpecification\",\"valueRequired\":true,\"valueName\":\"search_term_string\"}}],\"inLanguage\":\"de\"}]}<\/script>\n<!-- \/ Yoast SEO plugin. -->","yoast_head_json":{"title":"Honda Startseite - Autobaak.de","robots":{"index":"index","follow":"follow","max-snippet":"max-snippet:-1","max-image-preview":"max-image-preview:large","max-video-preview":"max-video-preview:-1"},"canonical":"https:\/\/autobaak.nl\/de\/honda-home\/","og_locale":"de_DE","og_type":"article","og_title":"Honda Home - Autobaak.nl","og_description":"Geschiedenis Honda De grootste motorfabrikant ter wereld is - Honda. Dit Japanse conglomeraat is een transnationale onderneming. Hoewel het bedrijf ook vliegtuigen, motorfietsen en elektrisch gereedschap produceert, wordt het het meest erkend als autofabrikant. Het is ook de grootste fabrikant van motoren met interne ontsteking in termen van productievolume. Het is de achtste grootste autofabrikant [&hellip;]","og_url":"https:\/\/autobaak.nl\/de\/honda-home\/","og_site_name":"Autobaak.nl","article_modified_time":"2023-02-08T13:07:25+00:00","twitter_card":"summary_large_image","twitter_misc":{"Gesch\u00e4tzte Lesezeit":"3\u00a0Minuten"},"schema":{"@context":"https:\/\/schema.org","@graph":[{"@type":"WebPage","@id":"https:\/\/autobaak.nl\/honda-home\/","url":"https:\/\/autobaak.nl\/honda-home\/","name":"Honda Startseite - Autobaak.de","isPartOf":{"@id":"https:\/\/autobaak.nl\/#website"},"datePublished":"2022-06-22T08:56:06+00:00","dateModified":"2023-02-08T13:07:25+00:00","breadcrumb":{"@id":"https:\/\/autobaak.nl\/honda-home\/#breadcrumb"},"inLanguage":"de","potentialAction":[{"@type":"ReadAction","target":["https:\/\/autobaak.nl\/honda-home\/"]}]},{"@type":"BreadcrumbList","@id":"https:\/\/autobaak.nl\/honda-home\/#breadcrumb","itemListElement":[{"@type":"ListItem","position":1,"name":"Home","item":"https:\/\/autobaak.nl\/"},{"@type":"ListItem","position":2,"name":"Honda Home"}]},{"@type":"WebSite","@id":"https:\/\/autobaak.nl\/#website","url":"https:\/\/autobaak.nl\/","name":"Autobook.de","description":"Autos &amp; Rennsport","potentialAction":[{"@type":"SearchAction","target":{"@type":"EntryPoint","urlTemplate":"https:\/\/autobaak.nl\/?s={search_term_string}"},"query-input":{"@type":"PropertyValueSpecification","valueRequired":true,"valueName":"search_term_string"}}],"inLanguage":"de"}]}},"_links":{"self":[{"href":"https:\/\/autobaak.nl\/de\/wp-json\/wp\/v2\/pages\/153173","targetHints":{"allow":["GET"]}}],"collection":[{"href":"https:\/\/autobaak.nl\/de\/wp-json\/wp\/v2\/pages"}],"about":[{"href":"https:\/\/autobaak.nl\/de\/wp-json\/wp\/v2\/types\/page"}],"author":[{"embeddable":true,"href":"https:\/\/autobaak.nl\/de\/wp-json\/wp\/v2\/users\/1"}],"replies":[{"embeddable":true,"href":"https:\/\/autobaak.nl\/de\/wp-json\/wp\/v2\/comments?post=153173"}],"version-history":[{"count":0,"href":"https:\/\/autobaak.nl\/de\/wp-json\/wp\/v2\/pages\/153173\/revisions"}],"wp:attachment":[{"href":"https:\/\/autobaak.nl\/de\/wp-json\/wp\/v2\/media?parent=153173"}],"curies":[{"name":"wp","href":"https:\/\/api.w.org\/{rel}","templated":true}]}}